{"id":10339,"date":"2021-01-28T13:51:52","date_gmt":"2021-01-28T13:51:52","guid":{"rendered":"https:\/\/vansichen.be\/?page_id=10339"},"modified":"2026-04-22T12:13:42","modified_gmt":"2026-04-22T12:13:42","slug":"lhd-teleskopgabeln","status":"publish","type":"page","link":"https:\/\/vansichen.be\/de\/linearsysteme\/lhd-teleskopgabeln\/","title":{"rendered":"LHD Teleskopgabeln"},"content":{"rendered":"<div class=\"wpb-content-wrapper\"><p>[vc_row][vc_column][vc_custom_heading text=&#8220;LHD TELESKOPGABELN&#8220; font_container=&#8220;tag:h1|font_size:53px|text_align:left|color:%23e6007e&#8220; google_fonts=&#8220;font_family:Source%20Sans%20Pro%3A200%2C200italic%2C300%2C300italic%2Cregular%2Citalic%2C600%2C600italic%2C700%2C700italic%2C900%2C900italic|font_style:900%20bold%20regular%3A900%3Anormal&#8220;][\/vc_column][\/vc_row][vc_row][vc_column width=&#8220;2\/3&#8243;][vc_column_text]LHD ist ein italienischer Hersteller einer sehr breiten Palette von Teleskopgabeln. Von der ausziehbaren Einfach- bis zur Dreifachgabel mit Tragf\u00e4higkeiten von 30\u00a0kg bis 6.000 kg. Diese Gabeln k\u00f6nnen mit einem Hubsystem kombiniert werden.<\/p>\n<p>F\u00fcr dieses weltweit t\u00e4tige Unternehmen aus der N\u00e4he von Turin sind wir der offizielle Vertriebsh\u00e4ndler f\u00fcr die Benelux-Staaten. <a href=\"https:\/\/vansichen.be\/de\/kontakt\/\">Kontaktieren Sie uns<\/a> f\u00fcr weitere Informationen.[\/vc_column_text][vc_custom_heading text=&#8220;PARTNER&#8220; font_container=&#8220;tag:h2|font_size:20px|text_align:left|color:%23e6007e&#8220; google_fonts=&#8220;font_family:Source%20Sans%20Pro%3A200%2C200italic%2C300%2C300italic%2Cregular%2Citalic%2C600%2C600italic%2C700%2C700italic%2C900%2C900italic|font_style:900%20bold%20regular%3A900%3Anormal&#8220;][vc_row_inner el_class=&#8220;partners&#8220;][vc_column_inner width=&#8220;1\/3&#8243;][vc_single_image image=&#8220;10489&#8243; img_size=&#8220;full&#8220; onclick=&#8220;custom_link&#8220; img_link_target=&#8220;_blank&#8220; link=&#8220;https:\/\/lhdforks.com\/&#8220;][\/vc_column_inner][vc_column_inner width=&#8220;1\/3&#8243;][\/vc_column_inner][vc_column_inner width=&#8220;1\/3&#8243;][\/vc_column_inner][\/vc_row_inner][\/vc_column][vc_column width=&#8220;1\/3&#8243;][vc_widget_sidebar sidebar_id=&#8220;top-area-1&#8243;][\/vc_column][\/vc_row][vc_row el_class=&#8220;links&#8220;][vc_column][vc_custom_heading text=&#8220;LINKS&#8220; font_container=&#8220;tag:h2|font_size:20px|text_align:left|color:%23e6007e&#8220; google_fonts=&#8220;font_family:Source%20Sans%20Pro%3A200%2C200italic%2C300%2C300italic%2Cregular%2Citalic%2C600%2C600italic%2C700%2C700italic%2C900%2C900italic|font_style:900%20bold%20regular%3A900%3Anormal&#8220;][vc_column_text css=&#8220;&#8220;]<a href=\"https:\/\/vansichen.be\/wp-content\/uploads\/2026\/04\/Catalogue-Standard-Product-LHD-2024.pdf\">Katalog LHD<\/a>[\/vc_column_text][\/vc_column][\/vc_row][vc_row][vc_column][vc_gallery type=&#8220;image_grid&#8220; images=&#8220;20425,20421,20413,20417,20409,10493,10497,10501,10505,10509,10513,10517,10521,10525,10529&#8243; img_size=&#8220;full&#8220; css=&#8220;&#8220; el_class=&#8220;hover-gallery&#8220;][\/vc_column][\/vc_row]<\/p>\n<\/div>","protected":false},"excerpt":{"rendered":"<p>[vc_row][vc_column][vc_custom_heading text=&#8220;LHD TELESKOPGABELN&#8220; font_container=&#8220;tag:h1|font_size:53px|text_align:left|color:%23e6007e&#8220; google_fonts=&#8220;font_family:Source%20Sans%20Pro%3A200%2C200italic%2C300%2C300italic%2Cregular%2Citalic%2C600%2C600italic%2C700%2C700italic%2C900%2C900italic|font_style:900%20bold%20regular%3A900%3Anormal&#8220;][\/vc_column][\/vc_row][vc_row][vc_column width=&#8220;2\/3&#8243;][vc_column_text]LHD ist ein italienischer Hersteller einer sehr breiten Palette von Teleskopgabeln. Von der ausziehbaren Einfach-<span class=\"excerpt-hellip\"> [\u2026]<\/span><\/p>\n","protected":false},"author":4,"featured_media":0,"parent":4495,"menu_order":0,"comment_status":"closed","ping_status":"closed","template":"","meta":{"inline_featured_image":false,"footnotes":""},"class_list":["post-10339","page","type-page","status-publish","hentry"],"yoast_head":"<!-- This site is optimized with the Yoast SEO plugin v26.8 - https:\/\/yoast.com\/product\/yoast-seo-wordpress\/ -->\n<title>LHD Teleskopgabeln - Entdecken Sie Vansichen Linear Technology<\/title>\n<meta name=\"description\" content=\"LHD ist ein Hersteller einer sehr breiten Palette von Teleskopgabeln. Weitere Informationen finden Sie auf unserer Website!\" \/>\n<meta name=\"robots\" content=\"index, follow, max-snippet:-1, max-image-preview:large, max-video-preview:-1\" \/>\n<link rel=\"canonical\" href=\"https:\/\/vansichen.be\/de\/linearsysteme\/lhd-teleskopgabeln\/\" \/>\n<meta property=\"og:locale\" content=\"de_DE\" \/>\n<meta property=\"og:type\" content=\"article\" \/>\n<meta property=\"og:title\" content=\"LHD Teleskopgabeln - Entdecken Sie Vansichen Linear Technology\" \/>\n<meta property=\"og:description\" content=\"LHD ist ein Hersteller einer sehr breiten Palette von Teleskopgabeln. Weitere Informationen finden Sie auf unserer Website!\" \/>\n<meta property=\"og:url\" content=\"https:\/\/vansichen.be\/de\/linearsysteme\/lhd-teleskopgabeln\/\" \/>\n<meta property=\"og:site_name\" content=\"Vansichen Linear Technology\" \/>\n<meta property=\"article:modified_time\" content=\"2026-04-22T12:13:42+00:00\" \/>\n<meta name=\"twitter:card\" content=\"summary_large_image\" \/>\n<meta name=\"twitter:label1\" content=\"Gesch\u00e4tzte Lesezeit\" \/>\n\t<meta name=\"twitter:data1\" content=\"4\u00a0Minuten\" \/>\n<script type=\"application\/ld+json\" class=\"yoast-schema-graph\">{\"@context\":\"https:\/\/schema.org\",\"@graph\":[{\"@type\":\"WebPage\",\"@id\":\"https:\/\/vansichen.be\/de\/linearsysteme\/lhd-teleskopgabeln\/\",\"url\":\"https:\/\/vansichen.be\/de\/linearsysteme\/lhd-teleskopgabeln\/\",\"name\":\"LHD Teleskopgabeln - Entdecken Sie Vansichen Linear Technology\",\"isPartOf\":{\"@id\":\"https:\/\/vansichen.be\/de\/#website\"},\"datePublished\":\"2021-01-28T13:51:52+00:00\",\"dateModified\":\"2026-04-22T12:13:42+00:00\",\"description\":\"LHD ist ein Hersteller einer sehr breiten Palette von Teleskopgabeln. Weitere Informationen finden Sie auf unserer Website!\",\"breadcrumb\":{\"@id\":\"https:\/\/vansichen.be\/de\/linearsysteme\/lhd-teleskopgabeln\/#breadcrumb\"},\"inLanguage\":\"de\",\"potentialAction\":[{\"@type\":\"ReadAction\",\"target\":[\"https:\/\/vansichen.be\/de\/linearsysteme\/lhd-teleskopgabeln\/\"]}]},{\"@type\":\"BreadcrumbList\",\"@id\":\"https:\/\/vansichen.be\/de\/linearsysteme\/lhd-teleskopgabeln\/#breadcrumb\",\"itemListElement\":[{\"@type\":\"ListItem\",\"position\":1,\"name\":\"Home\",\"item\":\"https:\/\/vansichen.be\/de\/\"},{\"@type\":\"ListItem\",\"position\":2,\"name\":\"Linearsysteme\",\"item\":\"https:\/\/vansichen.be\/de\/linearsysteme\/\"},{\"@type\":\"ListItem\",\"position\":3,\"name\":\"LHD Teleskopgabeln\"}]},{\"@type\":\"WebSite\",\"@id\":\"https:\/\/vansichen.be\/de\/#website\",\"url\":\"https:\/\/vansichen.be\/de\/\",\"name\":\"Vansichen Linear Technology\",\"description\":\"\",\"publisher\":{\"@id\":\"https:\/\/vansichen.be\/de\/#organization\"},\"potentialAction\":[{\"@type\":\"SearchAction\",\"target\":{\"@type\":\"EntryPoint\",\"urlTemplate\":\"https:\/\/vansichen.be\/de\/?s={search_term_string}\"},\"query-input\":{\"@type\":\"PropertyValueSpecification\",\"valueRequired\":true,\"valueName\":\"search_term_string\"}}],\"inLanguage\":\"de\"},{\"@type\":\"Organization\",\"@id\":\"https:\/\/vansichen.be\/de\/#organization\",\"name\":\"Vansichen Linear Technology\",\"url\":\"https:\/\/vansichen.be\/de\/\",\"logo\":{\"@type\":\"ImageObject\",\"inLanguage\":\"de\",\"@id\":\"https:\/\/vansichen.be\/de\/#\/schema\/logo\/image\/\",\"url\":\"https:\/\/vansichen.be\/wp-content\/uploads\/2020\/03\/Vansichen_home_2020_4.png\",\"contentUrl\":\"https:\/\/vansichen.be\/wp-content\/uploads\/2020\/03\/Vansichen_home_2020_4.png\",\"width\":260,\"height\":44,\"caption\":\"Vansichen Linear Technology\"},\"image\":{\"@id\":\"https:\/\/vansichen.be\/de\/#\/schema\/logo\/image\/\"}}]}<\/script>\n<!-- \/ Yoast SEO plugin. -->","yoast_head_json":{"title":"LHD Teleskopgabeln - Entdecken Sie Vansichen Linear Technology","description":"LHD ist ein Hersteller einer sehr breiten Palette von Teleskopgabeln. Weitere Informationen finden Sie auf unserer Website!","robots":{"index":"index","follow":"follow","max-snippet":"max-snippet:-1","max-image-preview":"max-image-preview:large","max-video-preview":"max-video-preview:-1"},"canonical":"https:\/\/vansichen.be\/de\/linearsysteme\/lhd-teleskopgabeln\/","og_locale":"de_DE","og_type":"article","og_title":"LHD Teleskopgabeln - Entdecken Sie Vansichen Linear Technology","og_description":"LHD ist ein Hersteller einer sehr breiten Palette von Teleskopgabeln. Weitere Informationen finden Sie auf unserer Website!","og_url":"https:\/\/vansichen.be\/de\/linearsysteme\/lhd-teleskopgabeln\/","og_site_name":"Vansichen Linear Technology","article_modified_time":"2026-04-22T12:13:42+00:00","twitter_card":"summary_large_image","twitter_misc":{"Gesch\u00e4tzte Lesezeit":"4\u00a0Minuten"},"schema":{"@context":"https:\/\/schema.org","@graph":[{"@type":"WebPage","@id":"https:\/\/vansichen.be\/de\/linearsysteme\/lhd-teleskopgabeln\/","url":"https:\/\/vansichen.be\/de\/linearsysteme\/lhd-teleskopgabeln\/","name":"LHD Teleskopgabeln - Entdecken Sie Vansichen Linear Technology","isPartOf":{"@id":"https:\/\/vansichen.be\/de\/#website"},"datePublished":"2021-01-28T13:51:52+00:00","dateModified":"2026-04-22T12:13:42+00:00","description":"LHD ist ein Hersteller einer sehr breiten Palette von Teleskopgabeln. Weitere Informationen finden Sie auf unserer Website!","breadcrumb":{"@id":"https:\/\/vansichen.be\/de\/linearsysteme\/lhd-teleskopgabeln\/#breadcrumb"},"inLanguage":"de","potentialAction":[{"@type":"ReadAction","target":["https:\/\/vansichen.be\/de\/linearsysteme\/lhd-teleskopgabeln\/"]}]},{"@type":"BreadcrumbList","@id":"https:\/\/vansichen.be\/de\/linearsysteme\/lhd-teleskopgabeln\/#breadcrumb","itemListElement":[{"@type":"ListItem","position":1,"name":"Home","item":"https:\/\/vansichen.be\/de\/"},{"@type":"ListItem","position":2,"name":"Linearsysteme","item":"https:\/\/vansichen.be\/de\/linearsysteme\/"},{"@type":"ListItem","position":3,"name":"LHD Teleskopgabeln"}]},{"@type":"WebSite","@id":"https:\/\/vansichen.be\/de\/#website","url":"https:\/\/vansichen.be\/de\/","name":"Vansichen Linear Technology","description":"","publisher":{"@id":"https:\/\/vansichen.be\/de\/#organization"},"potentialAction":[{"@type":"SearchAction","target":{"@type":"EntryPoint","urlTemplate":"https:\/\/vansichen.be\/de\/?s={search_term_string}"},"query-input":{"@type":"PropertyValueSpecification","valueRequired":true,"valueName":"search_term_string"}}],"inLanguage":"de"},{"@type":"Organization","@id":"https:\/\/vansichen.be\/de\/#organization","name":"Vansichen Linear Technology","url":"https:\/\/vansichen.be\/de\/","logo":{"@type":"ImageObject","inLanguage":"de","@id":"https:\/\/vansichen.be\/de\/#\/schema\/logo\/image\/","url":"https:\/\/vansichen.be\/wp-content\/uploads\/2020\/03\/Vansichen_home_2020_4.png","contentUrl":"https:\/\/vansichen.be\/wp-content\/uploads\/2020\/03\/Vansichen_home_2020_4.png","width":260,"height":44,"caption":"Vansichen Linear Technology"},"image":{"@id":"https:\/\/vansichen.be\/de\/#\/schema\/logo\/image\/"}}]}},"_links":{"self":[{"href":"https:\/\/vansichen.be\/de\/wp-json\/wp\/v2\/pages\/10339","targetHints":{"allow":["GET"]}}],"collection":[{"href":"https:\/\/vansichen.be\/de\/wp-json\/wp\/v2\/pages"}],"about":[{"href":"https:\/\/vansichen.be\/de\/wp-json\/wp\/v2\/types\/page"}],"author":[{"embeddable":true,"href":"https:\/\/vansichen.be\/de\/wp-json\/wp\/v2\/users\/4"}],"replies":[{"embeddable":true,"href":"https:\/\/vansichen.be\/de\/wp-json\/wp\/v2\/comments?post=10339"}],"version-history":[{"count":5,"href":"https:\/\/vansichen.be\/de\/wp-json\/wp\/v2\/pages\/10339\/revisions"}],"predecessor-version":[{"id":20468,"href":"https:\/\/vansichen.be\/de\/wp-json\/wp\/v2\/pages\/10339\/revisions\/20468"}],"up":[{"embeddable":true,"href":"https:\/\/vansichen.be\/de\/wp-json\/wp\/v2\/pages\/4495"}],"wp:attachment":[{"href":"https:\/\/vansichen.be\/de\/wp-json\/wp\/v2\/media?parent=10339"}],"curies":[{"name":"wp","href":"https:\/\/api.w.org\/{rel}","templated":true}]}}