{"id":12291,"date":"2022-07-14T15:10:42","date_gmt":"2022-07-14T15:10:42","guid":{"rendered":"https:\/\/vansichen.be\/?page_id=12291"},"modified":"2025-11-27T12:38:15","modified_gmt":"2025-11-27T12:38:15","slug":"positionierer","status":"publish","type":"page","link":"https:\/\/vansichen.be\/de\/positionierer","title":{"rendered":"Positionierer"},"content":{"rendered":"<div class=\"wpb-content-wrapper\"><p>[vc_row][vc_column][vc_custom_heading text=&#8220;POSITIONIERER&#8220; font_container=&#8220;tag:h1|font_size:53px|text_align:left|color:%23e6007e&#8220; google_fonts=&#8220;font_family:Source%20Sans%20Pro%3A200%2C200italic%2C300%2C300italic%2Cregular%2Citalic%2C600%2C600italic%2C700%2C700italic%2C900%2C900italic|font_style:900%20bold%20regular%3A900%3Anormal&#8220;][\/vc_column][\/vc_row][vc_row][vc_column width=&#8220;2\/3&#8243;][vc_column_text]<\/p>\n<div class=\"wpb_text_column wpb_content_element \">\n<div class=\"wpb_wrapper\">\n<div class=\"ce_text blocker block\">\n<p>Unser umfangreiches Produktprogramm von Positionierer erm\u00f6glicht individuelle L\u00f6sungen f\u00fcr zum Teil besondere Bedingungen wie z. B. hohe Werkst\u00fcckgewichte, hohe Drehgeschwindigkeiten, hohe Positioniergenauigkeiten oder hohen Staubanfall.<\/p>\n<\/div>\n<\/div>\n<\/div>\n<p>[\/vc_column_text][vc_btn title=&#8220;\u00dcbersicht aller m\u00f6glichen Positionierer&#8220; shape=&#8220;square&#8220; color=&#8220;juicy-pink&#8220; i_icon_fontawesome=&#8220;fas fa-arrow-right&#8220; add_icon=&#8220;true&#8220; link=&#8220;url:https%3A%2F%2Fvansichen.be%2Fwp-content%2Fuploads%2F2022%2F07%2FSimkon_postioner_catalogus.pdf|target:_blank&#8220; el_class=&#8220;pink-btn&#8220;][vc_column_text]<\/p>\n<div class=\"wpb_text_column wpb_content_element \">\n<div class=\"wpb_wrapper\">\n<div class=\"ce_text blocker block\">\n<p>Wirtschaftliche Konzeption, effiziente Automation und h\u00f6chste Produktqualit\u00e4t m\u00fcssen sich dabei nicht widersprechen \u2013 ganz im Gegenteil! Bei allen unseren Konzepten und kundenspezifischen Anwendungen legen wir h\u00f6chsten Wert auf:<\/p>\n<\/div>\n<div class=\"ce_text block\">\n<ul>\n<li>Eigene und damit ausschlie\u00dflich deutsche Konzeption und Konstruktion<\/li>\n<li>Moderne Applikationen auf dem aktuellsten Stand der Technik<\/li>\n<li>Professionelle Auslegungsberechnung des Antriebs<\/li>\n<li>Robuste und statisch ausgelegte Bauart<\/li>\n<li>Ausreichend dimensionierte Lagerung und Drehlager<\/li>\n<li>Stabile Planscheiben nach Kundenvorgaben<\/li>\n<\/ul>\n<p>Alle Produkte liefern wir selbstverst\u00e4ndlich mit CE-konformer Dokumentation. Auf Wunsch erhalten Sie die Zeichnungen im 2D- und 3D-Format sowie Beschreibungen und Wartungspl\u00e4ne.<\/p>\n<p>Neben professioneller Vor-Ort-Montage und kompetentem Service bieten wir Ihnen die M\u00f6glichkeit, Ihre Anlage bei uns in Betrieb zu nehmen.<\/p>\n<\/div>\n<\/div>\n<\/div>\n<p>[\/vc_column_text][vc_custom_heading text=&#8220;DOWNLOADS&#8220; font_container=&#8220;tag:h2|font_size:20px|text_align:left|color:%23e6007e&#8220; google_fonts=&#8220;font_family:Source%20Sans%20Pro%3A200%2C200italic%2C300%2C300italic%2Cregular%2Citalic%2C600%2C600italic%2C700%2C700italic%2C900%2C900italic|font_style:900%20bold%20regular%3A900%3Anormal&#8220;][vc_column_text css=&#8220;&#8220;]<\/p>\n<div class=\"wpb_text_column wpb_content_element \">\n<div class=\"wpb_wrapper\">\n<p><a href=\"https:\/\/vansichen.be\/wp-content\/uploads\/2025\/11\/20251120_Simkon_postioner_catalogus_2025_Web.pdf\" target=\"_blank\" rel=\"noopener\">Positionierer Katalog<\/a><\/p>\n<\/div>\n<\/div>\n<p>[\/vc_column_text][vc_custom_heading text=&#8220;BESONDERHEIT &amp; VORTEIL&#8220; font_container=&#8220;tag:h2|font_size:20px|text_align:left|color:%23e6007e&#8220; google_fonts=&#8220;font_family:Source%20Sans%20Pro%3A200%2C200italic%2C300%2C300italic%2Cregular%2Citalic%2C600%2C600italic%2C700%2C700italic%2C900%2C900italic|font_style:900%20bold%20regular%3A900%3Anormal&#8220;][vc_column_text]<\/p>\n<div class=\"wpb_text_column wpb_content_element \">\n<div class=\"wpb_wrapper\">\n<div class=\"ce_text blocker block\">\n<p>Die Vansichen Positionierer nutzen Servomotore der Robotershersteller, welche direkt von der Steuerung angesprochen werden. Selbstverst\u00e4ndlich ist bei allen Positionierer eine Kombination mit unseren <a href=\"https:\/\/vansichen.be\/de\/verfahrachsen-fur-roboter\/\">Linearverfahrachsen<\/a>\u00a0m\u00f6glich.<\/p>\n<\/div>\n<\/div>\n<\/div>\n<p>[\/vc_column_text][\/vc_column][vc_column width=&#8220;1\/3&#8243;][vc_widget_sidebar sidebar_id=&#8220;top-area-1&#8243;][\/vc_column][\/vc_row][vc_row][vc_column][vc_custom_heading text=&#8220;REALISATIES&#8220; font_container=&#8220;tag:h2|font_size:20px|text_align:left|color:%23e6007e&#8220; google_fonts=&#8220;font_family:Source%20Sans%20Pro%3A200%2C200italic%2C300%2C300italic%2Cregular%2Citalic%2C600%2C600italic%2C700%2C700italic%2C900%2C900italic|font_style:900%20bold%20regular%3A900%3Anormal&#8220;][vc_gallery type=&#8220;image_grid&#8220; images=&#8220;12792,12796,12800,12804,19328,19922,19926,19930,19934&#8243; img_size=&#8220;full&#8220; css=&#8220;&#8220; el_class=&#8220;hover-gallery&#8220;][\/vc_column][\/vc_row]<\/p>\n<\/div>","protected":false},"excerpt":{"rendered":"<p>[vc_row][vc_column][vc_custom_heading text=&#8220;POSITIONIERER&#8220; font_container=&#8220;tag:h1|font_size:53px|text_align:left|color:%23e6007e&#8220; google_fonts=&#8220;font_family:Source%20Sans%20Pro%3A200%2C200italic%2C300%2C300italic%2Cregular%2Citalic%2C600%2C600italic%2C700%2C700italic%2C900%2C900italic|font_style:900%20bold%20regular%3A900%3Anormal&#8220;][\/vc_column][\/vc_row][vc_row][vc_column width=&#8220;2\/3&#8243;][vc_column_text] Unser umfangreiches Produktprogramm von Positionierer erm\u00f6glicht individuelle L\u00f6sungen f\u00fcr zum Teil besondere Bedingungen wie z.<span class=\"excerpt-hellip\"> [\u2026]<\/span><\/p>\n","protected":false},"author":4,"featured_media":0,"parent":0,"menu_order":0,"comment_status":"closed","ping_status":"closed","template":"","meta":{"inline_featured_image":false,"footnotes":""},"class_list":["post-12291","page","type-page","status-publish","hentry"],"yoast_head":"<!-- This site is optimized with the Yoast SEO plugin v26.8 - https:\/\/yoast.com\/product\/yoast-seo-wordpress\/ -->\n<title>Positionierer - Entdecken Sie Vansichen Linear Technology<\/title>\n<meta name=\"description\" content=\"Vansichen Lineartechnik hilft Ihnen mit Positionierer. Weitere Informationen finden Sie auf unserer Seite.\" \/>\n<meta name=\"robots\" content=\"index, follow, max-snippet:-1, max-image-preview:large, max-video-preview:-1\" \/>\n<link rel=\"canonical\" href=\"https:\/\/vansichen.be\/de\/positionierer\/\" \/>\n<meta property=\"og:locale\" content=\"de_DE\" \/>\n<meta property=\"og:type\" content=\"article\" \/>\n<meta property=\"og:title\" content=\"Positionierer - Entdecken Sie Vansichen Linear Technology\" \/>\n<meta property=\"og:description\" content=\"Vansichen Lineartechnik hilft Ihnen mit Positionierer. Weitere Informationen finden Sie auf unserer Seite.\" \/>\n<meta property=\"og:url\" content=\"https:\/\/vansichen.be\/de\/positionierer\/\" \/>\n<meta property=\"og:site_name\" content=\"Vansichen Linear Technology\" \/>\n<meta property=\"article:modified_time\" content=\"2025-11-27T12:38:15+00:00\" \/>\n<meta name=\"twitter:card\" content=\"summary_large_image\" \/>\n<meta name=\"twitter:label1\" content=\"Gesch\u00e4tzte Lesezeit\" \/>\n\t<meta name=\"twitter:data1\" content=\"2\u00a0Minuten\" \/>\n<script type=\"application\/ld+json\" class=\"yoast-schema-graph\">{\"@context\":\"https:\/\/schema.org\",\"@graph\":[{\"@type\":\"WebPage\",\"@id\":\"https:\/\/vansichen.be\/de\/positionierer\/\",\"url\":\"https:\/\/vansichen.be\/de\/positionierer\/\",\"name\":\"Positionierer - Entdecken Sie Vansichen Linear Technology\",\"isPartOf\":{\"@id\":\"https:\/\/vansichen.be\/de\/#website\"},\"datePublished\":\"2022-07-14T15:10:42+00:00\",\"dateModified\":\"2025-11-27T12:38:15+00:00\",\"description\":\"Vansichen Lineartechnik hilft Ihnen mit Positionierer. Weitere Informationen finden Sie auf unserer Seite.\",\"breadcrumb\":{\"@id\":\"https:\/\/vansichen.be\/de\/positionierer\/#breadcrumb\"},\"inLanguage\":\"de\",\"potentialAction\":[{\"@type\":\"ReadAction\",\"target\":[\"https:\/\/vansichen.be\/de\/positionierer\/\"]}]},{\"@type\":\"BreadcrumbList\",\"@id\":\"https:\/\/vansichen.be\/de\/positionierer\/#breadcrumb\",\"itemListElement\":[{\"@type\":\"ListItem\",\"position\":1,\"name\":\"Home\",\"item\":\"https:\/\/vansichen.be\/de\/\"},{\"@type\":\"ListItem\",\"position\":2,\"name\":\"Positionierer\"}]},{\"@type\":\"WebSite\",\"@id\":\"https:\/\/vansichen.be\/de\/#website\",\"url\":\"https:\/\/vansichen.be\/de\/\",\"name\":\"Vansichen Linear Technology\",\"description\":\"\",\"publisher\":{\"@id\":\"https:\/\/vansichen.be\/de\/#organization\"},\"potentialAction\":[{\"@type\":\"SearchAction\",\"target\":{\"@type\":\"EntryPoint\",\"urlTemplate\":\"https:\/\/vansichen.be\/de\/?s={search_term_string}\"},\"query-input\":{\"@type\":\"PropertyValueSpecification\",\"valueRequired\":true,\"valueName\":\"search_term_string\"}}],\"inLanguage\":\"de\"},{\"@type\":\"Organization\",\"@id\":\"https:\/\/vansichen.be\/de\/#organization\",\"name\":\"Vansichen Linear Technology\",\"url\":\"https:\/\/vansichen.be\/de\/\",\"logo\":{\"@type\":\"ImageObject\",\"inLanguage\":\"de\",\"@id\":\"https:\/\/vansichen.be\/de\/#\/schema\/logo\/image\/\",\"url\":\"https:\/\/vansichen.be\/wp-content\/uploads\/2020\/03\/Vansichen_home_2020_4.png\",\"contentUrl\":\"https:\/\/vansichen.be\/wp-content\/uploads\/2020\/03\/Vansichen_home_2020_4.png\",\"width\":260,\"height\":44,\"caption\":\"Vansichen Linear Technology\"},\"image\":{\"@id\":\"https:\/\/vansichen.be\/de\/#\/schema\/logo\/image\/\"}}]}<\/script>\n<!-- \/ Yoast SEO plugin. -->","yoast_head_json":{"title":"Positionierer - Entdecken Sie Vansichen Linear Technology","description":"Vansichen Lineartechnik hilft Ihnen mit Positionierer. Weitere Informationen finden Sie auf unserer Seite.","robots":{"index":"index","follow":"follow","max-snippet":"max-snippet:-1","max-image-preview":"max-image-preview:large","max-video-preview":"max-video-preview:-1"},"canonical":"https:\/\/vansichen.be\/de\/positionierer\/","og_locale":"de_DE","og_type":"article","og_title":"Positionierer - Entdecken Sie Vansichen Linear Technology","og_description":"Vansichen Lineartechnik hilft Ihnen mit Positionierer. Weitere Informationen finden Sie auf unserer Seite.","og_url":"https:\/\/vansichen.be\/de\/positionierer\/","og_site_name":"Vansichen Linear Technology","article_modified_time":"2025-11-27T12:38:15+00:00","twitter_card":"summary_large_image","twitter_misc":{"Gesch\u00e4tzte Lesezeit":"2\u00a0Minuten"},"schema":{"@context":"https:\/\/schema.org","@graph":[{"@type":"WebPage","@id":"https:\/\/vansichen.be\/de\/positionierer\/","url":"https:\/\/vansichen.be\/de\/positionierer\/","name":"Positionierer - Entdecken Sie Vansichen Linear Technology","isPartOf":{"@id":"https:\/\/vansichen.be\/de\/#website"},"datePublished":"2022-07-14T15:10:42+00:00","dateModified":"2025-11-27T12:38:15+00:00","description":"Vansichen Lineartechnik hilft Ihnen mit Positionierer. Weitere Informationen finden Sie auf unserer Seite.","breadcrumb":{"@id":"https:\/\/vansichen.be\/de\/positionierer\/#breadcrumb"},"inLanguage":"de","potentialAction":[{"@type":"ReadAction","target":["https:\/\/vansichen.be\/de\/positionierer\/"]}]},{"@type":"BreadcrumbList","@id":"https:\/\/vansichen.be\/de\/positionierer\/#breadcrumb","itemListElement":[{"@type":"ListItem","position":1,"name":"Home","item":"https:\/\/vansichen.be\/de\/"},{"@type":"ListItem","position":2,"name":"Positionierer"}]},{"@type":"WebSite","@id":"https:\/\/vansichen.be\/de\/#website","url":"https:\/\/vansichen.be\/de\/","name":"Vansichen Linear Technology","description":"","publisher":{"@id":"https:\/\/vansichen.be\/de\/#organization"},"potentialAction":[{"@type":"SearchAction","target":{"@type":"EntryPoint","urlTemplate":"https:\/\/vansichen.be\/de\/?s={search_term_string}"},"query-input":{"@type":"PropertyValueSpecification","valueRequired":true,"valueName":"search_term_string"}}],"inLanguage":"de"},{"@type":"Organization","@id":"https:\/\/vansichen.be\/de\/#organization","name":"Vansichen Linear Technology","url":"https:\/\/vansichen.be\/de\/","logo":{"@type":"ImageObject","inLanguage":"de","@id":"https:\/\/vansichen.be\/de\/#\/schema\/logo\/image\/","url":"https:\/\/vansichen.be\/wp-content\/uploads\/2020\/03\/Vansichen_home_2020_4.png","contentUrl":"https:\/\/vansichen.be\/wp-content\/uploads\/2020\/03\/Vansichen_home_2020_4.png","width":260,"height":44,"caption":"Vansichen Linear Technology"},"image":{"@id":"https:\/\/vansichen.be\/de\/#\/schema\/logo\/image\/"}}]}},"_links":{"self":[{"href":"https:\/\/vansichen.be\/de\/wp-json\/wp\/v2\/pages\/12291","targetHints":{"allow":["GET"]}}],"collection":[{"href":"https:\/\/vansichen.be\/de\/wp-json\/wp\/v2\/pages"}],"about":[{"href":"https:\/\/vansichen.be\/de\/wp-json\/wp\/v2\/types\/page"}],"author":[{"embeddable":true,"href":"https:\/\/vansichen.be\/de\/wp-json\/wp\/v2\/users\/4"}],"replies":[{"embeddable":true,"href":"https:\/\/vansichen.be\/de\/wp-json\/wp\/v2\/comments?post=12291"}],"version-history":[{"count":8,"href":"https:\/\/vansichen.be\/de\/wp-json\/wp\/v2\/pages\/12291\/revisions"}],"predecessor-version":[{"id":19950,"href":"https:\/\/vansichen.be\/de\/wp-json\/wp\/v2\/pages\/12291\/revisions\/19950"}],"wp:attachment":[{"href":"https:\/\/vansichen.be\/de\/wp-json\/wp\/v2\/media?parent=12291"}],"curies":[{"name":"wp","href":"https:\/\/api.w.org\/{rel}","templated":true}]}}