{"id":12528,"date":"2022-08-29T10:07:45","date_gmt":"2022-08-29T10:07:45","guid":{"rendered":"https:\/\/vansichen.be\/?page_id=12528"},"modified":"2023-11-28T11:06:05","modified_gmt":"2023-11-28T11:06:05","slug":"verfahrachse-srmc-2000-lc","status":"publish","type":"page","link":"https:\/\/vansichen.be\/de\/verfahrachsen-fur-roboter\/fanuc-roboter\/verfahrachse-srmc-2000-lc","title":{"rendered":"Verfahrachse SRMC-2000-LC"},"content":{"rendered":"<div class=\"wpb-content-wrapper\"><p>[vc_row][vc_column][vc_custom_heading text=&#8220;SRMC-2000-LC&#8220; font_container=&#8220;tag:h1|font_size:53px|text_align:left|color:%23e6007e&#8220; google_fonts=&#8220;font_family:Source%20Sans%20Pro%3A200%2C200italic%2C300%2C300italic%2Cregular%2Citalic%2C600%2C600italic%2C700%2C700italic%2C900%2C900italic|font_style:900%20bold%20regular%3A900%3Anormal&#8220;][vc_row_inner][vc_column_inner width=&#8220;1\/2&#8243;][vc_column_text css_animation=&#8220;fadeInUp&#8220;]<\/p>\n<div class=\"tg-wrap\">\n<table class=\"tg\">\n<tbody>\n<tr>\n<td class=\"tg-q0ss\" style=\"text-align: left;\">Montageposition<\/td>\n<td class=\"tg-0lax\" style=\"text-align: left;\">Floor<\/td>\n<\/tr>\n<tr>\n<td class=\"tg-0lax\" style=\"text-align: left;\">Gewicht pro Meter<\/td>\n<td class=\"tg-0lax\" style=\"text-align: left;\">190 kg\/m<\/td>\n<\/tr>\n<tr>\n<td class=\"tg-0lax\" style=\"text-align: left;\">F\u00fchrungsgr\u00f6\u00dfe<\/td>\n<td class=\"tg-0lax\" style=\"text-align: left;\">45<\/td>\n<\/tr>\n<tr>\n<td class=\"tg-0lax\" style=\"text-align: left;\">Gr\u00f6\u00dfe des Gestells<\/td>\n<td class=\"tg-0lax\" style=\"text-align: left;\">M4<\/td>\n<\/tr>\n<tr>\n<td class=\"tg-0lax\" style=\"text-align: left;\">Getriebe<\/td>\n<td class=\"tg-0lax\" style=\"text-align: left;\">2m\/s\u00b2<\/td>\n<\/tr>\n<tr>\n<td class=\"tg-0lax\" style=\"text-align: left;\">Geschwindigkeit<\/td>\n<td class=\"tg-0lax\" style=\"text-align: left;\">2m\/s<\/td>\n<\/tr>\n<\/tbody>\n<\/table>\n<\/div>\n<p>[\/vc_column_text][\/vc_column_inner][vc_column_inner width=&#8220;1\/2&#8243;][vc_column_text css_animation=&#8220;fadeInUp&#8220;]<\/p>\n<div class=\"tg-wrap\">\n<table class=\"tg\">\n<tbody>\n<tr>\n<td class=\"tg-q0ss\" style=\"text-align: left;\"><strong>Geeignete FANUC roboter<\/strong><\/td>\n<\/tr>\n<tr>\n<td class=\"tg-0lax\" style=\"text-align: left;\">M-410iC\/185<\/td>\n<\/tr>\n<tr>\n<td class=\"tg-0lax\" style=\"text-align: left;\">M-900iB\/280<\/td>\n<\/tr>\n<tr>\n<td class=\"tg-0lax\" style=\"text-align: left;\">M-900iB\/280L<\/td>\n<\/tr>\n<tr>\n<td class=\"tg-0lax\" style=\"text-align: left;\">M-900iB\/360<\/td>\n<\/tr>\n<\/tbody>\n<\/table>\n<\/div>\n<p>[\/vc_column_text][\/vc_column_inner][\/vc_row_inner][vc_custom_heading text=&#8220;3D-DATEI \u00dcBER DEN KONFIGURATOR HERUNTERLADEN&#8220; font_container=&#8220;tag:h2|font_size:30px|text_align:left|color:%23e6007e&#8220; google_fonts=&#8220;font_family:Source%20Sans%20Pro%3A200%2C200italic%2C300%2C300italic%2Cregular%2Citalic%2C600%2C600italic%2C700%2C700italic%2C900%2C900italic|font_style:900%20bold%20regular%3A900%3Anormal&#8220; css_animation=&#8220;none&#8220;][vc_separator color=&#8220;custom&#8220; border_width=&#8220;2&#8243; css_animation=&#8220;none&#8220; accent_color=&#8220;#e6007e&#8220;][vc_raw_html]JTNDZGl2JTIwaWQlM0QlMjJ0cC1wYXJ0cy1pbmplY3RvciUyMiUyMHByb2R1Y3QlM0QlMjIxMC0xMjA2MjAyMy0xMzg0ODMlMjIlMjBlbHMtaWQlM0QlMjJ2YW5zaWNoZW4lMjIlMjBkYXRhLWNvbmZpZ3VyYXRvci10eXBlJTNEJTIyZ3JpZCUyMiUyMHN0eWxlJTNEJTIyaGVpZ2h0JTNBJTIwNTAwcHglM0IlMjB3aWR0aCUzQSUyMDEwMCUyNSUzQiUyMiUzRSUzQyUyRmRpdiUzRQ==[\/vc_raw_html][vc_separator color=&#8220;custom&#8220; border_width=&#8220;2&#8243; css_animation=&#8220;none&#8220; accent_color=&#8220;#e6007e&#8220;][vc_row_inner][vc_column_inner width=&#8220;1\/2&#8243;][vc_single_image image=&#8220;13584&#8243; img_size=&#8220;full&#8220; onclick=&#8220;link_image&#8220; css_animation=&#8220;fadeInUp&#8220;][\/vc_column_inner][vc_column_inner width=&#8220;1\/2&#8243;][vc_single_image image=&#8220;12510&#8243; img_size=&#8220;full&#8220; onclick=&#8220;link_image&#8220; css_animation=&#8220;fadeInUp&#8220;][\/vc_column_inner][\/vc_row_inner][\/vc_column][\/vc_row]<\/p>\n<\/div>","protected":false},"excerpt":{"rendered":"<p>[vc_row][vc_column][vc_custom_heading text=&#8220;SRMC-2000-LC&#8220; font_container=&#8220;tag:h1|font_size:53px|text_align:left|color:%23e6007e&#8220; google_fonts=&#8220;font_family:Source%20Sans%20Pro%3A200%2C200italic%2C300%2C300italic%2Cregular%2Citalic%2C600%2C600italic%2C700%2C700italic%2C900%2C900italic|font_style:900%20bold%20regular%3A900%3Anormal&#8220;][vc_row_inner][vc_column_inner width=&#8220;1\/2&#8243;][vc_column_text css_animation=&#8220;fadeInUp&#8220;] Montageposition Floor Gewicht pro Meter 190 kg\/m F\u00fchrungsgr\u00f6\u00dfe 45 Gr\u00f6\u00dfe des Gestells M4 Getriebe<span class=\"excerpt-hellip\"> [\u2026]<\/span><\/p>\n","protected":false},"author":4,"featured_media":12510,"parent":6097,"menu_order":0,"comment_status":"closed","ping_status":"closed","template":"","meta":{"inline_featured_image":false,"footnotes":""},"class_list":["post-12528","page","type-page","status-publish","has-post-thumbnail","hentry","catrobottracks-m-900ib-280-de","catrobottracks-m-900ib-280l-de","catrobottracks-m-900ib-360-de","manufacturers-fanuc-de"],"yoast_head":"<!-- This site is optimized with the Yoast SEO plugin v26.8 - https:\/\/yoast.com\/product\/yoast-seo-wordpress\/ -->\n<title>Verfahrachse SRMC-2000-LC - Fanuc - Vansichen Linear Technology<\/title>\n<meta name=\"description\" content=\"Verfahrachse SRMC-2000-LC. F\u00fcr FANUC-Roboter hat Vansichen Lineartechnik ein Standardsortiment Tracks entwickelt. Besuchen Sie unsere Website!\" \/>\n<meta name=\"robots\" content=\"index, follow, max-snippet:-1, max-image-preview:large, max-video-preview:-1\" \/>\n<link rel=\"canonical\" href=\"https:\/\/vansichen.be\/de\/verfahrachsen-fur-roboter\/fanuc-roboter\/verfahrachse-srmc-2000-lc\/\" \/>\n<meta property=\"og:locale\" content=\"de_DE\" \/>\n<meta property=\"og:type\" content=\"article\" \/>\n<meta property=\"og:title\" content=\"Verfahrachse SRMC-2000-LC - Fanuc - Vansichen Linear Technology\" \/>\n<meta property=\"og:description\" content=\"Verfahrachse SRMC-2000-LC. F\u00fcr FANUC-Roboter hat Vansichen Lineartechnik ein Standardsortiment Tracks entwickelt. Besuchen Sie unsere Website!\" \/>\n<meta property=\"og:url\" content=\"https:\/\/vansichen.be\/de\/verfahrachsen-fur-roboter\/fanuc-roboter\/verfahrachse-srmc-2000-lc\/\" \/>\n<meta property=\"og:site_name\" content=\"Vansichen Linear Technology\" \/>\n<meta property=\"article:modified_time\" content=\"2023-11-28T11:06:05+00:00\" \/>\n<meta property=\"og:image\" content=\"https:\/\/vansichen.be\/wp-content\/uploads\/2022\/08\/SRMC-2000-LC.jpg\" \/>\n\t<meta property=\"og:image:width\" content=\"1920\" \/>\n\t<meta property=\"og:image:height\" content=\"1358\" \/>\n\t<meta property=\"og:image:type\" content=\"image\/jpeg\" \/>\n<meta name=\"twitter:card\" content=\"summary_large_image\" \/>\n<meta name=\"twitter:label1\" content=\"Gesch\u00e4tzte Lesezeit\" \/>\n\t<meta name=\"twitter:data1\" content=\"1\u00a0Minute\" \/>\n<script type=\"application\/ld+json\" class=\"yoast-schema-graph\">{\"@context\":\"https:\/\/schema.org\",\"@graph\":[{\"@type\":\"WebPage\",\"@id\":\"https:\/\/vansichen.be\/de\/verfahrachsen-fur-roboter\/fanuc-roboter\/verfahrachse-srmc-2000-lc\/\",\"url\":\"https:\/\/vansichen.be\/de\/verfahrachsen-fur-roboter\/fanuc-roboter\/verfahrachse-srmc-2000-lc\/\",\"name\":\"Verfahrachse SRMC-2000-LC - Fanuc - Vansichen Linear Technology\",\"isPartOf\":{\"@id\":\"https:\/\/vansichen.be\/de\/#website\"},\"primaryImageOfPage\":{\"@id\":\"https:\/\/vansichen.be\/de\/verfahrachsen-fur-roboter\/fanuc-roboter\/verfahrachse-srmc-2000-lc\/#primaryimage\"},\"image\":{\"@id\":\"https:\/\/vansichen.be\/de\/verfahrachsen-fur-roboter\/fanuc-roboter\/verfahrachse-srmc-2000-lc\/#primaryimage\"},\"thumbnailUrl\":\"https:\/\/vansichen.be\/wp-content\/uploads\/2022\/08\/SRMC-2000-LC.jpg\",\"datePublished\":\"2022-08-29T10:07:45+00:00\",\"dateModified\":\"2023-11-28T11:06:05+00:00\",\"description\":\"Verfahrachse SRMC-2000-LC. F\u00fcr FANUC-Roboter hat Vansichen Lineartechnik ein Standardsortiment Tracks entwickelt. Besuchen Sie unsere Website!\",\"breadcrumb\":{\"@id\":\"https:\/\/vansichen.be\/de\/verfahrachsen-fur-roboter\/fanuc-roboter\/verfahrachse-srmc-2000-lc\/#breadcrumb\"},\"inLanguage\":\"de\",\"potentialAction\":[{\"@type\":\"ReadAction\",\"target\":[\"https:\/\/vansichen.be\/de\/verfahrachsen-fur-roboter\/fanuc-roboter\/verfahrachse-srmc-2000-lc\/\"]}]},{\"@type\":\"ImageObject\",\"inLanguage\":\"de\",\"@id\":\"https:\/\/vansichen.be\/de\/verfahrachsen-fur-roboter\/fanuc-roboter\/verfahrachse-srmc-2000-lc\/#primaryimage\",\"url\":\"https:\/\/vansichen.be\/wp-content\/uploads\/2022\/08\/SRMC-2000-LC.jpg\",\"contentUrl\":\"https:\/\/vansichen.be\/wp-content\/uploads\/2022\/08\/SRMC-2000-LC.jpg\",\"width\":1920,\"height\":1358},{\"@type\":\"BreadcrumbList\",\"@id\":\"https:\/\/vansichen.be\/de\/verfahrachsen-fur-roboter\/fanuc-roboter\/verfahrachse-srmc-2000-lc\/#breadcrumb\",\"itemListElement\":[{\"@type\":\"ListItem\",\"position\":1,\"name\":\"Home\",\"item\":\"https:\/\/vansichen.be\/de\/\"},{\"@type\":\"ListItem\",\"position\":2,\"name\":\"Verfahrachsen f\u00fcr Roboter\",\"item\":\"https:\/\/vansichen.be\/de\/verfahrachsen-fur-roboter\/\"},{\"@type\":\"ListItem\",\"position\":3,\"name\":\"Fanuc roboter\",\"item\":\"https:\/\/vansichen.be\/de\/verfahrachsen-fur-roboter\/fanuc-roboter\/\"},{\"@type\":\"ListItem\",\"position\":4,\"name\":\"Verfahrachse SRMC-2000-LC\"}]},{\"@type\":\"WebSite\",\"@id\":\"https:\/\/vansichen.be\/de\/#website\",\"url\":\"https:\/\/vansichen.be\/de\/\",\"name\":\"Vansichen Linear Technology\",\"description\":\"\",\"publisher\":{\"@id\":\"https:\/\/vansichen.be\/de\/#organization\"},\"potentialAction\":[{\"@type\":\"SearchAction\",\"target\":{\"@type\":\"EntryPoint\",\"urlTemplate\":\"https:\/\/vansichen.be\/de\/?s={search_term_string}\"},\"query-input\":{\"@type\":\"PropertyValueSpecification\",\"valueRequired\":true,\"valueName\":\"search_term_string\"}}],\"inLanguage\":\"de\"},{\"@type\":\"Organization\",\"@id\":\"https:\/\/vansichen.be\/de\/#organization\",\"name\":\"Vansichen Linear Technology\",\"url\":\"https:\/\/vansichen.be\/de\/\",\"logo\":{\"@type\":\"ImageObject\",\"inLanguage\":\"de\",\"@id\":\"https:\/\/vansichen.be\/de\/#\/schema\/logo\/image\/\",\"url\":\"https:\/\/vansichen.be\/wp-content\/uploads\/2020\/03\/Vansichen_home_2020_4.png\",\"contentUrl\":\"https:\/\/vansichen.be\/wp-content\/uploads\/2020\/03\/Vansichen_home_2020_4.png\",\"width\":260,\"height\":44,\"caption\":\"Vansichen Linear Technology\"},\"image\":{\"@id\":\"https:\/\/vansichen.be\/de\/#\/schema\/logo\/image\/\"}}]}<\/script>\n<!-- \/ Yoast SEO plugin. -->","yoast_head_json":{"title":"Verfahrachse SRMC-2000-LC - Fanuc - Vansichen Linear Technology","description":"Verfahrachse SRMC-2000-LC. F\u00fcr FANUC-Roboter hat Vansichen Lineartechnik ein Standardsortiment Tracks entwickelt. Besuchen Sie unsere Website!","robots":{"index":"index","follow":"follow","max-snippet":"max-snippet:-1","max-image-preview":"max-image-preview:large","max-video-preview":"max-video-preview:-1"},"canonical":"https:\/\/vansichen.be\/de\/verfahrachsen-fur-roboter\/fanuc-roboter\/verfahrachse-srmc-2000-lc\/","og_locale":"de_DE","og_type":"article","og_title":"Verfahrachse SRMC-2000-LC - Fanuc - Vansichen Linear Technology","og_description":"Verfahrachse SRMC-2000-LC. F\u00fcr FANUC-Roboter hat Vansichen Lineartechnik ein Standardsortiment Tracks entwickelt. Besuchen Sie unsere Website!","og_url":"https:\/\/vansichen.be\/de\/verfahrachsen-fur-roboter\/fanuc-roboter\/verfahrachse-srmc-2000-lc\/","og_site_name":"Vansichen Linear Technology","article_modified_time":"2023-11-28T11:06:05+00:00","og_image":[{"width":1920,"height":1358,"url":"https:\/\/vansichen.be\/wp-content\/uploads\/2022\/08\/SRMC-2000-LC.jpg","type":"image\/jpeg"}],"twitter_card":"summary_large_image","twitter_misc":{"Gesch\u00e4tzte Lesezeit":"1\u00a0Minute"},"schema":{"@context":"https:\/\/schema.org","@graph":[{"@type":"WebPage","@id":"https:\/\/vansichen.be\/de\/verfahrachsen-fur-roboter\/fanuc-roboter\/verfahrachse-srmc-2000-lc\/","url":"https:\/\/vansichen.be\/de\/verfahrachsen-fur-roboter\/fanuc-roboter\/verfahrachse-srmc-2000-lc\/","name":"Verfahrachse SRMC-2000-LC - Fanuc - Vansichen Linear Technology","isPartOf":{"@id":"https:\/\/vansichen.be\/de\/#website"},"primaryImageOfPage":{"@id":"https:\/\/vansichen.be\/de\/verfahrachsen-fur-roboter\/fanuc-roboter\/verfahrachse-srmc-2000-lc\/#primaryimage"},"image":{"@id":"https:\/\/vansichen.be\/de\/verfahrachsen-fur-roboter\/fanuc-roboter\/verfahrachse-srmc-2000-lc\/#primaryimage"},"thumbnailUrl":"https:\/\/vansichen.be\/wp-content\/uploads\/2022\/08\/SRMC-2000-LC.jpg","datePublished":"2022-08-29T10:07:45+00:00","dateModified":"2023-11-28T11:06:05+00:00","description":"Verfahrachse SRMC-2000-LC. F\u00fcr FANUC-Roboter hat Vansichen Lineartechnik ein Standardsortiment Tracks entwickelt. Besuchen Sie unsere Website!","breadcrumb":{"@id":"https:\/\/vansichen.be\/de\/verfahrachsen-fur-roboter\/fanuc-roboter\/verfahrachse-srmc-2000-lc\/#breadcrumb"},"inLanguage":"de","potentialAction":[{"@type":"ReadAction","target":["https:\/\/vansichen.be\/de\/verfahrachsen-fur-roboter\/fanuc-roboter\/verfahrachse-srmc-2000-lc\/"]}]},{"@type":"ImageObject","inLanguage":"de","@id":"https:\/\/vansichen.be\/de\/verfahrachsen-fur-roboter\/fanuc-roboter\/verfahrachse-srmc-2000-lc\/#primaryimage","url":"https:\/\/vansichen.be\/wp-content\/uploads\/2022\/08\/SRMC-2000-LC.jpg","contentUrl":"https:\/\/vansichen.be\/wp-content\/uploads\/2022\/08\/SRMC-2000-LC.jpg","width":1920,"height":1358},{"@type":"BreadcrumbList","@id":"https:\/\/vansichen.be\/de\/verfahrachsen-fur-roboter\/fanuc-roboter\/verfahrachse-srmc-2000-lc\/#breadcrumb","itemListElement":[{"@type":"ListItem","position":1,"name":"Home","item":"https:\/\/vansichen.be\/de\/"},{"@type":"ListItem","position":2,"name":"Verfahrachsen f\u00fcr Roboter","item":"https:\/\/vansichen.be\/de\/verfahrachsen-fur-roboter\/"},{"@type":"ListItem","position":3,"name":"Fanuc roboter","item":"https:\/\/vansichen.be\/de\/verfahrachsen-fur-roboter\/fanuc-roboter\/"},{"@type":"ListItem","position":4,"name":"Verfahrachse SRMC-2000-LC"}]},{"@type":"WebSite","@id":"https:\/\/vansichen.be\/de\/#website","url":"https:\/\/vansichen.be\/de\/","name":"Vansichen Linear Technology","description":"","publisher":{"@id":"https:\/\/vansichen.be\/de\/#organization"},"potentialAction":[{"@type":"SearchAction","target":{"@type":"EntryPoint","urlTemplate":"https:\/\/vansichen.be\/de\/?s={search_term_string}"},"query-input":{"@type":"PropertyValueSpecification","valueRequired":true,"valueName":"search_term_string"}}],"inLanguage":"de"},{"@type":"Organization","@id":"https:\/\/vansichen.be\/de\/#organization","name":"Vansichen Linear Technology","url":"https:\/\/vansichen.be\/de\/","logo":{"@type":"ImageObject","inLanguage":"de","@id":"https:\/\/vansichen.be\/de\/#\/schema\/logo\/image\/","url":"https:\/\/vansichen.be\/wp-content\/uploads\/2020\/03\/Vansichen_home_2020_4.png","contentUrl":"https:\/\/vansichen.be\/wp-content\/uploads\/2020\/03\/Vansichen_home_2020_4.png","width":260,"height":44,"caption":"Vansichen Linear Technology"},"image":{"@id":"https:\/\/vansichen.be\/de\/#\/schema\/logo\/image\/"}}]}},"_links":{"self":[{"href":"https:\/\/vansichen.be\/de\/wp-json\/wp\/v2\/pages\/12528","targetHints":{"allow":["GET"]}}],"collection":[{"href":"https:\/\/vansichen.be\/de\/wp-json\/wp\/v2\/pages"}],"about":[{"href":"https:\/\/vansichen.be\/de\/wp-json\/wp\/v2\/types\/page"}],"author":[{"embeddable":true,"href":"https:\/\/vansichen.be\/de\/wp-json\/wp\/v2\/users\/4"}],"replies":[{"embeddable":true,"href":"https:\/\/vansichen.be\/de\/wp-json\/wp\/v2\/comments?post=12528"}],"version-history":[{"count":5,"href":"https:\/\/vansichen.be\/de\/wp-json\/wp\/v2\/pages\/12528\/revisions"}],"predecessor-version":[{"id":15605,"href":"https:\/\/vansichen.be\/de\/wp-json\/wp\/v2\/pages\/12528\/revisions\/15605"}],"up":[{"embeddable":true,"href":"https:\/\/vansichen.be\/de\/wp-json\/wp\/v2\/pages\/6097"}],"wp:featuredmedia":[{"embeddable":true,"href":"https:\/\/vansichen.be\/de\/wp-json\/wp\/v2\/media\/12510"}],"wp:attachment":[{"href":"https:\/\/vansichen.be\/de\/wp-json\/wp\/v2\/media?parent=12528"}],"curies":[{"name":"wp","href":"https:\/\/api.w.org\/{rel}","templated":true}]}}