{"id":12943,"date":"2022-12-09T15:10:15","date_gmt":"2022-12-09T15:10:15","guid":{"rendered":"https:\/\/vansichen.be\/?page_id=12943"},"modified":"2026-04-13T12:24:24","modified_gmt":"2026-04-13T12:24:24","slug":"verfahrachse-ft65-d","status":"publish","type":"page","link":"https:\/\/vansichen.be\/de\/verfahrachsen-fur-roboter\/fanuc-roboter\/verfahrachse-ft65-d","title":{"rendered":"Verfahrachse FT65-D"},"content":{"rendered":"<div class=\"wpb-content-wrapper\"><p>[vc_row][vc_column][vc_custom_heading text=&#8220;VERFAHRACHSE FT65-D&#8220; font_container=&#8220;tag:h1|font_size:53px|text_align:left|color:%23e6007e&#8220; google_fonts=&#8220;font_family:Source%20Sans%20Pro%3A200%2C200italic%2C300%2C300italic%2Cregular%2Citalic%2C600%2C600italic%2C700%2C700italic%2C900%2C900italic|font_style:900%20bold%20regular%3A900%3Anormal&#8220;][vc_row_inner][vc_column_inner width=&#8220;1\/2&#8243;][vc_column_text css_animation=&#8220;fadeInUp&#8220; css=&#8220;&#8220;]<\/p>\n<div class=\"tg-wrap\">\n<table class=\"tg\">\n<tbody>\n<tr>\n<td class=\"tg-q0ss\" style=\"text-align: left;\"><span data-teams=\"true\">Einbaulage<\/span><\/td>\n<td class=\"tg-0lax\" style=\"text-align: left;\">Boden<\/td>\n<\/tr>\n<tr>\n<td class=\"tg-0lax\" style=\"text-align: left;\"><span data-teams=\"true\">Masse Achse<\/span><\/td>\n<td class=\"tg-0lax\" style=\"text-align: left;\">935 kg\/m<\/td>\n<\/tr>\n<tr>\n<td class=\"tg-0lax\" style=\"text-align: left;\"><span data-teams=\"true\">Gr\u00f6\u00dfe der f\u00fchrungsschiene<\/span><\/td>\n<td class=\"tg-0lax\" style=\"text-align: left;\">65<\/td>\n<\/tr>\n<tr>\n<td class=\"tg-0lax\" style=\"text-align: left;\"><span data-teams=\"true\">Zahnstange<\/span><\/td>\n<td class=\"tg-0lax\" style=\"text-align: left;\">m5<\/td>\n<\/tr>\n<tr>\n<td class=\"tg-0lax\" style=\"text-align: left;\"><span data-teams=\"true\">Beschleunigung\u00a0<\/span><\/td>\n<td class=\"tg-0lax\" style=\"text-align: left;\">1m\/s\u00b2<\/td>\n<\/tr>\n<tr>\n<td class=\"tg-0lax\" style=\"text-align: left;\">Geschwindigkeit<\/td>\n<td class=\"tg-0lax\" style=\"text-align: left;\">1m\/s<\/td>\n<\/tr>\n<\/tbody>\n<\/table>\n<p>&nbsp;<\/p>\n<table class=\"tg\">\n<tbody>\n<tr>\n<td class=\"tg-q0ss\" style=\"text-align: left;\"><strong>Geeignete FANUC roboter<\/strong><\/td>\n<\/tr>\n<tr>\n<td class=\"tg-0lax\" style=\"text-align: left;\">M-2000iA\/1700L<\/td>\n<\/tr>\n<tr>\n<td class=\"tg-0lax\" style=\"text-align: left;\">M-2000iA\/2300<\/td>\n<\/tr>\n<\/tbody>\n<\/table>\n<p>&nbsp;<\/p>\n<\/div>\n<p>[\/vc_column_text][\/vc_column_inner][vc_column_inner width=&#8220;1\/2&#8243;][vc_single_image image=&#8220;12952&#8243; img_size=&#8220;full&#8220; onclick=&#8220;link_image&#8220; css_animation=&#8220;fadeInUp&#8220;][\/vc_column_inner][\/vc_row_inner][vc_row_inner][vc_column_inner][vc_single_image image=&#8220;13560&#8243; img_size=&#8220;full&#8220; onclick=&#8220;link_image&#8220; css_animation=&#8220;fadeInUp&#8220;][\/vc_column_inner][\/vc_row_inner][\/vc_column][\/vc_row]<\/p>\n<\/div>","protected":false},"excerpt":{"rendered":"<p>[vc_row][vc_column][vc_custom_heading text=&#8220;VERFAHRACHSE FT65-D&#8220; font_container=&#8220;tag:h1|font_size:53px|text_align:left|color:%23e6007e&#8220; google_fonts=&#8220;font_family:Source%20Sans%20Pro%3A200%2C200italic%2C300%2C300italic%2Cregular%2Citalic%2C600%2C600italic%2C700%2C700italic%2C900%2C900italic|font_style:900%20bold%20regular%3A900%3Anormal&#8220;][vc_row_inner][vc_column_inner width=&#8220;1\/2&#8243;][vc_column_text css_animation=&#8220;fadeInUp&#8220; css=&#8220;&#8220;] Einbaulage Boden Masse Achse 935 kg\/m Gr\u00f6\u00dfe der f\u00fchrungsschiene 65 Zahnstange m5<span class=\"excerpt-hellip\"> [\u2026]<\/span><\/p>\n","protected":false},"author":4,"featured_media":0,"parent":6097,"menu_order":0,"comment_status":"closed","ping_status":"closed","template":"","meta":{"inline_featured_image":false,"footnotes":""},"class_list":["post-12943","page","type-page","status-publish","hentry"],"yoast_head":"<!-- This site is optimized with the Yoast SEO plugin v26.8 - https:\/\/yoast.com\/product\/yoast-seo-wordpress\/ -->\n<title>Verfahrachse FT65-D - Fanuc - Vansichen Linear Technology<\/title>\n<meta name=\"description\" content=\"Verfahrachse SRMC-FT65-D. F\u00fcr FANUC-Roboter hat Vansichen Lineartechnik ein Standardsortiment Tracks entwickelt. Besuchen Sie unsere Website!\" \/>\n<meta name=\"robots\" content=\"index, follow, max-snippet:-1, max-image-preview:large, max-video-preview:-1\" \/>\n<link rel=\"canonical\" href=\"https:\/\/vansichen.be\/de\/verfahrachsen-fur-roboter\/fanuc-roboter\/verfahrachse-ft65-d\/\" \/>\n<meta property=\"og:locale\" content=\"de_DE\" \/>\n<meta property=\"og:type\" content=\"article\" \/>\n<meta property=\"og:title\" content=\"Verfahrachse FT65-D - Fanuc - Vansichen Linear Technology\" \/>\n<meta property=\"og:description\" content=\"Verfahrachse SRMC-FT65-D. F\u00fcr FANUC-Roboter hat Vansichen Lineartechnik ein Standardsortiment Tracks entwickelt. Besuchen Sie unsere Website!\" \/>\n<meta property=\"og:url\" content=\"https:\/\/vansichen.be\/de\/verfahrachsen-fur-roboter\/fanuc-roboter\/verfahrachse-ft65-d\/\" \/>\n<meta property=\"og:site_name\" content=\"Vansichen Linear Technology\" \/>\n<meta property=\"article:modified_time\" content=\"2026-04-13T12:24:24+00:00\" \/>\n<meta name=\"twitter:card\" content=\"summary_large_image\" \/>\n<meta name=\"twitter:label1\" content=\"Gesch\u00e4tzte Lesezeit\" \/>\n\t<meta name=\"twitter:data1\" content=\"1\u00a0Minute\" \/>\n<script type=\"application\/ld+json\" class=\"yoast-schema-graph\">{\"@context\":\"https:\/\/schema.org\",\"@graph\":[{\"@type\":\"WebPage\",\"@id\":\"https:\/\/vansichen.be\/de\/verfahrachsen-fur-roboter\/fanuc-roboter\/verfahrachse-ft65-d\/\",\"url\":\"https:\/\/vansichen.be\/de\/verfahrachsen-fur-roboter\/fanuc-roboter\/verfahrachse-ft65-d\/\",\"name\":\"Verfahrachse FT65-D - Fanuc - Vansichen Linear Technology\",\"isPartOf\":{\"@id\":\"https:\/\/vansichen.be\/de\/#website\"},\"datePublished\":\"2022-12-09T15:10:15+00:00\",\"dateModified\":\"2026-04-13T12:24:24+00:00\",\"description\":\"Verfahrachse SRMC-FT65-D. F\u00fcr FANUC-Roboter hat Vansichen Lineartechnik ein Standardsortiment Tracks entwickelt. Besuchen Sie unsere Website!\",\"breadcrumb\":{\"@id\":\"https:\/\/vansichen.be\/de\/verfahrachsen-fur-roboter\/fanuc-roboter\/verfahrachse-ft65-d\/#breadcrumb\"},\"inLanguage\":\"de\",\"potentialAction\":[{\"@type\":\"ReadAction\",\"target\":[\"https:\/\/vansichen.be\/de\/verfahrachsen-fur-roboter\/fanuc-roboter\/verfahrachse-ft65-d\/\"]}]},{\"@type\":\"BreadcrumbList\",\"@id\":\"https:\/\/vansichen.be\/de\/verfahrachsen-fur-roboter\/fanuc-roboter\/verfahrachse-ft65-d\/#breadcrumb\",\"itemListElement\":[{\"@type\":\"ListItem\",\"position\":1,\"name\":\"Home\",\"item\":\"https:\/\/vansichen.be\/de\/\"},{\"@type\":\"ListItem\",\"position\":2,\"name\":\"Verfahrachsen f\u00fcr Roboter\",\"item\":\"https:\/\/vansichen.be\/de\/verfahrachsen-fur-roboter\/\"},{\"@type\":\"ListItem\",\"position\":3,\"name\":\"Fanuc roboter\",\"item\":\"https:\/\/vansichen.be\/de\/verfahrachsen-fur-roboter\/fanuc-roboter\/\"},{\"@type\":\"ListItem\",\"position\":4,\"name\":\"Verfahrachse FT65-D\"}]},{\"@type\":\"WebSite\",\"@id\":\"https:\/\/vansichen.be\/de\/#website\",\"url\":\"https:\/\/vansichen.be\/de\/\",\"name\":\"Vansichen Linear Technology\",\"description\":\"\",\"publisher\":{\"@id\":\"https:\/\/vansichen.be\/de\/#organization\"},\"potentialAction\":[{\"@type\":\"SearchAction\",\"target\":{\"@type\":\"EntryPoint\",\"urlTemplate\":\"https:\/\/vansichen.be\/de\/?s={search_term_string}\"},\"query-input\":{\"@type\":\"PropertyValueSpecification\",\"valueRequired\":true,\"valueName\":\"search_term_string\"}}],\"inLanguage\":\"de\"},{\"@type\":\"Organization\",\"@id\":\"https:\/\/vansichen.be\/de\/#organization\",\"name\":\"Vansichen Linear Technology\",\"url\":\"https:\/\/vansichen.be\/de\/\",\"logo\":{\"@type\":\"ImageObject\",\"inLanguage\":\"de\",\"@id\":\"https:\/\/vansichen.be\/de\/#\/schema\/logo\/image\/\",\"url\":\"https:\/\/vansichen.be\/wp-content\/uploads\/2020\/03\/Vansichen_home_2020_4.png\",\"contentUrl\":\"https:\/\/vansichen.be\/wp-content\/uploads\/2020\/03\/Vansichen_home_2020_4.png\",\"width\":260,\"height\":44,\"caption\":\"Vansichen Linear Technology\"},\"image\":{\"@id\":\"https:\/\/vansichen.be\/de\/#\/schema\/logo\/image\/\"}}]}<\/script>\n<!-- \/ Yoast SEO plugin. -->","yoast_head_json":{"title":"Verfahrachse FT65-D - Fanuc - Vansichen Linear Technology","description":"Verfahrachse SRMC-FT65-D. F\u00fcr FANUC-Roboter hat Vansichen Lineartechnik ein Standardsortiment Tracks entwickelt. Besuchen Sie unsere Website!","robots":{"index":"index","follow":"follow","max-snippet":"max-snippet:-1","max-image-preview":"max-image-preview:large","max-video-preview":"max-video-preview:-1"},"canonical":"https:\/\/vansichen.be\/de\/verfahrachsen-fur-roboter\/fanuc-roboter\/verfahrachse-ft65-d\/","og_locale":"de_DE","og_type":"article","og_title":"Verfahrachse FT65-D - Fanuc - Vansichen Linear Technology","og_description":"Verfahrachse SRMC-FT65-D. F\u00fcr FANUC-Roboter hat Vansichen Lineartechnik ein Standardsortiment Tracks entwickelt. Besuchen Sie unsere Website!","og_url":"https:\/\/vansichen.be\/de\/verfahrachsen-fur-roboter\/fanuc-roboter\/verfahrachse-ft65-d\/","og_site_name":"Vansichen Linear Technology","article_modified_time":"2026-04-13T12:24:24+00:00","twitter_card":"summary_large_image","twitter_misc":{"Gesch\u00e4tzte Lesezeit":"1\u00a0Minute"},"schema":{"@context":"https:\/\/schema.org","@graph":[{"@type":"WebPage","@id":"https:\/\/vansichen.be\/de\/verfahrachsen-fur-roboter\/fanuc-roboter\/verfahrachse-ft65-d\/","url":"https:\/\/vansichen.be\/de\/verfahrachsen-fur-roboter\/fanuc-roboter\/verfahrachse-ft65-d\/","name":"Verfahrachse FT65-D - Fanuc - Vansichen Linear Technology","isPartOf":{"@id":"https:\/\/vansichen.be\/de\/#website"},"datePublished":"2022-12-09T15:10:15+00:00","dateModified":"2026-04-13T12:24:24+00:00","description":"Verfahrachse SRMC-FT65-D. F\u00fcr FANUC-Roboter hat Vansichen Lineartechnik ein Standardsortiment Tracks entwickelt. Besuchen Sie unsere Website!","breadcrumb":{"@id":"https:\/\/vansichen.be\/de\/verfahrachsen-fur-roboter\/fanuc-roboter\/verfahrachse-ft65-d\/#breadcrumb"},"inLanguage":"de","potentialAction":[{"@type":"ReadAction","target":["https:\/\/vansichen.be\/de\/verfahrachsen-fur-roboter\/fanuc-roboter\/verfahrachse-ft65-d\/"]}]},{"@type":"BreadcrumbList","@id":"https:\/\/vansichen.be\/de\/verfahrachsen-fur-roboter\/fanuc-roboter\/verfahrachse-ft65-d\/#breadcrumb","itemListElement":[{"@type":"ListItem","position":1,"name":"Home","item":"https:\/\/vansichen.be\/de\/"},{"@type":"ListItem","position":2,"name":"Verfahrachsen f\u00fcr Roboter","item":"https:\/\/vansichen.be\/de\/verfahrachsen-fur-roboter\/"},{"@type":"ListItem","position":3,"name":"Fanuc roboter","item":"https:\/\/vansichen.be\/de\/verfahrachsen-fur-roboter\/fanuc-roboter\/"},{"@type":"ListItem","position":4,"name":"Verfahrachse FT65-D"}]},{"@type":"WebSite","@id":"https:\/\/vansichen.be\/de\/#website","url":"https:\/\/vansichen.be\/de\/","name":"Vansichen Linear Technology","description":"","publisher":{"@id":"https:\/\/vansichen.be\/de\/#organization"},"potentialAction":[{"@type":"SearchAction","target":{"@type":"EntryPoint","urlTemplate":"https:\/\/vansichen.be\/de\/?s={search_term_string}"},"query-input":{"@type":"PropertyValueSpecification","valueRequired":true,"valueName":"search_term_string"}}],"inLanguage":"de"},{"@type":"Organization","@id":"https:\/\/vansichen.be\/de\/#organization","name":"Vansichen Linear Technology","url":"https:\/\/vansichen.be\/de\/","logo":{"@type":"ImageObject","inLanguage":"de","@id":"https:\/\/vansichen.be\/de\/#\/schema\/logo\/image\/","url":"https:\/\/vansichen.be\/wp-content\/uploads\/2020\/03\/Vansichen_home_2020_4.png","contentUrl":"https:\/\/vansichen.be\/wp-content\/uploads\/2020\/03\/Vansichen_home_2020_4.png","width":260,"height":44,"caption":"Vansichen Linear Technology"},"image":{"@id":"https:\/\/vansichen.be\/de\/#\/schema\/logo\/image\/"}}]}},"_links":{"self":[{"href":"https:\/\/vansichen.be\/de\/wp-json\/wp\/v2\/pages\/12943","targetHints":{"allow":["GET"]}}],"collection":[{"href":"https:\/\/vansichen.be\/de\/wp-json\/wp\/v2\/pages"}],"about":[{"href":"https:\/\/vansichen.be\/de\/wp-json\/wp\/v2\/types\/page"}],"author":[{"embeddable":true,"href":"https:\/\/vansichen.be\/de\/wp-json\/wp\/v2\/users\/4"}],"replies":[{"embeddable":true,"href":"https:\/\/vansichen.be\/de\/wp-json\/wp\/v2\/comments?post=12943"}],"version-history":[{"count":7,"href":"https:\/\/vansichen.be\/de\/wp-json\/wp\/v2\/pages\/12943\/revisions"}],"predecessor-version":[{"id":20337,"href":"https:\/\/vansichen.be\/de\/wp-json\/wp\/v2\/pages\/12943\/revisions\/20337"}],"up":[{"embeddable":true,"href":"https:\/\/vansichen.be\/de\/wp-json\/wp\/v2\/pages\/6097"}],"wp:attachment":[{"href":"https:\/\/vansichen.be\/de\/wp-json\/wp\/v2\/media?parent=12943"}],"curies":[{"name":"wp","href":"https:\/\/api.w.org\/{rel}","templated":true}]}}