{"id":15260,"date":"2023-09-27T11:25:08","date_gmt":"2023-09-27T11:25:08","guid":{"rendered":"https:\/\/vansichen.be\/?page_id=15260"},"modified":"2023-09-28T11:33:43","modified_gmt":"2023-09-28T11:33:43","slug":"comau-roboter","status":"publish","type":"page","link":"https:\/\/vansichen.be\/de\/verfahrachsen-fur-roboter\/comau-roboter\/","title":{"rendered":"COMAU-Roboter"},"content":{"rendered":"<div class=\"wpb-content-wrapper\"><p>[vc_row][vc_column][vc_custom_heading text=&#8220;COMAU-ROBOTER&#8220; font_container=&#8220;tag:h1|font_size:53px|text_align:left|color:%23e6007e&#8220; google_fonts=&#8220;font_family:Source%20Sans%20Pro%3A200%2C200italic%2C300%2C300italic%2Cregular%2Citalic%2C600%2C600italic%2C700%2C700italic%2C900%2C900italic|font_style:900%20bold%20regular%3A900%3Anormal&#8220;][\/vc_column][\/vc_row][vc_row][vc_column width=&#8220;2\/3&#8243;][vc_column_text]<a href=\"https:\/\/www.comau.com\/de\/\" target=\"_blank\" rel=\"noopener\">Comau<\/a> ist ein italienischer Hersteller von Robotern mit Sitz in Turin und mehr als 4.000 Mitarbeitern. Das Unternehmen ist unter anderem im Automobilsektor t\u00e4tig, und seine Roboter k\u00f6nnen ohne Steuerung gekauft werden. <a href=\"\/de\/kontakt\/\">Kontaktieren Sie uns<\/a> f\u00fcr alle L\u00f6sungen rund um die Erweiterung der Reichweite Ihres COMAU-Roboters.[\/vc_column_text][vc_row_inner][vc_column_inner width=&#8220;1\/2&#8243;][vc_single_image image=&#8220;15248&#8243; img_size=&#8220;400&#215;300&#8243; onclick=&#8220;link_image&#8220;][\/vc_column_inner][vc_column_inner width=&#8220;1\/2&#8243;][vc_single_image image=&#8220;15252&#8243; img_size=&#8220;400&#215;300&#8243; onclick=&#8220;link_image&#8220;][\/vc_column_inner][\/vc_row_inner][\/vc_column][vc_column width=&#8220;1\/3&#8243;][vc_widget_sidebar sidebar_id=&#8220;top-area-1&#8243;][\/vc_column][\/vc_row]<\/p>\n<\/div>","protected":false},"excerpt":{"rendered":"<p>[vc_row][vc_column][vc_custom_heading text=&#8220;COMAU-ROBOTER&#8220; font_container=&#8220;tag:h1|font_size:53px|text_align:left|color:%23e6007e&#8220; google_fonts=&#8220;font_family:Source%20Sans%20Pro%3A200%2C200italic%2C300%2C300italic%2Cregular%2Citalic%2C600%2C600italic%2C700%2C700italic%2C900%2C900italic|font_style:900%20bold%20regular%3A900%3Anormal&#8220;][\/vc_column][\/vc_row][vc_row][vc_column width=&#8220;2\/3&#8243;][vc_column_text]Comau ist ein italienischer Hersteller von Robotern mit Sitz in Turin und mehr als 4.000 Mitarbeitern.<span class=\"excerpt-hellip\"> [\u2026]<\/span><\/p>\n","protected":false},"author":4,"featured_media":0,"parent":418,"menu_order":0,"comment_status":"closed","ping_status":"closed","template":"","meta":{"inline_featured_image":false,"footnotes":""},"class_list":["post-15260","page","type-page","status-publish","hentry"],"yoast_head":"<!-- This site is optimized with the Yoast SEO plugin v26.8 - https:\/\/yoast.com\/product\/yoast-seo-wordpress\/ -->\n<title>COMAU-Robot - Verfahrachsen f\u00fcr Roboter - Vansichen Linear Technology<\/title>\n<meta name=\"description\" content=\"F\u00fcr Ihren COMAU-Roboter haben wir die perfekte Erweiterung des COMAU-Sortiments an Verfahrachsen. Kontaktieren Sie uns f\u00fcr alle L\u00f6sungen.\" \/>\n<meta name=\"robots\" content=\"index, follow, max-snippet:-1, max-image-preview:large, max-video-preview:-1\" \/>\n<link rel=\"canonical\" href=\"https:\/\/vansichen.be\/de\/verfahrachsen-fur-roboter\/comau-roboter\/\" \/>\n<meta property=\"og:locale\" content=\"de_DE\" \/>\n<meta property=\"og:type\" content=\"article\" \/>\n<meta property=\"og:title\" content=\"COMAU-Robot - Verfahrachsen f\u00fcr Roboter - Vansichen Linear Technology\" \/>\n<meta property=\"og:description\" content=\"F\u00fcr Ihren COMAU-Roboter haben wir die perfekte Erweiterung des COMAU-Sortiments an Verfahrachsen. Kontaktieren Sie uns f\u00fcr alle L\u00f6sungen.\" \/>\n<meta property=\"og:url\" content=\"https:\/\/vansichen.be\/de\/verfahrachsen-fur-roboter\/comau-roboter\/\" \/>\n<meta property=\"og:site_name\" content=\"Vansichen Linear Technology\" \/>\n<meta property=\"article:modified_time\" content=\"2023-09-28T11:33:43+00:00\" \/>\n<meta name=\"twitter:card\" content=\"summary_large_image\" \/>\n<meta name=\"twitter:label1\" content=\"Gesch\u00e4tzte Lesezeit\" \/>\n\t<meta name=\"twitter:data1\" content=\"1\u00a0Minute\" \/>\n<script type=\"application\/ld+json\" class=\"yoast-schema-graph\">{\"@context\":\"https:\/\/schema.org\",\"@graph\":[{\"@type\":\"WebPage\",\"@id\":\"https:\/\/vansichen.be\/de\/verfahrachsen-fur-roboter\/comau-roboter\/\",\"url\":\"https:\/\/vansichen.be\/de\/verfahrachsen-fur-roboter\/comau-roboter\/\",\"name\":\"COMAU-Robot - Verfahrachsen f\u00fcr Roboter - Vansichen Linear Technology\",\"isPartOf\":{\"@id\":\"https:\/\/vansichen.be\/de\/#website\"},\"datePublished\":\"2023-09-27T11:25:08+00:00\",\"dateModified\":\"2023-09-28T11:33:43+00:00\",\"description\":\"F\u00fcr Ihren COMAU-Roboter haben wir die perfekte Erweiterung des COMAU-Sortiments an Verfahrachsen. Kontaktieren Sie uns f\u00fcr alle L\u00f6sungen.\",\"breadcrumb\":{\"@id\":\"https:\/\/vansichen.be\/de\/verfahrachsen-fur-roboter\/comau-roboter\/#breadcrumb\"},\"inLanguage\":\"de\",\"potentialAction\":[{\"@type\":\"ReadAction\",\"target\":[\"https:\/\/vansichen.be\/de\/verfahrachsen-fur-roboter\/comau-roboter\/\"]}]},{\"@type\":\"BreadcrumbList\",\"@id\":\"https:\/\/vansichen.be\/de\/verfahrachsen-fur-roboter\/comau-roboter\/#breadcrumb\",\"itemListElement\":[{\"@type\":\"ListItem\",\"position\":1,\"name\":\"Home\",\"item\":\"https:\/\/vansichen.be\/de\/\"},{\"@type\":\"ListItem\",\"position\":2,\"name\":\"Verfahrachsen f\u00fcr Roboter\",\"item\":\"https:\/\/vansichen.be\/de\/verfahrachsen-fur-roboter\/\"},{\"@type\":\"ListItem\",\"position\":3,\"name\":\"COMAU-Roboter\"}]},{\"@type\":\"WebSite\",\"@id\":\"https:\/\/vansichen.be\/de\/#website\",\"url\":\"https:\/\/vansichen.be\/de\/\",\"name\":\"Vansichen Linear Technology\",\"description\":\"\",\"publisher\":{\"@id\":\"https:\/\/vansichen.be\/de\/#organization\"},\"potentialAction\":[{\"@type\":\"SearchAction\",\"target\":{\"@type\":\"EntryPoint\",\"urlTemplate\":\"https:\/\/vansichen.be\/de\/?s={search_term_string}\"},\"query-input\":{\"@type\":\"PropertyValueSpecification\",\"valueRequired\":true,\"valueName\":\"search_term_string\"}}],\"inLanguage\":\"de\"},{\"@type\":\"Organization\",\"@id\":\"https:\/\/vansichen.be\/de\/#organization\",\"name\":\"Vansichen Linear Technology\",\"url\":\"https:\/\/vansichen.be\/de\/\",\"logo\":{\"@type\":\"ImageObject\",\"inLanguage\":\"de\",\"@id\":\"https:\/\/vansichen.be\/de\/#\/schema\/logo\/image\/\",\"url\":\"https:\/\/vansichen.be\/wp-content\/uploads\/2020\/03\/Vansichen_home_2020_4.png\",\"contentUrl\":\"https:\/\/vansichen.be\/wp-content\/uploads\/2020\/03\/Vansichen_home_2020_4.png\",\"width\":260,\"height\":44,\"caption\":\"Vansichen Linear Technology\"},\"image\":{\"@id\":\"https:\/\/vansichen.be\/de\/#\/schema\/logo\/image\/\"}}]}<\/script>\n<!-- \/ Yoast SEO plugin. -->","yoast_head_json":{"title":"COMAU-Robot - Verfahrachsen f\u00fcr Roboter - Vansichen Linear Technology","description":"F\u00fcr Ihren COMAU-Roboter haben wir die perfekte Erweiterung des COMAU-Sortiments an Verfahrachsen. Kontaktieren Sie uns f\u00fcr alle L\u00f6sungen.","robots":{"index":"index","follow":"follow","max-snippet":"max-snippet:-1","max-image-preview":"max-image-preview:large","max-video-preview":"max-video-preview:-1"},"canonical":"https:\/\/vansichen.be\/de\/verfahrachsen-fur-roboter\/comau-roboter\/","og_locale":"de_DE","og_type":"article","og_title":"COMAU-Robot - Verfahrachsen f\u00fcr Roboter - Vansichen Linear Technology","og_description":"F\u00fcr Ihren COMAU-Roboter haben wir die perfekte Erweiterung des COMAU-Sortiments an Verfahrachsen. Kontaktieren Sie uns f\u00fcr alle L\u00f6sungen.","og_url":"https:\/\/vansichen.be\/de\/verfahrachsen-fur-roboter\/comau-roboter\/","og_site_name":"Vansichen Linear Technology","article_modified_time":"2023-09-28T11:33:43+00:00","twitter_card":"summary_large_image","twitter_misc":{"Gesch\u00e4tzte Lesezeit":"1\u00a0Minute"},"schema":{"@context":"https:\/\/schema.org","@graph":[{"@type":"WebPage","@id":"https:\/\/vansichen.be\/de\/verfahrachsen-fur-roboter\/comau-roboter\/","url":"https:\/\/vansichen.be\/de\/verfahrachsen-fur-roboter\/comau-roboter\/","name":"COMAU-Robot - Verfahrachsen f\u00fcr Roboter - Vansichen Linear Technology","isPartOf":{"@id":"https:\/\/vansichen.be\/de\/#website"},"datePublished":"2023-09-27T11:25:08+00:00","dateModified":"2023-09-28T11:33:43+00:00","description":"F\u00fcr Ihren COMAU-Roboter haben wir die perfekte Erweiterung des COMAU-Sortiments an Verfahrachsen. Kontaktieren Sie uns f\u00fcr alle L\u00f6sungen.","breadcrumb":{"@id":"https:\/\/vansichen.be\/de\/verfahrachsen-fur-roboter\/comau-roboter\/#breadcrumb"},"inLanguage":"de","potentialAction":[{"@type":"ReadAction","target":["https:\/\/vansichen.be\/de\/verfahrachsen-fur-roboter\/comau-roboter\/"]}]},{"@type":"BreadcrumbList","@id":"https:\/\/vansichen.be\/de\/verfahrachsen-fur-roboter\/comau-roboter\/#breadcrumb","itemListElement":[{"@type":"ListItem","position":1,"name":"Home","item":"https:\/\/vansichen.be\/de\/"},{"@type":"ListItem","position":2,"name":"Verfahrachsen f\u00fcr Roboter","item":"https:\/\/vansichen.be\/de\/verfahrachsen-fur-roboter\/"},{"@type":"ListItem","position":3,"name":"COMAU-Roboter"}]},{"@type":"WebSite","@id":"https:\/\/vansichen.be\/de\/#website","url":"https:\/\/vansichen.be\/de\/","name":"Vansichen Linear Technology","description":"","publisher":{"@id":"https:\/\/vansichen.be\/de\/#organization"},"potentialAction":[{"@type":"SearchAction","target":{"@type":"EntryPoint","urlTemplate":"https:\/\/vansichen.be\/de\/?s={search_term_string}"},"query-input":{"@type":"PropertyValueSpecification","valueRequired":true,"valueName":"search_term_string"}}],"inLanguage":"de"},{"@type":"Organization","@id":"https:\/\/vansichen.be\/de\/#organization","name":"Vansichen Linear Technology","url":"https:\/\/vansichen.be\/de\/","logo":{"@type":"ImageObject","inLanguage":"de","@id":"https:\/\/vansichen.be\/de\/#\/schema\/logo\/image\/","url":"https:\/\/vansichen.be\/wp-content\/uploads\/2020\/03\/Vansichen_home_2020_4.png","contentUrl":"https:\/\/vansichen.be\/wp-content\/uploads\/2020\/03\/Vansichen_home_2020_4.png","width":260,"height":44,"caption":"Vansichen Linear Technology"},"image":{"@id":"https:\/\/vansichen.be\/de\/#\/schema\/logo\/image\/"}}]}},"_links":{"self":[{"href":"https:\/\/vansichen.be\/de\/wp-json\/wp\/v2\/pages\/15260","targetHints":{"allow":["GET"]}}],"collection":[{"href":"https:\/\/vansichen.be\/de\/wp-json\/wp\/v2\/pages"}],"about":[{"href":"https:\/\/vansichen.be\/de\/wp-json\/wp\/v2\/types\/page"}],"author":[{"embeddable":true,"href":"https:\/\/vansichen.be\/de\/wp-json\/wp\/v2\/users\/4"}],"replies":[{"embeddable":true,"href":"https:\/\/vansichen.be\/de\/wp-json\/wp\/v2\/comments?post=15260"}],"version-history":[{"count":5,"href":"https:\/\/vansichen.be\/de\/wp-json\/wp\/v2\/pages\/15260\/revisions"}],"predecessor-version":[{"id":15301,"href":"https:\/\/vansichen.be\/de\/wp-json\/wp\/v2\/pages\/15260\/revisions\/15301"}],"up":[{"embeddable":true,"href":"https:\/\/vansichen.be\/de\/wp-json\/wp\/v2\/pages\/418"}],"wp:attachment":[{"href":"https:\/\/vansichen.be\/de\/wp-json\/wp\/v2\/media?parent=15260"}],"curies":[{"name":"wp","href":"https:\/\/api.w.org\/{rel}","templated":true}]}}