{"id":16031,"date":"2023-11-16T08:59:09","date_gmt":"2023-11-16T08:59:09","guid":{"rendered":"https:\/\/vansichen.be\/?page_id=16031"},"modified":"2023-12-21T11:17:51","modified_gmt":"2023-12-21T11:17:51","slug":"verfahrachse-at35-w","status":"publish","type":"page","link":"https:\/\/vansichen.be\/de\/verfahrachsen-fur-roboter\/abb\/verfahrachse-at35-w\/","title":{"rendered":"Verfahrachse AT35-W"},"content":{"rendered":"<div class=\"wpb-content-wrapper\"><p>[vc_row][vc_column][vc_custom_heading text=&#8220;VERFAHRACHSE AT35-W&#8220; font_container=&#8220;tag:h1|font_size:53px|text_align:left|color:%23e6007e&#8220; google_fonts=&#8220;font_family:Source%20Sans%20Pro%3A200%2C200italic%2C300%2C300italic%2Cregular%2Citalic%2C600%2C600italic%2C700%2C700italic%2C900%2C900italic|font_style:900%20bold%20regular%3A900%3Anormal&#8220;][vc_row_inner][vc_column_inner width=&#8220;1\/2&#8243;][vc_column_text css_animation=&#8220;fadeInUp&#8220;]<\/p>\n<div class=\"tg-wrap\">\n<table class=\"tg\">\n<tbody>\n<tr>\n<td class=\"tg-q0ss\" style=\"text-align: left;\">Montageposition<\/td>\n<td class=\"tg-0lax\" style=\"text-align: left;\">Boden<\/td>\n<\/tr>\n<tr>\n<td class=\"tg-0lax\" style=\"text-align: left;\">Gewicht pro Meter<\/td>\n<td class=\"tg-0lax\" style=\"text-align: left;\">185 kg\/m<\/td>\n<\/tr>\n<tr>\n<td class=\"tg-0lax\" style=\"text-align: left;\">F\u00fchrungsgr\u00f6\u00dfe<\/td>\n<td class=\"tg-0lax\" style=\"text-align: left;\">35<\/td>\n<\/tr>\n<tr>\n<td class=\"tg-0lax\" style=\"text-align: left;\">Zahnstangengr\u00f6\u00dfe<\/td>\n<td class=\"tg-0lax\" style=\"text-align: left;\">M3<\/td>\n<\/tr>\n<tr>\n<td class=\"tg-0lax\" style=\"text-align: left;\">Beschleunigung<\/td>\n<td class=\"tg-0lax\" style=\"text-align: left;\">2.5m\/s\u00b2<\/td>\n<\/tr>\n<tr>\n<td class=\"tg-0lax\" style=\"text-align: left;\">Geschwindigkeit<\/td>\n<td class=\"tg-0lax\" style=\"text-align: left;\">2.5m\/s<\/td>\n<\/tr>\n<\/tbody>\n<\/table>\n<p>&nbsp;<\/p>\n<\/div>\n<p>[\/vc_column_text][\/vc_column_inner][vc_column_inner width=&#8220;1\/2&#8243;][vc_column_text css_animation=&#8220;fadeInUp&#8220;]<\/p>\n<div class=\"tg-wrap\">\n<table class=\"tg\">\n<tbody>\n<tr>\n<td class=\"tg-q0ss\" style=\"text-align: left;\"><strong>Geeignete ABB Roboter<\/strong><\/td>\n<\/tr>\n<tr>\n<td class=\"tg-0lax\" style=\"text-align: left;\">IRB 1600 series<\/td>\n<\/tr>\n<tr>\n<td class=\"tg-0lax\" style=\"text-align: left;\">IRB 1660 series<\/td>\n<\/tr>\n<\/tbody>\n<\/table>\n<\/div>\n<p>[\/vc_column_text][\/vc_column_inner][\/vc_row_inner][vc_custom_heading text=&#8220;3D-DATEI \u00dcBER DEN KONFIGURATOR HERUNTERLADEN&#8220; font_container=&#8220;tag:h2|font_size:30px|text_align:left|color:%23e6007e&#8220; google_fonts=&#8220;font_family:Source%20Sans%20Pro%3A200%2C200italic%2C300%2C300italic%2Cregular%2Citalic%2C600%2C600italic%2C700%2C700italic%2C900%2C900italic|font_style:900%20bold%20regular%3A900%3Anormal&#8220; css_animation=&#8220;none&#8220;][vc_separator color=&#8220;custom&#8220; border_width=&#8220;2&#8243; css_animation=&#8220;none&#8220; accent_color=&#8220;#e6007e&#8220;][vc_raw_html]JTNDZGl2JTIwaWQlM0QlMjJ0cC1wYXJ0cy1pbmplY3RvciUyMiUyMHByb2R1Y3QlM0QlMjIxMC0yOTA2MjAyMy0wODI3MDclMjIlMjBlbHMtaWQlM0QlMjJ2YW5zaWNoZW4lMjIlMjBkYXRhLWNvbmZpZ3VyYXRvci10eXBlJTNEJTIyZ3JpZCUyMiUyMHN0eWxlJTNEJTIyaGVpZ2h0JTNBJTIwNTAwcHglM0IlMjB3aWR0aCUzQSUyMDEwMCUyNSUzQiUyMiUzRSUzQyUyRmRpdiUzRQ==[\/vc_raw_html][vc_separator color=&#8220;custom&#8220; border_width=&#8220;2&#8243; css_animation=&#8220;none&#8220; accent_color=&#8220;#e6007e&#8220;][vc_row_inner][vc_column_inner width=&#8220;1\/2&#8243;][vc_single_image image=&#8220;14735&#8243; img_size=&#8220;full&#8220; onclick=&#8220;link_image&#8220; css_animation=&#8220;fadeInUp&#8220;][\/vc_column_inner][vc_column_inner width=&#8220;1\/2&#8243;][vc_single_image image=&#8220;15837&#8243; img_size=&#8220;full&#8220; onclick=&#8220;link_image&#8220; css_animation=&#8220;fadeInUp&#8220;][\/vc_column_inner][\/vc_row_inner][\/vc_column][\/vc_row]<\/p>\n<\/div>","protected":false},"excerpt":{"rendered":"<p>[vc_row][vc_column][vc_custom_heading text=&#8220;VERFAHRACHSE AT35-W&#8220; font_container=&#8220;tag:h1|font_size:53px|text_align:left|color:%23e6007e&#8220; google_fonts=&#8220;font_family:Source%20Sans%20Pro%3A200%2C200italic%2C300%2C300italic%2Cregular%2Citalic%2C600%2C600italic%2C700%2C700italic%2C900%2C900italic|font_style:900%20bold%20regular%3A900%3Anormal&#8220;][vc_row_inner][vc_column_inner width=&#8220;1\/2&#8243;][vc_column_text css_animation=&#8220;fadeInUp&#8220;] Montageposition Boden Gewicht pro Meter 185 kg\/m F\u00fchrungsgr\u00f6\u00dfe 35 Zahnstangengr\u00f6\u00dfe M3 Beschleunigung 2.5m\/s\u00b2<span class=\"excerpt-hellip\"> [\u2026]<\/span><\/p>\n","protected":false},"author":4,"featured_media":15837,"parent":7440,"menu_order":0,"comment_status":"closed","ping_status":"closed","template":"","meta":{"inline_featured_image":false,"footnotes":""},"class_list":["post-16031","page","type-page","status-publish","has-post-thumbnail","hentry","catrobottracks-arc-mate-series-de","catrobottracks-articc3-1035-30kg-at_00003-de","catrobottracks-articc3-1646-60kg-at_30005-de","catrobottracks-articc5-1759-60kg-at_10005-de","catrobottracks-articc5-1918-45kg-at_10010-de","catrobottracks-articc5-2057-30kg-at_10006-de","catrobottracks-articc6-1803-20kg-at_00014-de","catrobottracks-cr-15ia-de","catrobottracks-cr14ia-l-de","catrobottracks-crx-20ia-l-de","catrobottracks-crx-25ia-de","catrobottracks-irb-1600-series-de","catrobottracks-irb1660-series-de","catrobottracks-kr-10-r1420-2-de","catrobottracks-kr-16-series-de","catrobottracks-kr12-r1810-2-de","catrobottracks-kr20-r1810-2-de","catrobottracks-kr22-r1610-2-de","catrobottracks-kr6-r1820-r1840-de","catrobottracks-kr8-series-de","catrobottracks-m-10-series-de","catrobottracks-m-20-series-de","catrobottracks-mc12s-de","catrobottracks-mc20-de","catrobottracks-nv06-de","catrobottracks-nv06l-de","manufacturers-abb-de","manufacturers-autonox-de","manufacturers-fanuc-de","manufacturers-kuka-de","manufacturers-nachi-de"],"yoast_head":"<!-- This site is optimized with the Yoast SEO plugin v26.8 - https:\/\/yoast.com\/product\/yoast-seo-wordpress\/ -->\n<title>Verfahrachse AT35-W - ABB - Vansichen Linear Technology<\/title>\n<meta name=\"description\" content=\"Verfahrachse AT35-W. F\u00fcr ABB hat Vansichen Lineartechnik ein Standardsortiment Tracks entwickelt. Besuchen Sie unsere Website!\" \/>\n<meta name=\"robots\" content=\"index, follow, max-snippet:-1, max-image-preview:large, max-video-preview:-1\" \/>\n<link rel=\"canonical\" href=\"https:\/\/vansichen.be\/de\/verfahrachsen-fur-roboter\/abb\/verfahrachse-at35-w\/\" \/>\n<meta property=\"og:locale\" content=\"de_DE\" \/>\n<meta property=\"og:type\" content=\"article\" \/>\n<meta property=\"og:title\" content=\"Verfahrachse AT35-W - ABB - Vansichen Linear Technology\" \/>\n<meta property=\"og:description\" content=\"Verfahrachse AT35-W. F\u00fcr ABB hat Vansichen Lineartechnik ein Standardsortiment Tracks entwickelt. Besuchen Sie unsere Website!\" \/>\n<meta property=\"og:url\" content=\"https:\/\/vansichen.be\/de\/verfahrachsen-fur-roboter\/abb\/verfahrachse-at35-w\/\" \/>\n<meta property=\"og:site_name\" content=\"Vansichen Linear Technology\" \/>\n<meta property=\"article:modified_time\" content=\"2023-12-21T11:17:51+00:00\" \/>\n<meta property=\"og:image\" content=\"https:\/\/vansichen.be\/wp-content\/uploads\/2023\/11\/AT35-W-Wit.jpg\" \/>\n\t<meta property=\"og:image:width\" content=\"1158\" \/>\n\t<meta property=\"og:image:height\" content=\"819\" \/>\n\t<meta property=\"og:image:type\" content=\"image\/jpeg\" \/>\n<meta name=\"twitter:card\" content=\"summary_large_image\" \/>\n<meta name=\"twitter:label1\" content=\"Gesch\u00e4tzte Lesezeit\" \/>\n\t<meta name=\"twitter:data1\" content=\"1\u00a0Minute\" \/>\n<script type=\"application\/ld+json\" class=\"yoast-schema-graph\">{\"@context\":\"https:\/\/schema.org\",\"@graph\":[{\"@type\":\"WebPage\",\"@id\":\"https:\/\/vansichen.be\/de\/verfahrachsen-fur-roboter\/abb\/verfahrachse-at35-w\/\",\"url\":\"https:\/\/vansichen.be\/de\/verfahrachsen-fur-roboter\/abb\/verfahrachse-at35-w\/\",\"name\":\"Verfahrachse AT35-W - ABB - Vansichen Linear Technology\",\"isPartOf\":{\"@id\":\"https:\/\/vansichen.be\/de\/#website\"},\"primaryImageOfPage\":{\"@id\":\"https:\/\/vansichen.be\/de\/verfahrachsen-fur-roboter\/abb\/verfahrachse-at35-w\/#primaryimage\"},\"image\":{\"@id\":\"https:\/\/vansichen.be\/de\/verfahrachsen-fur-roboter\/abb\/verfahrachse-at35-w\/#primaryimage\"},\"thumbnailUrl\":\"https:\/\/vansichen.be\/wp-content\/uploads\/2023\/11\/AT35-W-Wit.jpg\",\"datePublished\":\"2023-11-16T08:59:09+00:00\",\"dateModified\":\"2023-12-21T11:17:51+00:00\",\"description\":\"Verfahrachse AT35-W. F\u00fcr ABB hat Vansichen Lineartechnik ein Standardsortiment Tracks entwickelt. Besuchen Sie unsere Website!\",\"breadcrumb\":{\"@id\":\"https:\/\/vansichen.be\/de\/verfahrachsen-fur-roboter\/abb\/verfahrachse-at35-w\/#breadcrumb\"},\"inLanguage\":\"de\",\"potentialAction\":[{\"@type\":\"ReadAction\",\"target\":[\"https:\/\/vansichen.be\/de\/verfahrachsen-fur-roboter\/abb\/verfahrachse-at35-w\/\"]}]},{\"@type\":\"ImageObject\",\"inLanguage\":\"de\",\"@id\":\"https:\/\/vansichen.be\/de\/verfahrachsen-fur-roboter\/abb\/verfahrachse-at35-w\/#primaryimage\",\"url\":\"https:\/\/vansichen.be\/wp-content\/uploads\/2023\/11\/AT35-W-Wit.jpg\",\"contentUrl\":\"https:\/\/vansichen.be\/wp-content\/uploads\/2023\/11\/AT35-W-Wit.jpg\",\"width\":1158,\"height\":819},{\"@type\":\"BreadcrumbList\",\"@id\":\"https:\/\/vansichen.be\/de\/verfahrachsen-fur-roboter\/abb\/verfahrachse-at35-w\/#breadcrumb\",\"itemListElement\":[{\"@type\":\"ListItem\",\"position\":1,\"name\":\"Home\",\"item\":\"https:\/\/vansichen.be\/de\/\"},{\"@type\":\"ListItem\",\"position\":2,\"name\":\"Verfahrachsen f\u00fcr Roboter\",\"item\":\"https:\/\/vansichen.be\/de\/verfahrachsen-fur-roboter\/\"},{\"@type\":\"ListItem\",\"position\":3,\"name\":\"ABB-Roboter\",\"item\":\"https:\/\/vansichen.be\/de\/verfahrachsen-fur-roboter\/abb-roboter\/\"},{\"@type\":\"ListItem\",\"position\":4,\"name\":\"Verfahrachse AT35-W\"}]},{\"@type\":\"WebSite\",\"@id\":\"https:\/\/vansichen.be\/de\/#website\",\"url\":\"https:\/\/vansichen.be\/de\/\",\"name\":\"Vansichen Linear Technology\",\"description\":\"\",\"publisher\":{\"@id\":\"https:\/\/vansichen.be\/de\/#organization\"},\"potentialAction\":[{\"@type\":\"SearchAction\",\"target\":{\"@type\":\"EntryPoint\",\"urlTemplate\":\"https:\/\/vansichen.be\/de\/?s={search_term_string}\"},\"query-input\":{\"@type\":\"PropertyValueSpecification\",\"valueRequired\":true,\"valueName\":\"search_term_string\"}}],\"inLanguage\":\"de\"},{\"@type\":\"Organization\",\"@id\":\"https:\/\/vansichen.be\/de\/#organization\",\"name\":\"Vansichen Linear Technology\",\"url\":\"https:\/\/vansichen.be\/de\/\",\"logo\":{\"@type\":\"ImageObject\",\"inLanguage\":\"de\",\"@id\":\"https:\/\/vansichen.be\/de\/#\/schema\/logo\/image\/\",\"url\":\"https:\/\/vansichen.be\/wp-content\/uploads\/2020\/03\/Vansichen_home_2020_4.png\",\"contentUrl\":\"https:\/\/vansichen.be\/wp-content\/uploads\/2020\/03\/Vansichen_home_2020_4.png\",\"width\":260,\"height\":44,\"caption\":\"Vansichen Linear Technology\"},\"image\":{\"@id\":\"https:\/\/vansichen.be\/de\/#\/schema\/logo\/image\/\"}}]}<\/script>\n<!-- \/ Yoast SEO plugin. -->","yoast_head_json":{"title":"Verfahrachse AT35-W - ABB - Vansichen Linear Technology","description":"Verfahrachse AT35-W. F\u00fcr ABB hat Vansichen Lineartechnik ein Standardsortiment Tracks entwickelt. Besuchen Sie unsere Website!","robots":{"index":"index","follow":"follow","max-snippet":"max-snippet:-1","max-image-preview":"max-image-preview:large","max-video-preview":"max-video-preview:-1"},"canonical":"https:\/\/vansichen.be\/de\/verfahrachsen-fur-roboter\/abb\/verfahrachse-at35-w\/","og_locale":"de_DE","og_type":"article","og_title":"Verfahrachse AT35-W - ABB - Vansichen Linear Technology","og_description":"Verfahrachse AT35-W. F\u00fcr ABB hat Vansichen Lineartechnik ein Standardsortiment Tracks entwickelt. Besuchen Sie unsere Website!","og_url":"https:\/\/vansichen.be\/de\/verfahrachsen-fur-roboter\/abb\/verfahrachse-at35-w\/","og_site_name":"Vansichen Linear Technology","article_modified_time":"2023-12-21T11:17:51+00:00","og_image":[{"width":1158,"height":819,"url":"https:\/\/vansichen.be\/wp-content\/uploads\/2023\/11\/AT35-W-Wit.jpg","type":"image\/jpeg"}],"twitter_card":"summary_large_image","twitter_misc":{"Gesch\u00e4tzte Lesezeit":"1\u00a0Minute"},"schema":{"@context":"https:\/\/schema.org","@graph":[{"@type":"WebPage","@id":"https:\/\/vansichen.be\/de\/verfahrachsen-fur-roboter\/abb\/verfahrachse-at35-w\/","url":"https:\/\/vansichen.be\/de\/verfahrachsen-fur-roboter\/abb\/verfahrachse-at35-w\/","name":"Verfahrachse AT35-W - ABB - Vansichen Linear Technology","isPartOf":{"@id":"https:\/\/vansichen.be\/de\/#website"},"primaryImageOfPage":{"@id":"https:\/\/vansichen.be\/de\/verfahrachsen-fur-roboter\/abb\/verfahrachse-at35-w\/#primaryimage"},"image":{"@id":"https:\/\/vansichen.be\/de\/verfahrachsen-fur-roboter\/abb\/verfahrachse-at35-w\/#primaryimage"},"thumbnailUrl":"https:\/\/vansichen.be\/wp-content\/uploads\/2023\/11\/AT35-W-Wit.jpg","datePublished":"2023-11-16T08:59:09+00:00","dateModified":"2023-12-21T11:17:51+00:00","description":"Verfahrachse AT35-W. F\u00fcr ABB hat Vansichen Lineartechnik ein Standardsortiment Tracks entwickelt. Besuchen Sie unsere Website!","breadcrumb":{"@id":"https:\/\/vansichen.be\/de\/verfahrachsen-fur-roboter\/abb\/verfahrachse-at35-w\/#breadcrumb"},"inLanguage":"de","potentialAction":[{"@type":"ReadAction","target":["https:\/\/vansichen.be\/de\/verfahrachsen-fur-roboter\/abb\/verfahrachse-at35-w\/"]}]},{"@type":"ImageObject","inLanguage":"de","@id":"https:\/\/vansichen.be\/de\/verfahrachsen-fur-roboter\/abb\/verfahrachse-at35-w\/#primaryimage","url":"https:\/\/vansichen.be\/wp-content\/uploads\/2023\/11\/AT35-W-Wit.jpg","contentUrl":"https:\/\/vansichen.be\/wp-content\/uploads\/2023\/11\/AT35-W-Wit.jpg","width":1158,"height":819},{"@type":"BreadcrumbList","@id":"https:\/\/vansichen.be\/de\/verfahrachsen-fur-roboter\/abb\/verfahrachse-at35-w\/#breadcrumb","itemListElement":[{"@type":"ListItem","position":1,"name":"Home","item":"https:\/\/vansichen.be\/de\/"},{"@type":"ListItem","position":2,"name":"Verfahrachsen f\u00fcr Roboter","item":"https:\/\/vansichen.be\/de\/verfahrachsen-fur-roboter\/"},{"@type":"ListItem","position":3,"name":"ABB-Roboter","item":"https:\/\/vansichen.be\/de\/verfahrachsen-fur-roboter\/abb-roboter\/"},{"@type":"ListItem","position":4,"name":"Verfahrachse AT35-W"}]},{"@type":"WebSite","@id":"https:\/\/vansichen.be\/de\/#website","url":"https:\/\/vansichen.be\/de\/","name":"Vansichen Linear Technology","description":"","publisher":{"@id":"https:\/\/vansichen.be\/de\/#organization"},"potentialAction":[{"@type":"SearchAction","target":{"@type":"EntryPoint","urlTemplate":"https:\/\/vansichen.be\/de\/?s={search_term_string}"},"query-input":{"@type":"PropertyValueSpecification","valueRequired":true,"valueName":"search_term_string"}}],"inLanguage":"de"},{"@type":"Organization","@id":"https:\/\/vansichen.be\/de\/#organization","name":"Vansichen Linear Technology","url":"https:\/\/vansichen.be\/de\/","logo":{"@type":"ImageObject","inLanguage":"de","@id":"https:\/\/vansichen.be\/de\/#\/schema\/logo\/image\/","url":"https:\/\/vansichen.be\/wp-content\/uploads\/2020\/03\/Vansichen_home_2020_4.png","contentUrl":"https:\/\/vansichen.be\/wp-content\/uploads\/2020\/03\/Vansichen_home_2020_4.png","width":260,"height":44,"caption":"Vansichen Linear Technology"},"image":{"@id":"https:\/\/vansichen.be\/de\/#\/schema\/logo\/image\/"}}]}},"_links":{"self":[{"href":"https:\/\/vansichen.be\/de\/wp-json\/wp\/v2\/pages\/16031","targetHints":{"allow":["GET"]}}],"collection":[{"href":"https:\/\/vansichen.be\/de\/wp-json\/wp\/v2\/pages"}],"about":[{"href":"https:\/\/vansichen.be\/de\/wp-json\/wp\/v2\/types\/page"}],"author":[{"embeddable":true,"href":"https:\/\/vansichen.be\/de\/wp-json\/wp\/v2\/users\/4"}],"replies":[{"embeddable":true,"href":"https:\/\/vansichen.be\/de\/wp-json\/wp\/v2\/comments?post=16031"}],"version-history":[{"count":2,"href":"https:\/\/vansichen.be\/de\/wp-json\/wp\/v2\/pages\/16031\/revisions"}],"predecessor-version":[{"id":16039,"href":"https:\/\/vansichen.be\/de\/wp-json\/wp\/v2\/pages\/16031\/revisions\/16039"}],"up":[{"embeddable":true,"href":"https:\/\/vansichen.be\/de\/wp-json\/wp\/v2\/pages\/7440"}],"wp:featuredmedia":[{"embeddable":true,"href":"https:\/\/vansichen.be\/de\/wp-json\/wp\/v2\/media\/15837"}],"wp:attachment":[{"href":"https:\/\/vansichen.be\/de\/wp-json\/wp\/v2\/media?parent=16031"}],"curies":[{"name":"wp","href":"https:\/\/api.w.org\/{rel}","templated":true}]}}