{"id":16121,"date":"2023-11-17T14:02:14","date_gmt":"2023-11-17T14:02:14","guid":{"rendered":"https:\/\/vansichen.be\/?page_id=16121"},"modified":"2024-10-09T14:06:30","modified_gmt":"2024-10-09T14:06:30","slug":"verfahrachse-at55-f","status":"publish","type":"page","link":"https:\/\/vansichen.be\/de\/verfahrachsen-fur-roboter\/abb\/verfahrachse-at55-f\/","title":{"rendered":"Verfahrachse AT55-F"},"content":{"rendered":"<div class=\"wpb-content-wrapper\"><p>[vc_row][vc_column][vc_custom_heading text=&#8220;VERFAHRACHSE AT55-F&#8220; font_container=&#8220;tag:h1|font_size:53px|text_align:left|color:%23e6007e&#8220; google_fonts=&#8220;font_family:Source%20Sans%20Pro%3A200%2C200italic%2C300%2C300italic%2Cregular%2Citalic%2C600%2C600italic%2C700%2C700italic%2C900%2C900italic|font_style:900%20bold%20regular%3A900%3Anormal&#8220;][vc_row_inner][vc_column_inner width=&#8220;1\/2&#8243;][vc_column_text css_animation=&#8220;fadeInUp&#8220;]<\/p>\n<style type=\"text\/css\"><span data-mce-type=\"bookmark\" style=\"display: inline-block; width: 0px; overflow: hidden; line-height: 0;\" class=\"mce_SELRES_start\">\ufeff<\/span><span data-mce-type=\"bookmark\" style=\"display: inline-block; width: 0px; overflow: hidden; line-height: 0;\" class=\"mce_SELRES_start\">\ufeff<\/span><br \/>.tg  {border-collapse:collapse;border-spacing:0;}<br \/>.tg td{border-color:black;border-style:solid;border-width:1px;font-family:Arial, sans-serif;font-size:14px;<br \/>  overflow:hidden;padding:10px 5px;word-break:normal;}<br \/>.tg th{border-color:black;border-style:solid;border-width:1px;font-family:Arial, sans-serif;font-size:14px;<br \/>  font-weight:normal;overflow:hidden;padding:10px 5px;word-break:normal;}<br \/>.tg .tg-q0ss{background-color:rgb(255, 255, 255);color:rgb(51, 51, 51);text-align:left;vertical-align:top}<br \/>.tg .tg-0lax{text-align:left;vertical-align:top}<br \/>@media screen and (max-width: 767px) {.tg {width: auto !important;}.tg col {width: auto !important;}.tg-wrap {overflow-x: auto;-webkit-overflow-scrolling: touch;}}<\/style>\n<div class=\"tg-wrap\">\n<table class=\"tg\">\n<tbody>\n<tr>\n<td class=\"tg-q0ss\" style=\"text-align: left;\">Montageposition<\/td>\n<td class=\"tg-0lax\" style=\"text-align: left;\">Floor<\/td>\n<\/tr>\n<tr>\n<td class=\"tg-0lax\" style=\"text-align: left;\">Gewicht pro Meter<\/td>\n<td class=\"tg-0lax\" style=\"text-align: left;\">290 kg\/m<\/td>\n<\/tr>\n<tr>\n<td class=\"tg-0lax\" style=\"text-align: left;\">F\u00fchrungsgr\u00f6\u00dfe<\/td>\n<td class=\"tg-0lax\" style=\"text-align: left;\">55<\/td>\n<\/tr>\n<tr>\n<td class=\"tg-0lax\" style=\"text-align: left;\">Gr\u00f6\u00dfe des Gestells<\/td>\n<td class=\"tg-0lax\" style=\"text-align: left;\">M4<\/td>\n<\/tr>\n<tr>\n<td class=\"tg-0lax\" style=\"text-align: left;\">Getriebe<\/td>\n<td class=\"tg-0lax\" style=\"text-align: left;\">2m\/s\u00b2<\/td>\n<\/tr>\n<tr>\n<td class=\"tg-0lax\" style=\"text-align: left;\">Geschwindigkeit<\/td>\n<td class=\"tg-0lax\" style=\"text-align: left;\">2m\/s<\/td>\n<\/tr>\n<\/tbody>\n<\/table>\n<p>&nbsp;<\/p>\n<\/div>\n<p>[\/vc_column_text][\/vc_column_inner][vc_column_inner width=&#8220;1\/2&#8243;][vc_column_text css_animation=&#8220;fadeInUp&#8220;]<\/p>\n<div class=\"tg-wrap\">\n<table class=\"tg\">\n<tbody>\n<tr>\n<td class=\"tg-q0ss\" style=\"text-align: left;\"><strong>Geignete ABB roboter<\/strong><\/td>\n<\/tr>\n<tr>\n<td class=\"tg-0lax\" style=\"text-align: left;\">IRB 4400 series<\/td>\n<\/tr>\n<tr>\n<td class=\"tg-0lax\" style=\"text-align: left;\">IRB 460<\/td>\n<\/tr>\n<tr>\n<td class=\"tg-0lax\" style=\"text-align: left;\">IRB 5710 series<\/td>\n<\/tr>\n<tr>\n<td class=\"tg-0lax\" style=\"text-align: left;\">IRB 5720 series<\/td>\n<\/tr>\n<\/tbody>\n<\/table>\n<\/div>\n<p>[\/vc_column_text][\/vc_column_inner][\/vc_row_inner][vc_row_inner][vc_column_inner width=&#8220;1\/2&#8243;][vc_single_image image=&#8220;13612&#8243; img_size=&#8220;full&#8220; onclick=&#8220;link_image&#8220; css_animation=&#8220;fadeInUp&#8220;][\/vc_column_inner][vc_column_inner width=&#8220;1\/2&#8243;][vc_single_image image=&#8220;16128&#8243; img_size=&#8220;full&#8220; onclick=&#8220;link_image&#8220; css_animation=&#8220;fadeInUp&#8220;][\/vc_column_inner][\/vc_row_inner][\/vc_column][\/vc_row]<\/p>\n<\/div>","protected":false},"excerpt":{"rendered":"<p>[vc_row][vc_column][vc_custom_heading text=&#8220;VERFAHRACHSE AT55-F&#8220; font_container=&#8220;tag:h1|font_size:53px|text_align:left|color:%23e6007e&#8220; google_fonts=&#8220;font_family:Source%20Sans%20Pro%3A200%2C200italic%2C300%2C300italic%2Cregular%2Citalic%2C600%2C600italic%2C700%2C700italic%2C900%2C900italic|font_style:900%20bold%20regular%3A900%3Anormal&#8220;][vc_row_inner][vc_column_inner width=&#8220;1\/2&#8243;][vc_column_text css_animation=&#8220;fadeInUp&#8220;] Montageposition Floor Gewicht pro Meter 290 kg\/m F\u00fchrungsgr\u00f6\u00dfe 55 Gr\u00f6\u00dfe des Gestells M4<span class=\"excerpt-hellip\"> [\u2026]<\/span><\/p>\n","protected":false},"author":4,"featured_media":16128,"parent":7440,"menu_order":0,"comment_status":"closed","ping_status":"closed","template":"","meta":{"inline_featured_image":false,"footnotes":""},"class_list":["post-16121","page","type-page","status-publish","has-post-thumbnail","hentry","catrobottracks-cr-35ia-de","catrobottracks-irb-460-de","catrobottracks-irb-5710-series-de","catrobottracks-irb-5720-series-de","catrobottracks-irb4400-series-de","catrobottracks-m-710-series-de","catrobottracks-r-1000-series-de","manufacturers-abb-de","manufacturers-fanuc-de"],"yoast_head":"<!-- This site is optimized with the Yoast SEO plugin v26.8 - https:\/\/yoast.com\/product\/yoast-seo-wordpress\/ -->\n<title>Verfahrachse AT55-F - ABB - Vansichen Linear Technology<\/title>\n<meta name=\"description\" content=\"Verfahrachse AT55-F. F\u00fcr ABB-Roboter hat Vansichen Lineartechnik ein Standardsortiment Tracks entwickelt. Besuchen Sie unsere Website!\" \/>\n<meta name=\"robots\" content=\"index, follow, max-snippet:-1, max-image-preview:large, max-video-preview:-1\" \/>\n<link rel=\"canonical\" href=\"https:\/\/vansichen.be\/de\/verfahrachsen-fur-roboter\/abb\/verfahrachse-at55-f\/\" \/>\n<meta property=\"og:locale\" content=\"de_DE\" \/>\n<meta property=\"og:type\" content=\"article\" \/>\n<meta property=\"og:title\" content=\"Verfahrachse AT55-F - ABB - Vansichen Linear Technology\" \/>\n<meta property=\"og:description\" content=\"Verfahrachse AT55-F. F\u00fcr ABB-Roboter hat Vansichen Lineartechnik ein Standardsortiment Tracks entwickelt. Besuchen Sie unsere Website!\" \/>\n<meta property=\"og:url\" content=\"https:\/\/vansichen.be\/de\/verfahrachsen-fur-roboter\/abb\/verfahrachse-at55-f\/\" \/>\n<meta property=\"og:site_name\" content=\"Vansichen Linear Technology\" \/>\n<meta property=\"article:modified_time\" content=\"2024-10-09T14:06:30+00:00\" \/>\n<meta property=\"og:image\" content=\"https:\/\/vansichen.be\/wp-content\/uploads\/2023\/11\/AT55-F-Wit.jpg\" \/>\n\t<meta property=\"og:image:width\" content=\"1158\" \/>\n\t<meta property=\"og:image:height\" content=\"819\" \/>\n\t<meta property=\"og:image:type\" content=\"image\/jpeg\" \/>\n<meta name=\"twitter:card\" content=\"summary_large_image\" \/>\n<meta name=\"twitter:label1\" content=\"Gesch\u00e4tzte Lesezeit\" \/>\n\t<meta name=\"twitter:data1\" content=\"1\u00a0Minute\" \/>\n<script type=\"application\/ld+json\" class=\"yoast-schema-graph\">{\"@context\":\"https:\/\/schema.org\",\"@graph\":[{\"@type\":\"WebPage\",\"@id\":\"https:\/\/vansichen.be\/de\/verfahrachsen-fur-roboter\/abb\/verfahrachse-at55-f\/\",\"url\":\"https:\/\/vansichen.be\/de\/verfahrachsen-fur-roboter\/abb\/verfahrachse-at55-f\/\",\"name\":\"Verfahrachse AT55-F - ABB - Vansichen Linear Technology\",\"isPartOf\":{\"@id\":\"https:\/\/vansichen.be\/de\/#website\"},\"primaryImageOfPage\":{\"@id\":\"https:\/\/vansichen.be\/de\/verfahrachsen-fur-roboter\/abb\/verfahrachse-at55-f\/#primaryimage\"},\"image\":{\"@id\":\"https:\/\/vansichen.be\/de\/verfahrachsen-fur-roboter\/abb\/verfahrachse-at55-f\/#primaryimage\"},\"thumbnailUrl\":\"https:\/\/vansichen.be\/wp-content\/uploads\/2023\/11\/AT55-F-Wit.jpg\",\"datePublished\":\"2023-11-17T14:02:14+00:00\",\"dateModified\":\"2024-10-09T14:06:30+00:00\",\"description\":\"Verfahrachse AT55-F. F\u00fcr ABB-Roboter hat Vansichen Lineartechnik ein Standardsortiment Tracks entwickelt. Besuchen Sie unsere Website!\",\"breadcrumb\":{\"@id\":\"https:\/\/vansichen.be\/de\/verfahrachsen-fur-roboter\/abb\/verfahrachse-at55-f\/#breadcrumb\"},\"inLanguage\":\"de\",\"potentialAction\":[{\"@type\":\"ReadAction\",\"target\":[\"https:\/\/vansichen.be\/de\/verfahrachsen-fur-roboter\/abb\/verfahrachse-at55-f\/\"]}]},{\"@type\":\"ImageObject\",\"inLanguage\":\"de\",\"@id\":\"https:\/\/vansichen.be\/de\/verfahrachsen-fur-roboter\/abb\/verfahrachse-at55-f\/#primaryimage\",\"url\":\"https:\/\/vansichen.be\/wp-content\/uploads\/2023\/11\/AT55-F-Wit.jpg\",\"contentUrl\":\"https:\/\/vansichen.be\/wp-content\/uploads\/2023\/11\/AT55-F-Wit.jpg\",\"width\":1158,\"height\":819,\"caption\":\"AT55-F\"},{\"@type\":\"BreadcrumbList\",\"@id\":\"https:\/\/vansichen.be\/de\/verfahrachsen-fur-roboter\/abb\/verfahrachse-at55-f\/#breadcrumb\",\"itemListElement\":[{\"@type\":\"ListItem\",\"position\":1,\"name\":\"Home\",\"item\":\"https:\/\/vansichen.be\/de\/\"},{\"@type\":\"ListItem\",\"position\":2,\"name\":\"Verfahrachsen f\u00fcr Roboter\",\"item\":\"https:\/\/vansichen.be\/de\/verfahrachsen-fur-roboter\/\"},{\"@type\":\"ListItem\",\"position\":3,\"name\":\"ABB-Roboter\",\"item\":\"https:\/\/vansichen.be\/de\/verfahrachsen-fur-roboter\/abb-roboter\/\"},{\"@type\":\"ListItem\",\"position\":4,\"name\":\"Verfahrachse AT55-F\"}]},{\"@type\":\"WebSite\",\"@id\":\"https:\/\/vansichen.be\/de\/#website\",\"url\":\"https:\/\/vansichen.be\/de\/\",\"name\":\"Vansichen Linear Technology\",\"description\":\"\",\"publisher\":{\"@id\":\"https:\/\/vansichen.be\/de\/#organization\"},\"potentialAction\":[{\"@type\":\"SearchAction\",\"target\":{\"@type\":\"EntryPoint\",\"urlTemplate\":\"https:\/\/vansichen.be\/de\/?s={search_term_string}\"},\"query-input\":{\"@type\":\"PropertyValueSpecification\",\"valueRequired\":true,\"valueName\":\"search_term_string\"}}],\"inLanguage\":\"de\"},{\"@type\":\"Organization\",\"@id\":\"https:\/\/vansichen.be\/de\/#organization\",\"name\":\"Vansichen Linear Technology\",\"url\":\"https:\/\/vansichen.be\/de\/\",\"logo\":{\"@type\":\"ImageObject\",\"inLanguage\":\"de\",\"@id\":\"https:\/\/vansichen.be\/de\/#\/schema\/logo\/image\/\",\"url\":\"https:\/\/vansichen.be\/wp-content\/uploads\/2020\/03\/Vansichen_home_2020_4.png\",\"contentUrl\":\"https:\/\/vansichen.be\/wp-content\/uploads\/2020\/03\/Vansichen_home_2020_4.png\",\"width\":260,\"height\":44,\"caption\":\"Vansichen Linear Technology\"},\"image\":{\"@id\":\"https:\/\/vansichen.be\/de\/#\/schema\/logo\/image\/\"}}]}<\/script>\n<!-- \/ Yoast SEO plugin. -->","yoast_head_json":{"title":"Verfahrachse AT55-F - ABB - Vansichen Linear Technology","description":"Verfahrachse AT55-F. F\u00fcr ABB-Roboter hat Vansichen Lineartechnik ein Standardsortiment Tracks entwickelt. Besuchen Sie unsere Website!","robots":{"index":"index","follow":"follow","max-snippet":"max-snippet:-1","max-image-preview":"max-image-preview:large","max-video-preview":"max-video-preview:-1"},"canonical":"https:\/\/vansichen.be\/de\/verfahrachsen-fur-roboter\/abb\/verfahrachse-at55-f\/","og_locale":"de_DE","og_type":"article","og_title":"Verfahrachse AT55-F - ABB - Vansichen Linear Technology","og_description":"Verfahrachse AT55-F. F\u00fcr ABB-Roboter hat Vansichen Lineartechnik ein Standardsortiment Tracks entwickelt. Besuchen Sie unsere Website!","og_url":"https:\/\/vansichen.be\/de\/verfahrachsen-fur-roboter\/abb\/verfahrachse-at55-f\/","og_site_name":"Vansichen Linear Technology","article_modified_time":"2024-10-09T14:06:30+00:00","og_image":[{"width":1158,"height":819,"url":"https:\/\/vansichen.be\/wp-content\/uploads\/2023\/11\/AT55-F-Wit.jpg","type":"image\/jpeg"}],"twitter_card":"summary_large_image","twitter_misc":{"Gesch\u00e4tzte Lesezeit":"1\u00a0Minute"},"schema":{"@context":"https:\/\/schema.org","@graph":[{"@type":"WebPage","@id":"https:\/\/vansichen.be\/de\/verfahrachsen-fur-roboter\/abb\/verfahrachse-at55-f\/","url":"https:\/\/vansichen.be\/de\/verfahrachsen-fur-roboter\/abb\/verfahrachse-at55-f\/","name":"Verfahrachse AT55-F - ABB - Vansichen Linear Technology","isPartOf":{"@id":"https:\/\/vansichen.be\/de\/#website"},"primaryImageOfPage":{"@id":"https:\/\/vansichen.be\/de\/verfahrachsen-fur-roboter\/abb\/verfahrachse-at55-f\/#primaryimage"},"image":{"@id":"https:\/\/vansichen.be\/de\/verfahrachsen-fur-roboter\/abb\/verfahrachse-at55-f\/#primaryimage"},"thumbnailUrl":"https:\/\/vansichen.be\/wp-content\/uploads\/2023\/11\/AT55-F-Wit.jpg","datePublished":"2023-11-17T14:02:14+00:00","dateModified":"2024-10-09T14:06:30+00:00","description":"Verfahrachse AT55-F. F\u00fcr ABB-Roboter hat Vansichen Lineartechnik ein Standardsortiment Tracks entwickelt. Besuchen Sie unsere Website!","breadcrumb":{"@id":"https:\/\/vansichen.be\/de\/verfahrachsen-fur-roboter\/abb\/verfahrachse-at55-f\/#breadcrumb"},"inLanguage":"de","potentialAction":[{"@type":"ReadAction","target":["https:\/\/vansichen.be\/de\/verfahrachsen-fur-roboter\/abb\/verfahrachse-at55-f\/"]}]},{"@type":"ImageObject","inLanguage":"de","@id":"https:\/\/vansichen.be\/de\/verfahrachsen-fur-roboter\/abb\/verfahrachse-at55-f\/#primaryimage","url":"https:\/\/vansichen.be\/wp-content\/uploads\/2023\/11\/AT55-F-Wit.jpg","contentUrl":"https:\/\/vansichen.be\/wp-content\/uploads\/2023\/11\/AT55-F-Wit.jpg","width":1158,"height":819,"caption":"AT55-F"},{"@type":"BreadcrumbList","@id":"https:\/\/vansichen.be\/de\/verfahrachsen-fur-roboter\/abb\/verfahrachse-at55-f\/#breadcrumb","itemListElement":[{"@type":"ListItem","position":1,"name":"Home","item":"https:\/\/vansichen.be\/de\/"},{"@type":"ListItem","position":2,"name":"Verfahrachsen f\u00fcr Roboter","item":"https:\/\/vansichen.be\/de\/verfahrachsen-fur-roboter\/"},{"@type":"ListItem","position":3,"name":"ABB-Roboter","item":"https:\/\/vansichen.be\/de\/verfahrachsen-fur-roboter\/abb-roboter\/"},{"@type":"ListItem","position":4,"name":"Verfahrachse AT55-F"}]},{"@type":"WebSite","@id":"https:\/\/vansichen.be\/de\/#website","url":"https:\/\/vansichen.be\/de\/","name":"Vansichen Linear Technology","description":"","publisher":{"@id":"https:\/\/vansichen.be\/de\/#organization"},"potentialAction":[{"@type":"SearchAction","target":{"@type":"EntryPoint","urlTemplate":"https:\/\/vansichen.be\/de\/?s={search_term_string}"},"query-input":{"@type":"PropertyValueSpecification","valueRequired":true,"valueName":"search_term_string"}}],"inLanguage":"de"},{"@type":"Organization","@id":"https:\/\/vansichen.be\/de\/#organization","name":"Vansichen Linear Technology","url":"https:\/\/vansichen.be\/de\/","logo":{"@type":"ImageObject","inLanguage":"de","@id":"https:\/\/vansichen.be\/de\/#\/schema\/logo\/image\/","url":"https:\/\/vansichen.be\/wp-content\/uploads\/2020\/03\/Vansichen_home_2020_4.png","contentUrl":"https:\/\/vansichen.be\/wp-content\/uploads\/2020\/03\/Vansichen_home_2020_4.png","width":260,"height":44,"caption":"Vansichen Linear Technology"},"image":{"@id":"https:\/\/vansichen.be\/de\/#\/schema\/logo\/image\/"}}]}},"_links":{"self":[{"href":"https:\/\/vansichen.be\/de\/wp-json\/wp\/v2\/pages\/16121","targetHints":{"allow":["GET"]}}],"collection":[{"href":"https:\/\/vansichen.be\/de\/wp-json\/wp\/v2\/pages"}],"about":[{"href":"https:\/\/vansichen.be\/de\/wp-json\/wp\/v2\/types\/page"}],"author":[{"embeddable":true,"href":"https:\/\/vansichen.be\/de\/wp-json\/wp\/v2\/users\/4"}],"replies":[{"embeddable":true,"href":"https:\/\/vansichen.be\/de\/wp-json\/wp\/v2\/comments?post=16121"}],"version-history":[{"count":2,"href":"https:\/\/vansichen.be\/de\/wp-json\/wp\/v2\/pages\/16121\/revisions"}],"predecessor-version":[{"id":16135,"href":"https:\/\/vansichen.be\/de\/wp-json\/wp\/v2\/pages\/16121\/revisions\/16135"}],"up":[{"embeddable":true,"href":"https:\/\/vansichen.be\/de\/wp-json\/wp\/v2\/pages\/7440"}],"wp:featuredmedia":[{"embeddable":true,"href":"https:\/\/vansichen.be\/de\/wp-json\/wp\/v2\/media\/16128"}],"wp:attachment":[{"href":"https:\/\/vansichen.be\/de\/wp-json\/wp\/v2\/media?parent=16121"}],"curies":[{"name":"wp","href":"https:\/\/api.w.org\/{rel}","templated":true}]}}