{"id":1617,"date":"2020-04-23T14:22:39","date_gmt":"2020-04-23T14:22:39","guid":{"rendered":"https:\/\/vansichen.be\/kugelgewindetriebe\/"},"modified":"2025-04-25T08:20:09","modified_gmt":"2025-04-25T08:20:09","slug":"kugelgewindetriebe","status":"publish","type":"page","link":"https:\/\/vansichen.be\/de\/standardkomponenten-lineartechnik\/antriebselemente\/kugelgewindetriebe\/","title":{"rendered":"Kugelgewindetriebe"},"content":{"rendered":"<div class=\"wpb-content-wrapper\"><p>[vc_row][vc_column][vc_custom_heading text=&#8220;KUGELGEWINDETRIEBE&#8220; font_container=&#8220;tag:h1|font_size:53px|text_align:left|color:%23e6007e&#8220; google_fonts=&#8220;font_family:Source%20Sans%20Pro%3A200%2C200italic%2C300%2C300italic%2Cregular%2Citalic%2C600%2C600italic%2C700%2C700italic%2C900%2C900italic|font_style:900%20bold%20regular%3A900%3Anormal&#8220;][vc_column_text]Kugelgewindetriebe, auch Kugelumlaufspindeln genannt, bestehen aus einer Kugelgewindespindel und einer Kugelgewindemutter, in der die Kugeln und die Kugelr\u00fcckf\u00fchrung integriert sind. Kugelgewindetriebe werden h\u00e4ufig in Industriemaschinen eingesetzt.\u00a0Sie dienen zur Umsetzung einer Drehbewegung in eine L\u00e4ngsbewegung.\u00a0Dabei zeichnen sie sich durch hohe Genauigkeit bei einem hohen Wirkungsgrad aus.[\/vc_column_text][vc_gallery type=&#8220;image_grid&#8220; images=&#8220;2478,2462,2466,2474&#8243; img_size=&#8220;full&#8220; el_class=&#8220;hover-gallery&#8220;][\/vc_column][\/vc_row][vc_row][vc_column width=&#8220;2\/3&#8243;][vc_column_text]Vansichen Lineartechnik arbeitet mit 3 Lieferanten zusammen. Hiwin f\u00fcr den Standardsortiment von Kugelgewindetrieben, Miniaturen der Firma Eichenberger und gr\u00f6\u00dfere Kugelgewindespindel von Blis. Die Miniaturen von Eichenberger ab ein Durchmesser von 4 mm mit einem Abstand von 1 mm. Die gr\u00f6\u00dferen Kugelgewindespindel von Blis haben einen Durchmesser bis 200 mm mit einem Steigung bis 200 mm. Blis produziert nur Kugelgewinde-Mutter nach Zeichnung. Es gibt keine Standard-Sortiment zur Verf\u00fcgung.<\/p>\n<h4 style=\"font-size: 20px;\"><span style=\"color: #e6007e;\"><strong>SPEZIFIKATIONEN<\/strong><\/span><\/h4>\n<ul>\n<li>Abmessungen Mutter DIN69051 (Hiwin)<\/li>\n<li>Standardgenauigkeit gerollt: 0.052 mm\/300 mm (nicht f\u00fcr Eichenberger)<\/li>\n<li>Standardgenauigkeit gewirbelt: 0.023 mm\/300 mm<\/li>\n<\/ul>\n<h4 style=\"font-size: 20px;\"><span style=\"color: #e6007e;\"><strong>LAGEREINHEITEN<\/strong><\/span><\/h4>\n<p>Vansichen Linear Technology hat f\u00fcr die am h\u00e4ufigsten verwendeten Spindeln sowohl die Festlager als auch die Loslagereinheiten vorr\u00e4tig. Mit allen Herstellern sind die Endbearbeitungen nach Plan m\u00f6glich. Die Endenbearbeitungen sind bei HIWIN standardisiert.[\/vc_column_text][\/vc_column][vc_column width=&#8220;1\/3&#8243;][vc_widget_sidebar sidebar_id=&#8220;top-area-1&#8243;][\/vc_column][\/vc_row][vc_row][vc_column][vc_custom_heading text=&#8220;PARTNERS&#8220; font_container=&#8220;tag:h2|font_size:20px|text_align:left|color:%23e6007e&#8220; google_fonts=&#8220;font_family:Source%20Sans%20Pro%3A200%2C200italic%2C300%2C300italic%2Cregular%2Citalic%2C600%2C600italic%2C700%2C700italic%2C900%2C900italic|font_style:900%20bold%20regular%3A900%3Anormal&#8220;][\/vc_column][\/vc_row][vc_row el_class=&#8220;partners&#8220;][vc_column width=&#8220;1\/4&#8243;][vc_single_image image=&#8220;4270&#8243; img_size=&#8220;full&#8220; onclick=&#8220;custom_link&#8220; img_link_target=&#8220;_blank&#8220; link=&#8220;https:\/\/www.hiwin.de\/hiwin\/de\/EUR\/&#8220;][\/vc_column][vc_column width=&#8220;1\/4&#8243;][vc_single_image image=&#8220;10034&#8243; img_size=&#8220;full&#8220; onclick=&#8220;custom_link&#8220; img_link_target=&#8220;_blank&#8220; css=&#8220;&#8220; link=&#8220;https:\/\/www.eichenberger.com\/de\/&#8220;][\/vc_column][vc_column width=&#8220;1\/4&#8243;][vc_single_image image=&#8220;10038&#8243; img_size=&#8220;full&#8220; onclick=&#8220;custom_link&#8220; img_link_target=&#8220;_blank&#8220; link=&#8220;http:\/\/www.blis.de\/&#8220;][\/vc_column][vc_column width=&#8220;1\/4&#8243;][\/vc_column][\/vc_row][vc_row el_class=&#8220;links&#8220;][vc_column][vc_custom_heading text=&#8220;LINKS&#8220; font_container=&#8220;tag:h2|font_size:20px|text_align:left|color:%23e6007e&#8220; google_fonts=&#8220;font_family:Source%20Sans%20Pro%3A200%2C200italic%2C300%2C300italic%2Cregular%2Citalic%2C600%2C600italic%2C700%2C700italic%2C900%2C900italic|font_style:900%20bold%20regular%3A900%3Anormal&#8220;][vc_column_text css=&#8220;&#8220;]<a href=\"https:\/\/www.hiwin.de\/de\/configurator\/newConfiguration\/CFG_BS?paramlist=\" target=\"_blank\" rel=\"noopener noreferrer\">3D-CAD HIWIN<\/a>[\/vc_column_text][\/vc_column][\/vc_row][vc_row el_class=&#8220;downloads&#8220;][vc_column][vc_custom_heading text=&#8220;DOWNLOADS&#8220; font_container=&#8220;tag:h2|font_size:20px|text_align:left|color:%23e6007e&#8220; google_fonts=&#8220;font_family:Source%20Sans%20Pro%3A200%2C200italic%2C300%2C300italic%2Cregular%2Citalic%2C600%2C600italic%2C700%2C700italic%2C900%2C900italic|font_style:900%20bold%20regular%3A900%3Anormal&#8220;][vc_column_text]<a href=\"\/wp-content\/uploads\/2023\/06\/Kogelomloopspindels-CC-2023.pdf\" target=\"_blank\" rel=\"noopener noreferrer\">Kompakt Katalog Vansichen &#8211; Kugelgewindetriebe<\/a><br \/>\n<a href=\"https:\/\/vansichen.be\/wp-content\/uploads\/2021\/04\/Eichenberger-catalogus-spindels-DE.pdf\" target=\"_blank\" rel=\"noopener noreferrer\">Eichenberger Katalog Kugelgewindetriebe<\/a><br \/>\n<a href=\"https:\/\/vansichen.be\/wp-content\/uploads\/2021\/04\/Eichenberger-Montage-onderhoudshandleiding-EN-DE-FR-IT.pdf\" target=\"_blank\" rel=\"noopener noreferrer\">Eichenberger Montageanleitung<\/a><br \/>\n<a href=\"https:\/\/vansichen.be\/wp-content\/uploads\/2021\/04\/Hiwin-catalogus-spindel-DEB-oud-type-DE.pdf\" target=\"_blank\" rel=\"noopener noreferrer\">HIWIN Katalog Kugelgewindetriebe DEB<\/a><br \/>\n<a href=\"https:\/\/vansichen.be\/wp-content\/uploads\/2021\/04\/Hiwin-catalogus-spindels-DE.pdf\" target=\"_blank\" rel=\"noopener noreferrer\">HIWIN Katalog Kugelgewindetriebe<\/a><br \/>\n<a href=\"https:\/\/vansichen.be\/wp-content\/uploads\/2021\/04\/Hiwin-eindbewerkingen-DE.pdf\" target=\"_blank\" rel=\"noopener noreferrer\">HIWIN Endbearbeitungen<\/a><br \/>\n<a href=\"https:\/\/vansichen.be\/wp-content\/uploads\/2021\/04\/Hiwin-Montage-onderhoudshandleiding-spindels-DE.pdf\" target=\"_blank\" rel=\"noopener noreferrer\">HIWIN Montageanleitung<\/a><span style=\"color: #e6007e;\"><br \/>\n<\/span>[\/vc_column_text][\/vc_column][\/vc_row]<\/p>\n<\/div>","protected":false},"excerpt":{"rendered":"<p>[vc_row][vc_column][vc_custom_heading text=&#8220;KUGELGEWINDETRIEBE&#8220; font_container=&#8220;tag:h1|font_size:53px|text_align:left|color:%23e6007e&#8220; google_fonts=&#8220;font_family:Source%20Sans%20Pro%3A200%2C200italic%2C300%2C300italic%2Cregular%2Citalic%2C600%2C600italic%2C700%2C700italic%2C900%2C900italic|font_style:900%20bold%20regular%3A900%3Anormal&#8220;][vc_column_text]Kugelgewindetriebe, auch Kugelumlaufspindeln genannt, bestehen aus einer Kugelgewindespindel und einer Kugelgewindemutter, in der die Kugeln und die<span class=\"excerpt-hellip\"> [\u2026]<\/span><\/p>\n","protected":false},"author":4,"featured_media":0,"parent":2544,"menu_order":0,"comment_status":"closed","ping_status":"closed","template":"","meta":{"inline_featured_image":false,"footnotes":""},"class_list":["post-1617","page","type-page","status-publish","hentry"],"yoast_head":"<!-- This site is optimized with the Yoast SEO plugin v26.8 - https:\/\/yoast.com\/product\/yoast-seo-wordpress\/ -->\n<title>Kugelgewindetriebe - Antriebselemente - Vansichen Linear Technology<\/title>\n<meta name=\"description\" content=\"\uf0a7 Kugelgewindetriebe bestehen aus einer Kugelgewindespindel und einer Kugelgewindemutter. Alle Informationen dazu finden Sie hier.\" \/>\n<meta name=\"robots\" content=\"index, follow, max-snippet:-1, max-image-preview:large, max-video-preview:-1\" \/>\n<link rel=\"canonical\" href=\"https:\/\/vansichen.be\/de\/standardkomponenten-lineartechnik\/antriebselemente\/kugelgewindetriebe\/\" \/>\n<meta property=\"og:locale\" content=\"de_DE\" \/>\n<meta property=\"og:type\" content=\"article\" \/>\n<meta property=\"og:title\" content=\"Kugelgewindetriebe - Antriebselemente - Vansichen Linear Technology\" \/>\n<meta property=\"og:description\" content=\"\uf0a7 Kugelgewindetriebe bestehen aus einer Kugelgewindespindel und einer Kugelgewindemutter. Alle Informationen dazu finden Sie hier.\" \/>\n<meta property=\"og:url\" content=\"https:\/\/vansichen.be\/de\/standardkomponenten-lineartechnik\/antriebselemente\/kugelgewindetriebe\/\" \/>\n<meta property=\"og:site_name\" content=\"Vansichen Linear Technology\" \/>\n<meta property=\"article:modified_time\" content=\"2025-04-25T08:20:09+00:00\" \/>\n<meta name=\"twitter:card\" content=\"summary_large_image\" \/>\n<meta name=\"twitter:label1\" content=\"Gesch\u00e4tzte Lesezeit\" \/>\n\t<meta name=\"twitter:data1\" content=\"3\u00a0Minuten\" \/>\n<script type=\"application\/ld+json\" class=\"yoast-schema-graph\">{\"@context\":\"https:\/\/schema.org\",\"@graph\":[{\"@type\":\"WebPage\",\"@id\":\"https:\/\/vansichen.be\/de\/standardkomponenten-lineartechnik\/antriebselemente\/kugelgewindetriebe\/\",\"url\":\"https:\/\/vansichen.be\/de\/standardkomponenten-lineartechnik\/antriebselemente\/kugelgewindetriebe\/\",\"name\":\"Kugelgewindetriebe - Antriebselemente - Vansichen Linear Technology\",\"isPartOf\":{\"@id\":\"https:\/\/vansichen.be\/de\/#website\"},\"datePublished\":\"2020-04-23T14:22:39+00:00\",\"dateModified\":\"2025-04-25T08:20:09+00:00\",\"description\":\"\uf0a7 Kugelgewindetriebe bestehen aus einer Kugelgewindespindel und einer Kugelgewindemutter. Alle Informationen dazu finden Sie hier.\",\"breadcrumb\":{\"@id\":\"https:\/\/vansichen.be\/de\/standardkomponenten-lineartechnik\/antriebselemente\/kugelgewindetriebe\/#breadcrumb\"},\"inLanguage\":\"de\",\"potentialAction\":[{\"@type\":\"ReadAction\",\"target\":[\"https:\/\/vansichen.be\/de\/standardkomponenten-lineartechnik\/antriebselemente\/kugelgewindetriebe\/\"]}]},{\"@type\":\"BreadcrumbList\",\"@id\":\"https:\/\/vansichen.be\/de\/standardkomponenten-lineartechnik\/antriebselemente\/kugelgewindetriebe\/#breadcrumb\",\"itemListElement\":[{\"@type\":\"ListItem\",\"position\":1,\"name\":\"Home\",\"item\":\"https:\/\/vansichen.be\/de\/\"},{\"@type\":\"ListItem\",\"position\":2,\"name\":\"Standardkomponenten f\u00fcr Lineartechnik\",\"item\":\"https:\/\/vansichen.be\/de\/standardkomponenten-lineartechnik\/\"},{\"@type\":\"ListItem\",\"position\":3,\"name\":\"Antriebselemente\",\"item\":\"https:\/\/vansichen.be\/de\/standardkomponenten-lineartechnik\/antriebselemente\/\"},{\"@type\":\"ListItem\",\"position\":4,\"name\":\"Kugelgewindetriebe\"}]},{\"@type\":\"WebSite\",\"@id\":\"https:\/\/vansichen.be\/de\/#website\",\"url\":\"https:\/\/vansichen.be\/de\/\",\"name\":\"Vansichen Linear Technology\",\"description\":\"\",\"publisher\":{\"@id\":\"https:\/\/vansichen.be\/de\/#organization\"},\"potentialAction\":[{\"@type\":\"SearchAction\",\"target\":{\"@type\":\"EntryPoint\",\"urlTemplate\":\"https:\/\/vansichen.be\/de\/?s={search_term_string}\"},\"query-input\":{\"@type\":\"PropertyValueSpecification\",\"valueRequired\":true,\"valueName\":\"search_term_string\"}}],\"inLanguage\":\"de\"},{\"@type\":\"Organization\",\"@id\":\"https:\/\/vansichen.be\/de\/#organization\",\"name\":\"Vansichen Linear Technology\",\"url\":\"https:\/\/vansichen.be\/de\/\",\"logo\":{\"@type\":\"ImageObject\",\"inLanguage\":\"de\",\"@id\":\"https:\/\/vansichen.be\/de\/#\/schema\/logo\/image\/\",\"url\":\"https:\/\/vansichen.be\/wp-content\/uploads\/2020\/03\/Vansichen_home_2020_4.png\",\"contentUrl\":\"https:\/\/vansichen.be\/wp-content\/uploads\/2020\/03\/Vansichen_home_2020_4.png\",\"width\":260,\"height\":44,\"caption\":\"Vansichen Linear Technology\"},\"image\":{\"@id\":\"https:\/\/vansichen.be\/de\/#\/schema\/logo\/image\/\"}}]}<\/script>\n<!-- \/ Yoast SEO plugin. -->","yoast_head_json":{"title":"Kugelgewindetriebe - Antriebselemente - Vansichen Linear Technology","description":"\uf0a7 Kugelgewindetriebe bestehen aus einer Kugelgewindespindel und einer Kugelgewindemutter. Alle Informationen dazu finden Sie hier.","robots":{"index":"index","follow":"follow","max-snippet":"max-snippet:-1","max-image-preview":"max-image-preview:large","max-video-preview":"max-video-preview:-1"},"canonical":"https:\/\/vansichen.be\/de\/standardkomponenten-lineartechnik\/antriebselemente\/kugelgewindetriebe\/","og_locale":"de_DE","og_type":"article","og_title":"Kugelgewindetriebe - Antriebselemente - Vansichen Linear Technology","og_description":"\uf0a7 Kugelgewindetriebe bestehen aus einer Kugelgewindespindel und einer Kugelgewindemutter. Alle Informationen dazu finden Sie hier.","og_url":"https:\/\/vansichen.be\/de\/standardkomponenten-lineartechnik\/antriebselemente\/kugelgewindetriebe\/","og_site_name":"Vansichen Linear Technology","article_modified_time":"2025-04-25T08:20:09+00:00","twitter_card":"summary_large_image","twitter_misc":{"Gesch\u00e4tzte Lesezeit":"3\u00a0Minuten"},"schema":{"@context":"https:\/\/schema.org","@graph":[{"@type":"WebPage","@id":"https:\/\/vansichen.be\/de\/standardkomponenten-lineartechnik\/antriebselemente\/kugelgewindetriebe\/","url":"https:\/\/vansichen.be\/de\/standardkomponenten-lineartechnik\/antriebselemente\/kugelgewindetriebe\/","name":"Kugelgewindetriebe - Antriebselemente - Vansichen Linear Technology","isPartOf":{"@id":"https:\/\/vansichen.be\/de\/#website"},"datePublished":"2020-04-23T14:22:39+00:00","dateModified":"2025-04-25T08:20:09+00:00","description":"\uf0a7 Kugelgewindetriebe bestehen aus einer Kugelgewindespindel und einer Kugelgewindemutter. Alle Informationen dazu finden Sie hier.","breadcrumb":{"@id":"https:\/\/vansichen.be\/de\/standardkomponenten-lineartechnik\/antriebselemente\/kugelgewindetriebe\/#breadcrumb"},"inLanguage":"de","potentialAction":[{"@type":"ReadAction","target":["https:\/\/vansichen.be\/de\/standardkomponenten-lineartechnik\/antriebselemente\/kugelgewindetriebe\/"]}]},{"@type":"BreadcrumbList","@id":"https:\/\/vansichen.be\/de\/standardkomponenten-lineartechnik\/antriebselemente\/kugelgewindetriebe\/#breadcrumb","itemListElement":[{"@type":"ListItem","position":1,"name":"Home","item":"https:\/\/vansichen.be\/de\/"},{"@type":"ListItem","position":2,"name":"Standardkomponenten f\u00fcr Lineartechnik","item":"https:\/\/vansichen.be\/de\/standardkomponenten-lineartechnik\/"},{"@type":"ListItem","position":3,"name":"Antriebselemente","item":"https:\/\/vansichen.be\/de\/standardkomponenten-lineartechnik\/antriebselemente\/"},{"@type":"ListItem","position":4,"name":"Kugelgewindetriebe"}]},{"@type":"WebSite","@id":"https:\/\/vansichen.be\/de\/#website","url":"https:\/\/vansichen.be\/de\/","name":"Vansichen Linear Technology","description":"","publisher":{"@id":"https:\/\/vansichen.be\/de\/#organization"},"potentialAction":[{"@type":"SearchAction","target":{"@type":"EntryPoint","urlTemplate":"https:\/\/vansichen.be\/de\/?s={search_term_string}"},"query-input":{"@type":"PropertyValueSpecification","valueRequired":true,"valueName":"search_term_string"}}],"inLanguage":"de"},{"@type":"Organization","@id":"https:\/\/vansichen.be\/de\/#organization","name":"Vansichen Linear Technology","url":"https:\/\/vansichen.be\/de\/","logo":{"@type":"ImageObject","inLanguage":"de","@id":"https:\/\/vansichen.be\/de\/#\/schema\/logo\/image\/","url":"https:\/\/vansichen.be\/wp-content\/uploads\/2020\/03\/Vansichen_home_2020_4.png","contentUrl":"https:\/\/vansichen.be\/wp-content\/uploads\/2020\/03\/Vansichen_home_2020_4.png","width":260,"height":44,"caption":"Vansichen Linear Technology"},"image":{"@id":"https:\/\/vansichen.be\/de\/#\/schema\/logo\/image\/"}}]}},"_links":{"self":[{"href":"https:\/\/vansichen.be\/de\/wp-json\/wp\/v2\/pages\/1617","targetHints":{"allow":["GET"]}}],"collection":[{"href":"https:\/\/vansichen.be\/de\/wp-json\/wp\/v2\/pages"}],"about":[{"href":"https:\/\/vansichen.be\/de\/wp-json\/wp\/v2\/types\/page"}],"author":[{"embeddable":true,"href":"https:\/\/vansichen.be\/de\/wp-json\/wp\/v2\/users\/4"}],"replies":[{"embeddable":true,"href":"https:\/\/vansichen.be\/de\/wp-json\/wp\/v2\/comments?post=1617"}],"version-history":[{"count":5,"href":"https:\/\/vansichen.be\/de\/wp-json\/wp\/v2\/pages\/1617\/revisions"}],"predecessor-version":[{"id":19009,"href":"https:\/\/vansichen.be\/de\/wp-json\/wp\/v2\/pages\/1617\/revisions\/19009"}],"up":[{"embeddable":true,"href":"https:\/\/vansichen.be\/de\/wp-json\/wp\/v2\/pages\/2544"}],"wp:attachment":[{"href":"https:\/\/vansichen.be\/de\/wp-json\/wp\/v2\/media?parent=1617"}],"curies":[{"name":"wp","href":"https:\/\/api.w.org\/{rel}","templated":true}]}}