{"id":1886,"date":"2020-04-24T13:09:06","date_gmt":"2020-04-24T13:09:06","guid":{"rendered":"https:\/\/vansichen.be\/?page_id=1886"},"modified":"2025-03-21T08:22:54","modified_gmt":"2025-03-21T08:22:54","slug":"standardkomponenten-lineartechnik","status":"publish","type":"page","link":"https:\/\/vansichen.be\/de\/standardkomponenten-lineartechnik\/","title":{"rendered":"Standardkomponenten f\u00fcr Lineartechnik"},"content":{"rendered":"<div class=\"wpb-content-wrapper\"><p>[vc_row][vc_column][vc_custom_heading text=&#8220;STANDARDKOMPONENTEN F\u00dcR LINEARTECHNIK&#8220; font_container=&#8220;tag:h1|font_size:50px|text_align:left|color:%23e6007e&#8220; google_fonts=&#8220;font_family:Source%20Sans%20Pro%3A200%2C200italic%2C300%2C300italic%2Cregular%2Citalic%2C600%2C600italic%2C700%2C700italic%2C900%2C900italic|font_style:900%20bold%20regular%3A900%3Anormal&#8220;][\/vc_column][\/vc_row][vc_row][vc_column width=&#8220;2\/3&#8243;][vc_column_text]Da wir mit verschiedenen Herstellern zusammenarbeiten, finden Sie bei Vansichen Linear Technology qualitativ hochwertige Standardkomponenten f\u00fcr die Lineartechnik. Das Team steht immer f\u00fcr Sie bereit, um Sie bei Ihrer Suche nach der am besten geeigneten Komponente zu begleiten. Dank eines umfangreichen Lagerbestands der g\u00e4ngigsten Komponenten und guter Vereinbarungen mit unseren Lieferanten garantieren wir schnelle Lieferzeiten. Auch f\u00fcr individuelle L\u00f6sungen nach Ma\u00df steht bei Vansichen Linear Technology ein Team von Ingenieuren f\u00fcr Sie bereit. Sehen Sie sich daf\u00fcr die Seite f\u00fcr <a href=\"https:\/\/vansichen.be\/de\/kundenspezifische-komponenten\/\">Linearprodukte und Baugruppen nach Ma\u00df<\/a> an.[\/vc_column_text][vc_empty_space height=&#8220;70px&#8220;][vc_custom_heading text=&#8220;KOMPAKT KATALOG&#8220; font_container=&#8220;tag:h2|font_size:20px|text_align:left|color:%23e6007e&#8220; google_fonts=&#8220;font_family:Source%20Sans%20Pro%3A200%2C200italic%2C300%2C300italic%2Cregular%2Citalic%2C600%2C600italic%2C700%2C700italic%2C900%2C900italic|font_style:900%20bold%20regular%3A900%3Anormal&#8220;][\/vc_column][vc_column width=&#8220;1\/3&#8243;][vc_single_image image=&#8220;8452&#8243; img_size=&#8220;full&#8220; onclick=&#8220;custom_link&#8220; img_link_target=&#8220;_blank&#8220; css_animation=&#8220;none&#8220; css=&#8220;.vc_custom_1742545349083{margin-bottom: 0px !important;}&#8220; link=&#8220;https:\/\/vansichen.be\/wp-content\/uploads\/2025\/03\/20250318-Compact-Cataloog-Vansichen-Web.pdf&#8220;][vc_row_inner css=&#8220;.vc_custom_1571396687313{padding-right: 15px !important;padding-left: 15px !important;}&#8220;][vc_column_inner css=&#8220;.vc_custom_1588933193846{padding-top: 12px !important;padding-right: 10px !important;padding-bottom: 12px !important;padding-left: 10px !important;background-color: #e6007e !important;}&#8220;][vc_custom_heading text=&#8220;DOWNLOAD DIE KATALOG&#8220; font_container=&#8220;tag:h3|font_size:20|text_align:center|color:%23ffffff&#8220; google_fonts=&#8220;font_family:Source%20Sans%20Pro%3A200%2C200italic%2C300%2C300italic%2Cregular%2Citalic%2C600%2C600italic%2C700%2C700italic%2C900%2C900italic|font_style:900%20bold%20regular%3A900%3Anormal&#8220; css_animation=&#8220;none&#8220; css=&#8220;.vc_custom_1742545370493{margin-top: 0px !important;margin-bottom: 0px !important;}&#8220; el_class=&#8220;brand-name&#8220; link=&#8220;url:https%3A%2F%2Fvansichen.be%2Fwp-content%2Fuploads%2F2025%2F03%2F20250318-Compact-Cataloog-Vansichen-Web.pdf|target:_blank&#8220;][\/vc_column_inner][\/vc_row_inner][\/vc_column][\/vc_row][vc_row][vc_column][vc_column_text]Der\u00a0<strong>kompakte Katalog der Vansichen Lineartechnik b\u00fcndelt die g\u00e4ngigsten Standardkomponenten f\u00fcr Lineartechnik und Systeme der Branche f\u00fcr Sie<\/strong>. Eine deutliche \u00dcbersicht der spezifischen Eigenschaften der verschiedenen linearen Komponenten erleichtert Ihnen die Wahl. Sie finden nicht sofort, was Sie suchen?\u00a0<a href=\"https:\/\/vansichen.be\/de\/contact\/\" rel=\"nofollow\">Wenden Sie sich an uns<\/a> \u2013 wir beantworten gern all Ihre Fragen. <a href=\"\/wp-content\/uploads\/2020\/04\/Compact-Catalogus-Vansichen-Linear-Technology.pdf\" target=\"_blank\" rel=\"noopener noreferrer\">Download hier<\/a> oder Schicken Sie eine E-Mail an <a href=\"mailto:info@vansichen.be\">info@vansichen.be<\/a> oder rufen Sie uns an unter +32 (0) 11 37 79 63.[\/vc_column_text][\/vc_column][\/vc_row][vc_row el_class=&#8220;hover-effect-img&#8220;][vc_column][vc_row_inner][vc_column_inner width=&#8220;1\/3&#8243;][vc_single_image image=&#8220;8405&#8243; img_size=&#8220;full&#8220; onclick=&#8220;custom_link&#8220; link=&#8220;\/de\/standardkomponenten-lineartechnik\/linearfuhrungen\/&#8220;][vc_custom_heading text=&#8220;LINEARF\u00dcHRUNGEN&#8220; font_container=&#8220;tag:h2|font_size:23px|text_align:left|color:%23e6007e&#8220; google_fonts=&#8220;font_family:Source%20Sans%20Pro%3A200%2C200italic%2C300%2C300italic%2Cregular%2Citalic%2C600%2C600italic%2C700%2C700italic%2C900%2C900italic|font_style:900%20bold%20regular%3A900%3Anormal&#8220; link=&#8220;url:%2Fde%2Fstandardkomponenten-lineartechnik%2Flinearfuhrungen%2F|||&#8220;][\/vc_column_inner][vc_column_inner width=&#8220;1\/3&#8243;][vc_single_image image=&#8220;8409&#8243; img_size=&#8220;full&#8220; onclick=&#8220;custom_link&#8220; link=&#8220;\/de\/standardkomponenten-lineartechnik\/antriebselemente\/&#8220;][vc_custom_heading text=&#8220;ANTRIEBSELEMENTE&#8220; font_container=&#8220;tag:h2|font_size:23px|text_align:left|color:%23e6007e&#8220; google_fonts=&#8220;font_family:Source%20Sans%20Pro%3A200%2C200italic%2C300%2C300italic%2Cregular%2Citalic%2C600%2C600italic%2C700%2C700italic%2C900%2C900italic|font_style:900%20bold%20regular%3A900%3Anormal&#8220; link=&#8220;url:%2Fde%2Fstandardkomponenten-lineartechnik%2Fantriebselemente%2F|||&#8220;][\/vc_column_inner][vc_column_inner width=&#8220;1\/3&#8243;][vc_single_image image=&#8220;5604&#8243; img_size=&#8220;full&#8220; onclick=&#8220;custom_link&#8220; link=&#8220;\/de\/standardkomponenten-lineartechnik\/positioniersysteme\/&#8220;][vc_custom_heading text=&#8220;POSITIONIERSYSTEME&#8220; font_container=&#8220;tag:h2|font_size:23px|text_align:left|color:%23e6007e&#8220; google_fonts=&#8220;font_family:Source%20Sans%20Pro%3A200%2C200italic%2C300%2C300italic%2Cregular%2Citalic%2C600%2C600italic%2C700%2C700italic%2C900%2C900italic|font_style:900%20bold%20regular%3A900%3Anormal&#8220; link=&#8220;url:%2Fde%2Fstandardkomponenten-lineartechnik%2Fpositioniersysteme%2F|||&#8220;][\/vc_column_inner][\/vc_row_inner][vc_row_inner][vc_column_inner width=&#8220;1\/3&#8243;][vc_single_image image=&#8220;15395&#8243; img_size=&#8220;full&#8220; onclick=&#8220;custom_link&#8220; link=&#8220;\/de\/standardkomponenten-lineartechnik\/schmiersysteme\/&#8220;][vc_custom_heading text=&#8220;SCHMIERSYSTEME&#8220; font_container=&#8220;tag:h2|font_size:23px|text_align:left|color:%23e6007e&#8220; google_fonts=&#8220;font_family:Source%20Sans%20Pro%3A200%2C200italic%2C300%2C300italic%2Cregular%2Citalic%2C600%2C600italic%2C700%2C700italic%2C900%2C900italic|font_style:900%20bold%20regular%3A900%3Anormal&#8220; link=&#8220;url:%2Fde%2Fstandardkomponenten-lineartechnik%2Fschmiersysteme%2F&#8220;][\/vc_column_inner][vc_column_inner width=&#8220;1\/3&#8243;][vc_single_image image=&#8220;8413&#8243; img_size=&#8220;full&#8220; onclick=&#8220;custom_link&#8220; link=&#8220;\/de\/standardkomponenten-lineartechnik\/verstelleinheiten-und-klemmelemente\/&#8220;][vc_custom_heading text=&#8220;VERSTELLEINHEITEN UND<br \/>\nKLEMMELEMENTE&#8220; font_container=&#8220;tag:h2|font_size:23px|text_align:left|color:%23e6007e&#8220; google_fonts=&#8220;font_family:Source%20Sans%20Pro%3A200%2C200italic%2C300%2C300italic%2Cregular%2Citalic%2C600%2C600italic%2C700%2C700italic%2C900%2C900italic|font_style:900%20bold%20regular%3A900%3Anormal&#8220; link=&#8220;url:%2Fde%2Fstandardkomponenten-lineartechnik%2Fverstelleinheiten-und-klemmelemente%2F|||&#8220;][\/vc_column_inner][vc_column_inner width=&#8220;1\/3&#8243;][vc_single_image image=&#8220;9205&#8243; img_size=&#8220;full&#8220; onclick=&#8220;custom_link&#8220; link=&#8220;\/de\/standardkomponenten-lineartechnik\/grosswalzlagern\/&#8220;][vc_custom_heading text=&#8220;GRO\u00dfW\u00c4LZLAGERN ROTHE ERDE&#8220; font_container=&#8220;tag:h2|font_size:23px|text_align:left|color:%23e6007e&#8220; google_fonts=&#8220;font_family:Source%20Sans%20Pro%3A200%2C200italic%2C300%2C300italic%2Cregular%2Citalic%2C600%2C600italic%2C700%2C700italic%2C900%2C900italic|font_style:900%20bold%20regular%3A900%3Anormal&#8220; link=&#8220;url:%2Fde%2Fstandardkomponenten-lineartechnik%2Fgrosswalzlagern%2F|||&#8220;][\/vc_column_inner][\/vc_row_inner][\/vc_column][\/vc_row]<\/p>\n<\/div>","protected":false},"excerpt":{"rendered":"<p>[vc_row][vc_column][vc_custom_heading text=&#8220;STANDARDKOMPONENTEN F\u00dcR LINEARTECHNIK&#8220; font_container=&#8220;tag:h1|font_size:50px|text_align:left|color:%23e6007e&#8220; google_fonts=&#8220;font_family:Source%20Sans%20Pro%3A200%2C200italic%2C300%2C300italic%2Cregular%2Citalic%2C600%2C600italic%2C700%2C700italic%2C900%2C900italic|font_style:900%20bold%20regular%3A900%3Anormal&#8220;][\/vc_column][\/vc_row][vc_row][vc_column width=&#8220;2\/3&#8243;][vc_column_text]Da wir mit verschiedenen Herstellern zusammenarbeiten, finden Sie bei Vansichen Linear Technology qualitativ hochwertige<span class=\"excerpt-hellip\"> [\u2026]<\/span><\/p>\n","protected":false},"author":4,"featured_media":0,"parent":0,"menu_order":0,"comment_status":"closed","ping_status":"closed","template":"","meta":{"inline_featured_image":false,"footnotes":""},"class_list":["post-1886","page","type-page","status-publish","hentry"],"yoast_head":"<!-- This site is optimized with the Yoast SEO plugin v26.8 - https:\/\/yoast.com\/product\/yoast-seo-wordpress\/ -->\n<title>Standardkomponenten f\u00fcr Lineartechnik - Vansichen Linear Technology<\/title>\n<meta name=\"description\" content=\"Bei Vansichen Lineartechnik finden Sie das umfangreichste Sortiment an Standardkomponenten f\u00fcr Lineartechnik und lineare Bewegungen.\" \/>\n<meta name=\"robots\" content=\"index, follow, max-snippet:-1, max-image-preview:large, max-video-preview:-1\" \/>\n<link rel=\"canonical\" href=\"https:\/\/vansichen.be\/de\/standardkomponenten-lineartechnik\/\" \/>\n<meta property=\"og:locale\" content=\"de_DE\" \/>\n<meta property=\"og:type\" content=\"article\" \/>\n<meta property=\"og:title\" content=\"Standardkomponenten f\u00fcr Lineartechnik - Vansichen Linear Technology\" \/>\n<meta property=\"og:description\" content=\"Bei Vansichen Lineartechnik finden Sie das umfangreichste Sortiment an Standardkomponenten f\u00fcr Lineartechnik und lineare Bewegungen.\" \/>\n<meta property=\"og:url\" content=\"https:\/\/vansichen.be\/de\/standardkomponenten-lineartechnik\/\" \/>\n<meta property=\"og:site_name\" content=\"Vansichen Linear Technology\" \/>\n<meta property=\"article:modified_time\" content=\"2025-03-21T08:22:54+00:00\" \/>\n<meta name=\"twitter:card\" content=\"summary_large_image\" \/>\n<meta name=\"twitter:label1\" content=\"Gesch\u00e4tzte Lesezeit\" \/>\n\t<meta name=\"twitter:data1\" content=\"3\u00a0Minuten\" \/>\n<script type=\"application\/ld+json\" class=\"yoast-schema-graph\">{\"@context\":\"https:\/\/schema.org\",\"@graph\":[{\"@type\":\"WebPage\",\"@id\":\"https:\/\/vansichen.be\/de\/standardkomponenten-lineartechnik\/\",\"url\":\"https:\/\/vansichen.be\/de\/standardkomponenten-lineartechnik\/\",\"name\":\"Standardkomponenten f\u00fcr Lineartechnik - Vansichen Linear Technology\",\"isPartOf\":{\"@id\":\"https:\/\/vansichen.be\/de\/#website\"},\"datePublished\":\"2020-04-24T13:09:06+00:00\",\"dateModified\":\"2025-03-21T08:22:54+00:00\",\"description\":\"Bei Vansichen Lineartechnik finden Sie das umfangreichste Sortiment an Standardkomponenten f\u00fcr Lineartechnik und lineare Bewegungen.\",\"breadcrumb\":{\"@id\":\"https:\/\/vansichen.be\/de\/standardkomponenten-lineartechnik\/#breadcrumb\"},\"inLanguage\":\"de\",\"potentialAction\":[{\"@type\":\"ReadAction\",\"target\":[\"https:\/\/vansichen.be\/de\/standardkomponenten-lineartechnik\/\"]}]},{\"@type\":\"BreadcrumbList\",\"@id\":\"https:\/\/vansichen.be\/de\/standardkomponenten-lineartechnik\/#breadcrumb\",\"itemListElement\":[{\"@type\":\"ListItem\",\"position\":1,\"name\":\"Home\",\"item\":\"https:\/\/vansichen.be\/de\/\"},{\"@type\":\"ListItem\",\"position\":2,\"name\":\"Standardkomponenten f\u00fcr Lineartechnik\"}]},{\"@type\":\"WebSite\",\"@id\":\"https:\/\/vansichen.be\/de\/#website\",\"url\":\"https:\/\/vansichen.be\/de\/\",\"name\":\"Vansichen Linear Technology\",\"description\":\"\",\"publisher\":{\"@id\":\"https:\/\/vansichen.be\/de\/#organization\"},\"potentialAction\":[{\"@type\":\"SearchAction\",\"target\":{\"@type\":\"EntryPoint\",\"urlTemplate\":\"https:\/\/vansichen.be\/de\/?s={search_term_string}\"},\"query-input\":{\"@type\":\"PropertyValueSpecification\",\"valueRequired\":true,\"valueName\":\"search_term_string\"}}],\"inLanguage\":\"de\"},{\"@type\":\"Organization\",\"@id\":\"https:\/\/vansichen.be\/de\/#organization\",\"name\":\"Vansichen Linear Technology\",\"url\":\"https:\/\/vansichen.be\/de\/\",\"logo\":{\"@type\":\"ImageObject\",\"inLanguage\":\"de\",\"@id\":\"https:\/\/vansichen.be\/de\/#\/schema\/logo\/image\/\",\"url\":\"https:\/\/vansichen.be\/wp-content\/uploads\/2020\/03\/Vansichen_home_2020_4.png\",\"contentUrl\":\"https:\/\/vansichen.be\/wp-content\/uploads\/2020\/03\/Vansichen_home_2020_4.png\",\"width\":260,\"height\":44,\"caption\":\"Vansichen Linear Technology\"},\"image\":{\"@id\":\"https:\/\/vansichen.be\/de\/#\/schema\/logo\/image\/\"}}]}<\/script>\n<!-- \/ Yoast SEO plugin. -->","yoast_head_json":{"title":"Standardkomponenten f\u00fcr Lineartechnik - Vansichen Linear Technology","description":"Bei Vansichen Lineartechnik finden Sie das umfangreichste Sortiment an Standardkomponenten f\u00fcr Lineartechnik und lineare Bewegungen.","robots":{"index":"index","follow":"follow","max-snippet":"max-snippet:-1","max-image-preview":"max-image-preview:large","max-video-preview":"max-video-preview:-1"},"canonical":"https:\/\/vansichen.be\/de\/standardkomponenten-lineartechnik\/","og_locale":"de_DE","og_type":"article","og_title":"Standardkomponenten f\u00fcr Lineartechnik - Vansichen Linear Technology","og_description":"Bei Vansichen Lineartechnik finden Sie das umfangreichste Sortiment an Standardkomponenten f\u00fcr Lineartechnik und lineare Bewegungen.","og_url":"https:\/\/vansichen.be\/de\/standardkomponenten-lineartechnik\/","og_site_name":"Vansichen Linear Technology","article_modified_time":"2025-03-21T08:22:54+00:00","twitter_card":"summary_large_image","twitter_misc":{"Gesch\u00e4tzte Lesezeit":"3\u00a0Minuten"},"schema":{"@context":"https:\/\/schema.org","@graph":[{"@type":"WebPage","@id":"https:\/\/vansichen.be\/de\/standardkomponenten-lineartechnik\/","url":"https:\/\/vansichen.be\/de\/standardkomponenten-lineartechnik\/","name":"Standardkomponenten f\u00fcr Lineartechnik - Vansichen Linear Technology","isPartOf":{"@id":"https:\/\/vansichen.be\/de\/#website"},"datePublished":"2020-04-24T13:09:06+00:00","dateModified":"2025-03-21T08:22:54+00:00","description":"Bei Vansichen Lineartechnik finden Sie das umfangreichste Sortiment an Standardkomponenten f\u00fcr Lineartechnik und lineare Bewegungen.","breadcrumb":{"@id":"https:\/\/vansichen.be\/de\/standardkomponenten-lineartechnik\/#breadcrumb"},"inLanguage":"de","potentialAction":[{"@type":"ReadAction","target":["https:\/\/vansichen.be\/de\/standardkomponenten-lineartechnik\/"]}]},{"@type":"BreadcrumbList","@id":"https:\/\/vansichen.be\/de\/standardkomponenten-lineartechnik\/#breadcrumb","itemListElement":[{"@type":"ListItem","position":1,"name":"Home","item":"https:\/\/vansichen.be\/de\/"},{"@type":"ListItem","position":2,"name":"Standardkomponenten f\u00fcr Lineartechnik"}]},{"@type":"WebSite","@id":"https:\/\/vansichen.be\/de\/#website","url":"https:\/\/vansichen.be\/de\/","name":"Vansichen Linear Technology","description":"","publisher":{"@id":"https:\/\/vansichen.be\/de\/#organization"},"potentialAction":[{"@type":"SearchAction","target":{"@type":"EntryPoint","urlTemplate":"https:\/\/vansichen.be\/de\/?s={search_term_string}"},"query-input":{"@type":"PropertyValueSpecification","valueRequired":true,"valueName":"search_term_string"}}],"inLanguage":"de"},{"@type":"Organization","@id":"https:\/\/vansichen.be\/de\/#organization","name":"Vansichen Linear Technology","url":"https:\/\/vansichen.be\/de\/","logo":{"@type":"ImageObject","inLanguage":"de","@id":"https:\/\/vansichen.be\/de\/#\/schema\/logo\/image\/","url":"https:\/\/vansichen.be\/wp-content\/uploads\/2020\/03\/Vansichen_home_2020_4.png","contentUrl":"https:\/\/vansichen.be\/wp-content\/uploads\/2020\/03\/Vansichen_home_2020_4.png","width":260,"height":44,"caption":"Vansichen Linear Technology"},"image":{"@id":"https:\/\/vansichen.be\/de\/#\/schema\/logo\/image\/"}}]}},"_links":{"self":[{"href":"https:\/\/vansichen.be\/de\/wp-json\/wp\/v2\/pages\/1886","targetHints":{"allow":["GET"]}}],"collection":[{"href":"https:\/\/vansichen.be\/de\/wp-json\/wp\/v2\/pages"}],"about":[{"href":"https:\/\/vansichen.be\/de\/wp-json\/wp\/v2\/types\/page"}],"author":[{"embeddable":true,"href":"https:\/\/vansichen.be\/de\/wp-json\/wp\/v2\/users\/4"}],"replies":[{"embeddable":true,"href":"https:\/\/vansichen.be\/de\/wp-json\/wp\/v2\/comments?post=1886"}],"version-history":[{"count":5,"href":"https:\/\/vansichen.be\/de\/wp-json\/wp\/v2\/pages\/1886\/revisions"}],"predecessor-version":[{"id":18858,"href":"https:\/\/vansichen.be\/de\/wp-json\/wp\/v2\/pages\/1886\/revisions\/18858"}],"wp:attachment":[{"href":"https:\/\/vansichen.be\/de\/wp-json\/wp\/v2\/media?parent=1886"}],"curies":[{"name":"wp","href":"https:\/\/api.w.org\/{rel}","templated":true}]}}