{"id":19090,"date":"2025-07-04T12:21:57","date_gmt":"2025-07-04T12:21:57","guid":{"rendered":"https:\/\/vansichen.be\/?page_id=19090"},"modified":"2025-07-04T12:21:58","modified_gmt":"2025-07-04T12:21:58","slug":"servomotoren","status":"publish","type":"page","link":"https:\/\/vansichen.be\/de\/standardkomponenten-lineartechnik\/hiwin-motoren-antriebsverstarker\/servomotoren\/","title":{"rendered":"Servomotoren"},"content":{"rendered":"<div class=\"wpb-content-wrapper\"><p>[vc_row][vc_column width=&#8220;2\/3&#8243;][vc_custom_heading text=&#8220;SERVOMOTOREN&#8220; font_container=&#8220;tag:h1|font_size:53px|text_align:left|color:%23e6007e&#8220; google_fonts=&#8220;font_family:Source%20Sans%20Pro%3A200%2C200italic%2C300%2C300italic%2Cregular%2Citalic%2C600%2C600italic%2C700%2C700italic%2C900%2C900italic|font_style:900%20bold%20regular%3A900%3Anormal&#8220; css=&#8220;&#8220;][vc_column_text css=&#8220;&#8220;]Die hochdynamischen AC-Synchron-Servomotoren liefern hohe Drehmomente \u00fcber den gesamten Drehzahlbereich. Sie eignen sich dank minimalem Massentr\u00e4gheitsmoment auch f\u00fcr anspruchsvolle dynamische Antriebsaufgaben, wie beispielsweise den hochfrequenten Reversierbetrieb. Durch den speziellen Stator-Rotor-Aufbau wird eine sehr geringe Drehmomentwelligkeit und hohe Leistungsdichte bei kompakter Bauform erzielt. Sie sind von 50W bis 2kW verf\u00fcgbar.[\/vc_column_text][vc_single_image image=&#8220;19100&#8243; img_size=&#8220;full&#8220; onclick=&#8220;link_image&#8220; css=&#8220;&#8220;][\/vc_column][vc_column width=&#8220;1\/3&#8243;][vc_widget_sidebar sidebar_id=&#8220;top-area-1&#8243;][\/vc_column][\/vc_row][vc_row][vc_column width=&#8220;2\/3&#8243;][vc_custom_heading text=&#8220;PARTNER&#8220; font_container=&#8220;tag:h2|font_size:20px|text_align:left|color:%23e6007e&#8220; google_fonts=&#8220;font_family:Source%20Sans%20Pro%3A200%2C200italic%2C300%2C300italic%2Cregular%2Citalic%2C600%2C600italic%2C700%2C700italic%2C900%2C900italic|font_style:900%20bold%20regular%3A900%3Anormal&#8220;][vc_row_inner el_class=&#8220;partners&#8220;][vc_column_inner width=&#8220;1\/3&#8243;][vc_single_image image=&#8220;4220&#8243; img_size=&#8220;full&#8220; onclick=&#8220;custom_link&#8220; img_link_target=&#8220;_blank&#8220; link=&#8220;https:\/\/www.hiwin.de\/de\/&#8220;][\/vc_column_inner][vc_column_inner width=&#8220;1\/3&#8243;][\/vc_column_inner][vc_column_inner width=&#8220;1\/3&#8243;][\/vc_column_inner][\/vc_row_inner][\/vc_column][vc_column width=&#8220;1\/3&#8243;][\/vc_column][\/vc_row][vc_row el_class=&#8220;links&#8220;][vc_column][vc_custom_heading text=&#8220;LINKS&#8220; font_container=&#8220;tag:h2|font_size:20px|text_align:left|color:%23e6007e&#8220; google_fonts=&#8220;font_family:Source%20Sans%20Pro%3A200%2C200italic%2C300%2C300italic%2Cregular%2Citalic%2C600%2C600italic%2C700%2C700italic%2C900%2C900italic|font_style:900%20bold%20regular%3A900%3Anormal&#8220;][vc_column_text css=&#8220;&#8220;]<a href=\"https:\/\/www.hiwin.de\/nl\/Producten\/Servomotoren\/Servomotoren-EM1\/c\/5086\" target=\"_blank\" rel=\"noopener\">TECHNISCHE DATEN<\/a>[\/vc_column_text][\/vc_column][\/vc_row][vc_row][vc_column][vc_gallery type=&#8220;image_grid&#8220; images=&#8220;19185&#8243; img_size=&#8220;full&#8220; css=&#8220;&#8220; el_class=&#8220;hover-gallery&#8220;][\/vc_column][\/vc_row][vc_row disable_element=&#8220;yes&#8220; el_class=&#8220;downloads&#8220;][vc_column][vc_custom_heading text=&#8220;DOWNLOADS&#8220; font_container=&#8220;tag:h2|font_size:20px|text_align:left|color:%23e6007e&#8220; google_fonts=&#8220;font_family:Source%20Sans%20Pro%3A200%2C200italic%2C300%2C300italic%2Cregular%2Citalic%2C600%2C600italic%2C700%2C700italic%2C900%2C900italic|font_style:900%20bold%20regular%3A900%3Anormal&#8220;][vc_column_text]<a href=\"https:\/\/vansichen.be\/wp-content\/uploads\/2021\/04\/Hiwin-main-modules-ENG.pdf\" target=\"_blank\" rel=\"noopener noreferrer\">Catalogus HIWIN<\/a><br \/>\n<a href=\"https:\/\/vansichen.be\/wp-content\/uploads\/2021\/04\/Assembly-Hiwin-Belt-modules-ENG.pdf\" target=\"_blank\" rel=\"noopener noreferrer\">Assembly Hiwin Belt modules<\/a><br \/>\n<a href=\"https:\/\/vansichen.be\/wp-content\/uploads\/2021\/04\/Assembly-Hiwin-Spindle-modules-ENG.pdf\" target=\"_blank\" rel=\"noopener noreferrer\">Assembly Hiwin Spindle modules<\/a>[\/vc_column_text][\/vc_column][\/vc_row]<\/p>\n<\/div>","protected":false},"excerpt":{"rendered":"<p>[vc_row][vc_column width=&#8220;2\/3&#8243;][vc_custom_heading text=&#8220;SERVOMOTOREN&#8220; font_container=&#8220;tag:h1|font_size:53px|text_align:left|color:%23e6007e&#8220; google_fonts=&#8220;font_family:Source%20Sans%20Pro%3A200%2C200italic%2C300%2C300italic%2Cregular%2Citalic%2C600%2C600italic%2C700%2C700italic%2C900%2C900italic|font_style:900%20bold%20regular%3A900%3Anormal&#8220; css=&#8220;&#8220;][vc_column_text css=&#8220;&#8220;]Die hochdynamischen AC-Synchron-Servomotoren liefern hohe Drehmomente \u00fcber den gesamten Drehzahlbereich. Sie eignen sich dank<span class=\"excerpt-hellip\"> [\u2026]<\/span><\/p>\n","protected":false},"author":4,"featured_media":0,"parent":19073,"menu_order":0,"comment_status":"closed","ping_status":"closed","template":"","meta":{"inline_featured_image":false,"footnotes":""},"class_list":["post-19090","page","type-page","status-publish","hentry"],"yoast_head":"<!-- This site is optimized with the Yoast SEO plugin v26.8 - https:\/\/yoast.com\/product\/yoast-seo-wordpress\/ -->\n<title>Servomotoren - HIWIN Motoren &amp; Antriebsverstarker- Vansichen Linear Technology<\/title>\n<meta name=\"description\" content=\"Die hochdynamischen AC-Synchron-Servomotoren liefern hohe Drehmomente \u00fcber den gesamten Drehzahlbereich. Besuchen Sie unsere Website!\" \/>\n<meta name=\"robots\" content=\"index, follow, max-snippet:-1, max-image-preview:large, max-video-preview:-1\" \/>\n<link rel=\"canonical\" href=\"https:\/\/vansichen.be\/de\/standardkomponenten-lineartechnik\/hiwin-motoren-antriebsverstarker\/servomotoren\/\" \/>\n<meta property=\"og:locale\" content=\"de_DE\" \/>\n<meta property=\"og:type\" content=\"article\" \/>\n<meta property=\"og:title\" content=\"Servomotoren - HIWIN Motoren &amp; Antriebsverstarker- Vansichen Linear Technology\" \/>\n<meta property=\"og:description\" content=\"Die hochdynamischen AC-Synchron-Servomotoren liefern hohe Drehmomente \u00fcber den gesamten Drehzahlbereich. Besuchen Sie unsere Website!\" \/>\n<meta property=\"og:url\" content=\"https:\/\/vansichen.be\/de\/standardkomponenten-lineartechnik\/hiwin-motoren-antriebsverstarker\/servomotoren\/\" \/>\n<meta property=\"og:site_name\" content=\"Vansichen Linear Technology\" \/>\n<meta property=\"article:modified_time\" content=\"2025-07-04T12:21:58+00:00\" \/>\n<meta name=\"twitter:card\" content=\"summary_large_image\" \/>\n<meta name=\"twitter:label1\" content=\"Gesch\u00e4tzte Lesezeit\" \/>\n\t<meta name=\"twitter:data1\" content=\"2\u00a0Minuten\" \/>\n<script type=\"application\/ld+json\" class=\"yoast-schema-graph\">{\"@context\":\"https:\/\/schema.org\",\"@graph\":[{\"@type\":\"WebPage\",\"@id\":\"https:\/\/vansichen.be\/de\/standardkomponenten-lineartechnik\/hiwin-motoren-antriebsverstarker\/servomotoren\/\",\"url\":\"https:\/\/vansichen.be\/de\/standardkomponenten-lineartechnik\/hiwin-motoren-antriebsverstarker\/servomotoren\/\",\"name\":\"Servomotoren - HIWIN Motoren & Antriebsverstarker- Vansichen Linear Technology\",\"isPartOf\":{\"@id\":\"https:\/\/vansichen.be\/de\/#website\"},\"datePublished\":\"2025-07-04T12:21:57+00:00\",\"dateModified\":\"2025-07-04T12:21:58+00:00\",\"description\":\"Die hochdynamischen AC-Synchron-Servomotoren liefern hohe Drehmomente \u00fcber den gesamten Drehzahlbereich. Besuchen Sie unsere Website!\",\"breadcrumb\":{\"@id\":\"https:\/\/vansichen.be\/de\/standardkomponenten-lineartechnik\/hiwin-motoren-antriebsverstarker\/servomotoren\/#breadcrumb\"},\"inLanguage\":\"de\",\"potentialAction\":[{\"@type\":\"ReadAction\",\"target\":[\"https:\/\/vansichen.be\/de\/standardkomponenten-lineartechnik\/hiwin-motoren-antriebsverstarker\/servomotoren\/\"]}]},{\"@type\":\"BreadcrumbList\",\"@id\":\"https:\/\/vansichen.be\/de\/standardkomponenten-lineartechnik\/hiwin-motoren-antriebsverstarker\/servomotoren\/#breadcrumb\",\"itemListElement\":[{\"@type\":\"ListItem\",\"position\":1,\"name\":\"Home\",\"item\":\"https:\/\/vansichen.be\/de\/\"},{\"@type\":\"ListItem\",\"position\":2,\"name\":\"Standardkomponenten f\u00fcr Lineartechnik\",\"item\":\"https:\/\/vansichen.be\/de\/standardkomponenten-lineartechnik\/\"},{\"@type\":\"ListItem\",\"position\":3,\"name\":\"Hiwin Motoren &#038; Antriebsverstarker\",\"item\":\"https:\/\/vansichen.be\/de\/standardkomponenten-lineartechnik\/hiwin-motoren-antriebsverstarker\/\"},{\"@type\":\"ListItem\",\"position\":4,\"name\":\"Servomotoren\"}]},{\"@type\":\"WebSite\",\"@id\":\"https:\/\/vansichen.be\/de\/#website\",\"url\":\"https:\/\/vansichen.be\/de\/\",\"name\":\"Vansichen Linear Technology\",\"description\":\"\",\"publisher\":{\"@id\":\"https:\/\/vansichen.be\/de\/#organization\"},\"potentialAction\":[{\"@type\":\"SearchAction\",\"target\":{\"@type\":\"EntryPoint\",\"urlTemplate\":\"https:\/\/vansichen.be\/de\/?s={search_term_string}\"},\"query-input\":{\"@type\":\"PropertyValueSpecification\",\"valueRequired\":true,\"valueName\":\"search_term_string\"}}],\"inLanguage\":\"de\"},{\"@type\":\"Organization\",\"@id\":\"https:\/\/vansichen.be\/de\/#organization\",\"name\":\"Vansichen Linear Technology\",\"url\":\"https:\/\/vansichen.be\/de\/\",\"logo\":{\"@type\":\"ImageObject\",\"inLanguage\":\"de\",\"@id\":\"https:\/\/vansichen.be\/de\/#\/schema\/logo\/image\/\",\"url\":\"https:\/\/vansichen.be\/wp-content\/uploads\/2020\/03\/Vansichen_home_2020_4.png\",\"contentUrl\":\"https:\/\/vansichen.be\/wp-content\/uploads\/2020\/03\/Vansichen_home_2020_4.png\",\"width\":260,\"height\":44,\"caption\":\"Vansichen Linear Technology\"},\"image\":{\"@id\":\"https:\/\/vansichen.be\/de\/#\/schema\/logo\/image\/\"}}]}<\/script>\n<!-- \/ Yoast SEO plugin. -->","yoast_head_json":{"title":"Servomotoren - HIWIN Motoren & Antriebsverstarker- Vansichen Linear Technology","description":"Die hochdynamischen AC-Synchron-Servomotoren liefern hohe Drehmomente \u00fcber den gesamten Drehzahlbereich. Besuchen Sie unsere Website!","robots":{"index":"index","follow":"follow","max-snippet":"max-snippet:-1","max-image-preview":"max-image-preview:large","max-video-preview":"max-video-preview:-1"},"canonical":"https:\/\/vansichen.be\/de\/standardkomponenten-lineartechnik\/hiwin-motoren-antriebsverstarker\/servomotoren\/","og_locale":"de_DE","og_type":"article","og_title":"Servomotoren - HIWIN Motoren & Antriebsverstarker- Vansichen Linear Technology","og_description":"Die hochdynamischen AC-Synchron-Servomotoren liefern hohe Drehmomente \u00fcber den gesamten Drehzahlbereich. Besuchen Sie unsere Website!","og_url":"https:\/\/vansichen.be\/de\/standardkomponenten-lineartechnik\/hiwin-motoren-antriebsverstarker\/servomotoren\/","og_site_name":"Vansichen Linear Technology","article_modified_time":"2025-07-04T12:21:58+00:00","twitter_card":"summary_large_image","twitter_misc":{"Gesch\u00e4tzte Lesezeit":"2\u00a0Minuten"},"schema":{"@context":"https:\/\/schema.org","@graph":[{"@type":"WebPage","@id":"https:\/\/vansichen.be\/de\/standardkomponenten-lineartechnik\/hiwin-motoren-antriebsverstarker\/servomotoren\/","url":"https:\/\/vansichen.be\/de\/standardkomponenten-lineartechnik\/hiwin-motoren-antriebsverstarker\/servomotoren\/","name":"Servomotoren - HIWIN Motoren & Antriebsverstarker- Vansichen Linear Technology","isPartOf":{"@id":"https:\/\/vansichen.be\/de\/#website"},"datePublished":"2025-07-04T12:21:57+00:00","dateModified":"2025-07-04T12:21:58+00:00","description":"Die hochdynamischen AC-Synchron-Servomotoren liefern hohe Drehmomente \u00fcber den gesamten Drehzahlbereich. Besuchen Sie unsere Website!","breadcrumb":{"@id":"https:\/\/vansichen.be\/de\/standardkomponenten-lineartechnik\/hiwin-motoren-antriebsverstarker\/servomotoren\/#breadcrumb"},"inLanguage":"de","potentialAction":[{"@type":"ReadAction","target":["https:\/\/vansichen.be\/de\/standardkomponenten-lineartechnik\/hiwin-motoren-antriebsverstarker\/servomotoren\/"]}]},{"@type":"BreadcrumbList","@id":"https:\/\/vansichen.be\/de\/standardkomponenten-lineartechnik\/hiwin-motoren-antriebsverstarker\/servomotoren\/#breadcrumb","itemListElement":[{"@type":"ListItem","position":1,"name":"Home","item":"https:\/\/vansichen.be\/de\/"},{"@type":"ListItem","position":2,"name":"Standardkomponenten f\u00fcr Lineartechnik","item":"https:\/\/vansichen.be\/de\/standardkomponenten-lineartechnik\/"},{"@type":"ListItem","position":3,"name":"Hiwin Motoren &#038; Antriebsverstarker","item":"https:\/\/vansichen.be\/de\/standardkomponenten-lineartechnik\/hiwin-motoren-antriebsverstarker\/"},{"@type":"ListItem","position":4,"name":"Servomotoren"}]},{"@type":"WebSite","@id":"https:\/\/vansichen.be\/de\/#website","url":"https:\/\/vansichen.be\/de\/","name":"Vansichen Linear Technology","description":"","publisher":{"@id":"https:\/\/vansichen.be\/de\/#organization"},"potentialAction":[{"@type":"SearchAction","target":{"@type":"EntryPoint","urlTemplate":"https:\/\/vansichen.be\/de\/?s={search_term_string}"},"query-input":{"@type":"PropertyValueSpecification","valueRequired":true,"valueName":"search_term_string"}}],"inLanguage":"de"},{"@type":"Organization","@id":"https:\/\/vansichen.be\/de\/#organization","name":"Vansichen Linear Technology","url":"https:\/\/vansichen.be\/de\/","logo":{"@type":"ImageObject","inLanguage":"de","@id":"https:\/\/vansichen.be\/de\/#\/schema\/logo\/image\/","url":"https:\/\/vansichen.be\/wp-content\/uploads\/2020\/03\/Vansichen_home_2020_4.png","contentUrl":"https:\/\/vansichen.be\/wp-content\/uploads\/2020\/03\/Vansichen_home_2020_4.png","width":260,"height":44,"caption":"Vansichen Linear Technology"},"image":{"@id":"https:\/\/vansichen.be\/de\/#\/schema\/logo\/image\/"}}]}},"_links":{"self":[{"href":"https:\/\/vansichen.be\/de\/wp-json\/wp\/v2\/pages\/19090","targetHints":{"allow":["GET"]}}],"collection":[{"href":"https:\/\/vansichen.be\/de\/wp-json\/wp\/v2\/pages"}],"about":[{"href":"https:\/\/vansichen.be\/de\/wp-json\/wp\/v2\/types\/page"}],"author":[{"embeddable":true,"href":"https:\/\/vansichen.be\/de\/wp-json\/wp\/v2\/users\/4"}],"replies":[{"embeddable":true,"href":"https:\/\/vansichen.be\/de\/wp-json\/wp\/v2\/comments?post=19090"}],"version-history":[{"count":4,"href":"https:\/\/vansichen.be\/de\/wp-json\/wp\/v2\/pages\/19090\/revisions"}],"predecessor-version":[{"id":19698,"href":"https:\/\/vansichen.be\/de\/wp-json\/wp\/v2\/pages\/19090\/revisions\/19698"}],"up":[{"embeddable":true,"href":"https:\/\/vansichen.be\/de\/wp-json\/wp\/v2\/pages\/19073"}],"wp:attachment":[{"href":"https:\/\/vansichen.be\/de\/wp-json\/wp\/v2\/media?parent=19090"}],"curies":[{"name":"wp","href":"https:\/\/api.w.org\/{rel}","templated":true}]}}