{"id":19104,"date":"2025-07-04T12:40:06","date_gmt":"2025-07-04T12:40:06","guid":{"rendered":"https:\/\/vansichen.be\/?page_id=19104"},"modified":"2025-07-04T12:40:08","modified_gmt":"2025-07-04T12:40:08","slug":"torquemotoren","status":"publish","type":"page","link":"https:\/\/vansichen.be\/de\/standardkomponenten-lineartechnik\/hiwin-motoren-antriebsverstarker\/torquemotoren\/","title":{"rendered":"Torquemotoren"},"content":{"rendered":"<div class=\"wpb-content-wrapper\"><p>[vc_row][vc_column width=&#8220;2\/3&#8243;][vc_custom_heading text=&#8220;TORQUEMOTOREN&#8220; font_container=&#8220;tag:h1|font_size:53px|text_align:left|color:%23e6007e&#8220; google_fonts=&#8220;font_family:Source%20Sans%20Pro%3A200%2C200italic%2C300%2C300italic%2Cregular%2Citalic%2C600%2C600italic%2C700%2C700italic%2C900%2C900italic|font_style:900%20bold%20regular%3A900%3Anormal&#8220; css=&#8220;&#8220;][vc_column_text css=&#8220;&#8220;]Torquemotoren sind hochpolige Synchronmotoren und ben\u00f6tigen kein nachgelagertes Getriebe zur Drehzahlreduzierung und Drehmomentsteigerung. Aufgrund ihrer sehr steifen Lastankopplung, kommen die Direktantriebe in hochpr\u00e4zisen Rotationsachsen und Applikationen mit schnellen Lastwechseln zum Einsatz. Die Kraft\u00fcbertragung zwischen Antriebs- und Abtriebsseite erfolgt ber\u00fchrungslos, mechanische Bauteile im Antriebsstrang entfallen. Das Ergebnis ist ein verschlei\u00df- und wartungsfreier Antrieb mit h\u00f6chstem Wirkungsgrad. Um im Bereich Werkzeugmaschinen keine zus\u00e4tzliche Prozessw\u00e4rme einzubringen, bieten wir auch Torquemotoren mit Fl\u00fcssigkeitsk\u00fchlung an.[\/vc_column_text][vc_custom_heading text=&#8220;PARTNER&#8220; font_container=&#8220;tag:h2|font_size:20px|text_align:left|color:%23e6007e&#8220; google_fonts=&#8220;font_family:Source%20Sans%20Pro%3A200%2C200italic%2C300%2C300italic%2Cregular%2Citalic%2C600%2C600italic%2C700%2C700italic%2C900%2C900italic|font_style:900%20bold%20regular%3A900%3Anormal&#8220;][vc_row_inner el_class=&#8220;partners&#8220;][vc_column_inner width=&#8220;1\/3&#8243;][vc_single_image image=&#8220;4220&#8243; img_size=&#8220;full&#8220; onclick=&#8220;custom_link&#8220; img_link_target=&#8220;_blank&#8220; link=&#8220;https:\/\/www.hiwin.de\/de\/&#8220;][\/vc_column_inner][vc_column_inner width=&#8220;1\/3&#8243;][\/vc_column_inner][vc_column_inner width=&#8220;1\/3&#8243;][\/vc_column_inner][\/vc_row_inner][\/vc_column][vc_column width=&#8220;1\/3&#8243;][vc_widget_sidebar sidebar_id=&#8220;top-area-1&#8243;][\/vc_column][\/vc_row][vc_row][vc_column width=&#8220;2\/3&#8243;][vc_custom_heading text=&#8220;STANDAARD-DMR-TORQUEMOTOREN&#8220; font_container=&#8220;tag:h2|font_size:20px|text_align:left|color:%23E6007E&#8220; google_fonts=&#8220;font_family:Source%20Sans%20Pro%3A200%2C200italic%2C300%2C300italic%2Cregular%2Citalic%2C600%2C600italic%2C700%2C700italic%2C900%2C900italic|font_style:900%20bold%20regular%3A900%3Anormal&#8220; css=&#8220;&#8220;][vc_column_text css=&#8220;&#8220;]Die Standard-DMR-Torquemotoren sind drehmomentstarke Motorkomponenten mit hohem Wirkungsgrad und hoher Dynamik. Dank des integrierten Temperatursensors ist die Motorkomponente absolut wartungs- und verschlei\u00dffrei.[\/vc_column_text][vc_custom_heading text=&#8220;LINKS&#8220; font_container=&#8220;tag:h2|font_size:20px|text_align:left|color:%23e6007e&#8220; google_fonts=&#8220;font_family:Source%20Sans%20Pro%3A200%2C200italic%2C300%2C300italic%2Cregular%2Citalic%2C600%2C600italic%2C700%2C700italic%2C900%2C900italic|font_style:900%20bold%20regular%3A900%3Anormal&#8220;][vc_column_text css=&#8220;&#8220;]<a href=\"https:\/\/www.hiwin.de\/de\/Producten\/Torquemotoren\/Torque-motoren-DMR\/c\/4704\" target=\"_blank\" rel=\"noopener noreferrer\">3D-CAD HIWIN<\/a>[\/vc_column_text][vc_row_inner][vc_column_inner width=&#8220;1\/2&#8243;][vc_single_image image=&#8220;19200&#8243; img_size=&#8220;full&#8220; onclick=&#8220;link_image&#8220; css=&#8220;&#8220;][\/vc_column_inner][vc_column_inner width=&#8220;1\/2&#8243;][\/vc_column_inner][\/vc_row_inner][\/vc_column][vc_column width=&#8220;1\/3&#8243;][\/vc_column][\/vc_row][vc_row][vc_column width=&#8220;2\/3&#8243;][vc_custom_heading text=&#8220;TORQUEMOTOREN DER BAUREIHE TM-5&#8243; font_container=&#8220;tag:h2|font_size:20px|text_align:left|color:%23E6007E&#8220; google_fonts=&#8220;font_family:Source%20Sans%20Pro%3A200%2C200italic%2C300%2C300italic%2Cregular%2Citalic%2C600%2C600italic%2C700%2C700italic%2C900%2C900italic|font_style:900%20bold%20regular%3A900%3Anormal&#8220; css=&#8220;&#8220;][vc_column_text css=&#8220;&#8220;]Die Torquemotoren der Baureihe TM-5 sind einbaufertige Motorelemente, bestehend aus Stator und Rotor, speziell f\u00fcr den Bereich Werkzeugmaschinen. Durch die integrierten K\u00fchlkan\u00e4le kann der Torquemotor mit einer Fl\u00fcssigkeitsk\u00fchlung betrieben werden. Dadurch wird keine zus\u00e4tzliche Prozessw\u00e4rme in die Maschine eingebracht, und es k\u00f6nnen h\u00f6here Dauermomente erreicht werden. Die verschlei\u00df- und wartungsfreien Direktantriebe zeichnen sich durch hohe Drehmomente sowie ein geringes Rastmoment aus.[\/vc_column_text][vc_custom_heading text=&#8220;LINKS&#8220; font_container=&#8220;tag:h2|font_size:20px|text_align:left|color:%23e6007e&#8220; google_fonts=&#8220;font_family:Source%20Sans%20Pro%3A200%2C200italic%2C300%2C300italic%2Cregular%2Citalic%2C600%2C600italic%2C700%2C700italic%2C900%2C900italic|font_style:900%20bold%20regular%3A900%3Anormal&#8220;][vc_column_text css=&#8220;&#8220;]<a href=\"https:\/\/www.hiwin.de\/de\/Producten\/Torquemotoren\/Torque-motoren-TM-5\/c\/5335\" target=\"_blank\" rel=\"noopener noreferrer\">3D-CAD HIWIN<\/a>[\/vc_column_text][vc_row_inner][vc_column_inner width=&#8220;1\/2&#8243;][vc_single_image image=&#8220;19189&#8243; img_size=&#8220;full&#8220; onclick=&#8220;link_image&#8220; css=&#8220;&#8220;][\/vc_column_inner][vc_column_inner width=&#8220;1\/2&#8243;][\/vc_column_inner][\/vc_row_inner][\/vc_column][vc_column width=&#8220;1\/3&#8243;][\/vc_column][\/vc_row][vc_row disable_element=&#8220;yes&#8220; el_class=&#8220;downloads&#8220;][vc_column][vc_custom_heading text=&#8220;DOWNLOADS&#8220; font_container=&#8220;tag:h2|font_size:20px|text_align:left|color:%23e6007e&#8220; google_fonts=&#8220;font_family:Source%20Sans%20Pro%3A200%2C200italic%2C300%2C300italic%2Cregular%2Citalic%2C600%2C600italic%2C700%2C700italic%2C900%2C900italic|font_style:900%20bold%20regular%3A900%3Anormal&#8220;][vc_column_text]<a href=\"https:\/\/vansichen.be\/wp-content\/uploads\/2021\/04\/Hiwin-main-modules-ENG.pdf\" target=\"_blank\" rel=\"noopener noreferrer\">Catalogus HIWIN<\/a><br \/>\n<a href=\"https:\/\/vansichen.be\/wp-content\/uploads\/2021\/04\/Assembly-Hiwin-Belt-modules-ENG.pdf\" target=\"_blank\" rel=\"noopener noreferrer\">Assembly Hiwin Belt modules<\/a><br \/>\n<a href=\"https:\/\/vansichen.be\/wp-content\/uploads\/2021\/04\/Assembly-Hiwin-Spindle-modules-ENG.pdf\" target=\"_blank\" rel=\"noopener noreferrer\">Assembly Hiwin Spindle modules<\/a>[\/vc_column_text][\/vc_column][\/vc_row][vc_row disable_element=&#8220;yes&#8220;][vc_column][vc_gallery type=&#8220;image_grid&#8220; images=&#8220;686,690,694&#8243; img_size=&#8220;full&#8220; el_class=&#8220;hover-gallery&#8220;][\/vc_column][\/vc_row]<\/p>\n<\/div>","protected":false},"excerpt":{"rendered":"<p>[vc_row][vc_column width=&#8220;2\/3&#8243;][vc_custom_heading text=&#8220;TORQUEMOTOREN&#8220; font_container=&#8220;tag:h1|font_size:53px|text_align:left|color:%23e6007e&#8220; google_fonts=&#8220;font_family:Source%20Sans%20Pro%3A200%2C200italic%2C300%2C300italic%2Cregular%2Citalic%2C600%2C600italic%2C700%2C700italic%2C900%2C900italic|font_style:900%20bold%20regular%3A900%3Anormal&#8220; css=&#8220;&#8220;][vc_column_text css=&#8220;&#8220;]Torquemotoren sind hochpolige Synchronmotoren und ben\u00f6tigen kein nachgelagertes Getriebe zur Drehzahlreduzierung und Drehmomentsteigerung. Aufgrund<span class=\"excerpt-hellip\"> [\u2026]<\/span><\/p>\n","protected":false},"author":4,"featured_media":0,"parent":19073,"menu_order":0,"comment_status":"closed","ping_status":"closed","template":"","meta":{"inline_featured_image":false,"footnotes":""},"class_list":["post-19104","page","type-page","status-publish","hentry"],"yoast_head":"<!-- This site is optimized with the Yoast SEO plugin v26.8 - https:\/\/yoast.com\/product\/yoast-seo-wordpress\/ -->\n<title>Torquemotoren - HIWIN Motoren &amp; Antriebsverstarker- Vansichen Linear Technology<\/title>\n<meta name=\"description\" content=\"Torquemotoren sind hochpolige Synchronmotoren und ben\u00f6tigen kein nachgelagertes Getriebe zur Drehzahlreduzierung und Drehmomentsteigerung.\" \/>\n<meta name=\"robots\" content=\"index, follow, max-snippet:-1, max-image-preview:large, max-video-preview:-1\" \/>\n<link rel=\"canonical\" href=\"https:\/\/vansichen.be\/de\/standardkomponenten-lineartechnik\/hiwin-motoren-antriebsverstarker\/torquemotoren\/\" \/>\n<meta property=\"og:locale\" content=\"de_DE\" \/>\n<meta property=\"og:type\" content=\"article\" \/>\n<meta property=\"og:title\" content=\"Torquemotoren - HIWIN Motoren &amp; Antriebsverstarker- Vansichen Linear Technology\" \/>\n<meta property=\"og:description\" content=\"Torquemotoren sind hochpolige Synchronmotoren und ben\u00f6tigen kein nachgelagertes Getriebe zur Drehzahlreduzierung und Drehmomentsteigerung.\" \/>\n<meta property=\"og:url\" content=\"https:\/\/vansichen.be\/de\/standardkomponenten-lineartechnik\/hiwin-motoren-antriebsverstarker\/torquemotoren\/\" \/>\n<meta property=\"og:site_name\" content=\"Vansichen Linear Technology\" \/>\n<meta property=\"article:modified_time\" content=\"2025-07-04T12:40:08+00:00\" \/>\n<meta name=\"twitter:card\" content=\"summary_large_image\" \/>\n<meta name=\"twitter:label1\" content=\"Gesch\u00e4tzte Lesezeit\" \/>\n\t<meta name=\"twitter:data1\" content=\"3\u00a0Minuten\" \/>\n<script type=\"application\/ld+json\" class=\"yoast-schema-graph\">{\"@context\":\"https:\/\/schema.org\",\"@graph\":[{\"@type\":\"WebPage\",\"@id\":\"https:\/\/vansichen.be\/de\/standardkomponenten-lineartechnik\/hiwin-motoren-antriebsverstarker\/torquemotoren\/\",\"url\":\"https:\/\/vansichen.be\/de\/standardkomponenten-lineartechnik\/hiwin-motoren-antriebsverstarker\/torquemotoren\/\",\"name\":\"Torquemotoren - HIWIN Motoren & Antriebsverstarker- Vansichen Linear Technology\",\"isPartOf\":{\"@id\":\"https:\/\/vansichen.be\/de\/#website\"},\"datePublished\":\"2025-07-04T12:40:06+00:00\",\"dateModified\":\"2025-07-04T12:40:08+00:00\",\"description\":\"Torquemotoren sind hochpolige Synchronmotoren und ben\u00f6tigen kein nachgelagertes Getriebe zur Drehzahlreduzierung und Drehmomentsteigerung.\",\"breadcrumb\":{\"@id\":\"https:\/\/vansichen.be\/de\/standardkomponenten-lineartechnik\/hiwin-motoren-antriebsverstarker\/torquemotoren\/#breadcrumb\"},\"inLanguage\":\"de\",\"potentialAction\":[{\"@type\":\"ReadAction\",\"target\":[\"https:\/\/vansichen.be\/de\/standardkomponenten-lineartechnik\/hiwin-motoren-antriebsverstarker\/torquemotoren\/\"]}]},{\"@type\":\"BreadcrumbList\",\"@id\":\"https:\/\/vansichen.be\/de\/standardkomponenten-lineartechnik\/hiwin-motoren-antriebsverstarker\/torquemotoren\/#breadcrumb\",\"itemListElement\":[{\"@type\":\"ListItem\",\"position\":1,\"name\":\"Home\",\"item\":\"https:\/\/vansichen.be\/de\/\"},{\"@type\":\"ListItem\",\"position\":2,\"name\":\"Standardkomponenten f\u00fcr Lineartechnik\",\"item\":\"https:\/\/vansichen.be\/de\/standardkomponenten-lineartechnik\/\"},{\"@type\":\"ListItem\",\"position\":3,\"name\":\"Hiwin Motoren &#038; Antriebsverstarker\",\"item\":\"https:\/\/vansichen.be\/de\/standardkomponenten-lineartechnik\/hiwin-motoren-antriebsverstarker\/\"},{\"@type\":\"ListItem\",\"position\":4,\"name\":\"Torquemotoren\"}]},{\"@type\":\"WebSite\",\"@id\":\"https:\/\/vansichen.be\/de\/#website\",\"url\":\"https:\/\/vansichen.be\/de\/\",\"name\":\"Vansichen Linear Technology\",\"description\":\"\",\"publisher\":{\"@id\":\"https:\/\/vansichen.be\/de\/#organization\"},\"potentialAction\":[{\"@type\":\"SearchAction\",\"target\":{\"@type\":\"EntryPoint\",\"urlTemplate\":\"https:\/\/vansichen.be\/de\/?s={search_term_string}\"},\"query-input\":{\"@type\":\"PropertyValueSpecification\",\"valueRequired\":true,\"valueName\":\"search_term_string\"}}],\"inLanguage\":\"de\"},{\"@type\":\"Organization\",\"@id\":\"https:\/\/vansichen.be\/de\/#organization\",\"name\":\"Vansichen Linear Technology\",\"url\":\"https:\/\/vansichen.be\/de\/\",\"logo\":{\"@type\":\"ImageObject\",\"inLanguage\":\"de\",\"@id\":\"https:\/\/vansichen.be\/de\/#\/schema\/logo\/image\/\",\"url\":\"https:\/\/vansichen.be\/wp-content\/uploads\/2020\/03\/Vansichen_home_2020_4.png\",\"contentUrl\":\"https:\/\/vansichen.be\/wp-content\/uploads\/2020\/03\/Vansichen_home_2020_4.png\",\"width\":260,\"height\":44,\"caption\":\"Vansichen Linear Technology\"},\"image\":{\"@id\":\"https:\/\/vansichen.be\/de\/#\/schema\/logo\/image\/\"}}]}<\/script>\n<!-- \/ Yoast SEO plugin. -->","yoast_head_json":{"title":"Torquemotoren - HIWIN Motoren & Antriebsverstarker- Vansichen Linear Technology","description":"Torquemotoren sind hochpolige Synchronmotoren und ben\u00f6tigen kein nachgelagertes Getriebe zur Drehzahlreduzierung und Drehmomentsteigerung.","robots":{"index":"index","follow":"follow","max-snippet":"max-snippet:-1","max-image-preview":"max-image-preview:large","max-video-preview":"max-video-preview:-1"},"canonical":"https:\/\/vansichen.be\/de\/standardkomponenten-lineartechnik\/hiwin-motoren-antriebsverstarker\/torquemotoren\/","og_locale":"de_DE","og_type":"article","og_title":"Torquemotoren - HIWIN Motoren & Antriebsverstarker- Vansichen Linear Technology","og_description":"Torquemotoren sind hochpolige Synchronmotoren und ben\u00f6tigen kein nachgelagertes Getriebe zur Drehzahlreduzierung und Drehmomentsteigerung.","og_url":"https:\/\/vansichen.be\/de\/standardkomponenten-lineartechnik\/hiwin-motoren-antriebsverstarker\/torquemotoren\/","og_site_name":"Vansichen Linear Technology","article_modified_time":"2025-07-04T12:40:08+00:00","twitter_card":"summary_large_image","twitter_misc":{"Gesch\u00e4tzte Lesezeit":"3\u00a0Minuten"},"schema":{"@context":"https:\/\/schema.org","@graph":[{"@type":"WebPage","@id":"https:\/\/vansichen.be\/de\/standardkomponenten-lineartechnik\/hiwin-motoren-antriebsverstarker\/torquemotoren\/","url":"https:\/\/vansichen.be\/de\/standardkomponenten-lineartechnik\/hiwin-motoren-antriebsverstarker\/torquemotoren\/","name":"Torquemotoren - HIWIN Motoren & Antriebsverstarker- Vansichen Linear Technology","isPartOf":{"@id":"https:\/\/vansichen.be\/de\/#website"},"datePublished":"2025-07-04T12:40:06+00:00","dateModified":"2025-07-04T12:40:08+00:00","description":"Torquemotoren sind hochpolige Synchronmotoren und ben\u00f6tigen kein nachgelagertes Getriebe zur Drehzahlreduzierung und Drehmomentsteigerung.","breadcrumb":{"@id":"https:\/\/vansichen.be\/de\/standardkomponenten-lineartechnik\/hiwin-motoren-antriebsverstarker\/torquemotoren\/#breadcrumb"},"inLanguage":"de","potentialAction":[{"@type":"ReadAction","target":["https:\/\/vansichen.be\/de\/standardkomponenten-lineartechnik\/hiwin-motoren-antriebsverstarker\/torquemotoren\/"]}]},{"@type":"BreadcrumbList","@id":"https:\/\/vansichen.be\/de\/standardkomponenten-lineartechnik\/hiwin-motoren-antriebsverstarker\/torquemotoren\/#breadcrumb","itemListElement":[{"@type":"ListItem","position":1,"name":"Home","item":"https:\/\/vansichen.be\/de\/"},{"@type":"ListItem","position":2,"name":"Standardkomponenten f\u00fcr Lineartechnik","item":"https:\/\/vansichen.be\/de\/standardkomponenten-lineartechnik\/"},{"@type":"ListItem","position":3,"name":"Hiwin Motoren &#038; Antriebsverstarker","item":"https:\/\/vansichen.be\/de\/standardkomponenten-lineartechnik\/hiwin-motoren-antriebsverstarker\/"},{"@type":"ListItem","position":4,"name":"Torquemotoren"}]},{"@type":"WebSite","@id":"https:\/\/vansichen.be\/de\/#website","url":"https:\/\/vansichen.be\/de\/","name":"Vansichen Linear Technology","description":"","publisher":{"@id":"https:\/\/vansichen.be\/de\/#organization"},"potentialAction":[{"@type":"SearchAction","target":{"@type":"EntryPoint","urlTemplate":"https:\/\/vansichen.be\/de\/?s={search_term_string}"},"query-input":{"@type":"PropertyValueSpecification","valueRequired":true,"valueName":"search_term_string"}}],"inLanguage":"de"},{"@type":"Organization","@id":"https:\/\/vansichen.be\/de\/#organization","name":"Vansichen Linear Technology","url":"https:\/\/vansichen.be\/de\/","logo":{"@type":"ImageObject","inLanguage":"de","@id":"https:\/\/vansichen.be\/de\/#\/schema\/logo\/image\/","url":"https:\/\/vansichen.be\/wp-content\/uploads\/2020\/03\/Vansichen_home_2020_4.png","contentUrl":"https:\/\/vansichen.be\/wp-content\/uploads\/2020\/03\/Vansichen_home_2020_4.png","width":260,"height":44,"caption":"Vansichen Linear Technology"},"image":{"@id":"https:\/\/vansichen.be\/de\/#\/schema\/logo\/image\/"}}]}},"_links":{"self":[{"href":"https:\/\/vansichen.be\/de\/wp-json\/wp\/v2\/pages\/19104","targetHints":{"allow":["GET"]}}],"collection":[{"href":"https:\/\/vansichen.be\/de\/wp-json\/wp\/v2\/pages"}],"about":[{"href":"https:\/\/vansichen.be\/de\/wp-json\/wp\/v2\/types\/page"}],"author":[{"embeddable":true,"href":"https:\/\/vansichen.be\/de\/wp-json\/wp\/v2\/users\/4"}],"replies":[{"embeddable":true,"href":"https:\/\/vansichen.be\/de\/wp-json\/wp\/v2\/comments?post=19104"}],"version-history":[{"count":3,"href":"https:\/\/vansichen.be\/de\/wp-json\/wp\/v2\/pages\/19104\/revisions"}],"predecessor-version":[{"id":19468,"href":"https:\/\/vansichen.be\/de\/wp-json\/wp\/v2\/pages\/19104\/revisions\/19468"}],"up":[{"embeddable":true,"href":"https:\/\/vansichen.be\/de\/wp-json\/wp\/v2\/pages\/19073"}],"wp:attachment":[{"href":"https:\/\/vansichen.be\/de\/wp-json\/wp\/v2\/media?parent=19104"}],"curies":[{"name":"wp","href":"https:\/\/api.w.org\/{rel}","templated":true}]}}