{"id":19117,"date":"2025-07-04T13:20:30","date_gmt":"2025-07-04T13:20:30","guid":{"rendered":"https:\/\/vansichen.be\/?page_id=19117"},"modified":"2025-07-04T13:20:31","modified_gmt":"2025-07-04T13:20:31","slug":"linearmotoren","status":"publish","type":"page","link":"https:\/\/vansichen.be\/de\/standardkomponenten-lineartechnik\/hiwin-motoren-antriebsverstarker\/linearmotoren\/","title":{"rendered":"Linearmotoren"},"content":{"rendered":"<div class=\"wpb-content-wrapper\"><p>[vc_row][vc_column width=&#8220;2\/3&#8243;][vc_custom_heading text=&#8220;LINEARMOTOREN&#8220; font_container=&#8220;tag:h1|font_size:53px|text_align:left|color:%23e6007e&#8220; google_fonts=&#8220;font_family:Source%20Sans%20Pro%3A200%2C200italic%2C300%2C300italic%2Cregular%2Citalic%2C600%2C600italic%2C700%2C700italic%2C900%2C900italic|font_style:900%20bold%20regular%3A900%3Anormal&#8220; css=&#8220;&#8220;][vc_column_text css=&#8220;&#8220;]Neben kompletten Linearmotorachsen und Linearmotorachssystemen bietet HIWIN auch die einzelnen Linearmotor-Komponenten zum individuellen Achsaufbau. Die Linearmotoren bestehen aus dem Prim\u00e4rteil (Forcer) mit den Motorwicklungen und den Magnetbahnen (Statoren) mit den Dauermagneten. Durch Kombination mehrerer Statoren lassen sich beliebig lange Verfahrwege realisieren. Genauso k\u00f6nnen mehrere Forcer auf einer Linearmotorachse betrieben werden. Diese k\u00f6nnen entweder unabh\u00e4ngig voneinander auf der Achse angesteuert werden, oder parallel geschaltet zur Erh\u00f6hung der Vorschubkraft eingesetzt werden.[\/vc_column_text][vc_custom_heading text=&#8220;PARTNER&#8220; font_container=&#8220;tag:h2|font_size:20px|text_align:left|color:%23e6007e&#8220; google_fonts=&#8220;font_family:Source%20Sans%20Pro%3A200%2C200italic%2C300%2C300italic%2Cregular%2Citalic%2C600%2C600italic%2C700%2C700italic%2C900%2C900italic|font_style:900%20bold%20regular%3A900%3Anormal&#8220;][vc_row_inner el_class=&#8220;partners&#8220;][vc_column_inner width=&#8220;1\/3&#8243;][vc_single_image image=&#8220;4220&#8243; img_size=&#8220;full&#8220; onclick=&#8220;custom_link&#8220; img_link_target=&#8220;_blank&#8220; link=&#8220;https:\/\/www.hiwin.de\/de\/&#8220;][\/vc_column_inner][vc_column_inner width=&#8220;1\/3&#8243;][\/vc_column_inner][vc_column_inner width=&#8220;1\/3&#8243;][\/vc_column_inner][\/vc_row_inner][\/vc_column][vc_column width=&#8220;1\/3&#8243;][vc_widget_sidebar sidebar_id=&#8220;top-area-1&#8243;][\/vc_column][\/vc_row][vc_row][vc_column][vc_separator color=&#8220;custom&#8220; border_width=&#8220;2&#8243; css=&#8220;&#8220; accent_color=&#8220;#E6007E&#8220;][\/vc_column][\/vc_row][vc_row][vc_column width=&#8220;2\/3&#8243;][vc_custom_heading text=&#8220;LMSA&#8220; font_container=&#8220;tag:h2|font_size:20px|text_align:left|color:%23E6007E&#8220; google_fonts=&#8220;font_family:Source%20Sans%20Pro%3A200%2C200italic%2C300%2C300italic%2Cregular%2Citalic%2C600%2C600italic%2C700%2C700italic%2C900%2C900italic|font_style:900%20bold%20regular%3A900%3Anormal&#8220; css=&#8220;&#8220;][vc_column_text css=&#8220;&#8220;]Die HIWIN Synchron-Linearmotoren LMSA sind die kompakten Kraft\u00adpakete unter den Linearantrieben. Die Linearmotoren der Baureihe LMSA zeichnen sich durch eine extrem hohe Kraftdichte bei sehr flacher Bauform aus. Aufgrund der geringen Motormasse k\u00f6nnen die Antriebe hochdynamisch betrieben werden. Durch die optimierte Anordnung der Permanentmagneten des Stators wird eine hohe Gleichlaufg\u00fcte erreicht. Die Vorteile der Linearmotoren LMSA machen sie zur ersten Wahl in den Bereichen Automatisierung und Handling.[\/vc_column_text][vc_custom_heading text=&#8220;LINKS&#8220; font_container=&#8220;tag:h2|font_size:20px|text_align:left|color:%23e6007e&#8220; google_fonts=&#8220;font_family:Source%20Sans%20Pro%3A200%2C200italic%2C300%2C300italic%2Cregular%2Citalic%2C600%2C600italic%2C700%2C700italic%2C900%2C900italic|font_style:900%20bold%20regular%3A900%3Anormal&#8220;][vc_column_text css=&#8220;&#8220; el_class=&#8220;links&#8220;]<a href=\"https:\/\/www.hiwin.de\/de\/Producten\/Lineairmotoren\/Lineairmotoren-LMSA\/c\/4709\" target=\"_blank\" rel=\"noopener\">PRODUKTUBERSICHT<\/a>[\/vc_column_text][\/vc_column][vc_column width=&#8220;1\/3&#8243;][vc_single_image image=&#8220;19280&#8243; img_size=&#8220;full&#8220; onclick=&#8220;link_image&#8220; css=&#8220;&#8220;][\/vc_column][\/vc_row][vc_row][vc_column][vc_separator color=&#8220;custom&#8220; border_width=&#8220;2&#8243; css=&#8220;&#8220; accent_color=&#8220;#E6007E&#8220;][\/vc_column][\/vc_row][vc_row][vc_column width=&#8220;2\/3&#8243;][vc_custom_heading text=&#8220;LMFA&#8220; font_container=&#8220;tag:h2|font_size:20px|text_align:left|color:%23E6007E&#8220; google_fonts=&#8220;font_family:Source%20Sans%20Pro%3A200%2C200italic%2C300%2C300italic%2Cregular%2Citalic%2C600%2C600italic%2C700%2C700italic%2C900%2C900italic|font_style:900%20bold%20regular%3A900%3Anormal&#8220; css=&#8220;&#8220;][vc_column_text css=&#8220;&#8220;]Die HIWIN Synchron-Linearmotoren LMFA sind die gek\u00fchlten Kraft\u00adpakete unter den Linearantrieben. Die UL-zertifizierten Motoren sind mit einem hoch effizienten K\u00fchlsystem ausgestattet. Dies erm\u00f6glicht zum einen noch h\u00f6here Dauerkr\u00e4fte, zum anderen wird durch die Zwangsk\u00fchlung keine zus\u00e4tzliche Prozessw\u00e4rme in die Maschinenkonstruktion ein\u00adge\u00adbracht. Die Linearmotoren der Baureihe LMFA erreichen extrem hohe Schubkr\u00e4fte und Beschleu\u00adnigungen. Die Vorteile der Linearmotoren LMFA machen sie zur ersten Wahl in Bereichen mit sehr hohen Lasten sowie Anwendungen, bei denen keine zus\u00e4tzliche Prozessw\u00e4rme eingebracht werden darf.[\/vc_column_text][vc_custom_heading text=&#8220;LINKS&#8220; font_container=&#8220;tag:h2|font_size:20px|text_align:left|color:%23e6007e&#8220; google_fonts=&#8220;font_family:Source%20Sans%20Pro%3A200%2C200italic%2C300%2C300italic%2Cregular%2Citalic%2C600%2C600italic%2C700%2C700italic%2C900%2C900italic|font_style:900%20bold%20regular%3A900%3Anormal&#8220;][vc_column_text css=&#8220;&#8220; el_class=&#8220;links&#8220;]<a href=\"https:\/\/www.hiwin.de\/de\/Producten\/Lineairmotoren\/Lineairmotoren-LMFA\/c\/4711\" target=\"_blank\" rel=\"noopener\">PRODUKTUBERSICHT<\/a>[\/vc_column_text][\/vc_column][vc_column width=&#8220;1\/3&#8243;][vc_single_image image=&#8220;19272&#8243; img_size=&#8220;full&#8220; onclick=&#8220;link_image&#8220; css=&#8220;&#8220;][\/vc_column][\/vc_row][vc_row][vc_column][vc_separator color=&#8220;custom&#8220; border_width=&#8220;2&#8243; css=&#8220;&#8220; accent_color=&#8220;#E6007E&#8220;][\/vc_column][\/vc_row][vc_row][vc_column width=&#8220;2\/3&#8243;][vc_custom_heading text=&#8220;LMC&#8220; font_container=&#8220;tag:h2|font_size:20px|text_align:left|color:%23E6007E&#8220; google_fonts=&#8220;font_family:Source%20Sans%20Pro%3A200%2C200italic%2C300%2C300italic%2Cregular%2Citalic%2C600%2C600italic%2C700%2C700italic%2C900%2C900italic|font_style:900%20bold%20regular%3A900%3Anormal&#8220; css=&#8220;&#8220;][vc_column_text css=&#8220;&#8220;]Die HIWIN-Synchron-Linearmotoren LMC sind die dynamischen Sprinter unter den Linearantrieben. Durch den leichten, eisenlosen Forcer und den U-f\u00f6rmigen Aufbau des Stators mit gegen\u00fcberliegenden Magneten treten zwischen Forcer und Stator keine Rastmomente auf und es wird keine magnetische Anziehungskraft in das F\u00fchrungssystem eingeleitet. Die Linearmotoren der Baureihe LMC erreichen deshalb eine extreme Gleichlaufg\u00fcte und aufgrund der minimalen Forcer-Masse extreme Beschleunigungen. Aufgrund der sehr hohen Gleichlaufg\u00fcte der Linearmotoren LMC sind sie zudem pr\u00e4destiniert f\u00fcr den Einsatz in Pr\u00fcf- und Messmaschinen.[\/vc_column_text][vc_custom_heading text=&#8220;LINKS&#8220; font_container=&#8220;tag:h2|font_size:20px|text_align:left|color:%23e6007e&#8220; google_fonts=&#8220;font_family:Source%20Sans%20Pro%3A200%2C200italic%2C300%2C300italic%2Cregular%2Citalic%2C600%2C600italic%2C700%2C700italic%2C900%2C900italic|font_style:900%20bold%20regular%3A900%3Anormal&#8220;][vc_column_text css=&#8220;&#8220; el_class=&#8220;links&#8220;]<a href=\"https:\/\/www.hiwin.de\/de\/Producten\/Lineairmotoren\/Lineairmotoren-LMC\/c\/4712\" target=\"_blank\" rel=\"noopener\">PRODUKTUBERSICHT<\/a>[\/vc_column_text][\/vc_column][vc_column width=&#8220;1\/3&#8243;][vc_single_image image=&#8220;19268&#8243; img_size=&#8220;full&#8220; onclick=&#8220;link_image&#8220; css=&#8220;&#8220;][\/vc_column][\/vc_row][vc_row][vc_column][vc_separator color=&#8220;custom&#8220; border_width=&#8220;2&#8243; css=&#8220;&#8220; accent_color=&#8220;#E6007E&#8220;][\/vc_column][\/vc_row][vc_row][vc_column width=&#8220;2\/3&#8243;][vc_custom_heading text=&#8220;LMFP&#8220; font_container=&#8220;tag:h2|font_size:20px|text_align:left|color:%23E6007E&#8220; google_fonts=&#8220;font_family:Source%20Sans%20Pro%3A200%2C200italic%2C300%2C300italic%2Cregular%2Citalic%2C600%2C600italic%2C700%2C700italic%2C900%2C900italic|font_style:900%20bold%20regular%3A900%3Anormal&#8220; css=&#8220;&#8220;][vc_column_text css=&#8220;&#8220;]Die HIWIN Synchron-Linearmotoren der Baureihe LMFP basieren auf der LMFA-Baureihe und teilen sich dadurch die meisten Ihrer Eigenschaften. Sie erreichen sehr hohe Dauerkr\u00e4fte, extrem hohe Schubkr\u00e4fte und Beschleunigungen und bringen dank Fl\u00fcssigkeitsk\u00fchlung keine zus\u00e4tzliche Prozessw\u00e4rme in das System ein. Der entscheidende Vorteile der Baureihe LMFP im Vergleich zu LMFA liegt in der vollst\u00e4ndig gekapselte Bauweise mit der sie die Anforderungen der Schutzklasse IP65 erf\u00fcllt. LMFP-Linearmotoren sind damit erste Wahl f\u00fcr Anwendungen, bei denen sehr hohe Lasten auf schwierige Umgebungsbedingungen mit Fl\u00fcssigkeiten oder Staub treffen.[\/vc_column_text][vc_custom_heading text=&#8220;LINKS&#8220; font_container=&#8220;tag:h2|font_size:20px|text_align:left|color:%23e6007e&#8220; google_fonts=&#8220;font_family:Source%20Sans%20Pro%3A200%2C200italic%2C300%2C300italic%2Cregular%2Citalic%2C600%2C600italic%2C700%2C700italic%2C900%2C900italic|font_style:900%20bold%20regular%3A900%3Anormal&#8220;][vc_column_text css=&#8220;&#8220; el_class=&#8220;links&#8220;]<a href=\"https:\/\/www.hiwin.de\/de\/Producten\/Lineairmotoren\/Lineairmotoren-LMFP\/c\/5075\" target=\"_blank\" rel=\"noopener\">PRODUKTUBERSICHT<\/a>[\/vc_column_text][\/vc_column][vc_column width=&#8220;1\/3&#8243;][vc_single_image image=&#8220;19276&#8243; img_size=&#8220;full&#8220; onclick=&#8220;link_image&#8220; css=&#8220;&#8220;][\/vc_column][\/vc_row][vc_row][vc_column][vc_separator color=&#8220;custom&#8220; border_width=&#8220;2&#8243; css=&#8220;&#8220; accent_color=&#8220;#E6007E&#8220;][\/vc_column][\/vc_row][vc_row][vc_column width=&#8220;2\/3&#8243;][vc_custom_heading text=&#8220;ZUBEH\u00d6R LINEARMOTOREN&#8220; font_container=&#8220;tag:h2|font_size:20px|text_align:left|color:%23E6007E&#8220; google_fonts=&#8220;font_family:Source%20Sans%20Pro%3A200%2C200italic%2C300%2C300italic%2Cregular%2Citalic%2C600%2C600italic%2C700%2C700italic%2C900%2C900italic|font_style:900%20bold%20regular%3A900%3Anormal&#8220; css=&#8220;&#8220;][vc_column_text css=&#8220;&#8220; el_class=&#8220;links&#8220;]<a href=\"https:\/\/www.hiwin.de\/de\/Producten\/Lineairmotoren\/Toebehoren-lineairmotoren\/c\/4713\" target=\"_blank\" rel=\"noopener\">ZUBEH\u00d6R<\/a>[\/vc_column_text][\/vc_column][vc_column width=&#8220;1\/3&#8243;][vc_single_image image=&#8220;19284&#8243; img_size=&#8220;full&#8220; onclick=&#8220;link_image&#8220; css=&#8220;&#8220;][\/vc_column][\/vc_row][vc_row disable_element=&#8220;yes&#8220; el_class=&#8220;downloads&#8220;][vc_column][vc_custom_heading text=&#8220;DOWNLOADS&#8220; font_container=&#8220;tag:h2|font_size:20px|text_align:left|color:%23e6007e&#8220; google_fonts=&#8220;font_family:Source%20Sans%20Pro%3A200%2C200italic%2C300%2C300italic%2Cregular%2Citalic%2C600%2C600italic%2C700%2C700italic%2C900%2C900italic|font_style:900%20bold%20regular%3A900%3Anormal&#8220;][vc_column_text]<a href=\"https:\/\/vansichen.be\/wp-content\/uploads\/2021\/04\/Hiwin-main-modules-ENG.pdf\" target=\"_blank\" rel=\"noopener noreferrer\">Catalogus HIWIN<\/a><br \/>\n<a href=\"https:\/\/vansichen.be\/wp-content\/uploads\/2021\/04\/Assembly-Hiwin-Belt-modules-ENG.pdf\" target=\"_blank\" rel=\"noopener noreferrer\">Assembly Hiwin Belt modules<\/a><br \/>\n<a href=\"https:\/\/vansichen.be\/wp-content\/uploads\/2021\/04\/Assembly-Hiwin-Spindle-modules-ENG.pdf\" target=\"_blank\" rel=\"noopener noreferrer\">Assembly Hiwin Spindle modules<\/a>[\/vc_column_text][\/vc_column][\/vc_row][vc_row disable_element=&#8220;yes&#8220;][vc_column][vc_gallery type=&#8220;image_grid&#8220; images=&#8220;686,690,694&#8243; img_size=&#8220;full&#8220; el_class=&#8220;hover-gallery&#8220;][\/vc_column][\/vc_row]<\/p>\n<\/div>","protected":false},"excerpt":{"rendered":"<p>[vc_row][vc_column width=&#8220;2\/3&#8243;][vc_custom_heading text=&#8220;LINEARMOTOREN&#8220; font_container=&#8220;tag:h1|font_size:53px|text_align:left|color:%23e6007e&#8220; google_fonts=&#8220;font_family:Source%20Sans%20Pro%3A200%2C200italic%2C300%2C300italic%2Cregular%2Citalic%2C600%2C600italic%2C700%2C700italic%2C900%2C900italic|font_style:900%20bold%20regular%3A900%3Anormal&#8220; css=&#8220;&#8220;][vc_column_text css=&#8220;&#8220;]Neben kompletten Linearmotorachsen und Linearmotorachssystemen bietet HIWIN auch die einzelnen Linearmotor-Komponenten zum individuellen Achsaufbau.<span class=\"excerpt-hellip\"> [\u2026]<\/span><\/p>\n","protected":false},"author":4,"featured_media":0,"parent":19073,"menu_order":0,"comment_status":"closed","ping_status":"closed","template":"","meta":{"inline_featured_image":false,"footnotes":""},"class_list":["post-19117","page","type-page","status-publish","hentry"],"yoast_head":"<!-- This site is optimized with the Yoast SEO plugin v26.8 - https:\/\/yoast.com\/product\/yoast-seo-wordpress\/ -->\n<title>Linearmotoren - Hiwin Motoren &amp; Antriebsverstarker - Vansichen Linear Technology<\/title>\n<meta name=\"description\" content=\"Neben kompletten Linearmotorachsen und Linearmotorachssystemen bietet HIWIN auch die einzelnen Linearmotoren an.\" \/>\n<meta name=\"robots\" content=\"index, follow, max-snippet:-1, max-image-preview:large, max-video-preview:-1\" \/>\n<link rel=\"canonical\" href=\"https:\/\/vansichen.be\/de\/standardkomponenten-lineartechnik\/hiwin-motoren-antriebsverstarker\/linearmotoren\/\" \/>\n<meta property=\"og:locale\" content=\"de_DE\" \/>\n<meta property=\"og:type\" content=\"article\" \/>\n<meta property=\"og:title\" content=\"Linearmotoren - Hiwin Motoren &amp; Antriebsverstarker - Vansichen Linear Technology\" \/>\n<meta property=\"og:description\" content=\"Neben kompletten Linearmotorachsen und Linearmotorachssystemen bietet HIWIN auch die einzelnen Linearmotoren an.\" \/>\n<meta property=\"og:url\" content=\"https:\/\/vansichen.be\/de\/standardkomponenten-lineartechnik\/hiwin-motoren-antriebsverstarker\/linearmotoren\/\" \/>\n<meta property=\"og:site_name\" content=\"Vansichen Linear Technology\" \/>\n<meta property=\"article:modified_time\" content=\"2025-07-04T13:20:31+00:00\" \/>\n<meta name=\"twitter:card\" content=\"summary_large_image\" \/>\n<meta name=\"twitter:label1\" content=\"Gesch\u00e4tzte Lesezeit\" \/>\n\t<meta name=\"twitter:data1\" content=\"5\u00a0Minuten\" \/>\n<script type=\"application\/ld+json\" class=\"yoast-schema-graph\">{\"@context\":\"https:\/\/schema.org\",\"@graph\":[{\"@type\":\"WebPage\",\"@id\":\"https:\/\/vansichen.be\/de\/standardkomponenten-lineartechnik\/hiwin-motoren-antriebsverstarker\/linearmotoren\/\",\"url\":\"https:\/\/vansichen.be\/de\/standardkomponenten-lineartechnik\/hiwin-motoren-antriebsverstarker\/linearmotoren\/\",\"name\":\"Linearmotoren - Hiwin Motoren & Antriebsverstarker - Vansichen Linear Technology\",\"isPartOf\":{\"@id\":\"https:\/\/vansichen.be\/de\/#website\"},\"datePublished\":\"2025-07-04T13:20:30+00:00\",\"dateModified\":\"2025-07-04T13:20:31+00:00\",\"description\":\"Neben kompletten Linearmotorachsen und Linearmotorachssystemen bietet HIWIN auch die einzelnen Linearmotoren an.\",\"breadcrumb\":{\"@id\":\"https:\/\/vansichen.be\/de\/standardkomponenten-lineartechnik\/hiwin-motoren-antriebsverstarker\/linearmotoren\/#breadcrumb\"},\"inLanguage\":\"de\",\"potentialAction\":[{\"@type\":\"ReadAction\",\"target\":[\"https:\/\/vansichen.be\/de\/standardkomponenten-lineartechnik\/hiwin-motoren-antriebsverstarker\/linearmotoren\/\"]}]},{\"@type\":\"BreadcrumbList\",\"@id\":\"https:\/\/vansichen.be\/de\/standardkomponenten-lineartechnik\/hiwin-motoren-antriebsverstarker\/linearmotoren\/#breadcrumb\",\"itemListElement\":[{\"@type\":\"ListItem\",\"position\":1,\"name\":\"Home\",\"item\":\"https:\/\/vansichen.be\/de\/\"},{\"@type\":\"ListItem\",\"position\":2,\"name\":\"Standardkomponenten f\u00fcr Lineartechnik\",\"item\":\"https:\/\/vansichen.be\/de\/standardkomponenten-lineartechnik\/\"},{\"@type\":\"ListItem\",\"position\":3,\"name\":\"Hiwin Motoren &#038; Antriebsverstarker\",\"item\":\"https:\/\/vansichen.be\/de\/standardkomponenten-lineartechnik\/hiwin-motoren-antriebsverstarker\/\"},{\"@type\":\"ListItem\",\"position\":4,\"name\":\"Linearmotoren\"}]},{\"@type\":\"WebSite\",\"@id\":\"https:\/\/vansichen.be\/de\/#website\",\"url\":\"https:\/\/vansichen.be\/de\/\",\"name\":\"Vansichen Linear Technology\",\"description\":\"\",\"publisher\":{\"@id\":\"https:\/\/vansichen.be\/de\/#organization\"},\"potentialAction\":[{\"@type\":\"SearchAction\",\"target\":{\"@type\":\"EntryPoint\",\"urlTemplate\":\"https:\/\/vansichen.be\/de\/?s={search_term_string}\"},\"query-input\":{\"@type\":\"PropertyValueSpecification\",\"valueRequired\":true,\"valueName\":\"search_term_string\"}}],\"inLanguage\":\"de\"},{\"@type\":\"Organization\",\"@id\":\"https:\/\/vansichen.be\/de\/#organization\",\"name\":\"Vansichen Linear Technology\",\"url\":\"https:\/\/vansichen.be\/de\/\",\"logo\":{\"@type\":\"ImageObject\",\"inLanguage\":\"de\",\"@id\":\"https:\/\/vansichen.be\/de\/#\/schema\/logo\/image\/\",\"url\":\"https:\/\/vansichen.be\/wp-content\/uploads\/2020\/03\/Vansichen_home_2020_4.png\",\"contentUrl\":\"https:\/\/vansichen.be\/wp-content\/uploads\/2020\/03\/Vansichen_home_2020_4.png\",\"width\":260,\"height\":44,\"caption\":\"Vansichen Linear Technology\"},\"image\":{\"@id\":\"https:\/\/vansichen.be\/de\/#\/schema\/logo\/image\/\"}}]}<\/script>\n<!-- \/ Yoast SEO plugin. -->","yoast_head_json":{"title":"Linearmotoren - Hiwin Motoren & Antriebsverstarker - Vansichen Linear Technology","description":"Neben kompletten Linearmotorachsen und Linearmotorachssystemen bietet HIWIN auch die einzelnen Linearmotoren an.","robots":{"index":"index","follow":"follow","max-snippet":"max-snippet:-1","max-image-preview":"max-image-preview:large","max-video-preview":"max-video-preview:-1"},"canonical":"https:\/\/vansichen.be\/de\/standardkomponenten-lineartechnik\/hiwin-motoren-antriebsverstarker\/linearmotoren\/","og_locale":"de_DE","og_type":"article","og_title":"Linearmotoren - Hiwin Motoren & Antriebsverstarker - Vansichen Linear Technology","og_description":"Neben kompletten Linearmotorachsen und Linearmotorachssystemen bietet HIWIN auch die einzelnen Linearmotoren an.","og_url":"https:\/\/vansichen.be\/de\/standardkomponenten-lineartechnik\/hiwin-motoren-antriebsverstarker\/linearmotoren\/","og_site_name":"Vansichen Linear Technology","article_modified_time":"2025-07-04T13:20:31+00:00","twitter_card":"summary_large_image","twitter_misc":{"Gesch\u00e4tzte Lesezeit":"5\u00a0Minuten"},"schema":{"@context":"https:\/\/schema.org","@graph":[{"@type":"WebPage","@id":"https:\/\/vansichen.be\/de\/standardkomponenten-lineartechnik\/hiwin-motoren-antriebsverstarker\/linearmotoren\/","url":"https:\/\/vansichen.be\/de\/standardkomponenten-lineartechnik\/hiwin-motoren-antriebsverstarker\/linearmotoren\/","name":"Linearmotoren - Hiwin Motoren & Antriebsverstarker - Vansichen Linear Technology","isPartOf":{"@id":"https:\/\/vansichen.be\/de\/#website"},"datePublished":"2025-07-04T13:20:30+00:00","dateModified":"2025-07-04T13:20:31+00:00","description":"Neben kompletten Linearmotorachsen und Linearmotorachssystemen bietet HIWIN auch die einzelnen Linearmotoren an.","breadcrumb":{"@id":"https:\/\/vansichen.be\/de\/standardkomponenten-lineartechnik\/hiwin-motoren-antriebsverstarker\/linearmotoren\/#breadcrumb"},"inLanguage":"de","potentialAction":[{"@type":"ReadAction","target":["https:\/\/vansichen.be\/de\/standardkomponenten-lineartechnik\/hiwin-motoren-antriebsverstarker\/linearmotoren\/"]}]},{"@type":"BreadcrumbList","@id":"https:\/\/vansichen.be\/de\/standardkomponenten-lineartechnik\/hiwin-motoren-antriebsverstarker\/linearmotoren\/#breadcrumb","itemListElement":[{"@type":"ListItem","position":1,"name":"Home","item":"https:\/\/vansichen.be\/de\/"},{"@type":"ListItem","position":2,"name":"Standardkomponenten f\u00fcr Lineartechnik","item":"https:\/\/vansichen.be\/de\/standardkomponenten-lineartechnik\/"},{"@type":"ListItem","position":3,"name":"Hiwin Motoren &#038; Antriebsverstarker","item":"https:\/\/vansichen.be\/de\/standardkomponenten-lineartechnik\/hiwin-motoren-antriebsverstarker\/"},{"@type":"ListItem","position":4,"name":"Linearmotoren"}]},{"@type":"WebSite","@id":"https:\/\/vansichen.be\/de\/#website","url":"https:\/\/vansichen.be\/de\/","name":"Vansichen Linear Technology","description":"","publisher":{"@id":"https:\/\/vansichen.be\/de\/#organization"},"potentialAction":[{"@type":"SearchAction","target":{"@type":"EntryPoint","urlTemplate":"https:\/\/vansichen.be\/de\/?s={search_term_string}"},"query-input":{"@type":"PropertyValueSpecification","valueRequired":true,"valueName":"search_term_string"}}],"inLanguage":"de"},{"@type":"Organization","@id":"https:\/\/vansichen.be\/de\/#organization","name":"Vansichen Linear Technology","url":"https:\/\/vansichen.be\/de\/","logo":{"@type":"ImageObject","inLanguage":"de","@id":"https:\/\/vansichen.be\/de\/#\/schema\/logo\/image\/","url":"https:\/\/vansichen.be\/wp-content\/uploads\/2020\/03\/Vansichen_home_2020_4.png","contentUrl":"https:\/\/vansichen.be\/wp-content\/uploads\/2020\/03\/Vansichen_home_2020_4.png","width":260,"height":44,"caption":"Vansichen Linear Technology"},"image":{"@id":"https:\/\/vansichen.be\/de\/#\/schema\/logo\/image\/"}}]}},"_links":{"self":[{"href":"https:\/\/vansichen.be\/de\/wp-json\/wp\/v2\/pages\/19117","targetHints":{"allow":["GET"]}}],"collection":[{"href":"https:\/\/vansichen.be\/de\/wp-json\/wp\/v2\/pages"}],"about":[{"href":"https:\/\/vansichen.be\/de\/wp-json\/wp\/v2\/types\/page"}],"author":[{"embeddable":true,"href":"https:\/\/vansichen.be\/de\/wp-json\/wp\/v2\/users\/4"}],"replies":[{"embeddable":true,"href":"https:\/\/vansichen.be\/de\/wp-json\/wp\/v2\/comments?post=19117"}],"version-history":[{"count":3,"href":"https:\/\/vansichen.be\/de\/wp-json\/wp\/v2\/pages\/19117\/revisions"}],"predecessor-version":[{"id":19478,"href":"https:\/\/vansichen.be\/de\/wp-json\/wp\/v2\/pages\/19117\/revisions\/19478"}],"up":[{"embeddable":true,"href":"https:\/\/vansichen.be\/de\/wp-json\/wp\/v2\/pages\/19073"}],"wp:attachment":[{"href":"https:\/\/vansichen.be\/de\/wp-json\/wp\/v2\/media?parent=19117"}],"curies":[{"name":"wp","href":"https:\/\/api.w.org\/{rel}","templated":true}]}}