{"id":2346,"date":"2020-05-06T12:01:31","date_gmt":"2020-05-06T12:01:31","guid":{"rendered":"https:\/\/vansichen.be\/?page_id=2346"},"modified":"2025-04-25T08:46:40","modified_gmt":"2025-04-25T08:46:40","slug":"profilschienenfuhrungen","status":"publish","type":"page","link":"https:\/\/vansichen.be\/de\/standardkomponenten-lineartechnik\/linearfuhrungen\/profilfuhrungen\/profilschienenfuhrungen\/","title":{"rendered":"Profilschienenf\u00fchrungen"},"content":{"rendered":"<div class=\"wpb-content-wrapper\"><p>[vc_row][vc_column][vc_custom_heading text=&#8220;PROFILSCHIENENF\u00dcHRUNGEN&#8220; font_container=&#8220;tag:h1|font_size:53px|text_align:left|color:%23e6007e&#8220; google_fonts=&#8220;font_family:Source%20Sans%20Pro%3A200%2C200italic%2C300%2C300italic%2Cregular%2Citalic%2C600%2C600italic%2C700%2C700italic%2C900%2C900italic|font_style:900%20bold%20regular%3A900%3Anormal&#8220;][vc_column_text]Profilschienenf\u00fchrungen erm\u00f6glichen\u00a0eine lineare Bewegung mit Hilfe von Kugeln. Durch den Einsatz von Kugeln zwischen Schiene und Laufwagen kann eine Profilschienenf\u00fchrung eine pr\u00e4zise Linearbewegung erreichen.[\/vc_column_text][vc_gallery type=&#8220;image_grid&#8220; images=&#8220;3173,3169,3165&#8243; img_size=&#8220;full&#8220; el_class=&#8220;hover-gallery&#8220;][\/vc_column][\/vc_row][vc_row][vc_column width=&#8220;2\/3&#8243;][vc_column_text]<\/p>\n<h4 style=\"font-size: 20px;\"><span style=\"color: #e6007e;\"><strong>MERKMALE<\/strong><\/span><\/h4>\n<ul>\n<li>Eine Profilschienenf\u00fchrung k\u00f6nnt Lasten in vertikaler und horizontaler Richtung aufnehmen.<\/li>\n<li>Die Kugelbahnen sind in einer X-Konfiguration angeordnet (CG-Serie in O-Konfiguration).<\/li>\n<li>Kompaktes und pr\u00e4zises F\u00fchrungssystem mit hoher Steifigkeit.<\/li>\n<li>Ist die am besten geeignete um die Schiene als Monorail zu verwenden.<\/li>\n<li>Bei Geschwindigkeiten \u00fcber 2,5 m\/s kontaktieren Sie uns bitte.<\/li>\n<li>Schienenl\u00e4nge bis 4000 mm in einem St\u00fcck, bei gr\u00f6\u00dferen L\u00e4ngen werden die Schienen sto\u00dfbearbeitet und verbunden.<\/li>\n<li>Hiwin hat 3 Bautypen mit Kugeln: HG, EG und den Miniaturtyp MG.<\/li>\n<li>Hiwin hat auch Profilschienenf\u00fchrungen mit Rollen als F\u00fchrungselemente: typ RG.<\/li>\n<li>F\u00fcr\u00a0staubige und schmutzige Umgebungen\u00a0k\u00f6nnen\u00a0T-Schienen in\u00a0Kombination mit\u00a0SW-Dichtungen\u00a0eine L\u00f6sung sein.<\/li>\n<li>Gro\u00dfer Bestand in unserem Lager<\/li>\n<li>Auch erh\u00e4ltlich in einer Ausf\u00fchrung mit Kugelkette f\u00fcr einen ger\u00e4usch\u00e4rmeren Betrieb.<\/li>\n<li>Andere Typen auf Anfrage<\/li>\n<\/ul>\n<p>Wir haben in unserem Sortiment auch geeignete\u00a0<a href=\"https:\/\/vansichen.be\/de\/standardkomponenten-lineartechnik\/verstelleinheiten-und-klemmelemente\/klemmen\/\" target=\"_blank\" rel=\"noopener noreferrer\">Klemmelemente\u00a0von Zimmer<\/a> f\u00fcr die F\u00fchrungen.[\/vc_column_text][\/vc_column][vc_column width=&#8220;1\/3&#8243;][vc_widget_sidebar sidebar_id=&#8220;top-area-1&#8243;][\/vc_column][\/vc_row][vc_row][vc_column][vc_custom_heading text=&#8220;PARTNER&#8220; font_container=&#8220;tag:h2|font_size:20px|text_align:left|color:%23e6007e&#8220; google_fonts=&#8220;font_family:Source%20Sans%20Pro%3A200%2C200italic%2C300%2C300italic%2Cregular%2Citalic%2C600%2C600italic%2C700%2C700italic%2C900%2C900italic|font_style:900%20bold%20regular%3A900%3Anormal&#8220;][\/vc_column][\/vc_row][vc_row el_class=&#8220;partners&#8220;][vc_column width=&#8220;1\/4&#8243;][vc_single_image image=&#8220;4270&#8243; img_size=&#8220;full&#8220; onclick=&#8220;custom_link&#8220; img_link_target=&#8220;_blank&#8220; css=&#8220;&#8220; link=&#8220;https:\/\/www.hiwin.de\/de\/&#8220;][\/vc_column][vc_column width=&#8220;1\/4&#8243;][\/vc_column][vc_column width=&#8220;1\/4&#8243;][\/vc_column][vc_column width=&#8220;1\/4&#8243;][\/vc_column][\/vc_row][vc_row el_class=&#8220;links&#8220;][vc_column][vc_custom_heading text=&#8220;LINKS&#8220; font_container=&#8220;tag:h2|font_size:20px|text_align:left|color:%23e6007e&#8220; google_fonts=&#8220;font_family:Source%20Sans%20Pro%3A200%2C200italic%2C300%2C300italic%2Cregular%2Citalic%2C600%2C600italic%2C700%2C700italic%2C900%2C900italic|font_style:900%20bold%20regular%3A900%3Anormal&#8220;][vc_column_text css=&#8220;&#8220;]<a href=\"https:\/\/www.hiwin.de\/hiwin\/de\/EUR\/\/Produkte\/Profilschienenf%C3%BChrungen\/c\/4354\" target=\"_blank\" rel=\"noopener noreferrer\">KATALOG PROFILSCHIENENF\u00dcHRUNGEN HIWIN<\/a><br \/>\n<a href=\"https:\/\/www.hiwin.de\/de\/tools\/produktkonfiguratoren\" target=\"_blank\" rel=\"noopener noreferrer\">3D-CAD HIWIN<\/a>[\/vc_column_text][\/vc_column][\/vc_row][vc_row el_class=&#8220;downloads&#8220;][vc_column][vc_custom_heading text=&#8220;DOWNLOADS&#8220; font_container=&#8220;tag:h2|font_size:20px|text_align:left|color:%23e6007e&#8220; google_fonts=&#8220;font_family:Source%20Sans%20Pro%3A200%2C200italic%2C300%2C300italic%2Cregular%2Citalic%2C600%2C600italic%2C700%2C700italic%2C900%2C900italic|font_style:900%20bold%20regular%3A900%3Anormal&#8220;][vc_column_text]<a href=\"https:\/\/vansichen.be\/wp-content\/uploads\/2020\/05\/Schmieranleitung-Kugelgewindetriebe-und-Profilschienenf\u00fchrungen.pdf\" target=\"_blank\" rel=\"noopener noreferrer\">HIWIN Schmieranleitung Kugelgewindetriebe und Profilschienenf\u00fchrung<\/a><br \/>\n<a href=\"https:\/\/vansichen.be\/wp-content\/uploads\/2021\/04\/Hiwin-catalogus-profielgeleidingen-DE.pdf\" target=\"_blank\" rel=\"noopener noreferrer\">HIWIN Katalog Linearf\u00fchrungen<\/a><br \/>\n<a href=\"https:\/\/vansichen.be\/wp-content\/uploads\/2021\/04\/Hiwin-Montage-onderhoudshandleiding-profielgeleidingen-DE.pdf\" target=\"_blank\" rel=\"noopener noreferrer\">HIWIN Montageanleitung<\/a><br \/>\n<a href=\"\/wp-content\/uploads\/2023\/06\/Profielrailgeleidingen-CC-2023.pdf\" target=\"_blank\" rel=\"noopener noreferrer\">Compact Katalog Vansichen &#8211; Profilschienenf\u00fchrungen<\/a>[\/vc_column_text][\/vc_column][\/vc_row][vc_row][vc_column][vc_video link=&#8220;https:\/\/youtu.be\/9DHIWTxWVAw&#8220; el_width=&#8220;50&#8243;][vc_video link=&#8220;https:\/\/www.youtube.com\/watch?v=GSnOBf2lsYA&#8220; el_width=&#8220;50&#8243;][\/vc_column][\/vc_row]<\/p>\n<\/div>","protected":false},"excerpt":{"rendered":"<p>[vc_row][vc_column][vc_custom_heading text=&#8220;PROFILSCHIENENF\u00dcHRUNGEN&#8220; font_container=&#8220;tag:h1|font_size:53px|text_align:left|color:%23e6007e&#8220; google_fonts=&#8220;font_family:Source%20Sans%20Pro%3A200%2C200italic%2C300%2C300italic%2Cregular%2Citalic%2C600%2C600italic%2C700%2C700italic%2C900%2C900italic|font_style:900%20bold%20regular%3A900%3Anormal&#8220;][vc_column_text]Profilschienenf\u00fchrungen erm\u00f6glichen\u00a0eine lineare Bewegung mit Hilfe von Kugeln. Durch den Einsatz von Kugeln zwischen Schiene und Laufwagen<span class=\"excerpt-hellip\"> [\u2026]<\/span><\/p>\n","protected":false},"author":4,"featured_media":0,"parent":14178,"menu_order":0,"comment_status":"closed","ping_status":"closed","template":"","meta":{"inline_featured_image":false,"footnotes":""},"class_list":["post-2346","page","type-page","status-publish","hentry"],"yoast_head":"<!-- This site is optimized with the Yoast SEO plugin v26.8 - https:\/\/yoast.com\/product\/yoast-seo-wordpress\/ -->\n<title>Profilschienenf\u00fchrungen - Vansichen Linear Technology<\/title>\n<meta name=\"description\" content=\"Profilschienenf\u00fchrungen erm\u00f6glichen eine lineare Bewegung mit Hilfe von Kugeln. Klicken Sie hier fur weitere Informationen.\" \/>\n<meta name=\"robots\" content=\"index, follow, max-snippet:-1, max-image-preview:large, max-video-preview:-1\" \/>\n<link rel=\"canonical\" href=\"https:\/\/vansichen.be\/de\/standardkomponenten-lineartechnik\/linearfuhrungen\/profilfuhrungen\/profilschienenfuhrungen\/\" \/>\n<meta property=\"og:locale\" content=\"de_DE\" \/>\n<meta property=\"og:type\" content=\"article\" \/>\n<meta property=\"og:title\" content=\"Profilschienenf\u00fchrungen - Vansichen Linear Technology\" \/>\n<meta property=\"og:description\" content=\"Profilschienenf\u00fchrungen erm\u00f6glichen eine lineare Bewegung mit Hilfe von Kugeln. Klicken Sie hier fur weitere Informationen.\" \/>\n<meta property=\"og:url\" content=\"https:\/\/vansichen.be\/de\/standardkomponenten-lineartechnik\/linearfuhrungen\/profilfuhrungen\/profilschienenfuhrungen\/\" \/>\n<meta property=\"og:site_name\" content=\"Vansichen Linear Technology\" \/>\n<meta property=\"article:modified_time\" content=\"2025-04-25T08:46:40+00:00\" \/>\n<meta name=\"twitter:card\" content=\"summary_large_image\" \/>\n<meta name=\"twitter:label1\" content=\"Gesch\u00e4tzte Lesezeit\" \/>\n\t<meta name=\"twitter:data1\" content=\"2\u00a0Minuten\" \/>\n<script type=\"application\/ld+json\" class=\"yoast-schema-graph\">{\"@context\":\"https:\/\/schema.org\",\"@graph\":[{\"@type\":\"WebPage\",\"@id\":\"https:\/\/vansichen.be\/de\/standardkomponenten-lineartechnik\/linearfuhrungen\/profilfuhrungen\/profilschienenfuhrungen\/\",\"url\":\"https:\/\/vansichen.be\/de\/standardkomponenten-lineartechnik\/linearfuhrungen\/profilfuhrungen\/profilschienenfuhrungen\/\",\"name\":\"Profilschienenf\u00fchrungen - Vansichen Linear Technology\",\"isPartOf\":{\"@id\":\"https:\/\/vansichen.be\/de\/#website\"},\"datePublished\":\"2020-05-06T12:01:31+00:00\",\"dateModified\":\"2025-04-25T08:46:40+00:00\",\"description\":\"Profilschienenf\u00fchrungen erm\u00f6glichen eine lineare Bewegung mit Hilfe von Kugeln. Klicken Sie hier fur weitere Informationen.\",\"breadcrumb\":{\"@id\":\"https:\/\/vansichen.be\/de\/standardkomponenten-lineartechnik\/linearfuhrungen\/profilfuhrungen\/profilschienenfuhrungen\/#breadcrumb\"},\"inLanguage\":\"de\",\"potentialAction\":[{\"@type\":\"ReadAction\",\"target\":[\"https:\/\/vansichen.be\/de\/standardkomponenten-lineartechnik\/linearfuhrungen\/profilfuhrungen\/profilschienenfuhrungen\/\"]}]},{\"@type\":\"BreadcrumbList\",\"@id\":\"https:\/\/vansichen.be\/de\/standardkomponenten-lineartechnik\/linearfuhrungen\/profilfuhrungen\/profilschienenfuhrungen\/#breadcrumb\",\"itemListElement\":[{\"@type\":\"ListItem\",\"position\":1,\"name\":\"Home\",\"item\":\"https:\/\/vansichen.be\/de\/\"},{\"@type\":\"ListItem\",\"position\":2,\"name\":\"Standardkomponenten f\u00fcr Lineartechnik\",\"item\":\"https:\/\/vansichen.be\/de\/standardkomponenten-lineartechnik\/\"},{\"@type\":\"ListItem\",\"position\":3,\"name\":\"Linearf\u00fchrungen\",\"item\":\"https:\/\/vansichen.be\/de\/standardkomponenten-lineartechnik\/linearfuhrungen\/\"},{\"@type\":\"ListItem\",\"position\":4,\"name\":\"Profilf\u00fchrungen\",\"item\":\"https:\/\/vansichen.be\/de\/standardkomponenten-lineartechnik\/linearfuhrungen\/profilfuhrungen\/\"},{\"@type\":\"ListItem\",\"position\":5,\"name\":\"Profilschienenf\u00fchrungen\"}]},{\"@type\":\"WebSite\",\"@id\":\"https:\/\/vansichen.be\/de\/#website\",\"url\":\"https:\/\/vansichen.be\/de\/\",\"name\":\"Vansichen Linear Technology\",\"description\":\"\",\"publisher\":{\"@id\":\"https:\/\/vansichen.be\/de\/#organization\"},\"potentialAction\":[{\"@type\":\"SearchAction\",\"target\":{\"@type\":\"EntryPoint\",\"urlTemplate\":\"https:\/\/vansichen.be\/de\/?s={search_term_string}\"},\"query-input\":{\"@type\":\"PropertyValueSpecification\",\"valueRequired\":true,\"valueName\":\"search_term_string\"}}],\"inLanguage\":\"de\"},{\"@type\":\"Organization\",\"@id\":\"https:\/\/vansichen.be\/de\/#organization\",\"name\":\"Vansichen Linear Technology\",\"url\":\"https:\/\/vansichen.be\/de\/\",\"logo\":{\"@type\":\"ImageObject\",\"inLanguage\":\"de\",\"@id\":\"https:\/\/vansichen.be\/de\/#\/schema\/logo\/image\/\",\"url\":\"https:\/\/vansichen.be\/wp-content\/uploads\/2020\/03\/Vansichen_home_2020_4.png\",\"contentUrl\":\"https:\/\/vansichen.be\/wp-content\/uploads\/2020\/03\/Vansichen_home_2020_4.png\",\"width\":260,\"height\":44,\"caption\":\"Vansichen Linear Technology\"},\"image\":{\"@id\":\"https:\/\/vansichen.be\/de\/#\/schema\/logo\/image\/\"}}]}<\/script>\n<!-- \/ Yoast SEO plugin. -->","yoast_head_json":{"title":"Profilschienenf\u00fchrungen - Vansichen Linear Technology","description":"Profilschienenf\u00fchrungen erm\u00f6glichen eine lineare Bewegung mit Hilfe von Kugeln. Klicken Sie hier fur weitere Informationen.","robots":{"index":"index","follow":"follow","max-snippet":"max-snippet:-1","max-image-preview":"max-image-preview:large","max-video-preview":"max-video-preview:-1"},"canonical":"https:\/\/vansichen.be\/de\/standardkomponenten-lineartechnik\/linearfuhrungen\/profilfuhrungen\/profilschienenfuhrungen\/","og_locale":"de_DE","og_type":"article","og_title":"Profilschienenf\u00fchrungen - Vansichen Linear Technology","og_description":"Profilschienenf\u00fchrungen erm\u00f6glichen eine lineare Bewegung mit Hilfe von Kugeln. Klicken Sie hier fur weitere Informationen.","og_url":"https:\/\/vansichen.be\/de\/standardkomponenten-lineartechnik\/linearfuhrungen\/profilfuhrungen\/profilschienenfuhrungen\/","og_site_name":"Vansichen Linear Technology","article_modified_time":"2025-04-25T08:46:40+00:00","twitter_card":"summary_large_image","twitter_misc":{"Gesch\u00e4tzte Lesezeit":"2\u00a0Minuten"},"schema":{"@context":"https:\/\/schema.org","@graph":[{"@type":"WebPage","@id":"https:\/\/vansichen.be\/de\/standardkomponenten-lineartechnik\/linearfuhrungen\/profilfuhrungen\/profilschienenfuhrungen\/","url":"https:\/\/vansichen.be\/de\/standardkomponenten-lineartechnik\/linearfuhrungen\/profilfuhrungen\/profilschienenfuhrungen\/","name":"Profilschienenf\u00fchrungen - Vansichen Linear Technology","isPartOf":{"@id":"https:\/\/vansichen.be\/de\/#website"},"datePublished":"2020-05-06T12:01:31+00:00","dateModified":"2025-04-25T08:46:40+00:00","description":"Profilschienenf\u00fchrungen erm\u00f6glichen eine lineare Bewegung mit Hilfe von Kugeln. Klicken Sie hier fur weitere Informationen.","breadcrumb":{"@id":"https:\/\/vansichen.be\/de\/standardkomponenten-lineartechnik\/linearfuhrungen\/profilfuhrungen\/profilschienenfuhrungen\/#breadcrumb"},"inLanguage":"de","potentialAction":[{"@type":"ReadAction","target":["https:\/\/vansichen.be\/de\/standardkomponenten-lineartechnik\/linearfuhrungen\/profilfuhrungen\/profilschienenfuhrungen\/"]}]},{"@type":"BreadcrumbList","@id":"https:\/\/vansichen.be\/de\/standardkomponenten-lineartechnik\/linearfuhrungen\/profilfuhrungen\/profilschienenfuhrungen\/#breadcrumb","itemListElement":[{"@type":"ListItem","position":1,"name":"Home","item":"https:\/\/vansichen.be\/de\/"},{"@type":"ListItem","position":2,"name":"Standardkomponenten f\u00fcr Lineartechnik","item":"https:\/\/vansichen.be\/de\/standardkomponenten-lineartechnik\/"},{"@type":"ListItem","position":3,"name":"Linearf\u00fchrungen","item":"https:\/\/vansichen.be\/de\/standardkomponenten-lineartechnik\/linearfuhrungen\/"},{"@type":"ListItem","position":4,"name":"Profilf\u00fchrungen","item":"https:\/\/vansichen.be\/de\/standardkomponenten-lineartechnik\/linearfuhrungen\/profilfuhrungen\/"},{"@type":"ListItem","position":5,"name":"Profilschienenf\u00fchrungen"}]},{"@type":"WebSite","@id":"https:\/\/vansichen.be\/de\/#website","url":"https:\/\/vansichen.be\/de\/","name":"Vansichen Linear Technology","description":"","publisher":{"@id":"https:\/\/vansichen.be\/de\/#organization"},"potentialAction":[{"@type":"SearchAction","target":{"@type":"EntryPoint","urlTemplate":"https:\/\/vansichen.be\/de\/?s={search_term_string}"},"query-input":{"@type":"PropertyValueSpecification","valueRequired":true,"valueName":"search_term_string"}}],"inLanguage":"de"},{"@type":"Organization","@id":"https:\/\/vansichen.be\/de\/#organization","name":"Vansichen Linear Technology","url":"https:\/\/vansichen.be\/de\/","logo":{"@type":"ImageObject","inLanguage":"de","@id":"https:\/\/vansichen.be\/de\/#\/schema\/logo\/image\/","url":"https:\/\/vansichen.be\/wp-content\/uploads\/2020\/03\/Vansichen_home_2020_4.png","contentUrl":"https:\/\/vansichen.be\/wp-content\/uploads\/2020\/03\/Vansichen_home_2020_4.png","width":260,"height":44,"caption":"Vansichen Linear Technology"},"image":{"@id":"https:\/\/vansichen.be\/de\/#\/schema\/logo\/image\/"}}]}},"_links":{"self":[{"href":"https:\/\/vansichen.be\/de\/wp-json\/wp\/v2\/pages\/2346","targetHints":{"allow":["GET"]}}],"collection":[{"href":"https:\/\/vansichen.be\/de\/wp-json\/wp\/v2\/pages"}],"about":[{"href":"https:\/\/vansichen.be\/de\/wp-json\/wp\/v2\/types\/page"}],"author":[{"embeddable":true,"href":"https:\/\/vansichen.be\/de\/wp-json\/wp\/v2\/users\/4"}],"replies":[{"embeddable":true,"href":"https:\/\/vansichen.be\/de\/wp-json\/wp\/v2\/comments?post=2346"}],"version-history":[{"count":5,"href":"https:\/\/vansichen.be\/de\/wp-json\/wp\/v2\/pages\/2346\/revisions"}],"predecessor-version":[{"id":19034,"href":"https:\/\/vansichen.be\/de\/wp-json\/wp\/v2\/pages\/2346\/revisions\/19034"}],"up":[{"embeddable":true,"href":"https:\/\/vansichen.be\/de\/wp-json\/wp\/v2\/pages\/14178"}],"wp:attachment":[{"href":"https:\/\/vansichen.be\/de\/wp-json\/wp\/v2\/media?parent=2346"}],"curies":[{"name":"wp","href":"https:\/\/api.w.org\/{rel}","templated":true}]}}