{"id":2523,"date":"2020-05-03T19:22:43","date_gmt":"2020-05-03T19:22:43","guid":{"rendered":"https:\/\/vansichen.be\/?page_id=2523"},"modified":"2023-06-21T13:42:24","modified_gmt":"2023-06-21T13:42:24","slug":"schneckenhubgetriebes","status":"publish","type":"page","link":"https:\/\/vansichen.be\/de\/standardkomponenten-lineartechnik\/antriebselemente\/schneckenhubgetriebes\/","title":{"rendered":"Schneckenhubgetriebes"},"content":{"rendered":"<div class=\"wpb-content-wrapper\"><p>[vc_row][vc_column][vc_custom_heading text=&#8220;SCHNECKENHUBGETRIEBE&#8220; font_container=&#8220;tag:h1|font_size:53px|text_align:left|color:%23e6007e&#8220; google_fonts=&#8220;font_family:Source%20Sans%20Pro%3A200%2C200italic%2C300%2C300italic%2Cregular%2Citalic%2C600%2C600italic%2C700%2C700italic%2C900%2C900italic|font_style:900%20bold%20regular%3A900%3Anormal&#8220;][vc_column_text]Das Prinzip eines Schneckenhubgetriebes ist, dass eine Drehbewegung in eine lineare Bewegung umgewandelt wird.\u00a0Folgende Baugr\u00f6\u00dfen sind verf\u00fcgbar: von 2 kN bis 650 kN.[\/vc_column_text][vc_gallery type=&#8220;image_grid&#8220; images=&#8220;2537,2525,2529,2533&#8243; img_size=&#8220;full&#8220; el_class=&#8220;hover-gallery&#8220;][\/vc_column][\/vc_row][vc_row][vc_column width=&#8220;2\/3&#8243;][vc_column_text]<\/p>\n<h4><span style=\"color: #e6007e;\"><strong>STEHENDE SPINDEL<\/strong><\/span><\/h4>\n<ul>\n<li>Funktionsweise: Die Spindelmutter ist im Spindelhubgetriebe integriert. Beim Antrieb des Spindelhubgetriebes dreht sich die Mutter und die Spindel f\u00fchrt eine lineare Bewegung aus.<\/li>\n<li>M\u00f6gliche Hubkr\u00e4fte: 2\u00a0kN bis 100\u00a0kN bis zu schweren Ausf\u00fchrungen mit 1000\u00a0kN.<\/li>\n<li>Die Getriebe sind standardm\u00e4\u00dfig mit Trapezgewindespindeln ausgef\u00fchrt, aber es besteht auch die M\u00f6glichkeit, eine Kugelgewindespindel einzubauen.<\/li>\n<li>Passende Kupplungen und Motoradapter f\u00fcr Antriebsmotoren werden standardm\u00e4\u00dfig mit dem Spindelhubgetriebe mitgeliefert.<\/li>\n<li>Es ist ein Standardsortiment verf\u00fcgbar, um mehrere Spindelhubgetriebe mit Verbindungswellen und Kegelradgetrieben miteinander zu verbinden.<\/li>\n<\/ul>\n<h4><span style=\"color: #e6007e;\"><strong>ROTIERENDE SPINDEL<\/strong><\/span><\/h4>\n<ul>\n<li>Funktionsweise: Die Spindel ist im Spindelhubgetriebe integriert. Beim Antrieb des Spindelhubgetriebes f\u00fchrt die Spindel eine Drehbewegung aus und die Mutter bewegt sich linear \u00fcber die Spindel.<\/li>\n<li>M\u00f6gliche Hubkr\u00e4fte: 2\u00a0kN bis 100\u00a0kN bis zu schweren Ausf\u00fchrungen mit 1000\u00a0kN.<\/li>\n<li>Die Getriebe sind standardm\u00e4\u00dfig mit Trapezgewindespindeln ausgef\u00fchrt, aber es besteht auch die M\u00f6glichkeit, eine Kugelgewindespindel einzubauen.<\/li>\n<li>Passende Kupplungen und Motoradapter f\u00fcr Antriebsmotoren werden standardm\u00e4\u00dfig mit dem Spindelhubgetriebe mitgeliefert.<\/li>\n<li>Es ist ein Standardsortiment verf\u00fcgbar, um mehrere Spindelhubgetriebe mit Verbindungswellen und Kegelradgetrieben miteinander zu verbinden.<\/li>\n<li>Hubl\u00e4nge bis zu 3000\u00a0mm.<\/li>\n<\/ul>\n<p>[\/vc_column_text][\/vc_column][vc_column width=&#8220;1\/3&#8243;][vc_widget_sidebar sidebar_id=&#8220;top-area-1&#8243;][\/vc_column][\/vc_row][vc_row][vc_column][vc_custom_heading text=&#8220;PARTNER&#8220; font_container=&#8220;tag:h2|font_size:20px|text_align:left|color:%23e6007e&#8220; google_fonts=&#8220;font_family:Source%20Sans%20Pro%3A200%2C200italic%2C300%2C300italic%2Cregular%2Citalic%2C600%2C600italic%2C700%2C700italic%2C900%2C900italic|font_style:900%20bold%20regular%3A900%3Anormal&#8220;][\/vc_column][\/vc_row][vc_row el_class=&#8220;partners&#8220;][vc_column width=&#8220;1\/4&#8243;][vc_single_image image=&#8220;3751&#8243; img_size=&#8220;full&#8220; onclick=&#8220;custom_link&#8220; img_link_target=&#8220;_blank&#8220; link=&#8220;https:\/\/www.nozag.ch\/de&#8220;][\/vc_column][vc_column width=&#8220;1\/4&#8243;][\/vc_column][vc_column width=&#8220;1\/4&#8243;][\/vc_column][vc_column width=&#8220;1\/4&#8243;][\/vc_column][\/vc_row][vc_row el_class=&#8220;links&#8220;][vc_column][vc_custom_heading text=&#8220;LINKS&#8220; font_container=&#8220;tag:h2|font_size:20px|text_align:left|color:%23e6007e&#8220; google_fonts=&#8220;font_family:Source%20Sans%20Pro%3A200%2C200italic%2C300%2C300italic%2Cregular%2Citalic%2C600%2C600italic%2C700%2C700italic%2C900%2C900italic|font_style:900%20bold%20regular%3A900%3Anormal&#8220;][vc_column_text]<a href=\"https:\/\/www.traceparts.com\/els\/nozag\/de\/search\/nozag-system?CatalogPath=NOZAG%3ANOZAG.040\" target=\"_blank\" rel=\"noopener noreferrer\">3D-CAD NOZAG<\/a>[\/vc_column_text][\/vc_column][\/vc_row][vc_row el_class=&#8220;downloads&#8220;][vc_column][vc_custom_heading text=&#8220;DOWNLOADS&#8220; font_container=&#8220;tag:h2|font_size:20px|text_align:left|color:%23e6007e&#8220; google_fonts=&#8220;font_family:Source%20Sans%20Pro%3A200%2C200italic%2C300%2C300italic%2Cregular%2Citalic%2C600%2C600italic%2C700%2C700italic%2C900%2C900italic|font_style:900%20bold%20regular%3A900%3Anormal&#8220;][vc_column_text]<a href=\"\/wp-content\/uploads\/2023\/06\/Spindelhefkasten-CC-2023.pdf\" target=\"_blank\" rel=\"noopener noreferrer\">Kompakt Katalog Vansichen &#8211; Schneckenhubgetriebe<\/a><br \/>\n<a href=\"https:\/\/vansichen.be\/wp-content\/uploads\/2020\/05\/katalog-schneckenhubgetriebe.pdf\" target=\"_blank\" rel=\"noopener noreferrer\">Katalog Schneckenhubgetriebe<\/a><span style=\"color: #e6007e;\"><br \/>\n<\/span>[\/vc_column_text][\/vc_column][\/vc_row]<\/p>\n<\/div>","protected":false},"excerpt":{"rendered":"<p>[vc_row][vc_column][vc_custom_heading text=&#8220;SCHNECKENHUBGETRIEBE&#8220; font_container=&#8220;tag:h1|font_size:53px|text_align:left|color:%23e6007e&#8220; google_fonts=&#8220;font_family:Source%20Sans%20Pro%3A200%2C200italic%2C300%2C300italic%2Cregular%2Citalic%2C600%2C600italic%2C700%2C700italic%2C900%2C900italic|font_style:900%20bold%20regular%3A900%3Anormal&#8220;][vc_column_text]Das Prinzip eines Schneckenhubgetriebes ist, dass eine Drehbewegung in eine lineare Bewegung umgewandelt wird.\u00a0Folgende Baugr\u00f6\u00dfen sind verf\u00fcgbar:<span class=\"excerpt-hellip\"> [\u2026]<\/span><\/p>\n","protected":false},"author":4,"featured_media":0,"parent":2544,"menu_order":0,"comment_status":"closed","ping_status":"closed","template":"","meta":{"inline_featured_image":false,"footnotes":""},"class_list":["post-2523","page","type-page","status-publish","hentry"],"yoast_head":"<!-- This site is optimized with the Yoast SEO plugin v26.8 - https:\/\/yoast.com\/product\/yoast-seo-wordpress\/ -->\n<title>Schneckenhubgetriebes - Antriebselemente - Vansichen Linear Technology<\/title>\n<meta name=\"description\" content=\"Das Prinzip eines Schneckenhubgetriebes ist, dass eine Drehbewegung in eine lineare Bewegung umgewandelt wird, verf\u00fcgbar von 2 kN bis 650 kN.\" \/>\n<meta name=\"robots\" content=\"index, follow, max-snippet:-1, max-image-preview:large, max-video-preview:-1\" \/>\n<link rel=\"canonical\" href=\"https:\/\/vansichen.be\/de\/standardkomponenten-lineartechnik\/antriebselemente\/schneckenhubgetriebes\/\" \/>\n<meta property=\"og:locale\" content=\"de_DE\" \/>\n<meta property=\"og:type\" content=\"article\" \/>\n<meta property=\"og:title\" content=\"Schneckenhubgetriebes - Antriebselemente - Vansichen Linear Technology\" \/>\n<meta property=\"og:description\" content=\"Das Prinzip eines Schneckenhubgetriebes ist, dass eine Drehbewegung in eine lineare Bewegung umgewandelt wird, verf\u00fcgbar von 2 kN bis 650 kN.\" \/>\n<meta property=\"og:url\" content=\"https:\/\/vansichen.be\/de\/standardkomponenten-lineartechnik\/antriebselemente\/schneckenhubgetriebes\/\" \/>\n<meta property=\"og:site_name\" content=\"Vansichen Linear Technology\" \/>\n<meta property=\"article:modified_time\" content=\"2023-06-21T13:42:24+00:00\" \/>\n<meta name=\"twitter:card\" content=\"summary_large_image\" \/>\n<meta name=\"twitter:label1\" content=\"Gesch\u00e4tzte Lesezeit\" \/>\n\t<meta name=\"twitter:data1\" content=\"2\u00a0Minuten\" \/>\n<script type=\"application\/ld+json\" class=\"yoast-schema-graph\">{\"@context\":\"https:\/\/schema.org\",\"@graph\":[{\"@type\":\"WebPage\",\"@id\":\"https:\/\/vansichen.be\/de\/standardkomponenten-lineartechnik\/antriebselemente\/schneckenhubgetriebes\/\",\"url\":\"https:\/\/vansichen.be\/de\/standardkomponenten-lineartechnik\/antriebselemente\/schneckenhubgetriebes\/\",\"name\":\"Schneckenhubgetriebes - Antriebselemente - Vansichen Linear Technology\",\"isPartOf\":{\"@id\":\"https:\/\/vansichen.be\/de\/#website\"},\"datePublished\":\"2020-05-03T19:22:43+00:00\",\"dateModified\":\"2023-06-21T13:42:24+00:00\",\"description\":\"Das Prinzip eines Schneckenhubgetriebes ist, dass eine Drehbewegung in eine lineare Bewegung umgewandelt wird, verf\u00fcgbar von 2 kN bis 650 kN.\",\"breadcrumb\":{\"@id\":\"https:\/\/vansichen.be\/de\/standardkomponenten-lineartechnik\/antriebselemente\/schneckenhubgetriebes\/#breadcrumb\"},\"inLanguage\":\"de\",\"potentialAction\":[{\"@type\":\"ReadAction\",\"target\":[\"https:\/\/vansichen.be\/de\/standardkomponenten-lineartechnik\/antriebselemente\/schneckenhubgetriebes\/\"]}]},{\"@type\":\"BreadcrumbList\",\"@id\":\"https:\/\/vansichen.be\/de\/standardkomponenten-lineartechnik\/antriebselemente\/schneckenhubgetriebes\/#breadcrumb\",\"itemListElement\":[{\"@type\":\"ListItem\",\"position\":1,\"name\":\"Home\",\"item\":\"https:\/\/vansichen.be\/de\/\"},{\"@type\":\"ListItem\",\"position\":2,\"name\":\"Standardkomponenten f\u00fcr Lineartechnik\",\"item\":\"https:\/\/vansichen.be\/de\/standardkomponenten-lineartechnik\/\"},{\"@type\":\"ListItem\",\"position\":3,\"name\":\"Antriebselemente\",\"item\":\"https:\/\/vansichen.be\/de\/standardkomponenten-lineartechnik\/antriebselemente\/\"},{\"@type\":\"ListItem\",\"position\":4,\"name\":\"Schneckenhubgetriebes\"}]},{\"@type\":\"WebSite\",\"@id\":\"https:\/\/vansichen.be\/de\/#website\",\"url\":\"https:\/\/vansichen.be\/de\/\",\"name\":\"Vansichen Linear Technology\",\"description\":\"\",\"publisher\":{\"@id\":\"https:\/\/vansichen.be\/de\/#organization\"},\"potentialAction\":[{\"@type\":\"SearchAction\",\"target\":{\"@type\":\"EntryPoint\",\"urlTemplate\":\"https:\/\/vansichen.be\/de\/?s={search_term_string}\"},\"query-input\":{\"@type\":\"PropertyValueSpecification\",\"valueRequired\":true,\"valueName\":\"search_term_string\"}}],\"inLanguage\":\"de\"},{\"@type\":\"Organization\",\"@id\":\"https:\/\/vansichen.be\/de\/#organization\",\"name\":\"Vansichen Linear Technology\",\"url\":\"https:\/\/vansichen.be\/de\/\",\"logo\":{\"@type\":\"ImageObject\",\"inLanguage\":\"de\",\"@id\":\"https:\/\/vansichen.be\/de\/#\/schema\/logo\/image\/\",\"url\":\"https:\/\/vansichen.be\/wp-content\/uploads\/2020\/03\/Vansichen_home_2020_4.png\",\"contentUrl\":\"https:\/\/vansichen.be\/wp-content\/uploads\/2020\/03\/Vansichen_home_2020_4.png\",\"width\":260,\"height\":44,\"caption\":\"Vansichen Linear Technology\"},\"image\":{\"@id\":\"https:\/\/vansichen.be\/de\/#\/schema\/logo\/image\/\"}}]}<\/script>\n<!-- \/ Yoast SEO plugin. -->","yoast_head_json":{"title":"Schneckenhubgetriebes - Antriebselemente - Vansichen Linear Technology","description":"Das Prinzip eines Schneckenhubgetriebes ist, dass eine Drehbewegung in eine lineare Bewegung umgewandelt wird, verf\u00fcgbar von 2 kN bis 650 kN.","robots":{"index":"index","follow":"follow","max-snippet":"max-snippet:-1","max-image-preview":"max-image-preview:large","max-video-preview":"max-video-preview:-1"},"canonical":"https:\/\/vansichen.be\/de\/standardkomponenten-lineartechnik\/antriebselemente\/schneckenhubgetriebes\/","og_locale":"de_DE","og_type":"article","og_title":"Schneckenhubgetriebes - Antriebselemente - Vansichen Linear Technology","og_description":"Das Prinzip eines Schneckenhubgetriebes ist, dass eine Drehbewegung in eine lineare Bewegung umgewandelt wird, verf\u00fcgbar von 2 kN bis 650 kN.","og_url":"https:\/\/vansichen.be\/de\/standardkomponenten-lineartechnik\/antriebselemente\/schneckenhubgetriebes\/","og_site_name":"Vansichen Linear Technology","article_modified_time":"2023-06-21T13:42:24+00:00","twitter_card":"summary_large_image","twitter_misc":{"Gesch\u00e4tzte Lesezeit":"2\u00a0Minuten"},"schema":{"@context":"https:\/\/schema.org","@graph":[{"@type":"WebPage","@id":"https:\/\/vansichen.be\/de\/standardkomponenten-lineartechnik\/antriebselemente\/schneckenhubgetriebes\/","url":"https:\/\/vansichen.be\/de\/standardkomponenten-lineartechnik\/antriebselemente\/schneckenhubgetriebes\/","name":"Schneckenhubgetriebes - Antriebselemente - Vansichen Linear Technology","isPartOf":{"@id":"https:\/\/vansichen.be\/de\/#website"},"datePublished":"2020-05-03T19:22:43+00:00","dateModified":"2023-06-21T13:42:24+00:00","description":"Das Prinzip eines Schneckenhubgetriebes ist, dass eine Drehbewegung in eine lineare Bewegung umgewandelt wird, verf\u00fcgbar von 2 kN bis 650 kN.","breadcrumb":{"@id":"https:\/\/vansichen.be\/de\/standardkomponenten-lineartechnik\/antriebselemente\/schneckenhubgetriebes\/#breadcrumb"},"inLanguage":"de","potentialAction":[{"@type":"ReadAction","target":["https:\/\/vansichen.be\/de\/standardkomponenten-lineartechnik\/antriebselemente\/schneckenhubgetriebes\/"]}]},{"@type":"BreadcrumbList","@id":"https:\/\/vansichen.be\/de\/standardkomponenten-lineartechnik\/antriebselemente\/schneckenhubgetriebes\/#breadcrumb","itemListElement":[{"@type":"ListItem","position":1,"name":"Home","item":"https:\/\/vansichen.be\/de\/"},{"@type":"ListItem","position":2,"name":"Standardkomponenten f\u00fcr Lineartechnik","item":"https:\/\/vansichen.be\/de\/standardkomponenten-lineartechnik\/"},{"@type":"ListItem","position":3,"name":"Antriebselemente","item":"https:\/\/vansichen.be\/de\/standardkomponenten-lineartechnik\/antriebselemente\/"},{"@type":"ListItem","position":4,"name":"Schneckenhubgetriebes"}]},{"@type":"WebSite","@id":"https:\/\/vansichen.be\/de\/#website","url":"https:\/\/vansichen.be\/de\/","name":"Vansichen Linear Technology","description":"","publisher":{"@id":"https:\/\/vansichen.be\/de\/#organization"},"potentialAction":[{"@type":"SearchAction","target":{"@type":"EntryPoint","urlTemplate":"https:\/\/vansichen.be\/de\/?s={search_term_string}"},"query-input":{"@type":"PropertyValueSpecification","valueRequired":true,"valueName":"search_term_string"}}],"inLanguage":"de"},{"@type":"Organization","@id":"https:\/\/vansichen.be\/de\/#organization","name":"Vansichen Linear Technology","url":"https:\/\/vansichen.be\/de\/","logo":{"@type":"ImageObject","inLanguage":"de","@id":"https:\/\/vansichen.be\/de\/#\/schema\/logo\/image\/","url":"https:\/\/vansichen.be\/wp-content\/uploads\/2020\/03\/Vansichen_home_2020_4.png","contentUrl":"https:\/\/vansichen.be\/wp-content\/uploads\/2020\/03\/Vansichen_home_2020_4.png","width":260,"height":44,"caption":"Vansichen Linear Technology"},"image":{"@id":"https:\/\/vansichen.be\/de\/#\/schema\/logo\/image\/"}}]}},"_links":{"self":[{"href":"https:\/\/vansichen.be\/de\/wp-json\/wp\/v2\/pages\/2523","targetHints":{"allow":["GET"]}}],"collection":[{"href":"https:\/\/vansichen.be\/de\/wp-json\/wp\/v2\/pages"}],"about":[{"href":"https:\/\/vansichen.be\/de\/wp-json\/wp\/v2\/types\/page"}],"author":[{"embeddable":true,"href":"https:\/\/vansichen.be\/de\/wp-json\/wp\/v2\/users\/4"}],"replies":[{"embeddable":true,"href":"https:\/\/vansichen.be\/de\/wp-json\/wp\/v2\/comments?post=2523"}],"version-history":[{"count":5,"href":"https:\/\/vansichen.be\/de\/wp-json\/wp\/v2\/pages\/2523\/revisions"}],"predecessor-version":[{"id":14883,"href":"https:\/\/vansichen.be\/de\/wp-json\/wp\/v2\/pages\/2523\/revisions\/14883"}],"up":[{"embeddable":true,"href":"https:\/\/vansichen.be\/de\/wp-json\/wp\/v2\/pages\/2544"}],"wp:attachment":[{"href":"https:\/\/vansichen.be\/de\/wp-json\/wp\/v2\/media?parent=2523"}],"curies":[{"name":"wp","href":"https:\/\/api.w.org\/{rel}","templated":true}]}}