{"id":2653,"date":"2020-05-04T14:24:16","date_gmt":"2020-05-04T14:24:16","guid":{"rendered":"https:\/\/vansichen.be\/?page_id=2653"},"modified":"2023-10-11T13:57:25","modified_gmt":"2023-10-11T13:57:25","slug":"schmiersysteme","status":"publish","type":"page","link":"https:\/\/vansichen.be\/de\/standardkomponenten-lineartechnik\/schmiersysteme\/","title":{"rendered":"Schmiersysteme"},"content":{"rendered":"<div class=\"wpb-content-wrapper\"><p>[vc_row][vc_column][vc_custom_heading text=&#8220;SCHMIERSYSTEME&#8220; font_container=&#8220;tag:h1|font_size:53px|text_align:left|color:%23e6007e&#8220; google_fonts=&#8220;font_family:Source%20Sans%20Pro%3A200%2C200italic%2C300%2C300italic%2Cregular%2Citalic%2C600%2C600italic%2C700%2C700italic%2C900%2C900italic|font_style:900%20bold%20regular%3A900%3Anormal&#8220;][\/vc_column][\/vc_row][vc_row][vc_column width=&#8220;2\/3&#8243;][vc_column_text]Bei der Konstruktion von Maschinen und Anlagen ist es wichtig, entsprechend Aufmerksamkeit f\u00fcr Schmierung zu ber\u00fccksichtigen. Vansichen Lineairtechniek verf\u00fcgt in Kooperation mit <a href=\"https:\/\/www.triboserv.de\/de\/\" target=\"_blank\" rel=\"noopener\">Triboserv<\/a> \u00fcber ein automatisches Schmiersystem mit bis zu 16 Schmierstellen und R\u00fcckmeldung.<\/p>\n<h4 style=\"font-size: 20px;\"><span style=\"color: #e6007e;\"><strong>FUNKTION SCHMIERSYSTEME<\/strong><\/span><\/h4>\n<p>Die Flex-Pumpe ist das Herzst\u00fcck der Anlage, hier\u00fcber werden die Schmiermengen elektronisch geregelt und kann sowohl \u00d6l als auch Fett NLG Klasse 3 pumpen. Die Schmierstofff\u00f6rderung \u00fcbernimmt eine Zweizylinderpumpe mit einem Druck bis zu 70 bar. Die Flex-Pumpe muss\u00a0nicht in unmittelbarer N\u00e4he der Schmierstelle platziert werden. Es stehen 1 bis 4 Ausg\u00e4nge an der Pumpe zur Verf\u00fcgung, und durch Verteilung jedes Ausgangs kann \u00fcber bis zu 4 verschiedenen Schmierstellen verf\u00fcgt werden. Insgesamt also 16 Schmierstellen, die durch eine Flex-Pumpe betrieben werden k\u00f6nnen. Die Kartuschen mit Schmiermittel (wie vom Kunden gew\u00fcnscht) k\u00f6nnen nicht nur auf einfache Weise ersetzt werden, sondern sind auch gleichzeitig umweltfreundlich.<\/p>\n<h4 style=\"font-size: 20px;\"><span style=\"color: #e6007e;\"><strong>MERKMALE<\/strong><\/span><\/h4>\n<ul>\n<li>Automatisch gesteuertes System mit 1 bis 16 Schmierstellen<\/li>\n<li>Sowohl f\u00fcr \u00d6l als auch Fett geeignet (bis NLGI-Klasse 3)<\/li>\n<li>125 cm\u00b3 \/\/ 250 cm\u00b3 \/\/ 400 cm\u00b3<\/li>\n<li>Druck von 12 bis 70 bar<\/li>\n<li>Steuerung und Strom (12\/24 V) \u00fcber die SPS (inkl. Fehlermeldung)<\/li>\n<li>Einstellbare Mengen und Zeitintervalle<\/li>\n<\/ul>\n<p><strong style=\"color: #e6007e; font-size: 20px;\">VORTEILE<\/strong><\/p>\n<ul>\n<li>Einfaches und kompaktes System f\u00fcr mehrere Komponenten<\/li>\n<li>Wirtschaftliche L\u00f6sung<\/li>\n<li>Keine manuelle Schmierung erforderlich<\/li>\n<li>Vorgef\u00fcllte Schl\u00e4uche<\/li>\n<li>Erkennung von Leitungsbr\u00fcchen<\/li>\n<\/ul>\n<p><strong style=\"color: #e6007e; font-size: 20px;\">ANWENDUNGEN<\/strong><\/p>\n<ul>\n<li>Linearf\u00fchrungswagen<\/li>\n<li>Kugelgewindetriebe<\/li>\n<li>Zahnstangensystem<\/li>\n<\/ul>\n<p>[\/vc_column_text][\/vc_column][vc_column width=&#8220;1\/3&#8243;][vc_widget_sidebar sidebar_id=&#8220;top-area-1&#8243;][\/vc_column][\/vc_row][vc_row][vc_column][vc_column_text]<\/p>\n<h4 style=\"font-size: 20px;\"><span style=\"color: #e6007e;\"><b>AUFBAU SCHMIERSYSTEM<\/b><\/span><\/h4>\n<p>[\/vc_column_text][vc_single_image image=&#8220;15409&#8243; img_size=&#8220;medium&#8220; onclick=&#8220;link_image&#8220; el_class=&#8220;hover-gallery&#8220;][vc_column_text]<\/p>\n<h4 style=\"font-size: 20px;\"><span style=\"color: #e6007e;\"><strong>MEHR INFORMATIONEN?<\/strong><\/span><\/h4>\n<p>Wenn Sie mehr Informationen erhalten, kontaktieren Sie uns bitte \u00fcber\u00a0<a href=\"mailto:info@vansichen.be\" target=\"_blank\" rel=\"noopener noreferrer\">info@vansichen.be<\/a>\u00a0oder \u00fcber <a href=\"tel:+3211377963\">+32 (0) 11 37 79 63<\/a>. Wir haben ein Vorf\u00fchrmuster und einer unserer Mitarbeiter erkl\u00e4rt zeigt Ihnen gerne die kleinsten Einzelheiten.[\/vc_column_text][\/vc_column][\/vc_row][vc_row][vc_column][vc_custom_heading text=&#8220;PARTNER&#8220; font_container=&#8220;tag:h2|font_size:20px|text_align:left|color:%23e6007e&#8220; google_fonts=&#8220;font_family:Source%20Sans%20Pro%3A200%2C200italic%2C300%2C300italic%2Cregular%2Citalic%2C600%2C600italic%2C700%2C700italic%2C900%2C900italic|font_style:900%20bold%20regular%3A900%3Anormal&#8220;][\/vc_column][\/vc_row][vc_row el_class=&#8220;partners&#8220;][vc_column width=&#8220;1\/4&#8243;][vc_single_image image=&#8220;15329&#8243; img_size=&#8220;full&#8220; alignment=&#8220;center&#8220; onclick=&#8220;custom_link&#8220; img_link_target=&#8220;_blank&#8220; link=&#8220;https:\/\/www.triboserv.de\/de\/&#8220;][\/vc_column][vc_column width=&#8220;1\/4&#8243;][\/vc_column][vc_column width=&#8220;1\/4&#8243;][\/vc_column][vc_column width=&#8220;1\/4&#8243;][\/vc_column][\/vc_row][vc_row el_class=&#8220;downloads&#8220;][vc_column][vc_custom_heading text=&#8220;DOWNLOADS&#8220; font_container=&#8220;tag:h2|font_size:20px|text_align:left|color:%23e6007e&#8220; google_fonts=&#8220;font_family:Source%20Sans%20Pro%3A200%2C200italic%2C300%2C300italic%2Cregular%2Citalic%2C600%2C600italic%2C700%2C700italic%2C900%2C900italic|font_style:900%20bold%20regular%3A900%3Anormal&#8220;][vc_column_text]<a href=\"https:\/\/vansichen.be\/wp-content\/uploads\/2023\/10\/2023-05-TriboServ_Katalog_DINA4-quer_de.pdf\" target=\"_blank\" rel=\"noopener noreferrer\">Katalog<\/a>[\/vc_column_text][\/vc_column][\/vc_row][vc_row][vc_column][vc_gallery type=&#8220;image_grid&#8220; images=&#8220;2662,15399,15395,15391,15387&#8243; img_size=&#8220;full&#8220; el_class=&#8220;hover-gallery&#8220;][\/vc_column][\/vc_row]<\/p>\n<\/div>","protected":false},"excerpt":{"rendered":"<p>[vc_row][vc_column][vc_custom_heading text=&#8220;SCHMIERSYSTEME&#8220; font_container=&#8220;tag:h1|font_size:53px|text_align:left|color:%23e6007e&#8220; google_fonts=&#8220;font_family:Source%20Sans%20Pro%3A200%2C200italic%2C300%2C300italic%2Cregular%2Citalic%2C600%2C600italic%2C700%2C700italic%2C900%2C900italic|font_style:900%20bold%20regular%3A900%3Anormal&#8220;][\/vc_column][\/vc_row][vc_row][vc_column width=&#8220;2\/3&#8243;][vc_column_text]Bei der Konstruktion von Maschinen und Anlagen ist es wichtig, entsprechend Aufmerksamkeit f\u00fcr Schmierung zu ber\u00fccksichtigen.<span class=\"excerpt-hellip\"> [\u2026]<\/span><\/p>\n","protected":false},"author":4,"featured_media":0,"parent":1886,"menu_order":0,"comment_status":"closed","ping_status":"closed","template":"","meta":{"inline_featured_image":false,"footnotes":""},"class_list":["post-2653","page","type-page","status-publish","hentry"],"yoast_head":"<!-- This site is optimized with the Yoast SEO plugin v26.8 - https:\/\/yoast.com\/product\/yoast-seo-wordpress\/ -->\n<title>Schmiersysteme - Entdecken Sie Vansichen Linear Technology<\/title>\n<meta name=\"description\" content=\"Vansichen Linear Technology verf\u00fcgt \u00fcber automatische Schmiersysteme mit bis zu 16 Schmierstellen und R\u00fcckmeldung.\" \/>\n<meta name=\"robots\" content=\"index, follow, max-snippet:-1, max-image-preview:large, max-video-preview:-1\" \/>\n<link rel=\"canonical\" href=\"https:\/\/vansichen.be\/de\/standardkomponenten-lineartechnik\/schmiersysteme\/\" \/>\n<meta property=\"og:locale\" content=\"de_DE\" \/>\n<meta property=\"og:type\" content=\"article\" \/>\n<meta property=\"og:title\" content=\"Schmiersysteme - Entdecken Sie Vansichen Linear Technology\" \/>\n<meta property=\"og:description\" content=\"Vansichen Linear Technology verf\u00fcgt \u00fcber automatische Schmiersysteme mit bis zu 16 Schmierstellen und R\u00fcckmeldung.\" \/>\n<meta property=\"og:url\" content=\"https:\/\/vansichen.be\/de\/standardkomponenten-lineartechnik\/schmiersysteme\/\" \/>\n<meta property=\"og:site_name\" content=\"Vansichen Linear Technology\" \/>\n<meta property=\"article:modified_time\" content=\"2023-10-11T13:57:25+00:00\" \/>\n<meta name=\"twitter:card\" content=\"summary_large_image\" \/>\n<meta name=\"twitter:label1\" content=\"Gesch\u00e4tzte Lesezeit\" \/>\n\t<meta name=\"twitter:data1\" content=\"2\u00a0Minuten\" \/>\n<script type=\"application\/ld+json\" class=\"yoast-schema-graph\">{\"@context\":\"https:\/\/schema.org\",\"@graph\":[{\"@type\":\"WebPage\",\"@id\":\"https:\/\/vansichen.be\/de\/standardkomponenten-lineartechnik\/schmiersysteme\/\",\"url\":\"https:\/\/vansichen.be\/de\/standardkomponenten-lineartechnik\/schmiersysteme\/\",\"name\":\"Schmiersysteme - Entdecken Sie Vansichen Linear Technology\",\"isPartOf\":{\"@id\":\"https:\/\/vansichen.be\/de\/#website\"},\"datePublished\":\"2020-05-04T14:24:16+00:00\",\"dateModified\":\"2023-10-11T13:57:25+00:00\",\"description\":\"Vansichen Linear Technology verf\u00fcgt \u00fcber automatische Schmiersysteme mit bis zu 16 Schmierstellen und R\u00fcckmeldung.\",\"breadcrumb\":{\"@id\":\"https:\/\/vansichen.be\/de\/standardkomponenten-lineartechnik\/schmiersysteme\/#breadcrumb\"},\"inLanguage\":\"de\",\"potentialAction\":[{\"@type\":\"ReadAction\",\"target\":[\"https:\/\/vansichen.be\/de\/standardkomponenten-lineartechnik\/schmiersysteme\/\"]}]},{\"@type\":\"BreadcrumbList\",\"@id\":\"https:\/\/vansichen.be\/de\/standardkomponenten-lineartechnik\/schmiersysteme\/#breadcrumb\",\"itemListElement\":[{\"@type\":\"ListItem\",\"position\":1,\"name\":\"Home\",\"item\":\"https:\/\/vansichen.be\/de\/\"},{\"@type\":\"ListItem\",\"position\":2,\"name\":\"Standardkomponenten f\u00fcr Lineartechnik\",\"item\":\"https:\/\/vansichen.be\/de\/standardkomponenten-lineartechnik\/\"},{\"@type\":\"ListItem\",\"position\":3,\"name\":\"Schmiersysteme\"}]},{\"@type\":\"WebSite\",\"@id\":\"https:\/\/vansichen.be\/de\/#website\",\"url\":\"https:\/\/vansichen.be\/de\/\",\"name\":\"Vansichen Linear Technology\",\"description\":\"\",\"publisher\":{\"@id\":\"https:\/\/vansichen.be\/de\/#organization\"},\"potentialAction\":[{\"@type\":\"SearchAction\",\"target\":{\"@type\":\"EntryPoint\",\"urlTemplate\":\"https:\/\/vansichen.be\/de\/?s={search_term_string}\"},\"query-input\":{\"@type\":\"PropertyValueSpecification\",\"valueRequired\":true,\"valueName\":\"search_term_string\"}}],\"inLanguage\":\"de\"},{\"@type\":\"Organization\",\"@id\":\"https:\/\/vansichen.be\/de\/#organization\",\"name\":\"Vansichen Linear Technology\",\"url\":\"https:\/\/vansichen.be\/de\/\",\"logo\":{\"@type\":\"ImageObject\",\"inLanguage\":\"de\",\"@id\":\"https:\/\/vansichen.be\/de\/#\/schema\/logo\/image\/\",\"url\":\"https:\/\/vansichen.be\/wp-content\/uploads\/2020\/03\/Vansichen_home_2020_4.png\",\"contentUrl\":\"https:\/\/vansichen.be\/wp-content\/uploads\/2020\/03\/Vansichen_home_2020_4.png\",\"width\":260,\"height\":44,\"caption\":\"Vansichen Linear Technology\"},\"image\":{\"@id\":\"https:\/\/vansichen.be\/de\/#\/schema\/logo\/image\/\"}}]}<\/script>\n<!-- \/ Yoast SEO plugin. -->","yoast_head_json":{"title":"Schmiersysteme - Entdecken Sie Vansichen Linear Technology","description":"Vansichen Linear Technology verf\u00fcgt \u00fcber automatische Schmiersysteme mit bis zu 16 Schmierstellen und R\u00fcckmeldung.","robots":{"index":"index","follow":"follow","max-snippet":"max-snippet:-1","max-image-preview":"max-image-preview:large","max-video-preview":"max-video-preview:-1"},"canonical":"https:\/\/vansichen.be\/de\/standardkomponenten-lineartechnik\/schmiersysteme\/","og_locale":"de_DE","og_type":"article","og_title":"Schmiersysteme - Entdecken Sie Vansichen Linear Technology","og_description":"Vansichen Linear Technology verf\u00fcgt \u00fcber automatische Schmiersysteme mit bis zu 16 Schmierstellen und R\u00fcckmeldung.","og_url":"https:\/\/vansichen.be\/de\/standardkomponenten-lineartechnik\/schmiersysteme\/","og_site_name":"Vansichen Linear Technology","article_modified_time":"2023-10-11T13:57:25+00:00","twitter_card":"summary_large_image","twitter_misc":{"Gesch\u00e4tzte Lesezeit":"2\u00a0Minuten"},"schema":{"@context":"https:\/\/schema.org","@graph":[{"@type":"WebPage","@id":"https:\/\/vansichen.be\/de\/standardkomponenten-lineartechnik\/schmiersysteme\/","url":"https:\/\/vansichen.be\/de\/standardkomponenten-lineartechnik\/schmiersysteme\/","name":"Schmiersysteme - Entdecken Sie Vansichen Linear Technology","isPartOf":{"@id":"https:\/\/vansichen.be\/de\/#website"},"datePublished":"2020-05-04T14:24:16+00:00","dateModified":"2023-10-11T13:57:25+00:00","description":"Vansichen Linear Technology verf\u00fcgt \u00fcber automatische Schmiersysteme mit bis zu 16 Schmierstellen und R\u00fcckmeldung.","breadcrumb":{"@id":"https:\/\/vansichen.be\/de\/standardkomponenten-lineartechnik\/schmiersysteme\/#breadcrumb"},"inLanguage":"de","potentialAction":[{"@type":"ReadAction","target":["https:\/\/vansichen.be\/de\/standardkomponenten-lineartechnik\/schmiersysteme\/"]}]},{"@type":"BreadcrumbList","@id":"https:\/\/vansichen.be\/de\/standardkomponenten-lineartechnik\/schmiersysteme\/#breadcrumb","itemListElement":[{"@type":"ListItem","position":1,"name":"Home","item":"https:\/\/vansichen.be\/de\/"},{"@type":"ListItem","position":2,"name":"Standardkomponenten f\u00fcr Lineartechnik","item":"https:\/\/vansichen.be\/de\/standardkomponenten-lineartechnik\/"},{"@type":"ListItem","position":3,"name":"Schmiersysteme"}]},{"@type":"WebSite","@id":"https:\/\/vansichen.be\/de\/#website","url":"https:\/\/vansichen.be\/de\/","name":"Vansichen Linear Technology","description":"","publisher":{"@id":"https:\/\/vansichen.be\/de\/#organization"},"potentialAction":[{"@type":"SearchAction","target":{"@type":"EntryPoint","urlTemplate":"https:\/\/vansichen.be\/de\/?s={search_term_string}"},"query-input":{"@type":"PropertyValueSpecification","valueRequired":true,"valueName":"search_term_string"}}],"inLanguage":"de"},{"@type":"Organization","@id":"https:\/\/vansichen.be\/de\/#organization","name":"Vansichen Linear Technology","url":"https:\/\/vansichen.be\/de\/","logo":{"@type":"ImageObject","inLanguage":"de","@id":"https:\/\/vansichen.be\/de\/#\/schema\/logo\/image\/","url":"https:\/\/vansichen.be\/wp-content\/uploads\/2020\/03\/Vansichen_home_2020_4.png","contentUrl":"https:\/\/vansichen.be\/wp-content\/uploads\/2020\/03\/Vansichen_home_2020_4.png","width":260,"height":44,"caption":"Vansichen Linear Technology"},"image":{"@id":"https:\/\/vansichen.be\/de\/#\/schema\/logo\/image\/"}}]}},"_links":{"self":[{"href":"https:\/\/vansichen.be\/de\/wp-json\/wp\/v2\/pages\/2653","targetHints":{"allow":["GET"]}}],"collection":[{"href":"https:\/\/vansichen.be\/de\/wp-json\/wp\/v2\/pages"}],"about":[{"href":"https:\/\/vansichen.be\/de\/wp-json\/wp\/v2\/types\/page"}],"author":[{"embeddable":true,"href":"https:\/\/vansichen.be\/de\/wp-json\/wp\/v2\/users\/4"}],"replies":[{"embeddable":true,"href":"https:\/\/vansichen.be\/de\/wp-json\/wp\/v2\/comments?post=2653"}],"version-history":[{"count":5,"href":"https:\/\/vansichen.be\/de\/wp-json\/wp\/v2\/pages\/2653\/revisions"}],"predecessor-version":[{"id":15418,"href":"https:\/\/vansichen.be\/de\/wp-json\/wp\/v2\/pages\/2653\/revisions\/15418"}],"up":[{"embeddable":true,"href":"https:\/\/vansichen.be\/de\/wp-json\/wp\/v2\/pages\/1886"}],"wp:attachment":[{"href":"https:\/\/vansichen.be\/de\/wp-json\/wp\/v2\/media?parent=2653"}],"curies":[{"name":"wp","href":"https:\/\/api.w.org\/{rel}","templated":true}]}}