{"id":2864,"date":"2020-05-04T16:05:18","date_gmt":"2020-05-04T16:05:18","guid":{"rendered":"https:\/\/vansichen.be\/?page_id=2864"},"modified":"2024-09-13T09:33:34","modified_gmt":"2024-09-13T09:33:34","slug":"verstelleinheiten","status":"publish","type":"page","link":"https:\/\/vansichen.be\/de\/standardkomponenten-lineartechnik\/verstelleinheiten-und-klemmelemente\/verstelleinheiten\/","title":{"rendered":"Verstelleinheiten"},"content":{"rendered":"<div class=\"wpb-content-wrapper\"><p>[vc_row][vc_column][vc_custom_heading text=&#8220;VERSTELLEINHEITEN&#8220; font_container=&#8220;tag:h1|font_size:53px|text_align:left|color:%23e6007e&#8220; google_fonts=&#8220;font_family:Source%20Sans%20Pro%3A200%2C200italic%2C300%2C300italic%2Cregular%2Citalic%2C600%2C600italic%2C700%2C700italic%2C900%2C900italic|font_style:900%20bold%20regular%3A900%3Anormal&#8220;][\/vc_column][\/vc_row][vc_row][vc_column width=&#8220;2\/3&#8243;][vc_column_text]Inocon ist ein Lieferant von einfachen Verstelleinheiten oder Lineareinheiten. Das INOCON-System kann in 3 Punkten beschrieben werden:<\/p>\n<ul>\n<li>Wirtschaftliches und kosteng\u00fcnstiges Verstelleinheiten.<\/li>\n<li>Ein einfaches modulares System, das mit vielen anderen Elementen kombiniert werden kann.<\/li>\n<li>Eine ausreichende Genauigkeit, um einfache Bewegungen zu wiederholen.<\/li>\n<\/ul>\n<p>Das Inocon Klemmverbinder-Konstruktionssystem wird im Maschinenbau verwendet und kann mit seinen 500 Varianten endlos kombiniert werden. Die Klemmverbinder sind standardm\u00e4\u00dfig aus Aluminium, aber f\u00fcr kleine Durchmesser sind Edelstahlvarianten lieferbar. Die Klemmverbinder sind auch in RAL-Farben erh\u00e4ltlich.\u00a0Die Rohre sind aus Stahl, Aluminium und Edelstahl. Mit dem Inocon Klemmverbinder-Konstruktionssystem sind kurze Montagezeiten und ein hoher Grad an Flexibilit\u00e4t m\u00f6glich. Sie k\u00f6nnen f\u00fcr die linken und rechten Einstellungen verwendet werden.[\/vc_column_text][\/vc_column][vc_column width=&#8220;1\/3&#8243;][vc_widget_sidebar sidebar_id=&#8220;top-area-1&#8243;][\/vc_column][\/vc_row][vc_row][vc_column][vc_custom_heading text=&#8220;PARTNER&#8220; font_container=&#8220;tag:h2|font_size:20px|text_align:left|color:%23e6007e&#8220; google_fonts=&#8220;font_family:Source%20Sans%20Pro%3A200%2C200italic%2C300%2C300italic%2Cregular%2Citalic%2C600%2C600italic%2C700%2C700italic%2C900%2C900italic|font_style:900%20bold%20regular%3A900%3Anormal&#8220;][\/vc_column][\/vc_row][vc_row el_class=&#8220;partners&#8220;][vc_column width=&#8220;1\/4&#8243;][vc_single_image image=&#8220;2865&#8243; img_size=&#8220;full&#8220; alignment=&#8220;center&#8220; onclick=&#8220;custom_link&#8220; img_link_target=&#8220;_blank&#8220; link=&#8220;https:\/\/www.inocon.de\/en\/&#8220;][\/vc_column][vc_column width=&#8220;1\/4&#8243;][\/vc_column][vc_column width=&#8220;1\/4&#8243;][\/vc_column][vc_column width=&#8220;1\/4&#8243;][\/vc_column][\/vc_row][vc_row el_class=&#8220;links&#8220;][vc_column][vc_custom_heading text=&#8220;LINKS&#8220; font_container=&#8220;tag:h2|font_size:20px|text_align:left|color:%23e6007e&#8220; google_fonts=&#8220;font_family:Source%20Sans%20Pro%3A200%2C200italic%2C300%2C300italic%2Cregular%2Citalic%2C600%2C600italic%2C700%2C700italic%2C900%2C900italic|font_style:900%20bold%20regular%3A900%3Anormal&#8220;][vc_column_text]<a href=\"https:\/\/inocon.partcommunity.com\/3d-cad-models\/\" target=\"_blank\" rel=\"noopener noreferrer\">3D-CAD INOCON<\/a>[\/vc_column_text][\/vc_column][\/vc_row][vc_row el_class=&#8220;downloads&#8220;][vc_column][vc_custom_heading text=&#8220;DOWNLOADS&#8220; font_container=&#8220;tag:h2|font_size:20px|text_align:left|color:%23e6007e&#8220; google_fonts=&#8220;font_family:Source%20Sans%20Pro%3A200%2C200italic%2C300%2C300italic%2Cregular%2Citalic%2C600%2C600italic%2C700%2C700italic%2C900%2C900italic|font_style:900%20bold%20regular%3A900%3Anormal&#8220;][vc_column_text]<a href=\"https:\/\/vansichen.be\/wp-content\/uploads\/2024\/01\/Inocon_Katalog_2022_web_de.pdf\" target=\"_blank\" rel=\"noopener noreferrer\">Katalog Verstelleinheiten<\/a>[\/vc_column_text][\/vc_column][\/vc_row][vc_row][vc_column][vc_gallery type=&#8220;image_grid&#8220; images=&#8220;2873,2877,2881,2869&#8243; img_size=&#8220;full&#8220; el_class=&#8220;hover-gallery&#8220;][\/vc_column][\/vc_row]<\/p>\n<\/div>","protected":false},"excerpt":{"rendered":"<p>[vc_row][vc_column][vc_custom_heading text=&#8220;VERSTELLEINHEITEN&#8220; font_container=&#8220;tag:h1|font_size:53px|text_align:left|color:%23e6007e&#8220; google_fonts=&#8220;font_family:Source%20Sans%20Pro%3A200%2C200italic%2C300%2C300italic%2Cregular%2Citalic%2C600%2C600italic%2C700%2C700italic%2C900%2C900italic|font_style:900%20bold%20regular%3A900%3Anormal&#8220;][\/vc_column][\/vc_row][vc_row][vc_column width=&#8220;2\/3&#8243;][vc_column_text]Inocon ist ein Lieferant von einfachen Verstelleinheiten oder Lineareinheiten. Das INOCON-System kann in 3 Punkten beschrieben<span class=\"excerpt-hellip\"> [\u2026]<\/span><\/p>\n","protected":false},"author":4,"featured_media":0,"parent":2746,"menu_order":0,"comment_status":"closed","ping_status":"closed","template":"","meta":{"inline_featured_image":false,"footnotes":""},"class_list":["post-2864","page","type-page","status-publish","hentry"],"yoast_head":"<!-- This site is optimized with the Yoast SEO plugin v26.8 - https:\/\/yoast.com\/product\/yoast-seo-wordpress\/ -->\n<title>Verstelleinheiten - Inocon - Vansichen Linear Technology<\/title>\n<meta name=\"description\" content=\"Inocon ist ein Lieferant von einfachen Verstelleinheiten oder Lineareinheiten. Lesen Sie hier mehr dar\u00fcber!\" \/>\n<meta name=\"robots\" content=\"index, follow, max-snippet:-1, max-image-preview:large, max-video-preview:-1\" \/>\n<link rel=\"canonical\" href=\"https:\/\/vansichen.be\/de\/standardkomponenten-lineartechnik\/verstelleinheiten-und-klemmelemente\/verstelleinheiten\/\" \/>\n<meta property=\"og:locale\" content=\"de_DE\" \/>\n<meta property=\"og:type\" content=\"article\" \/>\n<meta property=\"og:title\" content=\"Verstelleinheiten - Inocon - Vansichen Linear Technology\" \/>\n<meta property=\"og:description\" content=\"Inocon ist ein Lieferant von einfachen Verstelleinheiten oder Lineareinheiten. Lesen Sie hier mehr dar\u00fcber!\" \/>\n<meta property=\"og:url\" content=\"https:\/\/vansichen.be\/de\/standardkomponenten-lineartechnik\/verstelleinheiten-und-klemmelemente\/verstelleinheiten\/\" \/>\n<meta property=\"og:site_name\" content=\"Vansichen Linear Technology\" \/>\n<meta property=\"article:modified_time\" content=\"2024-09-13T09:33:34+00:00\" \/>\n<meta name=\"twitter:card\" content=\"summary_large_image\" \/>\n<meta name=\"twitter:label1\" content=\"Gesch\u00e4tzte Lesezeit\" \/>\n\t<meta name=\"twitter:data1\" content=\"1\u00a0Minute\" \/>\n<script type=\"application\/ld+json\" class=\"yoast-schema-graph\">{\"@context\":\"https:\/\/schema.org\",\"@graph\":[{\"@type\":\"WebPage\",\"@id\":\"https:\/\/vansichen.be\/de\/standardkomponenten-lineartechnik\/verstelleinheiten-und-klemmelemente\/verstelleinheiten\/\",\"url\":\"https:\/\/vansichen.be\/de\/standardkomponenten-lineartechnik\/verstelleinheiten-und-klemmelemente\/verstelleinheiten\/\",\"name\":\"Verstelleinheiten - Inocon - Vansichen Linear Technology\",\"isPartOf\":{\"@id\":\"https:\/\/vansichen.be\/de\/#website\"},\"datePublished\":\"2020-05-04T16:05:18+00:00\",\"dateModified\":\"2024-09-13T09:33:34+00:00\",\"description\":\"Inocon ist ein Lieferant von einfachen Verstelleinheiten oder Lineareinheiten. Lesen Sie hier mehr dar\u00fcber!\",\"breadcrumb\":{\"@id\":\"https:\/\/vansichen.be\/de\/standardkomponenten-lineartechnik\/verstelleinheiten-und-klemmelemente\/verstelleinheiten\/#breadcrumb\"},\"inLanguage\":\"de\",\"potentialAction\":[{\"@type\":\"ReadAction\",\"target\":[\"https:\/\/vansichen.be\/de\/standardkomponenten-lineartechnik\/verstelleinheiten-und-klemmelemente\/verstelleinheiten\/\"]}]},{\"@type\":\"BreadcrumbList\",\"@id\":\"https:\/\/vansichen.be\/de\/standardkomponenten-lineartechnik\/verstelleinheiten-und-klemmelemente\/verstelleinheiten\/#breadcrumb\",\"itemListElement\":[{\"@type\":\"ListItem\",\"position\":1,\"name\":\"Home\",\"item\":\"https:\/\/vansichen.be\/de\/\"},{\"@type\":\"ListItem\",\"position\":2,\"name\":\"Standardkomponenten f\u00fcr Lineartechnik\",\"item\":\"https:\/\/vansichen.be\/de\/standardkomponenten-lineartechnik\/\"},{\"@type\":\"ListItem\",\"position\":3,\"name\":\"Verstelleinheiten und klemmelemente\",\"item\":\"https:\/\/vansichen.be\/de\/standardkomponenten-lineartechnik\/verstelleinheiten-und-klemmelemente\/\"},{\"@type\":\"ListItem\",\"position\":4,\"name\":\"Verstelleinheiten\"}]},{\"@type\":\"WebSite\",\"@id\":\"https:\/\/vansichen.be\/de\/#website\",\"url\":\"https:\/\/vansichen.be\/de\/\",\"name\":\"Vansichen Linear Technology\",\"description\":\"\",\"publisher\":{\"@id\":\"https:\/\/vansichen.be\/de\/#organization\"},\"potentialAction\":[{\"@type\":\"SearchAction\",\"target\":{\"@type\":\"EntryPoint\",\"urlTemplate\":\"https:\/\/vansichen.be\/de\/?s={search_term_string}\"},\"query-input\":{\"@type\":\"PropertyValueSpecification\",\"valueRequired\":true,\"valueName\":\"search_term_string\"}}],\"inLanguage\":\"de\"},{\"@type\":\"Organization\",\"@id\":\"https:\/\/vansichen.be\/de\/#organization\",\"name\":\"Vansichen Linear Technology\",\"url\":\"https:\/\/vansichen.be\/de\/\",\"logo\":{\"@type\":\"ImageObject\",\"inLanguage\":\"de\",\"@id\":\"https:\/\/vansichen.be\/de\/#\/schema\/logo\/image\/\",\"url\":\"https:\/\/vansichen.be\/wp-content\/uploads\/2020\/03\/Vansichen_home_2020_4.png\",\"contentUrl\":\"https:\/\/vansichen.be\/wp-content\/uploads\/2020\/03\/Vansichen_home_2020_4.png\",\"width\":260,\"height\":44,\"caption\":\"Vansichen Linear Technology\"},\"image\":{\"@id\":\"https:\/\/vansichen.be\/de\/#\/schema\/logo\/image\/\"}}]}<\/script>\n<!-- \/ Yoast SEO plugin. -->","yoast_head_json":{"title":"Verstelleinheiten - Inocon - Vansichen Linear Technology","description":"Inocon ist ein Lieferant von einfachen Verstelleinheiten oder Lineareinheiten. Lesen Sie hier mehr dar\u00fcber!","robots":{"index":"index","follow":"follow","max-snippet":"max-snippet:-1","max-image-preview":"max-image-preview:large","max-video-preview":"max-video-preview:-1"},"canonical":"https:\/\/vansichen.be\/de\/standardkomponenten-lineartechnik\/verstelleinheiten-und-klemmelemente\/verstelleinheiten\/","og_locale":"de_DE","og_type":"article","og_title":"Verstelleinheiten - Inocon - Vansichen Linear Technology","og_description":"Inocon ist ein Lieferant von einfachen Verstelleinheiten oder Lineareinheiten. Lesen Sie hier mehr dar\u00fcber!","og_url":"https:\/\/vansichen.be\/de\/standardkomponenten-lineartechnik\/verstelleinheiten-und-klemmelemente\/verstelleinheiten\/","og_site_name":"Vansichen Linear Technology","article_modified_time":"2024-09-13T09:33:34+00:00","twitter_card":"summary_large_image","twitter_misc":{"Gesch\u00e4tzte Lesezeit":"1\u00a0Minute"},"schema":{"@context":"https:\/\/schema.org","@graph":[{"@type":"WebPage","@id":"https:\/\/vansichen.be\/de\/standardkomponenten-lineartechnik\/verstelleinheiten-und-klemmelemente\/verstelleinheiten\/","url":"https:\/\/vansichen.be\/de\/standardkomponenten-lineartechnik\/verstelleinheiten-und-klemmelemente\/verstelleinheiten\/","name":"Verstelleinheiten - Inocon - Vansichen Linear Technology","isPartOf":{"@id":"https:\/\/vansichen.be\/de\/#website"},"datePublished":"2020-05-04T16:05:18+00:00","dateModified":"2024-09-13T09:33:34+00:00","description":"Inocon ist ein Lieferant von einfachen Verstelleinheiten oder Lineareinheiten. Lesen Sie hier mehr dar\u00fcber!","breadcrumb":{"@id":"https:\/\/vansichen.be\/de\/standardkomponenten-lineartechnik\/verstelleinheiten-und-klemmelemente\/verstelleinheiten\/#breadcrumb"},"inLanguage":"de","potentialAction":[{"@type":"ReadAction","target":["https:\/\/vansichen.be\/de\/standardkomponenten-lineartechnik\/verstelleinheiten-und-klemmelemente\/verstelleinheiten\/"]}]},{"@type":"BreadcrumbList","@id":"https:\/\/vansichen.be\/de\/standardkomponenten-lineartechnik\/verstelleinheiten-und-klemmelemente\/verstelleinheiten\/#breadcrumb","itemListElement":[{"@type":"ListItem","position":1,"name":"Home","item":"https:\/\/vansichen.be\/de\/"},{"@type":"ListItem","position":2,"name":"Standardkomponenten f\u00fcr Lineartechnik","item":"https:\/\/vansichen.be\/de\/standardkomponenten-lineartechnik\/"},{"@type":"ListItem","position":3,"name":"Verstelleinheiten und klemmelemente","item":"https:\/\/vansichen.be\/de\/standardkomponenten-lineartechnik\/verstelleinheiten-und-klemmelemente\/"},{"@type":"ListItem","position":4,"name":"Verstelleinheiten"}]},{"@type":"WebSite","@id":"https:\/\/vansichen.be\/de\/#website","url":"https:\/\/vansichen.be\/de\/","name":"Vansichen Linear Technology","description":"","publisher":{"@id":"https:\/\/vansichen.be\/de\/#organization"},"potentialAction":[{"@type":"SearchAction","target":{"@type":"EntryPoint","urlTemplate":"https:\/\/vansichen.be\/de\/?s={search_term_string}"},"query-input":{"@type":"PropertyValueSpecification","valueRequired":true,"valueName":"search_term_string"}}],"inLanguage":"de"},{"@type":"Organization","@id":"https:\/\/vansichen.be\/de\/#organization","name":"Vansichen Linear Technology","url":"https:\/\/vansichen.be\/de\/","logo":{"@type":"ImageObject","inLanguage":"de","@id":"https:\/\/vansichen.be\/de\/#\/schema\/logo\/image\/","url":"https:\/\/vansichen.be\/wp-content\/uploads\/2020\/03\/Vansichen_home_2020_4.png","contentUrl":"https:\/\/vansichen.be\/wp-content\/uploads\/2020\/03\/Vansichen_home_2020_4.png","width":260,"height":44,"caption":"Vansichen Linear Technology"},"image":{"@id":"https:\/\/vansichen.be\/de\/#\/schema\/logo\/image\/"}}]}},"_links":{"self":[{"href":"https:\/\/vansichen.be\/de\/wp-json\/wp\/v2\/pages\/2864","targetHints":{"allow":["GET"]}}],"collection":[{"href":"https:\/\/vansichen.be\/de\/wp-json\/wp\/v2\/pages"}],"about":[{"href":"https:\/\/vansichen.be\/de\/wp-json\/wp\/v2\/types\/page"}],"author":[{"embeddable":true,"href":"https:\/\/vansichen.be\/de\/wp-json\/wp\/v2\/users\/4"}],"replies":[{"embeddable":true,"href":"https:\/\/vansichen.be\/de\/wp-json\/wp\/v2\/comments?post=2864"}],"version-history":[{"count":5,"href":"https:\/\/vansichen.be\/de\/wp-json\/wp\/v2\/pages\/2864\/revisions"}],"predecessor-version":[{"id":17846,"href":"https:\/\/vansichen.be\/de\/wp-json\/wp\/v2\/pages\/2864\/revisions\/17846"}],"up":[{"embeddable":true,"href":"https:\/\/vansichen.be\/de\/wp-json\/wp\/v2\/pages\/2746"}],"wp:attachment":[{"href":"https:\/\/vansichen.be\/de\/wp-json\/wp\/v2\/media?parent=2864"}],"curies":[{"name":"wp","href":"https:\/\/api.w.org\/{rel}","templated":true}]}}