{"id":2906,"date":"2020-05-04T17:45:14","date_gmt":"2020-05-04T17:45:14","guid":{"rendered":"https:\/\/vansichen.be\/?page_id=2906"},"modified":"2026-04-16T07:26:02","modified_gmt":"2026-04-16T07:26:02","slug":"kundenspezifische-komponenten","status":"publish","type":"page","link":"https:\/\/vansichen.be\/de\/kundenspezifische-komponenten\/","title":{"rendered":"Kundenspezifische Komponenten"},"content":{"rendered":"<div class=\"wpb-content-wrapper\"><p>[vc_row][vc_column][vc_custom_heading text=&#8220;KUNDENSPEZIFISCHE KOMPONENTEN&#8220; font_container=&#8220;tag:h1|font_size:53px|text_align:left|color:%23e6007e&#8220; google_fonts=&#8220;font_family:Source%20Sans%20Pro%3A200%2C200italic%2C300%2C300italic%2Cregular%2Citalic%2C600%2C600italic%2C700%2C700italic%2C900%2C900italic|font_style:900%20bold%20regular%3A900%3Anormal&#8220;][\/vc_column][\/vc_row][vc_row][vc_column width=&#8220;2\/3&#8243;][vc_column_text css=&#8220;&#8220;]Kundenspezifische Komponenten und Baugruppen nach Ma\u00df geh\u00f6ren zu den Kernkompetenzen von <a href=\"https:\/\/vansichen.be\/de\/\">Vansichen Linear Technology<\/a>. Wir entwickeln f\u00fcr Sie individuelle L\u00f6sungen auf der Grundlage eines qualitativ hochwertigen und kompletten Sortiments an Linearf\u00fchrungen und Antriebselementen. Die Produktion und Montage sowie die Pr\u00fcfung der Baugruppen werden von Vansichen Linear Technology durchgef\u00fchrt. Wenn keine Standardl\u00f6sungen verf\u00fcgbar sind, verwenden wir unsere ma\u00dfgefertigten Linearprodukte und Baugruppen.<\/p>\n<p>Unsere Engineering-Abteilung entwickelt f\u00fcr Sie \u201ePlug-and-play\u201c-Anwendungen in Ihren Systemen. Einfache Bearbeitungen oder Anpassungen sind ebenfalls m\u00f6glich, wie z.\u00a0B. das Bohren zus\u00e4tzlicher L\u00f6cher und das Anbringen von Beschichtungen oder Lacken.[\/vc_column_text][\/vc_column][vc_column width=&#8220;1\/3&#8243;][vc_widget_sidebar sidebar_id=&#8220;top-area-1&#8243;][\/vc_column][\/vc_row][vc_row full_width=&#8220;stretch_row&#8220; css=&#8220;.vc_custom_1776324349940{padding-top: 35px !important;padding-bottom: 35px !important;background-color: #efefef !important;}&#8220;][vc_column][vc_custom_heading text=&#8220;BEISPIELE&#8220; font_container=&#8220;tag:h2|font_size:36px|text_align:left|color:%23e6007e&#8220; google_fonts=&#8220;font_family:Source%20Sans%20Pro%3A200%2C200italic%2C300%2C300italic%2Cregular%2Citalic%2C600%2C600italic%2C700%2C700italic%2C900%2C900italic|font_style:900%20bold%20regular%3A900%3Anormal&#8220; css=&#8220;&#8220;][vc_column_text css=&#8220;&#8220;]<strong><a href=\"https:\/\/www.winkel.de\/\">Winkel<\/a>-Rolleneinheit aus Edelstahl<br \/>\n<\/strong>F\u00fcr einen Fensterhersteller haben wir diese F\u00fchrungseinheit entwickelt. Um Vibrationen am Fenster zu vermeiden, wird die F\u00fchrungseinheit unter Spannung gehalten, indem die mittlere Rolle unter Federdruck gesetzt wird.[\/vc_column_text][vc_single_image image=&#8220;8782&#8243; img_size=&#8220;medium&#8220; onclick=&#8220;link_image&#8220; css=&#8220;&#8220;][vc_separator color=&#8220;black&#8220;][vc_column_text]<strong>Kompaktes lineares Spindelmodul<br \/>\n<\/strong>Anwendung bei der Handhabung elektronischer Bauteile mit begrenztem Einbauraum.<br \/>\nHier wurde eine Schiene von HIWIN der Baugr\u00f6\u00dfe 15 in Kombination mit einer Kugelumlaufspindel verwendet.[\/vc_column_text][vc_single_image image=&#8220;8786&#8243; img_size=&#8220;medium&#8220; onclick=&#8220;link_image&#8220;][vc_separator color=&#8220;black&#8220;][vc_column_text]<strong>Vormontierte Kugelumlaufspindeleinheit<\/strong><br \/>\nDieses Miniaturbauteil wurde f\u00fcr die Anwendung als Z-Achse in einer Druckmaschine hergestellt.[\/vc_column_text][vc_single_image image=&#8220;8790&#8243; img_size=&#8220;medium&#8220; onclick=&#8220;link_image&#8220;][vc_separator color=&#8220;black&#8220;][vc_column_text css=&#8220;&#8220;]<strong>G-Line<\/strong><br \/>\nDie G-Line ist eine Gleitf\u00fchrung und leitet sich von der bestehenden\u00a0<a href=\"https:\/\/vansichen.be\/de\/standardkomponenten-lineartechnik\/linearfuhrungen\/laufrollenfuhrungen\/w-line\/\">W-Line<\/a>\u00a0ab. Wo bei der W-Line Laufrollen \u00fcber die HIWIN-RG-Schienen laufen, werden bei der G-Line Gleitelemente eingesetzt.[\/vc_column_text][vc_single_image image=&#8220;20383&#8243; img_size=&#8220;medium&#8220; onclick=&#8220;link_image&#8220; css=&#8220;&#8220;][vc_row_inner css=&#8220;.vc_custom_1571396687313{padding-right: 15px !important;padding-left: 15px !important;}&#8220;][vc_column_inner width=&#8220;1\/4&#8243; css=&#8220;.vc_custom_1588933193846{padding-top: 12px !important;padding-right: 10px !important;padding-bottom: 12px !important;padding-left: 10px !important;background-color: #e6007e !important;}&#8220;][vc_custom_heading text=&#8220;MEHR LESEN&#8220; font_container=&#8220;tag:h3|font_size:20|text_align:center|color:%23ffffff&#8220; google_fonts=&#8220;font_family:Source%20Sans%20Pro%3A200%2C200italic%2C300%2C300italic%2Cregular%2Citalic%2C600%2C600italic%2C700%2C700italic%2C900%2C900italic|font_style:900%20bold%20regular%3A900%3Anormal&#8220; css_animation=&#8220;none&#8220; css=&#8220;.vc_custom_1776324310030{margin-top: 0px !important;margin-bottom: 0px !important;}&#8220; el_class=&#8220;brand-name&#8220; link=&#8220;url:https%3A%2F%2Fvansichen.be%2Fde%2Fstandardkomponenten-lineartechnik%2Flinearfuhrungen%2Flaufrollenfuhrungen%2Fg-line%2F|target:_blank&#8220;][\/vc_column_inner][\/vc_row_inner][\/vc_column][\/vc_row][vc_row][vc_column][vc_custom_heading text=&#8220;REALISIERUNGEN&#8220; font_container=&#8220;tag:h2|font_size:20px|text_align:left|color:%23e6007e&#8220; google_fonts=&#8220;font_family:Source%20Sans%20Pro%3A200%2C200italic%2C300%2C300italic%2Cregular%2Citalic%2C600%2C600italic%2C700%2C700italic%2C900%2C900italic|font_style:900%20bold%20regular%3A900%3Anormal&#8220;][vc_gallery type=&#8220;image_grid&#8220; images=&#8220;2909,2913,2917,2921,20391,20387&#8243; img_size=&#8220;full&#8220; css=&#8220;&#8220; el_class=&#8220;hover-gallery&#8220;][\/vc_column][\/vc_row]<\/p>\n<\/div>","protected":false},"excerpt":{"rendered":"<p>[vc_row][vc_column][vc_custom_heading text=&#8220;KUNDENSPEZIFISCHE KOMPONENTEN&#8220; font_container=&#8220;tag:h1|font_size:53px|text_align:left|color:%23e6007e&#8220; google_fonts=&#8220;font_family:Source%20Sans%20Pro%3A200%2C200italic%2C300%2C300italic%2Cregular%2Citalic%2C600%2C600italic%2C700%2C700italic%2C900%2C900italic|font_style:900%20bold%20regular%3A900%3Anormal&#8220;][\/vc_column][\/vc_row][vc_row][vc_column width=&#8220;2\/3&#8243;][vc_column_text css=&#8220;&#8220;]Kundenspezifische Komponenten und Baugruppen nach Ma\u00df geh\u00f6ren zu den Kernkompetenzen von Vansichen Linear Technology.<span class=\"excerpt-hellip\"> [\u2026]<\/span><\/p>\n","protected":false},"author":4,"featured_media":0,"parent":0,"menu_order":0,"comment_status":"closed","ping_status":"closed","template":"","meta":{"inline_featured_image":false,"footnotes":""},"class_list":["post-2906","page","type-page","status-publish","hentry"],"yoast_head":"<!-- This site is optimized with the Yoast SEO plugin v26.8 - https:\/\/yoast.com\/product\/yoast-seo-wordpress\/ -->\n<title>Kundenspezifische Komponenten - Vansichen Linear Technology<\/title>\n<meta name=\"description\" content=\"Vansichen Lineartechnik bietet kundenspezifische Komponenten, wenn Standardl\u00f6sungen nicht ausreichen. Mehr Infos auf unserer Website.\" \/>\n<meta name=\"robots\" content=\"index, follow, max-snippet:-1, max-image-preview:large, max-video-preview:-1\" \/>\n<link rel=\"canonical\" href=\"https:\/\/vansichen.be\/de\/kundenspezifische-komponenten\/\" \/>\n<meta property=\"og:locale\" content=\"de_DE\" \/>\n<meta property=\"og:type\" content=\"article\" \/>\n<meta property=\"og:title\" content=\"Kundenspezifische Komponenten - Vansichen Linear Technology\" \/>\n<meta property=\"og:description\" content=\"Vansichen Lineartechnik bietet kundenspezifische Komponenten, wenn Standardl\u00f6sungen nicht ausreichen. Mehr Infos auf unserer Website.\" \/>\n<meta property=\"og:url\" content=\"https:\/\/vansichen.be\/de\/kundenspezifische-komponenten\/\" \/>\n<meta property=\"og:site_name\" content=\"Vansichen Linear Technology\" \/>\n<meta property=\"article:modified_time\" content=\"2026-04-16T07:26:02+00:00\" \/>\n<meta name=\"twitter:card\" content=\"summary_large_image\" \/>\n<meta name=\"twitter:label1\" content=\"Gesch\u00e4tzte Lesezeit\" \/>\n\t<meta name=\"twitter:data1\" content=\"4\u00a0Minuten\" \/>\n<script type=\"application\/ld+json\" class=\"yoast-schema-graph\">{\"@context\":\"https:\/\/schema.org\",\"@graph\":[{\"@type\":\"WebPage\",\"@id\":\"https:\/\/vansichen.be\/de\/kundenspezifische-komponenten\/\",\"url\":\"https:\/\/vansichen.be\/de\/kundenspezifische-komponenten\/\",\"name\":\"Kundenspezifische Komponenten - Vansichen Linear Technology\",\"isPartOf\":{\"@id\":\"https:\/\/vansichen.be\/de\/#website\"},\"datePublished\":\"2020-05-04T17:45:14+00:00\",\"dateModified\":\"2026-04-16T07:26:02+00:00\",\"description\":\"Vansichen Lineartechnik bietet kundenspezifische Komponenten, wenn Standardl\u00f6sungen nicht ausreichen. Mehr Infos auf unserer Website.\",\"breadcrumb\":{\"@id\":\"https:\/\/vansichen.be\/de\/kundenspezifische-komponenten\/#breadcrumb\"},\"inLanguage\":\"de\",\"potentialAction\":[{\"@type\":\"ReadAction\",\"target\":[\"https:\/\/vansichen.be\/de\/kundenspezifische-komponenten\/\"]}]},{\"@type\":\"BreadcrumbList\",\"@id\":\"https:\/\/vansichen.be\/de\/kundenspezifische-komponenten\/#breadcrumb\",\"itemListElement\":[{\"@type\":\"ListItem\",\"position\":1,\"name\":\"Home\",\"item\":\"https:\/\/vansichen.be\/de\/\"},{\"@type\":\"ListItem\",\"position\":2,\"name\":\"Kundenspezifische Komponenten\"}]},{\"@type\":\"WebSite\",\"@id\":\"https:\/\/vansichen.be\/de\/#website\",\"url\":\"https:\/\/vansichen.be\/de\/\",\"name\":\"Vansichen Linear Technology\",\"description\":\"\",\"publisher\":{\"@id\":\"https:\/\/vansichen.be\/de\/#organization\"},\"potentialAction\":[{\"@type\":\"SearchAction\",\"target\":{\"@type\":\"EntryPoint\",\"urlTemplate\":\"https:\/\/vansichen.be\/de\/?s={search_term_string}\"},\"query-input\":{\"@type\":\"PropertyValueSpecification\",\"valueRequired\":true,\"valueName\":\"search_term_string\"}}],\"inLanguage\":\"de\"},{\"@type\":\"Organization\",\"@id\":\"https:\/\/vansichen.be\/de\/#organization\",\"name\":\"Vansichen Linear Technology\",\"url\":\"https:\/\/vansichen.be\/de\/\",\"logo\":{\"@type\":\"ImageObject\",\"inLanguage\":\"de\",\"@id\":\"https:\/\/vansichen.be\/de\/#\/schema\/logo\/image\/\",\"url\":\"https:\/\/vansichen.be\/wp-content\/uploads\/2020\/03\/Vansichen_home_2020_4.png\",\"contentUrl\":\"https:\/\/vansichen.be\/wp-content\/uploads\/2020\/03\/Vansichen_home_2020_4.png\",\"width\":260,\"height\":44,\"caption\":\"Vansichen Linear Technology\"},\"image\":{\"@id\":\"https:\/\/vansichen.be\/de\/#\/schema\/logo\/image\/\"}}]}<\/script>\n<!-- \/ Yoast SEO plugin. -->","yoast_head_json":{"title":"Kundenspezifische Komponenten - Vansichen Linear Technology","description":"Vansichen Lineartechnik bietet kundenspezifische Komponenten, wenn Standardl\u00f6sungen nicht ausreichen. Mehr Infos auf unserer Website.","robots":{"index":"index","follow":"follow","max-snippet":"max-snippet:-1","max-image-preview":"max-image-preview:large","max-video-preview":"max-video-preview:-1"},"canonical":"https:\/\/vansichen.be\/de\/kundenspezifische-komponenten\/","og_locale":"de_DE","og_type":"article","og_title":"Kundenspezifische Komponenten - Vansichen Linear Technology","og_description":"Vansichen Lineartechnik bietet kundenspezifische Komponenten, wenn Standardl\u00f6sungen nicht ausreichen. Mehr Infos auf unserer Website.","og_url":"https:\/\/vansichen.be\/de\/kundenspezifische-komponenten\/","og_site_name":"Vansichen Linear Technology","article_modified_time":"2026-04-16T07:26:02+00:00","twitter_card":"summary_large_image","twitter_misc":{"Gesch\u00e4tzte Lesezeit":"4\u00a0Minuten"},"schema":{"@context":"https:\/\/schema.org","@graph":[{"@type":"WebPage","@id":"https:\/\/vansichen.be\/de\/kundenspezifische-komponenten\/","url":"https:\/\/vansichen.be\/de\/kundenspezifische-komponenten\/","name":"Kundenspezifische Komponenten - Vansichen Linear Technology","isPartOf":{"@id":"https:\/\/vansichen.be\/de\/#website"},"datePublished":"2020-05-04T17:45:14+00:00","dateModified":"2026-04-16T07:26:02+00:00","description":"Vansichen Lineartechnik bietet kundenspezifische Komponenten, wenn Standardl\u00f6sungen nicht ausreichen. Mehr Infos auf unserer Website.","breadcrumb":{"@id":"https:\/\/vansichen.be\/de\/kundenspezifische-komponenten\/#breadcrumb"},"inLanguage":"de","potentialAction":[{"@type":"ReadAction","target":["https:\/\/vansichen.be\/de\/kundenspezifische-komponenten\/"]}]},{"@type":"BreadcrumbList","@id":"https:\/\/vansichen.be\/de\/kundenspezifische-komponenten\/#breadcrumb","itemListElement":[{"@type":"ListItem","position":1,"name":"Home","item":"https:\/\/vansichen.be\/de\/"},{"@type":"ListItem","position":2,"name":"Kundenspezifische Komponenten"}]},{"@type":"WebSite","@id":"https:\/\/vansichen.be\/de\/#website","url":"https:\/\/vansichen.be\/de\/","name":"Vansichen Linear Technology","description":"","publisher":{"@id":"https:\/\/vansichen.be\/de\/#organization"},"potentialAction":[{"@type":"SearchAction","target":{"@type":"EntryPoint","urlTemplate":"https:\/\/vansichen.be\/de\/?s={search_term_string}"},"query-input":{"@type":"PropertyValueSpecification","valueRequired":true,"valueName":"search_term_string"}}],"inLanguage":"de"},{"@type":"Organization","@id":"https:\/\/vansichen.be\/de\/#organization","name":"Vansichen Linear Technology","url":"https:\/\/vansichen.be\/de\/","logo":{"@type":"ImageObject","inLanguage":"de","@id":"https:\/\/vansichen.be\/de\/#\/schema\/logo\/image\/","url":"https:\/\/vansichen.be\/wp-content\/uploads\/2020\/03\/Vansichen_home_2020_4.png","contentUrl":"https:\/\/vansichen.be\/wp-content\/uploads\/2020\/03\/Vansichen_home_2020_4.png","width":260,"height":44,"caption":"Vansichen Linear Technology"},"image":{"@id":"https:\/\/vansichen.be\/de\/#\/schema\/logo\/image\/"}}]}},"_links":{"self":[{"href":"https:\/\/vansichen.be\/de\/wp-json\/wp\/v2\/pages\/2906","targetHints":{"allow":["GET"]}}],"collection":[{"href":"https:\/\/vansichen.be\/de\/wp-json\/wp\/v2\/pages"}],"about":[{"href":"https:\/\/vansichen.be\/de\/wp-json\/wp\/v2\/types\/page"}],"author":[{"embeddable":true,"href":"https:\/\/vansichen.be\/de\/wp-json\/wp\/v2\/users\/4"}],"replies":[{"embeddable":true,"href":"https:\/\/vansichen.be\/de\/wp-json\/wp\/v2\/comments?post=2906"}],"version-history":[{"count":7,"href":"https:\/\/vansichen.be\/de\/wp-json\/wp\/v2\/pages\/2906\/revisions"}],"predecessor-version":[{"id":20399,"href":"https:\/\/vansichen.be\/de\/wp-json\/wp\/v2\/pages\/2906\/revisions\/20399"}],"wp:attachment":[{"href":"https:\/\/vansichen.be\/de\/wp-json\/wp\/v2\/media?parent=2906"}],"curies":[{"name":"wp","href":"https:\/\/api.w.org\/{rel}","templated":true}]}}