{"id":300,"date":"2020-03-18T11:16:00","date_gmt":"2020-03-18T11:16:00","guid":{"rendered":"https:\/\/vansichen.be\/onderneming\/"},"modified":"2026-02-24T14:43:32","modified_gmt":"2026-02-24T14:43:32","slug":"uber-vansichen","status":"publish","type":"page","link":"https:\/\/vansichen.be\/de\/uber-vansichen\/","title":{"rendered":"\u00dcber uns"},"content":{"rendered":"<div class=\"wpb-content-wrapper\"><p>[vc_row][vc_column][vc_custom_heading text=&#8220;\u00dcBER UNS&#8220; font_container=&#8220;tag:h1|font_size:53px|text_align:left|color:%23e6007e&#8220; google_fonts=&#8220;font_family:Source%20Sans%20Pro%3A200%2C200italic%2C300%2C300italic%2Cregular%2Citalic%2C600%2C600italic%2C700%2C700italic%2C900%2C900italic|font_style:900%20bold%20regular%3A900%3Anormal&#8220;][\/vc_column][\/vc_row][vc_row][vc_column][vc_column_text]<strong>\u00dcber Vansichen Linear Technology<\/strong>[\/vc_column_text][\/vc_column][\/vc_row][vc_row][vc_column width=&#8220;2\/3&#8243;][vc_column_text]Vansichen Linear Technology wurde 1993 von dem heutigen Gesch\u00e4ftsf\u00fchrer Maxime Vansichen als Vansichen BVBA gegr\u00fcndet. Urspr\u00fcnglich begann der Einmannbetrieb auf Kommissionsbasis, eine Reihe deutscher Marken aus der Lineartechnik in Belgien und dem Gro\u00dfherzogtum Luxemburg zu vertreten. Mehr als ein Vierteljahrhundert sp\u00e4ter f\u00fchrt der Betrieb Vansichen Linear Technology BV selbstentworfene Produkte als Erg\u00e4nzung zum Sortiment von einer ganzen Reihe hochwertiger Marken, die er verbreitet. 1998 begann der Betrieb auch mit dem Entwurf der ersten Siebenachsen. Hieraus entwickelte sich ein umfangreiches Standardangebot und ausgefeilte Ma\u00dfarbeit von Verfahrachsen.<\/p>\n<p>Vansichen Linear Technology ist ein echter Familienbetrieb mit zwei aktiven Generationen. Heute z\u00e4hlt der in Hasselt (Limburg) niedergelassene Betrieb mehr als 20 Mitarbeiter. <a href=\"\/de\/kontakt\/\">Haben Sie eine Idee oder einen Aufbau im Sinn? Fordern Sie uns heraus!<\/a>[\/vc_column_text][\/vc_column][vc_column width=&#8220;1\/3&#8243;][vc_single_image image=&#8220;9184&#8243; img_size=&#8220;full&#8220; alignment=&#8220;right&#8220; onclick=&#8220;link_image&#8220;][\/vc_column][\/vc_row][vc_row][vc_column width=&#8220;2\/3&#8243;][vc_column_text]<strong>Wollen Sie mehr wissen? Dann schauen Sie sich unser Unternehmensvideo an!<\/strong>[\/vc_column_text][vc_video link=&#8220;https:\/\/youtu.be\/iNBW9SiQqj0?si=PYlcIZ4OkCUUZJpt&#8220; css=&#8220;&#8220;][\/vc_column][vc_column width=&#8220;1\/3&#8243;][\/vc_column][\/vc_row]<\/p>\n<\/div>","protected":false},"excerpt":{"rendered":"<p>[vc_row][vc_column][vc_custom_heading text=&#8220;\u00dcBER UNS&#8220; font_container=&#8220;tag:h1|font_size:53px|text_align:left|color:%23e6007e&#8220; google_fonts=&#8220;font_family:Source%20Sans%20Pro%3A200%2C200italic%2C300%2C300italic%2Cregular%2Citalic%2C600%2C600italic%2C700%2C700italic%2C900%2C900italic|font_style:900%20bold%20regular%3A900%3Anormal&#8220;][\/vc_column][\/vc_row][vc_row][vc_column][vc_column_text]\u00dcber Vansichen Linear Technology[\/vc_column_text][\/vc_column][\/vc_row][vc_row][vc_column width=&#8220;2\/3&#8243;][vc_column_text]Vansichen Linear Technology wurde 1993 von dem heutigen Gesch\u00e4ftsf\u00fchrer Maxime Vansichen als<span class=\"excerpt-hellip\"> [\u2026]<\/span><\/p>\n","protected":false},"author":3,"featured_media":0,"parent":0,"menu_order":0,"comment_status":"closed","ping_status":"closed","template":"","meta":{"inline_featured_image":false,"footnotes":""},"class_list":["post-300","page","type-page","status-publish","hentry"],"yoast_head":"<!-- This site is optimized with the Yoast SEO plugin v26.8 - https:\/\/yoast.com\/product\/yoast-seo-wordpress\/ -->\n<title>\u00dcber Vansichen Linear Technology - Vansichen Linear Technology<\/title>\n<meta name=\"description\" content=\"\u00dcber Vansichen Linear Technology. Vansichen Linear Technology wurde 1993 von dem heutigen Gesch\u00e4ftsf\u00fchrer Maxime Vansichen gegr\u00fcndet.\" \/>\n<meta name=\"robots\" content=\"index, follow, max-snippet:-1, max-image-preview:large, max-video-preview:-1\" \/>\n<link rel=\"canonical\" href=\"https:\/\/vansichen.be\/de\/uber-vansichen\/\" \/>\n<meta property=\"og:locale\" content=\"de_DE\" \/>\n<meta property=\"og:type\" content=\"article\" \/>\n<meta property=\"og:title\" content=\"\u00dcber Vansichen Linear Technology - Vansichen Linear Technology\" \/>\n<meta property=\"og:description\" content=\"\u00dcber Vansichen Linear Technology. Vansichen Linear Technology wurde 1993 von dem heutigen Gesch\u00e4ftsf\u00fchrer Maxime Vansichen gegr\u00fcndet.\" \/>\n<meta property=\"og:url\" content=\"https:\/\/vansichen.be\/de\/uber-vansichen\/\" \/>\n<meta property=\"og:site_name\" content=\"Vansichen Linear Technology\" \/>\n<meta property=\"article:modified_time\" content=\"2026-02-24T14:43:32+00:00\" \/>\n<meta name=\"twitter:card\" content=\"summary_large_image\" \/>\n<meta name=\"twitter:label1\" content=\"Gesch\u00e4tzte Lesezeit\" \/>\n\t<meta name=\"twitter:data1\" content=\"1\u00a0Minute\" \/>\n<script type=\"application\/ld+json\" class=\"yoast-schema-graph\">{\"@context\":\"https:\/\/schema.org\",\"@graph\":[{\"@type\":\"WebPage\",\"@id\":\"https:\/\/vansichen.be\/de\/uber-vansichen\/\",\"url\":\"https:\/\/vansichen.be\/de\/uber-vansichen\/\",\"name\":\"\u00dcber Vansichen Linear Technology - Vansichen Linear Technology\",\"isPartOf\":{\"@id\":\"https:\/\/vansichen.be\/de\/#website\"},\"datePublished\":\"2020-03-18T11:16:00+00:00\",\"dateModified\":\"2026-02-24T14:43:32+00:00\",\"description\":\"\u00dcber Vansichen Linear Technology. Vansichen Linear Technology wurde 1993 von dem heutigen Gesch\u00e4ftsf\u00fchrer Maxime Vansichen gegr\u00fcndet.\",\"breadcrumb\":{\"@id\":\"https:\/\/vansichen.be\/de\/uber-vansichen\/#breadcrumb\"},\"inLanguage\":\"de\",\"potentialAction\":[{\"@type\":\"ReadAction\",\"target\":[\"https:\/\/vansichen.be\/de\/uber-vansichen\/\"]}]},{\"@type\":\"BreadcrumbList\",\"@id\":\"https:\/\/vansichen.be\/de\/uber-vansichen\/#breadcrumb\",\"itemListElement\":[{\"@type\":\"ListItem\",\"position\":1,\"name\":\"Home\",\"item\":\"https:\/\/vansichen.be\/de\/\"},{\"@type\":\"ListItem\",\"position\":2,\"name\":\"\u00dcber uns\"}]},{\"@type\":\"WebSite\",\"@id\":\"https:\/\/vansichen.be\/de\/#website\",\"url\":\"https:\/\/vansichen.be\/de\/\",\"name\":\"Vansichen Linear Technology\",\"description\":\"\",\"publisher\":{\"@id\":\"https:\/\/vansichen.be\/de\/#organization\"},\"potentialAction\":[{\"@type\":\"SearchAction\",\"target\":{\"@type\":\"EntryPoint\",\"urlTemplate\":\"https:\/\/vansichen.be\/de\/?s={search_term_string}\"},\"query-input\":{\"@type\":\"PropertyValueSpecification\",\"valueRequired\":true,\"valueName\":\"search_term_string\"}}],\"inLanguage\":\"de\"},{\"@type\":\"Organization\",\"@id\":\"https:\/\/vansichen.be\/de\/#organization\",\"name\":\"Vansichen Linear Technology\",\"url\":\"https:\/\/vansichen.be\/de\/\",\"logo\":{\"@type\":\"ImageObject\",\"inLanguage\":\"de\",\"@id\":\"https:\/\/vansichen.be\/de\/#\/schema\/logo\/image\/\",\"url\":\"https:\/\/vansichen.be\/wp-content\/uploads\/2020\/03\/Vansichen_home_2020_4.png\",\"contentUrl\":\"https:\/\/vansichen.be\/wp-content\/uploads\/2020\/03\/Vansichen_home_2020_4.png\",\"width\":260,\"height\":44,\"caption\":\"Vansichen Linear Technology\"},\"image\":{\"@id\":\"https:\/\/vansichen.be\/de\/#\/schema\/logo\/image\/\"}}]}<\/script>\n<!-- \/ Yoast SEO plugin. -->","yoast_head_json":{"title":"\u00dcber Vansichen Linear Technology - Vansichen Linear Technology","description":"\u00dcber Vansichen Linear Technology. Vansichen Linear Technology wurde 1993 von dem heutigen Gesch\u00e4ftsf\u00fchrer Maxime Vansichen gegr\u00fcndet.","robots":{"index":"index","follow":"follow","max-snippet":"max-snippet:-1","max-image-preview":"max-image-preview:large","max-video-preview":"max-video-preview:-1"},"canonical":"https:\/\/vansichen.be\/de\/uber-vansichen\/","og_locale":"de_DE","og_type":"article","og_title":"\u00dcber Vansichen Linear Technology - Vansichen Linear Technology","og_description":"\u00dcber Vansichen Linear Technology. Vansichen Linear Technology wurde 1993 von dem heutigen Gesch\u00e4ftsf\u00fchrer Maxime Vansichen gegr\u00fcndet.","og_url":"https:\/\/vansichen.be\/de\/uber-vansichen\/","og_site_name":"Vansichen Linear Technology","article_modified_time":"2026-02-24T14:43:32+00:00","twitter_card":"summary_large_image","twitter_misc":{"Gesch\u00e4tzte Lesezeit":"1\u00a0Minute"},"schema":{"@context":"https:\/\/schema.org","@graph":[{"@type":"WebPage","@id":"https:\/\/vansichen.be\/de\/uber-vansichen\/","url":"https:\/\/vansichen.be\/de\/uber-vansichen\/","name":"\u00dcber Vansichen Linear Technology - Vansichen Linear Technology","isPartOf":{"@id":"https:\/\/vansichen.be\/de\/#website"},"datePublished":"2020-03-18T11:16:00+00:00","dateModified":"2026-02-24T14:43:32+00:00","description":"\u00dcber Vansichen Linear Technology. Vansichen Linear Technology wurde 1993 von dem heutigen Gesch\u00e4ftsf\u00fchrer Maxime Vansichen gegr\u00fcndet.","breadcrumb":{"@id":"https:\/\/vansichen.be\/de\/uber-vansichen\/#breadcrumb"},"inLanguage":"de","potentialAction":[{"@type":"ReadAction","target":["https:\/\/vansichen.be\/de\/uber-vansichen\/"]}]},{"@type":"BreadcrumbList","@id":"https:\/\/vansichen.be\/de\/uber-vansichen\/#breadcrumb","itemListElement":[{"@type":"ListItem","position":1,"name":"Home","item":"https:\/\/vansichen.be\/de\/"},{"@type":"ListItem","position":2,"name":"\u00dcber uns"}]},{"@type":"WebSite","@id":"https:\/\/vansichen.be\/de\/#website","url":"https:\/\/vansichen.be\/de\/","name":"Vansichen Linear Technology","description":"","publisher":{"@id":"https:\/\/vansichen.be\/de\/#organization"},"potentialAction":[{"@type":"SearchAction","target":{"@type":"EntryPoint","urlTemplate":"https:\/\/vansichen.be\/de\/?s={search_term_string}"},"query-input":{"@type":"PropertyValueSpecification","valueRequired":true,"valueName":"search_term_string"}}],"inLanguage":"de"},{"@type":"Organization","@id":"https:\/\/vansichen.be\/de\/#organization","name":"Vansichen Linear Technology","url":"https:\/\/vansichen.be\/de\/","logo":{"@type":"ImageObject","inLanguage":"de","@id":"https:\/\/vansichen.be\/de\/#\/schema\/logo\/image\/","url":"https:\/\/vansichen.be\/wp-content\/uploads\/2020\/03\/Vansichen_home_2020_4.png","contentUrl":"https:\/\/vansichen.be\/wp-content\/uploads\/2020\/03\/Vansichen_home_2020_4.png","width":260,"height":44,"caption":"Vansichen Linear Technology"},"image":{"@id":"https:\/\/vansichen.be\/de\/#\/schema\/logo\/image\/"}}]}},"_links":{"self":[{"href":"https:\/\/vansichen.be\/de\/wp-json\/wp\/v2\/pages\/300","targetHints":{"allow":["GET"]}}],"collection":[{"href":"https:\/\/vansichen.be\/de\/wp-json\/wp\/v2\/pages"}],"about":[{"href":"https:\/\/vansichen.be\/de\/wp-json\/wp\/v2\/types\/page"}],"author":[{"embeddable":true,"href":"https:\/\/vansichen.be\/de\/wp-json\/wp\/v2\/users\/3"}],"replies":[{"embeddable":true,"href":"https:\/\/vansichen.be\/de\/wp-json\/wp\/v2\/comments?post=300"}],"version-history":[{"count":7,"href":"https:\/\/vansichen.be\/de\/wp-json\/wp\/v2\/pages\/300\/revisions"}],"predecessor-version":[{"id":20101,"href":"https:\/\/vansichen.be\/de\/wp-json\/wp\/v2\/pages\/300\/revisions\/20101"}],"wp:attachment":[{"href":"https:\/\/vansichen.be\/de\/wp-json\/wp\/v2\/media?parent=300"}],"curies":[{"name":"wp","href":"https:\/\/api.w.org\/{rel}","templated":true}]}}