{"id":3179,"date":"2020-05-06T12:45:00","date_gmt":"2020-05-06T12:45:00","guid":{"rendered":"https:\/\/vansichen.be\/?page_id=3179"},"modified":"2026-03-05T15:17:47","modified_gmt":"2026-03-05T15:17:47","slug":"teleskopschienen","status":"publish","type":"page","link":"https:\/\/vansichen.be\/de\/standardkomponenten-lineartechnik\/linearfuhrungen\/teleskopschienen\/","title":{"rendered":"Teleskopschienen"},"content":{"rendered":"<div class=\"wpb-content-wrapper\"><p>[vc_row][vc_column][vc_custom_heading text=&#8220;TELESKOPSCHIENEN&#8220; font_container=&#8220;tag:h1|font_size:53px|text_align:left|color:%23e6007e&#8220; google_fonts=&#8220;font_family:Source%20Sans%20Pro%3A200%2C200italic%2C300%2C300italic%2Cregular%2Citalic%2C600%2C600italic%2C700%2C700italic%2C900%2C900italic|font_style:900%20bold%20regular%3A900%3Anormal&#8220;][vc_column_text]Die Teleskopschienen haben aufgrund ihrer induktiv geh\u00e4rteten Lauffl\u00e4chen optimale Laufeigenschaften. Selbst bei maximaler Belastung im voll ausgefahrenen Zustand weisen die F\u00fchrungen nur eine leichte Durchbiegung auf.[\/vc_column_text][vc_gallery type=&#8220;image_grid&#8220; images=&#8220;3278,3282,11517,11521&#8243; img_size=&#8220;full&#8220; el_class=&#8220;hover-gallery&#8220;][\/vc_column][\/vc_row][vc_row][vc_column width=&#8220;2\/3&#8243;][vc_column_text]<\/p>\n<h4 style=\"font-size: 20px;\"><span style=\"color: #e6007e;\"><strong>MERKMALE<\/strong><\/span><\/h4>\n<ul>\n<li>F\u00fcr intensive Nutzung in industriellen Anwendungen<\/li>\n<li>5 Baugr\u00f6\u00dfen: 22, 28, 35, 43 und 63\u00a0mm<\/li>\n<li>Steifes Zwischenelement in S-Form oder als Doppel-T-Ausf\u00fchrung<\/li>\n<li>Voll- und Halbteleskopisch bis zu 2\u00a0m Hubl\u00e4nge<\/li>\n<li>Extra schwere Teleskopf\u00fchrungen f\u00fcr Belastungen bis zu 20\u00a0kN pro Schiene<\/li>\n<li>Auf Anfrage um mehr als 100\u00a0% verl\u00e4ngerbar<\/li>\n<li>In verschmutzten Umgebungen wird die Verwendung von Laufrollen empfohlen.<\/li>\n<li>Die mechanischen Anschl\u00e4ge an den F\u00fchrungen d\u00fcrfen NICHT als Anschlag der Maschine verwendet werden.<\/li>\n<\/ul>\n<h4 style=\"font-size: 20px;\"><span style=\"color: #e6007e;\"><strong>ROLLON<\/strong><\/span><\/h4>\n<p>Rollon verf\u00fcgt \u00fcber ein gro\u00dfes Programm an Teleskopf\u00fchrungen:<\/p>\n<ul>\n<li><strong>Telescopic Rail:<\/strong> Teleskopschienen f\u00fcr gro\u00dfe L\u00e4ngen, schwere Lasten und kleine Durchbiegungen.<\/li>\n<li><strong>Light Rail:<\/strong> Blechteleskopschienen f\u00fcr einfache Anwendungen.<\/li>\n<li><strong>Hegra Rail:<\/strong> auch in Stahl m\u00f6glich.<\/li>\n<li><strong>Telerace:<\/strong> Auf Basis von Laufrollen.<\/li>\n<\/ul>\n<p>[\/vc_column_text][\/vc_column][vc_column width=&#8220;1\/3&#8243;][vc_widget_sidebar sidebar_id=&#8220;top-area-1&#8243;][\/vc_column][\/vc_row][vc_row][vc_column][vc_custom_heading text=&#8220;PARTNER&#8220; font_container=&#8220;tag:h2|font_size:20px|text_align:left|color:%23e6007e&#8220; google_fonts=&#8220;font_family:Source%20Sans%20Pro%3A200%2C200italic%2C300%2C300italic%2Cregular%2Citalic%2C600%2C600italic%2C700%2C700italic%2C900%2C900italic|font_style:900%20bold%20regular%3A900%3Anormal&#8220;][\/vc_column][\/vc_row][vc_row el_class=&#8220;partners&#8220;][vc_column width=&#8220;1\/4&#8243;][vc_single_image image=&#8220;10046&#8243; img_size=&#8220;full&#8220; onclick=&#8220;custom_link&#8220; img_link_target=&#8220;_blank&#8220; link=&#8220;https:\/\/www.rollon.com\/DE\/de\/&#8220;][\/vc_column][vc_column width=&#8220;1\/4&#8243;][\/vc_column][vc_column width=&#8220;1\/4&#8243;][\/vc_column][vc_column width=&#8220;1\/4&#8243;][\/vc_column][\/vc_row][vc_row el_class=&#8220;links&#8220;][vc_column][vc_custom_heading text=&#8220;LINKS&#8220; font_container=&#8220;tag:h2|font_size:20px|text_align:left|color:%23e6007e&#8220; google_fonts=&#8220;font_family:Source%20Sans%20Pro%3A200%2C200italic%2C300%2C300italic%2Cregular%2Citalic%2C600%2C600italic%2C700%2C700italic%2C900%2C900italic|font_style:900%20bold%20regular%3A900%3Anormal&#8220;][vc_column_text]<a href=\"https:\/\/rollon.partcommunity.com\/3d-cad-models\/rollon?info=rollon&amp;cwid=3479\" target=\"_blank\" rel=\"noopener noreferrer\">3D-CAD ROLLON<\/a>[\/vc_column_text][\/vc_column][\/vc_row][vc_row el_class=&#8220;downloads&#8220;][vc_column][vc_custom_heading text=&#8220;DOWNLOADS&#8220; font_container=&#8220;tag:h2|font_size:20px|text_align:left|color:%23e6007e&#8220; google_fonts=&#8220;font_family:Source%20Sans%20Pro%3A200%2C200italic%2C300%2C300italic%2Cregular%2Citalic%2C600%2C600italic%2C700%2C700italic%2C900%2C900italic|font_style:900%20bold%20regular%3A900%3Anormal&#8220;][vc_column_text css=&#8220;&#8220;]<a href=\"https:\/\/vansichen.be\/wp-content\/uploads\/2026\/03\/Rollon-Light-rail-2026.pdf\" target=\"_blank\" rel=\"noopener noreferrer\">Katalog Light Rail<\/a><br \/>\n<a href=\"https:\/\/vansichen.be\/wp-content\/uploads\/2021\/04\/Rollon-catalogus-telescopic-line-DE.pdf\" target=\"_blank\" rel=\"noopener noreferrer\">Katalog Telescopic Rail<\/a><br \/>\n<a href=\"https:\/\/vansichen.be\/wp-content\/uploads\/2021\/04\/Rollon-catalogus-Hegra-DE.pdf\" target=\"_blank\" rel=\"noopener noreferrer\">Katalog Hegra Rail<\/a><br \/>\n<a href=\"https:\/\/vansichen.be\/wp-content\/uploads\/2021\/04\/Rollon-catalogus-telerace-DE.pdf\" target=\"_blank\" rel=\"noopener noreferrer\">Katalog Telerace<\/a><br \/>\n<a href=\"\/wp-content\/uploads\/2023\/06\/Telescopische-geleidingen-CC-2023.pdf\" target=\"_blank\" rel=\"noopener noreferrer\">Compact Katalog Vansichen &#8211; Teleskopschienen<\/a>[\/vc_column_text][\/vc_column][\/vc_row]<\/p>\n<\/div>","protected":false},"excerpt":{"rendered":"<p>[vc_row][vc_column][vc_custom_heading text=&#8220;TELESKOPSCHIENEN&#8220; font_container=&#8220;tag:h1|font_size:53px|text_align:left|color:%23e6007e&#8220; google_fonts=&#8220;font_family:Source%20Sans%20Pro%3A200%2C200italic%2C300%2C300italic%2Cregular%2Citalic%2C600%2C600italic%2C700%2C700italic%2C900%2C900italic|font_style:900%20bold%20regular%3A900%3Anormal&#8220;][vc_column_text]Die Teleskopschienen haben aufgrund ihrer induktiv geh\u00e4rteten Lauffl\u00e4chen optimale Laufeigenschaften. Selbst bei maximaler Belastung im voll ausgefahrenen<span class=\"excerpt-hellip\"> [\u2026]<\/span><\/p>\n","protected":false},"author":4,"featured_media":0,"parent":1873,"menu_order":0,"comment_status":"closed","ping_status":"closed","template":"","meta":{"inline_featured_image":false,"footnotes":""},"class_list":["post-3179","page","type-page","status-publish","hentry"],"yoast_head":"<!-- This site is optimized with the Yoast SEO plugin v26.8 - https:\/\/yoast.com\/product\/yoast-seo-wordpress\/ -->\n<title>Teleskopschienen - Linearf\u00fchrungen - Vansichen Linear Technology<\/title>\n<meta name=\"description\" content=\"Die Teleskopschienen haben aufgrund ihrer induktiv geh\u00e4rteten Lauffl\u00e4chen optimale Laufeigenschaften. Lesen Sie hier mehr.\" \/>\n<meta name=\"robots\" content=\"index, follow, max-snippet:-1, max-image-preview:large, max-video-preview:-1\" \/>\n<link rel=\"canonical\" href=\"https:\/\/vansichen.be\/de\/standardkomponenten-lineartechnik\/linearfuhrungen\/teleskopschienen\/\" \/>\n<meta property=\"og:locale\" content=\"de_DE\" \/>\n<meta property=\"og:type\" content=\"article\" \/>\n<meta property=\"og:title\" content=\"Teleskopschienen - Linearf\u00fchrungen - Vansichen Linear Technology\" \/>\n<meta property=\"og:description\" content=\"Die Teleskopschienen haben aufgrund ihrer induktiv geh\u00e4rteten Lauffl\u00e4chen optimale Laufeigenschaften. Lesen Sie hier mehr.\" \/>\n<meta property=\"og:url\" content=\"https:\/\/vansichen.be\/de\/standardkomponenten-lineartechnik\/linearfuhrungen\/teleskopschienen\/\" \/>\n<meta property=\"og:site_name\" content=\"Vansichen Linear Technology\" \/>\n<meta property=\"article:modified_time\" content=\"2026-03-05T15:17:47+00:00\" \/>\n<meta name=\"twitter:card\" content=\"summary_large_image\" \/>\n<meta name=\"twitter:label1\" content=\"Gesch\u00e4tzte Lesezeit\" \/>\n\t<meta name=\"twitter:data1\" content=\"2\u00a0Minuten\" \/>\n<script type=\"application\/ld+json\" class=\"yoast-schema-graph\">{\"@context\":\"https:\/\/schema.org\",\"@graph\":[{\"@type\":\"WebPage\",\"@id\":\"https:\/\/vansichen.be\/de\/standardkomponenten-lineartechnik\/linearfuhrungen\/teleskopschienen\/\",\"url\":\"https:\/\/vansichen.be\/de\/standardkomponenten-lineartechnik\/linearfuhrungen\/teleskopschienen\/\",\"name\":\"Teleskopschienen - Linearf\u00fchrungen - Vansichen Linear Technology\",\"isPartOf\":{\"@id\":\"https:\/\/vansichen.be\/de\/#website\"},\"datePublished\":\"2020-05-06T12:45:00+00:00\",\"dateModified\":\"2026-03-05T15:17:47+00:00\",\"description\":\"Die Teleskopschienen haben aufgrund ihrer induktiv geh\u00e4rteten Lauffl\u00e4chen optimale Laufeigenschaften. Lesen Sie hier mehr.\",\"breadcrumb\":{\"@id\":\"https:\/\/vansichen.be\/de\/standardkomponenten-lineartechnik\/linearfuhrungen\/teleskopschienen\/#breadcrumb\"},\"inLanguage\":\"de\",\"potentialAction\":[{\"@type\":\"ReadAction\",\"target\":[\"https:\/\/vansichen.be\/de\/standardkomponenten-lineartechnik\/linearfuhrungen\/teleskopschienen\/\"]}]},{\"@type\":\"BreadcrumbList\",\"@id\":\"https:\/\/vansichen.be\/de\/standardkomponenten-lineartechnik\/linearfuhrungen\/teleskopschienen\/#breadcrumb\",\"itemListElement\":[{\"@type\":\"ListItem\",\"position\":1,\"name\":\"Home\",\"item\":\"https:\/\/vansichen.be\/de\/\"},{\"@type\":\"ListItem\",\"position\":2,\"name\":\"Standardkomponenten f\u00fcr Lineartechnik\",\"item\":\"https:\/\/vansichen.be\/de\/standardkomponenten-lineartechnik\/\"},{\"@type\":\"ListItem\",\"position\":3,\"name\":\"Linearf\u00fchrungen\",\"item\":\"https:\/\/vansichen.be\/de\/standardkomponenten-lineartechnik\/linearfuhrungen\/\"},{\"@type\":\"ListItem\",\"position\":4,\"name\":\"Teleskopschienen\"}]},{\"@type\":\"WebSite\",\"@id\":\"https:\/\/vansichen.be\/de\/#website\",\"url\":\"https:\/\/vansichen.be\/de\/\",\"name\":\"Vansichen Linear Technology\",\"description\":\"\",\"publisher\":{\"@id\":\"https:\/\/vansichen.be\/de\/#organization\"},\"potentialAction\":[{\"@type\":\"SearchAction\",\"target\":{\"@type\":\"EntryPoint\",\"urlTemplate\":\"https:\/\/vansichen.be\/de\/?s={search_term_string}\"},\"query-input\":{\"@type\":\"PropertyValueSpecification\",\"valueRequired\":true,\"valueName\":\"search_term_string\"}}],\"inLanguage\":\"de\"},{\"@type\":\"Organization\",\"@id\":\"https:\/\/vansichen.be\/de\/#organization\",\"name\":\"Vansichen Linear Technology\",\"url\":\"https:\/\/vansichen.be\/de\/\",\"logo\":{\"@type\":\"ImageObject\",\"inLanguage\":\"de\",\"@id\":\"https:\/\/vansichen.be\/de\/#\/schema\/logo\/image\/\",\"url\":\"https:\/\/vansichen.be\/wp-content\/uploads\/2020\/03\/Vansichen_home_2020_4.png\",\"contentUrl\":\"https:\/\/vansichen.be\/wp-content\/uploads\/2020\/03\/Vansichen_home_2020_4.png\",\"width\":260,\"height\":44,\"caption\":\"Vansichen Linear Technology\"},\"image\":{\"@id\":\"https:\/\/vansichen.be\/de\/#\/schema\/logo\/image\/\"}}]}<\/script>\n<!-- \/ Yoast SEO plugin. -->","yoast_head_json":{"title":"Teleskopschienen - Linearf\u00fchrungen - Vansichen Linear Technology","description":"Die Teleskopschienen haben aufgrund ihrer induktiv geh\u00e4rteten Lauffl\u00e4chen optimale Laufeigenschaften. Lesen Sie hier mehr.","robots":{"index":"index","follow":"follow","max-snippet":"max-snippet:-1","max-image-preview":"max-image-preview:large","max-video-preview":"max-video-preview:-1"},"canonical":"https:\/\/vansichen.be\/de\/standardkomponenten-lineartechnik\/linearfuhrungen\/teleskopschienen\/","og_locale":"de_DE","og_type":"article","og_title":"Teleskopschienen - Linearf\u00fchrungen - Vansichen Linear Technology","og_description":"Die Teleskopschienen haben aufgrund ihrer induktiv geh\u00e4rteten Lauffl\u00e4chen optimale Laufeigenschaften. Lesen Sie hier mehr.","og_url":"https:\/\/vansichen.be\/de\/standardkomponenten-lineartechnik\/linearfuhrungen\/teleskopschienen\/","og_site_name":"Vansichen Linear Technology","article_modified_time":"2026-03-05T15:17:47+00:00","twitter_card":"summary_large_image","twitter_misc":{"Gesch\u00e4tzte Lesezeit":"2\u00a0Minuten"},"schema":{"@context":"https:\/\/schema.org","@graph":[{"@type":"WebPage","@id":"https:\/\/vansichen.be\/de\/standardkomponenten-lineartechnik\/linearfuhrungen\/teleskopschienen\/","url":"https:\/\/vansichen.be\/de\/standardkomponenten-lineartechnik\/linearfuhrungen\/teleskopschienen\/","name":"Teleskopschienen - Linearf\u00fchrungen - Vansichen Linear Technology","isPartOf":{"@id":"https:\/\/vansichen.be\/de\/#website"},"datePublished":"2020-05-06T12:45:00+00:00","dateModified":"2026-03-05T15:17:47+00:00","description":"Die Teleskopschienen haben aufgrund ihrer induktiv geh\u00e4rteten Lauffl\u00e4chen optimale Laufeigenschaften. Lesen Sie hier mehr.","breadcrumb":{"@id":"https:\/\/vansichen.be\/de\/standardkomponenten-lineartechnik\/linearfuhrungen\/teleskopschienen\/#breadcrumb"},"inLanguage":"de","potentialAction":[{"@type":"ReadAction","target":["https:\/\/vansichen.be\/de\/standardkomponenten-lineartechnik\/linearfuhrungen\/teleskopschienen\/"]}]},{"@type":"BreadcrumbList","@id":"https:\/\/vansichen.be\/de\/standardkomponenten-lineartechnik\/linearfuhrungen\/teleskopschienen\/#breadcrumb","itemListElement":[{"@type":"ListItem","position":1,"name":"Home","item":"https:\/\/vansichen.be\/de\/"},{"@type":"ListItem","position":2,"name":"Standardkomponenten f\u00fcr Lineartechnik","item":"https:\/\/vansichen.be\/de\/standardkomponenten-lineartechnik\/"},{"@type":"ListItem","position":3,"name":"Linearf\u00fchrungen","item":"https:\/\/vansichen.be\/de\/standardkomponenten-lineartechnik\/linearfuhrungen\/"},{"@type":"ListItem","position":4,"name":"Teleskopschienen"}]},{"@type":"WebSite","@id":"https:\/\/vansichen.be\/de\/#website","url":"https:\/\/vansichen.be\/de\/","name":"Vansichen Linear Technology","description":"","publisher":{"@id":"https:\/\/vansichen.be\/de\/#organization"},"potentialAction":[{"@type":"SearchAction","target":{"@type":"EntryPoint","urlTemplate":"https:\/\/vansichen.be\/de\/?s={search_term_string}"},"query-input":{"@type":"PropertyValueSpecification","valueRequired":true,"valueName":"search_term_string"}}],"inLanguage":"de"},{"@type":"Organization","@id":"https:\/\/vansichen.be\/de\/#organization","name":"Vansichen Linear Technology","url":"https:\/\/vansichen.be\/de\/","logo":{"@type":"ImageObject","inLanguage":"de","@id":"https:\/\/vansichen.be\/de\/#\/schema\/logo\/image\/","url":"https:\/\/vansichen.be\/wp-content\/uploads\/2020\/03\/Vansichen_home_2020_4.png","contentUrl":"https:\/\/vansichen.be\/wp-content\/uploads\/2020\/03\/Vansichen_home_2020_4.png","width":260,"height":44,"caption":"Vansichen Linear Technology"},"image":{"@id":"https:\/\/vansichen.be\/de\/#\/schema\/logo\/image\/"}}]}},"_links":{"self":[{"href":"https:\/\/vansichen.be\/de\/wp-json\/wp\/v2\/pages\/3179","targetHints":{"allow":["GET"]}}],"collection":[{"href":"https:\/\/vansichen.be\/de\/wp-json\/wp\/v2\/pages"}],"about":[{"href":"https:\/\/vansichen.be\/de\/wp-json\/wp\/v2\/types\/page"}],"author":[{"embeddable":true,"href":"https:\/\/vansichen.be\/de\/wp-json\/wp\/v2\/users\/4"}],"replies":[{"embeddable":true,"href":"https:\/\/vansichen.be\/de\/wp-json\/wp\/v2\/comments?post=3179"}],"version-history":[{"count":8,"href":"https:\/\/vansichen.be\/de\/wp-json\/wp\/v2\/pages\/3179\/revisions"}],"predecessor-version":[{"id":20122,"href":"https:\/\/vansichen.be\/de\/wp-json\/wp\/v2\/pages\/3179\/revisions\/20122"}],"up":[{"embeddable":true,"href":"https:\/\/vansichen.be\/de\/wp-json\/wp\/v2\/pages\/1873"}],"wp:attachment":[{"href":"https:\/\/vansichen.be\/de\/wp-json\/wp\/v2\/media?parent=3179"}],"curies":[{"name":"wp","href":"https:\/\/api.w.org\/{rel}","templated":true}]}}