{"id":3798,"date":"2020-05-07T14:52:14","date_gmt":"2020-05-07T14:52:14","guid":{"rendered":"https:\/\/vansichen.be\/?page_id=3798"},"modified":"2024-07-18T13:23:07","modified_gmt":"2024-07-18T13:23:07","slug":"zahnstangen-und-zahnradern","status":"publish","type":"page","link":"https:\/\/vansichen.be\/de\/standardkomponenten-lineartechnik\/antriebselemente\/zahnstangen-und-zahnradern\/","title":{"rendered":"Zahnstangen und zahnr\u00e4dern"},"content":{"rendered":"<div class=\"wpb-content-wrapper\"><p>[vc_row][vc_column][vc_custom_heading text=&#8220;ZAHNSTANGEN UND ZAHNR\u00c4DERN&#8220; font_container=&#8220;tag:h1|font_size:53px|text_align:left|color:%23e6007e&#8220; google_fonts=&#8220;font_family:Source%20Sans%20Pro%3A200%2C200italic%2C300%2C300italic%2Cregular%2Citalic%2C600%2C600italic%2C700%2C700italic%2C900%2C900italic|font_style:900%20bold%20regular%3A900%3Anormal&#8220;][vc_column_text]Atlanta verf\u00fcgt \u00fcber ein komplettes Sortiment an Zahnstangen und Zahnr\u00e4dern in sowohl schr\u00e4g als auch gerade verzahnten Ausf\u00fchrungen.[\/vc_column_text][vc_gallery type=&#8220;image_grid&#8220; images=&#8220;3833,17645,17649,17653&#8243; img_size=&#8220;full&#8220; el_class=&#8220;hover-gallery&#8220;][\/vc_column][\/vc_row][vc_row][vc_column width=&#8220;2\/3&#8243;][vc_column_text]<\/p>\n<h4><span style=\"color: #e6007e;\"><strong>SCHR\u00c4G VERZAHNTE ZAHNSTANGEN<\/strong><\/span><\/h4>\n<ul>\n<li>Diese Zahnstangen sind in einem Winkel von 19\u00b0\u00a031\u2032\u00a042\u2033 schr\u00e4gverzahnt. Daher ist die Teilung eine gerundete Zahl (z.\u00a0B: 10\u00a0mm). Dies gilt auch f\u00fcr das Lochmuster der Befestigungsl\u00f6cher.<\/li>\n<li>Der Modul dieser Zahnstangen kann von 2 bis 12 variieren.<\/li>\n<li>Die Zahnstangen sind in verschiedenen Materialien und mit speziellen Behandlungen erh\u00e4ltlich, wie z.\u00a0B.: weich, geh\u00e4rtet und verg\u00fctet, induktiv geh\u00e4rtet, einsatzgeh\u00e4rtet oder geschliffen.<\/li>\n<li>Die Z\u00e4hne der Zahnstangen k\u00f6nnen mit verschiedenen Genauigkeiten gefertigt werden.<\/li>\n<li>Die Standardl\u00e4ngen der Zahnstangen sind 1000\u00a0mm und 2000\u00a0mm.<\/li>\n<li>Die Zahnstangen k\u00f6nnen mit und ohne Befestigungsbohrungen geliefert werden.<\/li>\n<li>Sonderl\u00e4ngen k\u00f6nnen auf Anfrage gefertigt werden.<\/li>\n<\/ul>\n<h4><span style=\"color: #e6007e;\"><strong>GERADE VERZAHNTE ZAHNSTANGEN<\/strong><\/span><\/h4>\n<ul>\n<li>Der Modul dieser Zahnstangen kann von 1 bis 12 variieren. Die Zwischenabst\u00e4nde des Lochmusters f\u00fcr die Befestigungsl\u00f6cher sind ein Vielfaches von \u03c0.<\/li>\n<li>Die Zahnstangen sind in verschiedenen Materialien und mit speziellen Behandlungen erh\u00e4ltlich, wie z.\u00a0B.: weich, geh\u00e4rtet und verg\u00fctet, induktiv geh\u00e4rtet, einsatzgeh\u00e4rtet, geschliffen, rostfrei oder Kunststoff.<\/li>\n<li>Die Z\u00e4hne der Zahnstangen k\u00f6nnen mit verschiedenen Toleranzen gefertigt werden.<\/li>\n<li>Die Standardl\u00e4ngen der Zahnstangen sind 1005.3\u00a0mm und 2010.62\u00a0mm.<\/li>\n<li>Die Zahnstangen k\u00f6nnen mit und ohne Befestigungsbohrungen geliefert werden.<\/li>\n<li>Sonderl\u00e4ngen k\u00f6nnen auf Anfrage gefertigt werden.<\/li>\n<\/ul>\n<h4><span style=\"color: #e6007e;\"><strong>SCHR\u00c4G VERZAHNTE ZAHNR\u00c4DER<\/strong><\/span><\/h4>\n<ul>\n<li>Diese Zahnr\u00e4der sind in einem Winkel von 19\u00b0\u00a031\u2032\u00a042\u2033 schr\u00e4gverzahnt. Daher ist der zur\u00fcckgelegte Weg eine gerundete Zahl (z.\u00a0B. Modul 3 x 20 Z\u00e4hne ergibt bei 1 Umdrehung eine lineare Verschiebung von 200\u00a0mm).<\/li>\n<li>Der Modul dieser Zahnr\u00e4der kann von 1,5 bis 12 variieren.<\/li>\n<li>Die Zahnr\u00e4der sind in verschiedenen Materialien und mit speziellen Behandlungen erh\u00e4ltlich, wie z.\u00a0B.: weich, geh\u00e4rtet oder geschliffen.<\/li>\n<li>Die Z\u00e4hne der Zahnr\u00e4der k\u00f6nnen mit verschiedenen Toleranzen gefertigt werden.<\/li>\n<li>Es gibt verschiedene Ausf\u00fchrungen von Zahnr\u00e4dern: Zahnr\u00e4der mit Passfederverbindung, Zahnr\u00e4der mit Flansch usw.<\/li>\n<\/ul>\n<h4><span style=\"color: #e6007e;\"><strong>GERADE VERZAHNTE ZAHNR\u00c4DER<\/strong><\/span><\/h4>\n<ul>\n<li>Der Modul dieser Zahnr\u00e4der kann von 1 bis 12 variieren.<\/li>\n<li>Die Zahnr\u00e4der sind in verschiedenen Materialien und mit speziellen Behandlungen erh\u00e4ltlich, wie z.\u00a0B.: weich, geh\u00e4rtet, rostfrei, geschliffen oder Kunststoff.<\/li>\n<li>Die Z\u00e4hne der Zahnr\u00e4der k\u00f6nnen mit verschiedenen Toleranzen gefertigt werden.<\/li>\n<li>Es gibt verschiedene Ausf\u00fchrungen von Zahnr\u00e4dern: Zahnr\u00e4der mit Passfederverbindung, Zahnr\u00e4der mit Flansch usw.<\/li>\n<\/ul>\n<p>[\/vc_column_text][\/vc_column][vc_column width=&#8220;1\/3&#8243;][vc_widget_sidebar sidebar_id=&#8220;top-area-1&#8243;][\/vc_column][\/vc_row][vc_row][vc_column][vc_custom_heading text=&#8220;PARTNER&#8220; font_container=&#8220;tag:h2|font_size:20px|text_align:left|color:%23e6007e&#8220; google_fonts=&#8220;font_family:Source%20Sans%20Pro%3A200%2C200italic%2C300%2C300italic%2Cregular%2Citalic%2C600%2C600italic%2C700%2C700italic%2C900%2C900italic|font_style:900%20bold%20regular%3A900%3Anormal&#8220;][\/vc_column][\/vc_row][vc_row el_class=&#8220;partners&#8220;][vc_column width=&#8220;1\/4&#8243;][vc_single_image image=&#8220;3845&#8243; img_size=&#8220;full&#8220; onclick=&#8220;custom_link&#8220; img_link_target=&#8220;_blank&#8220; link=&#8220;https:\/\/atlantagmbh.de\/&#8220;][\/vc_column][vc_column width=&#8220;1\/4&#8243;][\/vc_column][vc_column width=&#8220;1\/4&#8243;][\/vc_column][vc_column width=&#8220;1\/4&#8243;][\/vc_column][\/vc_row][vc_row el_class=&#8220;links&#8220;][vc_column][vc_custom_heading text=&#8220;LINKS&#8220; font_container=&#8220;tag:h2|font_size:20px|text_align:left|color:%23e6007e&#8220; google_fonts=&#8220;font_family:Source%20Sans%20Pro%3A200%2C200italic%2C300%2C300italic%2Cregular%2Citalic%2C600%2C600italic%2C700%2C700italic%2C900%2C900italic|font_style:900%20bold%20regular%3A900%3Anormal&#8220;][vc_column_text]<a href=\"https:\/\/www.traceparts.com\/els\/atlanta\/nl\/search\/atlanta?CatalogPath=ATLANTA%3AF_ATLANTA\" target=\"_blank\" rel=\"noopener noreferrer\">3D-CAD ATLANTA<\/a>[\/vc_column_text][\/vc_column][\/vc_row][vc_row el_class=&#8220;downloads&#8220;][vc_column][vc_custom_heading text=&#8220;DOWNLOADS&#8220; font_container=&#8220;tag:h2|font_size:20px|text_align:left|color:%23e6007e&#8220; google_fonts=&#8220;font_family:Source%20Sans%20Pro%3A200%2C200italic%2C300%2C300italic%2Cregular%2Citalic%2C600%2C600italic%2C700%2C700italic%2C900%2C900italic|font_style:900%20bold%20regular%3A900%3Anormal&#8220;][vc_column_text]<a href=\"\/wp-content\/uploads\/2024\/07\/Zahnstangen_Zahnraeder_Katalog_Download_PDF-1.pdf\" target=\"_blank\" rel=\"noopener noreferrer\">Katalog Atlanta Zahnstangen und zahnr\u00e4dern<\/a>[\/vc_column_text][\/vc_column][\/vc_row][vc_row][vc_column width=&#8220;1\/3&#8243;][vc_video link=&#8220;https:\/\/youtu.be\/fcGg6YTF60k&#8220;][\/vc_column][vc_column width=&#8220;1\/3&#8243;][\/vc_column][vc_column width=&#8220;1\/3&#8243;][\/vc_column][\/vc_row]<\/p>\n<\/div>","protected":false},"excerpt":{"rendered":"<p>[vc_row][vc_column][vc_custom_heading text=&#8220;ZAHNSTANGEN UND ZAHNR\u00c4DERN&#8220; font_container=&#8220;tag:h1|font_size:53px|text_align:left|color:%23e6007e&#8220; google_fonts=&#8220;font_family:Source%20Sans%20Pro%3A200%2C200italic%2C300%2C300italic%2Cregular%2Citalic%2C600%2C600italic%2C700%2C700italic%2C900%2C900italic|font_style:900%20bold%20regular%3A900%3Anormal&#8220;][vc_column_text]Atlanta verf\u00fcgt \u00fcber ein komplettes Sortiment an Zahnstangen und Zahnr\u00e4dern in sowohl schr\u00e4g als auch<span class=\"excerpt-hellip\"> [\u2026]<\/span><\/p>\n","protected":false},"author":4,"featured_media":0,"parent":2544,"menu_order":0,"comment_status":"closed","ping_status":"closed","template":"","meta":{"inline_featured_image":false,"footnotes":""},"class_list":["post-3798","page","type-page","status-publish","hentry"],"yoast_head":"<!-- This site is optimized with the Yoast SEO plugin v26.8 - https:\/\/yoast.com\/product\/yoast-seo-wordpress\/ -->\n<title>Zahnstangen und zahnr\u00e4dern - Vansichen Linear Technology<\/title>\n<meta name=\"description\" content=\"Atlanta verf\u00fcgt \u00fcber ein komplettes Sortiment an Zahnstangen und Zahnr\u00e4dern in sowohl schr\u00e4g als auch gerade verzahnten Ausf\u00fchrungen.\" \/>\n<meta name=\"robots\" content=\"index, follow, max-snippet:-1, max-image-preview:large, max-video-preview:-1\" \/>\n<link rel=\"canonical\" href=\"https:\/\/vansichen.be\/de\/standardkomponenten-lineartechnik\/antriebselemente\/zahnstangen-und-zahnradern\/\" \/>\n<meta property=\"og:locale\" content=\"de_DE\" \/>\n<meta property=\"og:type\" content=\"article\" \/>\n<meta property=\"og:title\" content=\"Zahnstangen und zahnr\u00e4dern - Vansichen Linear Technology\" \/>\n<meta property=\"og:description\" content=\"Atlanta verf\u00fcgt \u00fcber ein komplettes Sortiment an Zahnstangen und Zahnr\u00e4dern in sowohl schr\u00e4g als auch gerade verzahnten Ausf\u00fchrungen.\" \/>\n<meta property=\"og:url\" content=\"https:\/\/vansichen.be\/de\/standardkomponenten-lineartechnik\/antriebselemente\/zahnstangen-und-zahnradern\/\" \/>\n<meta property=\"og:site_name\" content=\"Vansichen Linear Technology\" \/>\n<meta property=\"article:modified_time\" content=\"2024-07-18T13:23:07+00:00\" \/>\n<meta name=\"twitter:card\" content=\"summary_large_image\" \/>\n<meta name=\"twitter:label1\" content=\"Gesch\u00e4tzte Lesezeit\" \/>\n\t<meta name=\"twitter:data1\" content=\"3\u00a0Minuten\" \/>\n<script type=\"application\/ld+json\" class=\"yoast-schema-graph\">{\"@context\":\"https:\/\/schema.org\",\"@graph\":[{\"@type\":\"WebPage\",\"@id\":\"https:\/\/vansichen.be\/de\/standardkomponenten-lineartechnik\/antriebselemente\/zahnstangen-und-zahnradern\/\",\"url\":\"https:\/\/vansichen.be\/de\/standardkomponenten-lineartechnik\/antriebselemente\/zahnstangen-und-zahnradern\/\",\"name\":\"Zahnstangen und zahnr\u00e4dern - Vansichen Linear Technology\",\"isPartOf\":{\"@id\":\"https:\/\/vansichen.be\/de\/#website\"},\"datePublished\":\"2020-05-07T14:52:14+00:00\",\"dateModified\":\"2024-07-18T13:23:07+00:00\",\"description\":\"Atlanta verf\u00fcgt \u00fcber ein komplettes Sortiment an Zahnstangen und Zahnr\u00e4dern in sowohl schr\u00e4g als auch gerade verzahnten Ausf\u00fchrungen.\",\"breadcrumb\":{\"@id\":\"https:\/\/vansichen.be\/de\/standardkomponenten-lineartechnik\/antriebselemente\/zahnstangen-und-zahnradern\/#breadcrumb\"},\"inLanguage\":\"de\",\"potentialAction\":[{\"@type\":\"ReadAction\",\"target\":[\"https:\/\/vansichen.be\/de\/standardkomponenten-lineartechnik\/antriebselemente\/zahnstangen-und-zahnradern\/\"]}]},{\"@type\":\"BreadcrumbList\",\"@id\":\"https:\/\/vansichen.be\/de\/standardkomponenten-lineartechnik\/antriebselemente\/zahnstangen-und-zahnradern\/#breadcrumb\",\"itemListElement\":[{\"@type\":\"ListItem\",\"position\":1,\"name\":\"Home\",\"item\":\"https:\/\/vansichen.be\/de\/\"},{\"@type\":\"ListItem\",\"position\":2,\"name\":\"Standardkomponenten f\u00fcr Lineartechnik\",\"item\":\"https:\/\/vansichen.be\/de\/standardkomponenten-lineartechnik\/\"},{\"@type\":\"ListItem\",\"position\":3,\"name\":\"Antriebselemente\",\"item\":\"https:\/\/vansichen.be\/de\/standardkomponenten-lineartechnik\/antriebselemente\/\"},{\"@type\":\"ListItem\",\"position\":4,\"name\":\"Zahnstangen und zahnr\u00e4dern\"}]},{\"@type\":\"WebSite\",\"@id\":\"https:\/\/vansichen.be\/de\/#website\",\"url\":\"https:\/\/vansichen.be\/de\/\",\"name\":\"Vansichen Linear Technology\",\"description\":\"\",\"publisher\":{\"@id\":\"https:\/\/vansichen.be\/de\/#organization\"},\"potentialAction\":[{\"@type\":\"SearchAction\",\"target\":{\"@type\":\"EntryPoint\",\"urlTemplate\":\"https:\/\/vansichen.be\/de\/?s={search_term_string}\"},\"query-input\":{\"@type\":\"PropertyValueSpecification\",\"valueRequired\":true,\"valueName\":\"search_term_string\"}}],\"inLanguage\":\"de\"},{\"@type\":\"Organization\",\"@id\":\"https:\/\/vansichen.be\/de\/#organization\",\"name\":\"Vansichen Linear Technology\",\"url\":\"https:\/\/vansichen.be\/de\/\",\"logo\":{\"@type\":\"ImageObject\",\"inLanguage\":\"de\",\"@id\":\"https:\/\/vansichen.be\/de\/#\/schema\/logo\/image\/\",\"url\":\"https:\/\/vansichen.be\/wp-content\/uploads\/2020\/03\/Vansichen_home_2020_4.png\",\"contentUrl\":\"https:\/\/vansichen.be\/wp-content\/uploads\/2020\/03\/Vansichen_home_2020_4.png\",\"width\":260,\"height\":44,\"caption\":\"Vansichen Linear Technology\"},\"image\":{\"@id\":\"https:\/\/vansichen.be\/de\/#\/schema\/logo\/image\/\"}}]}<\/script>\n<!-- \/ Yoast SEO plugin. -->","yoast_head_json":{"title":"Zahnstangen und zahnr\u00e4dern - Vansichen Linear Technology","description":"Atlanta verf\u00fcgt \u00fcber ein komplettes Sortiment an Zahnstangen und Zahnr\u00e4dern in sowohl schr\u00e4g als auch gerade verzahnten Ausf\u00fchrungen.","robots":{"index":"index","follow":"follow","max-snippet":"max-snippet:-1","max-image-preview":"max-image-preview:large","max-video-preview":"max-video-preview:-1"},"canonical":"https:\/\/vansichen.be\/de\/standardkomponenten-lineartechnik\/antriebselemente\/zahnstangen-und-zahnradern\/","og_locale":"de_DE","og_type":"article","og_title":"Zahnstangen und zahnr\u00e4dern - Vansichen Linear Technology","og_description":"Atlanta verf\u00fcgt \u00fcber ein komplettes Sortiment an Zahnstangen und Zahnr\u00e4dern in sowohl schr\u00e4g als auch gerade verzahnten Ausf\u00fchrungen.","og_url":"https:\/\/vansichen.be\/de\/standardkomponenten-lineartechnik\/antriebselemente\/zahnstangen-und-zahnradern\/","og_site_name":"Vansichen Linear Technology","article_modified_time":"2024-07-18T13:23:07+00:00","twitter_card":"summary_large_image","twitter_misc":{"Gesch\u00e4tzte Lesezeit":"3\u00a0Minuten"},"schema":{"@context":"https:\/\/schema.org","@graph":[{"@type":"WebPage","@id":"https:\/\/vansichen.be\/de\/standardkomponenten-lineartechnik\/antriebselemente\/zahnstangen-und-zahnradern\/","url":"https:\/\/vansichen.be\/de\/standardkomponenten-lineartechnik\/antriebselemente\/zahnstangen-und-zahnradern\/","name":"Zahnstangen und zahnr\u00e4dern - Vansichen Linear Technology","isPartOf":{"@id":"https:\/\/vansichen.be\/de\/#website"},"datePublished":"2020-05-07T14:52:14+00:00","dateModified":"2024-07-18T13:23:07+00:00","description":"Atlanta verf\u00fcgt \u00fcber ein komplettes Sortiment an Zahnstangen und Zahnr\u00e4dern in sowohl schr\u00e4g als auch gerade verzahnten Ausf\u00fchrungen.","breadcrumb":{"@id":"https:\/\/vansichen.be\/de\/standardkomponenten-lineartechnik\/antriebselemente\/zahnstangen-und-zahnradern\/#breadcrumb"},"inLanguage":"de","potentialAction":[{"@type":"ReadAction","target":["https:\/\/vansichen.be\/de\/standardkomponenten-lineartechnik\/antriebselemente\/zahnstangen-und-zahnradern\/"]}]},{"@type":"BreadcrumbList","@id":"https:\/\/vansichen.be\/de\/standardkomponenten-lineartechnik\/antriebselemente\/zahnstangen-und-zahnradern\/#breadcrumb","itemListElement":[{"@type":"ListItem","position":1,"name":"Home","item":"https:\/\/vansichen.be\/de\/"},{"@type":"ListItem","position":2,"name":"Standardkomponenten f\u00fcr Lineartechnik","item":"https:\/\/vansichen.be\/de\/standardkomponenten-lineartechnik\/"},{"@type":"ListItem","position":3,"name":"Antriebselemente","item":"https:\/\/vansichen.be\/de\/standardkomponenten-lineartechnik\/antriebselemente\/"},{"@type":"ListItem","position":4,"name":"Zahnstangen und zahnr\u00e4dern"}]},{"@type":"WebSite","@id":"https:\/\/vansichen.be\/de\/#website","url":"https:\/\/vansichen.be\/de\/","name":"Vansichen Linear Technology","description":"","publisher":{"@id":"https:\/\/vansichen.be\/de\/#organization"},"potentialAction":[{"@type":"SearchAction","target":{"@type":"EntryPoint","urlTemplate":"https:\/\/vansichen.be\/de\/?s={search_term_string}"},"query-input":{"@type":"PropertyValueSpecification","valueRequired":true,"valueName":"search_term_string"}}],"inLanguage":"de"},{"@type":"Organization","@id":"https:\/\/vansichen.be\/de\/#organization","name":"Vansichen Linear Technology","url":"https:\/\/vansichen.be\/de\/","logo":{"@type":"ImageObject","inLanguage":"de","@id":"https:\/\/vansichen.be\/de\/#\/schema\/logo\/image\/","url":"https:\/\/vansichen.be\/wp-content\/uploads\/2020\/03\/Vansichen_home_2020_4.png","contentUrl":"https:\/\/vansichen.be\/wp-content\/uploads\/2020\/03\/Vansichen_home_2020_4.png","width":260,"height":44,"caption":"Vansichen Linear Technology"},"image":{"@id":"https:\/\/vansichen.be\/de\/#\/schema\/logo\/image\/"}}]}},"_links":{"self":[{"href":"https:\/\/vansichen.be\/de\/wp-json\/wp\/v2\/pages\/3798","targetHints":{"allow":["GET"]}}],"collection":[{"href":"https:\/\/vansichen.be\/de\/wp-json\/wp\/v2\/pages"}],"about":[{"href":"https:\/\/vansichen.be\/de\/wp-json\/wp\/v2\/types\/page"}],"author":[{"embeddable":true,"href":"https:\/\/vansichen.be\/de\/wp-json\/wp\/v2\/users\/4"}],"replies":[{"embeddable":true,"href":"https:\/\/vansichen.be\/de\/wp-json\/wp\/v2\/comments?post=3798"}],"version-history":[{"count":5,"href":"https:\/\/vansichen.be\/de\/wp-json\/wp\/v2\/pages\/3798\/revisions"}],"predecessor-version":[{"id":17678,"href":"https:\/\/vansichen.be\/de\/wp-json\/wp\/v2\/pages\/3798\/revisions\/17678"}],"up":[{"embeddable":true,"href":"https:\/\/vansichen.be\/de\/wp-json\/wp\/v2\/pages\/2544"}],"wp:attachment":[{"href":"https:\/\/vansichen.be\/de\/wp-json\/wp\/v2\/media?parent=3798"}],"curies":[{"name":"wp","href":"https:\/\/api.w.org\/{rel}","templated":true}]}}