{"id":4082,"date":"2020-05-08T11:05:38","date_gmt":"2020-05-08T11:05:38","guid":{"rendered":"https:\/\/vansichen.be\/?page_id=4082"},"modified":"2026-02-04T11:08:02","modified_gmt":"2026-02-04T11:08:02","slug":"spindelantriebe","status":"publish","type":"page","link":"https:\/\/vansichen.be\/de\/standardkomponenten-lineartechnik\/antriebselemente\/spindelantriebe","title":{"rendered":"Spindelantriebe"},"content":{"rendered":"<div class=\"wpb-content-wrapper\"><p>[vc_row][vc_column][vc_custom_heading text=&#8220;SPINDELANTRIEBE&#8220; font_container=&#8220;tag:h1|font_size:53px|text_align:left|color:%23e6007e&#8220; google_fonts=&#8220;font_family:Source%20Sans%20Pro%3A200%2C200italic%2C300%2C300italic%2Cregular%2Citalic%2C600%2C600italic%2C700%2C700italic%2C900%2C900italic|font_style:900%20bold%20regular%3A900%3Anormal&#8220; css=&#8220;&#8220;][\/vc_column][\/vc_row][vc_row][vc_column width=&#8220;2\/3&#8243;][vc_column_text css=&#8220;&#8220;]Neben dem Sortiment von Leantechnik und unseren selbst entwickelten Aktoren bieten wir auch Lineare Elektrohubzylinder von S+R, HIWIN und Atlanta an, von denen jeder sein eigenes Spezialgebiet hat.<\/p>\n<ul>\n<li>Kugel- oder Trapezgewindespindel<\/li>\n<li>Befestigung mit Kugelgelenk und Schwenkf\u00fc\u00dfen<\/li>\n<li>Kr\u00e4fte bis zu 500\u00a0kN<\/li>\n<li>Geschwindigkeiten bis zu 500\u00a0mm\/s<\/li>\n<li>Hubl\u00e4nge bis zu 3000\u00a0mm<\/li>\n<li>Einschaltdauer bis zu 100\u00a0%<\/li>\n<li>Schutzart IP54 oder h\u00f6her<\/li>\n<li>Optionen: Motor, Drehgeber, Endschalter, Regler, EX-Ausf\u00fchrungen, Edelstahlausf\u00fchrungen<\/li>\n<\/ul>\n<p>&nbsp;<\/p>\n<h4 style=\"font-size: 20px;\"><span style=\"color: #e6007e;\"><strong>S+R<\/strong><\/span><\/h4>\n<p>Diese Elektrohubzylinder, komplett mit Getriebe und Motor ausgestattet, werden in allen Branchen eingesetzt. Lineare Bewegungen von leichten bis sehr schweren Anwendungen sind m\u00f6glich. Einfache Bewegungen bis hin zu komplexen Anwendungen arbeiten mit mehreren Elektrohubzylindern pr\u00e4zise zusammen.<\/p>\n<ul>\n<li>Mittlere bis hohe Belastung<\/li>\n<li>3 verschiedene Typen\n<ul>\n<li>Bauform A<\/li>\n<li>Bauform S<\/li>\n<li>Bauform X<\/li>\n<\/ul>\n<\/li>\n<\/ul>\n<p>Kompaktbaureihen von S+R sind ebenfalls erh\u00e4ltlich.<\/p>\n<p>&nbsp;<\/p>\n<p><strong style=\"color: #e6007e; font-size: 20px;\">HIWIN<\/strong><\/p>\n<p>Die Elektrohubzylinder von HIWIN finden Sie in Ausf\u00fchrungen mit Kugelgewindetrieben oder Trapezgewindetrieben. Diese werden haupts\u00e4chlich in leichten Anwendungen verwendet, da diese durch 24V-Motoren angetrieben werden. Die Anwendungsgebiete k\u00f6nnen in folgenden Punkten beschrieben werden:<\/p>\n<ul>\n<li>Auf Ma\u00df<\/li>\n<li>Kompakte und leichte Konstruktion<\/li>\n<li>Ger\u00e4uscharme Motoren<\/li>\n<li>Stabiler Aufbau<\/li>\n<li>Optimales Preis-Leistungsverh\u00e4ltnis<\/li>\n<\/ul>\n<p><strong>Eigenschaften<\/strong><\/p>\n<ul>\n<li>F\u00fcr geringe Belastung und kurze Einschaltdauer<\/li>\n<li>Ausf\u00fchrung mit Kugel- oder Trapezgewindespindel<\/li>\n<li>Leichte Anwendungen<\/li>\n<li>24-V-Motor<\/li>\n<li>Optimales Preis-Leistungs-Verh\u00e4ltnis<\/li>\n<li>Ger\u00e4uscharme Motoren<\/li>\n<li>Ma\u00dfanfertigung m\u00f6glich<\/li>\n<\/ul>\n<p>[\/vc_column_text][vc_video link=&#8220;https:\/\/www.youtube.com\/watch?v=elczLIYQ9I8&#8243; css=&#8220;&#8220;][vc_column_text css=&#8220;&#8220;]<strong style=\"color: #e6007e; font-size: 20px;\">ATLANTA<\/strong><\/p>\n<p><strong>Eigenschaften<\/strong><\/p>\n<ul>\n<li>F\u00fcr mittlere Belastung<\/li>\n<li>F\u00fcr hohe Genauigkeit<\/li>\n<li>F\u00fcr hohe Geschwindigkeiten<\/li>\n<li>100\u00a0% Einschaltdauer<\/li>\n<li>4 Typen: HS10, HS25, SH50 und HS100<\/li>\n<\/ul>\n<p>[\/vc_column_text][\/vc_column][vc_column width=&#8220;1\/3&#8243;][vc_widget_sidebar sidebar_id=&#8220;top-area-1&#8243;][\/vc_column][\/vc_row][vc_row][vc_column][vc_custom_heading text=&#8220;PARTNERS&#8220; font_container=&#8220;tag:h2|font_size:20px|text_align:left|color:%23e6007e&#8220; google_fonts=&#8220;font_family:Source%20Sans%20Pro%3A200%2C200italic%2C300%2C300italic%2Cregular%2Citalic%2C600%2C600italic%2C700%2C700italic%2C900%2C900italic|font_style:900%20bold%20regular%3A900%3Anormal&#8220;][\/vc_column][\/vc_row][vc_row el_class=&#8220;partners&#8220;][vc_column width=&#8220;1\/4&#8243;][vc_single_image image=&#8220;4107&#8243; alignment=&#8220;center&#8220; onclick=&#8220;custom_link&#8220; img_link_target=&#8220;_blank&#8220; link=&#8220;https:\/\/sr-gmbh.de\/&#8220;][\/vc_column][vc_column width=&#8220;1\/4&#8243;][vc_single_image image=&#8220;19712&#8243; img_size=&#8220;full&#8220; onclick=&#8220;custom_link&#8220; img_link_target=&#8220;_blank&#8220; css=&#8220;&#8220; link=&#8220;https:\/\/www.hiwin.de\/de\/&#8220;][\/vc_column][vc_column width=&#8220;1\/4&#8243;][vc_single_image image=&#8220;4099&#8243; img_size=&#8220;full&#8220; alignment=&#8220;center&#8220; onclick=&#8220;custom_link&#8220; img_link_target=&#8220;_blank&#8220; link=&#8220;https:\/\/atlantagmbh.de\/&#8220;][\/vc_column][vc_column width=&#8220;1\/4&#8243;][\/vc_column][\/vc_row][vc_row el_class=&#8220;links&#8220;][vc_column][vc_custom_heading text=&#8220;LINKS&#8220; font_container=&#8220;tag:h2|font_size:20px|text_align:left|color:%23e6007e&#8220; google_fonts=&#8220;font_family:Source%20Sans%20Pro%3A200%2C200italic%2C300%2C300italic%2Cregular%2Citalic%2C600%2C600italic%2C700%2C700italic%2C900%2C900italic|font_style:900%20bold%20regular%3A900%3Anormal&#8220;][vc_column_text css=&#8220;&#8220;]<a href=\"https:\/\/www.hiwin.de\/de\/tools\/produktkonfiguratoren\" target=\"_blank\" rel=\"noopener noreferrer\">3D-CAD HIWIN<\/a>[\/vc_column_text][\/vc_column][\/vc_row][vc_row el_class=&#8220;downloads&#8220;][vc_column][vc_custom_heading text=&#8220;DOWNLOADS&#8220; font_container=&#8220;tag:h2|font_size:20px|text_align:left|color:%23e6007e&#8220; google_fonts=&#8220;font_family:Source%20Sans%20Pro%3A200%2C200italic%2C300%2C300italic%2Cregular%2Citalic%2C600%2C600italic%2C700%2C700italic%2C900%2C900italic|font_style:900%20bold%20regular%3A900%3Anormal&#8220;][vc_column_text]<a href=\"https:\/\/www.hiwin.de\/hiwin\/de\/EUR\/\/Produkte\/c\/3952\" target=\"_blank\" rel=\"noopener noreferrer\">Katalog Lineare Elektrohubzylinder Hiwin<\/a><br \/>\n<a href=\"\/wp-content\/uploads\/2023\/06\/Actuators-CC-2023.pdf\">Kompakt Katalog Vansichen &#8211; Lineare Elektrohubzylinder<br \/>\n<\/a><a href=\"https:\/\/vansichen.be\/wp-content\/uploads\/2021\/04\/SR-Electric-lifting-cylinder-DE.pdf\" target=\"_blank\" rel=\"noopener noreferrer\">Katalog S+R Electric lifting cylinder<\/a><a href=\"https:\/\/vansichen.be\/wp-content\/uploads\/2020\/04\/Compact-Cataloog-Vansichen-Overige-Actuatoren.pdf\" target=\"_blank\" rel=\"noopener noreferrer\"><br \/>\n<\/a><a href=\"https:\/\/vansichen.be\/wp-content\/uploads\/2021\/04\/SR-compact-series-ENG.pdf\" target=\"_blank\" rel=\"noopener noreferrer\">Katalog S+R compact series<\/a>[\/vc_column_text][\/vc_column][\/vc_row][vc_row][vc_column][vc_gallery type=&#8220;image_grid&#8220; images=&#8220;4095,4083,4087,4091&#8243; img_size=&#8220;full&#8220; el_class=&#8220;hover-gallery&#8220;][\/vc_column][\/vc_row]<\/p>\n<\/div>","protected":false},"excerpt":{"rendered":"<p>[vc_row][vc_column][vc_custom_heading text=&#8220;SPINDELANTRIEBE&#8220; font_container=&#8220;tag:h1|font_size:53px|text_align:left|color:%23e6007e&#8220; google_fonts=&#8220;font_family:Source%20Sans%20Pro%3A200%2C200italic%2C300%2C300italic%2Cregular%2Citalic%2C600%2C600italic%2C700%2C700italic%2C900%2C900italic|font_style:900%20bold%20regular%3A900%3Anormal&#8220; css=&#8220;&#8220;][\/vc_column][\/vc_row][vc_row][vc_column width=&#8220;2\/3&#8243;][vc_column_text css=&#8220;&#8220;]Neben dem Sortiment von Leantechnik und unseren selbst entwickelten Aktoren bieten wir auch Lineare<span class=\"excerpt-hellip\"> [\u2026]<\/span><\/p>\n","protected":false},"author":4,"featured_media":0,"parent":2544,"menu_order":0,"comment_status":"closed","ping_status":"closed","template":"","meta":{"inline_featured_image":false,"footnotes":""},"class_list":["post-4082","page","type-page","status-publish","hentry"],"yoast_head":"<!-- This site is optimized with the Yoast SEO plugin v26.8 - https:\/\/yoast.com\/product\/yoast-seo-wordpress\/ -->\n<title>Spindelantriebe - S+R - HIWIN - Vansichen Linear Technology<\/title>\n<meta name=\"description\" content=\"Wir bieten lineare Spindelantriebe und Hubzylinder von S+R, HIWIN und Atlanta an. Weitere Informationen finden Sie auf unserer Website!\" \/>\n<meta name=\"robots\" content=\"index, follow, max-snippet:-1, max-image-preview:large, max-video-preview:-1\" \/>\n<link rel=\"canonical\" href=\"https:\/\/vansichen.be\/de\/standardkomponenten-lineartechnik\/antriebselemente\/spindelantriebe\/\" \/>\n<meta property=\"og:locale\" content=\"de_DE\" \/>\n<meta property=\"og:type\" content=\"article\" \/>\n<meta property=\"og:title\" content=\"Spindelantriebe - S+R - HIWIN - Vansichen Linear Technology\" \/>\n<meta property=\"og:description\" content=\"Wir bieten lineare Spindelantriebe und Hubzylinder von S+R, HIWIN und Atlanta an. Weitere Informationen finden Sie auf unserer Website!\" \/>\n<meta property=\"og:url\" content=\"https:\/\/vansichen.be\/de\/standardkomponenten-lineartechnik\/antriebselemente\/spindelantriebe\/\" \/>\n<meta property=\"og:site_name\" content=\"Vansichen Linear Technology\" \/>\n<meta property=\"article:modified_time\" content=\"2026-02-04T11:08:02+00:00\" \/>\n<meta name=\"twitter:card\" content=\"summary_large_image\" \/>\n<meta name=\"twitter:label1\" content=\"Gesch\u00e4tzte Lesezeit\" \/>\n\t<meta name=\"twitter:data1\" content=\"2\u00a0Minuten\" \/>\n<script type=\"application\/ld+json\" class=\"yoast-schema-graph\">{\"@context\":\"https:\/\/schema.org\",\"@graph\":[{\"@type\":\"WebPage\",\"@id\":\"https:\/\/vansichen.be\/de\/standardkomponenten-lineartechnik\/antriebselemente\/spindelantriebe\/\",\"url\":\"https:\/\/vansichen.be\/de\/standardkomponenten-lineartechnik\/antriebselemente\/spindelantriebe\/\",\"name\":\"Spindelantriebe - S+R - HIWIN - Vansichen Linear Technology\",\"isPartOf\":{\"@id\":\"https:\/\/vansichen.be\/de\/#website\"},\"datePublished\":\"2020-05-08T11:05:38+00:00\",\"dateModified\":\"2026-02-04T11:08:02+00:00\",\"description\":\"Wir bieten lineare Spindelantriebe und Hubzylinder von S+R, HIWIN und Atlanta an. Weitere Informationen finden Sie auf unserer Website!\",\"breadcrumb\":{\"@id\":\"https:\/\/vansichen.be\/de\/standardkomponenten-lineartechnik\/antriebselemente\/spindelantriebe\/#breadcrumb\"},\"inLanguage\":\"de\",\"potentialAction\":[{\"@type\":\"ReadAction\",\"target\":[\"https:\/\/vansichen.be\/de\/standardkomponenten-lineartechnik\/antriebselemente\/spindelantriebe\/\"]}]},{\"@type\":\"BreadcrumbList\",\"@id\":\"https:\/\/vansichen.be\/de\/standardkomponenten-lineartechnik\/antriebselemente\/spindelantriebe\/#breadcrumb\",\"itemListElement\":[{\"@type\":\"ListItem\",\"position\":1,\"name\":\"Home\",\"item\":\"https:\/\/vansichen.be\/de\/\"},{\"@type\":\"ListItem\",\"position\":2,\"name\":\"Standardkomponenten f\u00fcr Lineartechnik\",\"item\":\"https:\/\/vansichen.be\/de\/standardkomponenten-lineartechnik\/\"},{\"@type\":\"ListItem\",\"position\":3,\"name\":\"Antriebselemente\",\"item\":\"https:\/\/vansichen.be\/de\/standardkomponenten-lineartechnik\/antriebselemente\/\"},{\"@type\":\"ListItem\",\"position\":4,\"name\":\"Spindelantriebe\"}]},{\"@type\":\"WebSite\",\"@id\":\"https:\/\/vansichen.be\/de\/#website\",\"url\":\"https:\/\/vansichen.be\/de\/\",\"name\":\"Vansichen Linear Technology\",\"description\":\"\",\"publisher\":{\"@id\":\"https:\/\/vansichen.be\/de\/#organization\"},\"potentialAction\":[{\"@type\":\"SearchAction\",\"target\":{\"@type\":\"EntryPoint\",\"urlTemplate\":\"https:\/\/vansichen.be\/de\/?s={search_term_string}\"},\"query-input\":{\"@type\":\"PropertyValueSpecification\",\"valueRequired\":true,\"valueName\":\"search_term_string\"}}],\"inLanguage\":\"de\"},{\"@type\":\"Organization\",\"@id\":\"https:\/\/vansichen.be\/de\/#organization\",\"name\":\"Vansichen Linear Technology\",\"url\":\"https:\/\/vansichen.be\/de\/\",\"logo\":{\"@type\":\"ImageObject\",\"inLanguage\":\"de\",\"@id\":\"https:\/\/vansichen.be\/de\/#\/schema\/logo\/image\/\",\"url\":\"https:\/\/vansichen.be\/wp-content\/uploads\/2020\/03\/Vansichen_home_2020_4.png\",\"contentUrl\":\"https:\/\/vansichen.be\/wp-content\/uploads\/2020\/03\/Vansichen_home_2020_4.png\",\"width\":260,\"height\":44,\"caption\":\"Vansichen Linear Technology\"},\"image\":{\"@id\":\"https:\/\/vansichen.be\/de\/#\/schema\/logo\/image\/\"}}]}<\/script>\n<!-- \/ Yoast SEO plugin. -->","yoast_head_json":{"title":"Spindelantriebe - S+R - HIWIN - Vansichen Linear Technology","description":"Wir bieten lineare Spindelantriebe und Hubzylinder von S+R, HIWIN und Atlanta an. Weitere Informationen finden Sie auf unserer Website!","robots":{"index":"index","follow":"follow","max-snippet":"max-snippet:-1","max-image-preview":"max-image-preview:large","max-video-preview":"max-video-preview:-1"},"canonical":"https:\/\/vansichen.be\/de\/standardkomponenten-lineartechnik\/antriebselemente\/spindelantriebe\/","og_locale":"de_DE","og_type":"article","og_title":"Spindelantriebe - S+R - HIWIN - Vansichen Linear Technology","og_description":"Wir bieten lineare Spindelantriebe und Hubzylinder von S+R, HIWIN und Atlanta an. Weitere Informationen finden Sie auf unserer Website!","og_url":"https:\/\/vansichen.be\/de\/standardkomponenten-lineartechnik\/antriebselemente\/spindelantriebe\/","og_site_name":"Vansichen Linear Technology","article_modified_time":"2026-02-04T11:08:02+00:00","twitter_card":"summary_large_image","twitter_misc":{"Gesch\u00e4tzte Lesezeit":"2\u00a0Minuten"},"schema":{"@context":"https:\/\/schema.org","@graph":[{"@type":"WebPage","@id":"https:\/\/vansichen.be\/de\/standardkomponenten-lineartechnik\/antriebselemente\/spindelantriebe\/","url":"https:\/\/vansichen.be\/de\/standardkomponenten-lineartechnik\/antriebselemente\/spindelantriebe\/","name":"Spindelantriebe - S+R - HIWIN - Vansichen Linear Technology","isPartOf":{"@id":"https:\/\/vansichen.be\/de\/#website"},"datePublished":"2020-05-08T11:05:38+00:00","dateModified":"2026-02-04T11:08:02+00:00","description":"Wir bieten lineare Spindelantriebe und Hubzylinder von S+R, HIWIN und Atlanta an. Weitere Informationen finden Sie auf unserer Website!","breadcrumb":{"@id":"https:\/\/vansichen.be\/de\/standardkomponenten-lineartechnik\/antriebselemente\/spindelantriebe\/#breadcrumb"},"inLanguage":"de","potentialAction":[{"@type":"ReadAction","target":["https:\/\/vansichen.be\/de\/standardkomponenten-lineartechnik\/antriebselemente\/spindelantriebe\/"]}]},{"@type":"BreadcrumbList","@id":"https:\/\/vansichen.be\/de\/standardkomponenten-lineartechnik\/antriebselemente\/spindelantriebe\/#breadcrumb","itemListElement":[{"@type":"ListItem","position":1,"name":"Home","item":"https:\/\/vansichen.be\/de\/"},{"@type":"ListItem","position":2,"name":"Standardkomponenten f\u00fcr Lineartechnik","item":"https:\/\/vansichen.be\/de\/standardkomponenten-lineartechnik\/"},{"@type":"ListItem","position":3,"name":"Antriebselemente","item":"https:\/\/vansichen.be\/de\/standardkomponenten-lineartechnik\/antriebselemente\/"},{"@type":"ListItem","position":4,"name":"Spindelantriebe"}]},{"@type":"WebSite","@id":"https:\/\/vansichen.be\/de\/#website","url":"https:\/\/vansichen.be\/de\/","name":"Vansichen Linear Technology","description":"","publisher":{"@id":"https:\/\/vansichen.be\/de\/#organization"},"potentialAction":[{"@type":"SearchAction","target":{"@type":"EntryPoint","urlTemplate":"https:\/\/vansichen.be\/de\/?s={search_term_string}"},"query-input":{"@type":"PropertyValueSpecification","valueRequired":true,"valueName":"search_term_string"}}],"inLanguage":"de"},{"@type":"Organization","@id":"https:\/\/vansichen.be\/de\/#organization","name":"Vansichen Linear Technology","url":"https:\/\/vansichen.be\/de\/","logo":{"@type":"ImageObject","inLanguage":"de","@id":"https:\/\/vansichen.be\/de\/#\/schema\/logo\/image\/","url":"https:\/\/vansichen.be\/wp-content\/uploads\/2020\/03\/Vansichen_home_2020_4.png","contentUrl":"https:\/\/vansichen.be\/wp-content\/uploads\/2020\/03\/Vansichen_home_2020_4.png","width":260,"height":44,"caption":"Vansichen Linear Technology"},"image":{"@id":"https:\/\/vansichen.be\/de\/#\/schema\/logo\/image\/"}}]}},"_links":{"self":[{"href":"https:\/\/vansichen.be\/de\/wp-json\/wp\/v2\/pages\/4082","targetHints":{"allow":["GET"]}}],"collection":[{"href":"https:\/\/vansichen.be\/de\/wp-json\/wp\/v2\/pages"}],"about":[{"href":"https:\/\/vansichen.be\/de\/wp-json\/wp\/v2\/types\/page"}],"author":[{"embeddable":true,"href":"https:\/\/vansichen.be\/de\/wp-json\/wp\/v2\/users\/4"}],"replies":[{"embeddable":true,"href":"https:\/\/vansichen.be\/de\/wp-json\/wp\/v2\/comments?post=4082"}],"version-history":[{"count":7,"href":"https:\/\/vansichen.be\/de\/wp-json\/wp\/v2\/pages\/4082\/revisions"}],"predecessor-version":[{"id":19905,"href":"https:\/\/vansichen.be\/de\/wp-json\/wp\/v2\/pages\/4082\/revisions\/19905"}],"up":[{"embeddable":true,"href":"https:\/\/vansichen.be\/de\/wp-json\/wp\/v2\/pages\/2544"}],"wp:attachment":[{"href":"https:\/\/vansichen.be\/de\/wp-json\/wp\/v2\/media?parent=4082"}],"curies":[{"name":"wp","href":"https:\/\/api.w.org\/{rel}","templated":true}]}}