{"id":4495,"date":"2020-05-12T09:25:34","date_gmt":"2020-05-12T09:25:34","guid":{"rendered":"https:\/\/vansichen.be\/?page_id=4495"},"modified":"2025-12-10T13:52:36","modified_gmt":"2025-12-10T13:52:36","slug":"linearsysteme","status":"publish","type":"page","link":"https:\/\/vansichen.be\/de\/linearsysteme\/","title":{"rendered":"Linearsysteme"},"content":{"rendered":"<div class=\"wpb-content-wrapper\"><p>[vc_row][vc_column width=&#8220;2\/3&#8243;][vc_custom_heading text=&#8220;LINEARSYSTEME&#8220; font_container=&#8220;tag:h1|font_size:53px|text_align:left|color:%23e6007e&#8220; google_fonts=&#8220;font_family:Source%20Sans%20Pro%3A200%2C200italic%2C300%2C300italic%2Cregular%2Citalic%2C600%2C600italic%2C700%2C700italic%2C900%2C900italic|font_style:900%20bold%20regular%3A900%3Anormal&#8220;][vc_column_text css=&#8220;&#8220;]Die Engineering-Abteilung von <a href=\"https:\/\/vansichen.be\/de\/\">Vansichen Linear Technology<\/a> entwickelt f\u00fcr Sie den lineartechnischen Teil oder Linearsysteme Ihrer Maschine oder Anlage. Als Grundlage dient unser qualitativ hochwertiges Sortiment an Linearf\u00fchrungen und Antriebselementen. Durch unkonventionelles Denken und Mitgestaltung finden wir zusammen mit Ihnen die perfekte L\u00f6sung f\u00fcr Ihre Situation. Vansichen Linear Technology verf\u00fcgt \u00fcber Produktions- und Montagekapazit\u00e4ten. Die Pr\u00fcfung von Sonderanfertigungen ist ebenfalls m\u00f6glich.<\/p>\n<p>Einige der wichtigsten Vorteile f\u00fcr Sie als Kunde sind:<\/p>\n<ul>\n<li>Eine anwendungsorientierte L\u00f6sung<\/li>\n<li>Reduzierung der Anzahl der Zukaufteile<\/li>\n<li>K\u00fcrzere Montagezeit<\/li>\n<li>Sie k\u00f6nnen sich auf Ihre Kernkompetenzen konzentrieren<\/li>\n<\/ul>\n<p>[\/vc_column_text][\/vc_column][vc_column width=&#8220;1\/3&#8243;][vc_single_image image=&#8220;19812&#8243; img_size=&#8220;full&#8220; onclick=&#8220;custom_link&#8220; img_link_target=&#8220;_blank&#8220; css_animation=&#8220;none&#8220; css=&#8220;.vc_custom_1765374751911{margin-bottom: 0px !important;}&#8220; link=&#8220;https:\/\/vansichen.be\/wp-content\/uploads\/2025\/10\/20251022-VS-Catalogus-XYZ-EN-Web.pdf&#8220;][vc_row_inner css=&#8220;.vc_custom_1571396687313{padding-right: 15px !important;padding-left: 15px !important;}&#8220;][vc_column_inner css=&#8220;.vc_custom_1588933193846{padding-top: 12px !important;padding-right: 10px !important;padding-bottom: 12px !important;padding-left: 10px !important;background-color: #e6007e !important;}&#8220;][vc_custom_heading text=&#8220;KATALOG HERUNTERLADEN&#8220; font_container=&#8220;tag:h3|font_size:20|text_align:center|color:%23ffffff&#8220; google_fonts=&#8220;font_family:Source%20Sans%20Pro%3A200%2C200italic%2C300%2C300italic%2Cregular%2Citalic%2C600%2C600italic%2C700%2C700italic%2C900%2C900italic|font_style:900%20bold%20regular%3A900%3Anormal&#8220; css_animation=&#8220;none&#8220; css=&#8220;.vc_custom_1761142174502{margin-top: 0px !important;margin-bottom: 0px !important;}&#8220; el_class=&#8220;brand-name&#8220; link=&#8220;url:https%3A%2F%2Fvansichen.be%2Fwp-content%2Fuploads%2F2025%2F10%2F20251022-VS-Catalogus-XYZ-EN-Web.pdf|target:_blank&#8220;][\/vc_column_inner][\/vc_row_inner][\/vc_column][\/vc_row][vc_row el_class=&#8220;hover-effect-img&#8220;][vc_column][vc_row_inner][vc_column_inner width=&#8220;1\/3&#8243;][vc_single_image image=&#8220;4631&#8243; img_size=&#8220;full&#8220; onclick=&#8220;custom_link&#8220; link=&#8220;\/de\/linear-systeme\/winkel-hubsysteme\/&#8220;][vc_custom_heading text=&#8220;WINKEL HUBSYSTEME&#8220; font_container=&#8220;tag:h2|font_size:23px|text_align:left|color:%23e6007e&#8220; google_fonts=&#8220;font_family:Source%20Sans%20Pro%3A200%2C200italic%2C300%2C300italic%2Cregular%2Citalic%2C600%2C600italic%2C700%2C700italic%2C900%2C900italic|font_style:900%20bold%20regular%3A900%3Anormal&#8220; link=&#8220;url:%2Fde%2Flinear-systeme%2Fwinkel-hubsysteme%2F|||&#8220;][\/vc_column_inner][vc_column_inner width=&#8220;1\/3&#8243;][vc_single_image image=&#8220;10559&#8243; img_size=&#8220;full&#8220; onclick=&#8220;custom_link&#8220; link=&#8220;https:\/\/vansichen.be\/de\/linearsysteme\/lhd-teleskopgabeln\/&#8220;][vc_custom_heading text=&#8220;LHD TELESKOPGABELN&#8220; font_container=&#8220;tag:h2|font_size:23px|text_align:left|color:%23e6007e&#8220; google_fonts=&#8220;font_family:Source%20Sans%20Pro%3A200%2C200italic%2C300%2C300italic%2Cregular%2Citalic%2C600%2C600italic%2C700%2C700italic%2C900%2C900italic|font_style:900%20bold%20regular%3A900%3Anormal&#8220; link=&#8220;url:https%3A%2F%2Fvansichen.be%2Fde%2Flinearsysteme%2Flhd-teleskopgabeln%2F|title:LHD%20Teleskopgabeln||&#8220;][\/vc_column_inner][vc_column_inner width=&#8220;1\/3&#8243;][vc_single_image image=&#8220;5001&#8243; img_size=&#8220;full&#8220; onclick=&#8220;custom_link&#8220; link=&#8220;\/de\/linear-systeme\/mehrachs-linearsysteme\/&#8220;][vc_custom_heading text=&#8220;MEHRACHS-LINEARSYSTEME&#8220; font_container=&#8220;tag:h2|font_size:23px|text_align:left|color:%23e6007e&#8220; google_fonts=&#8220;font_family:Source%20Sans%20Pro%3A200%2C200italic%2C300%2C300italic%2Cregular%2Citalic%2C600%2C600italic%2C700%2C700italic%2C900%2C900italic|font_style:900%20bold%20regular%3A900%3Anormal&#8220; link=&#8220;url:%2Fde%2Flinear-systeme%2Fmehrachs-linearsysteme%2F|||&#8220;][\/vc_column_inner][\/vc_row_inner][vc_row_inner][vc_column_inner width=&#8220;1\/3&#8243;][vc_single_image image=&#8220;19220&#8243; img_size=&#8220;full&#8220; onclick=&#8220;custom_link&#8220; css=&#8220;&#8220; link=&#8220;\/de\/linearsysteme\/gantry-prazisionssysteme\/&#8220;][vc_custom_heading text=&#8220;GANTRY PRAZISIONSSYSTEME&#8220; font_container=&#8220;tag:h2|font_size:23px|text_align:left|color:%23e6007e&#8220; google_fonts=&#8220;font_family:Source%20Sans%20Pro%3A200%2C200italic%2C300%2C300italic%2Cregular%2Citalic%2C600%2C600italic%2C700%2C700italic%2C900%2C900italic|font_style:900%20bold%20regular%3A900%3Anormal&#8220; css=&#8220;&#8220; link=&#8220;url:%2Fde%2Flinearsysteme%2Fgantry-prazisionssysteme%2F&#8220;][\/vc_column_inner][vc_column_inner width=&#8220;1\/3&#8243;][\/vc_column_inner][vc_column_inner width=&#8220;1\/3&#8243;][\/vc_column_inner][\/vc_row_inner][\/vc_column][\/vc_row][vc_row full_width=&#8220;stretch_row&#8220; css=&#8220;.vc_custom_1591618233504{background-color: #efefef !important;}&#8220;][vc_column][vc_custom_heading text=&#8220;BEISPIELE VON LINEARSYSTEME&#8220; font_container=&#8220;tag:h2|font_size:20px|text_align:left|color:%23e6007e&#8220; google_fonts=&#8220;font_family:Source%20Sans%20Pro%3A200%2C200italic%2C300%2C300italic%2Cregular%2Citalic%2C600%2C600italic%2C700%2C700italic%2C900%2C900italic|font_style:900%20bold%20regular%3A900%3Anormal&#8220;][vc_row_inner][vc_column_inner][vc_column_text css=&#8220;&#8220;]<strong>X-Y-Z-Positioniersystem f\u00fcr einen Extruder<br \/>\n<\/strong>In diesem Extruder befinden sich Produkte von <a href=\"https:\/\/www.atlantagmbh.de\/pages\/hubantriebe\/\" target=\"_blank\" rel=\"noopener\">HIWIN<\/a>, <a href=\"https:\/\/www.atlantagmbh.de\/pages\/hubantriebe\/\">Atlanta<\/a>, Nozag und Winkel. Hierf\u00fcr haben wir ein X-Y-Z-System hergestellt. Die kleinere X-Achse wird auf Winkel-Rollen gef\u00fchrt und \u00fcber eine Zahnstange angetrieben.\u00a0 Die Y-Achse wird auf HIWIN-Schienen verfahren und von einer Kugelumlaufspindel angetrieben. Die vertikale Bewegung wird durch ein zentral angetriebenes Nozag-Spindelhubgetriebe realisiert.[\/vc_column_text][vc_single_image image=&#8220;9391&#8243; img_size=&#8220;medium&#8220; onclick=&#8220;link_image&#8220;][vc_separator color=&#8220;black&#8220;][vc_column_text]<strong>X-Y-Z-Manipulator<\/strong><br \/>\nDieser Manipulator mit doppeltem Drehkopf wurde f\u00fcr die Handhabung von Nickelplatten entwickelt und hergestellt.<br \/>\nIm Manipulator befinden sich Materialien von HIWIN und Atlanta.[\/vc_column_text][vc_single_image image=&#8220;8818&#8243; img_size=&#8220;medium&#8220; onclick=&#8220;link_image&#8220;][vc_separator color=&#8220;black&#8220;][vc_column_text]<strong>X-Y-System<\/strong><br \/>\nDieses X-Y-System enth\u00e4lt Materialien von HIWIN und Atlanta. Die Y-Achse ist teleskopisch.[\/vc_column_text][vc_single_image image=&#8220;8822&#8243; img_size=&#8220;medium&#8220; onclick=&#8220;link_image&#8220;][\/vc_column_inner][\/vc_row_inner][\/vc_column][\/vc_row][vc_row][vc_column][vc_custom_heading text=&#8220;REALISIERUNGEN&#8220; font_container=&#8220;tag:h2|font_size:20px|text_align:left|color:%23e6007e&#8220; google_fonts=&#8220;font_family:Source%20Sans%20Pro%3A200%2C200italic%2C300%2C300italic%2Cregular%2Citalic%2C600%2C600italic%2C700%2C700italic%2C900%2C900italic|font_style:900%20bold%20regular%3A900%3Anormal&#8220;][vc_gallery type=&#8220;image_grid&#8220; images=&#8220;8923,8927,8931,8935,8939,8943,8947,8951,8955,8959,8963,8967,8971,8975,8979,8983,8987,8991,8995,8999,9003,9007,9011,9015,9019,9023,9027&#8243; img_size=&#8220;full&#8220; el_class=&#8220;hover-gallery&#8220;][\/vc_column][\/vc_row]<\/p>\n<\/div>","protected":false},"excerpt":{"rendered":"<p>[vc_row][vc_column width=&#8220;2\/3&#8243;][vc_custom_heading text=&#8220;LINEARSYSTEME&#8220; font_container=&#8220;tag:h1|font_size:53px|text_align:left|color:%23e6007e&#8220; google_fonts=&#8220;font_family:Source%20Sans%20Pro%3A200%2C200italic%2C300%2C300italic%2Cregular%2Citalic%2C600%2C600italic%2C700%2C700italic%2C900%2C900italic|font_style:900%20bold%20regular%3A900%3Anormal&#8220;][vc_column_text css=&#8220;&#8220;]Die Engineering-Abteilung von Vansichen Linear Technology entwickelt f\u00fcr Sie den lineartechnischen Teil oder Linearsysteme Ihrer<span class=\"excerpt-hellip\"> [\u2026]<\/span><\/p>\n","protected":false},"author":4,"featured_media":0,"parent":0,"menu_order":0,"comment_status":"closed","ping_status":"closed","template":"","meta":{"inline_featured_image":false,"footnotes":""},"class_list":["post-4495","page","type-page","status-publish","hentry"],"yoast_head":"<!-- This site is optimized with the Yoast SEO plugin v26.8 - https:\/\/yoast.com\/product\/yoast-seo-wordpress\/ -->\n<title>Linearsysteme - Konstruktion - Vansichen Linear Technology<\/title>\n<meta name=\"description\" content=\"Die Konstruktionsabteilung von Vansichen Lineartechnik\u00a0entwirft und baut die Linearsysteme Ihrer Maschine oder Anlage. Entdecken Sie hier.\" \/>\n<meta name=\"robots\" content=\"index, follow, max-snippet:-1, max-image-preview:large, max-video-preview:-1\" \/>\n<link rel=\"canonical\" href=\"https:\/\/vansichen.be\/de\/linearsysteme\/\" \/>\n<meta property=\"og:locale\" content=\"de_DE\" \/>\n<meta property=\"og:type\" content=\"article\" \/>\n<meta property=\"og:title\" content=\"Linearsysteme - Konstruktion - Vansichen Linear Technology\" \/>\n<meta property=\"og:description\" content=\"Die Konstruktionsabteilung von Vansichen Lineartechnik\u00a0entwirft und baut die Linearsysteme Ihrer Maschine oder Anlage. Entdecken Sie hier.\" \/>\n<meta property=\"og:url\" content=\"https:\/\/vansichen.be\/de\/linearsysteme\/\" \/>\n<meta property=\"og:site_name\" content=\"Vansichen Linear Technology\" \/>\n<meta property=\"article:modified_time\" content=\"2025-12-10T13:52:36+00:00\" \/>\n<meta name=\"twitter:card\" content=\"summary_large_image\" \/>\n<meta name=\"twitter:label1\" content=\"Gesch\u00e4tzte Lesezeit\" \/>\n\t<meta name=\"twitter:data1\" content=\"2\u00a0Minuten\" \/>\n<script type=\"application\/ld+json\" class=\"yoast-schema-graph\">{\"@context\":\"https:\/\/schema.org\",\"@graph\":[{\"@type\":\"WebPage\",\"@id\":\"https:\/\/vansichen.be\/de\/linearsysteme\/\",\"url\":\"https:\/\/vansichen.be\/de\/linearsysteme\/\",\"name\":\"Linearsysteme - Konstruktion - Vansichen Linear Technology\",\"isPartOf\":{\"@id\":\"https:\/\/vansichen.be\/de\/#website\"},\"datePublished\":\"2020-05-12T09:25:34+00:00\",\"dateModified\":\"2025-12-10T13:52:36+00:00\",\"description\":\"Die Konstruktionsabteilung von Vansichen Lineartechnik\u00a0entwirft und baut die Linearsysteme Ihrer Maschine oder Anlage. Entdecken Sie hier.\",\"breadcrumb\":{\"@id\":\"https:\/\/vansichen.be\/de\/linearsysteme\/#breadcrumb\"},\"inLanguage\":\"de\",\"potentialAction\":[{\"@type\":\"ReadAction\",\"target\":[\"https:\/\/vansichen.be\/de\/linearsysteme\/\"]}]},{\"@type\":\"BreadcrumbList\",\"@id\":\"https:\/\/vansichen.be\/de\/linearsysteme\/#breadcrumb\",\"itemListElement\":[{\"@type\":\"ListItem\",\"position\":1,\"name\":\"Home\",\"item\":\"https:\/\/vansichen.be\/de\/\"},{\"@type\":\"ListItem\",\"position\":2,\"name\":\"Linearsysteme\"}]},{\"@type\":\"WebSite\",\"@id\":\"https:\/\/vansichen.be\/de\/#website\",\"url\":\"https:\/\/vansichen.be\/de\/\",\"name\":\"Vansichen Linear Technology\",\"description\":\"\",\"publisher\":{\"@id\":\"https:\/\/vansichen.be\/de\/#organization\"},\"potentialAction\":[{\"@type\":\"SearchAction\",\"target\":{\"@type\":\"EntryPoint\",\"urlTemplate\":\"https:\/\/vansichen.be\/de\/?s={search_term_string}\"},\"query-input\":{\"@type\":\"PropertyValueSpecification\",\"valueRequired\":true,\"valueName\":\"search_term_string\"}}],\"inLanguage\":\"de\"},{\"@type\":\"Organization\",\"@id\":\"https:\/\/vansichen.be\/de\/#organization\",\"name\":\"Vansichen Linear Technology\",\"url\":\"https:\/\/vansichen.be\/de\/\",\"logo\":{\"@type\":\"ImageObject\",\"inLanguage\":\"de\",\"@id\":\"https:\/\/vansichen.be\/de\/#\/schema\/logo\/image\/\",\"url\":\"https:\/\/vansichen.be\/wp-content\/uploads\/2020\/03\/Vansichen_home_2020_4.png\",\"contentUrl\":\"https:\/\/vansichen.be\/wp-content\/uploads\/2020\/03\/Vansichen_home_2020_4.png\",\"width\":260,\"height\":44,\"caption\":\"Vansichen Linear Technology\"},\"image\":{\"@id\":\"https:\/\/vansichen.be\/de\/#\/schema\/logo\/image\/\"}}]}<\/script>\n<!-- \/ Yoast SEO plugin. -->","yoast_head_json":{"title":"Linearsysteme - Konstruktion - Vansichen Linear Technology","description":"Die Konstruktionsabteilung von Vansichen Lineartechnik\u00a0entwirft und baut die Linearsysteme Ihrer Maschine oder Anlage. Entdecken Sie hier.","robots":{"index":"index","follow":"follow","max-snippet":"max-snippet:-1","max-image-preview":"max-image-preview:large","max-video-preview":"max-video-preview:-1"},"canonical":"https:\/\/vansichen.be\/de\/linearsysteme\/","og_locale":"de_DE","og_type":"article","og_title":"Linearsysteme - Konstruktion - Vansichen Linear Technology","og_description":"Die Konstruktionsabteilung von Vansichen Lineartechnik\u00a0entwirft und baut die Linearsysteme Ihrer Maschine oder Anlage. Entdecken Sie hier.","og_url":"https:\/\/vansichen.be\/de\/linearsysteme\/","og_site_name":"Vansichen Linear Technology","article_modified_time":"2025-12-10T13:52:36+00:00","twitter_card":"summary_large_image","twitter_misc":{"Gesch\u00e4tzte Lesezeit":"2\u00a0Minuten"},"schema":{"@context":"https:\/\/schema.org","@graph":[{"@type":"WebPage","@id":"https:\/\/vansichen.be\/de\/linearsysteme\/","url":"https:\/\/vansichen.be\/de\/linearsysteme\/","name":"Linearsysteme - Konstruktion - Vansichen Linear Technology","isPartOf":{"@id":"https:\/\/vansichen.be\/de\/#website"},"datePublished":"2020-05-12T09:25:34+00:00","dateModified":"2025-12-10T13:52:36+00:00","description":"Die Konstruktionsabteilung von Vansichen Lineartechnik\u00a0entwirft und baut die Linearsysteme Ihrer Maschine oder Anlage. Entdecken Sie hier.","breadcrumb":{"@id":"https:\/\/vansichen.be\/de\/linearsysteme\/#breadcrumb"},"inLanguage":"de","potentialAction":[{"@type":"ReadAction","target":["https:\/\/vansichen.be\/de\/linearsysteme\/"]}]},{"@type":"BreadcrumbList","@id":"https:\/\/vansichen.be\/de\/linearsysteme\/#breadcrumb","itemListElement":[{"@type":"ListItem","position":1,"name":"Home","item":"https:\/\/vansichen.be\/de\/"},{"@type":"ListItem","position":2,"name":"Linearsysteme"}]},{"@type":"WebSite","@id":"https:\/\/vansichen.be\/de\/#website","url":"https:\/\/vansichen.be\/de\/","name":"Vansichen Linear Technology","description":"","publisher":{"@id":"https:\/\/vansichen.be\/de\/#organization"},"potentialAction":[{"@type":"SearchAction","target":{"@type":"EntryPoint","urlTemplate":"https:\/\/vansichen.be\/de\/?s={search_term_string}"},"query-input":{"@type":"PropertyValueSpecification","valueRequired":true,"valueName":"search_term_string"}}],"inLanguage":"de"},{"@type":"Organization","@id":"https:\/\/vansichen.be\/de\/#organization","name":"Vansichen Linear Technology","url":"https:\/\/vansichen.be\/de\/","logo":{"@type":"ImageObject","inLanguage":"de","@id":"https:\/\/vansichen.be\/de\/#\/schema\/logo\/image\/","url":"https:\/\/vansichen.be\/wp-content\/uploads\/2020\/03\/Vansichen_home_2020_4.png","contentUrl":"https:\/\/vansichen.be\/wp-content\/uploads\/2020\/03\/Vansichen_home_2020_4.png","width":260,"height":44,"caption":"Vansichen Linear Technology"},"image":{"@id":"https:\/\/vansichen.be\/de\/#\/schema\/logo\/image\/"}}]}},"_links":{"self":[{"href":"https:\/\/vansichen.be\/de\/wp-json\/wp\/v2\/pages\/4495","targetHints":{"allow":["GET"]}}],"collection":[{"href":"https:\/\/vansichen.be\/de\/wp-json\/wp\/v2\/pages"}],"about":[{"href":"https:\/\/vansichen.be\/de\/wp-json\/wp\/v2\/types\/page"}],"author":[{"embeddable":true,"href":"https:\/\/vansichen.be\/de\/wp-json\/wp\/v2\/users\/4"}],"replies":[{"embeddable":true,"href":"https:\/\/vansichen.be\/de\/wp-json\/wp\/v2\/comments?post=4495"}],"version-history":[{"count":7,"href":"https:\/\/vansichen.be\/de\/wp-json\/wp\/v2\/pages\/4495\/revisions"}],"predecessor-version":[{"id":19955,"href":"https:\/\/vansichen.be\/de\/wp-json\/wp\/v2\/pages\/4495\/revisions\/19955"}],"wp:attachment":[{"href":"https:\/\/vansichen.be\/de\/wp-json\/wp\/v2\/media?parent=4495"}],"curies":[{"name":"wp","href":"https:\/\/api.w.org\/{rel}","templated":true}]}}