{"id":4685,"date":"2020-05-12T10:27:41","date_gmt":"2020-05-12T10:27:41","guid":{"rendered":"https:\/\/vansichen.be\/?page_id=4685"},"modified":"2026-02-04T10:05:45","modified_gmt":"2026-02-04T10:05:45","slug":"vansichen-bahr-mehrachs-linearsysteme","status":"publish","type":"page","link":"https:\/\/vansichen.be\/de\/linearsysteme\/mehrachs-linearsysteme\/vansichen-bahr-mehrachs-linearsysteme\/","title":{"rendered":"Vansichen-IMI Bahr: Mehrachs-Linearsysteme"},"content":{"rendered":"<div class=\"wpb-content-wrapper\"><p>[vc_row][vc_column][vc_custom_heading text=&#8220;VANSICHEN-IMI BAHR: MEHRACHS-LINEARSYSTEME&#8220; font_container=&#8220;tag:h1|font_size:53px|text_align:left|color:%23e6007e&#8220; google_fonts=&#8220;font_family:Source%20Sans%20Pro%3A200%2C200italic%2C300%2C300italic%2Cregular%2Citalic%2C600%2C600italic%2C700%2C700italic%2C900%2C900italic|font_style:900%20bold%20regular%3A900%3Anormal&#8220;][\/vc_column][\/vc_row][vc_row][vc_column width=&#8220;2\/3&#8243;][vc_column_text css=&#8220;&#8220;]<strong>Eine Kombination aus Aluminium und Stahl<\/strong><\/p>\n<p><a href=\"https:\/\/vansichen.be\/de\/\">Vansichen Linear Technology<\/a> entwickelt zusammen mit dem deutschen Lieferanten IMI Bahr Mehrachs-Linearsysteme und ma\u00dfgeschneiderte L\u00f6sungen f\u00fcr den Kunden. Eine Kombination aus Stahl und Aluminium ist die ideale L\u00f6sung f\u00fcr Festigkeit und Dauerhaftigkeit.[\/vc_column_text][vc_custom_heading text=&#8220;PARTNER&#8220; font_container=&#8220;tag:h2|font_size:20px|text_align:left|color:%23e6007e&#8220; google_fonts=&#8220;font_family:Source%20Sans%20Pro%3A200%2C200italic%2C300%2C300italic%2Cregular%2Citalic%2C600%2C600italic%2C700%2C700italic%2C900%2C900italic|font_style:900%20bold%20regular%3A900%3Anormal&#8220;][vc_row_inner el_class=&#8220;partners&#8220;][vc_column_inner width=&#8220;1\/3&#8243;][vc_single_image image=&#8220;17818&#8243; img_size=&#8220;full&#8220; onclick=&#8220;custom_link&#8220; img_link_target=&#8220;_blank&#8220; link=&#8220;https:\/\/www.bahr-modultechnik.de\/&#8220;][\/vc_column_inner][vc_column_inner width=&#8220;1\/3&#8243;][\/vc_column_inner][vc_column_inner width=&#8220;1\/3&#8243;][\/vc_column_inner][\/vc_row_inner][\/vc_column][vc_column width=&#8220;1\/3&#8243;][vc_widget_sidebar sidebar_id=&#8220;top-area-1&#8243;][\/vc_column][\/vc_row][vc_row][vc_column][vc_empty_space height=&#8220;40px&#8220;][vc_gallery type=&#8220;image_grid&#8220; images=&#8220;5880,5876,5872&#8243; img_size=&#8220;full&#8220; el_class=&#8220;hover-gallery&#8220;][\/vc_column][\/vc_row]<\/p>\n<\/div>","protected":false},"excerpt":{"rendered":"<p>[vc_row][vc_column][vc_custom_heading text=&#8220;VANSICHEN-IMI BAHR: MEHRACHS-LINEARSYSTEME&#8220; font_container=&#8220;tag:h1|font_size:53px|text_align:left|color:%23e6007e&#8220; google_fonts=&#8220;font_family:Source%20Sans%20Pro%3A200%2C200italic%2C300%2C300italic%2Cregular%2Citalic%2C600%2C600italic%2C700%2C700italic%2C900%2C900italic|font_style:900%20bold%20regular%3A900%3Anormal&#8220;][\/vc_column][\/vc_row][vc_row][vc_column width=&#8220;2\/3&#8243;][vc_column_text css=&#8220;&#8220;]Eine Kombination aus Aluminium und Stahl Vansichen Linear Technology entwickelt zusammen mit dem<span class=\"excerpt-hellip\"> [\u2026]<\/span><\/p>\n","protected":false},"author":4,"featured_media":0,"parent":4669,"menu_order":0,"comment_status":"closed","ping_status":"closed","template":"","meta":{"inline_featured_image":false,"footnotes":""},"class_list":["post-4685","page","type-page","status-publish","hentry"],"yoast_head":"<!-- This site is optimized with the Yoast SEO plugin v26.8 - https:\/\/yoast.com\/product\/yoast-seo-wordpress\/ -->\n<title>Vansichen-IMI Bahr: Mehrachs-Linearsysteme - Vansichen Linear Technology<\/title>\n<meta name=\"description\" content=\"Vansichen Linear Technology entwickelt zusammen mit dem deutschen Lieferanten IMI Bahr Mehrachs-Linearsysteme und ma\u00dfgeschneiderte L\u00f6sungen.\" \/>\n<meta name=\"robots\" content=\"index, follow, max-snippet:-1, max-image-preview:large, max-video-preview:-1\" \/>\n<link rel=\"canonical\" href=\"https:\/\/vansichen.be\/de\/linearsysteme\/mehrachs-linearsysteme\/vansichen-bahr-mehrachs-linearsysteme\/\" \/>\n<meta property=\"og:locale\" content=\"de_DE\" \/>\n<meta property=\"og:type\" content=\"article\" \/>\n<meta property=\"og:title\" content=\"Vansichen-IMI Bahr: Mehrachs-Linearsysteme - Vansichen Linear Technology\" \/>\n<meta property=\"og:description\" content=\"Vansichen Linear Technology entwickelt zusammen mit dem deutschen Lieferanten IMI Bahr Mehrachs-Linearsysteme und ma\u00dfgeschneiderte L\u00f6sungen.\" \/>\n<meta property=\"og:url\" content=\"https:\/\/vansichen.be\/de\/linearsysteme\/mehrachs-linearsysteme\/vansichen-bahr-mehrachs-linearsysteme\/\" \/>\n<meta property=\"og:site_name\" content=\"Vansichen Linear Technology\" \/>\n<meta property=\"article:modified_time\" content=\"2026-02-04T10:05:45+00:00\" \/>\n<meta name=\"twitter:card\" content=\"summary_large_image\" \/>\n<meta name=\"twitter:label1\" content=\"Gesch\u00e4tzte Lesezeit\" \/>\n\t<meta name=\"twitter:data1\" content=\"1\u00a0Minute\" \/>\n<script type=\"application\/ld+json\" class=\"yoast-schema-graph\">{\"@context\":\"https:\/\/schema.org\",\"@graph\":[{\"@type\":\"WebPage\",\"@id\":\"https:\/\/vansichen.be\/de\/linearsysteme\/mehrachs-linearsysteme\/vansichen-bahr-mehrachs-linearsysteme\/\",\"url\":\"https:\/\/vansichen.be\/de\/linearsysteme\/mehrachs-linearsysteme\/vansichen-bahr-mehrachs-linearsysteme\/\",\"name\":\"Vansichen-IMI Bahr: Mehrachs-Linearsysteme - Vansichen Linear Technology\",\"isPartOf\":{\"@id\":\"https:\/\/vansichen.be\/de\/#website\"},\"datePublished\":\"2020-05-12T10:27:41+00:00\",\"dateModified\":\"2026-02-04T10:05:45+00:00\",\"description\":\"Vansichen Linear Technology entwickelt zusammen mit dem deutschen Lieferanten IMI Bahr Mehrachs-Linearsysteme und ma\u00dfgeschneiderte L\u00f6sungen.\",\"breadcrumb\":{\"@id\":\"https:\/\/vansichen.be\/de\/linearsysteme\/mehrachs-linearsysteme\/vansichen-bahr-mehrachs-linearsysteme\/#breadcrumb\"},\"inLanguage\":\"de\",\"potentialAction\":[{\"@type\":\"ReadAction\",\"target\":[\"https:\/\/vansichen.be\/de\/linearsysteme\/mehrachs-linearsysteme\/vansichen-bahr-mehrachs-linearsysteme\/\"]}]},{\"@type\":\"BreadcrumbList\",\"@id\":\"https:\/\/vansichen.be\/de\/linearsysteme\/mehrachs-linearsysteme\/vansichen-bahr-mehrachs-linearsysteme\/#breadcrumb\",\"itemListElement\":[{\"@type\":\"ListItem\",\"position\":1,\"name\":\"Home\",\"item\":\"https:\/\/vansichen.be\/de\/\"},{\"@type\":\"ListItem\",\"position\":2,\"name\":\"Linearsysteme\",\"item\":\"https:\/\/vansichen.be\/de\/linearsysteme\/\"},{\"@type\":\"ListItem\",\"position\":3,\"name\":\"Mehrachs-Linearsysteme\",\"item\":\"https:\/\/vansichen.be\/de\/linearsysteme\/mehrachs-linearsysteme\/\"},{\"@type\":\"ListItem\",\"position\":4,\"name\":\"Vansichen-IMI Bahr: Mehrachs-Linearsysteme\"}]},{\"@type\":\"WebSite\",\"@id\":\"https:\/\/vansichen.be\/de\/#website\",\"url\":\"https:\/\/vansichen.be\/de\/\",\"name\":\"Vansichen Linear Technology\",\"description\":\"\",\"publisher\":{\"@id\":\"https:\/\/vansichen.be\/de\/#organization\"},\"potentialAction\":[{\"@type\":\"SearchAction\",\"target\":{\"@type\":\"EntryPoint\",\"urlTemplate\":\"https:\/\/vansichen.be\/de\/?s={search_term_string}\"},\"query-input\":{\"@type\":\"PropertyValueSpecification\",\"valueRequired\":true,\"valueName\":\"search_term_string\"}}],\"inLanguage\":\"de\"},{\"@type\":\"Organization\",\"@id\":\"https:\/\/vansichen.be\/de\/#organization\",\"name\":\"Vansichen Linear Technology\",\"url\":\"https:\/\/vansichen.be\/de\/\",\"logo\":{\"@type\":\"ImageObject\",\"inLanguage\":\"de\",\"@id\":\"https:\/\/vansichen.be\/de\/#\/schema\/logo\/image\/\",\"url\":\"https:\/\/vansichen.be\/wp-content\/uploads\/2020\/03\/Vansichen_home_2020_4.png\",\"contentUrl\":\"https:\/\/vansichen.be\/wp-content\/uploads\/2020\/03\/Vansichen_home_2020_4.png\",\"width\":260,\"height\":44,\"caption\":\"Vansichen Linear Technology\"},\"image\":{\"@id\":\"https:\/\/vansichen.be\/de\/#\/schema\/logo\/image\/\"}}]}<\/script>\n<!-- \/ Yoast SEO plugin. -->","yoast_head_json":{"title":"Vansichen-IMI Bahr: Mehrachs-Linearsysteme - Vansichen Linear Technology","description":"Vansichen Linear Technology entwickelt zusammen mit dem deutschen Lieferanten IMI Bahr Mehrachs-Linearsysteme und ma\u00dfgeschneiderte L\u00f6sungen.","robots":{"index":"index","follow":"follow","max-snippet":"max-snippet:-1","max-image-preview":"max-image-preview:large","max-video-preview":"max-video-preview:-1"},"canonical":"https:\/\/vansichen.be\/de\/linearsysteme\/mehrachs-linearsysteme\/vansichen-bahr-mehrachs-linearsysteme\/","og_locale":"de_DE","og_type":"article","og_title":"Vansichen-IMI Bahr: Mehrachs-Linearsysteme - Vansichen Linear Technology","og_description":"Vansichen Linear Technology entwickelt zusammen mit dem deutschen Lieferanten IMI Bahr Mehrachs-Linearsysteme und ma\u00dfgeschneiderte L\u00f6sungen.","og_url":"https:\/\/vansichen.be\/de\/linearsysteme\/mehrachs-linearsysteme\/vansichen-bahr-mehrachs-linearsysteme\/","og_site_name":"Vansichen Linear Technology","article_modified_time":"2026-02-04T10:05:45+00:00","twitter_card":"summary_large_image","twitter_misc":{"Gesch\u00e4tzte Lesezeit":"1\u00a0Minute"},"schema":{"@context":"https:\/\/schema.org","@graph":[{"@type":"WebPage","@id":"https:\/\/vansichen.be\/de\/linearsysteme\/mehrachs-linearsysteme\/vansichen-bahr-mehrachs-linearsysteme\/","url":"https:\/\/vansichen.be\/de\/linearsysteme\/mehrachs-linearsysteme\/vansichen-bahr-mehrachs-linearsysteme\/","name":"Vansichen-IMI Bahr: Mehrachs-Linearsysteme - Vansichen Linear Technology","isPartOf":{"@id":"https:\/\/vansichen.be\/de\/#website"},"datePublished":"2020-05-12T10:27:41+00:00","dateModified":"2026-02-04T10:05:45+00:00","description":"Vansichen Linear Technology entwickelt zusammen mit dem deutschen Lieferanten IMI Bahr Mehrachs-Linearsysteme und ma\u00dfgeschneiderte L\u00f6sungen.","breadcrumb":{"@id":"https:\/\/vansichen.be\/de\/linearsysteme\/mehrachs-linearsysteme\/vansichen-bahr-mehrachs-linearsysteme\/#breadcrumb"},"inLanguage":"de","potentialAction":[{"@type":"ReadAction","target":["https:\/\/vansichen.be\/de\/linearsysteme\/mehrachs-linearsysteme\/vansichen-bahr-mehrachs-linearsysteme\/"]}]},{"@type":"BreadcrumbList","@id":"https:\/\/vansichen.be\/de\/linearsysteme\/mehrachs-linearsysteme\/vansichen-bahr-mehrachs-linearsysteme\/#breadcrumb","itemListElement":[{"@type":"ListItem","position":1,"name":"Home","item":"https:\/\/vansichen.be\/de\/"},{"@type":"ListItem","position":2,"name":"Linearsysteme","item":"https:\/\/vansichen.be\/de\/linearsysteme\/"},{"@type":"ListItem","position":3,"name":"Mehrachs-Linearsysteme","item":"https:\/\/vansichen.be\/de\/linearsysteme\/mehrachs-linearsysteme\/"},{"@type":"ListItem","position":4,"name":"Vansichen-IMI Bahr: Mehrachs-Linearsysteme"}]},{"@type":"WebSite","@id":"https:\/\/vansichen.be\/de\/#website","url":"https:\/\/vansichen.be\/de\/","name":"Vansichen Linear Technology","description":"","publisher":{"@id":"https:\/\/vansichen.be\/de\/#organization"},"potentialAction":[{"@type":"SearchAction","target":{"@type":"EntryPoint","urlTemplate":"https:\/\/vansichen.be\/de\/?s={search_term_string}"},"query-input":{"@type":"PropertyValueSpecification","valueRequired":true,"valueName":"search_term_string"}}],"inLanguage":"de"},{"@type":"Organization","@id":"https:\/\/vansichen.be\/de\/#organization","name":"Vansichen Linear Technology","url":"https:\/\/vansichen.be\/de\/","logo":{"@type":"ImageObject","inLanguage":"de","@id":"https:\/\/vansichen.be\/de\/#\/schema\/logo\/image\/","url":"https:\/\/vansichen.be\/wp-content\/uploads\/2020\/03\/Vansichen_home_2020_4.png","contentUrl":"https:\/\/vansichen.be\/wp-content\/uploads\/2020\/03\/Vansichen_home_2020_4.png","width":260,"height":44,"caption":"Vansichen Linear Technology"},"image":{"@id":"https:\/\/vansichen.be\/de\/#\/schema\/logo\/image\/"}}]}},"_links":{"self":[{"href":"https:\/\/vansichen.be\/de\/wp-json\/wp\/v2\/pages\/4685","targetHints":{"allow":["GET"]}}],"collection":[{"href":"https:\/\/vansichen.be\/de\/wp-json\/wp\/v2\/pages"}],"about":[{"href":"https:\/\/vansichen.be\/de\/wp-json\/wp\/v2\/types\/page"}],"author":[{"embeddable":true,"href":"https:\/\/vansichen.be\/de\/wp-json\/wp\/v2\/users\/4"}],"replies":[{"embeddable":true,"href":"https:\/\/vansichen.be\/de\/wp-json\/wp\/v2\/comments?post=4685"}],"version-history":[{"count":5,"href":"https:\/\/vansichen.be\/de\/wp-json\/wp\/v2\/pages\/4685\/revisions"}],"predecessor-version":[{"id":18602,"href":"https:\/\/vansichen.be\/de\/wp-json\/wp\/v2\/pages\/4685\/revisions\/18602"}],"up":[{"embeddable":true,"href":"https:\/\/vansichen.be\/de\/wp-json\/wp\/v2\/pages\/4669"}],"wp:attachment":[{"href":"https:\/\/vansichen.be\/de\/wp-json\/wp\/v2\/media?parent=4685"}],"curies":[{"name":"wp","href":"https:\/\/api.w.org\/{rel}","templated":true}]}}