{"id":8723,"date":"2020-06-07T16:02:15","date_gmt":"2020-06-07T16:02:15","guid":{"rendered":"https:\/\/vansichen.be\/?page_id=8723"},"modified":"2024-12-02T13:01:41","modified_gmt":"2024-12-02T13:01:41","slug":"planetenrollengewindetriebe","status":"publish","type":"page","link":"https:\/\/vansichen.be\/de\/standardkomponenten-lineartechnik\/antriebselemente\/planetenrollengewindetriebe\/","title":{"rendered":"Planetenrollengewindetriebe"},"content":{"rendered":"<div class=\"wpb-content-wrapper\"><p>[vc_row][vc_column][vc_custom_heading text=&#8220;PLANETENROLLENGEWINDETRIEBE&#8220; font_container=&#8220;tag:h1|font_size:53px|text_align:left|color:%23e6007e&#8220; google_fonts=&#8220;font_family:Source%20Sans%20Pro%3A200%2C200italic%2C300%2C300italic%2Cregular%2Citalic%2C600%2C600italic%2C700%2C700italic%2C900%2C900italic|font_style:900%20bold%20regular%3A900%3Anormal&#8220;][vc_column_text css=&#8220;&#8220;]Planetenrollengewindetriebe bzw. das Planetenrollengewindetriebsystem umfasst eine gewirbelte oder geschliffene Spindel mit einer mit Tragrollen versehenen Mutter. Die spezielle dreieckige Geometrie des Gewindes ist ein besonderes Merkmal dieses Systems. Aufgrund der Form der Kontaktfl\u00e4che und der gro\u00dfen Anzahl von Planeten wird eine sehr hohe Tragf\u00e4higkeit erreicht. Anwendungen finden sich in Pressen, als Ersatz f\u00fcr Hydraulikzylinder und andere industrielle Anwendungen mit hoher Belastung. Die Spindeln sind mit Durchmessern von 16 bis 100 mm und mit Steigungen von 5 bis 15 mm erh\u00e4ltlich. Die Spindeln k\u00f6nnen mit einer L\u00e4nge von bis zu 5500 mm und in verschiedenen Genauigkeitsklassen hergestellt werden.[\/vc_column_text][vc_gallery type=&#8220;image_grid&#8220; images=&#8220;9646&#8243; img_size=&#8220;full&#8220; el_class=&#8220;hover-gallery&#8220;][\/vc_column][\/vc_row][vc_row][vc_column width=&#8220;2\/3&#8243;][vc_custom_heading text=&#8220;MERKMALE&#8220; font_container=&#8220;tag:h2|font_size:20px|text_align:left|color:%23e6007e&#8220; google_fonts=&#8220;font_family:Source%20Sans%20Pro%3A200%2C200italic%2C300%2C300italic%2Cregular%2Citalic%2C600%2C600italic%2C700%2C700italic%2C900%2C900italic|font_style:900%20bold%20regular%3A900%3Anormal&#8220;][vc_column_text css=&#8220;&#8220;]<\/p>\n<ul>\n<li>Abmessungen nach Wunsch<\/li>\n<li>Durchmesser von 16-100 mm<\/li>\n<li>Steigung 5-15 mm<\/li>\n<li>Gewindel\u00e4nge bis zu 5500\u00a0mm<\/li>\n<li>Genauigkeiten: G5: 23 \u03bcm\/300 mm | G7: 52 \u03bcm\/300 mm<\/li>\n<\/ul>\n<p>[\/vc_column_text][vc_custom_heading text=&#8220;PARTNER&#8220; font_container=&#8220;tag:h2|font_size:20px|text_align:left|color:%23e6007e&#8220; google_fonts=&#8220;font_family:Source%20Sans%20Pro%3A200%2C200italic%2C300%2C300italic%2Cregular%2Citalic%2C600%2C600italic%2C700%2C700italic%2C900%2C900italic|font_style:900%20bold%20regular%3A900%3Anormal&#8220;][vc_row_inner el_class=&#8220;partners&#8220;][vc_column_inner width=&#8220;1\/3&#8243;][vc_single_image image=&#8220;8732&#8243; img_size=&#8220;full&#8220; onclick=&#8220;custom_link&#8220; img_link_target=&#8220;_blank&#8220; link=&#8220;https:\/\/ltk.de\/&#8220;][\/vc_column_inner][vc_column_inner width=&#8220;1\/3&#8243;][\/vc_column_inner][vc_column_inner width=&#8220;1\/3&#8243;][\/vc_column_inner][\/vc_row_inner][vc_custom_heading text=&#8220;DOWNLOADS&#8220; font_container=&#8220;tag:h2|font_size:20px|text_align:left|color:%23e6007e&#8220; google_fonts=&#8220;font_family:Source%20Sans%20Pro%3A200%2C200italic%2C300%2C300italic%2Cregular%2Citalic%2C600%2C600italic%2C700%2C700italic%2C900%2C900italic|font_style:900%20bold%20regular%3A900%3Anormal&#8220;][vc_column_text]<a href=\"\/wp-content\/uploads\/2023\/06\/Planeetrolspindels-CC-2023.pdf\" target=\"_blank\" rel=\"noopener noreferrer\">Kompact Katalog Vansichen &#8211; Planetenrollengewindetriebe<\/a><br \/>\n<span style=\"color: #e6007e;\"><br \/>\n<\/span>[\/vc_column_text][\/vc_column][vc_column width=&#8220;1\/3&#8243;][vc_widget_sidebar sidebar_id=&#8220;top-area-1&#8243;][\/vc_column][\/vc_row]<\/p>\n<\/div>","protected":false},"excerpt":{"rendered":"<p>[vc_row][vc_column][vc_custom_heading text=&#8220;PLANETENROLLENGEWINDETRIEBE&#8220; font_container=&#8220;tag:h1|font_size:53px|text_align:left|color:%23e6007e&#8220; google_fonts=&#8220;font_family:Source%20Sans%20Pro%3A200%2C200italic%2C300%2C300italic%2Cregular%2Citalic%2C600%2C600italic%2C700%2C700italic%2C900%2C900italic|font_style:900%20bold%20regular%3A900%3Anormal&#8220;][vc_column_text css=&#8220;&#8220;]Planetenrollengewindetriebe bzw. das Planetenrollengewindetriebsystem umfasst eine gewirbelte oder geschliffene Spindel mit einer mit Tragrollen versehenen Mutter.<span class=\"excerpt-hellip\"> [\u2026]<\/span><\/p>\n","protected":false},"author":4,"featured_media":0,"parent":2544,"menu_order":0,"comment_status":"closed","ping_status":"closed","template":"","meta":{"inline_featured_image":false,"footnotes":""},"class_list":["post-8723","page","type-page","status-publish","hentry"],"yoast_head":"<!-- This site is optimized with the Yoast SEO plugin v26.8 - https:\/\/yoast.com\/product\/yoast-seo-wordpress\/ -->\n<title>Planetenrollengewindetriebe - Vansichen Linear Technology<\/title>\n<meta name=\"description\" content=\"Planetenrollengewindetriebe umfassen eine gewirbelte oder geschliffene Spindel mit einer mit Tragrollen versehenen Mutter.\" \/>\n<meta name=\"robots\" content=\"index, follow, max-snippet:-1, max-image-preview:large, max-video-preview:-1\" \/>\n<link rel=\"canonical\" href=\"https:\/\/vansichen.be\/de\/standardkomponenten-lineartechnik\/antriebselemente\/planetenrollengewindetriebe\/\" \/>\n<meta property=\"og:locale\" content=\"de_DE\" \/>\n<meta property=\"og:type\" content=\"article\" \/>\n<meta property=\"og:title\" content=\"Planetenrollengewindetriebe - Vansichen Linear Technology\" \/>\n<meta property=\"og:description\" content=\"Planetenrollengewindetriebe umfassen eine gewirbelte oder geschliffene Spindel mit einer mit Tragrollen versehenen Mutter.\" \/>\n<meta property=\"og:url\" content=\"https:\/\/vansichen.be\/de\/standardkomponenten-lineartechnik\/antriebselemente\/planetenrollengewindetriebe\/\" \/>\n<meta property=\"og:site_name\" content=\"Vansichen Linear Technology\" \/>\n<meta property=\"article:modified_time\" content=\"2024-12-02T13:01:41+00:00\" \/>\n<meta name=\"twitter:card\" content=\"summary_large_image\" \/>\n<meta name=\"twitter:label1\" content=\"Gesch\u00e4tzte Lesezeit\" \/>\n\t<meta name=\"twitter:data1\" content=\"2\u00a0Minuten\" \/>\n<script type=\"application\/ld+json\" class=\"yoast-schema-graph\">{\"@context\":\"https:\/\/schema.org\",\"@graph\":[{\"@type\":\"WebPage\",\"@id\":\"https:\/\/vansichen.be\/de\/standardkomponenten-lineartechnik\/antriebselemente\/planetenrollengewindetriebe\/\",\"url\":\"https:\/\/vansichen.be\/de\/standardkomponenten-lineartechnik\/antriebselemente\/planetenrollengewindetriebe\/\",\"name\":\"Planetenrollengewindetriebe - Vansichen Linear Technology\",\"isPartOf\":{\"@id\":\"https:\/\/vansichen.be\/de\/#website\"},\"datePublished\":\"2020-06-07T16:02:15+00:00\",\"dateModified\":\"2024-12-02T13:01:41+00:00\",\"description\":\"Planetenrollengewindetriebe umfassen eine gewirbelte oder geschliffene Spindel mit einer mit Tragrollen versehenen Mutter.\",\"breadcrumb\":{\"@id\":\"https:\/\/vansichen.be\/de\/standardkomponenten-lineartechnik\/antriebselemente\/planetenrollengewindetriebe\/#breadcrumb\"},\"inLanguage\":\"de\",\"potentialAction\":[{\"@type\":\"ReadAction\",\"target\":[\"https:\/\/vansichen.be\/de\/standardkomponenten-lineartechnik\/antriebselemente\/planetenrollengewindetriebe\/\"]}]},{\"@type\":\"BreadcrumbList\",\"@id\":\"https:\/\/vansichen.be\/de\/standardkomponenten-lineartechnik\/antriebselemente\/planetenrollengewindetriebe\/#breadcrumb\",\"itemListElement\":[{\"@type\":\"ListItem\",\"position\":1,\"name\":\"Home\",\"item\":\"https:\/\/vansichen.be\/de\/\"},{\"@type\":\"ListItem\",\"position\":2,\"name\":\"Standardkomponenten f\u00fcr Lineartechnik\",\"item\":\"https:\/\/vansichen.be\/de\/standardkomponenten-lineartechnik\/\"},{\"@type\":\"ListItem\",\"position\":3,\"name\":\"Antriebselemente\",\"item\":\"https:\/\/vansichen.be\/de\/standardkomponenten-lineartechnik\/antriebselemente\/\"},{\"@type\":\"ListItem\",\"position\":4,\"name\":\"Planetenrollengewindetriebe\"}]},{\"@type\":\"WebSite\",\"@id\":\"https:\/\/vansichen.be\/de\/#website\",\"url\":\"https:\/\/vansichen.be\/de\/\",\"name\":\"Vansichen Linear Technology\",\"description\":\"\",\"publisher\":{\"@id\":\"https:\/\/vansichen.be\/de\/#organization\"},\"potentialAction\":[{\"@type\":\"SearchAction\",\"target\":{\"@type\":\"EntryPoint\",\"urlTemplate\":\"https:\/\/vansichen.be\/de\/?s={search_term_string}\"},\"query-input\":{\"@type\":\"PropertyValueSpecification\",\"valueRequired\":true,\"valueName\":\"search_term_string\"}}],\"inLanguage\":\"de\"},{\"@type\":\"Organization\",\"@id\":\"https:\/\/vansichen.be\/de\/#organization\",\"name\":\"Vansichen Linear Technology\",\"url\":\"https:\/\/vansichen.be\/de\/\",\"logo\":{\"@type\":\"ImageObject\",\"inLanguage\":\"de\",\"@id\":\"https:\/\/vansichen.be\/de\/#\/schema\/logo\/image\/\",\"url\":\"https:\/\/vansichen.be\/wp-content\/uploads\/2020\/03\/Vansichen_home_2020_4.png\",\"contentUrl\":\"https:\/\/vansichen.be\/wp-content\/uploads\/2020\/03\/Vansichen_home_2020_4.png\",\"width\":260,\"height\":44,\"caption\":\"Vansichen Linear Technology\"},\"image\":{\"@id\":\"https:\/\/vansichen.be\/de\/#\/schema\/logo\/image\/\"}}]}<\/script>\n<!-- \/ Yoast SEO plugin. -->","yoast_head_json":{"title":"Planetenrollengewindetriebe - Vansichen Linear Technology","description":"Planetenrollengewindetriebe umfassen eine gewirbelte oder geschliffene Spindel mit einer mit Tragrollen versehenen Mutter.","robots":{"index":"index","follow":"follow","max-snippet":"max-snippet:-1","max-image-preview":"max-image-preview:large","max-video-preview":"max-video-preview:-1"},"canonical":"https:\/\/vansichen.be\/de\/standardkomponenten-lineartechnik\/antriebselemente\/planetenrollengewindetriebe\/","og_locale":"de_DE","og_type":"article","og_title":"Planetenrollengewindetriebe - Vansichen Linear Technology","og_description":"Planetenrollengewindetriebe umfassen eine gewirbelte oder geschliffene Spindel mit einer mit Tragrollen versehenen Mutter.","og_url":"https:\/\/vansichen.be\/de\/standardkomponenten-lineartechnik\/antriebselemente\/planetenrollengewindetriebe\/","og_site_name":"Vansichen Linear Technology","article_modified_time":"2024-12-02T13:01:41+00:00","twitter_card":"summary_large_image","twitter_misc":{"Gesch\u00e4tzte Lesezeit":"2\u00a0Minuten"},"schema":{"@context":"https:\/\/schema.org","@graph":[{"@type":"WebPage","@id":"https:\/\/vansichen.be\/de\/standardkomponenten-lineartechnik\/antriebselemente\/planetenrollengewindetriebe\/","url":"https:\/\/vansichen.be\/de\/standardkomponenten-lineartechnik\/antriebselemente\/planetenrollengewindetriebe\/","name":"Planetenrollengewindetriebe - Vansichen Linear Technology","isPartOf":{"@id":"https:\/\/vansichen.be\/de\/#website"},"datePublished":"2020-06-07T16:02:15+00:00","dateModified":"2024-12-02T13:01:41+00:00","description":"Planetenrollengewindetriebe umfassen eine gewirbelte oder geschliffene Spindel mit einer mit Tragrollen versehenen Mutter.","breadcrumb":{"@id":"https:\/\/vansichen.be\/de\/standardkomponenten-lineartechnik\/antriebselemente\/planetenrollengewindetriebe\/#breadcrumb"},"inLanguage":"de","potentialAction":[{"@type":"ReadAction","target":["https:\/\/vansichen.be\/de\/standardkomponenten-lineartechnik\/antriebselemente\/planetenrollengewindetriebe\/"]}]},{"@type":"BreadcrumbList","@id":"https:\/\/vansichen.be\/de\/standardkomponenten-lineartechnik\/antriebselemente\/planetenrollengewindetriebe\/#breadcrumb","itemListElement":[{"@type":"ListItem","position":1,"name":"Home","item":"https:\/\/vansichen.be\/de\/"},{"@type":"ListItem","position":2,"name":"Standardkomponenten f\u00fcr Lineartechnik","item":"https:\/\/vansichen.be\/de\/standardkomponenten-lineartechnik\/"},{"@type":"ListItem","position":3,"name":"Antriebselemente","item":"https:\/\/vansichen.be\/de\/standardkomponenten-lineartechnik\/antriebselemente\/"},{"@type":"ListItem","position":4,"name":"Planetenrollengewindetriebe"}]},{"@type":"WebSite","@id":"https:\/\/vansichen.be\/de\/#website","url":"https:\/\/vansichen.be\/de\/","name":"Vansichen Linear Technology","description":"","publisher":{"@id":"https:\/\/vansichen.be\/de\/#organization"},"potentialAction":[{"@type":"SearchAction","target":{"@type":"EntryPoint","urlTemplate":"https:\/\/vansichen.be\/de\/?s={search_term_string}"},"query-input":{"@type":"PropertyValueSpecification","valueRequired":true,"valueName":"search_term_string"}}],"inLanguage":"de"},{"@type":"Organization","@id":"https:\/\/vansichen.be\/de\/#organization","name":"Vansichen Linear Technology","url":"https:\/\/vansichen.be\/de\/","logo":{"@type":"ImageObject","inLanguage":"de","@id":"https:\/\/vansichen.be\/de\/#\/schema\/logo\/image\/","url":"https:\/\/vansichen.be\/wp-content\/uploads\/2020\/03\/Vansichen_home_2020_4.png","contentUrl":"https:\/\/vansichen.be\/wp-content\/uploads\/2020\/03\/Vansichen_home_2020_4.png","width":260,"height":44,"caption":"Vansichen Linear Technology"},"image":{"@id":"https:\/\/vansichen.be\/de\/#\/schema\/logo\/image\/"}}]}},"_links":{"self":[{"href":"https:\/\/vansichen.be\/de\/wp-json\/wp\/v2\/pages\/8723","targetHints":{"allow":["GET"]}}],"collection":[{"href":"https:\/\/vansichen.be\/de\/wp-json\/wp\/v2\/pages"}],"about":[{"href":"https:\/\/vansichen.be\/de\/wp-json\/wp\/v2\/types\/page"}],"author":[{"embeddable":true,"href":"https:\/\/vansichen.be\/de\/wp-json\/wp\/v2\/users\/4"}],"replies":[{"embeddable":true,"href":"https:\/\/vansichen.be\/de\/wp-json\/wp\/v2\/comments?post=8723"}],"version-history":[{"count":5,"href":"https:\/\/vansichen.be\/de\/wp-json\/wp\/v2\/pages\/8723\/revisions"}],"predecessor-version":[{"id":18313,"href":"https:\/\/vansichen.be\/de\/wp-json\/wp\/v2\/pages\/8723\/revisions\/18313"}],"up":[{"embeddable":true,"href":"https:\/\/vansichen.be\/de\/wp-json\/wp\/v2\/pages\/2544"}],"wp:attachment":[{"href":"https:\/\/vansichen.be\/de\/wp-json\/wp\/v2\/media?parent=8723"}],"curies":[{"name":"wp","href":"https:\/\/api.w.org\/{rel}","templated":true}]}}