{"id":12293,"date":"2022-07-14T15:15:48","date_gmt":"2022-07-14T15:15:48","guid":{"rendered":"https:\/\/vansichen.be\/?page_id=12293"},"modified":"2025-11-27T12:37:36","modified_gmt":"2025-11-27T12:37:36","slug":"positionneurs","status":"publish","type":"page","link":"https:\/\/vansichen.be\/fr\/positionneurs","title":{"rendered":"Positionneurs"},"content":{"rendered":"<div class=\"wpb-content-wrapper\"><p>[vc_row][vc_column][vc_custom_heading text=\u00a0\u00bbPOSITIONNEURS\u00a0\u00bb font_container=\u00a0\u00bbtag:h1|font_size:53px|text_align:left|color:%23e6007e\u00a0\u00bb google_fonts=\u00a0\u00bbfont_family:Source%20Sans%20Pro%3A200%2C200italic%2C300%2C300italic%2Cregular%2Citalic%2C600%2C600italic%2C700%2C700italic%2C900%2C900italic|font_style:900%20bold%20regular%3A900%3Anormal\u00a0\u00bb][\/vc_column][\/vc_row][vc_row][vc_column width=\u00a0\u00bb2\/3&Prime;][vc_column_text]<\/p>\n<div class=\"wpb_text_column wpb_content_element \">\n<div class=\"wpb_wrapper\">\n<div class=\"ce_text blocker block\">\n<p>Notre vaste gamme de positionneurs permet de trouver des solutions individuelles pour toutes les conditions pouvant s\u2019av\u00e9rer particuli\u00e8res, telles que des zones de protection contre les explosions, des salles blanches, des mat\u00e9riaux agressifs ou de grandes quantit\u00e9s de poussi\u00e8re.<\/p>\n<\/div>\n<\/div>\n<\/div>\n<p>[\/vc_column_text][vc_btn title=\u00a0\u00bbAper\u00e7u de tous les positionneurs possibles\u00a0\u00bb shape=\u00a0\u00bbsquare\u00a0\u00bb color=\u00a0\u00bbjuicy-pink\u00a0\u00bb i_icon_fontawesome=\u00a0\u00bbfas fa-arrow-right\u00a0\u00bb add_icon=\u00a0\u00bbtrue\u00a0\u00bb link=\u00a0\u00bburl:https%3A%2F%2Fvansichen.be%2Fwp-content%2Fuploads%2F2022%2F07%2FSimkon_postioner_catalogus.pdf|target:_blank\u00a0\u00bb el_class=\u00a0\u00bbpink-btn\u00a0\u00bb][vc_column_text]<\/p>\n<div class=\"wpb_text_column wpb_content_element \">\n<div class=\"wpb_wrapper\">\n<div class=\"ce_text blocker block\">\n<p>Une conception \u00e9conomique, une automatisation efficace et une excellente qualit\u00e9 de produits ne constituent en rien des contradictions, bien au contraire\u00a0!<\/p>\n<p>Dans toutes nos conceptions et applications sp\u00e9cifiques \u00e0 chaque client, nous nous concentrons sur\u00a0:<\/p>\n<ul>\n<li>Une conception et une construction en interne, et donc exclusivement allemandes<\/li>\n<li>Des applications modernes et \u00e0 la pointe de la technologie<\/li>\n<li>Un calcul professionnel de la disposition des entra\u00eenements<\/li>\n<li>Une conception solide et statique des dimensions<\/li>\n<li>Une conception professionnelle de la cha\u00eene \u00e9nerg\u00e9tique<\/li>\n<li>Une fixation et un palier rotatif de dimensions suffisantes<\/li>\n<li>Des plateaux robustes et conformes aux sp\u00e9cifications du client<\/li>\n<\/ul>\n<p>Tous nos produits sont livr\u00e9s accompagn\u00e9s d\u2019une documentation conforme aux normes\u00a0CE. Sur demande, nous pouvons vous fournir les sch\u00e9mas au format 2D et 3D, ainsi que toutes les descriptions et les programmes d\u2019entretien.<\/p>\n<p>Outre un montage professionnel sur site et un service apr\u00e8s-vente complet, nous offrons \u00e9galement la possibilit\u00e9 de mettre votre syst\u00e8me en service dans nos locaux.<\/p>\n<\/div>\n<\/div>\n<\/div>\n<p>[\/vc_column_text][vc_custom_heading text=\u00a0\u00bbDOWNLOADS\u00a0\u00bb font_container=\u00a0\u00bbtag:h2|font_size:20px|text_align:left|color:%23e6007e\u00a0\u00bb google_fonts=\u00a0\u00bbfont_family:Source%20Sans%20Pro%3A200%2C200italic%2C300%2C300italic%2Cregular%2Citalic%2C600%2C600italic%2C700%2C700italic%2C900%2C900italic|font_style:900%20bold%20regular%3A900%3Anormal\u00a0\u00bb][vc_column_text css=\u00a0\u00bb\u00a0\u00bb]<\/p>\n<div class=\"wpb_text_column wpb_content_element \">\n<div class=\"wpb_wrapper\">\n<p><a href=\"https:\/\/vansichen.be\/wp-content\/uploads\/2025\/11\/20251120_Simkon_postioner_catalogus_2025_Web.pdf\" target=\"_blank\" rel=\"noopener\">Positioneurs catalogue<\/a><\/p>\n<\/div>\n<\/div>\n<p>[\/vc_column_text][vc_custom_heading text=\u00a0\u00bbCARACT\u00c9RISTIQUES ET AVANTAGES\u00a0\u00bb font_container=\u00a0\u00bbtag:h2|font_size:20px|text_align:left|color:%23e6007e\u00a0\u00bb google_fonts=\u00a0\u00bbfont_family:Source%20Sans%20Pro%3A200%2C200italic%2C300%2C300italic%2Cregular%2Citalic%2C600%2C600italic%2C700%2C700italic%2C900%2C900italic|font_style:900%20bold%20regular%3A900%3Anormal\u00a0\u00bb][vc_column_text]<\/p>\n<div class=\"wpb_text_column wpb_content_element \">\n<div class=\"wpb_wrapper\">\n<p>Les positionneurs de Vansichen sont \u00e9quip\u00e9es de servomoteurs utilis\u00e9s en robotique et qui sont directement adress\u00e9s par la commande. Toutes les positionneurs peuvent \u00eatre combin\u00e9s avec nos <a href=\"https:\/\/vansichen.be\/fr\/axes-de-transfert-de-robots\/\">axes de transfert de robots.<\/a><\/p>\n<\/div>\n<\/div>\n<p>[\/vc_column_text][\/vc_column][vc_column width=\u00a0\u00bb1\/3&Prime;][vc_widget_sidebar sidebar_id=\u00a0\u00bbtop-area-1&Prime;][\/vc_column][\/vc_row][vc_row][vc_column][vc_custom_heading text=\u00a0\u00bbR\u00c9ALISATIONS\u00a0\u00bb font_container=\u00a0\u00bbtag:h2|font_size:20px|text_align:left|color:%23e6007e\u00a0\u00bb google_fonts=\u00a0\u00bbfont_family:Source%20Sans%20Pro%3A200%2C200italic%2C300%2C300italic%2Cregular%2Citalic%2C600%2C600italic%2C700%2C700italic%2C900%2C900italic|font_style:900%20bold%20regular%3A900%3Anormal\u00a0\u00bb][vc_gallery type=\u00a0\u00bbimage_grid\u00a0\u00bb images=\u00a0\u00bb12791,12795,12799,12803,19331,19921,19925,19929,19933&Prime; img_size=\u00a0\u00bbfull\u00a0\u00bb css=\u00a0\u00bb\u00a0\u00bb el_class=\u00a0\u00bbhover-gallery\u00a0\u00bb][\/vc_column][\/vc_row]<\/p>\n<\/div>","protected":false},"excerpt":{"rendered":"<p>[vc_row][vc_column][vc_custom_heading text=\u00a0\u00bbPOSITIONNEURS\u00a0\u00bb font_container=\u00a0\u00bbtag:h1|font_size:53px|text_align:left|color:%23e6007e\u00a0\u00bb google_fonts=\u00a0\u00bbfont_family:Source%20Sans%20Pro%3A200%2C200italic%2C300%2C300italic%2Cregular%2Citalic%2C600%2C600italic%2C700%2C700italic%2C900%2C900italic|font_style:900%20bold%20regular%3A900%3Anormal\u00a0\u00bb][\/vc_column][\/vc_row][vc_row][vc_column width=\u00a0\u00bb2\/3&Prime;][vc_column_text] Notre vaste gamme de positionneurs permet de trouver des solutions individuelles pour toutes les conditions<span class=\"excerpt-hellip\"> [\u2026]<\/span><\/p>\n","protected":false},"author":4,"featured_media":0,"parent":0,"menu_order":0,"comment_status":"closed","ping_status":"closed","template":"","meta":{"inline_featured_image":false,"footnotes":""},"class_list":["post-12293","page","type-page","status-publish","hentry"],"yoast_head":"<!-- This site is optimized with the Yoast SEO plugin v26.8 - https:\/\/yoast.com\/product\/yoast-seo-wordpress\/ -->\n<title>Positionneurs - Vansichen Linear Technology<\/title>\n<meta name=\"description\" content=\"Notre \u00e9quipe d\u2019ing\u00e9nieurs de Vansichen con\u00e7oit pour vous des\u00a0positionneurs. Demandez plus d&#039;informations ici !\" \/>\n<meta name=\"robots\" content=\"index, follow, max-snippet:-1, max-image-preview:large, max-video-preview:-1\" \/>\n<link rel=\"canonical\" href=\"https:\/\/vansichen.be\/fr\/positionneurs\/\" \/>\n<meta property=\"og:locale\" content=\"fr_FR\" \/>\n<meta property=\"og:type\" content=\"article\" \/>\n<meta property=\"og:title\" content=\"Positionneurs - Vansichen Linear Technology\" \/>\n<meta property=\"og:description\" content=\"Notre \u00e9quipe d\u2019ing\u00e9nieurs de Vansichen con\u00e7oit pour vous des\u00a0positionneurs. Demandez plus d&#039;informations ici !\" \/>\n<meta property=\"og:url\" content=\"https:\/\/vansichen.be\/fr\/positionneurs\/\" \/>\n<meta property=\"og:site_name\" content=\"Vansichen Linear Technology\" \/>\n<meta property=\"article:modified_time\" content=\"2025-11-27T12:37:36+00:00\" \/>\n<meta name=\"twitter:card\" content=\"summary_large_image\" \/>\n<meta name=\"twitter:label1\" content=\"Dur\u00e9e de lecture estim\u00e9e\" \/>\n\t<meta name=\"twitter:data1\" content=\"3 minutes\" \/>\n<script type=\"application\/ld+json\" class=\"yoast-schema-graph\">{\"@context\":\"https:\/\/schema.org\",\"@graph\":[{\"@type\":\"WebPage\",\"@id\":\"https:\/\/vansichen.be\/fr\/positionneurs\/\",\"url\":\"https:\/\/vansichen.be\/fr\/positionneurs\/\",\"name\":\"Positionneurs - Vansichen Linear Technology\",\"isPartOf\":{\"@id\":\"https:\/\/vansichen.be\/de\/#website\"},\"datePublished\":\"2022-07-14T15:15:48+00:00\",\"dateModified\":\"2025-11-27T12:37:36+00:00\",\"description\":\"Notre \u00e9quipe d\u2019ing\u00e9nieurs de Vansichen con\u00e7oit pour vous des\u00a0positionneurs. Demandez plus d'informations ici !\",\"breadcrumb\":{\"@id\":\"https:\/\/vansichen.be\/fr\/positionneurs\/#breadcrumb\"},\"inLanguage\":\"fr-FR\",\"potentialAction\":[{\"@type\":\"ReadAction\",\"target\":[\"https:\/\/vansichen.be\/fr\/positionneurs\/\"]}]},{\"@type\":\"BreadcrumbList\",\"@id\":\"https:\/\/vansichen.be\/fr\/positionneurs\/#breadcrumb\",\"itemListElement\":[{\"@type\":\"ListItem\",\"position\":1,\"name\":\"Home\",\"item\":\"https:\/\/vansichen.be\/fr\/\"},{\"@type\":\"ListItem\",\"position\":2,\"name\":\"Positionneurs\"}]},{\"@type\":\"WebSite\",\"@id\":\"https:\/\/vansichen.be\/de\/#website\",\"url\":\"https:\/\/vansichen.be\/de\/\",\"name\":\"Vansichen Linear Technology\",\"description\":\"\",\"publisher\":{\"@id\":\"https:\/\/vansichen.be\/de\/#organization\"},\"potentialAction\":[{\"@type\":\"SearchAction\",\"target\":{\"@type\":\"EntryPoint\",\"urlTemplate\":\"https:\/\/vansichen.be\/de\/?s={search_term_string}\"},\"query-input\":{\"@type\":\"PropertyValueSpecification\",\"valueRequired\":true,\"valueName\":\"search_term_string\"}}],\"inLanguage\":\"fr-FR\"},{\"@type\":\"Organization\",\"@id\":\"https:\/\/vansichen.be\/de\/#organization\",\"name\":\"Vansichen Linear Technology\",\"url\":\"https:\/\/vansichen.be\/de\/\",\"logo\":{\"@type\":\"ImageObject\",\"inLanguage\":\"fr-FR\",\"@id\":\"https:\/\/vansichen.be\/de\/#\/schema\/logo\/image\/\",\"url\":\"https:\/\/vansichen.be\/wp-content\/uploads\/2020\/03\/Vansichen_home_2020_4.png\",\"contentUrl\":\"https:\/\/vansichen.be\/wp-content\/uploads\/2020\/03\/Vansichen_home_2020_4.png\",\"width\":260,\"height\":44,\"caption\":\"Vansichen Linear Technology\"},\"image\":{\"@id\":\"https:\/\/vansichen.be\/de\/#\/schema\/logo\/image\/\"}}]}<\/script>\n<!-- \/ Yoast SEO plugin. -->","yoast_head_json":{"title":"Positionneurs - Vansichen Linear Technology","description":"Notre \u00e9quipe d\u2019ing\u00e9nieurs de Vansichen con\u00e7oit pour vous des\u00a0positionneurs. Demandez plus d'informations ici !","robots":{"index":"index","follow":"follow","max-snippet":"max-snippet:-1","max-image-preview":"max-image-preview:large","max-video-preview":"max-video-preview:-1"},"canonical":"https:\/\/vansichen.be\/fr\/positionneurs\/","og_locale":"fr_FR","og_type":"article","og_title":"Positionneurs - Vansichen Linear Technology","og_description":"Notre \u00e9quipe d\u2019ing\u00e9nieurs de Vansichen con\u00e7oit pour vous des\u00a0positionneurs. Demandez plus d'informations ici !","og_url":"https:\/\/vansichen.be\/fr\/positionneurs\/","og_site_name":"Vansichen Linear Technology","article_modified_time":"2025-11-27T12:37:36+00:00","twitter_card":"summary_large_image","twitter_misc":{"Dur\u00e9e de lecture estim\u00e9e":"3 minutes"},"schema":{"@context":"https:\/\/schema.org","@graph":[{"@type":"WebPage","@id":"https:\/\/vansichen.be\/fr\/positionneurs\/","url":"https:\/\/vansichen.be\/fr\/positionneurs\/","name":"Positionneurs - Vansichen Linear Technology","isPartOf":{"@id":"https:\/\/vansichen.be\/de\/#website"},"datePublished":"2022-07-14T15:15:48+00:00","dateModified":"2025-11-27T12:37:36+00:00","description":"Notre \u00e9quipe d\u2019ing\u00e9nieurs de Vansichen con\u00e7oit pour vous des\u00a0positionneurs. Demandez plus d'informations ici !","breadcrumb":{"@id":"https:\/\/vansichen.be\/fr\/positionneurs\/#breadcrumb"},"inLanguage":"fr-FR","potentialAction":[{"@type":"ReadAction","target":["https:\/\/vansichen.be\/fr\/positionneurs\/"]}]},{"@type":"BreadcrumbList","@id":"https:\/\/vansichen.be\/fr\/positionneurs\/#breadcrumb","itemListElement":[{"@type":"ListItem","position":1,"name":"Home","item":"https:\/\/vansichen.be\/fr\/"},{"@type":"ListItem","position":2,"name":"Positionneurs"}]},{"@type":"WebSite","@id":"https:\/\/vansichen.be\/de\/#website","url":"https:\/\/vansichen.be\/de\/","name":"Vansichen Linear Technology","description":"","publisher":{"@id":"https:\/\/vansichen.be\/de\/#organization"},"potentialAction":[{"@type":"SearchAction","target":{"@type":"EntryPoint","urlTemplate":"https:\/\/vansichen.be\/de\/?s={search_term_string}"},"query-input":{"@type":"PropertyValueSpecification","valueRequired":true,"valueName":"search_term_string"}}],"inLanguage":"fr-FR"},{"@type":"Organization","@id":"https:\/\/vansichen.be\/de\/#organization","name":"Vansichen Linear Technology","url":"https:\/\/vansichen.be\/de\/","logo":{"@type":"ImageObject","inLanguage":"fr-FR","@id":"https:\/\/vansichen.be\/de\/#\/schema\/logo\/image\/","url":"https:\/\/vansichen.be\/wp-content\/uploads\/2020\/03\/Vansichen_home_2020_4.png","contentUrl":"https:\/\/vansichen.be\/wp-content\/uploads\/2020\/03\/Vansichen_home_2020_4.png","width":260,"height":44,"caption":"Vansichen Linear Technology"},"image":{"@id":"https:\/\/vansichen.be\/de\/#\/schema\/logo\/image\/"}}]}},"_links":{"self":[{"href":"https:\/\/vansichen.be\/fr\/wp-json\/wp\/v2\/pages\/12293","targetHints":{"allow":["GET"]}}],"collection":[{"href":"https:\/\/vansichen.be\/fr\/wp-json\/wp\/v2\/pages"}],"about":[{"href":"https:\/\/vansichen.be\/fr\/wp-json\/wp\/v2\/types\/page"}],"author":[{"embeddable":true,"href":"https:\/\/vansichen.be\/fr\/wp-json\/wp\/v2\/users\/4"}],"replies":[{"embeddable":true,"href":"https:\/\/vansichen.be\/fr\/wp-json\/wp\/v2\/comments?post=12293"}],"version-history":[{"count":8,"href":"https:\/\/vansichen.be\/fr\/wp-json\/wp\/v2\/pages\/12293\/revisions"}],"predecessor-version":[{"id":19948,"href":"https:\/\/vansichen.be\/fr\/wp-json\/wp\/v2\/pages\/12293\/revisions\/19948"}],"wp:attachment":[{"href":"https:\/\/vansichen.be\/fr\/wp-json\/wp\/v2\/media?parent=12293"}],"curies":[{"name":"wp","href":"https:\/\/api.w.org\/{rel}","templated":true}]}}