{"id":14180,"date":"2023-05-05T07:28:10","date_gmt":"2023-05-05T07:28:10","guid":{"rendered":"https:\/\/vansichen.be\/?page_id=14180"},"modified":"2023-08-10T12:25:05","modified_gmt":"2023-08-10T12:25:05","slug":"guidages-a-billes","status":"publish","type":"page","link":"https:\/\/vansichen.be\/fr\/composants-lineaires-standard\/guidages\/guidages-a-billes\/","title":{"rendered":"Guidages \u00e0 billes"},"content":{"rendered":"<div class=\"wpb-content-wrapper\"><p>[vc_row el_class=\u00a0\u00bbhover-effect-img\u00a0\u00bb][vc_column][vc_custom_heading text=\u00a0\u00bbGUIDAGES A BILLES\u00a0\u00bb font_container=\u00a0\u00bbtag:h1|font_size:53px|text_align:left|color:%23e6007e\u00a0\u00bb google_fonts=\u00a0\u00bbfont_family:Source%20Sans%20Pro%3A200%2C200italic%2C300%2C300italic%2Cregular%2Citalic%2C600%2C600italic%2C700%2C700italic%2C900%2C900italic|font_style:900%20bold%20regular%3A900%3Anormal\u00a0\u00bb][vc_empty_space height=\u00a0\u00bb20px\u00a0\u00bb][vc_row_inner][vc_column_inner width=\u00a0\u00bb1\/3&Prime;][vc_single_image image=\u00a0\u00bb2366&Prime; img_size=\u00a0\u00bbfull\u00a0\u00bb onclick=\u00a0\u00bbcustom_link\u00a0\u00bb link=\u00a0\u00bbhttps:\/\/vansichen.be\/fr\/composants-lineaires-standard\/guidages\/guidages-a-recirculation-de-billes\/\u00a0\u00bb][vc_custom_heading text=\u00a0\u00bbGUIDAGES \u00c0 R\u00c9CIRCULATION<br \/>\nDE BILLES\u00a0\u00bb font_container=\u00a0\u00bbtag:h2|font_size:23px|text_align:left|color:%23e6007e\u00a0\u00bb google_fonts=\u00a0\u00bbfont_family:Source%20Sans%20Pro%3A200%2C200italic%2C300%2C300italic%2Cregular%2Citalic%2C600%2C600italic%2C700%2C700italic%2C900%2C900italic|font_style:900%20bold%20regular%3A900%3Anormal\u00a0\u00bb link=\u00a0\u00bburl:https%3A%2F%2Fvansichen.be%2Ffr%2Fcomposants-lineaires-standard%2Fguidages%2Fguidages-a-recirculation-de-billes%2F|title:Profielrailgeleidingen|\u00a0\u00bb][\/vc_column_inner][vc_column_inner width=\u00a0\u00bb1\/3&Prime;][vc_single_image image=\u00a0\u00bb14268&Prime; img_size=\u00a0\u00bbfull\u00a0\u00bb onclick=\u00a0\u00bbcustom_link\u00a0\u00bb link=\u00a0\u00bb\/fr\/composants-lineaires-standard\/guidages\/guidages-a-billes\/boulons-slix\/\u00a0\u00bb][vc_custom_heading text=\u00a0\u00bbBOULONS SLIX\u00a0\u00bb font_container=\u00a0\u00bbtag:h2|font_size:23px|text_align:left|color:%23e6007e\u00a0\u00bb google_fonts=\u00a0\u00bbfont_family:Source%20Sans%20Pro%3A200%2C200italic%2C300%2C300italic%2Cregular%2Citalic%2C600%2C600italic%2C700%2C700italic%2C900%2C900italic|font_style:900%20bold%20regular%3A900%3Anormal\u00a0\u00bb link=\u00a0\u00bburl:%2Ffr%2Fcomposants-lineaires-standard%2Fguidages%2Fguidages-a-billes%2Fboulons-slix%2F|title:Loopwielgeleidingen\u00a0\u00bb][\/vc_column_inner][vc_column_inner width=\u00a0\u00bb1\/3&Prime;][\/vc_column_inner][\/vc_row_inner][\/vc_column][\/vc_row]<\/p>\n<\/div>","protected":false},"excerpt":{"rendered":"<p>[vc_row el_class=\u00a0\u00bbhover-effect-img\u00a0\u00bb][vc_column][vc_custom_heading text=\u00a0\u00bbGUIDAGES A BILLES\u00a0\u00bb font_container=\u00a0\u00bbtag:h1|font_size:53px|text_align:left|color:%23e6007e\u00a0\u00bb google_fonts=\u00a0\u00bbfont_family:Source%20Sans%20Pro%3A200%2C200italic%2C300%2C300italic%2Cregular%2Citalic%2C600%2C600italic%2C700%2C700italic%2C900%2C900italic|font_style:900%20bold%20regular%3A900%3Anormal\u00a0\u00bb][vc_empty_space height=\u00a0\u00bb20px\u00a0\u00bb][vc_row_inner][vc_column_inner width=\u00a0\u00bb1\/3&Prime;][vc_single_image image=\u00a0\u00bb2366&Prime; img_size=\u00a0\u00bbfull\u00a0\u00bb onclick=\u00a0\u00bbcustom_link\u00a0\u00bb link=\u00a0\u00bbhttps:\/\/vansichen.be\/fr\/composants-lineaires-standard\/guidages\/guidages-a-recirculation-de-billes\/\u00a0\u00bb][vc_custom_heading text=\u00a0\u00bbGUIDAGES \u00c0 R\u00c9CIRCULATION DE BILLES\u00a0\u00bb font_container=\u00a0\u00bbtag:h2|font_size:23px|text_align:left|color:%23e6007e\u00a0\u00bb google_fonts=\u00a0\u00bbfont_family:Source%20Sans%20Pro%3A200%2C200italic%2C300%2C300italic%2Cregular%2Citalic%2C600%2C600italic%2C700%2C700italic%2C900%2C900italic|font_style:900%20bold%20regular%3A900%3Anormal\u00a0\u00bb<span class=\"excerpt-hellip\"> [\u2026]<\/span><\/p>\n","protected":false},"author":4,"featured_media":0,"parent":1875,"menu_order":0,"comment_status":"closed","ping_status":"closed","template":"","meta":{"inline_featured_image":false,"footnotes":""},"class_list":["post-14180","page","type-page","status-publish","hentry"],"yoast_head":"<!-- This site is optimized with the Yoast SEO plugin v26.8 - https:\/\/yoast.com\/product\/yoast-seo-wordpress\/ -->\n<title>D\u00e9couvrez les Guidages \u00e0 billes - Vansichen Linear Technology<\/title>\n<meta name=\"description\" content=\"Nous offrons plusieurs types de guidages pour diff\u00e9rents produits. Tous les guidages \u00e0 billes et plus d&#039;informations peuvent \u00eatre trouv\u00e9s ici\" \/>\n<meta name=\"robots\" content=\"index, follow, max-snippet:-1, max-image-preview:large, max-video-preview:-1\" \/>\n<link rel=\"canonical\" href=\"https:\/\/vansichen.be\/fr\/composants-lineaires-standard\/guidages\/guidages-a-billes\/\" \/>\n<meta property=\"og:locale\" content=\"fr_FR\" \/>\n<meta property=\"og:type\" content=\"article\" \/>\n<meta property=\"og:title\" content=\"D\u00e9couvrez les Guidages \u00e0 billes - Vansichen Linear Technology\" \/>\n<meta property=\"og:description\" content=\"Nous offrons plusieurs types de guidages pour diff\u00e9rents produits. Tous les guidages \u00e0 billes et plus d&#039;informations peuvent \u00eatre trouv\u00e9s ici\" \/>\n<meta property=\"og:url\" content=\"https:\/\/vansichen.be\/fr\/composants-lineaires-standard\/guidages\/guidages-a-billes\/\" \/>\n<meta property=\"og:site_name\" content=\"Vansichen Linear Technology\" \/>\n<meta property=\"article:modified_time\" content=\"2023-08-10T12:25:05+00:00\" \/>\n<meta name=\"twitter:card\" content=\"summary_large_image\" \/>\n<meta name=\"twitter:label1\" content=\"Dur\u00e9e de lecture estim\u00e9e\" \/>\n\t<meta name=\"twitter:data1\" content=\"1 minute\" \/>\n<script type=\"application\/ld+json\" class=\"yoast-schema-graph\">{\"@context\":\"https:\/\/schema.org\",\"@graph\":[{\"@type\":\"WebPage\",\"@id\":\"https:\/\/vansichen.be\/fr\/composants-lineaires-standard\/guidages\/guidages-a-billes\/\",\"url\":\"https:\/\/vansichen.be\/fr\/composants-lineaires-standard\/guidages\/guidages-a-billes\/\",\"name\":\"D\u00e9couvrez les Guidages \u00e0 billes - Vansichen Linear Technology\",\"isPartOf\":{\"@id\":\"https:\/\/vansichen.be\/de\/#website\"},\"datePublished\":\"2023-05-05T07:28:10+00:00\",\"dateModified\":\"2023-08-10T12:25:05+00:00\",\"description\":\"Nous offrons plusieurs types de guidages pour diff\u00e9rents produits. Tous les guidages \u00e0 billes et plus d'informations peuvent \u00eatre trouv\u00e9s ici\",\"breadcrumb\":{\"@id\":\"https:\/\/vansichen.be\/fr\/composants-lineaires-standard\/guidages\/guidages-a-billes\/#breadcrumb\"},\"inLanguage\":\"fr-FR\",\"potentialAction\":[{\"@type\":\"ReadAction\",\"target\":[\"https:\/\/vansichen.be\/fr\/composants-lineaires-standard\/guidages\/guidages-a-billes\/\"]}]},{\"@type\":\"BreadcrumbList\",\"@id\":\"https:\/\/vansichen.be\/fr\/composants-lineaires-standard\/guidages\/guidages-a-billes\/#breadcrumb\",\"itemListElement\":[{\"@type\":\"ListItem\",\"position\":1,\"name\":\"Home\",\"item\":\"https:\/\/vansichen.be\/fr\/\"},{\"@type\":\"ListItem\",\"position\":2,\"name\":\"Composants lin\u00e9aires standard\",\"item\":\"https:\/\/vansichen.be\/fr\/composants-lineaires-standard\/\"},{\"@type\":\"ListItem\",\"position\":3,\"name\":\"Guidages\",\"item\":\"https:\/\/vansichen.be\/fr\/composants-lineaires-standard\/guidages\/\"},{\"@type\":\"ListItem\",\"position\":4,\"name\":\"Guidages \u00e0 billes\"}]},{\"@type\":\"WebSite\",\"@id\":\"https:\/\/vansichen.be\/de\/#website\",\"url\":\"https:\/\/vansichen.be\/de\/\",\"name\":\"Vansichen Linear Technology\",\"description\":\"\",\"publisher\":{\"@id\":\"https:\/\/vansichen.be\/de\/#organization\"},\"potentialAction\":[{\"@type\":\"SearchAction\",\"target\":{\"@type\":\"EntryPoint\",\"urlTemplate\":\"https:\/\/vansichen.be\/de\/?s={search_term_string}\"},\"query-input\":{\"@type\":\"PropertyValueSpecification\",\"valueRequired\":true,\"valueName\":\"search_term_string\"}}],\"inLanguage\":\"fr-FR\"},{\"@type\":\"Organization\",\"@id\":\"https:\/\/vansichen.be\/de\/#organization\",\"name\":\"Vansichen Linear Technology\",\"url\":\"https:\/\/vansichen.be\/de\/\",\"logo\":{\"@type\":\"ImageObject\",\"inLanguage\":\"fr-FR\",\"@id\":\"https:\/\/vansichen.be\/de\/#\/schema\/logo\/image\/\",\"url\":\"https:\/\/vansichen.be\/wp-content\/uploads\/2020\/03\/Vansichen_home_2020_4.png\",\"contentUrl\":\"https:\/\/vansichen.be\/wp-content\/uploads\/2020\/03\/Vansichen_home_2020_4.png\",\"width\":260,\"height\":44,\"caption\":\"Vansichen Linear Technology\"},\"image\":{\"@id\":\"https:\/\/vansichen.be\/de\/#\/schema\/logo\/image\/\"}}]}<\/script>\n<!-- \/ Yoast SEO plugin. -->","yoast_head_json":{"title":"D\u00e9couvrez les Guidages \u00e0 billes - Vansichen Linear Technology","description":"Nous offrons plusieurs types de guidages pour diff\u00e9rents produits. Tous les guidages \u00e0 billes et plus d'informations peuvent \u00eatre trouv\u00e9s ici","robots":{"index":"index","follow":"follow","max-snippet":"max-snippet:-1","max-image-preview":"max-image-preview:large","max-video-preview":"max-video-preview:-1"},"canonical":"https:\/\/vansichen.be\/fr\/composants-lineaires-standard\/guidages\/guidages-a-billes\/","og_locale":"fr_FR","og_type":"article","og_title":"D\u00e9couvrez les Guidages \u00e0 billes - Vansichen Linear Technology","og_description":"Nous offrons plusieurs types de guidages pour diff\u00e9rents produits. Tous les guidages \u00e0 billes et plus d'informations peuvent \u00eatre trouv\u00e9s ici","og_url":"https:\/\/vansichen.be\/fr\/composants-lineaires-standard\/guidages\/guidages-a-billes\/","og_site_name":"Vansichen Linear Technology","article_modified_time":"2023-08-10T12:25:05+00:00","twitter_card":"summary_large_image","twitter_misc":{"Dur\u00e9e de lecture estim\u00e9e":"1 minute"},"schema":{"@context":"https:\/\/schema.org","@graph":[{"@type":"WebPage","@id":"https:\/\/vansichen.be\/fr\/composants-lineaires-standard\/guidages\/guidages-a-billes\/","url":"https:\/\/vansichen.be\/fr\/composants-lineaires-standard\/guidages\/guidages-a-billes\/","name":"D\u00e9couvrez les Guidages \u00e0 billes - Vansichen Linear Technology","isPartOf":{"@id":"https:\/\/vansichen.be\/de\/#website"},"datePublished":"2023-05-05T07:28:10+00:00","dateModified":"2023-08-10T12:25:05+00:00","description":"Nous offrons plusieurs types de guidages pour diff\u00e9rents produits. Tous les guidages \u00e0 billes et plus d'informations peuvent \u00eatre trouv\u00e9s ici","breadcrumb":{"@id":"https:\/\/vansichen.be\/fr\/composants-lineaires-standard\/guidages\/guidages-a-billes\/#breadcrumb"},"inLanguage":"fr-FR","potentialAction":[{"@type":"ReadAction","target":["https:\/\/vansichen.be\/fr\/composants-lineaires-standard\/guidages\/guidages-a-billes\/"]}]},{"@type":"BreadcrumbList","@id":"https:\/\/vansichen.be\/fr\/composants-lineaires-standard\/guidages\/guidages-a-billes\/#breadcrumb","itemListElement":[{"@type":"ListItem","position":1,"name":"Home","item":"https:\/\/vansichen.be\/fr\/"},{"@type":"ListItem","position":2,"name":"Composants lin\u00e9aires standard","item":"https:\/\/vansichen.be\/fr\/composants-lineaires-standard\/"},{"@type":"ListItem","position":3,"name":"Guidages","item":"https:\/\/vansichen.be\/fr\/composants-lineaires-standard\/guidages\/"},{"@type":"ListItem","position":4,"name":"Guidages \u00e0 billes"}]},{"@type":"WebSite","@id":"https:\/\/vansichen.be\/de\/#website","url":"https:\/\/vansichen.be\/de\/","name":"Vansichen Linear Technology","description":"","publisher":{"@id":"https:\/\/vansichen.be\/de\/#organization"},"potentialAction":[{"@type":"SearchAction","target":{"@type":"EntryPoint","urlTemplate":"https:\/\/vansichen.be\/de\/?s={search_term_string}"},"query-input":{"@type":"PropertyValueSpecification","valueRequired":true,"valueName":"search_term_string"}}],"inLanguage":"fr-FR"},{"@type":"Organization","@id":"https:\/\/vansichen.be\/de\/#organization","name":"Vansichen Linear Technology","url":"https:\/\/vansichen.be\/de\/","logo":{"@type":"ImageObject","inLanguage":"fr-FR","@id":"https:\/\/vansichen.be\/de\/#\/schema\/logo\/image\/","url":"https:\/\/vansichen.be\/wp-content\/uploads\/2020\/03\/Vansichen_home_2020_4.png","contentUrl":"https:\/\/vansichen.be\/wp-content\/uploads\/2020\/03\/Vansichen_home_2020_4.png","width":260,"height":44,"caption":"Vansichen Linear Technology"},"image":{"@id":"https:\/\/vansichen.be\/de\/#\/schema\/logo\/image\/"}}]}},"_links":{"self":[{"href":"https:\/\/vansichen.be\/fr\/wp-json\/wp\/v2\/pages\/14180","targetHints":{"allow":["GET"]}}],"collection":[{"href":"https:\/\/vansichen.be\/fr\/wp-json\/wp\/v2\/pages"}],"about":[{"href":"https:\/\/vansichen.be\/fr\/wp-json\/wp\/v2\/types\/page"}],"author":[{"embeddable":true,"href":"https:\/\/vansichen.be\/fr\/wp-json\/wp\/v2\/users\/4"}],"replies":[{"embeddable":true,"href":"https:\/\/vansichen.be\/fr\/wp-json\/wp\/v2\/comments?post=14180"}],"version-history":[{"count":5,"href":"https:\/\/vansichen.be\/fr\/wp-json\/wp\/v2\/pages\/14180\/revisions"}],"predecessor-version":[{"id":15025,"href":"https:\/\/vansichen.be\/fr\/wp-json\/wp\/v2\/pages\/14180\/revisions\/15025"}],"up":[{"embeddable":true,"href":"https:\/\/vansichen.be\/fr\/wp-json\/wp\/v2\/pages\/1875"}],"wp:attachment":[{"href":"https:\/\/vansichen.be\/fr\/wp-json\/wp\/v2\/media?parent=14180"}],"curies":[{"name":"wp","href":"https:\/\/api.w.org\/{rel}","templated":true}]}}