{"id":1505,"date":"2020-04-22T14:16:06","date_gmt":"2020-04-22T14:16:06","guid":{"rendered":"https:\/\/vansichen.be\/apex-dynamics-reducteurs-planetaires\/"},"modified":"2022-05-12T14:44:40","modified_gmt":"2022-05-12T14:44:40","slug":"apex-dynamics-reducteurs-planetaires","status":"publish","type":"page","link":"https:\/\/vansichen.be\/fr\/composants-lineaires-standard\/elements-dentrainement\/reducteurs\/apex-dynamics-reducteurs-planetaires\/","title":{"rendered":"Apex Dynamics : R\u00e9ducteurs plan\u00e9taires"},"content":{"rendered":"<div class=\"wpb-content-wrapper\"><p>[vc_row][vc_column][vc_custom_heading text=\u00a0\u00bbAPEX DYNAMICS: R\u00c9DUCTEURS PLAN\u00c9TAIRES\u00a0\u00bb font_container=\u00a0\u00bbtag:h1|font_size:53px|text_align:left|color:%23e6007e\u00a0\u00bb google_fonts=\u00a0\u00bbfont_family:Source%20Sans%20Pro%3A200%2C200italic%2C300%2C300italic%2Cregular%2Citalic%2C600%2C600italic%2C700%2C700italic%2C900%2C900italic|font_style:900%20bold%20regular%3A900%3Anormal\u00a0\u00bb][\/vc_column][\/vc_row][vc_row][vc_column][vc_column_text]Les applications les plus innovantes telles que la robotique, l&rsquo;impression 3D, &#8230; ont toutes un point commun, un r\u00e9ducteur plan\u00e9taire constitue la base de leur entra\u00eenement. Ce r\u00e9ducteur se trouve entre le moteur et la charge. Il augmente le couple d&rsquo;entra\u00eenement et diminue le r\u00e9gime, am\u00e9liorant ainsi le rapport d&rsquo;inertie. En g\u00e9n\u00e9ral, l&rsquo;axe d&rsquo;entr\u00e9e et l&rsquo;axe de sortie de ces r\u00e9ducteurs se trouvent sur une seule ligne. L&rsquo;avantage est qu&rsquo;ils peuvent \u00eatre fabriqu\u00e9s petits, tout en \u00e9tant capables de transmettre les couples les plus importants.<\/p>\n<p>Le r\u00e9ducteur peut comprendre de plusieurs \u00e9tages de transmission, dont le plus petit rapport de transmission est de 3:1 et le plus grand de 10:1 est pour un seul \u00e9tage. Une denture droite ou oblique est disponible. Lorsque l&rsquo;espace de montage du moteur est limit\u00e9, il existe \u00e9galement des r\u00e9ducteurs plan\u00e9taires \u00e0 renvoi d&rsquo;angle avec des roues coniques suppl\u00e9mentaires dans l&rsquo;angle.[\/vc_column_text][\/vc_column][\/vc_row][vc_row][vc_column][vc_gallery type=\u00a0\u00bbimage_grid\u00a0\u00bb images=\u00a0\u00bb8678,9220&Prime; img_size=\u00a0\u00bbfull\u00a0\u00bb el_class=\u00a0\u00bbhover-gallery\u00a0\u00bb][\/vc_column][\/vc_row][vc_row][vc_column width=\u00a0\u00bb2\/3&Prime;][vc_custom_heading text=\u00a0\u00bbPARTENAIRE\u00a0\u00bb font_container=\u00a0\u00bbtag:h2|font_size:20px|text_align:left|color:%23e6007e\u00a0\u00bb google_fonts=\u00a0\u00bbfont_family:Source%20Sans%20Pro%3A200%2C200italic%2C300%2C300italic%2Cregular%2Citalic%2C600%2C600italic%2C700%2C700italic%2C900%2C900italic|font_style:900%20bold%20regular%3A900%3Anormal\u00a0\u00bb][vc_row_inner el_class=\u00a0\u00bbpartners\u00a0\u00bb][vc_column_inner width=\u00a0\u00bb1\/3&Prime;][vc_single_image image=\u00a0\u00bb2561&Prime; img_size=\u00a0\u00bbfull\u00a0\u00bb onclick=\u00a0\u00bbcustom_link\u00a0\u00bb img_link_target=\u00a0\u00bb_blank\u00a0\u00bb link=\u00a0\u00bbhttps:\/\/www.apexdyna.nl\/en\/\u00a0\u00bb][\/vc_column_inner][vc_column_inner width=\u00a0\u00bb2\/3&Prime;][\/vc_column_inner][\/vc_row_inner][vc_custom_heading text=\u00a0\u00bbDOWNLOADS\u00a0\u00bb font_container=\u00a0\u00bbtag:h2|font_size:20px|text_align:left|color:%23e6007e\u00a0\u00bb google_fonts=\u00a0\u00bbfont_family:Source%20Sans%20Pro%3A200%2C200italic%2C300%2C300italic%2Cregular%2Citalic%2C600%2C600italic%2C700%2C700italic%2C900%2C900italic|font_style:900%20bold%20regular%3A900%3Anormal\u00a0\u00bb][vc_column_text]<a href=\"https:\/\/vansichen.be\/wp-content\/uploads\/2021\/04\/Apex-Dynamics-Benelux-FR-Brochure-V1.2.pdf\" target=\"_blank\" rel=\"noopener noreferrer\">Apex Dynamics &#8211; brochure<\/a>[\/vc_column_text][\/vc_column][vc_column width=\u00a0\u00bb1\/3&Prime;][vc_widget_sidebar sidebar_id=\u00a0\u00bbtop-area-1&Prime;][\/vc_column][\/vc_row]<\/p>\n<\/div>","protected":false},"excerpt":{"rendered":"<p>[vc_row][vc_column][vc_custom_heading text=\u00a0\u00bbAPEX DYNAMICS: R\u00c9DUCTEURS PLAN\u00c9TAIRES\u00a0\u00bb font_container=\u00a0\u00bbtag:h1|font_size:53px|text_align:left|color:%23e6007e\u00a0\u00bb google_fonts=\u00a0\u00bbfont_family:Source%20Sans%20Pro%3A200%2C200italic%2C300%2C300italic%2Cregular%2Citalic%2C600%2C600italic%2C700%2C700italic%2C900%2C900italic|font_style:900%20bold%20regular%3A900%3Anormal\u00a0\u00bb][\/vc_column][\/vc_row][vc_row][vc_column][vc_column_text]Les applications les plus innovantes telles que la robotique, l&rsquo;impression 3D, &#8230; ont toutes<span class=\"excerpt-hellip\"> [\u2026]<\/span><\/p>\n","protected":false},"author":4,"featured_media":0,"parent":3856,"menu_order":0,"comment_status":"closed","ping_status":"closed","template":"","meta":{"inline_featured_image":false,"footnotes":""},"class_list":["post-1505","page","type-page","status-publish","hentry"],"yoast_head":"<!-- This site is optimized with the Yoast SEO plugin v26.8 - https:\/\/yoast.com\/product\/yoast-seo-wordpress\/ -->\n<title>Apex Dynamics : R\u00e9ducteurs plan\u00e9taires - Vansichen Linear Technology<\/title>\n<meta name=\"description\" content=\"Les applications les plus innovantes ont toutes un point commun, des r\u00e9ducteurs plan\u00e9taires constitue la base de leur entra\u00eenement.\" \/>\n<meta name=\"robots\" content=\"index, follow, max-snippet:-1, max-image-preview:large, max-video-preview:-1\" \/>\n<link rel=\"canonical\" href=\"https:\/\/vansichen.be\/fr\/composants-lineaires-standard\/elements-dentrainement\/reducteurs\/apex-dynamics-reducteurs-planetaires\/\" \/>\n<meta property=\"og:locale\" content=\"fr_FR\" \/>\n<meta property=\"og:type\" content=\"article\" \/>\n<meta property=\"og:title\" content=\"Apex Dynamics : R\u00e9ducteurs plan\u00e9taires - Vansichen Linear Technology\" \/>\n<meta property=\"og:description\" content=\"Les applications les plus innovantes ont toutes un point commun, des r\u00e9ducteurs plan\u00e9taires constitue la base de leur entra\u00eenement.\" \/>\n<meta property=\"og:url\" content=\"https:\/\/vansichen.be\/fr\/composants-lineaires-standard\/elements-dentrainement\/reducteurs\/apex-dynamics-reducteurs-planetaires\/\" \/>\n<meta property=\"og:site_name\" content=\"Vansichen Linear Technology\" \/>\n<meta property=\"article:modified_time\" content=\"2022-05-12T14:44:40+00:00\" \/>\n<meta name=\"twitter:card\" content=\"summary_large_image\" \/>\n<meta name=\"twitter:label1\" content=\"Dur\u00e9e de lecture estim\u00e9e\" \/>\n\t<meta name=\"twitter:data1\" content=\"2 minutes\" \/>\n<script type=\"application\/ld+json\" class=\"yoast-schema-graph\">{\"@context\":\"https:\/\/schema.org\",\"@graph\":[{\"@type\":\"WebPage\",\"@id\":\"https:\/\/vansichen.be\/fr\/composants-lineaires-standard\/elements-dentrainement\/reducteurs\/apex-dynamics-reducteurs-planetaires\/\",\"url\":\"https:\/\/vansichen.be\/fr\/composants-lineaires-standard\/elements-dentrainement\/reducteurs\/apex-dynamics-reducteurs-planetaires\/\",\"name\":\"Apex Dynamics : R\u00e9ducteurs plan\u00e9taires - Vansichen Linear Technology\",\"isPartOf\":{\"@id\":\"https:\/\/vansichen.be\/de\/#website\"},\"datePublished\":\"2020-04-22T14:16:06+00:00\",\"dateModified\":\"2022-05-12T14:44:40+00:00\",\"description\":\"Les applications les plus innovantes ont toutes un point commun, des r\u00e9ducteurs plan\u00e9taires constitue la base de leur entra\u00eenement.\",\"breadcrumb\":{\"@id\":\"https:\/\/vansichen.be\/fr\/composants-lineaires-standard\/elements-dentrainement\/reducteurs\/apex-dynamics-reducteurs-planetaires\/#breadcrumb\"},\"inLanguage\":\"fr-FR\",\"potentialAction\":[{\"@type\":\"ReadAction\",\"target\":[\"https:\/\/vansichen.be\/fr\/composants-lineaires-standard\/elements-dentrainement\/reducteurs\/apex-dynamics-reducteurs-planetaires\/\"]}]},{\"@type\":\"BreadcrumbList\",\"@id\":\"https:\/\/vansichen.be\/fr\/composants-lineaires-standard\/elements-dentrainement\/reducteurs\/apex-dynamics-reducteurs-planetaires\/#breadcrumb\",\"itemListElement\":[{\"@type\":\"ListItem\",\"position\":1,\"name\":\"Home\",\"item\":\"https:\/\/vansichen.be\/fr\/\"},{\"@type\":\"ListItem\",\"position\":2,\"name\":\"Composants lin\u00e9aires standard\",\"item\":\"https:\/\/vansichen.be\/fr\/composants-lineaires-standard\/\"},{\"@type\":\"ListItem\",\"position\":3,\"name\":\"\u00c9l\u00e9ments d&#8217;entra\u00eenement\",\"item\":\"https:\/\/vansichen.be\/fr\/composants-lineaires-standard\/elements-dentrainement\/\"},{\"@type\":\"ListItem\",\"position\":4,\"name\":\"R\u00e9ducteurs\",\"item\":\"https:\/\/vansichen.be\/fr\/composants-lineaires-standard\/elements-dentrainement\/reducteurs\/\"},{\"@type\":\"ListItem\",\"position\":5,\"name\":\"Apex Dynamics : R\u00e9ducteurs plan\u00e9taires\"}]},{\"@type\":\"WebSite\",\"@id\":\"https:\/\/vansichen.be\/de\/#website\",\"url\":\"https:\/\/vansichen.be\/de\/\",\"name\":\"Vansichen Linear Technology\",\"description\":\"\",\"publisher\":{\"@id\":\"https:\/\/vansichen.be\/de\/#organization\"},\"potentialAction\":[{\"@type\":\"SearchAction\",\"target\":{\"@type\":\"EntryPoint\",\"urlTemplate\":\"https:\/\/vansichen.be\/de\/?s={search_term_string}\"},\"query-input\":{\"@type\":\"PropertyValueSpecification\",\"valueRequired\":true,\"valueName\":\"search_term_string\"}}],\"inLanguage\":\"fr-FR\"},{\"@type\":\"Organization\",\"@id\":\"https:\/\/vansichen.be\/de\/#organization\",\"name\":\"Vansichen Linear Technology\",\"url\":\"https:\/\/vansichen.be\/de\/\",\"logo\":{\"@type\":\"ImageObject\",\"inLanguage\":\"fr-FR\",\"@id\":\"https:\/\/vansichen.be\/de\/#\/schema\/logo\/image\/\",\"url\":\"https:\/\/vansichen.be\/wp-content\/uploads\/2020\/03\/Vansichen_home_2020_4.png\",\"contentUrl\":\"https:\/\/vansichen.be\/wp-content\/uploads\/2020\/03\/Vansichen_home_2020_4.png\",\"width\":260,\"height\":44,\"caption\":\"Vansichen Linear Technology\"},\"image\":{\"@id\":\"https:\/\/vansichen.be\/de\/#\/schema\/logo\/image\/\"}}]}<\/script>\n<!-- \/ Yoast SEO plugin. -->","yoast_head_json":{"title":"Apex Dynamics : R\u00e9ducteurs plan\u00e9taires - Vansichen Linear Technology","description":"Les applications les plus innovantes ont toutes un point commun, des r\u00e9ducteurs plan\u00e9taires constitue la base de leur entra\u00eenement.","robots":{"index":"index","follow":"follow","max-snippet":"max-snippet:-1","max-image-preview":"max-image-preview:large","max-video-preview":"max-video-preview:-1"},"canonical":"https:\/\/vansichen.be\/fr\/composants-lineaires-standard\/elements-dentrainement\/reducteurs\/apex-dynamics-reducteurs-planetaires\/","og_locale":"fr_FR","og_type":"article","og_title":"Apex Dynamics : R\u00e9ducteurs plan\u00e9taires - Vansichen Linear Technology","og_description":"Les applications les plus innovantes ont toutes un point commun, des r\u00e9ducteurs plan\u00e9taires constitue la base de leur entra\u00eenement.","og_url":"https:\/\/vansichen.be\/fr\/composants-lineaires-standard\/elements-dentrainement\/reducteurs\/apex-dynamics-reducteurs-planetaires\/","og_site_name":"Vansichen Linear Technology","article_modified_time":"2022-05-12T14:44:40+00:00","twitter_card":"summary_large_image","twitter_misc":{"Dur\u00e9e de lecture estim\u00e9e":"2 minutes"},"schema":{"@context":"https:\/\/schema.org","@graph":[{"@type":"WebPage","@id":"https:\/\/vansichen.be\/fr\/composants-lineaires-standard\/elements-dentrainement\/reducteurs\/apex-dynamics-reducteurs-planetaires\/","url":"https:\/\/vansichen.be\/fr\/composants-lineaires-standard\/elements-dentrainement\/reducteurs\/apex-dynamics-reducteurs-planetaires\/","name":"Apex Dynamics : R\u00e9ducteurs plan\u00e9taires - Vansichen Linear Technology","isPartOf":{"@id":"https:\/\/vansichen.be\/de\/#website"},"datePublished":"2020-04-22T14:16:06+00:00","dateModified":"2022-05-12T14:44:40+00:00","description":"Les applications les plus innovantes ont toutes un point commun, des r\u00e9ducteurs plan\u00e9taires constitue la base de leur entra\u00eenement.","breadcrumb":{"@id":"https:\/\/vansichen.be\/fr\/composants-lineaires-standard\/elements-dentrainement\/reducteurs\/apex-dynamics-reducteurs-planetaires\/#breadcrumb"},"inLanguage":"fr-FR","potentialAction":[{"@type":"ReadAction","target":["https:\/\/vansichen.be\/fr\/composants-lineaires-standard\/elements-dentrainement\/reducteurs\/apex-dynamics-reducteurs-planetaires\/"]}]},{"@type":"BreadcrumbList","@id":"https:\/\/vansichen.be\/fr\/composants-lineaires-standard\/elements-dentrainement\/reducteurs\/apex-dynamics-reducteurs-planetaires\/#breadcrumb","itemListElement":[{"@type":"ListItem","position":1,"name":"Home","item":"https:\/\/vansichen.be\/fr\/"},{"@type":"ListItem","position":2,"name":"Composants lin\u00e9aires standard","item":"https:\/\/vansichen.be\/fr\/composants-lineaires-standard\/"},{"@type":"ListItem","position":3,"name":"\u00c9l\u00e9ments d&#8217;entra\u00eenement","item":"https:\/\/vansichen.be\/fr\/composants-lineaires-standard\/elements-dentrainement\/"},{"@type":"ListItem","position":4,"name":"R\u00e9ducteurs","item":"https:\/\/vansichen.be\/fr\/composants-lineaires-standard\/elements-dentrainement\/reducteurs\/"},{"@type":"ListItem","position":5,"name":"Apex Dynamics : R\u00e9ducteurs plan\u00e9taires"}]},{"@type":"WebSite","@id":"https:\/\/vansichen.be\/de\/#website","url":"https:\/\/vansichen.be\/de\/","name":"Vansichen Linear Technology","description":"","publisher":{"@id":"https:\/\/vansichen.be\/de\/#organization"},"potentialAction":[{"@type":"SearchAction","target":{"@type":"EntryPoint","urlTemplate":"https:\/\/vansichen.be\/de\/?s={search_term_string}"},"query-input":{"@type":"PropertyValueSpecification","valueRequired":true,"valueName":"search_term_string"}}],"inLanguage":"fr-FR"},{"@type":"Organization","@id":"https:\/\/vansichen.be\/de\/#organization","name":"Vansichen Linear Technology","url":"https:\/\/vansichen.be\/de\/","logo":{"@type":"ImageObject","inLanguage":"fr-FR","@id":"https:\/\/vansichen.be\/de\/#\/schema\/logo\/image\/","url":"https:\/\/vansichen.be\/wp-content\/uploads\/2020\/03\/Vansichen_home_2020_4.png","contentUrl":"https:\/\/vansichen.be\/wp-content\/uploads\/2020\/03\/Vansichen_home_2020_4.png","width":260,"height":44,"caption":"Vansichen Linear Technology"},"image":{"@id":"https:\/\/vansichen.be\/de\/#\/schema\/logo\/image\/"}}]}},"_links":{"self":[{"href":"https:\/\/vansichen.be\/fr\/wp-json\/wp\/v2\/pages\/1505","targetHints":{"allow":["GET"]}}],"collection":[{"href":"https:\/\/vansichen.be\/fr\/wp-json\/wp\/v2\/pages"}],"about":[{"href":"https:\/\/vansichen.be\/fr\/wp-json\/wp\/v2\/types\/page"}],"author":[{"embeddable":true,"href":"https:\/\/vansichen.be\/fr\/wp-json\/wp\/v2\/users\/4"}],"replies":[{"embeddable":true,"href":"https:\/\/vansichen.be\/fr\/wp-json\/wp\/v2\/comments?post=1505"}],"version-history":[{"count":5,"href":"https:\/\/vansichen.be\/fr\/wp-json\/wp\/v2\/pages\/1505\/revisions"}],"predecessor-version":[{"id":11375,"href":"https:\/\/vansichen.be\/fr\/wp-json\/wp\/v2\/pages\/1505\/revisions\/11375"}],"up":[{"embeddable":true,"href":"https:\/\/vansichen.be\/fr\/wp-json\/wp\/v2\/pages\/3856"}],"wp:attachment":[{"href":"https:\/\/vansichen.be\/fr\/wp-json\/wp\/v2\/media?parent=1505"}],"curies":[{"name":"wp","href":"https:\/\/api.w.org\/{rel}","templated":true}]}}