{"id":1514,"date":"2020-04-22T14:38:22","date_gmt":"2020-04-22T14:38:22","guid":{"rendered":"https:\/\/vansichen.be\/atlanta-reducteurs-servo\/"},"modified":"2024-07-18T13:47:33","modified_gmt":"2024-07-18T13:47:33","slug":"atlanta-reducteurs-servo","status":"publish","type":"page","link":"https:\/\/vansichen.be\/fr\/composants-lineaires-standard\/elements-dentrainement\/reducteurs\/atlanta-reducteurs-servo\/","title":{"rendered":"Atlanta: R\u00e9ducteurs servo"},"content":{"rendered":"<div class=\"wpb-content-wrapper\"><p>[vc_row][vc_column][vc_custom_heading text=\u00a0\u00bbATLANTA: R\u00c9DUCTEURS SERVO\u00a0\u00bb font_container=\u00a0\u00bbtag:h1|font_size:53px|text_align:left|color:%23e6007e\u00a0\u00bb google_fonts=\u00a0\u00bbfont_family:Source%20Sans%20Pro%3A200%2C200italic%2C300%2C300italic%2Cregular%2Citalic%2C600%2C600italic%2C700%2C700italic%2C900%2C900italic|font_style:900%20bold%20regular%3A900%3Anormal\u00a0\u00bb][vc_column_text]Les r\u00e9ducteurs servo de haute pr\u00e9cision, jusqu&rsquo;au 1 minute d&rsquo;arc, sont id\u00e9ales pour des applications o\u00f9 des grandes forces axiales se produire en raison de la denture h\u00e9lico\u00efdale.[\/vc_column_text][vc_gallery type=\u00a0\u00bbimage_grid\u00a0\u00bb images=\u00a0\u00bb3882,17753,17757,17717&Prime; img_size=\u00a0\u00bbfull\u00a0\u00bb el_class=\u00a0\u00bbhover-gallery\u00a0\u00bb][\/vc_column][\/vc_row][vc_row][vc_column width=\u00a0\u00bb2\/3&Prime;][vc_column_text]<\/p>\n<h4 style=\"font-size: 20px;\"><span style=\"color: #e6007e;\"><strong>CARACT\u00c9RISTIQUES<\/strong><\/span><\/h4>\n<ul>\n<li>R\u00e9ducteur vis sans fin avec un rapport (i) de 4,75 \u00e0 50<\/li>\n<li>Diff\u00e9rentes formes de construction avec diff\u00e9rentes possibilit\u00e9s de montage disponibles.<\/li>\n<li>Jeux de 6 \u00e0 1 arcmin, \u00e0 vide<\/li>\n<li>Taille de construction avec une distance d\u2019essieu de 32 \u00e0 100 mm<\/li>\n<li>D\u00e9lais de livraison courts.<\/li>\n<li>Diff\u00e9rents adaptateurs et accouplements de moteurs vendus s\u00e9par\u00e9ment.<\/li>\n<li>R\u00e9ducteurs \u00e0 vis sans fin de haute pr\u00e9cision (jusqu\u2019\u00e0 1 arc min) sont id\u00e9aux pour les<br \/>\napplications o\u00f9 de grandes forces axiales se produisent en raison de la denture oblique.<\/li>\n<\/ul>\n<p>[\/vc_column_text][\/vc_column][vc_column width=\u00a0\u00bb1\/3&Prime;][vc_widget_sidebar sidebar_id=\u00a0\u00bbtop-area-1&Prime;][\/vc_column][\/vc_row][vc_row][vc_column width=\u00a0\u00bb2\/3&Prime;][vc_column_text]<\/p>\n<h4 style=\"font-size: 20px;\"><span style=\"color: #e6007e;\"><strong>R\u00c9DUCTEUR HIGH-TORQUE HT<\/strong><\/span><\/h4>\n<ul>\n<li>150 % du couple sur l\u2019axe de sortie.<\/li>\n<li>Jeux &lt; 1 arc min, sans charge.<\/li>\n<li>Possibilit\u00e9 de montage du pignon: vissage ou clamage.<\/li>\n<li>Rapport de r\u00e9duction (i): 4.75\/6.75\/9.25\/14.50\/19.50\/29.00\/39.00\/50.00<\/li>\n<li>4 Tailles: 50-63-80-100 mm d\u2019entre axe.<\/li>\n<\/ul>\n<p>[\/vc_column_text][\/vc_column][vc_column width=\u00a0\u00bb1\/3&Prime;][vc_single_image image=\u00a0\u00bb17713&Prime; img_size=\u00a0\u00bbfull\u00a0\u00bb onclick=\u00a0\u00bblink_image\u00a0\u00bb][\/vc_column][\/vc_row][vc_row][vc_column width=\u00a0\u00bb2\/3&Prime;][vc_column_text]<strong style=\"color: #e6007e; font-size: 20px;\">R\u00c9DUCTEUR HAUT PERFORMANCE HP<\/strong><\/p>\n<ul>\n<li>100 % du couple sur l\u2019axe de sortie.<\/li>\n<li>Jeux &lt; 2 arc min, sans charge.<\/li>\n<li>Possibilit\u00e9 de montage du pignon: clavette ou clamage.<\/li>\n<li>Rapport de r\u00e9duction (i): 4.75\/6.75\/9.25\/14.50\/19.50\/29.00\/39.00\/50.00<\/li>\n<li>5 Tailles: 50-63-80-100-125 mm d\u2019entre axe.<\/li>\n<\/ul>\n<p>[\/vc_column_text][\/vc_column][vc_column width=\u00a0\u00bb1\/3&Prime;][vc_single_image image=\u00a0\u00bb17717&Prime; img_size=\u00a0\u00bbfull\u00a0\u00bb onclick=\u00a0\u00bblink_image\u00a0\u00bb][\/vc_column][\/vc_row][vc_row][vc_column width=\u00a0\u00bb2\/3&Prime;][vc_column_text]<\/p>\n<h4 style=\"font-size: 20px;\"><span style=\"color: #e6007e;\"><strong>R\u00c9DUCTEUR ECONOMIQUE E<\/strong><\/span><\/h4>\n<ul>\n<li>100 % du couple sur l\u2019axe de sortie.<\/li>\n<li>Jeux &lt; 6 arc min, sans charge.<\/li>\n<li>Possibilit\u00e9 de montage du pignon: clavette ou clamage.<\/li>\n<li>Rapport de r\u00e9duction (i): 4.75\/6.75\/9.25\/14.50\/19.50\/29.00\/39.00\/50.00<\/li>\n<li>5 Tailles: 32-50-63-80-100 mm d\u2019entre axe.<\/li>\n<\/ul>\n<p>[\/vc_column_text][\/vc_column][vc_column width=\u00a0\u00bb1\/3&Prime;][vc_single_image image=\u00a0\u00bb17709&Prime; img_size=\u00a0\u00bbfull\u00a0\u00bb onclick=\u00a0\u00bblink_image\u00a0\u00bb][\/vc_column][\/vc_row][vc_row][vc_column width=\u00a0\u00bb2\/3&Prime;][vc_column_text]<strong style=\"color: #e6007e; font-size: 20px;\">PIGNONS \u00c0 CLAVETTE EN PIGNONS<\/strong><\/p>\n<p>Le pignon et l\u2019axe ne forme qu\u2019une seule pi\u00e8ce. Le montage se fait dans le r\u00e9ducteur avec une clavette. Possibilit\u00e9 de choix entre denture droite et oblique.[\/vc_column_text][\/vc_column][vc_column width=\u00a0\u00bb1\/3&Prime;][vc_single_image image=\u00a0\u00bb7726&Prime; img_size=\u00a0\u00bbfull\u00a0\u00bb onclick=\u00a0\u00bblink_image\u00a0\u00bb][\/vc_column][\/vc_row][vc_row][vc_column width=\u00a0\u00bb2\/3&Prime;][vc_column_text]<\/p>\n<h4 style=\"font-size: 20px;\"><span style=\"color: #e6007e;\"><strong>AXES SP\u00c9CIAUX<\/strong><\/span><\/h4>\n<p>Ces axes sont pourvu d\u2019une rainure de clavette afin de permettre un montage, de tout type de pignon. Ces axes permettent un montage par clavette ou par clamage.[\/vc_column_text][\/vc_column][vc_column width=\u00a0\u00bb1\/3&Prime;][vc_single_image image=\u00a0\u00bb7730&Prime; img_size=\u00a0\u00bbfull\u00a0\u00bb onclick=\u00a0\u00bblink_image\u00a0\u00bb][\/vc_column][\/vc_row][vc_row][vc_column width=\u00a0\u00bb2\/3&Prime;][vc_column_text]<\/p>\n<h4 style=\"font-size: 20px;\"><span style=\"color: #e6007e;\"><strong>PIGNONS \u00c0 LIAISON PAR CLAMAGE<\/strong><\/span><\/h4>\n<p>Le pignon et l\u2019axe ne forme qu\u2019un. Ensemble mont\u00e9 dans le r\u00e9ducteur par clamage. Possibilit\u00e9 de choix entre denture droite et oblique.[\/vc_column_text][\/vc_column][vc_column width=\u00a0\u00bb1\/3&Prime;][vc_single_image image=\u00a0\u00bb7734&Prime; img_size=\u00a0\u00bbfull\u00a0\u00bb onclick=\u00a0\u00bblink_image\u00a0\u00bb][\/vc_column][\/vc_row][vc_row][vc_column width=\u00a0\u00bb2\/3&Prime;][vc_column_text]<\/p>\n<h4 style=\"font-size: 20px;\"><span style=\"color: #e6007e;\"><strong>PIGNON R\u00c9GLABLE \u00c0 LIAISON PAR CLAMAGE<\/strong><\/span><\/h4>\n<p>Ces pignons sont mont\u00e9s dans le r\u00e9ducteur par clamage. Ceuxci peuvent \u00eatre r\u00e8gl\u00e9s, afin de suprimier le jeux entre le pignon et la cr\u00e9maill\u00e8re.[\/vc_column_text][\/vc_column][vc_column width=\u00a0\u00bb1\/3&Prime;][vc_single_image image=\u00a0\u00bb7738&Prime; img_size=\u00a0\u00bbfull\u00a0\u00bb onclick=\u00a0\u00bblink_image\u00a0\u00bb][\/vc_column][\/vc_row][vc_row][vc_column width=\u00a0\u00bb2\/3&Prime;][vc_column_text]<\/p>\n<h4 style=\"font-size: 20px;\"><span style=\"color: #e6007e;\"><strong>BAGUES DE CLAMAGE<\/strong><\/span><\/h4>\n<p>Cette bague est utilis\u00e9e pour clamer le pignon et son axe dans le r\u00e9ducteur.[\/vc_column_text][\/vc_column][vc_column width=\u00a0\u00bb1\/3&Prime;][vc_single_image image=\u00a0\u00bb7742&Prime; img_size=\u00a0\u00bbfull\u00a0\u00bb onclick=\u00a0\u00bblink_image\u00a0\u00bb][\/vc_column][\/vc_row][vc_row][vc_column][vc_custom_heading text=\u00a0\u00bbPARTENAIRE\u00a0\u00bb font_container=\u00a0\u00bbtag:h2|font_size:20px|text_align:left|color:%23e6007e\u00a0\u00bb google_fonts=\u00a0\u00bbfont_family:Source%20Sans%20Pro%3A200%2C200italic%2C300%2C300italic%2Cregular%2Citalic%2C600%2C600italic%2C700%2C700italic%2C900%2C900italic|font_style:900%20bold%20regular%3A900%3Anormal\u00a0\u00bb][\/vc_column][\/vc_row][vc_row el_class=\u00a0\u00bbpartners\u00a0\u00bb][vc_column width=\u00a0\u00bb1\/4&Prime;][vc_single_image image=\u00a0\u00bb3869&Prime; img_size=\u00a0\u00bbfull\u00a0\u00bb onclick=\u00a0\u00bbcustom_link\u00a0\u00bb img_link_target=\u00a0\u00bb_blank\u00a0\u00bb link=\u00a0\u00bbhttps:\/\/atlantagmbh.de\/\u00a0\u00bb][\/vc_column][vc_column width=\u00a0\u00bb1\/4&Prime;][\/vc_column][vc_column width=\u00a0\u00bb1\/4&Prime;][\/vc_column][vc_column width=\u00a0\u00bb1\/4&Prime;][\/vc_column][\/vc_row][vc_row el_class=\u00a0\u00bblinks\u00a0\u00bb][vc_column][vc_custom_heading text=\u00a0\u00bbLIENS\u00a0\u00bb font_container=\u00a0\u00bbtag:h2|font_size:20px|text_align:left|color:%23e6007e\u00a0\u00bb google_fonts=\u00a0\u00bbfont_family:Source%20Sans%20Pro%3A200%2C200italic%2C300%2C300italic%2Cregular%2Citalic%2C600%2C600italic%2C700%2C700italic%2C900%2C900italic|font_style:900%20bold%20regular%3A900%3Anormal\u00a0\u00bb][vc_column_text]<a href=\"https:\/\/www.traceparts.com\/els\/atlanta\/nl\/search\/atlanta?CatalogPath=ATLANTA%3AF_ATLANTA\" target=\"_blank\" rel=\"noopener noreferrer\">3D-CAD ATLANTA<\/a>[\/vc_column_text][\/vc_column][\/vc_row][vc_row el_class=\u00a0\u00bbdownloads\u00a0\u00bb][vc_column][vc_custom_heading text=\u00a0\u00bbDOWNLOADS\u00a0\u00bb font_container=\u00a0\u00bbtag:h2|font_size:20px|text_align:left|color:%23e6007e\u00a0\u00bb google_fonts=\u00a0\u00bbfont_family:Source%20Sans%20Pro%3A200%2C200italic%2C300%2C300italic%2Cregular%2Citalic%2C600%2C600italic%2C700%2C700italic%2C900%2C900italic|font_style:900%20bold%20regular%3A900%3Anormal\u00a0\u00bb][vc_column_text]<a href=\"\/wp-content\/uploads\/2023\/06\/Servo-womwielkasten-CC-2023.pdf\" target=\"_blank\" rel=\"noopener noreferrer\">Catalogue Compact Vansichen &#8211; R\u00e9ducteurs servo<\/a><br \/>\n<a href=\"https:\/\/vansichen.be\/wp-content\/uploads\/2020\/04\/Omsleutlingstabel-HP-Servo.pdf\" target=\"_blank\" rel=\"noopener noreferrer\">Table de conversion HP Servo<\/a><br \/>\n<a href=\"https:\/\/vansichen.be\/wp-content\/uploads\/2020\/04\/Omsleutelingstabel-HT-Servo.pdf\" target=\"_blank\" rel=\"noopener noreferrer\">Table de conversion HT Servo<\/a><br \/>\n<a href=\"\/wp-content\/uploads\/2024\/07\/Servo_Schneckengetriebe_Katalog_Download_PDF.pdf\" target=\"_blank\" rel=\"noopener noreferrer\">Catalogue Servosystem<\/a>[\/vc_column_text][\/vc_column][\/vc_row][vc_row][vc_column width=\u00a0\u00bb1\/3&Prime;][vc_video link=\u00a0\u00bbhttps:\/\/youtu.be\/eIx_9OlIzzw\u00a0\u00bb][\/vc_column][vc_column width=\u00a0\u00bb1\/3&Prime;][vc_video link=\u00a0\u00bbhttps:\/\/youtu.be\/FfJfIJQzv0E\u00a0\u00bb][\/vc_column][vc_column width=\u00a0\u00bb1\/3&Prime;][vc_video link=\u00a0\u00bbhttps:\/\/youtu.be\/jULtiC80xJo\u00a0\u00bb][\/vc_column][\/vc_row][vc_row][vc_column width=\u00a0\u00bb1\/3&Prime;][vc_video link=\u00a0\u00bbhttps:\/\/youtu.be\/IhRfRmZjbsk\u00a0\u00bb][\/vc_column][vc_column width=\u00a0\u00bb1\/3&Prime;][vc_video link=\u00a0\u00bbhttps:\/\/youtu.be\/qsZeWuqvECs\u00a0\u00bb][\/vc_column][vc_column width=\u00a0\u00bb1\/3&Prime;][vc_video link=\u00a0\u00bbhttps:\/\/youtu.be\/47MUXj229bA\u00a0\u00bb][\/vc_column][\/vc_row]<\/p>\n<\/div>","protected":false},"excerpt":{"rendered":"<p>[vc_row][vc_column][vc_custom_heading text=\u00a0\u00bbATLANTA: R\u00c9DUCTEURS SERVO\u00a0\u00bb font_container=\u00a0\u00bbtag:h1|font_size:53px|text_align:left|color:%23e6007e\u00a0\u00bb google_fonts=\u00a0\u00bbfont_family:Source%20Sans%20Pro%3A200%2C200italic%2C300%2C300italic%2Cregular%2Citalic%2C600%2C600italic%2C700%2C700italic%2C900%2C900italic|font_style:900%20bold%20regular%3A900%3Anormal\u00a0\u00bb][vc_column_text]Les r\u00e9ducteurs servo de haute pr\u00e9cision, jusqu&rsquo;au 1 minute d&rsquo;arc, sont id\u00e9ales pour des applications<span class=\"excerpt-hellip\"> [\u2026]<\/span><\/p>\n","protected":false},"author":4,"featured_media":0,"parent":3856,"menu_order":0,"comment_status":"closed","ping_status":"closed","template":"","meta":{"inline_featured_image":false,"footnotes":""},"class_list":["post-1514","page","type-page","status-publish","hentry"],"yoast_head":"<!-- This site is optimized with the Yoast SEO plugin v26.8 - https:\/\/yoast.com\/product\/yoast-seo-wordpress\/ -->\n<title>Atlanta: R\u00e9ducteurs servo - Vansichen Linear Technology<\/title>\n<meta name=\"description\" content=\"Les r\u00e9ducteurs servo de haute pr\u00e9cision sont id\u00e9ales pour des applications o\u00f9 des grandes forces axiales se produire en raison de la denture h\u00e9lico\u00efdale.\" \/>\n<meta name=\"robots\" content=\"index, follow, max-snippet:-1, max-image-preview:large, max-video-preview:-1\" \/>\n<link rel=\"canonical\" href=\"https:\/\/vansichen.be\/fr\/composants-lineaires-standard\/elements-dentrainement\/reducteurs\/atlanta-reducteurs-servo\/\" \/>\n<meta property=\"og:locale\" content=\"fr_FR\" \/>\n<meta property=\"og:type\" content=\"article\" \/>\n<meta property=\"og:title\" content=\"Atlanta: R\u00e9ducteurs servo - Vansichen Linear Technology\" \/>\n<meta property=\"og:description\" content=\"Les r\u00e9ducteurs servo de haute pr\u00e9cision sont id\u00e9ales pour des applications o\u00f9 des grandes forces axiales se produire en raison de la denture h\u00e9lico\u00efdale.\" \/>\n<meta property=\"og:url\" content=\"https:\/\/vansichen.be\/fr\/composants-lineaires-standard\/elements-dentrainement\/reducteurs\/atlanta-reducteurs-servo\/\" \/>\n<meta property=\"og:site_name\" content=\"Vansichen Linear Technology\" \/>\n<meta property=\"article:modified_time\" content=\"2024-07-18T13:47:33+00:00\" \/>\n<meta name=\"twitter:card\" content=\"summary_large_image\" \/>\n<meta name=\"twitter:label1\" content=\"Dur\u00e9e de lecture estim\u00e9e\" \/>\n\t<meta name=\"twitter:data1\" content=\"3 minutes\" \/>\n<script type=\"application\/ld+json\" class=\"yoast-schema-graph\">{\"@context\":\"https:\/\/schema.org\",\"@graph\":[{\"@type\":\"WebPage\",\"@id\":\"https:\/\/vansichen.be\/fr\/composants-lineaires-standard\/elements-dentrainement\/reducteurs\/atlanta-reducteurs-servo\/\",\"url\":\"https:\/\/vansichen.be\/fr\/composants-lineaires-standard\/elements-dentrainement\/reducteurs\/atlanta-reducteurs-servo\/\",\"name\":\"Atlanta: R\u00e9ducteurs servo - Vansichen Linear Technology\",\"isPartOf\":{\"@id\":\"https:\/\/vansichen.be\/de\/#website\"},\"datePublished\":\"2020-04-22T14:38:22+00:00\",\"dateModified\":\"2024-07-18T13:47:33+00:00\",\"description\":\"Les r\u00e9ducteurs servo de haute pr\u00e9cision sont id\u00e9ales pour des applications o\u00f9 des grandes forces axiales se produire en raison de la denture h\u00e9lico\u00efdale.\",\"breadcrumb\":{\"@id\":\"https:\/\/vansichen.be\/fr\/composants-lineaires-standard\/elements-dentrainement\/reducteurs\/atlanta-reducteurs-servo\/#breadcrumb\"},\"inLanguage\":\"fr-FR\",\"potentialAction\":[{\"@type\":\"ReadAction\",\"target\":[\"https:\/\/vansichen.be\/fr\/composants-lineaires-standard\/elements-dentrainement\/reducteurs\/atlanta-reducteurs-servo\/\"]}]},{\"@type\":\"BreadcrumbList\",\"@id\":\"https:\/\/vansichen.be\/fr\/composants-lineaires-standard\/elements-dentrainement\/reducteurs\/atlanta-reducteurs-servo\/#breadcrumb\",\"itemListElement\":[{\"@type\":\"ListItem\",\"position\":1,\"name\":\"Home\",\"item\":\"https:\/\/vansichen.be\/fr\/\"},{\"@type\":\"ListItem\",\"position\":2,\"name\":\"Composants lin\u00e9aires standard\",\"item\":\"https:\/\/vansichen.be\/fr\/composants-lineaires-standard\/\"},{\"@type\":\"ListItem\",\"position\":3,\"name\":\"\u00c9l\u00e9ments d&#8217;entra\u00eenement\",\"item\":\"https:\/\/vansichen.be\/fr\/composants-lineaires-standard\/elements-dentrainement\/\"},{\"@type\":\"ListItem\",\"position\":4,\"name\":\"R\u00e9ducteurs\",\"item\":\"https:\/\/vansichen.be\/fr\/composants-lineaires-standard\/elements-dentrainement\/reducteurs\/\"},{\"@type\":\"ListItem\",\"position\":5,\"name\":\"Atlanta: R\u00e9ducteurs servo\"}]},{\"@type\":\"WebSite\",\"@id\":\"https:\/\/vansichen.be\/de\/#website\",\"url\":\"https:\/\/vansichen.be\/de\/\",\"name\":\"Vansichen Linear Technology\",\"description\":\"\",\"publisher\":{\"@id\":\"https:\/\/vansichen.be\/de\/#organization\"},\"potentialAction\":[{\"@type\":\"SearchAction\",\"target\":{\"@type\":\"EntryPoint\",\"urlTemplate\":\"https:\/\/vansichen.be\/de\/?s={search_term_string}\"},\"query-input\":{\"@type\":\"PropertyValueSpecification\",\"valueRequired\":true,\"valueName\":\"search_term_string\"}}],\"inLanguage\":\"fr-FR\"},{\"@type\":\"Organization\",\"@id\":\"https:\/\/vansichen.be\/de\/#organization\",\"name\":\"Vansichen Linear Technology\",\"url\":\"https:\/\/vansichen.be\/de\/\",\"logo\":{\"@type\":\"ImageObject\",\"inLanguage\":\"fr-FR\",\"@id\":\"https:\/\/vansichen.be\/de\/#\/schema\/logo\/image\/\",\"url\":\"https:\/\/vansichen.be\/wp-content\/uploads\/2020\/03\/Vansichen_home_2020_4.png\",\"contentUrl\":\"https:\/\/vansichen.be\/wp-content\/uploads\/2020\/03\/Vansichen_home_2020_4.png\",\"width\":260,\"height\":44,\"caption\":\"Vansichen Linear Technology\"},\"image\":{\"@id\":\"https:\/\/vansichen.be\/de\/#\/schema\/logo\/image\/\"}}]}<\/script>\n<!-- \/ Yoast SEO plugin. -->","yoast_head_json":{"title":"Atlanta: R\u00e9ducteurs servo - Vansichen Linear Technology","description":"Les r\u00e9ducteurs servo de haute pr\u00e9cision sont id\u00e9ales pour des applications o\u00f9 des grandes forces axiales se produire en raison de la denture h\u00e9lico\u00efdale.","robots":{"index":"index","follow":"follow","max-snippet":"max-snippet:-1","max-image-preview":"max-image-preview:large","max-video-preview":"max-video-preview:-1"},"canonical":"https:\/\/vansichen.be\/fr\/composants-lineaires-standard\/elements-dentrainement\/reducteurs\/atlanta-reducteurs-servo\/","og_locale":"fr_FR","og_type":"article","og_title":"Atlanta: R\u00e9ducteurs servo - Vansichen Linear Technology","og_description":"Les r\u00e9ducteurs servo de haute pr\u00e9cision sont id\u00e9ales pour des applications o\u00f9 des grandes forces axiales se produire en raison de la denture h\u00e9lico\u00efdale.","og_url":"https:\/\/vansichen.be\/fr\/composants-lineaires-standard\/elements-dentrainement\/reducteurs\/atlanta-reducteurs-servo\/","og_site_name":"Vansichen Linear Technology","article_modified_time":"2024-07-18T13:47:33+00:00","twitter_card":"summary_large_image","twitter_misc":{"Dur\u00e9e de lecture estim\u00e9e":"3 minutes"},"schema":{"@context":"https:\/\/schema.org","@graph":[{"@type":"WebPage","@id":"https:\/\/vansichen.be\/fr\/composants-lineaires-standard\/elements-dentrainement\/reducteurs\/atlanta-reducteurs-servo\/","url":"https:\/\/vansichen.be\/fr\/composants-lineaires-standard\/elements-dentrainement\/reducteurs\/atlanta-reducteurs-servo\/","name":"Atlanta: R\u00e9ducteurs servo - Vansichen Linear Technology","isPartOf":{"@id":"https:\/\/vansichen.be\/de\/#website"},"datePublished":"2020-04-22T14:38:22+00:00","dateModified":"2024-07-18T13:47:33+00:00","description":"Les r\u00e9ducteurs servo de haute pr\u00e9cision sont id\u00e9ales pour des applications o\u00f9 des grandes forces axiales se produire en raison de la denture h\u00e9lico\u00efdale.","breadcrumb":{"@id":"https:\/\/vansichen.be\/fr\/composants-lineaires-standard\/elements-dentrainement\/reducteurs\/atlanta-reducteurs-servo\/#breadcrumb"},"inLanguage":"fr-FR","potentialAction":[{"@type":"ReadAction","target":["https:\/\/vansichen.be\/fr\/composants-lineaires-standard\/elements-dentrainement\/reducteurs\/atlanta-reducteurs-servo\/"]}]},{"@type":"BreadcrumbList","@id":"https:\/\/vansichen.be\/fr\/composants-lineaires-standard\/elements-dentrainement\/reducteurs\/atlanta-reducteurs-servo\/#breadcrumb","itemListElement":[{"@type":"ListItem","position":1,"name":"Home","item":"https:\/\/vansichen.be\/fr\/"},{"@type":"ListItem","position":2,"name":"Composants lin\u00e9aires standard","item":"https:\/\/vansichen.be\/fr\/composants-lineaires-standard\/"},{"@type":"ListItem","position":3,"name":"\u00c9l\u00e9ments d&#8217;entra\u00eenement","item":"https:\/\/vansichen.be\/fr\/composants-lineaires-standard\/elements-dentrainement\/"},{"@type":"ListItem","position":4,"name":"R\u00e9ducteurs","item":"https:\/\/vansichen.be\/fr\/composants-lineaires-standard\/elements-dentrainement\/reducteurs\/"},{"@type":"ListItem","position":5,"name":"Atlanta: R\u00e9ducteurs servo"}]},{"@type":"WebSite","@id":"https:\/\/vansichen.be\/de\/#website","url":"https:\/\/vansichen.be\/de\/","name":"Vansichen Linear Technology","description":"","publisher":{"@id":"https:\/\/vansichen.be\/de\/#organization"},"potentialAction":[{"@type":"SearchAction","target":{"@type":"EntryPoint","urlTemplate":"https:\/\/vansichen.be\/de\/?s={search_term_string}"},"query-input":{"@type":"PropertyValueSpecification","valueRequired":true,"valueName":"search_term_string"}}],"inLanguage":"fr-FR"},{"@type":"Organization","@id":"https:\/\/vansichen.be\/de\/#organization","name":"Vansichen Linear Technology","url":"https:\/\/vansichen.be\/de\/","logo":{"@type":"ImageObject","inLanguage":"fr-FR","@id":"https:\/\/vansichen.be\/de\/#\/schema\/logo\/image\/","url":"https:\/\/vansichen.be\/wp-content\/uploads\/2020\/03\/Vansichen_home_2020_4.png","contentUrl":"https:\/\/vansichen.be\/wp-content\/uploads\/2020\/03\/Vansichen_home_2020_4.png","width":260,"height":44,"caption":"Vansichen Linear Technology"},"image":{"@id":"https:\/\/vansichen.be\/de\/#\/schema\/logo\/image\/"}}]}},"_links":{"self":[{"href":"https:\/\/vansichen.be\/fr\/wp-json\/wp\/v2\/pages\/1514","targetHints":{"allow":["GET"]}}],"collection":[{"href":"https:\/\/vansichen.be\/fr\/wp-json\/wp\/v2\/pages"}],"about":[{"href":"https:\/\/vansichen.be\/fr\/wp-json\/wp\/v2\/types\/page"}],"author":[{"embeddable":true,"href":"https:\/\/vansichen.be\/fr\/wp-json\/wp\/v2\/users\/4"}],"replies":[{"embeddable":true,"href":"https:\/\/vansichen.be\/fr\/wp-json\/wp\/v2\/comments?post=1514"}],"version-history":[{"count":5,"href":"https:\/\/vansichen.be\/fr\/wp-json\/wp\/v2\/pages\/1514\/revisions"}],"predecessor-version":[{"id":17761,"href":"https:\/\/vansichen.be\/fr\/wp-json\/wp\/v2\/pages\/1514\/revisions\/17761"}],"up":[{"embeddable":true,"href":"https:\/\/vansichen.be\/fr\/wp-json\/wp\/v2\/pages\/3856"}],"wp:attachment":[{"href":"https:\/\/vansichen.be\/fr\/wp-json\/wp\/v2\/media?parent=1514"}],"curies":[{"name":"wp","href":"https:\/\/api.w.org\/{rel}","templated":true}]}}