{"id":1517,"date":"2020-04-22T14:42:00","date_gmt":"2020-04-22T14:42:00","guid":{"rendered":"https:\/\/vansichen.be\/leantechnik\/"},"modified":"2020-06-25T14:54:41","modified_gmt":"2020-06-25T14:54:41","slug":"leantechnik","status":"publish","type":"page","link":"https:\/\/vansichen.be\/fr\/composants-lineaires-standard\/elements-dentrainement\/verins-electriques\/leantechnik\/","title":{"rendered":"Leantechnik"},"content":{"rendered":"<div class=\"wpb-content-wrapper\"><p>[vc_row][vc_column][vc_custom_heading text=\u00a0\u00bbLEANTECHNIK\u00a0\u00bb font_container=\u00a0\u00bbtag:h1|font_size:53px|text_align:left|color:%23e6007e\u00a0\u00bb google_fonts=\u00a0\u00bbfont_family:Source%20Sans%20Pro%3A200%2C200italic%2C300%2C300italic%2Cregular%2Citalic%2C600%2C600italic%2C700%2C700italic%2C900%2C900italic|font_style:900%20bold%20regular%3A900%3Anormal\u00a0\u00bb][\/vc_column][\/vc_row][vc_row][vc_column width=\u00a0\u00bb2\/3&Prime;][vc_column_text]Leantechnik AG combine de mani\u00e8re innovante et unique le meilleur de diff\u00e9rents mondes. Ils d\u00e9veloppent des syst\u00e8mes qui combinent une bo\u00eete d\u2019engrenages avec un guidage \u00e0 billes ou un arbre avec cr\u00e9maill\u00e8re int\u00e9gr\u00e9e. Ces syst\u00e8mes sont con\u00e7us en diff\u00e9rentes dimensions et se combinent facilement entre eux. Les m\u00e9canismes d\u2019entra\u00eenement se combinent \u00e0 l\u2019infini et trouvent principalement leur application dans l\u2019automobile.<\/p>\n<p>Vansichen Techniques Lin\u00e9aires et Leantechnik AG travaillent ensemble sur des projets depuis quelques mois. Le but de cette collaboration est de construire des syst\u00e8mes sur la base des produits de Leantechnik AG pour les march\u00e9s belge et allemand. Ces produits permettent de rendre la gamme encore plus compl\u00e8te.[\/vc_column_text][vc_custom_heading text=\u00a0\u00bbPARTENAIRE\u00a0\u00bb font_container=\u00a0\u00bbtag:h2|font_size:20px|text_align:left|color:%23e6007e\u00a0\u00bb google_fonts=\u00a0\u00bbfont_family:Source%20Sans%20Pro%3A200%2C200italic%2C300%2C300italic%2Cregular%2Citalic%2C600%2C600italic%2C700%2C700italic%2C900%2C900italic|font_style:900%20bold%20regular%3A900%3Anormal\u00a0\u00bb][vc_row_inner el_class=\u00a0\u00bbpartners\u00a0\u00bb][vc_column_inner width=\u00a0\u00bb1\/3&Prime;][vc_single_image image=\u00a0\u00bb806&Prime; img_size=\u00a0\u00bbfull\u00a0\u00bb onclick=\u00a0\u00bbcustom_link\u00a0\u00bb img_link_target=\u00a0\u00bb_blank\u00a0\u00bb link=\u00a0\u00bbhttp:\/\/leantechnik.com\/en\/\u00a0\u00bb][\/vc_column_inner][vc_column_inner width=\u00a0\u00bb1\/3&Prime;][\/vc_column_inner][vc_column_inner width=\u00a0\u00bb1\/3&Prime;][\/vc_column_inner][\/vc_row_inner][\/vc_column][vc_column width=\u00a0\u00bb1\/3&Prime;][vc_widget_sidebar sidebar_id=\u00a0\u00bbtop-area-1&Prime;][\/vc_column][\/vc_row][vc_row el_class=\u00a0\u00bblinks\u00a0\u00bb][vc_column][vc_custom_heading text=\u00a0\u00bbLIENS\u00a0\u00bb font_container=\u00a0\u00bbtag:h2|font_size:20px|text_align:left|color:%23e6007e\u00a0\u00bb google_fonts=\u00a0\u00bbfont_family:Source%20Sans%20Pro%3A200%2C200italic%2C300%2C300italic%2Cregular%2Citalic%2C600%2C600italic%2C700%2C700italic%2C900%2C900italic|font_style:900%20bold%20regular%3A900%3Anormal\u00a0\u00bb][vc_column_text]<a href=\"https:\/\/leantechnik.com\/en\/our-service\/cad-download\/\" target=\"_blank\" rel=\"noopener noreferrer\">3D-CAD LEANTECHNIK<\/a>[\/vc_column_text][\/vc_column][\/vc_row][vc_row el_class=\u00a0\u00bbdownloads\u00a0\u00bb][vc_column][vc_custom_heading text=\u00a0\u00bbDOWNLOADS\u00a0\u00bb font_container=\u00a0\u00bbtag:h2|font_size:20px|text_align:left|color:%23e6007e\u00a0\u00bb google_fonts=\u00a0\u00bbfont_family:Source%20Sans%20Pro%3A200%2C200italic%2C300%2C300italic%2Cregular%2Citalic%2C600%2C600italic%2C700%2C700italic%2C900%2C900italic|font_style:900%20bold%20regular%3A900%3Anormal\u00a0\u00bb][vc_column_text]<a href=\"https:\/\/vansichen.be\/wp-content\/uploads\/2020\/04\/catalogus-leantechnik.pdf\" target=\"_blank\" rel=\"noopener noreferrer\">Catalogue Leantechnik<\/a>[\/vc_column_text][\/vc_column][\/vc_row][vc_row][vc_column][vc_gallery type=\u00a0\u00bbimage_grid\u00a0\u00bb images=\u00a0\u00bb823,827,831,835,839,843,847,851&Prime; img_size=\u00a0\u00bbfull\u00a0\u00bb el_class=\u00a0\u00bbhover-gallery\u00a0\u00bb][\/vc_column][\/vc_row]<\/p>\n<\/div>","protected":false},"excerpt":{"rendered":"<p>[vc_row][vc_column][vc_custom_heading text=\u00a0\u00bbLEANTECHNIK\u00a0\u00bb font_container=\u00a0\u00bbtag:h1|font_size:53px|text_align:left|color:%23e6007e\u00a0\u00bb google_fonts=\u00a0\u00bbfont_family:Source%20Sans%20Pro%3A200%2C200italic%2C300%2C300italic%2Cregular%2Citalic%2C600%2C600italic%2C700%2C700italic%2C900%2C900italic|font_style:900%20bold%20regular%3A900%3Anormal\u00a0\u00bb][\/vc_column][\/vc_row][vc_row][vc_column width=\u00a0\u00bb2\/3&Prime;][vc_column_text]Leantechnik AG combine de mani\u00e8re innovante et unique le meilleur de diff\u00e9rents mondes. Ils d\u00e9veloppent des<span class=\"excerpt-hellip\"> [\u2026]<\/span><\/p>\n","protected":false},"author":4,"featured_media":0,"parent":3953,"menu_order":0,"comment_status":"closed","ping_status":"closed","template":"","meta":{"inline_featured_image":false,"footnotes":""},"class_list":["post-1517","page","type-page","status-publish","hentry"],"yoast_head":"<!-- This site is optimized with the Yoast SEO plugin v26.8 - https:\/\/yoast.com\/product\/yoast-seo-wordpress\/ -->\n<title>Leantechnik - Actuatoren - Vansichen Linear Technology<\/title>\n<meta name=\"description\" content=\"Leantechnik AG d\u00e9veloppe des syst\u00e8mes qui combinent une bo\u00eete d\u2019engrenages avec un guidage \u00e0 billes ou un arbre avec cr\u00e9maill\u00e8re int\u00e9gr\u00e9e.\" \/>\n<meta name=\"robots\" content=\"index, follow, max-snippet:-1, max-image-preview:large, max-video-preview:-1\" \/>\n<link rel=\"canonical\" href=\"https:\/\/vansichen.be\/fr\/composants-lineaires-standard\/elements-dentrainement\/verins-electriques\/leantechnik\/\" \/>\n<meta property=\"og:locale\" content=\"fr_FR\" \/>\n<meta property=\"og:type\" content=\"article\" \/>\n<meta property=\"og:title\" content=\"Leantechnik - Actuatoren - Vansichen Linear Technology\" \/>\n<meta property=\"og:description\" content=\"Leantechnik AG d\u00e9veloppe des syst\u00e8mes qui combinent une bo\u00eete d\u2019engrenages avec un guidage \u00e0 billes ou un arbre avec cr\u00e9maill\u00e8re int\u00e9gr\u00e9e.\" \/>\n<meta property=\"og:url\" content=\"https:\/\/vansichen.be\/fr\/composants-lineaires-standard\/elements-dentrainement\/verins-electriques\/leantechnik\/\" \/>\n<meta property=\"og:site_name\" content=\"Vansichen Linear Technology\" \/>\n<meta property=\"article:modified_time\" content=\"2020-06-25T14:54:41+00:00\" \/>\n<meta name=\"twitter:card\" content=\"summary_large_image\" \/>\n<meta name=\"twitter:label1\" content=\"Dur\u00e9e de lecture estim\u00e9e\" \/>\n\t<meta name=\"twitter:data1\" content=\"2 minutes\" \/>\n<script type=\"application\/ld+json\" class=\"yoast-schema-graph\">{\"@context\":\"https:\/\/schema.org\",\"@graph\":[{\"@type\":\"WebPage\",\"@id\":\"https:\/\/vansichen.be\/fr\/composants-lineaires-standard\/elements-dentrainement\/verins-electriques\/leantechnik\/\",\"url\":\"https:\/\/vansichen.be\/fr\/composants-lineaires-standard\/elements-dentrainement\/verins-electriques\/leantechnik\/\",\"name\":\"Leantechnik - Actuatoren - Vansichen Linear Technology\",\"isPartOf\":{\"@id\":\"https:\/\/vansichen.be\/de\/#website\"},\"datePublished\":\"2020-04-22T14:42:00+00:00\",\"dateModified\":\"2020-06-25T14:54:41+00:00\",\"description\":\"Leantechnik AG d\u00e9veloppe des syst\u00e8mes qui combinent une bo\u00eete d\u2019engrenages avec un guidage \u00e0 billes ou un arbre avec cr\u00e9maill\u00e8re int\u00e9gr\u00e9e.\",\"breadcrumb\":{\"@id\":\"https:\/\/vansichen.be\/fr\/composants-lineaires-standard\/elements-dentrainement\/verins-electriques\/leantechnik\/#breadcrumb\"},\"inLanguage\":\"fr-FR\",\"potentialAction\":[{\"@type\":\"ReadAction\",\"target\":[\"https:\/\/vansichen.be\/fr\/composants-lineaires-standard\/elements-dentrainement\/verins-electriques\/leantechnik\/\"]}]},{\"@type\":\"BreadcrumbList\",\"@id\":\"https:\/\/vansichen.be\/fr\/composants-lineaires-standard\/elements-dentrainement\/verins-electriques\/leantechnik\/#breadcrumb\",\"itemListElement\":[{\"@type\":\"ListItem\",\"position\":1,\"name\":\"Home\",\"item\":\"https:\/\/vansichen.be\/fr\/\"},{\"@type\":\"ListItem\",\"position\":2,\"name\":\"Composants lin\u00e9aires standard\",\"item\":\"https:\/\/vansichen.be\/fr\/composants-lineaires-standard\/\"},{\"@type\":\"ListItem\",\"position\":3,\"name\":\"\u00c9l\u00e9ments d&#8217;entra\u00eenement\",\"item\":\"https:\/\/vansichen.be\/fr\/composants-lineaires-standard\/elements-dentrainement\/\"},{\"@type\":\"ListItem\",\"position\":4,\"name\":\"V\u00e9rins \u00e9lectriques\",\"item\":\"https:\/\/vansichen.be\/fr\/composants-lineaires-standard\/elements-dentrainement\/verins-electriques\/\"},{\"@type\":\"ListItem\",\"position\":5,\"name\":\"Leantechnik\"}]},{\"@type\":\"WebSite\",\"@id\":\"https:\/\/vansichen.be\/de\/#website\",\"url\":\"https:\/\/vansichen.be\/de\/\",\"name\":\"Vansichen Linear Technology\",\"description\":\"\",\"publisher\":{\"@id\":\"https:\/\/vansichen.be\/de\/#organization\"},\"potentialAction\":[{\"@type\":\"SearchAction\",\"target\":{\"@type\":\"EntryPoint\",\"urlTemplate\":\"https:\/\/vansichen.be\/de\/?s={search_term_string}\"},\"query-input\":{\"@type\":\"PropertyValueSpecification\",\"valueRequired\":true,\"valueName\":\"search_term_string\"}}],\"inLanguage\":\"fr-FR\"},{\"@type\":\"Organization\",\"@id\":\"https:\/\/vansichen.be\/de\/#organization\",\"name\":\"Vansichen Linear Technology\",\"url\":\"https:\/\/vansichen.be\/de\/\",\"logo\":{\"@type\":\"ImageObject\",\"inLanguage\":\"fr-FR\",\"@id\":\"https:\/\/vansichen.be\/de\/#\/schema\/logo\/image\/\",\"url\":\"https:\/\/vansichen.be\/wp-content\/uploads\/2020\/03\/Vansichen_home_2020_4.png\",\"contentUrl\":\"https:\/\/vansichen.be\/wp-content\/uploads\/2020\/03\/Vansichen_home_2020_4.png\",\"width\":260,\"height\":44,\"caption\":\"Vansichen Linear Technology\"},\"image\":{\"@id\":\"https:\/\/vansichen.be\/de\/#\/schema\/logo\/image\/\"}}]}<\/script>\n<!-- \/ Yoast SEO plugin. -->","yoast_head_json":{"title":"Leantechnik - Actuatoren - Vansichen Linear Technology","description":"Leantechnik AG d\u00e9veloppe des syst\u00e8mes qui combinent une bo\u00eete d\u2019engrenages avec un guidage \u00e0 billes ou un arbre avec cr\u00e9maill\u00e8re int\u00e9gr\u00e9e.","robots":{"index":"index","follow":"follow","max-snippet":"max-snippet:-1","max-image-preview":"max-image-preview:large","max-video-preview":"max-video-preview:-1"},"canonical":"https:\/\/vansichen.be\/fr\/composants-lineaires-standard\/elements-dentrainement\/verins-electriques\/leantechnik\/","og_locale":"fr_FR","og_type":"article","og_title":"Leantechnik - Actuatoren - Vansichen Linear Technology","og_description":"Leantechnik AG d\u00e9veloppe des syst\u00e8mes qui combinent une bo\u00eete d\u2019engrenages avec un guidage \u00e0 billes ou un arbre avec cr\u00e9maill\u00e8re int\u00e9gr\u00e9e.","og_url":"https:\/\/vansichen.be\/fr\/composants-lineaires-standard\/elements-dentrainement\/verins-electriques\/leantechnik\/","og_site_name":"Vansichen Linear Technology","article_modified_time":"2020-06-25T14:54:41+00:00","twitter_card":"summary_large_image","twitter_misc":{"Dur\u00e9e de lecture estim\u00e9e":"2 minutes"},"schema":{"@context":"https:\/\/schema.org","@graph":[{"@type":"WebPage","@id":"https:\/\/vansichen.be\/fr\/composants-lineaires-standard\/elements-dentrainement\/verins-electriques\/leantechnik\/","url":"https:\/\/vansichen.be\/fr\/composants-lineaires-standard\/elements-dentrainement\/verins-electriques\/leantechnik\/","name":"Leantechnik - Actuatoren - Vansichen Linear Technology","isPartOf":{"@id":"https:\/\/vansichen.be\/de\/#website"},"datePublished":"2020-04-22T14:42:00+00:00","dateModified":"2020-06-25T14:54:41+00:00","description":"Leantechnik AG d\u00e9veloppe des syst\u00e8mes qui combinent une bo\u00eete d\u2019engrenages avec un guidage \u00e0 billes ou un arbre avec cr\u00e9maill\u00e8re int\u00e9gr\u00e9e.","breadcrumb":{"@id":"https:\/\/vansichen.be\/fr\/composants-lineaires-standard\/elements-dentrainement\/verins-electriques\/leantechnik\/#breadcrumb"},"inLanguage":"fr-FR","potentialAction":[{"@type":"ReadAction","target":["https:\/\/vansichen.be\/fr\/composants-lineaires-standard\/elements-dentrainement\/verins-electriques\/leantechnik\/"]}]},{"@type":"BreadcrumbList","@id":"https:\/\/vansichen.be\/fr\/composants-lineaires-standard\/elements-dentrainement\/verins-electriques\/leantechnik\/#breadcrumb","itemListElement":[{"@type":"ListItem","position":1,"name":"Home","item":"https:\/\/vansichen.be\/fr\/"},{"@type":"ListItem","position":2,"name":"Composants lin\u00e9aires standard","item":"https:\/\/vansichen.be\/fr\/composants-lineaires-standard\/"},{"@type":"ListItem","position":3,"name":"\u00c9l\u00e9ments d&#8217;entra\u00eenement","item":"https:\/\/vansichen.be\/fr\/composants-lineaires-standard\/elements-dentrainement\/"},{"@type":"ListItem","position":4,"name":"V\u00e9rins \u00e9lectriques","item":"https:\/\/vansichen.be\/fr\/composants-lineaires-standard\/elements-dentrainement\/verins-electriques\/"},{"@type":"ListItem","position":5,"name":"Leantechnik"}]},{"@type":"WebSite","@id":"https:\/\/vansichen.be\/de\/#website","url":"https:\/\/vansichen.be\/de\/","name":"Vansichen Linear Technology","description":"","publisher":{"@id":"https:\/\/vansichen.be\/de\/#organization"},"potentialAction":[{"@type":"SearchAction","target":{"@type":"EntryPoint","urlTemplate":"https:\/\/vansichen.be\/de\/?s={search_term_string}"},"query-input":{"@type":"PropertyValueSpecification","valueRequired":true,"valueName":"search_term_string"}}],"inLanguage":"fr-FR"},{"@type":"Organization","@id":"https:\/\/vansichen.be\/de\/#organization","name":"Vansichen Linear Technology","url":"https:\/\/vansichen.be\/de\/","logo":{"@type":"ImageObject","inLanguage":"fr-FR","@id":"https:\/\/vansichen.be\/de\/#\/schema\/logo\/image\/","url":"https:\/\/vansichen.be\/wp-content\/uploads\/2020\/03\/Vansichen_home_2020_4.png","contentUrl":"https:\/\/vansichen.be\/wp-content\/uploads\/2020\/03\/Vansichen_home_2020_4.png","width":260,"height":44,"caption":"Vansichen Linear Technology"},"image":{"@id":"https:\/\/vansichen.be\/de\/#\/schema\/logo\/image\/"}}]}},"_links":{"self":[{"href":"https:\/\/vansichen.be\/fr\/wp-json\/wp\/v2\/pages\/1517","targetHints":{"allow":["GET"]}}],"collection":[{"href":"https:\/\/vansichen.be\/fr\/wp-json\/wp\/v2\/pages"}],"about":[{"href":"https:\/\/vansichen.be\/fr\/wp-json\/wp\/v2\/types\/page"}],"author":[{"embeddable":true,"href":"https:\/\/vansichen.be\/fr\/wp-json\/wp\/v2\/users\/4"}],"replies":[{"embeddable":true,"href":"https:\/\/vansichen.be\/fr\/wp-json\/wp\/v2\/comments?post=1517"}],"version-history":[{"count":5,"href":"https:\/\/vansichen.be\/fr\/wp-json\/wp\/v2\/pages\/1517\/revisions"}],"predecessor-version":[{"id":9806,"href":"https:\/\/vansichen.be\/fr\/wp-json\/wp\/v2\/pages\/1517\/revisions\/9806"}],"up":[{"embeddable":true,"href":"https:\/\/vansichen.be\/fr\/wp-json\/wp\/v2\/pages\/3953"}],"wp:attachment":[{"href":"https:\/\/vansichen.be\/fr\/wp-json\/wp\/v2\/media?parent=1517"}],"curies":[{"name":"wp","href":"https:\/\/api.w.org\/{rel}","templated":true}]}}