{"id":1522,"date":"2020-04-22T14:47:42","date_gmt":"2020-04-22T14:47:42","guid":{"rendered":"https:\/\/vansichen.be\/verin-electrique-vansichen\/"},"modified":"2022-05-13T11:02:37","modified_gmt":"2022-05-13T11:02:37","slug":"verin-electrique-vansichen","status":"publish","type":"page","link":"https:\/\/vansichen.be\/fr\/composants-lineaires-standard\/elements-dentrainement\/verins-electriques\/verin-electrique-vansichen\/","title":{"rendered":"V\u00e9rin \u00e9lectrique Vansichen"},"content":{"rendered":"<div class=\"wpb-content-wrapper\"><p>[vc_row][vc_column][vc_custom_heading text=\u00a0\u00bbV\u00c9RIN \u00c9LECTRIQUE VANSICHEN\u00a0\u00bb font_container=\u00a0\u00bbtag:h1|font_size:53px|text_align:left|color:%23e6007e\u00a0\u00bb google_fonts=\u00a0\u00bbfont_family:Source%20Sans%20Pro%3A200%2C200italic%2C300%2C300italic%2Cregular%2Citalic%2C600%2C600italic%2C700%2C700italic%2C900%2C900italic|font_style:900%20bold%20regular%3A900%3Anormal\u00a0\u00bb][\/vc_column][\/vc_row][vc_row][vc_column width=\u00a0\u00bb2\/3&Prime;][vc_column_text]Vansichen Linear Technology a con\u00e7u son propre v\u00e9rin electrique pour remplacer un v\u00e9rin \u00e0 air comprim\u00e9 ou un v\u00e9rin \u00e9lectrique lin\u00e9aire dans les applications dynamiques.<\/p>\n<h4 style=\"font-size: 20px;\"><span style=\"color: #e6007e;\"><strong>CARACT\u00c9RISTIQUES DU V\u00c9RIN ELECTRIQUE ILLUSTR\u00c9<\/strong><\/span><\/h4>\n<ul>\n<li>Cr\u00e9maill\u00e8re + rail d\u2019une longueur de 500 mm<\/li>\n<li>HIWIN taille 20<\/li>\n<li>Cr\u00e9maill\u00e8re module 3<\/li>\n<li>Motor\u00e9ducteur SEW (CMP50M)<\/li>\n<\/ul>\n<p>Autres tailles sur demande.[\/vc_column_text][vc_single_image image=\u00a0\u00bb9136&Prime; img_size=\u00a0\u00bb285&#215;200&Prime; onclick=\u00a0\u00bblink_image\u00a0\u00bb][\/vc_column][vc_column width=\u00a0\u00bb1\/3&Prime;][vc_widget_sidebar sidebar_id=\u00a0\u00bbtop-area-1&Prime;][\/vc_column][\/vc_row][vc_row][vc_column width=\u00a0\u00bb1\/3&Prime;][vc_video link=\u00a0\u00bbhttps:\/\/youtu.be\/4eaq_zeh1cw\u00a0\u00bb][\/vc_column][vc_column width=\u00a0\u00bb1\/3&Prime;][\/vc_column][vc_column width=\u00a0\u00bb1\/3&Prime;][\/vc_column][\/vc_row][vc_row][vc_column][vc_empty_space height=\u00a0\u00bb70px\u00a0\u00bb][\/vc_column][\/vc_row]<\/p>\n<\/div>","protected":false},"excerpt":{"rendered":"<p>[vc_row][vc_column][vc_custom_heading text=\u00a0\u00bbV\u00c9RIN \u00c9LECTRIQUE VANSICHEN\u00a0\u00bb font_container=\u00a0\u00bbtag:h1|font_size:53px|text_align:left|color:%23e6007e\u00a0\u00bb google_fonts=\u00a0\u00bbfont_family:Source%20Sans%20Pro%3A200%2C200italic%2C300%2C300italic%2Cregular%2Citalic%2C600%2C600italic%2C700%2C700italic%2C900%2C900italic|font_style:900%20bold%20regular%3A900%3Anormal\u00a0\u00bb][\/vc_column][\/vc_row][vc_row][vc_column width=\u00a0\u00bb2\/3&Prime;][vc_column_text]Vansichen Linear Technology a con\u00e7u son propre v\u00e9rin electrique pour remplacer un v\u00e9rin \u00e0<span class=\"excerpt-hellip\"> [\u2026]<\/span><\/p>\n","protected":false},"author":4,"featured_media":0,"parent":3953,"menu_order":0,"comment_status":"closed","ping_status":"closed","template":"","meta":{"inline_featured_image":false,"footnotes":""},"class_list":["post-1522","page","type-page","status-publish","hentry"],"yoast_head":"<!-- This site is optimized with the Yoast SEO plugin v26.8 - https:\/\/yoast.com\/product\/yoast-seo-wordpress\/ -->\n<title>V\u00e9rin \u00e9lectrique Vansichen - Vansichen Linear Technology<\/title>\n<meta name=\"description\" content=\"Vansichen a con\u00e7u son propre v\u00e9rin electrique dans les applications dynamiques. Pour en savoir plus, cliquez ici!\" \/>\n<meta name=\"robots\" content=\"index, follow, max-snippet:-1, max-image-preview:large, max-video-preview:-1\" \/>\n<link rel=\"canonical\" href=\"https:\/\/vansichen.be\/fr\/composants-lineaires-standard\/elements-dentrainement\/verins-electriques\/verin-electrique-vansichen\/\" \/>\n<meta property=\"og:locale\" content=\"fr_FR\" \/>\n<meta property=\"og:type\" content=\"article\" \/>\n<meta property=\"og:title\" content=\"V\u00e9rin \u00e9lectrique Vansichen - Vansichen Linear Technology\" \/>\n<meta property=\"og:description\" content=\"Vansichen a con\u00e7u son propre v\u00e9rin electrique dans les applications dynamiques. Pour en savoir plus, cliquez ici!\" \/>\n<meta property=\"og:url\" content=\"https:\/\/vansichen.be\/fr\/composants-lineaires-standard\/elements-dentrainement\/verins-electriques\/verin-electrique-vansichen\/\" \/>\n<meta property=\"og:site_name\" content=\"Vansichen Linear Technology\" \/>\n<meta property=\"article:modified_time\" content=\"2022-05-13T11:02:37+00:00\" \/>\n<meta name=\"twitter:card\" content=\"summary_large_image\" \/>\n<meta name=\"twitter:label1\" content=\"Dur\u00e9e de lecture estim\u00e9e\" \/>\n\t<meta name=\"twitter:data1\" content=\"1 minute\" \/>\n<script type=\"application\/ld+json\" class=\"yoast-schema-graph\">{\"@context\":\"https:\/\/schema.org\",\"@graph\":[{\"@type\":\"WebPage\",\"@id\":\"https:\/\/vansichen.be\/fr\/composants-lineaires-standard\/elements-dentrainement\/verins-electriques\/verin-electrique-vansichen\/\",\"url\":\"https:\/\/vansichen.be\/fr\/composants-lineaires-standard\/elements-dentrainement\/verins-electriques\/verin-electrique-vansichen\/\",\"name\":\"V\u00e9rin \u00e9lectrique Vansichen - Vansichen Linear Technology\",\"isPartOf\":{\"@id\":\"https:\/\/vansichen.be\/de\/#website\"},\"datePublished\":\"2020-04-22T14:47:42+00:00\",\"dateModified\":\"2022-05-13T11:02:37+00:00\",\"description\":\"Vansichen a con\u00e7u son propre v\u00e9rin electrique dans les applications dynamiques. Pour en savoir plus, cliquez ici!\",\"breadcrumb\":{\"@id\":\"https:\/\/vansichen.be\/fr\/composants-lineaires-standard\/elements-dentrainement\/verins-electriques\/verin-electrique-vansichen\/#breadcrumb\"},\"inLanguage\":\"fr-FR\",\"potentialAction\":[{\"@type\":\"ReadAction\",\"target\":[\"https:\/\/vansichen.be\/fr\/composants-lineaires-standard\/elements-dentrainement\/verins-electriques\/verin-electrique-vansichen\/\"]}]},{\"@type\":\"BreadcrumbList\",\"@id\":\"https:\/\/vansichen.be\/fr\/composants-lineaires-standard\/elements-dentrainement\/verins-electriques\/verin-electrique-vansichen\/#breadcrumb\",\"itemListElement\":[{\"@type\":\"ListItem\",\"position\":1,\"name\":\"Home\",\"item\":\"https:\/\/vansichen.be\/fr\/\"},{\"@type\":\"ListItem\",\"position\":2,\"name\":\"Composants lin\u00e9aires standard\",\"item\":\"https:\/\/vansichen.be\/fr\/composants-lineaires-standard\/\"},{\"@type\":\"ListItem\",\"position\":3,\"name\":\"\u00c9l\u00e9ments d&#8217;entra\u00eenement\",\"item\":\"https:\/\/vansichen.be\/fr\/composants-lineaires-standard\/elements-dentrainement\/\"},{\"@type\":\"ListItem\",\"position\":4,\"name\":\"V\u00e9rins \u00e9lectriques\",\"item\":\"https:\/\/vansichen.be\/fr\/composants-lineaires-standard\/elements-dentrainement\/verins-electriques\/\"},{\"@type\":\"ListItem\",\"position\":5,\"name\":\"V\u00e9rin \u00e9lectrique Vansichen\"}]},{\"@type\":\"WebSite\",\"@id\":\"https:\/\/vansichen.be\/de\/#website\",\"url\":\"https:\/\/vansichen.be\/de\/\",\"name\":\"Vansichen Linear Technology\",\"description\":\"\",\"publisher\":{\"@id\":\"https:\/\/vansichen.be\/de\/#organization\"},\"potentialAction\":[{\"@type\":\"SearchAction\",\"target\":{\"@type\":\"EntryPoint\",\"urlTemplate\":\"https:\/\/vansichen.be\/de\/?s={search_term_string}\"},\"query-input\":{\"@type\":\"PropertyValueSpecification\",\"valueRequired\":true,\"valueName\":\"search_term_string\"}}],\"inLanguage\":\"fr-FR\"},{\"@type\":\"Organization\",\"@id\":\"https:\/\/vansichen.be\/de\/#organization\",\"name\":\"Vansichen Linear Technology\",\"url\":\"https:\/\/vansichen.be\/de\/\",\"logo\":{\"@type\":\"ImageObject\",\"inLanguage\":\"fr-FR\",\"@id\":\"https:\/\/vansichen.be\/de\/#\/schema\/logo\/image\/\",\"url\":\"https:\/\/vansichen.be\/wp-content\/uploads\/2020\/03\/Vansichen_home_2020_4.png\",\"contentUrl\":\"https:\/\/vansichen.be\/wp-content\/uploads\/2020\/03\/Vansichen_home_2020_4.png\",\"width\":260,\"height\":44,\"caption\":\"Vansichen Linear Technology\"},\"image\":{\"@id\":\"https:\/\/vansichen.be\/de\/#\/schema\/logo\/image\/\"}}]}<\/script>\n<!-- \/ Yoast SEO plugin. -->","yoast_head_json":{"title":"V\u00e9rin \u00e9lectrique Vansichen - Vansichen Linear Technology","description":"Vansichen a con\u00e7u son propre v\u00e9rin electrique dans les applications dynamiques. Pour en savoir plus, cliquez ici!","robots":{"index":"index","follow":"follow","max-snippet":"max-snippet:-1","max-image-preview":"max-image-preview:large","max-video-preview":"max-video-preview:-1"},"canonical":"https:\/\/vansichen.be\/fr\/composants-lineaires-standard\/elements-dentrainement\/verins-electriques\/verin-electrique-vansichen\/","og_locale":"fr_FR","og_type":"article","og_title":"V\u00e9rin \u00e9lectrique Vansichen - Vansichen Linear Technology","og_description":"Vansichen a con\u00e7u son propre v\u00e9rin electrique dans les applications dynamiques. Pour en savoir plus, cliquez ici!","og_url":"https:\/\/vansichen.be\/fr\/composants-lineaires-standard\/elements-dentrainement\/verins-electriques\/verin-electrique-vansichen\/","og_site_name":"Vansichen Linear Technology","article_modified_time":"2022-05-13T11:02:37+00:00","twitter_card":"summary_large_image","twitter_misc":{"Dur\u00e9e de lecture estim\u00e9e":"1 minute"},"schema":{"@context":"https:\/\/schema.org","@graph":[{"@type":"WebPage","@id":"https:\/\/vansichen.be\/fr\/composants-lineaires-standard\/elements-dentrainement\/verins-electriques\/verin-electrique-vansichen\/","url":"https:\/\/vansichen.be\/fr\/composants-lineaires-standard\/elements-dentrainement\/verins-electriques\/verin-electrique-vansichen\/","name":"V\u00e9rin \u00e9lectrique Vansichen - Vansichen Linear Technology","isPartOf":{"@id":"https:\/\/vansichen.be\/de\/#website"},"datePublished":"2020-04-22T14:47:42+00:00","dateModified":"2022-05-13T11:02:37+00:00","description":"Vansichen a con\u00e7u son propre v\u00e9rin electrique dans les applications dynamiques. Pour en savoir plus, cliquez ici!","breadcrumb":{"@id":"https:\/\/vansichen.be\/fr\/composants-lineaires-standard\/elements-dentrainement\/verins-electriques\/verin-electrique-vansichen\/#breadcrumb"},"inLanguage":"fr-FR","potentialAction":[{"@type":"ReadAction","target":["https:\/\/vansichen.be\/fr\/composants-lineaires-standard\/elements-dentrainement\/verins-electriques\/verin-electrique-vansichen\/"]}]},{"@type":"BreadcrumbList","@id":"https:\/\/vansichen.be\/fr\/composants-lineaires-standard\/elements-dentrainement\/verins-electriques\/verin-electrique-vansichen\/#breadcrumb","itemListElement":[{"@type":"ListItem","position":1,"name":"Home","item":"https:\/\/vansichen.be\/fr\/"},{"@type":"ListItem","position":2,"name":"Composants lin\u00e9aires standard","item":"https:\/\/vansichen.be\/fr\/composants-lineaires-standard\/"},{"@type":"ListItem","position":3,"name":"\u00c9l\u00e9ments d&#8217;entra\u00eenement","item":"https:\/\/vansichen.be\/fr\/composants-lineaires-standard\/elements-dentrainement\/"},{"@type":"ListItem","position":4,"name":"V\u00e9rins \u00e9lectriques","item":"https:\/\/vansichen.be\/fr\/composants-lineaires-standard\/elements-dentrainement\/verins-electriques\/"},{"@type":"ListItem","position":5,"name":"V\u00e9rin \u00e9lectrique Vansichen"}]},{"@type":"WebSite","@id":"https:\/\/vansichen.be\/de\/#website","url":"https:\/\/vansichen.be\/de\/","name":"Vansichen Linear Technology","description":"","publisher":{"@id":"https:\/\/vansichen.be\/de\/#organization"},"potentialAction":[{"@type":"SearchAction","target":{"@type":"EntryPoint","urlTemplate":"https:\/\/vansichen.be\/de\/?s={search_term_string}"},"query-input":{"@type":"PropertyValueSpecification","valueRequired":true,"valueName":"search_term_string"}}],"inLanguage":"fr-FR"},{"@type":"Organization","@id":"https:\/\/vansichen.be\/de\/#organization","name":"Vansichen Linear Technology","url":"https:\/\/vansichen.be\/de\/","logo":{"@type":"ImageObject","inLanguage":"fr-FR","@id":"https:\/\/vansichen.be\/de\/#\/schema\/logo\/image\/","url":"https:\/\/vansichen.be\/wp-content\/uploads\/2020\/03\/Vansichen_home_2020_4.png","contentUrl":"https:\/\/vansichen.be\/wp-content\/uploads\/2020\/03\/Vansichen_home_2020_4.png","width":260,"height":44,"caption":"Vansichen Linear Technology"},"image":{"@id":"https:\/\/vansichen.be\/de\/#\/schema\/logo\/image\/"}}]}},"_links":{"self":[{"href":"https:\/\/vansichen.be\/fr\/wp-json\/wp\/v2\/pages\/1522","targetHints":{"allow":["GET"]}}],"collection":[{"href":"https:\/\/vansichen.be\/fr\/wp-json\/wp\/v2\/pages"}],"about":[{"href":"https:\/\/vansichen.be\/fr\/wp-json\/wp\/v2\/types\/page"}],"author":[{"embeddable":true,"href":"https:\/\/vansichen.be\/fr\/wp-json\/wp\/v2\/users\/4"}],"replies":[{"embeddable":true,"href":"https:\/\/vansichen.be\/fr\/wp-json\/wp\/v2\/comments?post=1522"}],"version-history":[{"count":5,"href":"https:\/\/vansichen.be\/fr\/wp-json\/wp\/v2\/pages\/1522\/revisions"}],"predecessor-version":[{"id":11854,"href":"https:\/\/vansichen.be\/fr\/wp-json\/wp\/v2\/pages\/1522\/revisions\/11854"}],"up":[{"embeddable":true,"href":"https:\/\/vansichen.be\/fr\/wp-json\/wp\/v2\/pages\/3953"}],"wp:attachment":[{"href":"https:\/\/vansichen.be\/fr\/wp-json\/wp\/v2\/media?parent=1522"}],"curies":[{"name":"wp","href":"https:\/\/api.w.org\/{rel}","templated":true}]}}