{"id":1536,"date":"2020-04-22T15:15:29","date_gmt":"2020-04-22T15:15:29","guid":{"rendered":"https:\/\/vansichen.be\/hiwin-modules-lineaires\/"},"modified":"2025-04-25T08:45:27","modified_gmt":"2025-04-25T08:45:27","slug":"hiwin-modules-lineaires","status":"publish","type":"page","link":"https:\/\/vansichen.be\/fr\/composants-lineaires-standard\/systemes-de-positionnement-standard\/modules-lineaires-aluminium\/hiwin-modules-lineaires\/","title":{"rendered":"Hiwin modules lin\u00e9aires"},"content":{"rendered":"<div class=\"wpb-content-wrapper\"><p>[vc_row][vc_column][vc_custom_heading text=\u00a0\u00bbHIWIN MODULES LIN\u00c9AIRES\u00a0\u00bb font_container=\u00a0\u00bbtag:h1|font_size:53px|text_align:left|color:%23e6007e\u00a0\u00bb google_fonts=\u00a0\u00bbfont_family:Source%20Sans%20Pro%3A200%2C200italic%2C300%2C300italic%2Cregular%2Citalic%2C600%2C600italic%2C700%2C700italic%2C900%2C900italic|font_style:900%20bold%20regular%3A900%3Anormal\u00a0\u00bb][\/vc_column][\/vc_row][vc_row][vc_column width=\u00a0\u00bb2\/3&Prime;][vc_column_text]Dans les Hiwin modules lin\u00e9aires, les rails de guidage HIWIN sont utilis\u00e9s comme guidage. Pour les applications dynamiques. Une courroie est utilis\u00e9e comme entrainement. Une vis est \u00e0 billes est utilis\u00e9e pour les applications de grandes pr\u00e9cision. Les modules HIWIN en aluminium ont un bon rapport qualit\u00e9\/prix et ont \u00e9t\u00e9 d\u00e9velopp\u00e9s pour la s\u00e9rie. Une gamme de modules lin\u00e9aires avec moteur lin\u00e9aire comme entrainement sont \u00e9galement disponibles. Pour plus d\u2019informations, vous pouvez toujours nous contacter.[\/vc_column_text][vc_custom_heading text=\u00a0\u00bbPARTENAIRE\u00a0\u00bb font_container=\u00a0\u00bbtag:h2|font_size:20px|text_align:left|color:%23e6007e\u00a0\u00bb google_fonts=\u00a0\u00bbfont_family:Source%20Sans%20Pro%3A200%2C200italic%2C300%2C300italic%2Cregular%2Citalic%2C600%2C600italic%2C700%2C700italic%2C900%2C900italic|font_style:900%20bold%20regular%3A900%3Anormal\u00a0\u00bb][vc_row_inner el_class=\u00a0\u00bbpartners\u00a0\u00bb][vc_column_inner width=\u00a0\u00bb1\/3&Prime;][vc_single_image image=\u00a0\u00bb4223&Prime; img_size=\u00a0\u00bbfull\u00a0\u00bb onclick=\u00a0\u00bbcustom_link\u00a0\u00bb img_link_target=\u00a0\u00bb_blank\u00a0\u00bb css=\u00a0\u00bb\u00a0\u00bb link=\u00a0\u00bbhttps:\/\/www.hiwin.de\/fr\u00a0\u00bb][\/vc_column_inner][vc_column_inner width=\u00a0\u00bb1\/3&Prime;][\/vc_column_inner][vc_column_inner width=\u00a0\u00bb1\/3&Prime;][\/vc_column_inner][\/vc_row_inner][\/vc_column][vc_column width=\u00a0\u00bb1\/3&Prime;][vc_widget_sidebar sidebar_id=\u00a0\u00bbtop-area-1&Prime;][\/vc_column][\/vc_row][vc_row el_class=\u00a0\u00bblinks\u00a0\u00bb][vc_column][vc_custom_heading text=\u00a0\u00bbLIENS\u00a0\u00bb font_container=\u00a0\u00bbtag:h2|font_size:20px|text_align:left|color:%23e6007e\u00a0\u00bb google_fonts=\u00a0\u00bbfont_family:Source%20Sans%20Pro%3A200%2C200italic%2C300%2C300italic%2Cregular%2Citalic%2C600%2C600italic%2C700%2C700italic%2C900%2C900italic|font_style:900%20bold%20regular%3A900%3Anormal\u00a0\u00bb][vc_column_text css=\u00a0\u00bb\u00a0\u00bb]<a href=\"https:\/\/www.hiwin.de\/fr\/tools\/produktkonfiguratoren\" target=\"_blank\" rel=\"noopener noreferrer\">3D-CAD HIWIN<\/a>[\/vc_column_text][\/vc_column][\/vc_row][vc_row el_class=\u00a0\u00bbdownloads\u00a0\u00bb][vc_column][vc_custom_heading text=\u00a0\u00bbDOWNLOADS\u00a0\u00bb font_container=\u00a0\u00bbtag:h2|font_size:20px|text_align:left|color:%23e6007e\u00a0\u00bb google_fonts=\u00a0\u00bbfont_family:Source%20Sans%20Pro%3A200%2C200italic%2C300%2C300italic%2Cregular%2Citalic%2C600%2C600italic%2C700%2C700italic%2C900%2C900italic|font_style:900%20bold%20regular%3A900%3Anormal\u00a0\u00bb][vc_column_text]<a href=\"https:\/\/vansichen.be\/wp-content\/uploads\/2021\/04\/Hiwin-main-modules-FR.pdf\" target=\"_blank\" rel=\"noopener noreferrer\">Catalogue HIWIN<\/a><br \/>\n<a href=\"https:\/\/vansichen.be\/wp-content\/uploads\/2021\/04\/Assembly-Hiwin-Belt-modules-ENG.pdf\" target=\"_blank\" rel=\"noopener noreferrer\">Assembly Hiwin Belt modules<\/a><br \/>\n<a href=\"https:\/\/vansichen.be\/wp-content\/uploads\/2021\/04\/Assembly-Hiwin-Spindle-modules-ENG.pdf\" target=\"_blank\" rel=\"noopener noreferrer\">Assembly Hiwin Spindle modules<\/a>[\/vc_column_text][\/vc_column][\/vc_row][vc_row][vc_column][vc_gallery type=\u00a0\u00bbimage_grid\u00a0\u00bb images=\u00a0\u00bb4228,4240,11269,11273,11277,11281&Prime; img_size=\u00a0\u00bbfull\u00a0\u00bb el_class=\u00a0\u00bbhover-gallery\u00a0\u00bb][\/vc_column][\/vc_row]<\/p>\n<\/div>","protected":false},"excerpt":{"rendered":"<p>[vc_row][vc_column][vc_custom_heading text=\u00a0\u00bbHIWIN MODULES LIN\u00c9AIRES\u00a0\u00bb font_container=\u00a0\u00bbtag:h1|font_size:53px|text_align:left|color:%23e6007e\u00a0\u00bb google_fonts=\u00a0\u00bbfont_family:Source%20Sans%20Pro%3A200%2C200italic%2C300%2C300italic%2Cregular%2Citalic%2C600%2C600italic%2C700%2C700italic%2C900%2C900italic|font_style:900%20bold%20regular%3A900%3Anormal\u00a0\u00bb][\/vc_column][\/vc_row][vc_row][vc_column width=\u00a0\u00bb2\/3&Prime;][vc_column_text]Dans les Hiwin modules lin\u00e9aires, les rails de guidage HIWIN sont utilis\u00e9s comme guidage.<span class=\"excerpt-hellip\"> [\u2026]<\/span><\/p>\n","protected":false},"author":4,"featured_media":0,"parent":2596,"menu_order":0,"comment_status":"closed","ping_status":"closed","template":"","meta":{"inline_featured_image":false,"footnotes":""},"class_list":["post-1536","page","type-page","status-publish","hentry"],"yoast_head":"<!-- This site is optimized with the Yoast SEO plugin v26.8 - https:\/\/yoast.com\/product\/yoast-seo-wordpress\/ -->\n<title>Hiwin modules lin\u00e9aires - Vansichen Linear Technology<\/title>\n<meta name=\"description\" content=\"Dans les Hiwin modules lin\u00e9aires, les rails de guidage HIWIN sont utilis\u00e9s comme guidage. Une courroie est utilis\u00e9e comme entrainement.\" \/>\n<meta name=\"robots\" content=\"index, follow, max-snippet:-1, max-image-preview:large, max-video-preview:-1\" \/>\n<link rel=\"canonical\" href=\"https:\/\/vansichen.be\/fr\/composants-lineaires-standard\/systemes-de-positionnement-standard\/modules-lineaires-aluminium\/hiwin-modules-lineaires\/\" \/>\n<meta property=\"og:locale\" content=\"fr_FR\" \/>\n<meta property=\"og:type\" content=\"article\" \/>\n<meta property=\"og:title\" content=\"Hiwin modules lin\u00e9aires - Vansichen Linear Technology\" \/>\n<meta property=\"og:description\" content=\"Dans les Hiwin modules lin\u00e9aires, les rails de guidage HIWIN sont utilis\u00e9s comme guidage. Une courroie est utilis\u00e9e comme entrainement.\" \/>\n<meta property=\"og:url\" content=\"https:\/\/vansichen.be\/fr\/composants-lineaires-standard\/systemes-de-positionnement-standard\/modules-lineaires-aluminium\/hiwin-modules-lineaires\/\" \/>\n<meta property=\"og:site_name\" content=\"Vansichen Linear Technology\" \/>\n<meta property=\"article:modified_time\" content=\"2025-04-25T08:45:27+00:00\" \/>\n<meta name=\"twitter:card\" content=\"summary_large_image\" \/>\n<meta name=\"twitter:label1\" content=\"Dur\u00e9e de lecture estim\u00e9e\" \/>\n\t<meta name=\"twitter:data1\" content=\"3 minutes\" \/>\n<script type=\"application\/ld+json\" class=\"yoast-schema-graph\">{\"@context\":\"https:\/\/schema.org\",\"@graph\":[{\"@type\":\"WebPage\",\"@id\":\"https:\/\/vansichen.be\/fr\/composants-lineaires-standard\/systemes-de-positionnement-standard\/modules-lineaires-aluminium\/hiwin-modules-lineaires\/\",\"url\":\"https:\/\/vansichen.be\/fr\/composants-lineaires-standard\/systemes-de-positionnement-standard\/modules-lineaires-aluminium\/hiwin-modules-lineaires\/\",\"name\":\"Hiwin modules lin\u00e9aires - Vansichen Linear Technology\",\"isPartOf\":{\"@id\":\"https:\/\/vansichen.be\/de\/#website\"},\"datePublished\":\"2020-04-22T15:15:29+00:00\",\"dateModified\":\"2025-04-25T08:45:27+00:00\",\"description\":\"Dans les Hiwin modules lin\u00e9aires, les rails de guidage HIWIN sont utilis\u00e9s comme guidage. Une courroie est utilis\u00e9e comme entrainement.\",\"breadcrumb\":{\"@id\":\"https:\/\/vansichen.be\/fr\/composants-lineaires-standard\/systemes-de-positionnement-standard\/modules-lineaires-aluminium\/hiwin-modules-lineaires\/#breadcrumb\"},\"inLanguage\":\"fr-FR\",\"potentialAction\":[{\"@type\":\"ReadAction\",\"target\":[\"https:\/\/vansichen.be\/fr\/composants-lineaires-standard\/systemes-de-positionnement-standard\/modules-lineaires-aluminium\/hiwin-modules-lineaires\/\"]}]},{\"@type\":\"BreadcrumbList\",\"@id\":\"https:\/\/vansichen.be\/fr\/composants-lineaires-standard\/systemes-de-positionnement-standard\/modules-lineaires-aluminium\/hiwin-modules-lineaires\/#breadcrumb\",\"itemListElement\":[{\"@type\":\"ListItem\",\"position\":1,\"name\":\"Home\",\"item\":\"https:\/\/vansichen.be\/fr\/\"},{\"@type\":\"ListItem\",\"position\":2,\"name\":\"Composants lin\u00e9aires standard\",\"item\":\"https:\/\/vansichen.be\/fr\/composants-lineaires-standard\/\"},{\"@type\":\"ListItem\",\"position\":3,\"name\":\"Syst\u00e8mes de positionnement standard\",\"item\":\"https:\/\/vansichen.be\/fr\/composants-lineaires-standard\/systemes-de-positionnement-standard\/\"},{\"@type\":\"ListItem\",\"position\":4,\"name\":\"Modules lin\u00e9aires aluminium\",\"item\":\"https:\/\/vansichen.be\/fr\/composants-lineaires-standard\/systemes-de-positionnement-standard\/modules-lineaires-aluminium\/\"},{\"@type\":\"ListItem\",\"position\":5,\"name\":\"Hiwin modules lin\u00e9aires\"}]},{\"@type\":\"WebSite\",\"@id\":\"https:\/\/vansichen.be\/de\/#website\",\"url\":\"https:\/\/vansichen.be\/de\/\",\"name\":\"Vansichen Linear Technology\",\"description\":\"\",\"publisher\":{\"@id\":\"https:\/\/vansichen.be\/de\/#organization\"},\"potentialAction\":[{\"@type\":\"SearchAction\",\"target\":{\"@type\":\"EntryPoint\",\"urlTemplate\":\"https:\/\/vansichen.be\/de\/?s={search_term_string}\"},\"query-input\":{\"@type\":\"PropertyValueSpecification\",\"valueRequired\":true,\"valueName\":\"search_term_string\"}}],\"inLanguage\":\"fr-FR\"},{\"@type\":\"Organization\",\"@id\":\"https:\/\/vansichen.be\/de\/#organization\",\"name\":\"Vansichen Linear Technology\",\"url\":\"https:\/\/vansichen.be\/de\/\",\"logo\":{\"@type\":\"ImageObject\",\"inLanguage\":\"fr-FR\",\"@id\":\"https:\/\/vansichen.be\/de\/#\/schema\/logo\/image\/\",\"url\":\"https:\/\/vansichen.be\/wp-content\/uploads\/2020\/03\/Vansichen_home_2020_4.png\",\"contentUrl\":\"https:\/\/vansichen.be\/wp-content\/uploads\/2020\/03\/Vansichen_home_2020_4.png\",\"width\":260,\"height\":44,\"caption\":\"Vansichen Linear Technology\"},\"image\":{\"@id\":\"https:\/\/vansichen.be\/de\/#\/schema\/logo\/image\/\"}}]}<\/script>\n<!-- \/ Yoast SEO plugin. -->","yoast_head_json":{"title":"Hiwin modules lin\u00e9aires - Vansichen Linear Technology","description":"Dans les Hiwin modules lin\u00e9aires, les rails de guidage HIWIN sont utilis\u00e9s comme guidage. Une courroie est utilis\u00e9e comme entrainement.","robots":{"index":"index","follow":"follow","max-snippet":"max-snippet:-1","max-image-preview":"max-image-preview:large","max-video-preview":"max-video-preview:-1"},"canonical":"https:\/\/vansichen.be\/fr\/composants-lineaires-standard\/systemes-de-positionnement-standard\/modules-lineaires-aluminium\/hiwin-modules-lineaires\/","og_locale":"fr_FR","og_type":"article","og_title":"Hiwin modules lin\u00e9aires - Vansichen Linear Technology","og_description":"Dans les Hiwin modules lin\u00e9aires, les rails de guidage HIWIN sont utilis\u00e9s comme guidage. Une courroie est utilis\u00e9e comme entrainement.","og_url":"https:\/\/vansichen.be\/fr\/composants-lineaires-standard\/systemes-de-positionnement-standard\/modules-lineaires-aluminium\/hiwin-modules-lineaires\/","og_site_name":"Vansichen Linear Technology","article_modified_time":"2025-04-25T08:45:27+00:00","twitter_card":"summary_large_image","twitter_misc":{"Dur\u00e9e de lecture estim\u00e9e":"3 minutes"},"schema":{"@context":"https:\/\/schema.org","@graph":[{"@type":"WebPage","@id":"https:\/\/vansichen.be\/fr\/composants-lineaires-standard\/systemes-de-positionnement-standard\/modules-lineaires-aluminium\/hiwin-modules-lineaires\/","url":"https:\/\/vansichen.be\/fr\/composants-lineaires-standard\/systemes-de-positionnement-standard\/modules-lineaires-aluminium\/hiwin-modules-lineaires\/","name":"Hiwin modules lin\u00e9aires - Vansichen Linear Technology","isPartOf":{"@id":"https:\/\/vansichen.be\/de\/#website"},"datePublished":"2020-04-22T15:15:29+00:00","dateModified":"2025-04-25T08:45:27+00:00","description":"Dans les Hiwin modules lin\u00e9aires, les rails de guidage HIWIN sont utilis\u00e9s comme guidage. Une courroie est utilis\u00e9e comme entrainement.","breadcrumb":{"@id":"https:\/\/vansichen.be\/fr\/composants-lineaires-standard\/systemes-de-positionnement-standard\/modules-lineaires-aluminium\/hiwin-modules-lineaires\/#breadcrumb"},"inLanguage":"fr-FR","potentialAction":[{"@type":"ReadAction","target":["https:\/\/vansichen.be\/fr\/composants-lineaires-standard\/systemes-de-positionnement-standard\/modules-lineaires-aluminium\/hiwin-modules-lineaires\/"]}]},{"@type":"BreadcrumbList","@id":"https:\/\/vansichen.be\/fr\/composants-lineaires-standard\/systemes-de-positionnement-standard\/modules-lineaires-aluminium\/hiwin-modules-lineaires\/#breadcrumb","itemListElement":[{"@type":"ListItem","position":1,"name":"Home","item":"https:\/\/vansichen.be\/fr\/"},{"@type":"ListItem","position":2,"name":"Composants lin\u00e9aires standard","item":"https:\/\/vansichen.be\/fr\/composants-lineaires-standard\/"},{"@type":"ListItem","position":3,"name":"Syst\u00e8mes de positionnement standard","item":"https:\/\/vansichen.be\/fr\/composants-lineaires-standard\/systemes-de-positionnement-standard\/"},{"@type":"ListItem","position":4,"name":"Modules lin\u00e9aires aluminium","item":"https:\/\/vansichen.be\/fr\/composants-lineaires-standard\/systemes-de-positionnement-standard\/modules-lineaires-aluminium\/"},{"@type":"ListItem","position":5,"name":"Hiwin modules lin\u00e9aires"}]},{"@type":"WebSite","@id":"https:\/\/vansichen.be\/de\/#website","url":"https:\/\/vansichen.be\/de\/","name":"Vansichen Linear Technology","description":"","publisher":{"@id":"https:\/\/vansichen.be\/de\/#organization"},"potentialAction":[{"@type":"SearchAction","target":{"@type":"EntryPoint","urlTemplate":"https:\/\/vansichen.be\/de\/?s={search_term_string}"},"query-input":{"@type":"PropertyValueSpecification","valueRequired":true,"valueName":"search_term_string"}}],"inLanguage":"fr-FR"},{"@type":"Organization","@id":"https:\/\/vansichen.be\/de\/#organization","name":"Vansichen Linear Technology","url":"https:\/\/vansichen.be\/de\/","logo":{"@type":"ImageObject","inLanguage":"fr-FR","@id":"https:\/\/vansichen.be\/de\/#\/schema\/logo\/image\/","url":"https:\/\/vansichen.be\/wp-content\/uploads\/2020\/03\/Vansichen_home_2020_4.png","contentUrl":"https:\/\/vansichen.be\/wp-content\/uploads\/2020\/03\/Vansichen_home_2020_4.png","width":260,"height":44,"caption":"Vansichen Linear Technology"},"image":{"@id":"https:\/\/vansichen.be\/de\/#\/schema\/logo\/image\/"}}]}},"_links":{"self":[{"href":"https:\/\/vansichen.be\/fr\/wp-json\/wp\/v2\/pages\/1536","targetHints":{"allow":["GET"]}}],"collection":[{"href":"https:\/\/vansichen.be\/fr\/wp-json\/wp\/v2\/pages"}],"about":[{"href":"https:\/\/vansichen.be\/fr\/wp-json\/wp\/v2\/types\/page"}],"author":[{"embeddable":true,"href":"https:\/\/vansichen.be\/fr\/wp-json\/wp\/v2\/users\/4"}],"replies":[{"embeddable":true,"href":"https:\/\/vansichen.be\/fr\/wp-json\/wp\/v2\/comments?post=1536"}],"version-history":[{"count":5,"href":"https:\/\/vansichen.be\/fr\/wp-json\/wp\/v2\/pages\/1536\/revisions"}],"predecessor-version":[{"id":19032,"href":"https:\/\/vansichen.be\/fr\/wp-json\/wp\/v2\/pages\/1536\/revisions\/19032"}],"up":[{"embeddable":true,"href":"https:\/\/vansichen.be\/fr\/wp-json\/wp\/v2\/pages\/2596"}],"wp:attachment":[{"href":"https:\/\/vansichen.be\/fr\/wp-json\/wp\/v2\/media?parent=1536"}],"curies":[{"name":"wp","href":"https:\/\/api.w.org\/{rel}","templated":true}]}}