{"id":15737,"date":"2023-11-09T13:43:39","date_gmt":"2023-11-09T13:43:39","guid":{"rendered":"https:\/\/vansichen.be\/?page_id=15737"},"modified":"2023-11-13T15:09:32","modified_gmt":"2023-11-13T15:09:32","slug":"g-line","status":"publish","type":"page","link":"https:\/\/vansichen.be\/fr\/composants-lineaires-standard\/guidages\/guidages-a-galets\/g-line\/","title":{"rendered":"G-Line"},"content":{"rendered":"<div class=\"wpb-content-wrapper\"><p>[vc_row][vc_column][vc_custom_heading text=\u00a0\u00bbG-LINE\u00a0\u00bb font_container=\u00a0\u00bbtag:h1|font_size:53px|text_align:left|color:%23e6007e\u00a0\u00bb google_fonts=\u00a0\u00bbfont_family:Source%20Sans%20Pro%3A200%2C200italic%2C300%2C300italic%2Cregular%2Citalic%2C600%2C600italic%2C700%2C700italic%2C900%2C900italic|font_style:900%20bold%20regular%3A900%3Anormal\u00a0\u00bb][\/vc_column][\/vc_row][vc_row][vc_column width=\u00a0\u00bb2\/3&Prime;][vc_column_text]La G-line est un guidage \u00e0 glissi\u00e8re et un produit d\u00e9riv\u00e9 de la W-Line existante. Alors que les roues de la <a href=\"https:\/\/vansichen.be\/fr\/composants-lineaires-standard\/guidages\/guidages-a-galets\/w-line\/\">W-line<\/a> se d\u00e9placent sur des rails HIWIN RG, la G-line utilise des \u00e9l\u00e9ments \u00e0 glissi\u00e8re, fabriqu\u00e9s \u00e0 partir d\u2019un plastique haute performance, le \u00ab\u00a0PEEK\u00a0\u00bb. Celui-ci pr\u00e9sente un certain nombre de qualit\u00e9s distinctives\u00a0:<\/p>\n<ul>\n<li>plage de temp\u00e9rature entre -40\u00b0 et 250\u00b0 degr\u00e9s,<\/li>\n<li>r\u00e9sistance \u00e0 une charge importante,<\/li>\n<li>excellente r\u00e9sistance aux produits chimiques,<\/li>\n<li>faible coefficient de dilatation,<\/li>\n<li>grande rigidit\u00e9 associ\u00e9e \u00e0 une excellente stabilit\u00e9 dimensionnelle,<\/li>\n<li>approuv\u00e9 pour une utilisation dans l\u2019industrie alimentaire et le secteur pharmaceutique,<\/li>\n<li>applications \u00e0 vide tr\u00e8s pouss\u00e9es,<\/li>\n<li>applications dans des environnements \u00e0 fort d\u00e9gagement de poussi\u00e8res.<\/li>\n<\/ul>\n<p>Gr\u00e2ce \u00e0 ces propri\u00e9t\u00e9s, la G-line peut apporter une solution dans des situations o\u00f9 les syst\u00e8mes de guidage \u00e0 billes ou \u00e0 roulement existants ne suffisent pas.<\/p>\n<p>Les dimensions ext\u00e9rieures correspondent \u00e0 celles des guides profil\u00e9s standard. La G-line est disponible dans diff\u00e9rentes tailles (de 15 \u00e0 65).<\/p>\n<p>Pour le moment, la G-line est propos\u00e9e dans le cadre d\u2019un projet\/sp\u00e9cifiquement pour un client. Pour plus d\u2019informations, contactez-nous par e-mail \u00e0 l\u2019adresse suivante\u00a0: <a href=\"mailto:info@vansichen.be\">info@vansichen.be<\/a>.[\/vc_column_text][\/vc_column][vc_column width=\u00a0\u00bb1\/3&Prime;][vc_widget_sidebar sidebar_id=\u00a0\u00bbtop-area-1&Prime;][\/vc_column][\/vc_row][vc_row][vc_column][vc_gallery type=\u00a0\u00bbimage_grid\u00a0\u00bb images=\u00a0\u00bb15754,15759,15763&Prime; img_size=\u00a0\u00bbfull\u00a0\u00bb el_class=\u00a0\u00bbhover-gallery\u00a0\u00bb][\/vc_column][\/vc_row]<\/p>\n<\/div>","protected":false},"excerpt":{"rendered":"<p>[vc_row][vc_column][vc_custom_heading text=\u00a0\u00bbG-LINE\u00a0\u00bb font_container=\u00a0\u00bbtag:h1|font_size:53px|text_align:left|color:%23e6007e\u00a0\u00bb google_fonts=\u00a0\u00bbfont_family:Source%20Sans%20Pro%3A200%2C200italic%2C300%2C300italic%2Cregular%2Citalic%2C600%2C600italic%2C700%2C700italic%2C900%2C900italic|font_style:900%20bold%20regular%3A900%3Anormal\u00a0\u00bb][\/vc_column][\/vc_row][vc_row][vc_column width=\u00a0\u00bb2\/3&Prime;][vc_column_text]La G-line est un guidage \u00e0 glissi\u00e8re et un produit d\u00e9riv\u00e9 de la W-Line existante. Alors<span class=\"excerpt-hellip\"> [\u2026]<\/span><\/p>\n","protected":false},"author":4,"featured_media":0,"parent":2237,"menu_order":0,"comment_status":"closed","ping_status":"closed","template":"","meta":{"inline_featured_image":false,"footnotes":""},"class_list":["post-15737","page","type-page","status-publish","hentry"],"yoast_head":"<!-- This site is optimized with the Yoast SEO plugin v26.8 - https:\/\/yoast.com\/product\/yoast-seo-wordpress\/ -->\n<title>G-Line - Vansichen Linear Technology<\/title>\n<meta name=\"description\" content=\"La G-line utilise des \u00e9l\u00e9ments \u00e0 glissi\u00e8re, fabriqu\u00e9s \u00e0 partir d\u2019un plastique haute performance, le \u00ab PEEK \u00bb. Lisez en plus !\" \/>\n<meta name=\"robots\" content=\"index, follow, max-snippet:-1, max-image-preview:large, max-video-preview:-1\" \/>\n<link rel=\"canonical\" href=\"https:\/\/vansichen.be\/fr\/composants-lineaires-standard\/guidages\/guidages-a-galets\/g-line\/\" \/>\n<meta property=\"og:locale\" content=\"fr_FR\" \/>\n<meta property=\"og:type\" content=\"article\" \/>\n<meta property=\"og:title\" content=\"G-Line - Vansichen Linear Technology\" \/>\n<meta property=\"og:description\" content=\"La G-line utilise des \u00e9l\u00e9ments \u00e0 glissi\u00e8re, fabriqu\u00e9s \u00e0 partir d\u2019un plastique haute performance, le \u00ab PEEK \u00bb. Lisez en plus !\" \/>\n<meta property=\"og:url\" content=\"https:\/\/vansichen.be\/fr\/composants-lineaires-standard\/guidages\/guidages-a-galets\/g-line\/\" \/>\n<meta property=\"og:site_name\" content=\"Vansichen Linear Technology\" \/>\n<meta property=\"article:modified_time\" content=\"2023-11-13T15:09:32+00:00\" \/>\n<meta name=\"twitter:card\" content=\"summary_large_image\" \/>\n<meta name=\"twitter:label1\" content=\"Dur\u00e9e de lecture estim\u00e9e\" \/>\n\t<meta name=\"twitter:data1\" content=\"2 minutes\" \/>\n<script type=\"application\/ld+json\" class=\"yoast-schema-graph\">{\"@context\":\"https:\/\/schema.org\",\"@graph\":[{\"@type\":\"WebPage\",\"@id\":\"https:\/\/vansichen.be\/fr\/composants-lineaires-standard\/guidages\/guidages-a-galets\/g-line\/\",\"url\":\"https:\/\/vansichen.be\/fr\/composants-lineaires-standard\/guidages\/guidages-a-galets\/g-line\/\",\"name\":\"G-Line - Vansichen Linear Technology\",\"isPartOf\":{\"@id\":\"https:\/\/vansichen.be\/de\/#website\"},\"datePublished\":\"2023-11-09T13:43:39+00:00\",\"dateModified\":\"2023-11-13T15:09:32+00:00\",\"description\":\"La G-line utilise des \u00e9l\u00e9ments \u00e0 glissi\u00e8re, fabriqu\u00e9s \u00e0 partir d\u2019un plastique haute performance, le \u00ab PEEK \u00bb. Lisez en plus !\",\"breadcrumb\":{\"@id\":\"https:\/\/vansichen.be\/fr\/composants-lineaires-standard\/guidages\/guidages-a-galets\/g-line\/#breadcrumb\"},\"inLanguage\":\"fr-FR\",\"potentialAction\":[{\"@type\":\"ReadAction\",\"target\":[\"https:\/\/vansichen.be\/fr\/composants-lineaires-standard\/guidages\/guidages-a-galets\/g-line\/\"]}]},{\"@type\":\"BreadcrumbList\",\"@id\":\"https:\/\/vansichen.be\/fr\/composants-lineaires-standard\/guidages\/guidages-a-galets\/g-line\/#breadcrumb\",\"itemListElement\":[{\"@type\":\"ListItem\",\"position\":1,\"name\":\"Home\",\"item\":\"https:\/\/vansichen.be\/fr\/\"},{\"@type\":\"ListItem\",\"position\":2,\"name\":\"Composants lin\u00e9aires standard\",\"item\":\"https:\/\/vansichen.be\/fr\/composants-lineaires-standard\/\"},{\"@type\":\"ListItem\",\"position\":3,\"name\":\"Guidages\",\"item\":\"https:\/\/vansichen.be\/fr\/composants-lineaires-standard\/guidages\/\"},{\"@type\":\"ListItem\",\"position\":4,\"name\":\"Guidages \u00e0 galets\",\"item\":\"https:\/\/vansichen.be\/fr\/composants-lineaires-standard\/guidages\/guidages-a-galets\/\"},{\"@type\":\"ListItem\",\"position\":5,\"name\":\"G-Line\"}]},{\"@type\":\"WebSite\",\"@id\":\"https:\/\/vansichen.be\/de\/#website\",\"url\":\"https:\/\/vansichen.be\/de\/\",\"name\":\"Vansichen Linear Technology\",\"description\":\"\",\"publisher\":{\"@id\":\"https:\/\/vansichen.be\/de\/#organization\"},\"potentialAction\":[{\"@type\":\"SearchAction\",\"target\":{\"@type\":\"EntryPoint\",\"urlTemplate\":\"https:\/\/vansichen.be\/de\/?s={search_term_string}\"},\"query-input\":{\"@type\":\"PropertyValueSpecification\",\"valueRequired\":true,\"valueName\":\"search_term_string\"}}],\"inLanguage\":\"fr-FR\"},{\"@type\":\"Organization\",\"@id\":\"https:\/\/vansichen.be\/de\/#organization\",\"name\":\"Vansichen Linear Technology\",\"url\":\"https:\/\/vansichen.be\/de\/\",\"logo\":{\"@type\":\"ImageObject\",\"inLanguage\":\"fr-FR\",\"@id\":\"https:\/\/vansichen.be\/de\/#\/schema\/logo\/image\/\",\"url\":\"https:\/\/vansichen.be\/wp-content\/uploads\/2020\/03\/Vansichen_home_2020_4.png\",\"contentUrl\":\"https:\/\/vansichen.be\/wp-content\/uploads\/2020\/03\/Vansichen_home_2020_4.png\",\"width\":260,\"height\":44,\"caption\":\"Vansichen Linear Technology\"},\"image\":{\"@id\":\"https:\/\/vansichen.be\/de\/#\/schema\/logo\/image\/\"}}]}<\/script>\n<!-- \/ Yoast SEO plugin. -->","yoast_head_json":{"title":"G-Line - Vansichen Linear Technology","description":"La G-line utilise des \u00e9l\u00e9ments \u00e0 glissi\u00e8re, fabriqu\u00e9s \u00e0 partir d\u2019un plastique haute performance, le \u00ab PEEK \u00bb. Lisez en plus !","robots":{"index":"index","follow":"follow","max-snippet":"max-snippet:-1","max-image-preview":"max-image-preview:large","max-video-preview":"max-video-preview:-1"},"canonical":"https:\/\/vansichen.be\/fr\/composants-lineaires-standard\/guidages\/guidages-a-galets\/g-line\/","og_locale":"fr_FR","og_type":"article","og_title":"G-Line - Vansichen Linear Technology","og_description":"La G-line utilise des \u00e9l\u00e9ments \u00e0 glissi\u00e8re, fabriqu\u00e9s \u00e0 partir d\u2019un plastique haute performance, le \u00ab PEEK \u00bb. Lisez en plus !","og_url":"https:\/\/vansichen.be\/fr\/composants-lineaires-standard\/guidages\/guidages-a-galets\/g-line\/","og_site_name":"Vansichen Linear Technology","article_modified_time":"2023-11-13T15:09:32+00:00","twitter_card":"summary_large_image","twitter_misc":{"Dur\u00e9e de lecture estim\u00e9e":"2 minutes"},"schema":{"@context":"https:\/\/schema.org","@graph":[{"@type":"WebPage","@id":"https:\/\/vansichen.be\/fr\/composants-lineaires-standard\/guidages\/guidages-a-galets\/g-line\/","url":"https:\/\/vansichen.be\/fr\/composants-lineaires-standard\/guidages\/guidages-a-galets\/g-line\/","name":"G-Line - Vansichen Linear Technology","isPartOf":{"@id":"https:\/\/vansichen.be\/de\/#website"},"datePublished":"2023-11-09T13:43:39+00:00","dateModified":"2023-11-13T15:09:32+00:00","description":"La G-line utilise des \u00e9l\u00e9ments \u00e0 glissi\u00e8re, fabriqu\u00e9s \u00e0 partir d\u2019un plastique haute performance, le \u00ab PEEK \u00bb. Lisez en plus !","breadcrumb":{"@id":"https:\/\/vansichen.be\/fr\/composants-lineaires-standard\/guidages\/guidages-a-galets\/g-line\/#breadcrumb"},"inLanguage":"fr-FR","potentialAction":[{"@type":"ReadAction","target":["https:\/\/vansichen.be\/fr\/composants-lineaires-standard\/guidages\/guidages-a-galets\/g-line\/"]}]},{"@type":"BreadcrumbList","@id":"https:\/\/vansichen.be\/fr\/composants-lineaires-standard\/guidages\/guidages-a-galets\/g-line\/#breadcrumb","itemListElement":[{"@type":"ListItem","position":1,"name":"Home","item":"https:\/\/vansichen.be\/fr\/"},{"@type":"ListItem","position":2,"name":"Composants lin\u00e9aires standard","item":"https:\/\/vansichen.be\/fr\/composants-lineaires-standard\/"},{"@type":"ListItem","position":3,"name":"Guidages","item":"https:\/\/vansichen.be\/fr\/composants-lineaires-standard\/guidages\/"},{"@type":"ListItem","position":4,"name":"Guidages \u00e0 galets","item":"https:\/\/vansichen.be\/fr\/composants-lineaires-standard\/guidages\/guidages-a-galets\/"},{"@type":"ListItem","position":5,"name":"G-Line"}]},{"@type":"WebSite","@id":"https:\/\/vansichen.be\/de\/#website","url":"https:\/\/vansichen.be\/de\/","name":"Vansichen Linear Technology","description":"","publisher":{"@id":"https:\/\/vansichen.be\/de\/#organization"},"potentialAction":[{"@type":"SearchAction","target":{"@type":"EntryPoint","urlTemplate":"https:\/\/vansichen.be\/de\/?s={search_term_string}"},"query-input":{"@type":"PropertyValueSpecification","valueRequired":true,"valueName":"search_term_string"}}],"inLanguage":"fr-FR"},{"@type":"Organization","@id":"https:\/\/vansichen.be\/de\/#organization","name":"Vansichen Linear Technology","url":"https:\/\/vansichen.be\/de\/","logo":{"@type":"ImageObject","inLanguage":"fr-FR","@id":"https:\/\/vansichen.be\/de\/#\/schema\/logo\/image\/","url":"https:\/\/vansichen.be\/wp-content\/uploads\/2020\/03\/Vansichen_home_2020_4.png","contentUrl":"https:\/\/vansichen.be\/wp-content\/uploads\/2020\/03\/Vansichen_home_2020_4.png","width":260,"height":44,"caption":"Vansichen Linear Technology"},"image":{"@id":"https:\/\/vansichen.be\/de\/#\/schema\/logo\/image\/"}}]}},"_links":{"self":[{"href":"https:\/\/vansichen.be\/fr\/wp-json\/wp\/v2\/pages\/15737","targetHints":{"allow":["GET"]}}],"collection":[{"href":"https:\/\/vansichen.be\/fr\/wp-json\/wp\/v2\/pages"}],"about":[{"href":"https:\/\/vansichen.be\/fr\/wp-json\/wp\/v2\/types\/page"}],"author":[{"embeddable":true,"href":"https:\/\/vansichen.be\/fr\/wp-json\/wp\/v2\/users\/4"}],"replies":[{"embeddable":true,"href":"https:\/\/vansichen.be\/fr\/wp-json\/wp\/v2\/comments?post=15737"}],"version-history":[{"count":5,"href":"https:\/\/vansichen.be\/fr\/wp-json\/wp\/v2\/pages\/15737\/revisions"}],"predecessor-version":[{"id":15823,"href":"https:\/\/vansichen.be\/fr\/wp-json\/wp\/v2\/pages\/15737\/revisions\/15823"}],"up":[{"embeddable":true,"href":"https:\/\/vansichen.be\/fr\/wp-json\/wp\/v2\/pages\/2237"}],"wp:attachment":[{"href":"https:\/\/vansichen.be\/fr\/wp-json\/wp\/v2\/media?parent=15737"}],"curies":[{"name":"wp","href":"https:\/\/api.w.org\/{rel}","templated":true}]}}