{"id":1580,"date":"2020-04-23T07:45:25","date_gmt":"2020-04-23T07:45:25","guid":{"rendered":"https:\/\/vansichen.be\/produits-et-assemblages-lineaires-sur-mesure\/"},"modified":"2026-04-16T07:25:27","modified_gmt":"2026-04-16T07:25:27","slug":"produits-lineaires-sur-mesure","status":"publish","type":"page","link":"https:\/\/vansichen.be\/fr\/produits-lineaires-sur-mesure\/","title":{"rendered":"Produits et assemblages lin\u00e9aires sur mesure"},"content":{"rendered":"<div class=\"wpb-content-wrapper\"><p>[vc_row][vc_column][vc_custom_heading text=\u00a0\u00bbPRODUITS ET ASSEMBLAGES LIN\u00c9AIRES SUR MESURE\u00a0\u00bb font_container=\u00a0\u00bbtag:h1|font_size:53px|text_align:left|color:%23e6007e\u00a0\u00bb google_fonts=\u00a0\u00bbfont_family:Source%20Sans%20Pro%3A200%2C200italic%2C300%2C300italic%2Cregular%2Citalic%2C600%2C600italic%2C700%2C700italic%2C900%2C900italic|font_style:900%20bold%20regular%3A900%3Anormal\u00a0\u00bb][vc_column_text css=\u00a0\u00bb\u00a0\u00bb]Produits lin\u00e9aires sur mesure font partie des comp\u00e9tences fondamentales de Vansichen Linear Technology. Nous d\u00e9veloppons pour vous des solutions individuelles bas\u00e9es sur une gamme compl\u00e8te de <a href=\"https:\/\/vansichen.be\/fr\/composants-lineaires-standard\/guidages\/\">guides lin\u00e9aires<\/a> et <a href=\"https:\/\/vansichen.be\/fr\/composants-lineaires-standard\/elements-dentrainement\/\">d&rsquo;\u00e9l\u00e9ments d&rsquo;entra\u00eenement<\/a> de qualit\u00e9 sup\u00e9rieure. <a href=\"https:\/\/vansichen.be\/fr\/a-propos-de-nous\/\">Vansichen Linear Technology<\/a> se charge de la production et du montage ainsi que des essais des assemblages. Nous utilisons nos produits et assemblages lin\u00e9aires personnalis\u00e9s lorsqu&rsquo;aucune solution standard n&rsquo;est disponible.<\/p>\n<p>Notre d\u00e9partement d&rsquo;ing\u00e9nierie d\u00e9veloppe pour vous des applications \u00ab\u00a0plug and play\u00a0\u00bb pour vos syst\u00e8mes. Des op\u00e9rations ou des adaptations simples sont \u00e9galement possibles, comme le per\u00e7age de trous suppl\u00e9mentaires et l&rsquo;application de rev\u00eatements ou de peintures.[\/vc_column_text][\/vc_column][\/vc_row][vc_row full_width=\u00a0\u00bbstretch_row\u00a0\u00bb css=\u00a0\u00bb.vc_custom_1776324058361{padding-top: 35px !important;padding-bottom: 35px !important;background-color: #efefef !important;}\u00a0\u00bb][vc_column][vc_custom_heading text=\u00a0\u00bbEXEMPLES\u00a0\u00bb font_container=\u00a0\u00bbtag:h2|font_size:36px|text_align:left|color:%23e6007e\u00a0\u00bb google_fonts=\u00a0\u00bbfont_family:Source%20Sans%20Pro%3A200%2C200italic%2C300%2C300italic%2Cregular%2Citalic%2C600%2C600italic%2C700%2C700italic%2C900%2C900italic|font_style:900%20bold%20regular%3A900%3Anormal\u00a0\u00bb css=\u00a0\u00bb\u00a0\u00bb][vc_column_text css=\u00a0\u00bb\u00a0\u00bb]<strong>Unit\u00e9 de rouleaux <a href=\"https:\/\/www.winkel.de\/fr\/\" target=\"_blank\" rel=\"noopener\">Winkel<\/a> en acier inoxydable<br \/>\n<\/strong>Nous avons d\u00e9velopp\u00e9 cette unit\u00e9 de guidage pour un fabricant de ch\u00e2ssis. Pour \u00e9viter les vibrations sur le ch\u00e2ssis, l&rsquo;unit\u00e9 de guidage est maintenue sous tension en pla\u00e7ant le rouleau central sous la pression d&rsquo;un ressort.[\/vc_column_text][vc_single_image image=\u00a0\u00bb8781&Prime; img_size=\u00a0\u00bbmedium\u00a0\u00bb onclick=\u00a0\u00bblink_image\u00a0\u00bb css=\u00a0\u00bb\u00a0\u00bb][vc_separator color=\u00a0\u00bbblack\u00a0\u00bb][vc_column_text css=\u00a0\u00bb\u00a0\u00bb]<strong>Module \u00e0 vis lin\u00e9aire compact<br \/>\n<\/strong>Application pour la manutention de composants \u00e9lectroniques dont l&rsquo;espace de montage est limit\u00e9.<br \/>\nIci, un rail <a href=\"https:\/\/www.hiwin.nl\/fr\" target=\"_blank\" rel=\"noopener\">HIWIN <\/a>de taille 15 a \u00e9t\u00e9 utilis\u00e9 en combinaison avec une vis \u00e0 billes.[\/vc_column_text][vc_single_image image=\u00a0\u00bb8785&Prime; img_size=\u00a0\u00bbmedium\u00a0\u00bb onclick=\u00a0\u00bblink_image\u00a0\u00bb][vc_separator color=\u00a0\u00bbblack\u00a0\u00bb][vc_column_text]<strong>Unit\u00e9 de vis \u00e0 billes pr\u00e9assembl\u00e9e<br \/>\n<\/strong>Cet \u00e9l\u00e9ment miniature a \u00e9t\u00e9 r\u00e9alis\u00e9 pour une application en tant qu&rsquo;axe Z dans une machine d&rsquo;impression.[\/vc_column_text][vc_single_image image=\u00a0\u00bb8789&Prime; img_size=\u00a0\u00bbmedium\u00a0\u00bb onclick=\u00a0\u00bblink_image\u00a0\u00bb][vc_separator color=\u00a0\u00bbblack\u00a0\u00bb][vc_column_text css=\u00a0\u00bb\u00a0\u00bb]<strong>G-line<br \/>\n<\/strong>La G-line est un guidage \u00e0 glissi\u00e8re et un produit d\u00e9riv\u00e9 de la W-Line existante. Alors que les roues de la <a href=\"https:\/\/vansichen.be\/fr\/composants-lineaires-standard\/guidages\/guidages-a-galets\/w-line\/\">W-line<\/a> se d\u00e9placent sur des rails HIWIN RG, la G-line utilise des \u00e9l\u00e9ments \u00e0 glissi\u00e8re.[\/vc_column_text][vc_single_image image=\u00a0\u00bb20382&Prime; img_size=\u00a0\u00bbmedium\u00a0\u00bb onclick=\u00a0\u00bblink_image\u00a0\u00bb css=\u00a0\u00bb\u00a0\u00bb][vc_row_inner css=\u00a0\u00bb.vc_custom_1571396687313{padding-right: 15px !important;padding-left: 15px !important;}\u00a0\u00bb][vc_column_inner width=\u00a0\u00bb1\/4&Prime; css=\u00a0\u00bb.vc_custom_1588933193846{padding-top: 12px !important;padding-right: 10px !important;padding-bottom: 12px !important;padding-left: 10px !important;background-color: #e6007e !important;}\u00a0\u00bb][vc_custom_heading text=\u00a0\u00bbEN SAVOIR PLUS\u00a0\u00bb font_container=\u00a0\u00bbtag:h3|font_size:20|text_align:center|color:%23ffffff\u00a0\u00bb google_fonts=\u00a0\u00bbfont_family:Source%20Sans%20Pro%3A200%2C200italic%2C300%2C300italic%2Cregular%2Citalic%2C600%2C600italic%2C700%2C700italic%2C900%2C900italic|font_style:900%20bold%20regular%3A900%3Anormal\u00a0\u00bb css_animation=\u00a0\u00bbnone\u00a0\u00bb css=\u00a0\u00bb.vc_custom_1776324014222{margin-top: 0px !important;margin-bottom: 0px !important;}\u00a0\u00bb el_class=\u00a0\u00bbbrand-name\u00a0\u00bb link=\u00a0\u00bburl:https%3A%2F%2Fvansichen.be%2Ffr%2Fcomposants-lineaires-standard%2Fguidages%2Fguidages-a-galets%2Fg-line%2F|target:_blank\u00a0\u00bb][\/vc_column_inner][\/vc_row_inner][\/vc_column][\/vc_row][vc_row][vc_column][vc_custom_heading text=\u00a0\u00bbR\u00c9ALISATIONS\u00a0\u00bb font_container=\u00a0\u00bbtag:h2|font_size:20px|text_align:left|color:%23e6007e\u00a0\u00bb google_fonts=\u00a0\u00bbfont_family:Source%20Sans%20Pro%3A200%2C200italic%2C300%2C300italic%2Cregular%2Citalic%2C600%2C600italic%2C700%2C700italic%2C900%2C900italic|font_style:900%20bold%20regular%3A900%3Anormal\u00a0\u00bb][vc_gallery type=\u00a0\u00bbimage_grid\u00a0\u00bb images=\u00a0\u00bb2889,2901,2897,2893,20386,20390&Prime; img_size=\u00a0\u00bbfull\u00a0\u00bb css=\u00a0\u00bb\u00a0\u00bb el_class=\u00a0\u00bbhover-gallery\u00a0\u00bb][\/vc_column][\/vc_row]<\/p>\n<\/div>","protected":false},"excerpt":{"rendered":"<p>[vc_row][vc_column][vc_custom_heading text=\u00a0\u00bbPRODUITS ET ASSEMBLAGES LIN\u00c9AIRES SUR MESURE\u00a0\u00bb font_container=\u00a0\u00bbtag:h1|font_size:53px|text_align:left|color:%23e6007e\u00a0\u00bb google_fonts=\u00a0\u00bbfont_family:Source%20Sans%20Pro%3A200%2C200italic%2C300%2C300italic%2Cregular%2Citalic%2C600%2C600italic%2C700%2C700italic%2C900%2C900italic|font_style:900%20bold%20regular%3A900%3Anormal\u00a0\u00bb][vc_column_text css=\u00a0\u00bb\u00a0\u00bb]Produits lin\u00e9aires sur mesure font partie des comp\u00e9tences fondamentales de Vansichen<span class=\"excerpt-hellip\"> [\u2026]<\/span><\/p>\n","protected":false},"author":4,"featured_media":0,"parent":0,"menu_order":0,"comment_status":"closed","ping_status":"closed","template":"","meta":{"inline_featured_image":false,"footnotes":""},"class_list":["post-1580","page","type-page","status-publish","hentry"],"yoast_head":"<!-- This site is optimized with the Yoast SEO plugin v26.8 - https:\/\/yoast.com\/product\/yoast-seo-wordpress\/ -->\n<title>Produits lin\u00e9aires sur mesure - Vansichen Linear Technology<\/title>\n<meta name=\"description\" content=\"Notre \u00e9quipe d\u2019ing\u00e9nieurs con\u00e7oit pour vous des\u00a0produits lin\u00e9aires sur mesure. Demandez plus d&#039;informations ici !\" \/>\n<meta name=\"robots\" content=\"index, follow, max-snippet:-1, max-image-preview:large, max-video-preview:-1\" \/>\n<link rel=\"canonical\" href=\"https:\/\/vansichen.be\/fr\/produits-lineaires-sur-mesure\/\" \/>\n<meta property=\"og:locale\" content=\"fr_FR\" \/>\n<meta property=\"og:type\" content=\"article\" \/>\n<meta property=\"og:title\" content=\"Produits lin\u00e9aires sur mesure - Vansichen Linear Technology\" \/>\n<meta property=\"og:description\" content=\"Notre \u00e9quipe d\u2019ing\u00e9nieurs con\u00e7oit pour vous des\u00a0produits lin\u00e9aires sur mesure. Demandez plus d&#039;informations ici !\" \/>\n<meta property=\"og:url\" content=\"https:\/\/vansichen.be\/fr\/produits-lineaires-sur-mesure\/\" \/>\n<meta property=\"og:site_name\" content=\"Vansichen Linear Technology\" \/>\n<meta property=\"article:modified_time\" content=\"2026-04-16T07:25:27+00:00\" \/>\n<meta name=\"twitter:card\" content=\"summary_large_image\" \/>\n<meta name=\"twitter:label1\" content=\"Dur\u00e9e de lecture estim\u00e9e\" \/>\n\t<meta name=\"twitter:data1\" content=\"4 minutes\" \/>\n<script type=\"application\/ld+json\" class=\"yoast-schema-graph\">{\"@context\":\"https:\/\/schema.org\",\"@graph\":[{\"@type\":\"WebPage\",\"@id\":\"https:\/\/vansichen.be\/fr\/produits-lineaires-sur-mesure\/\",\"url\":\"https:\/\/vansichen.be\/fr\/produits-lineaires-sur-mesure\/\",\"name\":\"Produits lin\u00e9aires sur mesure - Vansichen Linear Technology\",\"isPartOf\":{\"@id\":\"https:\/\/vansichen.be\/de\/#website\"},\"datePublished\":\"2020-04-23T07:45:25+00:00\",\"dateModified\":\"2026-04-16T07:25:27+00:00\",\"description\":\"Notre \u00e9quipe d\u2019ing\u00e9nieurs con\u00e7oit pour vous des\u00a0produits lin\u00e9aires sur mesure. Demandez plus d'informations ici !\",\"breadcrumb\":{\"@id\":\"https:\/\/vansichen.be\/fr\/produits-lineaires-sur-mesure\/#breadcrumb\"},\"inLanguage\":\"fr-FR\",\"potentialAction\":[{\"@type\":\"ReadAction\",\"target\":[\"https:\/\/vansichen.be\/fr\/produits-lineaires-sur-mesure\/\"]}]},{\"@type\":\"BreadcrumbList\",\"@id\":\"https:\/\/vansichen.be\/fr\/produits-lineaires-sur-mesure\/#breadcrumb\",\"itemListElement\":[{\"@type\":\"ListItem\",\"position\":1,\"name\":\"Home\",\"item\":\"https:\/\/vansichen.be\/fr\/\"},{\"@type\":\"ListItem\",\"position\":2,\"name\":\"Produits et assemblages lin\u00e9aires sur mesure\"}]},{\"@type\":\"WebSite\",\"@id\":\"https:\/\/vansichen.be\/de\/#website\",\"url\":\"https:\/\/vansichen.be\/de\/\",\"name\":\"Vansichen Linear Technology\",\"description\":\"\",\"publisher\":{\"@id\":\"https:\/\/vansichen.be\/de\/#organization\"},\"potentialAction\":[{\"@type\":\"SearchAction\",\"target\":{\"@type\":\"EntryPoint\",\"urlTemplate\":\"https:\/\/vansichen.be\/de\/?s={search_term_string}\"},\"query-input\":{\"@type\":\"PropertyValueSpecification\",\"valueRequired\":true,\"valueName\":\"search_term_string\"}}],\"inLanguage\":\"fr-FR\"},{\"@type\":\"Organization\",\"@id\":\"https:\/\/vansichen.be\/de\/#organization\",\"name\":\"Vansichen Linear Technology\",\"url\":\"https:\/\/vansichen.be\/de\/\",\"logo\":{\"@type\":\"ImageObject\",\"inLanguage\":\"fr-FR\",\"@id\":\"https:\/\/vansichen.be\/de\/#\/schema\/logo\/image\/\",\"url\":\"https:\/\/vansichen.be\/wp-content\/uploads\/2020\/03\/Vansichen_home_2020_4.png\",\"contentUrl\":\"https:\/\/vansichen.be\/wp-content\/uploads\/2020\/03\/Vansichen_home_2020_4.png\",\"width\":260,\"height\":44,\"caption\":\"Vansichen Linear Technology\"},\"image\":{\"@id\":\"https:\/\/vansichen.be\/de\/#\/schema\/logo\/image\/\"}}]}<\/script>\n<!-- \/ Yoast SEO plugin. -->","yoast_head_json":{"title":"Produits lin\u00e9aires sur mesure - Vansichen Linear Technology","description":"Notre \u00e9quipe d\u2019ing\u00e9nieurs con\u00e7oit pour vous des\u00a0produits lin\u00e9aires sur mesure. Demandez plus d'informations ici !","robots":{"index":"index","follow":"follow","max-snippet":"max-snippet:-1","max-image-preview":"max-image-preview:large","max-video-preview":"max-video-preview:-1"},"canonical":"https:\/\/vansichen.be\/fr\/produits-lineaires-sur-mesure\/","og_locale":"fr_FR","og_type":"article","og_title":"Produits lin\u00e9aires sur mesure - Vansichen Linear Technology","og_description":"Notre \u00e9quipe d\u2019ing\u00e9nieurs con\u00e7oit pour vous des\u00a0produits lin\u00e9aires sur mesure. Demandez plus d'informations ici !","og_url":"https:\/\/vansichen.be\/fr\/produits-lineaires-sur-mesure\/","og_site_name":"Vansichen Linear Technology","article_modified_time":"2026-04-16T07:25:27+00:00","twitter_card":"summary_large_image","twitter_misc":{"Dur\u00e9e de lecture estim\u00e9e":"4 minutes"},"schema":{"@context":"https:\/\/schema.org","@graph":[{"@type":"WebPage","@id":"https:\/\/vansichen.be\/fr\/produits-lineaires-sur-mesure\/","url":"https:\/\/vansichen.be\/fr\/produits-lineaires-sur-mesure\/","name":"Produits lin\u00e9aires sur mesure - Vansichen Linear Technology","isPartOf":{"@id":"https:\/\/vansichen.be\/de\/#website"},"datePublished":"2020-04-23T07:45:25+00:00","dateModified":"2026-04-16T07:25:27+00:00","description":"Notre \u00e9quipe d\u2019ing\u00e9nieurs con\u00e7oit pour vous des\u00a0produits lin\u00e9aires sur mesure. Demandez plus d'informations ici !","breadcrumb":{"@id":"https:\/\/vansichen.be\/fr\/produits-lineaires-sur-mesure\/#breadcrumb"},"inLanguage":"fr-FR","potentialAction":[{"@type":"ReadAction","target":["https:\/\/vansichen.be\/fr\/produits-lineaires-sur-mesure\/"]}]},{"@type":"BreadcrumbList","@id":"https:\/\/vansichen.be\/fr\/produits-lineaires-sur-mesure\/#breadcrumb","itemListElement":[{"@type":"ListItem","position":1,"name":"Home","item":"https:\/\/vansichen.be\/fr\/"},{"@type":"ListItem","position":2,"name":"Produits et assemblages lin\u00e9aires sur mesure"}]},{"@type":"WebSite","@id":"https:\/\/vansichen.be\/de\/#website","url":"https:\/\/vansichen.be\/de\/","name":"Vansichen Linear Technology","description":"","publisher":{"@id":"https:\/\/vansichen.be\/de\/#organization"},"potentialAction":[{"@type":"SearchAction","target":{"@type":"EntryPoint","urlTemplate":"https:\/\/vansichen.be\/de\/?s={search_term_string}"},"query-input":{"@type":"PropertyValueSpecification","valueRequired":true,"valueName":"search_term_string"}}],"inLanguage":"fr-FR"},{"@type":"Organization","@id":"https:\/\/vansichen.be\/de\/#organization","name":"Vansichen Linear Technology","url":"https:\/\/vansichen.be\/de\/","logo":{"@type":"ImageObject","inLanguage":"fr-FR","@id":"https:\/\/vansichen.be\/de\/#\/schema\/logo\/image\/","url":"https:\/\/vansichen.be\/wp-content\/uploads\/2020\/03\/Vansichen_home_2020_4.png","contentUrl":"https:\/\/vansichen.be\/wp-content\/uploads\/2020\/03\/Vansichen_home_2020_4.png","width":260,"height":44,"caption":"Vansichen Linear Technology"},"image":{"@id":"https:\/\/vansichen.be\/de\/#\/schema\/logo\/image\/"}}]}},"_links":{"self":[{"href":"https:\/\/vansichen.be\/fr\/wp-json\/wp\/v2\/pages\/1580","targetHints":{"allow":["GET"]}}],"collection":[{"href":"https:\/\/vansichen.be\/fr\/wp-json\/wp\/v2\/pages"}],"about":[{"href":"https:\/\/vansichen.be\/fr\/wp-json\/wp\/v2\/types\/page"}],"author":[{"embeddable":true,"href":"https:\/\/vansichen.be\/fr\/wp-json\/wp\/v2\/users\/4"}],"replies":[{"embeddable":true,"href":"https:\/\/vansichen.be\/fr\/wp-json\/wp\/v2\/comments?post=1580"}],"version-history":[{"count":7,"href":"https:\/\/vansichen.be\/fr\/wp-json\/wp\/v2\/pages\/1580\/revisions"}],"predecessor-version":[{"id":2888,"href":"https:\/\/vansichen.be\/fr\/wp-json\/wp\/v2\/pages\/1580\/revisions\/2888"}],"wp:attachment":[{"href":"https:\/\/vansichen.be\/fr\/wp-json\/wp\/v2\/media?parent=1580"}],"curies":[{"name":"wp","href":"https:\/\/api.w.org\/{rel}","templated":true}]}}