{"id":1677,"date":"2020-04-24T10:44:40","date_gmt":"2020-04-24T10:44:40","guid":{"rendered":"https:\/\/vansichen.be\/?page_id=1677"},"modified":"2022-05-13T08:13:39","modified_gmt":"2022-05-13T08:13:39","slug":"rollon-guidages-a-galets","status":"publish","type":"page","link":"https:\/\/vansichen.be\/fr\/composants-lineaires-standard\/guidages\/guidages-a-galets\/rollon-guidages-a-galets\/","title":{"rendered":"Rollon guidages \u00e0 galets"},"content":{"rendered":"<div class=\"wpb-content-wrapper\"><p>[vc_row][vc_column][vc_custom_heading text=\u00a0\u00bbROLLON GUIDAGES A GALETS\u00a0\u00bb font_container=\u00a0\u00bbtag:h1|font_size:53px|text_align:left|color:%23e6007e\u00a0\u00bb google_fonts=\u00a0\u00bbfont_family:Source%20Sans%20Pro%3A200%2C200italic%2C300%2C300italic%2Cregular%2Citalic%2C600%2C600italic%2C700%2C700italic%2C900%2C900italic|font_style:900%20bold%20regular%3A900%3Anormal\u00a0\u00bb][\/vc_column][\/vc_row][vc_row][vc_column width=\u00a0\u00bb2\/3&Prime;][vc_column_text]Rollon propose une vaste gamme de guidages \u00e0 galets lin\u00e9aires:<\/p>\n<ul>\n<li><strong>Compact Rail :<\/strong> Syst\u00e8me de guidage bas\u00e9 sur un rail et un chariot compos\u00e9 de galets.<\/li>\n<li><strong>Easyslide <\/strong>: Guidages compacts sur base de billes.<\/li>\n<li><strong>X-Rail : <\/strong>Syst\u00e8me de guidage au tr\u00e8s bon rapport qualit\u00e9 \/ prix. Haute r\u00e9sistance \u00e0 la corrosion. X-Rail est disponible en Inox et acier zingu\u00e9.<\/li>\n<li><strong>Curviline :<\/strong>\u00a0Syst\u00e8me bas\u00e9 sur un ou plusieurs chariots sur guidages courb\u00e9s.<\/li>\n<li><strong>Speedy Rail :<\/strong> Guide en aluminium l\u00e9ger.<\/li>\n<li><strong>O-Rail :<\/strong> Profil unique, peut \u00eatre charg\u00e9 dans 3 directions.<\/li>\n<li><strong>Prismatic Rail :<\/strong> Guidage \u00e0 galets sur la base du profil \u00ab\u00a0Prisma\u00a0\u00bb.<\/li>\n<\/ul>\n<p>[\/vc_column_text][vc_custom_heading text=\u00a0\u00bbPARTENAIRE\u00a0\u00bb font_container=\u00a0\u00bbtag:h2|font_size:20px|text_align:left|color:%23e6007e\u00a0\u00bb google_fonts=\u00a0\u00bbfont_family:Source%20Sans%20Pro%3A200%2C200italic%2C300%2C300italic%2Cregular%2Citalic%2C600%2C600italic%2C700%2C700italic%2C900%2C900italic|font_style:900%20bold%20regular%3A900%3Anormal\u00a0\u00bb][vc_row_inner el_class=\u00a0\u00bbpartners\u00a0\u00bb][vc_column_inner width=\u00a0\u00bb1\/3&Prime;][vc_single_image image=\u00a0\u00bb10045&Prime; img_size=\u00a0\u00bbfull\u00a0\u00bb onclick=\u00a0\u00bbcustom_link\u00a0\u00bb img_link_target=\u00a0\u00bb_blank\u00a0\u00bb link=\u00a0\u00bbhttps:\/\/www.rollon.com\/FR\/fr\/\u00a0\u00bb][\/vc_column_inner][vc_column_inner width=\u00a0\u00bb1\/3&Prime;][\/vc_column_inner][vc_column_inner width=\u00a0\u00bb1\/3&Prime;][\/vc_column_inner][\/vc_row_inner][\/vc_column][vc_column width=\u00a0\u00bb1\/3&Prime;][vc_widget_sidebar sidebar_id=\u00a0\u00bbtop-area-1&Prime;][\/vc_column][\/vc_row][vc_row el_class=\u00a0\u00bblinks\u00a0\u00bb][vc_column][vc_custom_heading text=\u00a0\u00bbLIENS\u00a0\u00bb font_container=\u00a0\u00bbtag:h2|font_size:20px|text_align:left|color:%23e6007e\u00a0\u00bb google_fonts=\u00a0\u00bbfont_family:Source%20Sans%20Pro%3A200%2C200italic%2C300%2C300italic%2Cregular%2Citalic%2C600%2C600italic%2C700%2C700italic%2C900%2C900italic|font_style:900%20bold%20regular%3A900%3Anormal\u00a0\u00bb][vc_column_text]<a href=\"https:\/\/rollon.partcommunity.com\/3d-cad-models\/\" target=\"_blank\" rel=\"noopener noreferrer\">3D-CAD ROLLON<\/a>[\/vc_column_text][\/vc_column][\/vc_row][vc_row el_class=\u00a0\u00bbdownloads\u00a0\u00bb][vc_column][vc_custom_heading text=\u00a0\u00bbDOWNLOADS\u00a0\u00bb font_container=\u00a0\u00bbtag:h2|font_size:20px|text_align:left|color:%23e6007e\u00a0\u00bb google_fonts=\u00a0\u00bbfont_family:Source%20Sans%20Pro%3A200%2C200italic%2C300%2C300italic%2Cregular%2Citalic%2C600%2C600italic%2C700%2C700italic%2C900%2C900italic|font_style:900%20bold%20regular%3A900%3Anormal\u00a0\u00bb][vc_column_text]<a href=\"https:\/\/vansichen.be\/wp-content\/uploads\/2021\/04\/Rollon-catalogus-Compact-Rail-FR.pdf\" target=\"_blank\" rel=\"noopener noreferrer\">Catalogue Compact Rail<\/a><br \/>\n<a href=\"https:\/\/vansichen.be\/wp-content\/uploads\/2020\/04\/catalogus-easyslide-16-58-17.pdf\" target=\"_blank\" rel=\"noopener noreferrer\">Catalogue Easyslide<\/a><br \/>\n<a href=\"https:\/\/vansichen.be\/wp-content\/uploads\/2021\/04\/Rollon-catalogus-X-Rail-FR.pdf\" target=\"_blank\" rel=\"noopener noreferrer\">Catalogue X-Rail<\/a><br \/>\n<span style=\"color: #e6007e;\"><a href=\"https:\/\/vansichen.be\/wp-content\/uploads\/2021\/04\/Rollon-catalogus-Curvi-Line-FR.pdf\">Catalogue Curviline<\/a><br \/>\n<a href=\"https:\/\/vansichen.be\/wp-content\/uploads\/2021\/04\/Rollon-catalogus-Speedy-Rail-FR.pdf\" target=\"_blank\" rel=\"noopener noreferrer\">Catalogue Speedy Rail<\/a><br \/>\n<a href=\"https:\/\/vansichen.be\/wp-content\/uploads\/2021\/04\/Rollon-catalogus-O-rail-FR.pdf\" target=\"_blank\" rel=\"noopener noreferrer\">Catalogue O-Rail<\/a><br \/>\n<a href=\"https:\/\/vansichen.be\/wp-content\/uploads\/2021\/04\/Rollon-catalogus-Prismatic-Rail-FR.pdf\" target=\"_blank\" rel=\"noopener noreferrer\">Catalogue Prismatic Rail<\/a><\/span>[\/vc_column_text][\/vc_column][\/vc_row][vc_row][vc_column][vc_gallery type=\u00a0\u00bbimage_grid\u00a0\u00bb images=\u00a0\u00bb1723,1727,1731,1735&Prime; img_size=\u00a0\u00bbfull\u00a0\u00bb el_class=\u00a0\u00bbhover-gallery\u00a0\u00bb][\/vc_column][\/vc_row]<\/p>\n<\/div>","protected":false},"excerpt":{"rendered":"<p>[vc_row][vc_column][vc_custom_heading text=\u00a0\u00bbROLLON GUIDAGES A GALETS\u00a0\u00bb font_container=\u00a0\u00bbtag:h1|font_size:53px|text_align:left|color:%23e6007e\u00a0\u00bb google_fonts=\u00a0\u00bbfont_family:Source%20Sans%20Pro%3A200%2C200italic%2C300%2C300italic%2Cregular%2Citalic%2C600%2C600italic%2C700%2C700italic%2C900%2C900italic|font_style:900%20bold%20regular%3A900%3Anormal\u00a0\u00bb][\/vc_column][\/vc_row][vc_row][vc_column width=\u00a0\u00bb2\/3&Prime;][vc_column_text]Rollon propose une vaste gamme de guidages \u00e0 galets lin\u00e9aires: Compact Rail :<span class=\"excerpt-hellip\"> [\u2026]<\/span><\/p>\n","protected":false},"author":4,"featured_media":0,"parent":2237,"menu_order":0,"comment_status":"closed","ping_status":"closed","template":"","meta":{"inline_featured_image":false,"footnotes":""},"class_list":["post-1677","page","type-page","status-publish","hentry"],"yoast_head":"<!-- This site is optimized with the Yoast SEO plugin v26.8 - https:\/\/yoast.com\/product\/yoast-seo-wordpress\/ -->\n<title>Rollon guidages \u00e0 galets - Vansichen Linear Technology<\/title>\n<meta name=\"description\" content=\"Rollon propose une vaste gamme de guidages \u00e0 galets lin\u00e9aires. Compact Rail, Easyslide, X-Rail et Curvi Line. Lire la suite !\" \/>\n<meta name=\"robots\" content=\"index, follow, max-snippet:-1, max-image-preview:large, max-video-preview:-1\" \/>\n<link rel=\"canonical\" href=\"https:\/\/vansichen.be\/fr\/composants-lineaires-standard\/guidages\/guidages-a-galets\/rollon-guidages-a-galets\/\" \/>\n<meta property=\"og:locale\" content=\"fr_FR\" \/>\n<meta property=\"og:type\" content=\"article\" \/>\n<meta property=\"og:title\" content=\"Rollon guidages \u00e0 galets - Vansichen Linear Technology\" \/>\n<meta property=\"og:description\" content=\"Rollon propose une vaste gamme de guidages \u00e0 galets lin\u00e9aires. Compact Rail, Easyslide, X-Rail et Curvi Line. Lire la suite !\" \/>\n<meta property=\"og:url\" content=\"https:\/\/vansichen.be\/fr\/composants-lineaires-standard\/guidages\/guidages-a-galets\/rollon-guidages-a-galets\/\" \/>\n<meta property=\"og:site_name\" content=\"Vansichen Linear Technology\" \/>\n<meta property=\"article:modified_time\" content=\"2022-05-13T08:13:39+00:00\" \/>\n<meta name=\"twitter:card\" content=\"summary_large_image\" \/>\n<meta name=\"twitter:label1\" content=\"Dur\u00e9e de lecture estim\u00e9e\" \/>\n\t<meta name=\"twitter:data1\" content=\"2 minutes\" \/>\n<script type=\"application\/ld+json\" class=\"yoast-schema-graph\">{\"@context\":\"https:\/\/schema.org\",\"@graph\":[{\"@type\":\"WebPage\",\"@id\":\"https:\/\/vansichen.be\/fr\/composants-lineaires-standard\/guidages\/guidages-a-galets\/rollon-guidages-a-galets\/\",\"url\":\"https:\/\/vansichen.be\/fr\/composants-lineaires-standard\/guidages\/guidages-a-galets\/rollon-guidages-a-galets\/\",\"name\":\"Rollon guidages \u00e0 galets - Vansichen Linear Technology\",\"isPartOf\":{\"@id\":\"https:\/\/vansichen.be\/de\/#website\"},\"datePublished\":\"2020-04-24T10:44:40+00:00\",\"dateModified\":\"2022-05-13T08:13:39+00:00\",\"description\":\"Rollon propose une vaste gamme de guidages \u00e0 galets lin\u00e9aires. Compact Rail, Easyslide, X-Rail et Curvi Line. Lire la suite !\",\"breadcrumb\":{\"@id\":\"https:\/\/vansichen.be\/fr\/composants-lineaires-standard\/guidages\/guidages-a-galets\/rollon-guidages-a-galets\/#breadcrumb\"},\"inLanguage\":\"fr-FR\",\"potentialAction\":[{\"@type\":\"ReadAction\",\"target\":[\"https:\/\/vansichen.be\/fr\/composants-lineaires-standard\/guidages\/guidages-a-galets\/rollon-guidages-a-galets\/\"]}]},{\"@type\":\"BreadcrumbList\",\"@id\":\"https:\/\/vansichen.be\/fr\/composants-lineaires-standard\/guidages\/guidages-a-galets\/rollon-guidages-a-galets\/#breadcrumb\",\"itemListElement\":[{\"@type\":\"ListItem\",\"position\":1,\"name\":\"Home\",\"item\":\"https:\/\/vansichen.be\/fr\/\"},{\"@type\":\"ListItem\",\"position\":2,\"name\":\"Composants lin\u00e9aires standard\",\"item\":\"https:\/\/vansichen.be\/fr\/composants-lineaires-standard\/\"},{\"@type\":\"ListItem\",\"position\":3,\"name\":\"Guidages\",\"item\":\"https:\/\/vansichen.be\/fr\/composants-lineaires-standard\/guidages\/\"},{\"@type\":\"ListItem\",\"position\":4,\"name\":\"Guidages \u00e0 galets\",\"item\":\"https:\/\/vansichen.be\/fr\/composants-lineaires-standard\/guidages\/guidages-a-galets\/\"},{\"@type\":\"ListItem\",\"position\":5,\"name\":\"Rollon guidages \u00e0 galets\"}]},{\"@type\":\"WebSite\",\"@id\":\"https:\/\/vansichen.be\/de\/#website\",\"url\":\"https:\/\/vansichen.be\/de\/\",\"name\":\"Vansichen Linear Technology\",\"description\":\"\",\"publisher\":{\"@id\":\"https:\/\/vansichen.be\/de\/#organization\"},\"potentialAction\":[{\"@type\":\"SearchAction\",\"target\":{\"@type\":\"EntryPoint\",\"urlTemplate\":\"https:\/\/vansichen.be\/de\/?s={search_term_string}\"},\"query-input\":{\"@type\":\"PropertyValueSpecification\",\"valueRequired\":true,\"valueName\":\"search_term_string\"}}],\"inLanguage\":\"fr-FR\"},{\"@type\":\"Organization\",\"@id\":\"https:\/\/vansichen.be\/de\/#organization\",\"name\":\"Vansichen Linear Technology\",\"url\":\"https:\/\/vansichen.be\/de\/\",\"logo\":{\"@type\":\"ImageObject\",\"inLanguage\":\"fr-FR\",\"@id\":\"https:\/\/vansichen.be\/de\/#\/schema\/logo\/image\/\",\"url\":\"https:\/\/vansichen.be\/wp-content\/uploads\/2020\/03\/Vansichen_home_2020_4.png\",\"contentUrl\":\"https:\/\/vansichen.be\/wp-content\/uploads\/2020\/03\/Vansichen_home_2020_4.png\",\"width\":260,\"height\":44,\"caption\":\"Vansichen Linear Technology\"},\"image\":{\"@id\":\"https:\/\/vansichen.be\/de\/#\/schema\/logo\/image\/\"}}]}<\/script>\n<!-- \/ Yoast SEO plugin. -->","yoast_head_json":{"title":"Rollon guidages \u00e0 galets - Vansichen Linear Technology","description":"Rollon propose une vaste gamme de guidages \u00e0 galets lin\u00e9aires. Compact Rail, Easyslide, X-Rail et Curvi Line. Lire la suite !","robots":{"index":"index","follow":"follow","max-snippet":"max-snippet:-1","max-image-preview":"max-image-preview:large","max-video-preview":"max-video-preview:-1"},"canonical":"https:\/\/vansichen.be\/fr\/composants-lineaires-standard\/guidages\/guidages-a-galets\/rollon-guidages-a-galets\/","og_locale":"fr_FR","og_type":"article","og_title":"Rollon guidages \u00e0 galets - Vansichen Linear Technology","og_description":"Rollon propose une vaste gamme de guidages \u00e0 galets lin\u00e9aires. Compact Rail, Easyslide, X-Rail et Curvi Line. Lire la suite !","og_url":"https:\/\/vansichen.be\/fr\/composants-lineaires-standard\/guidages\/guidages-a-galets\/rollon-guidages-a-galets\/","og_site_name":"Vansichen Linear Technology","article_modified_time":"2022-05-13T08:13:39+00:00","twitter_card":"summary_large_image","twitter_misc":{"Dur\u00e9e de lecture estim\u00e9e":"2 minutes"},"schema":{"@context":"https:\/\/schema.org","@graph":[{"@type":"WebPage","@id":"https:\/\/vansichen.be\/fr\/composants-lineaires-standard\/guidages\/guidages-a-galets\/rollon-guidages-a-galets\/","url":"https:\/\/vansichen.be\/fr\/composants-lineaires-standard\/guidages\/guidages-a-galets\/rollon-guidages-a-galets\/","name":"Rollon guidages \u00e0 galets - Vansichen Linear Technology","isPartOf":{"@id":"https:\/\/vansichen.be\/de\/#website"},"datePublished":"2020-04-24T10:44:40+00:00","dateModified":"2022-05-13T08:13:39+00:00","description":"Rollon propose une vaste gamme de guidages \u00e0 galets lin\u00e9aires. Compact Rail, Easyslide, X-Rail et Curvi Line. Lire la suite !","breadcrumb":{"@id":"https:\/\/vansichen.be\/fr\/composants-lineaires-standard\/guidages\/guidages-a-galets\/rollon-guidages-a-galets\/#breadcrumb"},"inLanguage":"fr-FR","potentialAction":[{"@type":"ReadAction","target":["https:\/\/vansichen.be\/fr\/composants-lineaires-standard\/guidages\/guidages-a-galets\/rollon-guidages-a-galets\/"]}]},{"@type":"BreadcrumbList","@id":"https:\/\/vansichen.be\/fr\/composants-lineaires-standard\/guidages\/guidages-a-galets\/rollon-guidages-a-galets\/#breadcrumb","itemListElement":[{"@type":"ListItem","position":1,"name":"Home","item":"https:\/\/vansichen.be\/fr\/"},{"@type":"ListItem","position":2,"name":"Composants lin\u00e9aires standard","item":"https:\/\/vansichen.be\/fr\/composants-lineaires-standard\/"},{"@type":"ListItem","position":3,"name":"Guidages","item":"https:\/\/vansichen.be\/fr\/composants-lineaires-standard\/guidages\/"},{"@type":"ListItem","position":4,"name":"Guidages \u00e0 galets","item":"https:\/\/vansichen.be\/fr\/composants-lineaires-standard\/guidages\/guidages-a-galets\/"},{"@type":"ListItem","position":5,"name":"Rollon guidages \u00e0 galets"}]},{"@type":"WebSite","@id":"https:\/\/vansichen.be\/de\/#website","url":"https:\/\/vansichen.be\/de\/","name":"Vansichen Linear Technology","description":"","publisher":{"@id":"https:\/\/vansichen.be\/de\/#organization"},"potentialAction":[{"@type":"SearchAction","target":{"@type":"EntryPoint","urlTemplate":"https:\/\/vansichen.be\/de\/?s={search_term_string}"},"query-input":{"@type":"PropertyValueSpecification","valueRequired":true,"valueName":"search_term_string"}}],"inLanguage":"fr-FR"},{"@type":"Organization","@id":"https:\/\/vansichen.be\/de\/#organization","name":"Vansichen Linear Technology","url":"https:\/\/vansichen.be\/de\/","logo":{"@type":"ImageObject","inLanguage":"fr-FR","@id":"https:\/\/vansichen.be\/de\/#\/schema\/logo\/image\/","url":"https:\/\/vansichen.be\/wp-content\/uploads\/2020\/03\/Vansichen_home_2020_4.png","contentUrl":"https:\/\/vansichen.be\/wp-content\/uploads\/2020\/03\/Vansichen_home_2020_4.png","width":260,"height":44,"caption":"Vansichen Linear Technology"},"image":{"@id":"https:\/\/vansichen.be\/de\/#\/schema\/logo\/image\/"}}]}},"_links":{"self":[{"href":"https:\/\/vansichen.be\/fr\/wp-json\/wp\/v2\/pages\/1677","targetHints":{"allow":["GET"]}}],"collection":[{"href":"https:\/\/vansichen.be\/fr\/wp-json\/wp\/v2\/pages"}],"about":[{"href":"https:\/\/vansichen.be\/fr\/wp-json\/wp\/v2\/types\/page"}],"author":[{"embeddable":true,"href":"https:\/\/vansichen.be\/fr\/wp-json\/wp\/v2\/users\/4"}],"replies":[{"embeddable":true,"href":"https:\/\/vansichen.be\/fr\/wp-json\/wp\/v2\/comments?post=1677"}],"version-history":[{"count":5,"href":"https:\/\/vansichen.be\/fr\/wp-json\/wp\/v2\/pages\/1677\/revisions"}],"predecessor-version":[{"id":11441,"href":"https:\/\/vansichen.be\/fr\/wp-json\/wp\/v2\/pages\/1677\/revisions\/11441"}],"up":[{"embeddable":true,"href":"https:\/\/vansichen.be\/fr\/wp-json\/wp\/v2\/pages\/2237"}],"wp:attachment":[{"href":"https:\/\/vansichen.be\/fr\/wp-json\/wp\/v2\/media?parent=1677"}],"curies":[{"name":"wp","href":"https:\/\/api.w.org\/{rel}","templated":true}]}}