{"id":1807,"date":"2020-04-30T12:24:20","date_gmt":"2020-04-30T12:24:20","guid":{"rendered":"https:\/\/vansichen.be\/?page_id=1807"},"modified":"2025-03-12T08:52:59","modified_gmt":"2025-03-12T08:52:59","slug":"arbres-canneles","status":"publish","type":"page","link":"https:\/\/vansichen.be\/fr\/composants-lineaires-standard\/guidages\/axes-et-douilles-a-billes\/arbres-canneles\/","title":{"rendered":"Arbres cannel\u00e9s"},"content":{"rendered":"<div class=\"wpb-content-wrapper\"><p>[vc_row][vc_column][vc_custom_heading text=\u00a0\u00bbARBRES CANNEL\u00c9S\u00a0\u00bb font_container=\u00a0\u00bbtag:h1|font_size:53px|text_align:left|color:%23e6007e\u00a0\u00bb google_fonts=\u00a0\u00bbfont_family:Source%20Sans%20Pro%3A200%2C200italic%2C300%2C300italic%2Cregular%2Citalic%2C600%2C600italic%2C700%2C700italic%2C900%2C900italic|font_style:900%20bold%20regular%3A900%3Anormal\u00a0\u00bb][\/vc_column][\/vc_row][vc_row][vc_column width=\u00a0\u00bb2\/3&Prime;][vc_column_text]Nous avons deux arbres cannel\u00e9s dans la gamme.<\/p>\n<p><strong>L\u2019arbre cannel\u00e9\u00a0<\/strong>est un m\u00e9canisme de mouvement lin\u00e9aire utilisant le mouvement de rotation des \u00e9l\u00e9ments \u00e0 billes. Il est efficace dans une large gamme d&rsquo;applications, y compris la robotique et les \u00e9quipements de transport.<\/p>\n<p><strong>L\u2019arbre cannel\u00e9 rotatif\u00a0<\/strong>sert aussi bien pour le mouvement de rotation que de translation. Il peut \u00eatre utilis\u00e9 pour les robots Scara, l&rsquo;arbre vertical des \u00e9quipements d&rsquo;assemblage, les changeurs d&rsquo;outils et les chargeurs.[\/vc_column_text][vc_custom_heading text=\u00a0\u00bbPARTENAIRE\u00a0\u00bb font_container=\u00a0\u00bbtag:h2|font_size:20px|text_align:left|color:%23e6007e\u00a0\u00bb google_fonts=\u00a0\u00bbfont_family:Source%20Sans%20Pro%3A200%2C200italic%2C300%2C300italic%2Cregular%2Citalic%2C600%2C600italic%2C700%2C700italic%2C900%2C900italic|font_style:900%20bold%20regular%3A900%3Anormal\u00a0\u00bb][vc_row_inner el_class=\u00a0\u00bbpartners\u00a0\u00bb][vc_column_inner width=\u00a0\u00bb1\/3&Prime;][vc_single_image image=\u00a0\u00bb2194&Prime; img_size=\u00a0\u00bbfull\u00a0\u00bb onclick=\u00a0\u00bbcustom_link\u00a0\u00bb img_link_target=\u00a0\u00bb_blank\u00a0\u00bb link=\u00a0\u00bbhttp:\/\/www.nb-linear.co.jp\/english\/index.html\u00a0\u00bb][\/vc_column_inner][vc_column_inner width=\u00a0\u00bb1\/3&Prime;][\/vc_column_inner][vc_column_inner width=\u00a0\u00bb1\/3&Prime;][\/vc_column_inner][\/vc_row_inner][vc_custom_heading text=\u00a0\u00bbLIENS\u00a0\u00bb font_container=\u00a0\u00bbtag:h2|font_size:20px|text_align:left|color:%23e6007e\u00a0\u00bb google_fonts=\u00a0\u00bbfont_family:Source%20Sans%20Pro%3A200%2C200italic%2C300%2C300italic%2Cregular%2Citalic%2C600%2C600italic%2C700%2C700italic%2C900%2C900italic|font_style:900%20bold%20regular%3A900%3Anormal\u00a0\u00bb][vc_column_text css=\u00a0\u00bb\u00a0\u00bb]<a href=\"https:\/\/www.3dfindit.com\/en\/cad-bim-library\/manufacturer\/?path=nippon_br%2Fball_spine_rotary\" target=\"_blank\" rel=\"noopener noreferrer\">3D-CAD<\/a>[\/vc_column_text][\/vc_column][vc_column width=\u00a0\u00bb1\/3&Prime;][vc_widget_sidebar sidebar_id=\u00a0\u00bbtop-area-1&Prime;][\/vc_column][\/vc_row][vc_row el_class=\u00a0\u00bbdownloads\u00a0\u00bb][vc_column][vc_custom_heading text=\u00a0\u00bbDOWNLOADS\u00a0\u00bb font_container=\u00a0\u00bbtag:h2|font_size:20px|text_align:left|color:%23e6007e\u00a0\u00bb google_fonts=\u00a0\u00bbfont_family:Source%20Sans%20Pro%3A200%2C200italic%2C300%2C300italic%2Cregular%2Citalic%2C600%2C600italic%2C700%2C700italic%2C900%2C900italic|font_style:900%20bold%20regular%3A900%3Anormal\u00a0\u00bb][vc_column_text]<a href=\"https:\/\/vansichen.be\/wp-content\/uploads\/2020\/04\/nb-ball-spline-11-39-11.pdf\" target=\"_blank\" rel=\"noopener noreferrer\">Catalogue arbres cannel\u00e9s<\/a><span style=\"color: #e6007e;\"><br \/>\n<\/span>[\/vc_column_text][\/vc_column][\/vc_row][vc_row][vc_column][vc_gallery type=\u00a0\u00bbimage_grid\u00a0\u00bb images=\u00a0\u00bb2202,2198&Prime; img_size=\u00a0\u00bbfull\u00a0\u00bb el_class=\u00a0\u00bbhover-gallery\u00a0\u00bb][\/vc_column][\/vc_row]<\/p>\n<\/div>","protected":false},"excerpt":{"rendered":"<p>[vc_row][vc_column][vc_custom_heading text=\u00a0\u00bbARBRES CANNEL\u00c9S\u00a0\u00bb font_container=\u00a0\u00bbtag:h1|font_size:53px|text_align:left|color:%23e6007e\u00a0\u00bb google_fonts=\u00a0\u00bbfont_family:Source%20Sans%20Pro%3A200%2C200italic%2C300%2C300italic%2Cregular%2Citalic%2C600%2C600italic%2C700%2C700italic%2C900%2C900italic|font_style:900%20bold%20regular%3A900%3Anormal\u00a0\u00bb][\/vc_column][\/vc_row][vc_row][vc_column width=\u00a0\u00bb2\/3&Prime;][vc_column_text]Nous avons deux arbres cannel\u00e9s dans la gamme. L\u2019arbre cannel\u00e9\u00a0est un m\u00e9canisme de mouvement lin\u00e9aire<span class=\"excerpt-hellip\"> [\u2026]<\/span><\/p>\n","protected":false},"author":4,"featured_media":0,"parent":2005,"menu_order":0,"comment_status":"closed","ping_status":"closed","template":"","meta":{"inline_featured_image":false,"footnotes":""},"class_list":["post-1807","page","type-page","status-publish","hentry"],"yoast_head":"<!-- This site is optimized with the Yoast SEO plugin v26.8 - https:\/\/yoast.com\/product\/yoast-seo-wordpress\/ -->\n<title>Arbres cannel\u00e9s - Guidages - Vansichen Linear Technology<\/title>\n<meta name=\"description\" content=\"L\u2019arbres cannel\u00e9s sont des m\u00e9canismes de mouvement lin\u00e9aire utilisant le mouvement de rotation des \u00e9l\u00e9ments \u00e0 billes. Lisez en plus!\" \/>\n<meta name=\"robots\" content=\"index, follow, max-snippet:-1, max-image-preview:large, max-video-preview:-1\" \/>\n<link rel=\"canonical\" href=\"https:\/\/vansichen.be\/fr\/composants-lineaires-standard\/guidages\/axes-et-douilles-a-billes\/arbres-canneles\/\" \/>\n<meta property=\"og:locale\" content=\"fr_FR\" \/>\n<meta property=\"og:type\" content=\"article\" \/>\n<meta property=\"og:title\" content=\"Arbres cannel\u00e9s - Guidages - Vansichen Linear Technology\" \/>\n<meta property=\"og:description\" content=\"L\u2019arbres cannel\u00e9s sont des m\u00e9canismes de mouvement lin\u00e9aire utilisant le mouvement de rotation des \u00e9l\u00e9ments \u00e0 billes. Lisez en plus!\" \/>\n<meta property=\"og:url\" content=\"https:\/\/vansichen.be\/fr\/composants-lineaires-standard\/guidages\/axes-et-douilles-a-billes\/arbres-canneles\/\" \/>\n<meta property=\"og:site_name\" content=\"Vansichen Linear Technology\" \/>\n<meta property=\"article:modified_time\" content=\"2025-03-12T08:52:59+00:00\" \/>\n<meta name=\"twitter:card\" content=\"summary_large_image\" \/>\n<meta name=\"twitter:label1\" content=\"Dur\u00e9e de lecture estim\u00e9e\" \/>\n\t<meta name=\"twitter:data1\" content=\"1 minute\" \/>\n<script type=\"application\/ld+json\" class=\"yoast-schema-graph\">{\"@context\":\"https:\/\/schema.org\",\"@graph\":[{\"@type\":\"WebPage\",\"@id\":\"https:\/\/vansichen.be\/fr\/composants-lineaires-standard\/guidages\/axes-et-douilles-a-billes\/arbres-canneles\/\",\"url\":\"https:\/\/vansichen.be\/fr\/composants-lineaires-standard\/guidages\/axes-et-douilles-a-billes\/arbres-canneles\/\",\"name\":\"Arbres cannel\u00e9s - Guidages - Vansichen Linear Technology\",\"isPartOf\":{\"@id\":\"https:\/\/vansichen.be\/de\/#website\"},\"datePublished\":\"2020-04-30T12:24:20+00:00\",\"dateModified\":\"2025-03-12T08:52:59+00:00\",\"description\":\"L\u2019arbres cannel\u00e9s sont des m\u00e9canismes de mouvement lin\u00e9aire utilisant le mouvement de rotation des \u00e9l\u00e9ments \u00e0 billes. Lisez en plus!\",\"breadcrumb\":{\"@id\":\"https:\/\/vansichen.be\/fr\/composants-lineaires-standard\/guidages\/axes-et-douilles-a-billes\/arbres-canneles\/#breadcrumb\"},\"inLanguage\":\"fr-FR\",\"potentialAction\":[{\"@type\":\"ReadAction\",\"target\":[\"https:\/\/vansichen.be\/fr\/composants-lineaires-standard\/guidages\/axes-et-douilles-a-billes\/arbres-canneles\/\"]}]},{\"@type\":\"BreadcrumbList\",\"@id\":\"https:\/\/vansichen.be\/fr\/composants-lineaires-standard\/guidages\/axes-et-douilles-a-billes\/arbres-canneles\/#breadcrumb\",\"itemListElement\":[{\"@type\":\"ListItem\",\"position\":1,\"name\":\"Home\",\"item\":\"https:\/\/vansichen.be\/fr\/\"},{\"@type\":\"ListItem\",\"position\":2,\"name\":\"Composants lin\u00e9aires standard\",\"item\":\"https:\/\/vansichen.be\/fr\/composants-lineaires-standard\/\"},{\"@type\":\"ListItem\",\"position\":3,\"name\":\"Guidages\",\"item\":\"https:\/\/vansichen.be\/fr\/composants-lineaires-standard\/guidages\/\"},{\"@type\":\"ListItem\",\"position\":4,\"name\":\"Axes et douilles \u00e0 billes\",\"item\":\"https:\/\/vansichen.be\/fr\/composants-lineaires-standard\/guidages\/axes-et-douilles-a-billes\/\"},{\"@type\":\"ListItem\",\"position\":5,\"name\":\"Arbres cannel\u00e9s\"}]},{\"@type\":\"WebSite\",\"@id\":\"https:\/\/vansichen.be\/de\/#website\",\"url\":\"https:\/\/vansichen.be\/de\/\",\"name\":\"Vansichen Linear Technology\",\"description\":\"\",\"publisher\":{\"@id\":\"https:\/\/vansichen.be\/de\/#organization\"},\"potentialAction\":[{\"@type\":\"SearchAction\",\"target\":{\"@type\":\"EntryPoint\",\"urlTemplate\":\"https:\/\/vansichen.be\/de\/?s={search_term_string}\"},\"query-input\":{\"@type\":\"PropertyValueSpecification\",\"valueRequired\":true,\"valueName\":\"search_term_string\"}}],\"inLanguage\":\"fr-FR\"},{\"@type\":\"Organization\",\"@id\":\"https:\/\/vansichen.be\/de\/#organization\",\"name\":\"Vansichen Linear Technology\",\"url\":\"https:\/\/vansichen.be\/de\/\",\"logo\":{\"@type\":\"ImageObject\",\"inLanguage\":\"fr-FR\",\"@id\":\"https:\/\/vansichen.be\/de\/#\/schema\/logo\/image\/\",\"url\":\"https:\/\/vansichen.be\/wp-content\/uploads\/2020\/03\/Vansichen_home_2020_4.png\",\"contentUrl\":\"https:\/\/vansichen.be\/wp-content\/uploads\/2020\/03\/Vansichen_home_2020_4.png\",\"width\":260,\"height\":44,\"caption\":\"Vansichen Linear Technology\"},\"image\":{\"@id\":\"https:\/\/vansichen.be\/de\/#\/schema\/logo\/image\/\"}}]}<\/script>\n<!-- \/ Yoast SEO plugin. -->","yoast_head_json":{"title":"Arbres cannel\u00e9s - Guidages - Vansichen Linear Technology","description":"L\u2019arbres cannel\u00e9s sont des m\u00e9canismes de mouvement lin\u00e9aire utilisant le mouvement de rotation des \u00e9l\u00e9ments \u00e0 billes. Lisez en plus!","robots":{"index":"index","follow":"follow","max-snippet":"max-snippet:-1","max-image-preview":"max-image-preview:large","max-video-preview":"max-video-preview:-1"},"canonical":"https:\/\/vansichen.be\/fr\/composants-lineaires-standard\/guidages\/axes-et-douilles-a-billes\/arbres-canneles\/","og_locale":"fr_FR","og_type":"article","og_title":"Arbres cannel\u00e9s - Guidages - Vansichen Linear Technology","og_description":"L\u2019arbres cannel\u00e9s sont des m\u00e9canismes de mouvement lin\u00e9aire utilisant le mouvement de rotation des \u00e9l\u00e9ments \u00e0 billes. Lisez en plus!","og_url":"https:\/\/vansichen.be\/fr\/composants-lineaires-standard\/guidages\/axes-et-douilles-a-billes\/arbres-canneles\/","og_site_name":"Vansichen Linear Technology","article_modified_time":"2025-03-12T08:52:59+00:00","twitter_card":"summary_large_image","twitter_misc":{"Dur\u00e9e de lecture estim\u00e9e":"1 minute"},"schema":{"@context":"https:\/\/schema.org","@graph":[{"@type":"WebPage","@id":"https:\/\/vansichen.be\/fr\/composants-lineaires-standard\/guidages\/axes-et-douilles-a-billes\/arbres-canneles\/","url":"https:\/\/vansichen.be\/fr\/composants-lineaires-standard\/guidages\/axes-et-douilles-a-billes\/arbres-canneles\/","name":"Arbres cannel\u00e9s - Guidages - Vansichen Linear Technology","isPartOf":{"@id":"https:\/\/vansichen.be\/de\/#website"},"datePublished":"2020-04-30T12:24:20+00:00","dateModified":"2025-03-12T08:52:59+00:00","description":"L\u2019arbres cannel\u00e9s sont des m\u00e9canismes de mouvement lin\u00e9aire utilisant le mouvement de rotation des \u00e9l\u00e9ments \u00e0 billes. Lisez en plus!","breadcrumb":{"@id":"https:\/\/vansichen.be\/fr\/composants-lineaires-standard\/guidages\/axes-et-douilles-a-billes\/arbres-canneles\/#breadcrumb"},"inLanguage":"fr-FR","potentialAction":[{"@type":"ReadAction","target":["https:\/\/vansichen.be\/fr\/composants-lineaires-standard\/guidages\/axes-et-douilles-a-billes\/arbres-canneles\/"]}]},{"@type":"BreadcrumbList","@id":"https:\/\/vansichen.be\/fr\/composants-lineaires-standard\/guidages\/axes-et-douilles-a-billes\/arbres-canneles\/#breadcrumb","itemListElement":[{"@type":"ListItem","position":1,"name":"Home","item":"https:\/\/vansichen.be\/fr\/"},{"@type":"ListItem","position":2,"name":"Composants lin\u00e9aires standard","item":"https:\/\/vansichen.be\/fr\/composants-lineaires-standard\/"},{"@type":"ListItem","position":3,"name":"Guidages","item":"https:\/\/vansichen.be\/fr\/composants-lineaires-standard\/guidages\/"},{"@type":"ListItem","position":4,"name":"Axes et douilles \u00e0 billes","item":"https:\/\/vansichen.be\/fr\/composants-lineaires-standard\/guidages\/axes-et-douilles-a-billes\/"},{"@type":"ListItem","position":5,"name":"Arbres cannel\u00e9s"}]},{"@type":"WebSite","@id":"https:\/\/vansichen.be\/de\/#website","url":"https:\/\/vansichen.be\/de\/","name":"Vansichen Linear Technology","description":"","publisher":{"@id":"https:\/\/vansichen.be\/de\/#organization"},"potentialAction":[{"@type":"SearchAction","target":{"@type":"EntryPoint","urlTemplate":"https:\/\/vansichen.be\/de\/?s={search_term_string}"},"query-input":{"@type":"PropertyValueSpecification","valueRequired":true,"valueName":"search_term_string"}}],"inLanguage":"fr-FR"},{"@type":"Organization","@id":"https:\/\/vansichen.be\/de\/#organization","name":"Vansichen Linear Technology","url":"https:\/\/vansichen.be\/de\/","logo":{"@type":"ImageObject","inLanguage":"fr-FR","@id":"https:\/\/vansichen.be\/de\/#\/schema\/logo\/image\/","url":"https:\/\/vansichen.be\/wp-content\/uploads\/2020\/03\/Vansichen_home_2020_4.png","contentUrl":"https:\/\/vansichen.be\/wp-content\/uploads\/2020\/03\/Vansichen_home_2020_4.png","width":260,"height":44,"caption":"Vansichen Linear Technology"},"image":{"@id":"https:\/\/vansichen.be\/de\/#\/schema\/logo\/image\/"}}]}},"_links":{"self":[{"href":"https:\/\/vansichen.be\/fr\/wp-json\/wp\/v2\/pages\/1807","targetHints":{"allow":["GET"]}}],"collection":[{"href":"https:\/\/vansichen.be\/fr\/wp-json\/wp\/v2\/pages"}],"about":[{"href":"https:\/\/vansichen.be\/fr\/wp-json\/wp\/v2\/types\/page"}],"author":[{"embeddable":true,"href":"https:\/\/vansichen.be\/fr\/wp-json\/wp\/v2\/users\/4"}],"replies":[{"embeddable":true,"href":"https:\/\/vansichen.be\/fr\/wp-json\/wp\/v2\/comments?post=1807"}],"version-history":[{"count":5,"href":"https:\/\/vansichen.be\/fr\/wp-json\/wp\/v2\/pages\/1807\/revisions"}],"predecessor-version":[{"id":18703,"href":"https:\/\/vansichen.be\/fr\/wp-json\/wp\/v2\/pages\/1807\/revisions\/18703"}],"up":[{"embeddable":true,"href":"https:\/\/vansichen.be\/fr\/wp-json\/wp\/v2\/pages\/2005"}],"wp:attachment":[{"href":"https:\/\/vansichen.be\/fr\/wp-json\/wp\/v2\/media?parent=1807"}],"curies":[{"name":"wp","href":"https:\/\/api.w.org\/{rel}","templated":true}]}}