{"id":1888,"date":"2020-04-24T12:56:39","date_gmt":"2020-04-24T12:56:39","guid":{"rendered":"https:\/\/vansichen.be\/?page_id=1888"},"modified":"2023-10-11T14:14:27","modified_gmt":"2023-10-11T14:14:27","slug":"composants-lineaires-standard","status":"publish","type":"page","link":"https:\/\/vansichen.be\/fr\/composants-lineaires-standard\/","title":{"rendered":"Composants lin\u00e9aires standard"},"content":{"rendered":"<div class=\"wpb-content-wrapper\"><p>[vc_row][vc_column][vc_custom_heading text=\u00a0\u00bbCOMPOSANTS LIN\u00c9AIRES STANDARD\u00a0\u00bb font_container=\u00a0\u00bbtag:h1|font_size:53px|text_align:left|color:%23e6007e\u00a0\u00bb google_fonts=\u00a0\u00bbfont_family:Source%20Sans%20Pro%3A200%2C200italic%2C300%2C300italic%2Cregular%2Citalic%2C600%2C600italic%2C700%2C700italic%2C900%2C900italic|font_style:900%20bold%20regular%3A900%3Anormal\u00a0\u00bb][\/vc_column][\/vc_row][vc_row][vc_column width=\u00a0\u00bb2\/3&Prime;][vc_column_text]En travaillant avec divers fabricants, vous trouverez chez Vansichen Linear Technology des composants lin\u00e9aires standard de qualit\u00e9 sup\u00e9rieure. L&rsquo;\u00e9quipe est toujours \u00e0 votre disposition pour vous accompagner dans votre recherche du composant le plus appropri\u00e9.<\/p>\n<p>Un stock important des composants les plus courants et de bons accords avec nos fournisseurs nous permettent de garantir des d\u00e9lais de livraison rapides. Vansichen Linear Technology met \u00e9galement \u00e0 votre disposition une \u00e9quipe d&rsquo;ing\u00e9nieurs pour des solutions individuelles sur mesure.<\/p>\n<p>Pour en savoir plus, consultez la page des <a href=\"https:\/\/vansichen.be\/fr\/produits-lineaires-sur-mesure\/\">produits et assemblages lin\u00e9aires sur mesure<\/a>.[\/vc_column_text][vc_empty_space height=\u00a0\u00bb50px\u00a0\u00bb][vc_custom_heading text=\u00a0\u00bbCATALOGUE COMPACT\u00a0\u00bb font_container=\u00a0\u00bbtag:h2|font_size:20px|text_align:left|color:%23e6007e\u00a0\u00bb google_fonts=\u00a0\u00bbfont_family:Source%20Sans%20Pro%3A200%2C200italic%2C300%2C300italic%2Cregular%2Citalic%2C600%2C600italic%2C700%2C700italic%2C900%2C900italic|font_style:900%20bold%20regular%3A900%3Anormal\u00a0\u00bb][\/vc_column][vc_column width=\u00a0\u00bb1\/3&Prime;][vc_single_image image=\u00a0\u00bb8445&Prime; img_size=\u00a0\u00bbfull\u00a0\u00bb onclick=\u00a0\u00bbcustom_link\u00a0\u00bb img_link_target=\u00a0\u00bb_blank\u00a0\u00bb css_animation=\u00a0\u00bbnone\u00a0\u00bb css=\u00a0\u00bb.vc_custom_1687419880934{margin-bottom: 0px !important;}\u00a0\u00bb link=\u00a0\u00bb\/wp-content\/uploads\/2023\/06\/20250318-Compact-Cataloog-Vansichen-Web.pdf\u00a0\u00bb][vc_row_inner css=\u00a0\u00bb.vc_custom_1571396687313{padding-right: 15px !important;padding-left: 15px !important;}\u00a0\u00bb][vc_column_inner css=\u00a0\u00bb.vc_custom_1588933193846{padding-top: 12px !important;padding-right: 10px !important;padding-bottom: 12px !important;padding-left: 10px !important;background-color: #e6007e !important;}\u00a0\u00bb][vc_custom_heading text=\u00a0\u00bbT\u00c9L\u00c9CHARGER LE CATALOGUE\u00a0\u00bb font_container=\u00a0\u00bbtag:h3|font_size:20|text_align:center|color:%23ffffff\u00a0\u00bb google_fonts=\u00a0\u00bbfont_family:Source%20Sans%20Pro%3A200%2C200italic%2C300%2C300italic%2Cregular%2Citalic%2C600%2C600italic%2C700%2C700italic%2C900%2C900italic|font_style:900%20bold%20regular%3A900%3Anormal\u00a0\u00bb css_animation=\u00a0\u00bbnone\u00a0\u00bb el_class=\u00a0\u00bbbrand-name\u00a0\u00bb css=\u00a0\u00bb.vc_custom_1687419907192{margin-top: 0px !important;margin-bottom: 0px !important;}\u00a0\u00bb link=\u00a0\u00bburl:%2Fwp-content%2Fuploads%2F2023%2F06%2F20250318-Compact-Cataloog-Vansichen-Web.pdf|target:_blank\u00a0\u00bb][\/vc_column_inner][\/vc_row_inner][\/vc_column][\/vc_row][vc_row][vc_column][vc_column_text]Le\u00a0<strong>catalogue Vansichen Techniques Lin\u00e9aires rassemble pour vous les composants lin\u00e9aires standard et syst\u00e8mes les plus utilis\u00e9s dans l\u2019industrie<\/strong>. Nous vous facilitons la vie : le catalogue dresse un aper\u00e7u clair des propri\u00e9t\u00e9s sp\u00e9cifiques des divers composants lin\u00e9aires. Et si vous ne trouvez pas le composant qu\u2019il vous faut, il vous suffit de nous\u00a0<a href=\"https:\/\/vansichen.be\/fr\/contact\/\" rel=\"nofollow\">contacter<\/a>. Nous r\u00e9pondrons volontiers \u00e0 toutes vos questions. T\u00e9l\u00e9chargez le pdf si-dessous ou envoyez un courriel \u00e0 <a href=\"mailto:info@vansichen.be\" target=\"_blank\" rel=\"noopener noreferrer\">info@vansichen.be<\/a>\u00a0ou composez le +32 (0) 11 37 79 63.[\/vc_column_text][\/vc_column][\/vc_row][vc_row el_class=\u00a0\u00bbhover-effect-img\u00a0\u00bb][vc_column][vc_row_inner][vc_column_inner width=\u00a0\u00bb1\/3&Prime;][vc_single_image image=\u00a0\u00bb8379&Prime; img_size=\u00a0\u00bbfull\u00a0\u00bb onclick=\u00a0\u00bbcustom_link\u00a0\u00bb link=\u00a0\u00bb\/fr\/composants-lineaires-standard\/guidages\/\u00a0\u00bb][vc_custom_heading text=\u00a0\u00bbGUIDAGES\u00a0\u00bb font_container=\u00a0\u00bbtag:h2|font_size:23px|text_align:left|color:%23e6007e\u00a0\u00bb google_fonts=\u00a0\u00bbfont_family:Source%20Sans%20Pro%3A200%2C200italic%2C300%2C300italic%2Cregular%2Citalic%2C600%2C600italic%2C700%2C700italic%2C900%2C900italic|font_style:900%20bold%20regular%3A900%3Anormal\u00a0\u00bb link=\u00a0\u00bburl:%2Ffr%2Fcomposants-lineaires-standard%2Fguidages%2F|||\u00a0\u00bb][\/vc_column_inner][vc_column_inner width=\u00a0\u00bb1\/3&Prime;][vc_single_image image=\u00a0\u00bb8383&Prime; img_size=\u00a0\u00bbfull\u00a0\u00bb onclick=\u00a0\u00bbcustom_link\u00a0\u00bb link=\u00a0\u00bb\/fr\/composants-lineaires-standard\/elements-dentrainement\/\u00a0\u00bb][vc_custom_heading text=\u00a0\u00bb\u00c9L\u00c9MENTS D&rsquo;ENTRA\u00ceNEMENT\u00a0\u00bb font_container=\u00a0\u00bbtag:h2|font_size:23px|text_align:left|color:%23e6007e\u00a0\u00bb google_fonts=\u00a0\u00bbfont_family:Source%20Sans%20Pro%3A200%2C200italic%2C300%2C300italic%2Cregular%2Citalic%2C600%2C600italic%2C700%2C700italic%2C900%2C900italic|font_style:900%20bold%20regular%3A900%3Anormal\u00a0\u00bb link=\u00a0\u00bburl:%2Ffr%2Fcomposants-lineaires-standard%2Felements-dentrainement%2F|||\u00a0\u00bb][\/vc_column_inner][vc_column_inner width=\u00a0\u00bb1\/3&Prime;][vc_single_image image=\u00a0\u00bb5443&Prime; img_size=\u00a0\u00bbfull\u00a0\u00bb onclick=\u00a0\u00bbcustom_link\u00a0\u00bb link=\u00a0\u00bb\/fr\/composants-lineaires-standard\/systemes-de-positionnement-standard\/\u00a0\u00bb][vc_custom_heading text=\u00a0\u00bbSYST\u00c8MES DE POSITIONNEMENT<br \/>\nSTANDARD\u00a0\u00bb font_container=\u00a0\u00bbtag:h2|font_size:23px|text_align:left|color:%23e6007e\u00a0\u00bb google_fonts=\u00a0\u00bbfont_family:Source%20Sans%20Pro%3A200%2C200italic%2C300%2C300italic%2Cregular%2Citalic%2C600%2C600italic%2C700%2C700italic%2C900%2C900italic|font_style:900%20bold%20regular%3A900%3Anormal\u00a0\u00bb link=\u00a0\u00bburl:%2Ffr%2Fcomposants-lineaires-standard%2Fsystemes-de-positionnement-standard%2F|||\u00a0\u00bb][\/vc_column_inner][\/vc_row_inner][vc_row_inner][vc_column_inner width=\u00a0\u00bb1\/3&Prime;][vc_single_image image=\u00a0\u00bb15394&Prime; img_size=\u00a0\u00bbfull\u00a0\u00bb onclick=\u00a0\u00bbcustom_link\u00a0\u00bb link=\u00a0\u00bb\/fr\/composants-lineaires-standard\/systemes-de-lubrification\/\u00a0\u00bb][vc_custom_heading text=\u00a0\u00bbSYST\u00c8MES DE LUBRIFICATION\u00a0\u00bb font_container=\u00a0\u00bbtag:h2|font_size:23px|text_align:left|color:%23e6007e\u00a0\u00bb google_fonts=\u00a0\u00bbfont_family:Source%20Sans%20Pro%3A200%2C200italic%2C300%2C300italic%2Cregular%2Citalic%2C600%2C600italic%2C700%2C700italic%2C900%2C900italic|font_style:900%20bold%20regular%3A900%3Anormal\u00a0\u00bb link=\u00a0\u00bburl:%2Ffr%2Fcomposants-lineaires-standard%2Fsystemes-de-lubrification%2F\u00a0\u00bb][\/vc_column_inner][vc_column_inner width=\u00a0\u00bb1\/3&Prime;][vc_single_image image=\u00a0\u00bb8387&Prime; img_size=\u00a0\u00bbfull\u00a0\u00bb onclick=\u00a0\u00bbcustom_link\u00a0\u00bb link=\u00a0\u00bb\/fr\/composants-lineaires-standard\/systemes-positionnement-brides-fixation\/\u00a0\u00bb][vc_custom_heading text=\u00a0\u00bbSYST\u00c8MES DE POSITIONNEMENT<br \/>\nET BRIDES DE FIXATION\u00a0\u00bb font_container=\u00a0\u00bbtag:h2|font_size:23px|text_align:left|color:%23e6007e\u00a0\u00bb google_fonts=\u00a0\u00bbfont_family:Source%20Sans%20Pro%3A200%2C200italic%2C300%2C300italic%2Cregular%2Citalic%2C600%2C600italic%2C700%2C700italic%2C900%2C900italic|font_style:900%20bold%20regular%3A900%3Anormal\u00a0\u00bb link=\u00a0\u00bburl:%2Ffr%2Fcomposants-lineaires-standard%2Fsystemes-positionnement-brides-fixation%2F|||\u00a0\u00bb][\/vc_column_inner][vc_column_inner width=\u00a0\u00bb1\/3&Prime;][vc_single_image image=\u00a0\u00bb9195&Prime; img_size=\u00a0\u00bbfull\u00a0\u00bb onclick=\u00a0\u00bbcustom_link\u00a0\u00bb link=\u00a0\u00bb\/fr\/composants-lineaires-standard\/couronnes-dorientation\/\u00a0\u00bb][vc_custom_heading text=\u00a0\u00bbCOURONNES D&rsquo;ORIENTATION<br \/>\nROTHE ERDE\u00a0\u00bb font_container=\u00a0\u00bbtag:h2|font_size:23px|text_align:left|color:%23e6007e\u00a0\u00bb google_fonts=\u00a0\u00bbfont_family:Source%20Sans%20Pro%3A200%2C200italic%2C300%2C300italic%2Cregular%2Citalic%2C600%2C600italic%2C700%2C700italic%2C900%2C900italic|font_style:900%20bold%20regular%3A900%3Anormal\u00a0\u00bb link=\u00a0\u00bburl:%2Ffr%2Fcomposants-lineaires-standard%2Fcouronnes-dorientation%2F|||\u00a0\u00bb][\/vc_column_inner][\/vc_row_inner][\/vc_column][\/vc_row]<\/p>\n<\/div>","protected":false},"excerpt":{"rendered":"<p>[vc_row][vc_column][vc_custom_heading text=\u00a0\u00bbCOMPOSANTS LIN\u00c9AIRES STANDARD\u00a0\u00bb font_container=\u00a0\u00bbtag:h1|font_size:53px|text_align:left|color:%23e6007e\u00a0\u00bb google_fonts=\u00a0\u00bbfont_family:Source%20Sans%20Pro%3A200%2C200italic%2C300%2C300italic%2Cregular%2Citalic%2C600%2C600italic%2C700%2C700italic%2C900%2C900italic|font_style:900%20bold%20regular%3A900%3Anormal\u00a0\u00bb][\/vc_column][\/vc_row][vc_row][vc_column width=\u00a0\u00bb2\/3&Prime;][vc_column_text]En travaillant avec divers fabricants, vous trouverez chez Vansichen Linear Technology des composants lin\u00e9aires<span class=\"excerpt-hellip\"> [\u2026]<\/span><\/p>\n","protected":false},"author":4,"featured_media":0,"parent":0,"menu_order":0,"comment_status":"closed","ping_status":"closed","template":"","meta":{"inline_featured_image":false,"footnotes":""},"class_list":["post-1888","page","type-page","status-publish","hentry"],"yoast_head":"<!-- This site is optimized with the Yoast SEO plugin v26.8 - https:\/\/yoast.com\/product\/yoast-seo-wordpress\/ -->\n<title>Composants lin\u00e9aires standard - Vansichen Linear Technology<\/title>\n<meta name=\"description\" content=\"Vansichen Techniques Lin\u00e9aires est en mesure de vous proposer\u00a0la gamme la plus \u00e9tendue de composants lineaires standard. Cliquez ici !\" \/>\n<meta name=\"robots\" content=\"index, follow, max-snippet:-1, max-image-preview:large, max-video-preview:-1\" \/>\n<link rel=\"canonical\" href=\"https:\/\/vansichen.be\/fr\/composants-lineaires-standard\/\" \/>\n<meta property=\"og:locale\" content=\"fr_FR\" \/>\n<meta property=\"og:type\" content=\"article\" \/>\n<meta property=\"og:title\" content=\"Composants lin\u00e9aires standard - Vansichen Linear Technology\" \/>\n<meta property=\"og:description\" content=\"Vansichen Techniques Lin\u00e9aires est en mesure de vous proposer\u00a0la gamme la plus \u00e9tendue de composants lineaires standard. Cliquez ici !\" \/>\n<meta property=\"og:url\" content=\"https:\/\/vansichen.be\/fr\/composants-lineaires-standard\/\" \/>\n<meta property=\"og:site_name\" content=\"Vansichen Linear Technology\" \/>\n<meta property=\"article:modified_time\" content=\"2023-10-11T14:14:27+00:00\" \/>\n<meta name=\"twitter:card\" content=\"summary_large_image\" \/>\n<meta name=\"twitter:label1\" content=\"Dur\u00e9e de lecture estim\u00e9e\" \/>\n\t<meta name=\"twitter:data1\" content=\"2 minutes\" \/>\n<script type=\"application\/ld+json\" class=\"yoast-schema-graph\">{\"@context\":\"https:\/\/schema.org\",\"@graph\":[{\"@type\":\"WebPage\",\"@id\":\"https:\/\/vansichen.be\/fr\/composants-lineaires-standard\/\",\"url\":\"https:\/\/vansichen.be\/fr\/composants-lineaires-standard\/\",\"name\":\"Composants lin\u00e9aires standard - Vansichen Linear Technology\",\"isPartOf\":{\"@id\":\"https:\/\/vansichen.be\/de\/#website\"},\"datePublished\":\"2020-04-24T12:56:39+00:00\",\"dateModified\":\"2023-10-11T14:14:27+00:00\",\"description\":\"Vansichen Techniques Lin\u00e9aires est en mesure de vous proposer\u00a0la gamme la plus \u00e9tendue de composants lineaires standard. Cliquez ici !\",\"breadcrumb\":{\"@id\":\"https:\/\/vansichen.be\/fr\/composants-lineaires-standard\/#breadcrumb\"},\"inLanguage\":\"fr-FR\",\"potentialAction\":[{\"@type\":\"ReadAction\",\"target\":[\"https:\/\/vansichen.be\/fr\/composants-lineaires-standard\/\"]}]},{\"@type\":\"BreadcrumbList\",\"@id\":\"https:\/\/vansichen.be\/fr\/composants-lineaires-standard\/#breadcrumb\",\"itemListElement\":[{\"@type\":\"ListItem\",\"position\":1,\"name\":\"Home\",\"item\":\"https:\/\/vansichen.be\/fr\/\"},{\"@type\":\"ListItem\",\"position\":2,\"name\":\"Composants lin\u00e9aires standard\"}]},{\"@type\":\"WebSite\",\"@id\":\"https:\/\/vansichen.be\/de\/#website\",\"url\":\"https:\/\/vansichen.be\/de\/\",\"name\":\"Vansichen Linear Technology\",\"description\":\"\",\"publisher\":{\"@id\":\"https:\/\/vansichen.be\/de\/#organization\"},\"potentialAction\":[{\"@type\":\"SearchAction\",\"target\":{\"@type\":\"EntryPoint\",\"urlTemplate\":\"https:\/\/vansichen.be\/de\/?s={search_term_string}\"},\"query-input\":{\"@type\":\"PropertyValueSpecification\",\"valueRequired\":true,\"valueName\":\"search_term_string\"}}],\"inLanguage\":\"fr-FR\"},{\"@type\":\"Organization\",\"@id\":\"https:\/\/vansichen.be\/de\/#organization\",\"name\":\"Vansichen Linear Technology\",\"url\":\"https:\/\/vansichen.be\/de\/\",\"logo\":{\"@type\":\"ImageObject\",\"inLanguage\":\"fr-FR\",\"@id\":\"https:\/\/vansichen.be\/de\/#\/schema\/logo\/image\/\",\"url\":\"https:\/\/vansichen.be\/wp-content\/uploads\/2020\/03\/Vansichen_home_2020_4.png\",\"contentUrl\":\"https:\/\/vansichen.be\/wp-content\/uploads\/2020\/03\/Vansichen_home_2020_4.png\",\"width\":260,\"height\":44,\"caption\":\"Vansichen Linear Technology\"},\"image\":{\"@id\":\"https:\/\/vansichen.be\/de\/#\/schema\/logo\/image\/\"}}]}<\/script>\n<!-- \/ Yoast SEO plugin. -->","yoast_head_json":{"title":"Composants lin\u00e9aires standard - Vansichen Linear Technology","description":"Vansichen Techniques Lin\u00e9aires est en mesure de vous proposer\u00a0la gamme la plus \u00e9tendue de composants lineaires standard. Cliquez ici !","robots":{"index":"index","follow":"follow","max-snippet":"max-snippet:-1","max-image-preview":"max-image-preview:large","max-video-preview":"max-video-preview:-1"},"canonical":"https:\/\/vansichen.be\/fr\/composants-lineaires-standard\/","og_locale":"fr_FR","og_type":"article","og_title":"Composants lin\u00e9aires standard - Vansichen Linear Technology","og_description":"Vansichen Techniques Lin\u00e9aires est en mesure de vous proposer\u00a0la gamme la plus \u00e9tendue de composants lineaires standard. Cliquez ici !","og_url":"https:\/\/vansichen.be\/fr\/composants-lineaires-standard\/","og_site_name":"Vansichen Linear Technology","article_modified_time":"2023-10-11T14:14:27+00:00","twitter_card":"summary_large_image","twitter_misc":{"Dur\u00e9e de lecture estim\u00e9e":"2 minutes"},"schema":{"@context":"https:\/\/schema.org","@graph":[{"@type":"WebPage","@id":"https:\/\/vansichen.be\/fr\/composants-lineaires-standard\/","url":"https:\/\/vansichen.be\/fr\/composants-lineaires-standard\/","name":"Composants lin\u00e9aires standard - Vansichen Linear Technology","isPartOf":{"@id":"https:\/\/vansichen.be\/de\/#website"},"datePublished":"2020-04-24T12:56:39+00:00","dateModified":"2023-10-11T14:14:27+00:00","description":"Vansichen Techniques Lin\u00e9aires est en mesure de vous proposer\u00a0la gamme la plus \u00e9tendue de composants lineaires standard. Cliquez ici !","breadcrumb":{"@id":"https:\/\/vansichen.be\/fr\/composants-lineaires-standard\/#breadcrumb"},"inLanguage":"fr-FR","potentialAction":[{"@type":"ReadAction","target":["https:\/\/vansichen.be\/fr\/composants-lineaires-standard\/"]}]},{"@type":"BreadcrumbList","@id":"https:\/\/vansichen.be\/fr\/composants-lineaires-standard\/#breadcrumb","itemListElement":[{"@type":"ListItem","position":1,"name":"Home","item":"https:\/\/vansichen.be\/fr\/"},{"@type":"ListItem","position":2,"name":"Composants lin\u00e9aires standard"}]},{"@type":"WebSite","@id":"https:\/\/vansichen.be\/de\/#website","url":"https:\/\/vansichen.be\/de\/","name":"Vansichen Linear Technology","description":"","publisher":{"@id":"https:\/\/vansichen.be\/de\/#organization"},"potentialAction":[{"@type":"SearchAction","target":{"@type":"EntryPoint","urlTemplate":"https:\/\/vansichen.be\/de\/?s={search_term_string}"},"query-input":{"@type":"PropertyValueSpecification","valueRequired":true,"valueName":"search_term_string"}}],"inLanguage":"fr-FR"},{"@type":"Organization","@id":"https:\/\/vansichen.be\/de\/#organization","name":"Vansichen Linear Technology","url":"https:\/\/vansichen.be\/de\/","logo":{"@type":"ImageObject","inLanguage":"fr-FR","@id":"https:\/\/vansichen.be\/de\/#\/schema\/logo\/image\/","url":"https:\/\/vansichen.be\/wp-content\/uploads\/2020\/03\/Vansichen_home_2020_4.png","contentUrl":"https:\/\/vansichen.be\/wp-content\/uploads\/2020\/03\/Vansichen_home_2020_4.png","width":260,"height":44,"caption":"Vansichen Linear Technology"},"image":{"@id":"https:\/\/vansichen.be\/de\/#\/schema\/logo\/image\/"}}]}},"_links":{"self":[{"href":"https:\/\/vansichen.be\/fr\/wp-json\/wp\/v2\/pages\/1888","targetHints":{"allow":["GET"]}}],"collection":[{"href":"https:\/\/vansichen.be\/fr\/wp-json\/wp\/v2\/pages"}],"about":[{"href":"https:\/\/vansichen.be\/fr\/wp-json\/wp\/v2\/types\/page"}],"author":[{"embeddable":true,"href":"https:\/\/vansichen.be\/fr\/wp-json\/wp\/v2\/users\/4"}],"replies":[{"embeddable":true,"href":"https:\/\/vansichen.be\/fr\/wp-json\/wp\/v2\/comments?post=1888"}],"version-history":[{"count":5,"href":"https:\/\/vansichen.be\/fr\/wp-json\/wp\/v2\/pages\/1888\/revisions"}],"predecessor-version":[{"id":15423,"href":"https:\/\/vansichen.be\/fr\/wp-json\/wp\/v2\/pages\/1888\/revisions\/15423"}],"wp:attachment":[{"href":"https:\/\/vansichen.be\/fr\/wp-json\/wp\/v2\/media?parent=1888"}],"curies":[{"name":"wp","href":"https:\/\/api.w.org\/{rel}","templated":true}]}}