{"id":19041,"date":"2025-06-27T13:57:39","date_gmt":"2025-06-27T13:57:39","guid":{"rendered":"https:\/\/vansichen.be\/?page_id=19041"},"modified":"2025-07-04T11:43:57","modified_gmt":"2025-07-04T11:43:57","slug":"reducteur-elliptique","status":"publish","type":"page","link":"https:\/\/vansichen.be\/fr\/composants-lineaires-standard\/elements-dentrainement\/reducteurs\/hiwin-reducteur-elliptique\/","title":{"rendered":"HIWIN : R\u00e9ducteur elliptique"},"content":{"rendered":"<div class=\"wpb-content-wrapper\"><p>[vc_row][vc_column][vc_custom_heading text=\u00a0\u00bbHIWIN: REDUCTEUR ELLIPTIQUE\u00a0\u00bb font_container=\u00a0\u00bbtag:h1|font_size:53px|text_align:left|color:%23e6007e\u00a0\u00bb google_fonts=\u00a0\u00bbfont_family:Source%20Sans%20Pro%3A200%2C200italic%2C300%2C300italic%2Cregular%2Citalic%2C600%2C600italic%2C700%2C700italic%2C900%2C900italic|font_style:900%20bold%20regular%3A900%3Anormal\u00a0\u00bb css=\u00a0\u00bb\u00a0\u00bb][\/vc_column][\/vc_row][vc_row][vc_column width=\u00a0\u00bb2\/3&Prime;][vc_column_text css=\u00a0\u00bb\u00a0\u00bb]<strong>R\u00e9ducteur elliptique DATORKER\u00ae \u2013 le miracle de puissance compact<\/strong><\/p>\n<p>Qu&rsquo;il s&rsquo;agisse de changeurs d&rsquo;outils hautement dynamiques, d&rsquo;axes de robots ainsi que de fraiseuses dentaires et de robots chirurgicaux dans le domaine m\u00e9dical, nos r\u00e9ducteurs elliptiques DATORKER\u00ae sont toujours utilis\u00e9s lorsqu&rsquo;un rapport de r\u00e9duction \u00e9lev\u00e9 est requis dans un espace tr\u00e8s restreint. Avec des r\u00e9ductions \u00e0 un niveau \u00e9lev\u00e9es, le reducteur elliptique garantit un positionnement absolument pr\u00e9cis et un mouvement r\u00e9p\u00e9titif. Il pr\u00e9sente en outre des rendements \u00e9lev\u00e9s, une grande rigidit\u00e9 \u00e0 la torsion et de faibles couples de d\u00e9marrage.<\/p>\n<p>Les options disponibles vous permettent de personnaliser votre r\u00e9ducteurs elliptiques. Outre une technologie moderne de traitement de surface compos\u00e9e d&rsquo;une couche de chrome noir et de r\u00e9sine pour la protection contre la corrosion, l&rsquo;arbre d&rsquo;entr\u00e9e du moteur et le nombre de raccords peuvent \u00eatre personnalis\u00e9s selon vos souhaits.. Nous proposons en outre diff\u00e9rents adaptateurs de moteur ou la connexion directe de HIWIN servomoteurs. Sur demande, nous livrons nos v variateurs dans un pack et proposons ainsi une technique d&rsquo;entra\u00eenement d&rsquo;un seul tenant.[\/vc_column_text][vc_custom_heading text=\u00a0\u00bbPRODUITS HIWIN\u00a0\u00bb font_container=\u00a0\u00bbtag:h2|font_size:20px|text_align:left|color:%23e6007e\u00a0\u00bb google_fonts=\u00a0\u00bbfont_family:Source%20Sans%20Pro%3A200%2C200italic%2C300%2C300italic%2Cregular%2Citalic%2C600%2C600italic%2C700%2C700italic%2C900%2C900italic|font_style:900%20bold%20regular%3A900%3Anormal\u00a0\u00bb css=\u00a0\u00bb\u00a0\u00bb][vc_column_text css=\u00a0\u00bb\u00a0\u00bb]<\/p>\n<ul>\n<li>Heavy Load r\u00e9ducteurs elliptiques <a href=\"https:\/\/www.hiwin.de\/nl\/Produkte\/Wellgetriebe\/Wellgetriebe-DGC-DGH-Heavy-Load\/c\/5322\" target=\"_blank\" rel=\"noopener\">DGC\/DGH<\/a><\/li>\n<li>Reducteurs elliptiques standard \u00e9prouv\u00e9s <a href=\"https:\/\/www.hiwin.de\/nl\/Produkte\/Wellgetriebe\/Wellgetriebe-DSC-DSH\/c\/5321\" target=\"_blank\" rel=\"noopener\">DSC\/DSH<\/a><\/li>\n<li>Reducteur elliptique <a href=\"https:\/\/www.hiwin.de\/nl\/Produkte\/Wellgetriebe\/Wellgetriebe-DSC-PO-mit-Motor\/c\/5122\" target=\"_blank\" rel=\"noopener\">DSC-PO<\/a> avec moteur<\/li>\n<\/ul>\n<p>[\/vc_column_text][\/vc_column][vc_column width=\u00a0\u00bb1\/3&Prime;][vc_widget_sidebar sidebar_id=\u00a0\u00bbtop-area-1&Prime;][\/vc_column][\/vc_row][vc_row el_class=\u00a0\u00bbclear-both-cus\u00a0\u00bb][vc_column][vc_custom_heading text=\u00a0\u00bbAVANTAGES\u00a0\u00bb font_container=\u00a0\u00bbtag:h2|font_size:20px|text_align:left|color:%23e6007e\u00a0\u00bb google_fonts=\u00a0\u00bbfont_family:Source%20Sans%20Pro%3A200%2C200italic%2C300%2C300italic%2Cregular%2Citalic%2C600%2C600italic%2C700%2C700italic%2C900%2C900italic|font_style:900%20bold%20regular%3A900%3Anormal\u00a0\u00bb css=\u00a0\u00bb\u00a0\u00bb][vc_column_text css=\u00a0\u00bb\u00a0\u00bb]<\/p>\n<ul>\n<li><a href=\"https:\/\/www.hiwin.de\/nl\/cad-konfigurator\/wellgetriebe\" target=\"_blank\" rel=\"noopener\">Mod\u00e8les CAO<\/a> directement disponibles pour le t\u00e9l\u00e9chargement.<\/li>\n<li>Vous avez le choix entre les tailles 14, 17, 20, 25, 32.<\/li>\n<li>Vous atteignez des rapports de r\u00e9duction \u00e9lev\u00e9s de 50 \u00e0 160 dans un espace r\u00e9duit.<\/li>\n<li>Vous recevez le r\u00e9ducteur elliptique avec un accouplement Oldham, un arbre creux ou un tourillon d\u2019arbre. Possibilit\u00e9 de r\u00e9aliser un logement de moteur individuel selon les souhaits du client.<\/li>\n<li>Vous pouvez choisir entre des r\u00e9ducteurs elliptiques avec et sans roulement de sortie.<\/li>\n<li>Vous disposez de plusieurs options de personnalisation : rev\u00eatement suppl\u00e9mentaire pour la protection contre la corrosion, modification de l&rsquo;arbre d&rsquo;entr\u00e9e du moteur et du nombre de bouchons, s\u00e9lection d&rsquo;adaptateurs moteur et connexion directe de servomoteurs HIWIN.<\/li>\n<\/ul>\n<p>[\/vc_column_text][vc_custom_heading text=\u00a0\u00bbPARTENAIRE\u00a0\u00bb font_container=\u00a0\u00bbtag:h2|font_size:20px|text_align:left|color:%23e6007e\u00a0\u00bb google_fonts=\u00a0\u00bbfont_family:Source%20Sans%20Pro%3A200%2C200italic%2C300%2C300italic%2Cregular%2Citalic%2C600%2C600italic%2C700%2C700italic%2C900%2C900italic|font_style:900%20bold%20regular%3A900%3Anormal\u00a0\u00bb css=\u00a0\u00bb\u00a0\u00bb][vc_row_inner el_class=\u00a0\u00bbpartners\u00a0\u00bb][vc_column_inner width=\u00a0\u00bb1\/4&Prime;][vc_single_image image=\u00a0\u00bb4219&Prime; img_size=\u00a0\u00bbfull\u00a0\u00bb onclick=\u00a0\u00bbcustom_link\u00a0\u00bb img_link_target=\u00a0\u00bb_blank\u00a0\u00bb link=\u00a0\u00bbhttps:\/\/www.hiwin.de\/de\/\u00a0\u00bb][\/vc_column_inner][vc_column_inner width=\u00a0\u00bb1\/4&Prime;][\/vc_column_inner][vc_column_inner width=\u00a0\u00bb1\/4&Prime;][\/vc_column_inner][vc_column_inner width=\u00a0\u00bb1\/4&Prime;][\/vc_column_inner][\/vc_row_inner][\/vc_column][\/vc_row][vc_row el_class=\u00a0\u00bblinks\u00a0\u00bb][vc_column][vc_custom_heading text=\u00a0\u00bbLINKS\u00a0\u00bb font_container=\u00a0\u00bbtag:h2|font_size:20px|text_align:left|color:%23e6007e\u00a0\u00bb google_fonts=\u00a0\u00bbfont_family:Source%20Sans%20Pro%3A200%2C200italic%2C300%2C300italic%2Cregular%2Citalic%2C600%2C600italic%2C700%2C700italic%2C900%2C900italic|font_style:900%20bold%20regular%3A900%3Anormal\u00a0\u00bb][vc_column_text css=\u00a0\u00bb\u00a0\u00bb]<a href=\"https:\/\/www.hiwin.de\/nl\/cad-konfigurator\/wellgetriebe\" target=\"_blank\" rel=\"noopener\">3D-CAD HIWIN<\/a>[\/vc_column_text][\/vc_column][\/vc_row][vc_row disable_element=\u00a0\u00bbyes\u00a0\u00bb][vc_column][vc_custom_heading text=\u00a0\u00bbDOWNLOADS\u00a0\u00bb font_container=\u00a0\u00bbtag:h2|font_size:20px|text_align:left|color:%23e6007e\u00a0\u00bb google_fonts=\u00a0\u00bbfont_family:Source%20Sans%20Pro%3A200%2C200italic%2C300%2C300italic%2Cregular%2Citalic%2C600%2C600italic%2C700%2C700italic%2C900%2C900italic|font_style:900%20bold%20regular%3A900%3Anormal\u00a0\u00bb][vc_column_text]<a href=\"https:\/\/vansichen.be\/wp-content\/uploads\/2021\/04\/Hiwin-main-modules-ENG.pdf\" target=\"_blank\" rel=\"noopener noreferrer\">Catalogus HIWIN<\/a><br \/>\n<a href=\"https:\/\/vansichen.be\/wp-content\/uploads\/2021\/04\/Assembly-Hiwin-Belt-modules-ENG.pdf\" target=\"_blank\" rel=\"noopener noreferrer\">Assembly Hiwin Belt modules<\/a><br \/>\n<a href=\"https:\/\/vansichen.be\/wp-content\/uploads\/2021\/04\/Assembly-Hiwin-Spindle-modules-ENG.pdf\" target=\"_blank\" rel=\"noopener noreferrer\">Assembly Hiwin Spindle modules<\/a>[\/vc_column_text][\/vc_column][\/vc_row][vc_row][vc_column][vc_gallery type=\u00a0\u00bbimage_grid\u00a0\u00bb images=\u00a0\u00bb19214,19209&Prime; img_size=\u00a0\u00bbfull\u00a0\u00bb css=\u00a0\u00bb\u00a0\u00bb el_class=\u00a0\u00bbhover-gallery\u00a0\u00bb][vc_row_inner][vc_column_inner width=\u00a0\u00bb1\/2&Prime;][vc_video link=\u00a0\u00bbhttps:\/\/youtu.be\/QWZaVDsvBcY\u00a0\u00bb css=\u00a0\u00bb\u00a0\u00bb][\/vc_column_inner][vc_column_inner width=\u00a0\u00bb1\/2&Prime;][\/vc_column_inner][\/vc_row_inner][\/vc_column][\/vc_row][vc_column width=\u00a0\u00bb2\/3&Prime;][\/vc_column]<\/p>\n<\/div>","protected":false},"excerpt":{"rendered":"<p>[vc_row][vc_column][vc_custom_heading text=\u00a0\u00bbHIWIN: REDUCTEUR ELLIPTIQUE\u00a0\u00bb font_container=\u00a0\u00bbtag:h1|font_size:53px|text_align:left|color:%23e6007e\u00a0\u00bb google_fonts=\u00a0\u00bbfont_family:Source%20Sans%20Pro%3A200%2C200italic%2C300%2C300italic%2Cregular%2Citalic%2C600%2C600italic%2C700%2C700italic%2C900%2C900italic|font_style:900%20bold%20regular%3A900%3Anormal\u00a0\u00bb css=\u00a0\u00bb\u00a0\u00bb][\/vc_column][\/vc_row][vc_row][vc_column width=\u00a0\u00bb2\/3&Prime;][vc_column_text css=\u00a0\u00bb\u00a0\u00bb]R\u00e9ducteur elliptique DATORKER\u00ae \u2013 le miracle de puissance compact Qu&rsquo;il s&rsquo;agisse de<span class=\"excerpt-hellip\"> [\u2026]<\/span><\/p>\n","protected":false},"author":4,"featured_media":0,"parent":3856,"menu_order":0,"comment_status":"closed","ping_status":"closed","template":"","meta":{"inline_featured_image":false,"footnotes":""},"class_list":["post-19041","page","type-page","status-publish","hentry"],"yoast_head":"<!-- This site is optimized with the Yoast SEO plugin v26.8 - https:\/\/yoast.com\/product\/yoast-seo-wordpress\/ -->\n<title>R\u00e9ducteur elliptique HIWIN - Vansichen Linear Technology<\/title>\n<meta name=\"description\" content=\"Un r\u00e9ducteur elliptique DATORKER\u00ae est toujours utilis\u00e9s lorsqu&#039;un rapport de r\u00e9duction \u00e9lev\u00e9 est requis dans un espace tr\u00e8s restreint.\" \/>\n<meta name=\"robots\" content=\"index, follow, max-snippet:-1, max-image-preview:large, max-video-preview:-1\" \/>\n<link rel=\"canonical\" href=\"https:\/\/vansichen.be\/fr\/composants-lineaires-standard\/elements-dentrainement\/reducteurs\/hiwin-reducteur-elliptique\/\" \/>\n<meta property=\"og:locale\" content=\"fr_FR\" \/>\n<meta property=\"og:type\" content=\"article\" \/>\n<meta property=\"og:title\" content=\"R\u00e9ducteur elliptique HIWIN - Vansichen Linear Technology\" \/>\n<meta property=\"og:description\" content=\"Un r\u00e9ducteur elliptique DATORKER\u00ae est toujours utilis\u00e9s lorsqu&#039;un rapport de r\u00e9duction \u00e9lev\u00e9 est requis dans un espace tr\u00e8s restreint.\" \/>\n<meta property=\"og:url\" content=\"https:\/\/vansichen.be\/fr\/composants-lineaires-standard\/elements-dentrainement\/reducteurs\/hiwin-reducteur-elliptique\/\" \/>\n<meta property=\"og:site_name\" content=\"Vansichen Linear Technology\" \/>\n<meta property=\"article:modified_time\" content=\"2025-07-04T11:43:57+00:00\" \/>\n<meta name=\"twitter:card\" content=\"summary_large_image\" \/>\n<meta name=\"twitter:label1\" content=\"Dur\u00e9e de lecture estim\u00e9e\" \/>\n\t<meta name=\"twitter:data1\" content=\"3 minutes\" \/>\n<script type=\"application\/ld+json\" class=\"yoast-schema-graph\">{\"@context\":\"https:\/\/schema.org\",\"@graph\":[{\"@type\":\"WebPage\",\"@id\":\"https:\/\/vansichen.be\/fr\/composants-lineaires-standard\/elements-dentrainement\/reducteurs\/hiwin-reducteur-elliptique\/\",\"url\":\"https:\/\/vansichen.be\/fr\/composants-lineaires-standard\/elements-dentrainement\/reducteurs\/hiwin-reducteur-elliptique\/\",\"name\":\"R\u00e9ducteur elliptique HIWIN - Vansichen Linear Technology\",\"isPartOf\":{\"@id\":\"https:\/\/vansichen.be\/de\/#website\"},\"datePublished\":\"2025-06-27T13:57:39+00:00\",\"dateModified\":\"2025-07-04T11:43:57+00:00\",\"description\":\"Un r\u00e9ducteur elliptique DATORKER\u00ae est toujours utilis\u00e9s lorsqu'un rapport de r\u00e9duction \u00e9lev\u00e9 est requis dans un espace tr\u00e8s restreint.\",\"breadcrumb\":{\"@id\":\"https:\/\/vansichen.be\/fr\/composants-lineaires-standard\/elements-dentrainement\/reducteurs\/hiwin-reducteur-elliptique\/#breadcrumb\"},\"inLanguage\":\"fr-FR\",\"potentialAction\":[{\"@type\":\"ReadAction\",\"target\":[\"https:\/\/vansichen.be\/fr\/composants-lineaires-standard\/elements-dentrainement\/reducteurs\/hiwin-reducteur-elliptique\/\"]}]},{\"@type\":\"BreadcrumbList\",\"@id\":\"https:\/\/vansichen.be\/fr\/composants-lineaires-standard\/elements-dentrainement\/reducteurs\/hiwin-reducteur-elliptique\/#breadcrumb\",\"itemListElement\":[{\"@type\":\"ListItem\",\"position\":1,\"name\":\"Home\",\"item\":\"https:\/\/vansichen.be\/fr\/\"},{\"@type\":\"ListItem\",\"position\":2,\"name\":\"Composants lin\u00e9aires standard\",\"item\":\"https:\/\/vansichen.be\/fr\/composants-lineaires-standard\/\"},{\"@type\":\"ListItem\",\"position\":3,\"name\":\"\u00c9l\u00e9ments d&#8217;entra\u00eenement\",\"item\":\"https:\/\/vansichen.be\/fr\/composants-lineaires-standard\/elements-dentrainement\/\"},{\"@type\":\"ListItem\",\"position\":4,\"name\":\"R\u00e9ducteurs\",\"item\":\"https:\/\/vansichen.be\/fr\/composants-lineaires-standard\/elements-dentrainement\/reducteurs\/\"},{\"@type\":\"ListItem\",\"position\":5,\"name\":\"HIWIN : R\u00e9ducteur elliptique\"}]},{\"@type\":\"WebSite\",\"@id\":\"https:\/\/vansichen.be\/de\/#website\",\"url\":\"https:\/\/vansichen.be\/de\/\",\"name\":\"Vansichen Linear Technology\",\"description\":\"\",\"publisher\":{\"@id\":\"https:\/\/vansichen.be\/de\/#organization\"},\"potentialAction\":[{\"@type\":\"SearchAction\",\"target\":{\"@type\":\"EntryPoint\",\"urlTemplate\":\"https:\/\/vansichen.be\/de\/?s={search_term_string}\"},\"query-input\":{\"@type\":\"PropertyValueSpecification\",\"valueRequired\":true,\"valueName\":\"search_term_string\"}}],\"inLanguage\":\"fr-FR\"},{\"@type\":\"Organization\",\"@id\":\"https:\/\/vansichen.be\/de\/#organization\",\"name\":\"Vansichen Linear Technology\",\"url\":\"https:\/\/vansichen.be\/de\/\",\"logo\":{\"@type\":\"ImageObject\",\"inLanguage\":\"fr-FR\",\"@id\":\"https:\/\/vansichen.be\/de\/#\/schema\/logo\/image\/\",\"url\":\"https:\/\/vansichen.be\/wp-content\/uploads\/2020\/03\/Vansichen_home_2020_4.png\",\"contentUrl\":\"https:\/\/vansichen.be\/wp-content\/uploads\/2020\/03\/Vansichen_home_2020_4.png\",\"width\":260,\"height\":44,\"caption\":\"Vansichen Linear Technology\"},\"image\":{\"@id\":\"https:\/\/vansichen.be\/de\/#\/schema\/logo\/image\/\"}}]}<\/script>\n<!-- \/ Yoast SEO plugin. -->","yoast_head_json":{"title":"R\u00e9ducteur elliptique HIWIN - Vansichen Linear Technology","description":"Un r\u00e9ducteur elliptique DATORKER\u00ae est toujours utilis\u00e9s lorsqu'un rapport de r\u00e9duction \u00e9lev\u00e9 est requis dans un espace tr\u00e8s restreint.","robots":{"index":"index","follow":"follow","max-snippet":"max-snippet:-1","max-image-preview":"max-image-preview:large","max-video-preview":"max-video-preview:-1"},"canonical":"https:\/\/vansichen.be\/fr\/composants-lineaires-standard\/elements-dentrainement\/reducteurs\/hiwin-reducteur-elliptique\/","og_locale":"fr_FR","og_type":"article","og_title":"R\u00e9ducteur elliptique HIWIN - Vansichen Linear Technology","og_description":"Un r\u00e9ducteur elliptique DATORKER\u00ae est toujours utilis\u00e9s lorsqu'un rapport de r\u00e9duction \u00e9lev\u00e9 est requis dans un espace tr\u00e8s restreint.","og_url":"https:\/\/vansichen.be\/fr\/composants-lineaires-standard\/elements-dentrainement\/reducteurs\/hiwin-reducteur-elliptique\/","og_site_name":"Vansichen Linear Technology","article_modified_time":"2025-07-04T11:43:57+00:00","twitter_card":"summary_large_image","twitter_misc":{"Dur\u00e9e de lecture estim\u00e9e":"3 minutes"},"schema":{"@context":"https:\/\/schema.org","@graph":[{"@type":"WebPage","@id":"https:\/\/vansichen.be\/fr\/composants-lineaires-standard\/elements-dentrainement\/reducteurs\/hiwin-reducteur-elliptique\/","url":"https:\/\/vansichen.be\/fr\/composants-lineaires-standard\/elements-dentrainement\/reducteurs\/hiwin-reducteur-elliptique\/","name":"R\u00e9ducteur elliptique HIWIN - Vansichen Linear Technology","isPartOf":{"@id":"https:\/\/vansichen.be\/de\/#website"},"datePublished":"2025-06-27T13:57:39+00:00","dateModified":"2025-07-04T11:43:57+00:00","description":"Un r\u00e9ducteur elliptique DATORKER\u00ae est toujours utilis\u00e9s lorsqu'un rapport de r\u00e9duction \u00e9lev\u00e9 est requis dans un espace tr\u00e8s restreint.","breadcrumb":{"@id":"https:\/\/vansichen.be\/fr\/composants-lineaires-standard\/elements-dentrainement\/reducteurs\/hiwin-reducteur-elliptique\/#breadcrumb"},"inLanguage":"fr-FR","potentialAction":[{"@type":"ReadAction","target":["https:\/\/vansichen.be\/fr\/composants-lineaires-standard\/elements-dentrainement\/reducteurs\/hiwin-reducteur-elliptique\/"]}]},{"@type":"BreadcrumbList","@id":"https:\/\/vansichen.be\/fr\/composants-lineaires-standard\/elements-dentrainement\/reducteurs\/hiwin-reducteur-elliptique\/#breadcrumb","itemListElement":[{"@type":"ListItem","position":1,"name":"Home","item":"https:\/\/vansichen.be\/fr\/"},{"@type":"ListItem","position":2,"name":"Composants lin\u00e9aires standard","item":"https:\/\/vansichen.be\/fr\/composants-lineaires-standard\/"},{"@type":"ListItem","position":3,"name":"\u00c9l\u00e9ments d&#8217;entra\u00eenement","item":"https:\/\/vansichen.be\/fr\/composants-lineaires-standard\/elements-dentrainement\/"},{"@type":"ListItem","position":4,"name":"R\u00e9ducteurs","item":"https:\/\/vansichen.be\/fr\/composants-lineaires-standard\/elements-dentrainement\/reducteurs\/"},{"@type":"ListItem","position":5,"name":"HIWIN : R\u00e9ducteur elliptique"}]},{"@type":"WebSite","@id":"https:\/\/vansichen.be\/de\/#website","url":"https:\/\/vansichen.be\/de\/","name":"Vansichen Linear Technology","description":"","publisher":{"@id":"https:\/\/vansichen.be\/de\/#organization"},"potentialAction":[{"@type":"SearchAction","target":{"@type":"EntryPoint","urlTemplate":"https:\/\/vansichen.be\/de\/?s={search_term_string}"},"query-input":{"@type":"PropertyValueSpecification","valueRequired":true,"valueName":"search_term_string"}}],"inLanguage":"fr-FR"},{"@type":"Organization","@id":"https:\/\/vansichen.be\/de\/#organization","name":"Vansichen Linear Technology","url":"https:\/\/vansichen.be\/de\/","logo":{"@type":"ImageObject","inLanguage":"fr-FR","@id":"https:\/\/vansichen.be\/de\/#\/schema\/logo\/image\/","url":"https:\/\/vansichen.be\/wp-content\/uploads\/2020\/03\/Vansichen_home_2020_4.png","contentUrl":"https:\/\/vansichen.be\/wp-content\/uploads\/2020\/03\/Vansichen_home_2020_4.png","width":260,"height":44,"caption":"Vansichen Linear Technology"},"image":{"@id":"https:\/\/vansichen.be\/de\/#\/schema\/logo\/image\/"}}]}},"_links":{"self":[{"href":"https:\/\/vansichen.be\/fr\/wp-json\/wp\/v2\/pages\/19041","targetHints":{"allow":["GET"]}}],"collection":[{"href":"https:\/\/vansichen.be\/fr\/wp-json\/wp\/v2\/pages"}],"about":[{"href":"https:\/\/vansichen.be\/fr\/wp-json\/wp\/v2\/types\/page"}],"author":[{"embeddable":true,"href":"https:\/\/vansichen.be\/fr\/wp-json\/wp\/v2\/users\/4"}],"replies":[{"embeddable":true,"href":"https:\/\/vansichen.be\/fr\/wp-json\/wp\/v2\/comments?post=19041"}],"version-history":[{"count":5,"href":"https:\/\/vansichen.be\/fr\/wp-json\/wp\/v2\/pages\/19041\/revisions"}],"predecessor-version":[{"id":19426,"href":"https:\/\/vansichen.be\/fr\/wp-json\/wp\/v2\/pages\/19041\/revisions\/19426"}],"up":[{"embeddable":true,"href":"https:\/\/vansichen.be\/fr\/wp-json\/wp\/v2\/pages\/3856"}],"wp:attachment":[{"href":"https:\/\/vansichen.be\/fr\/wp-json\/wp\/v2\/media?parent=19041"}],"curies":[{"name":"wp","href":"https:\/\/api.w.org\/{rel}","templated":true}]}}