{"id":19119,"date":"2025-07-04T13:09:19","date_gmt":"2025-07-04T13:09:19","guid":{"rendered":"https:\/\/vansichen.be\/?page_id=19119"},"modified":"2025-07-04T13:32:32","modified_gmt":"2025-07-04T13:32:32","slug":"moteurs-lineaires","status":"publish","type":"page","link":"https:\/\/vansichen.be\/fr\/composants-lineaires-standard\/hiwin-moteurs-variateurs\/moteurs-lineaires\/","title":{"rendered":"Moteurs lineaires"},"content":{"rendered":"<div class=\"wpb-content-wrapper\"><p>[vc_row][vc_column width=\u00a0\u00bb2\/3&Prime;][vc_custom_heading text=\u00a0\u00bbMOTEURS LINEAIRES\u00a0\u00bb font_container=\u00a0\u00bbtag:h1|font_size:53px|text_align:left|color:%23e6007e\u00a0\u00bb google_fonts=\u00a0\u00bbfont_family:Source%20Sans%20Pro%3A200%2C200italic%2C300%2C300italic%2Cregular%2Citalic%2C600%2C600italic%2C700%2C700italic%2C900%2C900italic|font_style:900%20bold%20regular%3A900%3Anormal\u00a0\u00bb css=\u00a0\u00bb\u00a0\u00bb][vc_column_text css=\u00a0\u00bb\u00a0\u00bb]Outre les axes lin\u00e9aires motoris\u00e9s et les syst\u00e8mes d\u2019axes lin\u00e9aires complets, HIWIN propose aussi des composants individuels pour moteurs lin\u00e9aires pour personnaliser l\u2019architecture des axes. Les moteurs lin\u00e9aires se composent d\u2019un \u00e9tage primaire (le forcer) \u00e9quip\u00e9 des bobinages, et de pistes \u00e9quip\u00e9es d\u2019aimants permanents (les stators). La combinaison de plusieurs stators permet de r\u00e9aliser des courses de translation d\u2019une longueur quelconque. De m\u00eame, plusieurs forcer peuvent \u00eatre exploit\u00e9s sur un m\u00eame axe lin\u00e9aire motoris\u00e9. Ils peuvent \u00eatre excit\u00e9s sur l\u2019axe ind\u00e9pendamment les uns des autres, ou \u00eatre connect\u00e9s en parall\u00e8le pour accro\u00eetre la force d\u2019avance.[\/vc_column_text][vc_custom_heading text=\u00a0\u00bbPARTENAIRE\u00a0\u00bb font_container=\u00a0\u00bbtag:h2|font_size:20px|text_align:left|color:%23e6007e\u00a0\u00bb google_fonts=\u00a0\u00bbfont_family:Source%20Sans%20Pro%3A200%2C200italic%2C300%2C300italic%2Cregular%2Citalic%2C600%2C600italic%2C700%2C700italic%2C900%2C900italic|font_style:900%20bold%20regular%3A900%3Anormal\u00a0\u00bb css=\u00a0\u00bb\u00a0\u00bb][vc_row_inner el_class=\u00a0\u00bbpartners\u00a0\u00bb][vc_column_inner width=\u00a0\u00bb1\/3&Prime;][vc_single_image image=\u00a0\u00bb4219&Prime; img_size=\u00a0\u00bbfull\u00a0\u00bb onclick=\u00a0\u00bbcustom_link\u00a0\u00bb img_link_target=\u00a0\u00bb_blank\u00a0\u00bb link=\u00a0\u00bbhttps:\/\/www.hiwin.de\/de\/\u00a0\u00bb][\/vc_column_inner][vc_column_inner width=\u00a0\u00bb1\/3&Prime;][\/vc_column_inner][vc_column_inner width=\u00a0\u00bb1\/3&Prime;][\/vc_column_inner][\/vc_row_inner][\/vc_column][vc_column width=\u00a0\u00bb1\/3&Prime;][vc_widget_sidebar sidebar_id=\u00a0\u00bbtop-area-1&Prime;][\/vc_column][\/vc_row][vc_row][vc_column][vc_separator color=\u00a0\u00bbcustom\u00a0\u00bb border_width=\u00a0\u00bb2&Prime; css=\u00a0\u00bb\u00a0\u00bb accent_color=\u00a0\u00bb#E6007E\u00a0\u00bb][\/vc_column][\/vc_row][vc_row][vc_column width=\u00a0\u00bb2\/3&Prime;][vc_custom_heading text=\u00a0\u00bbLMSA\u00a0\u00bb font_container=\u00a0\u00bbtag:h2|font_size:20px|text_align:left|color:%23E6007E\u00a0\u00bb google_fonts=\u00a0\u00bbfont_family:Source%20Sans%20Pro%3A200%2C200italic%2C300%2C300italic%2Cregular%2Citalic%2C600%2C600italic%2C700%2C700italic%2C900%2C900italic|font_style:900%20bold%20regular%3A900%3Anormal\u00a0\u00bb css=\u00a0\u00bb\u00a0\u00bb][vc_column_text css=\u00a0\u00bb\u00a0\u00bb]Parmi les entra\u00eenements lin\u00e9aires, les moteurs lin\u00e9aires synchrones HIWIN LMSA sont des packs aussi puissants que compacts. Les moteurs lin\u00e9aires de la s\u00e9rie LMSA se distinguent par leur extr\u00eame densit\u00e9 de force et par leur construction tr\u00e8s plate. Vu la faible masse du moteur, les entra\u00eenements peuvent \u00eatre exploit\u00e9s de mani\u00e8re hautement dynamique. L\u2019agencement optimis\u00e9 des aimants permanents du stator permet d\u2019obtenir un haut niveau de synchronisation. Les avantages des moteurs lin\u00e9aires LMSA en font le premier choix pour les applications d&rsquo;automatisation et de manutention.[\/vc_column_text][vc_custom_heading text=\u00a0\u00bbLIENS\u00a0\u00bb font_container=\u00a0\u00bbtag:h2|font_size:20px|text_align:left|color:%23e6007e\u00a0\u00bb google_fonts=\u00a0\u00bbfont_family:Source%20Sans%20Pro%3A200%2C200italic%2C300%2C300italic%2Cregular%2Citalic%2C600%2C600italic%2C700%2C700italic%2C900%2C900italic|font_style:900%20bold%20regular%3A900%3Anormal\u00a0\u00bb css=\u00a0\u00bb\u00a0\u00bb][vc_column_text css=\u00a0\u00bb\u00a0\u00bb el_class=\u00a0\u00bblinks\u00a0\u00bb]<a href=\"https:\/\/www.hiwin.de\/fr\/Producten\/Lineairmotoren\/Lineairmotoren-LMSA\/c\/4709\" target=\"_blank\" rel=\"noopener\">APERCU DES PRODUITS<\/a>[\/vc_column_text][\/vc_column][vc_column width=\u00a0\u00bb1\/3&Prime;][vc_single_image image=\u00a0\u00bb19279&Prime; img_size=\u00a0\u00bbfull\u00a0\u00bb onclick=\u00a0\u00bblink_image\u00a0\u00bb css=\u00a0\u00bb\u00a0\u00bb][\/vc_column][\/vc_row][vc_row][vc_column][vc_separator color=\u00a0\u00bbcustom\u00a0\u00bb border_width=\u00a0\u00bb2&Prime; css=\u00a0\u00bb\u00a0\u00bb accent_color=\u00a0\u00bb#E6007E\u00a0\u00bb][\/vc_column][\/vc_row][vc_row][vc_column width=\u00a0\u00bb2\/3&Prime;][vc_custom_heading text=\u00a0\u00bbLMFA\u00a0\u00bb font_container=\u00a0\u00bbtag:h2|font_size:20px|text_align:left|color:%23E6007E\u00a0\u00bb google_fonts=\u00a0\u00bbfont_family:Source%20Sans%20Pro%3A200%2C200italic%2C300%2C300italic%2Cregular%2Citalic%2C600%2C600italic%2C700%2C700italic%2C900%2C900italic|font_style:900%20bold%20regular%3A900%3Anormal\u00a0\u00bb css=\u00a0\u00bb\u00a0\u00bb][vc_column_text css=\u00a0\u00bb\u00a0\u00bb]Parmi les entra\u00eenements lin\u00e9aires, les moteurs lin\u00e9aires synchrones HIWIN LMFA sont des packs de puissance refroidis. Ces moteurs certifi\u00e9s UL sont \u00e9quip\u00e9s d\u2019un syst\u00e8me de refroidissement hautement efficace. Cela permet d\u2019une part des forces permanentes encore plus \u00e9lev\u00e9es, d\u2019autre le refroidissement forc\u00e9 n\u2019injecte aucune chaleur processuelle suppl\u00e9mentaire dans la structure de la machine. Les Les moteurs lin\u00e9aires de la s\u00e9rie LMFA atteignent des forces de pouss\u00e9e et des acc\u00e9l\u00e9rations extr\u00eamement \u00e9lev\u00e9es. Les avantages des moteurs lin\u00e9aires LMFA font d\u2019eux le premier choix dans les domaines incluant de tr\u00e8s fortes charges ainsi que dans les applications o\u00f9 aucune chaleur processuelle suppl\u00e9mentaire ne doit p\u00e9n\u00e9trer dans le machinisme.[\/vc_column_text][vc_custom_heading text=\u00a0\u00bbLIENS\u00a0\u00bb font_container=\u00a0\u00bbtag:h2|font_size:20px|text_align:left|color:%23e6007e\u00a0\u00bb google_fonts=\u00a0\u00bbfont_family:Source%20Sans%20Pro%3A200%2C200italic%2C300%2C300italic%2Cregular%2Citalic%2C600%2C600italic%2C700%2C700italic%2C900%2C900italic|font_style:900%20bold%20regular%3A900%3Anormal\u00a0\u00bb css=\u00a0\u00bb\u00a0\u00bb][vc_column_text css=\u00a0\u00bb\u00a0\u00bb el_class=\u00a0\u00bblinks\u00a0\u00bb]<a href=\"https:\/\/www.hiwin.de\/nl\/Producten\/Lineairmotoren\/Lineairmotoren-LMFA\/c\/4711\" target=\"_blank\" rel=\"noopener\">APERCU DES PRODUITS<\/a>[\/vc_column_text][\/vc_column][vc_column width=\u00a0\u00bb1\/3&Prime;][vc_single_image image=\u00a0\u00bb19271&Prime; img_size=\u00a0\u00bbfull\u00a0\u00bb onclick=\u00a0\u00bblink_image\u00a0\u00bb css=\u00a0\u00bb\u00a0\u00bb][\/vc_column][\/vc_row][vc_row][vc_column][vc_separator color=\u00a0\u00bbcustom\u00a0\u00bb border_width=\u00a0\u00bb2&Prime; css=\u00a0\u00bb\u00a0\u00bb accent_color=\u00a0\u00bb#E6007E\u00a0\u00bb][\/vc_column][\/vc_row][vc_row][vc_column width=\u00a0\u00bb2\/3&Prime;][vc_custom_heading text=\u00a0\u00bbLMC\u00a0\u00bb font_container=\u00a0\u00bbtag:h2|font_size:20px|text_align:left|color:%23E6007E\u00a0\u00bb google_fonts=\u00a0\u00bbfont_family:Source%20Sans%20Pro%3A200%2C200italic%2C300%2C300italic%2Cregular%2Citalic%2C600%2C600italic%2C700%2C700italic%2C900%2C900italic|font_style:900%20bold%20regular%3A900%3Anormal\u00a0\u00bb css=\u00a0\u00bb\u00a0\u00bb][vc_column_text css=\u00a0\u00bb\u00a0\u00bb]Parmi les entra\u00eenements lin\u00e9aires, les moteurs lin\u00e9aires synchrones HIWIN LMC sont des sprinteurs dynamiques. Gr\u00e2ce au forcer l\u00e9ger et sans armature fer, \u00e0 la g\u00e9om\u00e9trie en U du stator \u00e0 aimants se faisant face, aucun couple de crantage n\u2019appara\u00eet entre le forcer et le stator, et aucune force d\u2019attraction magn\u00e9tique n\u2019est communiqu\u00e9e au syst\u00e8me de guidage.\u00a0 Les moteurs lin\u00e9aires de la s\u00e9rie LMC parviennent par cons\u00e9quent \u00e0 un niveau de synchronisation extr\u00eamement \u00e9lev\u00e9 et, vu la masse minime du forcer, \u00e0 des acc\u00e9l\u00e9rations extr\u00eames. En raison du haut niveau de synchronisation offert par les moteurs LMC, ils sont en outre pr\u00e9destin\u00e9s \u00e0 l\u2019emploi dans des machines de contr\u00f4le, d\u2019essai et de m\u00e9trologie.[\/vc_column_text][vc_custom_heading text=\u00a0\u00bbLIENS\u00a0\u00bb font_container=\u00a0\u00bbtag:h2|font_size:20px|text_align:left|color:%23e6007e\u00a0\u00bb google_fonts=\u00a0\u00bbfont_family:Source%20Sans%20Pro%3A200%2C200italic%2C300%2C300italic%2Cregular%2Citalic%2C600%2C600italic%2C700%2C700italic%2C900%2C900italic|font_style:900%20bold%20regular%3A900%3Anormal\u00a0\u00bb css=\u00a0\u00bb\u00a0\u00bb][vc_column_text css=\u00a0\u00bb\u00a0\u00bb el_class=\u00a0\u00bblinks\u00a0\u00bb]<a href=\"https:\/\/www.hiwin.de\/fr\/Producten\/Lineairmotoren\/Lineairmotoren-LMC\/c\/4712\" target=\"_blank\" rel=\"noopener\">APERCU DES PRODUITS<\/a>[\/vc_column_text][\/vc_column][vc_column width=\u00a0\u00bb1\/3&Prime;][vc_single_image image=\u00a0\u00bb19267&Prime; img_size=\u00a0\u00bbfull\u00a0\u00bb onclick=\u00a0\u00bblink_image\u00a0\u00bb css=\u00a0\u00bb\u00a0\u00bb][\/vc_column][\/vc_row][vc_row][vc_column][vc_separator color=\u00a0\u00bbcustom\u00a0\u00bb border_width=\u00a0\u00bb2&Prime; css=\u00a0\u00bb\u00a0\u00bb accent_color=\u00a0\u00bb#E6007E\u00a0\u00bb][\/vc_column][\/vc_row][vc_row][vc_column width=\u00a0\u00bb2\/3&Prime;][vc_custom_heading text=\u00a0\u00bbLMFP\u00a0\u00bb font_container=\u00a0\u00bbtag:h2|font_size:20px|text_align:left|color:%23E6007E\u00a0\u00bb google_fonts=\u00a0\u00bbfont_family:Source%20Sans%20Pro%3A200%2C200italic%2C300%2C300italic%2Cregular%2Citalic%2C600%2C600italic%2C700%2C700italic%2C900%2C900italic|font_style:900%20bold%20regular%3A900%3Anormal\u00a0\u00bb css=\u00a0\u00bb\u00a0\u00bb][vc_column_text css=\u00a0\u00bb\u00a0\u00bb]Les moteurs lin\u00e9aires synchrones HIWIN de la s\u00e9rie LMFP sont bas\u00e9s sur la s\u00e9rie LMFA et se partagent donc la plupart de leurs propri\u00e9t\u00e9s. Ils atteignent des forces continues \u00e9lev\u00e9es, des forces de pouss\u00e9e et des acc\u00e9l\u00e9rations extr\u00eamement \u00e9lev\u00e9es et n\u2019am\u00e8nent aucune chaleur de processus suppl\u00e9mentaire dans le syst\u00e8me gr\u00e2ce au refroidissement liquide. L&rsquo;avantage d\u00e9cisif de la s\u00e9rie LMFP par rapport \u00e0 la s\u00e9rie LMFA r\u00e9side dans sa construction enti\u00e8rement soufflet de protection, qui r\u00e9pond aux exigences de l&rsquo;indice de protection IP65. Les moteurs lin\u00e9aires LMFP sont donc le premier choix pour les applications o\u00f9 des charges tr\u00e8s \u00e9lev\u00e9es sont associ\u00e9es \u00e0 des conditions ambiantes difficiles avec des liquides ou de la poussi\u00e8re.[\/vc_column_text][vc_custom_heading text=\u00a0\u00bbLIENS\u00a0\u00bb font_container=\u00a0\u00bbtag:h2|font_size:20px|text_align:left|color:%23e6007e\u00a0\u00bb google_fonts=\u00a0\u00bbfont_family:Source%20Sans%20Pro%3A200%2C200italic%2C300%2C300italic%2Cregular%2Citalic%2C600%2C600italic%2C700%2C700italic%2C900%2C900italic|font_style:900%20bold%20regular%3A900%3Anormal\u00a0\u00bb css=\u00a0\u00bb\u00a0\u00bb][vc_column_text css=\u00a0\u00bb\u00a0\u00bb el_class=\u00a0\u00bblinks\u00a0\u00bb]<a href=\"https:\/\/www.hiwin.de\/fr\/Producten\/Lineairmotoren\/Lineairmotoren-LMFP\/c\/5075\" target=\"_blank\" rel=\"noopener\">APERCU DES PRODUITS<\/a>[\/vc_column_text][\/vc_column][vc_column width=\u00a0\u00bb1\/3&Prime;][vc_single_image image=\u00a0\u00bb19275&Prime; img_size=\u00a0\u00bbfull\u00a0\u00bb onclick=\u00a0\u00bblink_image\u00a0\u00bb css=\u00a0\u00bb\u00a0\u00bb][\/vc_column][\/vc_row][vc_row][vc_column][vc_separator color=\u00a0\u00bbcustom\u00a0\u00bb border_width=\u00a0\u00bb2&Prime; css=\u00a0\u00bb\u00a0\u00bb accent_color=\u00a0\u00bb#E6007E\u00a0\u00bb][\/vc_column][\/vc_row][vc_row][vc_column width=\u00a0\u00bb2\/3&Prime;][vc_custom_heading text=\u00a0\u00bbACCESSOIRES MOTEURS LINEAIRES\u00a0\u00bb font_container=\u00a0\u00bbtag:h2|font_size:20px|text_align:left|color:%23E6007E\u00a0\u00bb google_fonts=\u00a0\u00bbfont_family:Source%20Sans%20Pro%3A200%2C200italic%2C300%2C300italic%2Cregular%2Citalic%2C600%2C600italic%2C700%2C700italic%2C900%2C900italic|font_style:900%20bold%20regular%3A900%3Anormal\u00a0\u00bb css=\u00a0\u00bb\u00a0\u00bb][vc_column_text css=\u00a0\u00bb\u00a0\u00bb el_class=\u00a0\u00bblinks\u00a0\u00bb]<a href=\"https:\/\/www.hiwin.de\/fr\/Producten\/Lineairmotoren\/Toebehoren-lineairmotoren\/c\/4713\" target=\"_blank\" rel=\"noopener\">ACCESSOIRES<\/a>[\/vc_column_text][\/vc_column][vc_column width=\u00a0\u00bb1\/3&Prime;][vc_single_image image=\u00a0\u00bb19283&Prime; img_size=\u00a0\u00bbfull\u00a0\u00bb onclick=\u00a0\u00bblink_image\u00a0\u00bb css=\u00a0\u00bb\u00a0\u00bb][\/vc_column][\/vc_row][vc_row disable_element=\u00a0\u00bbyes\u00a0\u00bb el_class=\u00a0\u00bbdownloads\u00a0\u00bb][vc_column][vc_custom_heading text=\u00a0\u00bbDOWNLOADS\u00a0\u00bb font_container=\u00a0\u00bbtag:h2|font_size:20px|text_align:left|color:%23e6007e\u00a0\u00bb google_fonts=\u00a0\u00bbfont_family:Source%20Sans%20Pro%3A200%2C200italic%2C300%2C300italic%2Cregular%2Citalic%2C600%2C600italic%2C700%2C700italic%2C900%2C900italic|font_style:900%20bold%20regular%3A900%3Anormal\u00a0\u00bb][vc_column_text]<a href=\"https:\/\/vansichen.be\/wp-content\/uploads\/2021\/04\/Hiwin-main-modules-ENG.pdf\" target=\"_blank\" rel=\"noopener noreferrer\">Catalogus HIWIN<\/a><br \/>\n<a href=\"https:\/\/vansichen.be\/wp-content\/uploads\/2021\/04\/Assembly-Hiwin-Belt-modules-ENG.pdf\" target=\"_blank\" rel=\"noopener noreferrer\">Assembly Hiwin Belt modules<\/a><br \/>\n<a href=\"https:\/\/vansichen.be\/wp-content\/uploads\/2021\/04\/Assembly-Hiwin-Spindle-modules-ENG.pdf\" target=\"_blank\" rel=\"noopener noreferrer\">Assembly Hiwin Spindle modules<\/a>[\/vc_column_text][\/vc_column][\/vc_row][vc_row disable_element=\u00a0\u00bbyes\u00a0\u00bb][vc_column][vc_gallery type=\u00a0\u00bbimage_grid\u00a0\u00bb images=\u00a0\u00bb685,689,693&Prime; img_size=\u00a0\u00bbfull\u00a0\u00bb el_class=\u00a0\u00bbhover-gallery\u00a0\u00bb][\/vc_column][\/vc_row]<\/p>\n<\/div>","protected":false},"excerpt":{"rendered":"<p>[vc_row][vc_column width=\u00a0\u00bb2\/3&Prime;][vc_custom_heading text=\u00a0\u00bbMOTEURS LINEAIRES\u00a0\u00bb font_container=\u00a0\u00bbtag:h1|font_size:53px|text_align:left|color:%23e6007e\u00a0\u00bb google_fonts=\u00a0\u00bbfont_family:Source%20Sans%20Pro%3A200%2C200italic%2C300%2C300italic%2Cregular%2Citalic%2C600%2C600italic%2C700%2C700italic%2C900%2C900italic|font_style:900%20bold%20regular%3A900%3Anormal\u00a0\u00bb css=\u00a0\u00bb\u00a0\u00bb][vc_column_text css=\u00a0\u00bb\u00a0\u00bb]Outre les axes lin\u00e9aires motoris\u00e9s et les syst\u00e8mes d\u2019axes lin\u00e9aires complets, HIWIN propose<span class=\"excerpt-hellip\"> [\u2026]<\/span><\/p>\n","protected":false},"author":4,"featured_media":0,"parent":19075,"menu_order":0,"comment_status":"closed","ping_status":"closed","template":"","meta":{"inline_featured_image":false,"footnotes":""},"class_list":["post-19119","page","type-page","status-publish","hentry"],"yoast_head":"<!-- This site is optimized with the Yoast SEO plugin v26.8 - https:\/\/yoast.com\/product\/yoast-seo-wordpress\/ -->\n<title>Moteurs lineaires - Hiwin moteurs &amp; variateurs - Vansichen Linear Technology<\/title>\n<meta name=\"description\" content=\"Outre les axes lin\u00e9aires motoris\u00e9s et les syst\u00e8mes complets, HIWIN propose aussi des composants individuels pour moteurs lineaires.\" \/>\n<meta name=\"robots\" content=\"index, follow, max-snippet:-1, max-image-preview:large, max-video-preview:-1\" \/>\n<link rel=\"canonical\" href=\"https:\/\/vansichen.be\/fr\/composants-lineaires-standard\/hiwin-moteurs-variateurs\/moteurs-lineaires\/\" \/>\n<meta property=\"og:locale\" content=\"fr_FR\" \/>\n<meta property=\"og:type\" content=\"article\" \/>\n<meta property=\"og:title\" content=\"Moteurs lineaires - Hiwin moteurs &amp; variateurs - Vansichen Linear Technology\" \/>\n<meta property=\"og:description\" content=\"Outre les axes lin\u00e9aires motoris\u00e9s et les syst\u00e8mes complets, HIWIN propose aussi des composants individuels pour moteurs lineaires.\" \/>\n<meta property=\"og:url\" content=\"https:\/\/vansichen.be\/fr\/composants-lineaires-standard\/hiwin-moteurs-variateurs\/moteurs-lineaires\/\" \/>\n<meta property=\"og:site_name\" content=\"Vansichen Linear Technology\" \/>\n<meta property=\"article:modified_time\" content=\"2025-07-04T13:32:32+00:00\" \/>\n<meta name=\"twitter:card\" content=\"summary_large_image\" \/>\n<meta name=\"twitter:label1\" content=\"Dur\u00e9e de lecture estim\u00e9e\" \/>\n\t<meta name=\"twitter:data1\" content=\"6 minutes\" \/>\n<script type=\"application\/ld+json\" class=\"yoast-schema-graph\">{\"@context\":\"https:\/\/schema.org\",\"@graph\":[{\"@type\":\"WebPage\",\"@id\":\"https:\/\/vansichen.be\/fr\/composants-lineaires-standard\/hiwin-moteurs-variateurs\/moteurs-lineaires\/\",\"url\":\"https:\/\/vansichen.be\/fr\/composants-lineaires-standard\/hiwin-moteurs-variateurs\/moteurs-lineaires\/\",\"name\":\"Moteurs lineaires - Hiwin moteurs & variateurs - Vansichen Linear Technology\",\"isPartOf\":{\"@id\":\"https:\/\/vansichen.be\/de\/#website\"},\"datePublished\":\"2025-07-04T13:09:19+00:00\",\"dateModified\":\"2025-07-04T13:32:32+00:00\",\"description\":\"Outre les axes lin\u00e9aires motoris\u00e9s et les syst\u00e8mes complets, HIWIN propose aussi des composants individuels pour moteurs lineaires.\",\"breadcrumb\":{\"@id\":\"https:\/\/vansichen.be\/fr\/composants-lineaires-standard\/hiwin-moteurs-variateurs\/moteurs-lineaires\/#breadcrumb\"},\"inLanguage\":\"fr-FR\",\"potentialAction\":[{\"@type\":\"ReadAction\",\"target\":[\"https:\/\/vansichen.be\/fr\/composants-lineaires-standard\/hiwin-moteurs-variateurs\/moteurs-lineaires\/\"]}]},{\"@type\":\"BreadcrumbList\",\"@id\":\"https:\/\/vansichen.be\/fr\/composants-lineaires-standard\/hiwin-moteurs-variateurs\/moteurs-lineaires\/#breadcrumb\",\"itemListElement\":[{\"@type\":\"ListItem\",\"position\":1,\"name\":\"Home\",\"item\":\"https:\/\/vansichen.be\/fr\/\"},{\"@type\":\"ListItem\",\"position\":2,\"name\":\"Composants lin\u00e9aires standard\",\"item\":\"https:\/\/vansichen.be\/fr\/composants-lineaires-standard\/\"},{\"@type\":\"ListItem\",\"position\":3,\"name\":\"Hiwin moteurs &#038; variateurs\",\"item\":\"https:\/\/vansichen.be\/fr\/composants-lineaires-standard\/hiwin-moteurs-variateurs\/\"},{\"@type\":\"ListItem\",\"position\":4,\"name\":\"Moteurs lineaires\"}]},{\"@type\":\"WebSite\",\"@id\":\"https:\/\/vansichen.be\/de\/#website\",\"url\":\"https:\/\/vansichen.be\/de\/\",\"name\":\"Vansichen Linear Technology\",\"description\":\"\",\"publisher\":{\"@id\":\"https:\/\/vansichen.be\/de\/#organization\"},\"potentialAction\":[{\"@type\":\"SearchAction\",\"target\":{\"@type\":\"EntryPoint\",\"urlTemplate\":\"https:\/\/vansichen.be\/de\/?s={search_term_string}\"},\"query-input\":{\"@type\":\"PropertyValueSpecification\",\"valueRequired\":true,\"valueName\":\"search_term_string\"}}],\"inLanguage\":\"fr-FR\"},{\"@type\":\"Organization\",\"@id\":\"https:\/\/vansichen.be\/de\/#organization\",\"name\":\"Vansichen Linear Technology\",\"url\":\"https:\/\/vansichen.be\/de\/\",\"logo\":{\"@type\":\"ImageObject\",\"inLanguage\":\"fr-FR\",\"@id\":\"https:\/\/vansichen.be\/de\/#\/schema\/logo\/image\/\",\"url\":\"https:\/\/vansichen.be\/wp-content\/uploads\/2020\/03\/Vansichen_home_2020_4.png\",\"contentUrl\":\"https:\/\/vansichen.be\/wp-content\/uploads\/2020\/03\/Vansichen_home_2020_4.png\",\"width\":260,\"height\":44,\"caption\":\"Vansichen Linear Technology\"},\"image\":{\"@id\":\"https:\/\/vansichen.be\/de\/#\/schema\/logo\/image\/\"}}]}<\/script>\n<!-- \/ Yoast SEO plugin. -->","yoast_head_json":{"title":"Moteurs lineaires - Hiwin moteurs & variateurs - Vansichen Linear Technology","description":"Outre les axes lin\u00e9aires motoris\u00e9s et les syst\u00e8mes complets, HIWIN propose aussi des composants individuels pour moteurs lineaires.","robots":{"index":"index","follow":"follow","max-snippet":"max-snippet:-1","max-image-preview":"max-image-preview:large","max-video-preview":"max-video-preview:-1"},"canonical":"https:\/\/vansichen.be\/fr\/composants-lineaires-standard\/hiwin-moteurs-variateurs\/moteurs-lineaires\/","og_locale":"fr_FR","og_type":"article","og_title":"Moteurs lineaires - Hiwin moteurs & variateurs - Vansichen Linear Technology","og_description":"Outre les axes lin\u00e9aires motoris\u00e9s et les syst\u00e8mes complets, HIWIN propose aussi des composants individuels pour moteurs lineaires.","og_url":"https:\/\/vansichen.be\/fr\/composants-lineaires-standard\/hiwin-moteurs-variateurs\/moteurs-lineaires\/","og_site_name":"Vansichen Linear Technology","article_modified_time":"2025-07-04T13:32:32+00:00","twitter_card":"summary_large_image","twitter_misc":{"Dur\u00e9e de lecture estim\u00e9e":"6 minutes"},"schema":{"@context":"https:\/\/schema.org","@graph":[{"@type":"WebPage","@id":"https:\/\/vansichen.be\/fr\/composants-lineaires-standard\/hiwin-moteurs-variateurs\/moteurs-lineaires\/","url":"https:\/\/vansichen.be\/fr\/composants-lineaires-standard\/hiwin-moteurs-variateurs\/moteurs-lineaires\/","name":"Moteurs lineaires - Hiwin moteurs & variateurs - Vansichen Linear Technology","isPartOf":{"@id":"https:\/\/vansichen.be\/de\/#website"},"datePublished":"2025-07-04T13:09:19+00:00","dateModified":"2025-07-04T13:32:32+00:00","description":"Outre les axes lin\u00e9aires motoris\u00e9s et les syst\u00e8mes complets, HIWIN propose aussi des composants individuels pour moteurs lineaires.","breadcrumb":{"@id":"https:\/\/vansichen.be\/fr\/composants-lineaires-standard\/hiwin-moteurs-variateurs\/moteurs-lineaires\/#breadcrumb"},"inLanguage":"fr-FR","potentialAction":[{"@type":"ReadAction","target":["https:\/\/vansichen.be\/fr\/composants-lineaires-standard\/hiwin-moteurs-variateurs\/moteurs-lineaires\/"]}]},{"@type":"BreadcrumbList","@id":"https:\/\/vansichen.be\/fr\/composants-lineaires-standard\/hiwin-moteurs-variateurs\/moteurs-lineaires\/#breadcrumb","itemListElement":[{"@type":"ListItem","position":1,"name":"Home","item":"https:\/\/vansichen.be\/fr\/"},{"@type":"ListItem","position":2,"name":"Composants lin\u00e9aires standard","item":"https:\/\/vansichen.be\/fr\/composants-lineaires-standard\/"},{"@type":"ListItem","position":3,"name":"Hiwin moteurs &#038; variateurs","item":"https:\/\/vansichen.be\/fr\/composants-lineaires-standard\/hiwin-moteurs-variateurs\/"},{"@type":"ListItem","position":4,"name":"Moteurs lineaires"}]},{"@type":"WebSite","@id":"https:\/\/vansichen.be\/de\/#website","url":"https:\/\/vansichen.be\/de\/","name":"Vansichen Linear Technology","description":"","publisher":{"@id":"https:\/\/vansichen.be\/de\/#organization"},"potentialAction":[{"@type":"SearchAction","target":{"@type":"EntryPoint","urlTemplate":"https:\/\/vansichen.be\/de\/?s={search_term_string}"},"query-input":{"@type":"PropertyValueSpecification","valueRequired":true,"valueName":"search_term_string"}}],"inLanguage":"fr-FR"},{"@type":"Organization","@id":"https:\/\/vansichen.be\/de\/#organization","name":"Vansichen Linear Technology","url":"https:\/\/vansichen.be\/de\/","logo":{"@type":"ImageObject","inLanguage":"fr-FR","@id":"https:\/\/vansichen.be\/de\/#\/schema\/logo\/image\/","url":"https:\/\/vansichen.be\/wp-content\/uploads\/2020\/03\/Vansichen_home_2020_4.png","contentUrl":"https:\/\/vansichen.be\/wp-content\/uploads\/2020\/03\/Vansichen_home_2020_4.png","width":260,"height":44,"caption":"Vansichen Linear Technology"},"image":{"@id":"https:\/\/vansichen.be\/de\/#\/schema\/logo\/image\/"}}]}},"_links":{"self":[{"href":"https:\/\/vansichen.be\/fr\/wp-json\/wp\/v2\/pages\/19119","targetHints":{"allow":["GET"]}}],"collection":[{"href":"https:\/\/vansichen.be\/fr\/wp-json\/wp\/v2\/pages"}],"about":[{"href":"https:\/\/vansichen.be\/fr\/wp-json\/wp\/v2\/types\/page"}],"author":[{"embeddable":true,"href":"https:\/\/vansichen.be\/fr\/wp-json\/wp\/v2\/users\/4"}],"replies":[{"embeddable":true,"href":"https:\/\/vansichen.be\/fr\/wp-json\/wp\/v2\/comments?post=19119"}],"version-history":[{"count":5,"href":"https:\/\/vansichen.be\/fr\/wp-json\/wp\/v2\/pages\/19119\/revisions"}],"predecessor-version":[{"id":19490,"href":"https:\/\/vansichen.be\/fr\/wp-json\/wp\/v2\/pages\/19119\/revisions\/19490"}],"up":[{"embeddable":true,"href":"https:\/\/vansichen.be\/fr\/wp-json\/wp\/v2\/pages\/19075"}],"wp:attachment":[{"href":"https:\/\/vansichen.be\/fr\/wp-json\/wp\/v2\/media?parent=19119"}],"curies":[{"name":"wp","href":"https:\/\/api.w.org\/{rel}","templated":true}]}}