{"id":19166,"date":"2025-07-04T14:39:41","date_gmt":"2025-07-04T14:39:41","guid":{"rendered":"https:\/\/vansichen.be\/?page_id=19166"},"modified":"2025-07-04T14:39:42","modified_gmt":"2025-07-04T14:39:42","slug":"gantry-systemes-de-precision","status":"publish","type":"page","link":"https:\/\/vansichen.be\/fr\/systemes-lineaires\/gantry-systemes-de-precision","title":{"rendered":"Gantry syst\u00e8mes de pr\u00e9cision"},"content":{"rendered":"<div class=\"wpb-content-wrapper\"><p>[vc_row][vc_column][vc_custom_heading text=\u00a0\u00bbGANTRY AXES DE PRECISION &#038; SYSTEMES DE PRECISION\u00a0\u00bb font_container=\u00a0\u00bbtag:h1|font_size:53px|text_align:left|color:%23e6007e\u00a0\u00bb google_fonts=\u00a0\u00bbfont_family:Source%20Sans%20Pro%3A200%2C200italic%2C300%2C300italic%2Cregular%2Citalic%2C600%2C600italic%2C700%2C700italic%2C900%2C900italic|font_style:900%20bold%20regular%3A900%3Anormal\u00a0\u00bb css=\u00a0\u00bb\u00a0\u00bb][\/vc_column][\/vc_row][vc_row][vc_column width=\u00a0\u00bb2\/3&Prime;][vc_column_text css=\u00a0\u00bb\u00a0\u00bb]Un maximum de pr\u00e9cision caract\u00e9rise les HIWN axes et syst\u00e8mes de pr\u00e9cision. La mesure de d\u00e9placement \u00e0 haute r\u00e9solution permet d&rsquo;obtenir des r\u00e9p\u00e9titions de \u00b10,05 \u00b5m. Gr\u00e2ce \u00e0 cette grande pr\u00e9cision, nos syst\u00e8mes conviennent aux applications dans l&rsquo;industrie des semi-conducteurs ainsi que dans la technique m\u00e9dicale et de mesure. Des versions standardis\u00e9es sont disponibles, que nous pouvons personnaliser de mani\u00e8re modulaire en fonction de vos exigences. Les avantages : des temps de d\u00e9veloppement r\u00e9duits, une \u00e9laboration rapide de l&rsquo;offre et des d\u00e9lais de livraison courts.<\/p>\n<p>Pour plus d&rsquo;informations, veuillez <a href=\"\/fr\/nous-contacter\/\">nous contacter<\/a>, nos ing\u00e9nieurs d&rsquo;application seront heureux de vous aider.[\/vc_column_text][vc_single_image image=\u00a0\u00bb19219&Prime; img_size=\u00a0\u00bbmedium\u00a0\u00bb onclick=\u00a0\u00bblink_image\u00a0\u00bb css=\u00a0\u00bb\u00a0\u00bb][vc_custom_heading text=\u00a0\u00bbPARTENAIRE\u00a0\u00bb font_container=\u00a0\u00bbtag:h2|font_size:20px|text_align:left|color:%23e6007e\u00a0\u00bb google_fonts=\u00a0\u00bbfont_family:Source%20Sans%20Pro%3A200%2C200italic%2C300%2C300italic%2Cregular%2Citalic%2C600%2C600italic%2C700%2C700italic%2C900%2C900italic|font_style:900%20bold%20regular%3A900%3Anormal\u00a0\u00bb css=\u00a0\u00bb\u00a0\u00bb][vc_row_inner el_class=\u00a0\u00bbpartners\u00a0\u00bb][vc_column_inner width=\u00a0\u00bb1\/3&Prime;][vc_single_image image=\u00a0\u00bb4219&Prime; img_size=\u00a0\u00bbfull\u00a0\u00bb onclick=\u00a0\u00bbcustom_link\u00a0\u00bb img_link_target=\u00a0\u00bb_blank\u00a0\u00bb link=\u00a0\u00bbhttps:\/\/www.hiwin.de\/de\/\u00a0\u00bb][\/vc_column_inner][vc_column_inner width=\u00a0\u00bb1\/3&Prime;][\/vc_column_inner][vc_column_inner width=\u00a0\u00bb1\/3&Prime;][\/vc_column_inner][\/vc_row_inner][\/vc_column][vc_column width=\u00a0\u00bb1\/3&Prime;][vc_widget_sidebar sidebar_id=\u00a0\u00bbtop-area-1&Prime;][\/vc_column][\/vc_row][vc_row disable_element=\u00a0\u00bbyes\u00a0\u00bb el_class=\u00a0\u00bblinks\u00a0\u00bb][vc_column][vc_custom_heading text=\u00a0\u00bbLINKS\u00a0\u00bb font_container=\u00a0\u00bbtag:h2|font_size:20px|text_align:left|color:%23e6007e\u00a0\u00bb google_fonts=\u00a0\u00bbfont_family:Source%20Sans%20Pro%3A200%2C200italic%2C300%2C300italic%2Cregular%2Citalic%2C600%2C600italic%2C700%2C700italic%2C900%2C900italic|font_style:900%20bold%20regular%3A900%3Anormal\u00a0\u00bb][vc_column_text css=\u00a0\u00bb\u00a0\u00bb]<a href=\"https:\/\/www.hiwin.de\/nl\/tools\/produktkonfiguratoren\" target=\"_blank\" rel=\"noopener noreferrer\">3D-CAD HIWIN<\/a>[\/vc_column_text][\/vc_column][\/vc_row][vc_row disable_element=\u00a0\u00bbyes\u00a0\u00bb el_class=\u00a0\u00bbdownloads\u00a0\u00bb][vc_column][vc_custom_heading text=\u00a0\u00bbDOWNLOADS\u00a0\u00bb font_container=\u00a0\u00bbtag:h2|font_size:20px|text_align:left|color:%23e6007e\u00a0\u00bb google_fonts=\u00a0\u00bbfont_family:Source%20Sans%20Pro%3A200%2C200italic%2C300%2C300italic%2Cregular%2Citalic%2C600%2C600italic%2C700%2C700italic%2C900%2C900italic|font_style:900%20bold%20regular%3A900%3Anormal\u00a0\u00bb][vc_column_text]<a href=\"https:\/\/vansichen.be\/wp-content\/uploads\/2021\/04\/Hiwin-main-modules-ENG.pdf\" target=\"_blank\" rel=\"noopener noreferrer\">Catalogus HIWIN<\/a><br \/>\n<a href=\"https:\/\/vansichen.be\/wp-content\/uploads\/2021\/04\/Assembly-Hiwin-Belt-modules-ENG.pdf\" target=\"_blank\" rel=\"noopener noreferrer\">Assembly Hiwin Belt modules<\/a><br \/>\n<a href=\"https:\/\/vansichen.be\/wp-content\/uploads\/2021\/04\/Assembly-Hiwin-Spindle-modules-ENG.pdf\" target=\"_blank\" rel=\"noopener noreferrer\">Assembly Hiwin Spindle modules<\/a>[\/vc_column_text][\/vc_column][\/vc_row][vc_row disable_element=\u00a0\u00bbyes\u00a0\u00bb][vc_column][vc_gallery type=\u00a0\u00bbimage_grid\u00a0\u00bb images=\u00a0\u00bb19219&Prime; img_size=\u00a0\u00bbfull\u00a0\u00bb css=\u00a0\u00bb\u00a0\u00bb el_class=\u00a0\u00bbhover-gallery\u00a0\u00bb][\/vc_column][\/vc_row]<\/p>\n<\/div>","protected":false},"excerpt":{"rendered":"<p>[vc_row][vc_column][vc_custom_heading text=\u00a0\u00bbGANTRY AXES DE PRECISION &#038; SYSTEMES DE PRECISION\u00a0\u00bb font_container=\u00a0\u00bbtag:h1|font_size:53px|text_align:left|color:%23e6007e\u00a0\u00bb google_fonts=\u00a0\u00bbfont_family:Source%20Sans%20Pro%3A200%2C200italic%2C300%2C300italic%2Cregular%2Citalic%2C600%2C600italic%2C700%2C700italic%2C900%2C900italic|font_style:900%20bold%20regular%3A900%3Anormal\u00a0\u00bb css=\u00a0\u00bb\u00a0\u00bb][\/vc_column][\/vc_row][vc_row][vc_column width=\u00a0\u00bb2\/3&Prime;][vc_column_text css=\u00a0\u00bb\u00a0\u00bb]Un maximum de pr\u00e9cision caract\u00e9rise les HIWN<span class=\"excerpt-hellip\"> [\u2026]<\/span><\/p>\n","protected":false},"author":4,"featured_media":0,"parent":4497,"menu_order":0,"comment_status":"closed","ping_status":"closed","template":"","meta":{"inline_featured_image":false,"footnotes":""},"class_list":["post-19166","page","type-page","status-publish","hentry"],"yoast_head":"<!-- This site is optimized with the Yoast SEO plugin v26.8 - https:\/\/yoast.com\/product\/yoast-seo-wordpress\/ -->\n<title>Gantry syst\u00e8mes de pr\u00e9cision - Vansichen Linear Technology<\/title>\n<meta name=\"description\" content=\"Un maximum de pr\u00e9cision caract\u00e9rise les Gantry syst\u00e8mes de pr\u00e9cision. La mesure de d\u00e9placement permet d&#039;obtenir des r\u00e9p\u00e9titions de \u00b10,05 \u00b5m.\" \/>\n<meta name=\"robots\" content=\"index, follow, max-snippet:-1, max-image-preview:large, max-video-preview:-1\" \/>\n<link rel=\"canonical\" href=\"https:\/\/vansichen.be\/fr\/systemes-lineaires\/gantry-systemes-de-precision\/\" \/>\n<meta property=\"og:locale\" content=\"fr_FR\" \/>\n<meta property=\"og:type\" content=\"article\" \/>\n<meta property=\"og:title\" content=\"Gantry syst\u00e8mes de pr\u00e9cision - Vansichen Linear Technology\" \/>\n<meta property=\"og:description\" content=\"Un maximum de pr\u00e9cision caract\u00e9rise les Gantry syst\u00e8mes de pr\u00e9cision. La mesure de d\u00e9placement permet d&#039;obtenir des r\u00e9p\u00e9titions de \u00b10,05 \u00b5m.\" \/>\n<meta property=\"og:url\" content=\"https:\/\/vansichen.be\/fr\/systemes-lineaires\/gantry-systemes-de-precision\/\" \/>\n<meta property=\"og:site_name\" content=\"Vansichen Linear Technology\" \/>\n<meta property=\"article:modified_time\" content=\"2025-07-04T14:39:42+00:00\" \/>\n<meta name=\"twitter:card\" content=\"summary_large_image\" \/>\n<meta name=\"twitter:label1\" content=\"Dur\u00e9e de lecture estim\u00e9e\" \/>\n\t<meta name=\"twitter:data1\" content=\"2 minutes\" \/>\n<script type=\"application\/ld+json\" class=\"yoast-schema-graph\">{\"@context\":\"https:\/\/schema.org\",\"@graph\":[{\"@type\":\"WebPage\",\"@id\":\"https:\/\/vansichen.be\/fr\/systemes-lineaires\/gantry-systemes-de-precision\/\",\"url\":\"https:\/\/vansichen.be\/fr\/systemes-lineaires\/gantry-systemes-de-precision\/\",\"name\":\"Gantry syst\u00e8mes de pr\u00e9cision - Vansichen Linear Technology\",\"isPartOf\":{\"@id\":\"https:\/\/vansichen.be\/de\/#website\"},\"datePublished\":\"2025-07-04T14:39:41+00:00\",\"dateModified\":\"2025-07-04T14:39:42+00:00\",\"description\":\"Un maximum de pr\u00e9cision caract\u00e9rise les Gantry syst\u00e8mes de pr\u00e9cision. La mesure de d\u00e9placement permet d'obtenir des r\u00e9p\u00e9titions de \u00b10,05 \u00b5m.\",\"breadcrumb\":{\"@id\":\"https:\/\/vansichen.be\/fr\/systemes-lineaires\/gantry-systemes-de-precision\/#breadcrumb\"},\"inLanguage\":\"fr-FR\",\"potentialAction\":[{\"@type\":\"ReadAction\",\"target\":[\"https:\/\/vansichen.be\/fr\/systemes-lineaires\/gantry-systemes-de-precision\/\"]}]},{\"@type\":\"BreadcrumbList\",\"@id\":\"https:\/\/vansichen.be\/fr\/systemes-lineaires\/gantry-systemes-de-precision\/#breadcrumb\",\"itemListElement\":[{\"@type\":\"ListItem\",\"position\":1,\"name\":\"Home\",\"item\":\"https:\/\/vansichen.be\/fr\/\"},{\"@type\":\"ListItem\",\"position\":2,\"name\":\"Syst\u00e8mes lin\u00e9aires\",\"item\":\"https:\/\/vansichen.be\/fr\/systemes-lineaires\/\"},{\"@type\":\"ListItem\",\"position\":3,\"name\":\"Gantry syst\u00e8mes de pr\u00e9cision\"}]},{\"@type\":\"WebSite\",\"@id\":\"https:\/\/vansichen.be\/de\/#website\",\"url\":\"https:\/\/vansichen.be\/de\/\",\"name\":\"Vansichen Linear Technology\",\"description\":\"\",\"publisher\":{\"@id\":\"https:\/\/vansichen.be\/de\/#organization\"},\"potentialAction\":[{\"@type\":\"SearchAction\",\"target\":{\"@type\":\"EntryPoint\",\"urlTemplate\":\"https:\/\/vansichen.be\/de\/?s={search_term_string}\"},\"query-input\":{\"@type\":\"PropertyValueSpecification\",\"valueRequired\":true,\"valueName\":\"search_term_string\"}}],\"inLanguage\":\"fr-FR\"},{\"@type\":\"Organization\",\"@id\":\"https:\/\/vansichen.be\/de\/#organization\",\"name\":\"Vansichen Linear Technology\",\"url\":\"https:\/\/vansichen.be\/de\/\",\"logo\":{\"@type\":\"ImageObject\",\"inLanguage\":\"fr-FR\",\"@id\":\"https:\/\/vansichen.be\/de\/#\/schema\/logo\/image\/\",\"url\":\"https:\/\/vansichen.be\/wp-content\/uploads\/2020\/03\/Vansichen_home_2020_4.png\",\"contentUrl\":\"https:\/\/vansichen.be\/wp-content\/uploads\/2020\/03\/Vansichen_home_2020_4.png\",\"width\":260,\"height\":44,\"caption\":\"Vansichen Linear Technology\"},\"image\":{\"@id\":\"https:\/\/vansichen.be\/de\/#\/schema\/logo\/image\/\"}}]}<\/script>\n<!-- \/ Yoast SEO plugin. -->","yoast_head_json":{"title":"Gantry syst\u00e8mes de pr\u00e9cision - Vansichen Linear Technology","description":"Un maximum de pr\u00e9cision caract\u00e9rise les Gantry syst\u00e8mes de pr\u00e9cision. La mesure de d\u00e9placement permet d'obtenir des r\u00e9p\u00e9titions de \u00b10,05 \u00b5m.","robots":{"index":"index","follow":"follow","max-snippet":"max-snippet:-1","max-image-preview":"max-image-preview:large","max-video-preview":"max-video-preview:-1"},"canonical":"https:\/\/vansichen.be\/fr\/systemes-lineaires\/gantry-systemes-de-precision\/","og_locale":"fr_FR","og_type":"article","og_title":"Gantry syst\u00e8mes de pr\u00e9cision - Vansichen Linear Technology","og_description":"Un maximum de pr\u00e9cision caract\u00e9rise les Gantry syst\u00e8mes de pr\u00e9cision. La mesure de d\u00e9placement permet d'obtenir des r\u00e9p\u00e9titions de \u00b10,05 \u00b5m.","og_url":"https:\/\/vansichen.be\/fr\/systemes-lineaires\/gantry-systemes-de-precision\/","og_site_name":"Vansichen Linear Technology","article_modified_time":"2025-07-04T14:39:42+00:00","twitter_card":"summary_large_image","twitter_misc":{"Dur\u00e9e de lecture estim\u00e9e":"2 minutes"},"schema":{"@context":"https:\/\/schema.org","@graph":[{"@type":"WebPage","@id":"https:\/\/vansichen.be\/fr\/systemes-lineaires\/gantry-systemes-de-precision\/","url":"https:\/\/vansichen.be\/fr\/systemes-lineaires\/gantry-systemes-de-precision\/","name":"Gantry syst\u00e8mes de pr\u00e9cision - Vansichen Linear Technology","isPartOf":{"@id":"https:\/\/vansichen.be\/de\/#website"},"datePublished":"2025-07-04T14:39:41+00:00","dateModified":"2025-07-04T14:39:42+00:00","description":"Un maximum de pr\u00e9cision caract\u00e9rise les Gantry syst\u00e8mes de pr\u00e9cision. La mesure de d\u00e9placement permet d'obtenir des r\u00e9p\u00e9titions de \u00b10,05 \u00b5m.","breadcrumb":{"@id":"https:\/\/vansichen.be\/fr\/systemes-lineaires\/gantry-systemes-de-precision\/#breadcrumb"},"inLanguage":"fr-FR","potentialAction":[{"@type":"ReadAction","target":["https:\/\/vansichen.be\/fr\/systemes-lineaires\/gantry-systemes-de-precision\/"]}]},{"@type":"BreadcrumbList","@id":"https:\/\/vansichen.be\/fr\/systemes-lineaires\/gantry-systemes-de-precision\/#breadcrumb","itemListElement":[{"@type":"ListItem","position":1,"name":"Home","item":"https:\/\/vansichen.be\/fr\/"},{"@type":"ListItem","position":2,"name":"Syst\u00e8mes lin\u00e9aires","item":"https:\/\/vansichen.be\/fr\/systemes-lineaires\/"},{"@type":"ListItem","position":3,"name":"Gantry syst\u00e8mes de pr\u00e9cision"}]},{"@type":"WebSite","@id":"https:\/\/vansichen.be\/de\/#website","url":"https:\/\/vansichen.be\/de\/","name":"Vansichen Linear Technology","description":"","publisher":{"@id":"https:\/\/vansichen.be\/de\/#organization"},"potentialAction":[{"@type":"SearchAction","target":{"@type":"EntryPoint","urlTemplate":"https:\/\/vansichen.be\/de\/?s={search_term_string}"},"query-input":{"@type":"PropertyValueSpecification","valueRequired":true,"valueName":"search_term_string"}}],"inLanguage":"fr-FR"},{"@type":"Organization","@id":"https:\/\/vansichen.be\/de\/#organization","name":"Vansichen Linear Technology","url":"https:\/\/vansichen.be\/de\/","logo":{"@type":"ImageObject","inLanguage":"fr-FR","@id":"https:\/\/vansichen.be\/de\/#\/schema\/logo\/image\/","url":"https:\/\/vansichen.be\/wp-content\/uploads\/2020\/03\/Vansichen_home_2020_4.png","contentUrl":"https:\/\/vansichen.be\/wp-content\/uploads\/2020\/03\/Vansichen_home_2020_4.png","width":260,"height":44,"caption":"Vansichen Linear Technology"},"image":{"@id":"https:\/\/vansichen.be\/de\/#\/schema\/logo\/image\/"}}]}},"_links":{"self":[{"href":"https:\/\/vansichen.be\/fr\/wp-json\/wp\/v2\/pages\/19166","targetHints":{"allow":["GET"]}}],"collection":[{"href":"https:\/\/vansichen.be\/fr\/wp-json\/wp\/v2\/pages"}],"about":[{"href":"https:\/\/vansichen.be\/fr\/wp-json\/wp\/v2\/types\/page"}],"author":[{"embeddable":true,"href":"https:\/\/vansichen.be\/fr\/wp-json\/wp\/v2\/users\/4"}],"replies":[{"embeddable":true,"href":"https:\/\/vansichen.be\/fr\/wp-json\/wp\/v2\/comments?post=19166"}],"version-history":[{"count":5,"href":"https:\/\/vansichen.be\/fr\/wp-json\/wp\/v2\/pages\/19166\/revisions"}],"predecessor-version":[{"id":19567,"href":"https:\/\/vansichen.be\/fr\/wp-json\/wp\/v2\/pages\/19166\/revisions\/19567"}],"up":[{"embeddable":true,"href":"https:\/\/vansichen.be\/fr\/wp-json\/wp\/v2\/pages\/4497"}],"wp:attachment":[{"href":"https:\/\/vansichen.be\/fr\/wp-json\/wp\/v2\/media?parent=19166"}],"curies":[{"name":"wp","href":"https:\/\/api.w.org\/{rel}","templated":true}]}}