{"id":2005,"date":"2020-04-30T10:39:27","date_gmt":"2020-04-30T10:39:27","guid":{"rendered":"https:\/\/vansichen.be\/?page_id=2005"},"modified":"2023-04-07T13:43:11","modified_gmt":"2023-04-07T13:43:11","slug":"axes-et-douilles-a-billes","status":"publish","type":"page","link":"https:\/\/vansichen.be\/fr\/composants-lineaires-standard\/guidages\/axes-et-douilles-a-billes\/","title":{"rendered":"Axes et douilles \u00e0 billes"},"content":{"rendered":"<div class=\"wpb-content-wrapper\"><p>[vc_row el_class=\u00a0\u00bbhover-effect-img\u00a0\u00bb][vc_column][vc_custom_heading text=\u00a0\u00bbAXES ET DOUILLES \u00c0 BILLES\u00a0\u00bb font_container=\u00a0\u00bbtag:h1|font_size:53px|text_align:left|color:%23e6007e\u00a0\u00bb google_fonts=\u00a0\u00bbfont_family:Source%20Sans%20Pro%3A200%2C200italic%2C300%2C300italic%2Cregular%2Citalic%2C600%2C600italic%2C700%2C700italic%2C900%2C900italic|font_style:900%20bold%20regular%3A900%3Anormal\u00a0\u00bb][vc_empty_space height=\u00a0\u00bb20px\u00a0\u00bb][vc_row_inner][vc_column_inner width=\u00a0\u00bb1\/3&Prime;][vc_single_image image=\u00a0\u00bb2033&Prime; img_size=\u00a0\u00bbfull\u00a0\u00bb onclick=\u00a0\u00bbcustom_link\u00a0\u00bb link=\u00a0\u00bb\/fr\/composants-lineaires-standard\/guidages\/axes-et-elements-de-guidage\/axes-de-guidage\/\u00a0\u00bb][vc_custom_heading text=\u00a0\u00bbAXES DE GUIDAGE\u00a0\u00bb font_container=\u00a0\u00bbtag:h2|font_size:25px|text_align:left|color:%23e6007e\u00a0\u00bb google_fonts=\u00a0\u00bbfont_family:Source%20Sans%20Pro%3A200%2C200italic%2C300%2C300italic%2Cregular%2Citalic%2C600%2C600italic%2C700%2C700italic%2C900%2C900italic|font_style:900%20bold%20regular%3A900%3Anormal\u00a0\u00bb link=\u00a0\u00bburl:%2Ffr%2Fcomposants-lineaires-standard%2Fguidages%2Faxes-et-elements-de-guidage%2Faxes-de-guidage%2F|||\u00a0\u00bb][\/vc_column_inner][vc_column_inner width=\u00a0\u00bb1\/3&Prime;][vc_single_image image=\u00a0\u00bb2077&Prime; img_size=\u00a0\u00bbfull\u00a0\u00bb onclick=\u00a0\u00bbcustom_link\u00a0\u00bb link=\u00a0\u00bb\/fr\/composants-lineaires-standard\/guidages\/axes-et-elements-de-guidage\/douilles-a-billes\/\u00a0\u00bb][vc_custom_heading text=\u00a0\u00bbDOUILLES \u00c0 BILLES\u00a0\u00bb font_container=\u00a0\u00bbtag:h2|font_size:25px|text_align:left|color:%23e6007e\u00a0\u00bb google_fonts=\u00a0\u00bbfont_family:Source%20Sans%20Pro%3A200%2C200italic%2C300%2C300italic%2Cregular%2Citalic%2C600%2C600italic%2C700%2C700italic%2C900%2C900italic|font_style:900%20bold%20regular%3A900%3Anormal\u00a0\u00bb link=\u00a0\u00bburl:%2Ffr%2Fcomposants-lineaires-standard%2Fguidages%2Faxes-et-elements-de-guidage%2Fdouilles-a-billes%2F|||\u00a0\u00bb][\/vc_column_inner][vc_column_inner width=\u00a0\u00bb1\/3&Prime;][vc_single_image image=\u00a0\u00bb2134&Prime; img_size=\u00a0\u00bbfull\u00a0\u00bb onclick=\u00a0\u00bbcustom_link\u00a0\u00bb link=\u00a0\u00bb\/fr\/composants-lineaires-standard\/guidages\/axes-et-elements-de-guidage\/douilles-lisses\/\u00a0\u00bb][vc_custom_heading text=\u00a0\u00bbDOUILLES LISSES\u00a0\u00bb font_container=\u00a0\u00bbtag:h2|font_size:25px|text_align:left|color:%23e6007e\u00a0\u00bb google_fonts=\u00a0\u00bbfont_family:Source%20Sans%20Pro%3A200%2C200italic%2C300%2C300italic%2Cregular%2Citalic%2C600%2C600italic%2C700%2C700italic%2C900%2C900italic|font_style:900%20bold%20regular%3A900%3Anormal\u00a0\u00bb link=\u00a0\u00bburl:%2Ffr%2Fcomposants-lineaires-standard%2Fguidages%2Faxes-et-elements-de-guidage%2Fdouilles-lisses%2F|||\u00a0\u00bb][\/vc_column_inner][\/vc_row_inner][vc_row_inner][vc_column_inner width=\u00a0\u00bb1\/3&Prime;][vc_single_image image=\u00a0\u00bb3640&Prime; img_size=\u00a0\u00bbfull\u00a0\u00bb onclick=\u00a0\u00bbcustom_link\u00a0\u00bb link=\u00a0\u00bb\/fr\/composants-lineaires-standard\/guidages\/axes-et-elements-de-guidage\/rouleaux-lfr\/\u00a0\u00bb][vc_custom_heading text=\u00a0\u00bbROULEAUX LFR\u00a0\u00bb font_container=\u00a0\u00bbtag:h2|font_size:25px|text_align:left|color:%23e6007e\u00a0\u00bb google_fonts=\u00a0\u00bbfont_family:Source%20Sans%20Pro%3A200%2C200italic%2C300%2C300italic%2Cregular%2Citalic%2C600%2C600italic%2C700%2C700italic%2C900%2C900italic|font_style:900%20bold%20regular%3A900%3Anormal\u00a0\u00bb link=\u00a0\u00bburl:%2Ffr%2Fcomposants-lineaires-standard%2Fguidages%2Faxes-et-elements-de-guidage%2Frouleaux-lfr%2F|||\u00a0\u00bb][\/vc_column_inner][vc_column_inner width=\u00a0\u00bb1\/3&Prime;][vc_single_image image=\u00a0\u00bb2202&Prime; img_size=\u00a0\u00bbfull\u00a0\u00bb onclick=\u00a0\u00bbcustom_link\u00a0\u00bb link=\u00a0\u00bb\/fr\/composants-lineaires-standard\/guidages\/axes-et-elements-de-guidage\/arbres-canneles\/\u00a0\u00bb][vc_custom_heading text=\u00a0\u00bbARBRES CANNELES\u00a0\u00bb font_container=\u00a0\u00bbtag:h2|font_size:25px|text_align:left|color:%23e6007e\u00a0\u00bb google_fonts=\u00a0\u00bbfont_family:Source%20Sans%20Pro%3A200%2C200italic%2C300%2C300italic%2Cregular%2Citalic%2C600%2C600italic%2C700%2C700italic%2C900%2C900italic|font_style:900%20bold%20regular%3A900%3Anormal\u00a0\u00bb link=\u00a0\u00bburl:%2Ffr%2Fcomposants-lineaires-standard%2Fguidages%2Faxes-et-elements-de-guidage%2Farbres-canneles%2F|||\u00a0\u00bb][\/vc_column_inner][vc_column_inner width=\u00a0\u00bb1\/3&Prime;][\/vc_column_inner][\/vc_row_inner][\/vc_column][\/vc_row]<\/p>\n<\/div>","protected":false},"excerpt":{"rendered":"<p>[vc_row el_class=\u00a0\u00bbhover-effect-img\u00a0\u00bb][vc_column][vc_custom_heading text=\u00a0\u00bbAXES ET DOUILLES \u00c0 BILLES\u00a0\u00bb font_container=\u00a0\u00bbtag:h1|font_size:53px|text_align:left|color:%23e6007e\u00a0\u00bb google_fonts=\u00a0\u00bbfont_family:Source%20Sans%20Pro%3A200%2C200italic%2C300%2C300italic%2Cregular%2Citalic%2C600%2C600italic%2C700%2C700italic%2C900%2C900italic|font_style:900%20bold%20regular%3A900%3Anormal\u00a0\u00bb][vc_empty_space height=\u00a0\u00bb20px\u00a0\u00bb][vc_row_inner][vc_column_inner width=\u00a0\u00bb1\/3&Prime;][vc_single_image image=\u00a0\u00bb2033&Prime; img_size=\u00a0\u00bbfull\u00a0\u00bb onclick=\u00a0\u00bbcustom_link\u00a0\u00bb link=\u00a0\u00bb\/fr\/composants-lineaires-standard\/guidages\/axes-et-elements-de-guidage\/axes-de-guidage\/\u00a0\u00bb][vc_custom_heading text=\u00a0\u00bbAXES DE GUIDAGE\u00a0\u00bb font_container=\u00a0\u00bbtag:h2|font_size:25px|text_align:left|color:%23e6007e\u00a0\u00bb google_fonts=\u00a0\u00bbfont_family:Source%20Sans%20Pro%3A200%2C200italic%2C300%2C300italic%2Cregular%2Citalic%2C600%2C600italic%2C700%2C700italic%2C900%2C900italic|font_style:900%20bold%20regular%3A900%3Anormal\u00a0\u00bb<span class=\"excerpt-hellip\"> [\u2026]<\/span><\/p>\n","protected":false},"author":4,"featured_media":0,"parent":1875,"menu_order":0,"comment_status":"closed","ping_status":"closed","template":"","meta":{"inline_featured_image":false,"footnotes":""},"class_list":["post-2005","page","type-page","status-publish","hentry"],"yoast_head":"<!-- This site is optimized with the Yoast SEO plugin v26.8 - https:\/\/yoast.com\/product\/yoast-seo-wordpress\/ -->\n<title>Axes et douilles \u00e0 billes - Vansichen Linear Technology<\/title>\n<meta name=\"description\" content=\"Voir ici un aper\u00e7u de notre gamme compl\u00e8te d&#039;axes et douilles \u00e0 billes. Cliquez ici pour plus d&#039;informations sur la gamme.\" \/>\n<meta name=\"robots\" content=\"index, follow, max-snippet:-1, max-image-preview:large, max-video-preview:-1\" \/>\n<link rel=\"canonical\" href=\"https:\/\/vansichen.be\/fr\/composants-lineaires-standard\/guidages\/axes-et-douilles-a-billes\/\" \/>\n<meta property=\"og:locale\" content=\"fr_FR\" \/>\n<meta property=\"og:type\" content=\"article\" \/>\n<meta property=\"og:title\" content=\"Axes et douilles \u00e0 billes - Vansichen Linear Technology\" \/>\n<meta property=\"og:description\" content=\"Voir ici un aper\u00e7u de notre gamme compl\u00e8te d&#039;axes et douilles \u00e0 billes. Cliquez ici pour plus d&#039;informations sur la gamme.\" \/>\n<meta property=\"og:url\" content=\"https:\/\/vansichen.be\/fr\/composants-lineaires-standard\/guidages\/axes-et-douilles-a-billes\/\" \/>\n<meta property=\"og:site_name\" content=\"Vansichen Linear Technology\" \/>\n<meta property=\"article:modified_time\" content=\"2023-04-07T13:43:11+00:00\" \/>\n<meta name=\"twitter:card\" content=\"summary_large_image\" \/>\n<meta name=\"twitter:label1\" content=\"Dur\u00e9e de lecture estim\u00e9e\" \/>\n\t<meta name=\"twitter:data1\" content=\"1 minute\" \/>\n<script type=\"application\/ld+json\" class=\"yoast-schema-graph\">{\"@context\":\"https:\/\/schema.org\",\"@graph\":[{\"@type\":\"WebPage\",\"@id\":\"https:\/\/vansichen.be\/fr\/composants-lineaires-standard\/guidages\/axes-et-douilles-a-billes\/\",\"url\":\"https:\/\/vansichen.be\/fr\/composants-lineaires-standard\/guidages\/axes-et-douilles-a-billes\/\",\"name\":\"Axes et douilles \u00e0 billes - Vansichen Linear Technology\",\"isPartOf\":{\"@id\":\"https:\/\/vansichen.be\/de\/#website\"},\"datePublished\":\"2020-04-30T10:39:27+00:00\",\"dateModified\":\"2023-04-07T13:43:11+00:00\",\"description\":\"Voir ici un aper\u00e7u de notre gamme compl\u00e8te d'axes et douilles \u00e0 billes. Cliquez ici pour plus d'informations sur la gamme.\",\"breadcrumb\":{\"@id\":\"https:\/\/vansichen.be\/fr\/composants-lineaires-standard\/guidages\/axes-et-douilles-a-billes\/#breadcrumb\"},\"inLanguage\":\"fr-FR\",\"potentialAction\":[{\"@type\":\"ReadAction\",\"target\":[\"https:\/\/vansichen.be\/fr\/composants-lineaires-standard\/guidages\/axes-et-douilles-a-billes\/\"]}]},{\"@type\":\"BreadcrumbList\",\"@id\":\"https:\/\/vansichen.be\/fr\/composants-lineaires-standard\/guidages\/axes-et-douilles-a-billes\/#breadcrumb\",\"itemListElement\":[{\"@type\":\"ListItem\",\"position\":1,\"name\":\"Home\",\"item\":\"https:\/\/vansichen.be\/fr\/\"},{\"@type\":\"ListItem\",\"position\":2,\"name\":\"Composants lin\u00e9aires standard\",\"item\":\"https:\/\/vansichen.be\/fr\/composants-lineaires-standard\/\"},{\"@type\":\"ListItem\",\"position\":3,\"name\":\"Guidages\",\"item\":\"https:\/\/vansichen.be\/fr\/composants-lineaires-standard\/guidages\/\"},{\"@type\":\"ListItem\",\"position\":4,\"name\":\"Axes et douilles \u00e0 billes\"}]},{\"@type\":\"WebSite\",\"@id\":\"https:\/\/vansichen.be\/de\/#website\",\"url\":\"https:\/\/vansichen.be\/de\/\",\"name\":\"Vansichen Linear Technology\",\"description\":\"\",\"publisher\":{\"@id\":\"https:\/\/vansichen.be\/de\/#organization\"},\"potentialAction\":[{\"@type\":\"SearchAction\",\"target\":{\"@type\":\"EntryPoint\",\"urlTemplate\":\"https:\/\/vansichen.be\/de\/?s={search_term_string}\"},\"query-input\":{\"@type\":\"PropertyValueSpecification\",\"valueRequired\":true,\"valueName\":\"search_term_string\"}}],\"inLanguage\":\"fr-FR\"},{\"@type\":\"Organization\",\"@id\":\"https:\/\/vansichen.be\/de\/#organization\",\"name\":\"Vansichen Linear Technology\",\"url\":\"https:\/\/vansichen.be\/de\/\",\"logo\":{\"@type\":\"ImageObject\",\"inLanguage\":\"fr-FR\",\"@id\":\"https:\/\/vansichen.be\/de\/#\/schema\/logo\/image\/\",\"url\":\"https:\/\/vansichen.be\/wp-content\/uploads\/2020\/03\/Vansichen_home_2020_4.png\",\"contentUrl\":\"https:\/\/vansichen.be\/wp-content\/uploads\/2020\/03\/Vansichen_home_2020_4.png\",\"width\":260,\"height\":44,\"caption\":\"Vansichen Linear Technology\"},\"image\":{\"@id\":\"https:\/\/vansichen.be\/de\/#\/schema\/logo\/image\/\"}}]}<\/script>\n<!-- \/ Yoast SEO plugin. -->","yoast_head_json":{"title":"Axes et douilles \u00e0 billes - Vansichen Linear Technology","description":"Voir ici un aper\u00e7u de notre gamme compl\u00e8te d'axes et douilles \u00e0 billes. Cliquez ici pour plus d'informations sur la gamme.","robots":{"index":"index","follow":"follow","max-snippet":"max-snippet:-1","max-image-preview":"max-image-preview:large","max-video-preview":"max-video-preview:-1"},"canonical":"https:\/\/vansichen.be\/fr\/composants-lineaires-standard\/guidages\/axes-et-douilles-a-billes\/","og_locale":"fr_FR","og_type":"article","og_title":"Axes et douilles \u00e0 billes - Vansichen Linear Technology","og_description":"Voir ici un aper\u00e7u de notre gamme compl\u00e8te d'axes et douilles \u00e0 billes. Cliquez ici pour plus d'informations sur la gamme.","og_url":"https:\/\/vansichen.be\/fr\/composants-lineaires-standard\/guidages\/axes-et-douilles-a-billes\/","og_site_name":"Vansichen Linear Technology","article_modified_time":"2023-04-07T13:43:11+00:00","twitter_card":"summary_large_image","twitter_misc":{"Dur\u00e9e de lecture estim\u00e9e":"1 minute"},"schema":{"@context":"https:\/\/schema.org","@graph":[{"@type":"WebPage","@id":"https:\/\/vansichen.be\/fr\/composants-lineaires-standard\/guidages\/axes-et-douilles-a-billes\/","url":"https:\/\/vansichen.be\/fr\/composants-lineaires-standard\/guidages\/axes-et-douilles-a-billes\/","name":"Axes et douilles \u00e0 billes - Vansichen Linear Technology","isPartOf":{"@id":"https:\/\/vansichen.be\/de\/#website"},"datePublished":"2020-04-30T10:39:27+00:00","dateModified":"2023-04-07T13:43:11+00:00","description":"Voir ici un aper\u00e7u de notre gamme compl\u00e8te d'axes et douilles \u00e0 billes. Cliquez ici pour plus d'informations sur la gamme.","breadcrumb":{"@id":"https:\/\/vansichen.be\/fr\/composants-lineaires-standard\/guidages\/axes-et-douilles-a-billes\/#breadcrumb"},"inLanguage":"fr-FR","potentialAction":[{"@type":"ReadAction","target":["https:\/\/vansichen.be\/fr\/composants-lineaires-standard\/guidages\/axes-et-douilles-a-billes\/"]}]},{"@type":"BreadcrumbList","@id":"https:\/\/vansichen.be\/fr\/composants-lineaires-standard\/guidages\/axes-et-douilles-a-billes\/#breadcrumb","itemListElement":[{"@type":"ListItem","position":1,"name":"Home","item":"https:\/\/vansichen.be\/fr\/"},{"@type":"ListItem","position":2,"name":"Composants lin\u00e9aires standard","item":"https:\/\/vansichen.be\/fr\/composants-lineaires-standard\/"},{"@type":"ListItem","position":3,"name":"Guidages","item":"https:\/\/vansichen.be\/fr\/composants-lineaires-standard\/guidages\/"},{"@type":"ListItem","position":4,"name":"Axes et douilles \u00e0 billes"}]},{"@type":"WebSite","@id":"https:\/\/vansichen.be\/de\/#website","url":"https:\/\/vansichen.be\/de\/","name":"Vansichen Linear Technology","description":"","publisher":{"@id":"https:\/\/vansichen.be\/de\/#organization"},"potentialAction":[{"@type":"SearchAction","target":{"@type":"EntryPoint","urlTemplate":"https:\/\/vansichen.be\/de\/?s={search_term_string}"},"query-input":{"@type":"PropertyValueSpecification","valueRequired":true,"valueName":"search_term_string"}}],"inLanguage":"fr-FR"},{"@type":"Organization","@id":"https:\/\/vansichen.be\/de\/#organization","name":"Vansichen Linear Technology","url":"https:\/\/vansichen.be\/de\/","logo":{"@type":"ImageObject","inLanguage":"fr-FR","@id":"https:\/\/vansichen.be\/de\/#\/schema\/logo\/image\/","url":"https:\/\/vansichen.be\/wp-content\/uploads\/2020\/03\/Vansichen_home_2020_4.png","contentUrl":"https:\/\/vansichen.be\/wp-content\/uploads\/2020\/03\/Vansichen_home_2020_4.png","width":260,"height":44,"caption":"Vansichen Linear Technology"},"image":{"@id":"https:\/\/vansichen.be\/de\/#\/schema\/logo\/image\/"}}]}},"_links":{"self":[{"href":"https:\/\/vansichen.be\/fr\/wp-json\/wp\/v2\/pages\/2005","targetHints":{"allow":["GET"]}}],"collection":[{"href":"https:\/\/vansichen.be\/fr\/wp-json\/wp\/v2\/pages"}],"about":[{"href":"https:\/\/vansichen.be\/fr\/wp-json\/wp\/v2\/types\/page"}],"author":[{"embeddable":true,"href":"https:\/\/vansichen.be\/fr\/wp-json\/wp\/v2\/users\/4"}],"replies":[{"embeddable":true,"href":"https:\/\/vansichen.be\/fr\/wp-json\/wp\/v2\/comments?post=2005"}],"version-history":[{"count":5,"href":"https:\/\/vansichen.be\/fr\/wp-json\/wp\/v2\/pages\/2005\/revisions"}],"predecessor-version":[{"id":13976,"href":"https:\/\/vansichen.be\/fr\/wp-json\/wp\/v2\/pages\/2005\/revisions\/13976"}],"up":[{"embeddable":true,"href":"https:\/\/vansichen.be\/fr\/wp-json\/wp\/v2\/pages\/1875"}],"wp:attachment":[{"href":"https:\/\/vansichen.be\/fr\/wp-json\/wp\/v2\/media?parent=2005"}],"curies":[{"name":"wp","href":"https:\/\/api.w.org\/{rel}","templated":true}]}}