{"id":2248,"date":"2020-04-30T13:09:17","date_gmt":"2020-04-30T13:09:17","guid":{"rendered":"https:\/\/vansichen.be\/?page_id=2248"},"modified":"2023-05-23T13:45:24","modified_gmt":"2023-05-23T13:45:24","slug":"rouleaux-combines-winkel","status":"publish","type":"page","link":"https:\/\/vansichen.be\/fr\/composants-lineaires-standard\/guidages\/guidages-a-galets\/rouleaux-combines-winkel\/","title":{"rendered":"Rouleaux combin\u00e9s Winkel"},"content":{"rendered":"<div class=\"wpb-content-wrapper\"><p>[vc_row][vc_column][vc_custom_heading text=\u00a0\u00bbROULEAUX COMBIN\u00c9S WINKEL\u00a0\u00bb font_container=\u00a0\u00bbtag:h1|font_size:53px|text_align:left|color:%23e6007e\u00a0\u00bb google_fonts=\u00a0\u00bbfont_family:Source%20Sans%20Pro%3A200%2C200italic%2C300%2C300italic%2Cregular%2Citalic%2C600%2C600italic%2C700%2C700italic%2C900%2C900italic|font_style:900%20bold%20regular%3A900%3Anormal\u00a0\u00bb][\/vc_column][\/vc_row][vc_row][vc_column width=\u00a0\u00bb2\/3&Prime;][vc_column_text]Rouleaux combin\u00e9s Winkel permettent de r\u00e9soudre \u00e9conomiquement les mouvements verticaux et horizontaux sur les machines et dispositifs de levage. Ils sont surtout d\u2019application dans des applications lourdes comme les palletisseurs.<\/p>\n<h4 style=\"font-size: 20px;\"><span style=\"color: #e6007e;\"><strong>CARACT\u00c9RISTIQUES<\/strong><\/span><\/h4>\n<ul>\n<li>Les rouleaux combin\u00e9s Winkel peuvent reprendre des charges radiales et axiales \u00e9lev\u00e9es.<\/li>\n<li>Profil\u00e9s de guidage de forte \u00e9paisseur et soudable en acier 52.3 Nb, jusque 12 m.<\/li>\n<li>Pour des vitesses sup\u00e9rieures \u00e0 0.8 m\/s, merci de nous contacter.<\/li>\n<li>Les profil\u00e9s sont coup\u00e9s \u00e0 longueur et \u00e9ventuellement usin\u00e9s suivant plan.<\/li>\n<li>Montage et r\u00e9glage ais\u00e9 de par l\u2019utilisation des plaques de fixation AP pour les galets.<\/li>\n<li>Pour les application de fort encrassement nous vous conseillons l\u2019utilisation des galets avec insert en oilamid.<\/li>\n<li>Galets en polyamide pour application \u00e0 haute vitesse, jusque 5 m\/s.<\/li>\n<li>La pluspart des galets usuels sont disponibles en Belgique.<\/li>\n<\/ul>\n<p>[\/vc_column_text][\/vc_column][vc_column width=\u00a0\u00bb1\/3&Prime;][vc_widget_sidebar sidebar_id=\u00a0\u00bbtop-area-1&Prime;][\/vc_column][\/vc_row][vc_row][vc_column][vc_custom_heading text=\u00a0\u00bbPARTENAIRE\u00a0\u00bb font_container=\u00a0\u00bbtag:h2|font_size:20px|text_align:left|color:%23e6007e\u00a0\u00bb google_fonts=\u00a0\u00bbfont_family:Source%20Sans%20Pro%3A200%2C200italic%2C300%2C300italic%2Cregular%2Citalic%2C600%2C600italic%2C700%2C700italic%2C900%2C900italic|font_style:900%20bold%20regular%3A900%3Anormal\u00a0\u00bb][\/vc_column][\/vc_row][vc_row el_class=\u00a0\u00bbpartners\u00a0\u00bb][vc_column width=\u00a0\u00bb1\/4&Prime;][vc_single_image image=\u00a0\u00bb10024&Prime; img_size=\u00a0\u00bbfull\u00a0\u00bb onclick=\u00a0\u00bbcustom_link\u00a0\u00bb img_link_target=\u00a0\u00bb_blank\u00a0\u00bb link=\u00a0\u00bbhttp:\/\/www.winkel.de\/fr\/index\/?gclid=EAIaIQobChMIxtf4zujV6AIVyLHtCh3o3QNyEAAYASAAEgLDfvD_BwE\u00a0\u00bb][\/vc_column][vc_column width=\u00a0\u00bb1\/4&Prime;][\/vc_column][vc_column width=\u00a0\u00bb1\/4&Prime;][\/vc_column][vc_column width=\u00a0\u00bb1\/4&Prime;][\/vc_column][\/vc_row][vc_row el_class=\u00a0\u00bblinks\u00a0\u00bb][vc_column][vc_custom_heading text=\u00a0\u00bbLIEN\u00a0\u00bb font_container=\u00a0\u00bbtag:h2|font_size:20px|text_align:left|color:%23e6007e\u00a0\u00bb google_fonts=\u00a0\u00bbfont_family:Source%20Sans%20Pro%3A200%2C200italic%2C300%2C300italic%2Cregular%2Citalic%2C600%2C600italic%2C700%2C700italic%2C900%2C900italic|font_style:900%20bold%20regular%3A900%3Anormal\u00a0\u00bb][vc_column_text]<a href=\"http:\/\/www.winkel.de\/fr\/index\/?gclid=EAIaIQobChMIxtf4zujV6AIVyLHtCh3o3QNyEAAYASAAEgLDfvD_BwE\" target=\"_blank\" rel=\"noopener noreferrer\">3D-CAD WINKEL<\/a>[\/vc_column_text][\/vc_column][\/vc_row][vc_row el_class=\u00a0\u00bbdownloads\u00a0\u00bb][vc_column][vc_custom_heading text=\u00a0\u00bbDOWNLOADS\u00a0\u00bb font_container=\u00a0\u00bbtag:h2|font_size:20px|text_align:left|color:%23e6007e\u00a0\u00bb google_fonts=\u00a0\u00bbfont_family:Source%20Sans%20Pro%3A200%2C200italic%2C300%2C300italic%2Cregular%2Citalic%2C600%2C600italic%2C700%2C700italic%2C900%2C900italic|font_style:900%20bold%20regular%3A900%3Anormal\u00a0\u00bb][vc_column_text]<a href=\"https:\/\/vansichen.be\/wp-content\/uploads\/2023\/05\/winkel-product-catalog-2023_V12M.pdf\" target=\"_blank\" rel=\"noopener noreferrer\">Catalogue WINKEL<\/a><span style=\"color: #e6007e;\"><br \/>\n<a href=\"https:\/\/vansichen.be\/wp-content\/uploads\/2022\/01\/Edelstahlprofile.pdf\" target=\"_blank\" rel=\"noopener noreferrer\">Catalogue WINKEL profiles<\/a><\/span>[\/vc_column_text][\/vc_column][\/vc_row][vc_row][vc_column][vc_gallery type=\u00a0\u00bbimage_grid\u00a0\u00bb images=\u00a0\u00bb2290,2286,2274,2278&Prime; img_size=\u00a0\u00bbfull\u00a0\u00bb el_class=\u00a0\u00bbhover-gallery\u00a0\u00bb][\/vc_column][\/vc_row]<\/p>\n<\/div>","protected":false},"excerpt":{"rendered":"<p>[vc_row][vc_column][vc_custom_heading text=\u00a0\u00bbROULEAUX COMBIN\u00c9S WINKEL\u00a0\u00bb font_container=\u00a0\u00bbtag:h1|font_size:53px|text_align:left|color:%23e6007e\u00a0\u00bb google_fonts=\u00a0\u00bbfont_family:Source%20Sans%20Pro%3A200%2C200italic%2C300%2C300italic%2Cregular%2Citalic%2C600%2C600italic%2C700%2C700italic%2C900%2C900italic|font_style:900%20bold%20regular%3A900%3Anormal\u00a0\u00bb][\/vc_column][\/vc_row][vc_row][vc_column width=\u00a0\u00bb2\/3&Prime;][vc_column_text]Rouleaux combin\u00e9s Winkel permettent de r\u00e9soudre \u00e9conomiquement les mouvements verticaux et horizontaux sur les<span class=\"excerpt-hellip\"> [\u2026]<\/span><\/p>\n","protected":false},"author":4,"featured_media":0,"parent":2237,"menu_order":0,"comment_status":"closed","ping_status":"closed","template":"","meta":{"inline_featured_image":false,"footnotes":""},"class_list":["post-2248","page","type-page","status-publish","hentry"],"yoast_head":"<!-- This site is optimized with the Yoast SEO plugin v26.8 - https:\/\/yoast.com\/product\/yoast-seo-wordpress\/ -->\n<title>Rouleaux combin\u00e9s Winkel - Vansichen Linear Technology<\/title>\n<meta name=\"description\" content=\"D\u00e9couvrez ici comment les rouleaux combin\u00e9s de Winkel r\u00e9solvent \u00e9conomiquement les mouvements verticaux et horizontaux. Visitez le site web !\" \/>\n<meta name=\"robots\" content=\"index, follow, max-snippet:-1, max-image-preview:large, max-video-preview:-1\" \/>\n<link rel=\"canonical\" href=\"https:\/\/vansichen.be\/fr\/composants-lineaires-standard\/guidages\/guidages-a-galets\/rouleaux-combines-winkel\/\" \/>\n<meta property=\"og:locale\" content=\"fr_FR\" \/>\n<meta property=\"og:type\" content=\"article\" \/>\n<meta property=\"og:title\" content=\"Rouleaux combin\u00e9s Winkel - Vansichen Linear Technology\" \/>\n<meta property=\"og:description\" content=\"D\u00e9couvrez ici comment les rouleaux combin\u00e9s de Winkel r\u00e9solvent \u00e9conomiquement les mouvements verticaux et horizontaux. Visitez le site web !\" \/>\n<meta property=\"og:url\" content=\"https:\/\/vansichen.be\/fr\/composants-lineaires-standard\/guidages\/guidages-a-galets\/rouleaux-combines-winkel\/\" \/>\n<meta property=\"og:site_name\" content=\"Vansichen Linear Technology\" \/>\n<meta property=\"article:modified_time\" content=\"2023-05-23T13:45:24+00:00\" \/>\n<meta name=\"twitter:card\" content=\"summary_large_image\" \/>\n<meta name=\"twitter:label1\" content=\"Dur\u00e9e de lecture estim\u00e9e\" \/>\n\t<meta name=\"twitter:data1\" content=\"1 minute\" \/>\n<script type=\"application\/ld+json\" class=\"yoast-schema-graph\">{\"@context\":\"https:\/\/schema.org\",\"@graph\":[{\"@type\":\"WebPage\",\"@id\":\"https:\/\/vansichen.be\/fr\/composants-lineaires-standard\/guidages\/guidages-a-galets\/rouleaux-combines-winkel\/\",\"url\":\"https:\/\/vansichen.be\/fr\/composants-lineaires-standard\/guidages\/guidages-a-galets\/rouleaux-combines-winkel\/\",\"name\":\"Rouleaux combin\u00e9s Winkel - Vansichen Linear Technology\",\"isPartOf\":{\"@id\":\"https:\/\/vansichen.be\/de\/#website\"},\"datePublished\":\"2020-04-30T13:09:17+00:00\",\"dateModified\":\"2023-05-23T13:45:24+00:00\",\"description\":\"D\u00e9couvrez ici comment les rouleaux combin\u00e9s de Winkel r\u00e9solvent \u00e9conomiquement les mouvements verticaux et horizontaux. Visitez le site web !\",\"breadcrumb\":{\"@id\":\"https:\/\/vansichen.be\/fr\/composants-lineaires-standard\/guidages\/guidages-a-galets\/rouleaux-combines-winkel\/#breadcrumb\"},\"inLanguage\":\"fr-FR\",\"potentialAction\":[{\"@type\":\"ReadAction\",\"target\":[\"https:\/\/vansichen.be\/fr\/composants-lineaires-standard\/guidages\/guidages-a-galets\/rouleaux-combines-winkel\/\"]}]},{\"@type\":\"BreadcrumbList\",\"@id\":\"https:\/\/vansichen.be\/fr\/composants-lineaires-standard\/guidages\/guidages-a-galets\/rouleaux-combines-winkel\/#breadcrumb\",\"itemListElement\":[{\"@type\":\"ListItem\",\"position\":1,\"name\":\"Home\",\"item\":\"https:\/\/vansichen.be\/fr\/\"},{\"@type\":\"ListItem\",\"position\":2,\"name\":\"Composants lin\u00e9aires standard\",\"item\":\"https:\/\/vansichen.be\/fr\/composants-lineaires-standard\/\"},{\"@type\":\"ListItem\",\"position\":3,\"name\":\"Guidages\",\"item\":\"https:\/\/vansichen.be\/fr\/composants-lineaires-standard\/guidages\/\"},{\"@type\":\"ListItem\",\"position\":4,\"name\":\"Guidages \u00e0 galets\",\"item\":\"https:\/\/vansichen.be\/fr\/composants-lineaires-standard\/guidages\/guidages-a-galets\/\"},{\"@type\":\"ListItem\",\"position\":5,\"name\":\"Rouleaux combin\u00e9s Winkel\"}]},{\"@type\":\"WebSite\",\"@id\":\"https:\/\/vansichen.be\/de\/#website\",\"url\":\"https:\/\/vansichen.be\/de\/\",\"name\":\"Vansichen Linear Technology\",\"description\":\"\",\"publisher\":{\"@id\":\"https:\/\/vansichen.be\/de\/#organization\"},\"potentialAction\":[{\"@type\":\"SearchAction\",\"target\":{\"@type\":\"EntryPoint\",\"urlTemplate\":\"https:\/\/vansichen.be\/de\/?s={search_term_string}\"},\"query-input\":{\"@type\":\"PropertyValueSpecification\",\"valueRequired\":true,\"valueName\":\"search_term_string\"}}],\"inLanguage\":\"fr-FR\"},{\"@type\":\"Organization\",\"@id\":\"https:\/\/vansichen.be\/de\/#organization\",\"name\":\"Vansichen Linear Technology\",\"url\":\"https:\/\/vansichen.be\/de\/\",\"logo\":{\"@type\":\"ImageObject\",\"inLanguage\":\"fr-FR\",\"@id\":\"https:\/\/vansichen.be\/de\/#\/schema\/logo\/image\/\",\"url\":\"https:\/\/vansichen.be\/wp-content\/uploads\/2020\/03\/Vansichen_home_2020_4.png\",\"contentUrl\":\"https:\/\/vansichen.be\/wp-content\/uploads\/2020\/03\/Vansichen_home_2020_4.png\",\"width\":260,\"height\":44,\"caption\":\"Vansichen Linear Technology\"},\"image\":{\"@id\":\"https:\/\/vansichen.be\/de\/#\/schema\/logo\/image\/\"}}]}<\/script>\n<!-- \/ Yoast SEO plugin. -->","yoast_head_json":{"title":"Rouleaux combin\u00e9s Winkel - Vansichen Linear Technology","description":"D\u00e9couvrez ici comment les rouleaux combin\u00e9s de Winkel r\u00e9solvent \u00e9conomiquement les mouvements verticaux et horizontaux. Visitez le site web !","robots":{"index":"index","follow":"follow","max-snippet":"max-snippet:-1","max-image-preview":"max-image-preview:large","max-video-preview":"max-video-preview:-1"},"canonical":"https:\/\/vansichen.be\/fr\/composants-lineaires-standard\/guidages\/guidages-a-galets\/rouleaux-combines-winkel\/","og_locale":"fr_FR","og_type":"article","og_title":"Rouleaux combin\u00e9s Winkel - Vansichen Linear Technology","og_description":"D\u00e9couvrez ici comment les rouleaux combin\u00e9s de Winkel r\u00e9solvent \u00e9conomiquement les mouvements verticaux et horizontaux. Visitez le site web !","og_url":"https:\/\/vansichen.be\/fr\/composants-lineaires-standard\/guidages\/guidages-a-galets\/rouleaux-combines-winkel\/","og_site_name":"Vansichen Linear Technology","article_modified_time":"2023-05-23T13:45:24+00:00","twitter_card":"summary_large_image","twitter_misc":{"Dur\u00e9e de lecture estim\u00e9e":"1 minute"},"schema":{"@context":"https:\/\/schema.org","@graph":[{"@type":"WebPage","@id":"https:\/\/vansichen.be\/fr\/composants-lineaires-standard\/guidages\/guidages-a-galets\/rouleaux-combines-winkel\/","url":"https:\/\/vansichen.be\/fr\/composants-lineaires-standard\/guidages\/guidages-a-galets\/rouleaux-combines-winkel\/","name":"Rouleaux combin\u00e9s Winkel - Vansichen Linear Technology","isPartOf":{"@id":"https:\/\/vansichen.be\/de\/#website"},"datePublished":"2020-04-30T13:09:17+00:00","dateModified":"2023-05-23T13:45:24+00:00","description":"D\u00e9couvrez ici comment les rouleaux combin\u00e9s de Winkel r\u00e9solvent \u00e9conomiquement les mouvements verticaux et horizontaux. Visitez le site web !","breadcrumb":{"@id":"https:\/\/vansichen.be\/fr\/composants-lineaires-standard\/guidages\/guidages-a-galets\/rouleaux-combines-winkel\/#breadcrumb"},"inLanguage":"fr-FR","potentialAction":[{"@type":"ReadAction","target":["https:\/\/vansichen.be\/fr\/composants-lineaires-standard\/guidages\/guidages-a-galets\/rouleaux-combines-winkel\/"]}]},{"@type":"BreadcrumbList","@id":"https:\/\/vansichen.be\/fr\/composants-lineaires-standard\/guidages\/guidages-a-galets\/rouleaux-combines-winkel\/#breadcrumb","itemListElement":[{"@type":"ListItem","position":1,"name":"Home","item":"https:\/\/vansichen.be\/fr\/"},{"@type":"ListItem","position":2,"name":"Composants lin\u00e9aires standard","item":"https:\/\/vansichen.be\/fr\/composants-lineaires-standard\/"},{"@type":"ListItem","position":3,"name":"Guidages","item":"https:\/\/vansichen.be\/fr\/composants-lineaires-standard\/guidages\/"},{"@type":"ListItem","position":4,"name":"Guidages \u00e0 galets","item":"https:\/\/vansichen.be\/fr\/composants-lineaires-standard\/guidages\/guidages-a-galets\/"},{"@type":"ListItem","position":5,"name":"Rouleaux combin\u00e9s Winkel"}]},{"@type":"WebSite","@id":"https:\/\/vansichen.be\/de\/#website","url":"https:\/\/vansichen.be\/de\/","name":"Vansichen Linear Technology","description":"","publisher":{"@id":"https:\/\/vansichen.be\/de\/#organization"},"potentialAction":[{"@type":"SearchAction","target":{"@type":"EntryPoint","urlTemplate":"https:\/\/vansichen.be\/de\/?s={search_term_string}"},"query-input":{"@type":"PropertyValueSpecification","valueRequired":true,"valueName":"search_term_string"}}],"inLanguage":"fr-FR"},{"@type":"Organization","@id":"https:\/\/vansichen.be\/de\/#organization","name":"Vansichen Linear Technology","url":"https:\/\/vansichen.be\/de\/","logo":{"@type":"ImageObject","inLanguage":"fr-FR","@id":"https:\/\/vansichen.be\/de\/#\/schema\/logo\/image\/","url":"https:\/\/vansichen.be\/wp-content\/uploads\/2020\/03\/Vansichen_home_2020_4.png","contentUrl":"https:\/\/vansichen.be\/wp-content\/uploads\/2020\/03\/Vansichen_home_2020_4.png","width":260,"height":44,"caption":"Vansichen Linear Technology"},"image":{"@id":"https:\/\/vansichen.be\/de\/#\/schema\/logo\/image\/"}}]}},"_links":{"self":[{"href":"https:\/\/vansichen.be\/fr\/wp-json\/wp\/v2\/pages\/2248","targetHints":{"allow":["GET"]}}],"collection":[{"href":"https:\/\/vansichen.be\/fr\/wp-json\/wp\/v2\/pages"}],"about":[{"href":"https:\/\/vansichen.be\/fr\/wp-json\/wp\/v2\/types\/page"}],"author":[{"embeddable":true,"href":"https:\/\/vansichen.be\/fr\/wp-json\/wp\/v2\/users\/4"}],"replies":[{"embeddable":true,"href":"https:\/\/vansichen.be\/fr\/wp-json\/wp\/v2\/comments?post=2248"}],"version-history":[{"count":5,"href":"https:\/\/vansichen.be\/fr\/wp-json\/wp\/v2\/pages\/2248\/revisions"}],"predecessor-version":[{"id":14357,"href":"https:\/\/vansichen.be\/fr\/wp-json\/wp\/v2\/pages\/2248\/revisions\/14357"}],"up":[{"embeddable":true,"href":"https:\/\/vansichen.be\/fr\/wp-json\/wp\/v2\/pages\/2237"}],"wp:attachment":[{"href":"https:\/\/vansichen.be\/fr\/wp-json\/wp\/v2\/media?parent=2248"}],"curies":[{"name":"wp","href":"https:\/\/api.w.org\/{rel}","templated":true}]}}