{"id":2348,"date":"2020-05-03T18:09:51","date_gmt":"2020-05-03T18:09:51","guid":{"rendered":"https:\/\/vansichen.be\/?page_id=2348"},"modified":"2025-04-25T08:45:12","modified_gmt":"2025-04-25T08:45:12","slug":"guidages-a-recirculation-de-billes","status":"publish","type":"page","link":"https:\/\/vansichen.be\/fr\/composants-lineaires-standard\/guidages\/guidages-a-billes\/guidages-a-recirculation-de-billes\/","title":{"rendered":"Guidages \u00e0 recirculation de billes"},"content":{"rendered":"<div class=\"wpb-content-wrapper\"><p>[vc_row][vc_column][vc_custom_heading text=\u00a0\u00bbGUIDAGES \u00c0 RECIRCULATION DE BILLES\u00a0\u00bb font_container=\u00a0\u00bbtag:h1|font_size:53px|text_align:left|color:%23e6007e\u00a0\u00bb google_fonts=\u00a0\u00bbfont_family:Source%20Sans%20Pro%3A200%2C200italic%2C300%2C300italic%2Cregular%2Citalic%2C600%2C600italic%2C700%2C700italic%2C900%2C900italic|font_style:900%20bold%20regular%3A900%3Anormal\u00a0\u00bb][vc_column_text]Guidages \u00e0 recirculation de billes sont constitu\u00e9s de billes en rotation se d\u00e9pla\u00e7ant dans des chemins de roulement ajust\u00e9s entre un rail et un chariot.[\/vc_column_text][vc_gallery type=\u00a0\u00bbimage_grid\u00a0\u00bb images=\u00a0\u00bb3091,3095,3099&Prime; img_size=\u00a0\u00bbfull\u00a0\u00bb el_class=\u00a0\u00bbhover-gallery\u00a0\u00bb][vc_row_inner][vc_column_inner width=\u00a0\u00bb2\/3&Prime;][vc_column_text]<\/p>\n<h4 style=\"font-size: 20px;\"><span style=\"color: #e6007e;\"><strong>SP\u00c9CIFICATIONS<\/strong><\/span><\/h4>\n<ul>\n<li>Reprise des charges dans toutes les directions.<\/li>\n<li>Montage des billes en X (S\u00e9rie CG setup en O).<\/li>\n<li>Guidage compact et pr\u00e9cis avec une haute rigidit\u00e9.<\/li>\n<li>Utilisation possible en mono-rail.<\/li>\n<li>Vitesse lin\u00e9aire de maximum 2.5 m\/s, nous contacter pour des vitesses plus \u00e9lev\u00e9es.<\/li>\n<li>Longueur de rail en une pi\u00e8ce de 4000 mm, longueur sup\u00e9rieure sur demande.<\/li>\n<li>Hiwin a 3 types de construction avec billes: HG, EG et la type miniature MG.<\/li>\n<li>Hiwin a aussi une type avec rouleaux: type RG.<\/li>\n<li>Racleurs SW pour environnement tr\u00e8s poussi\u00e9reux en combinaison avec rail en T.<\/li>\n<li>Grand stock dans notre magasin.<\/li>\n<li>Existent avec chaine pour les billes pour obtenir une application plus silencieuse.<\/li>\n<li>Autres types sur demande.<\/li>\n<\/ul>\n<p>Nous avons\u00a0\u00e9galement\u00a0dans notre gamme\u00a0des\u00a0<a href=\"https:\/\/vansichen.be\/fr\/composants-lineaires-standard\/systemes-positionnement-brides-fixation\/systeme-de-clamage\/\" target=\"_blank\" rel=\"noopener noreferrer\">syst\u00e8mes de clamage<\/a>\u00a0de\u00a0Zimmer pour\u00a0les rails de guidage.[\/vc_column_text][\/vc_column_inner][vc_column_inner width=\u00a0\u00bb1\/3&Prime;][vc_widget_sidebar sidebar_id=\u00a0\u00bbtop-area-1&Prime;][\/vc_column_inner][\/vc_row_inner][\/vc_column][\/vc_row][vc_row][vc_column][vc_custom_heading text=\u00a0\u00bbPARTENAIRE\u00a0\u00bb font_container=\u00a0\u00bbtag:h2|font_size:20px|text_align:left|color:%23e6007e\u00a0\u00bb google_fonts=\u00a0\u00bbfont_family:Source%20Sans%20Pro%3A200%2C200italic%2C300%2C300italic%2Cregular%2Citalic%2C600%2C600italic%2C700%2C700italic%2C900%2C900italic|font_style:900%20bold%20regular%3A900%3Anormal\u00a0\u00bb][\/vc_column][\/vc_row][vc_row el_class=\u00a0\u00bbpartners\u00a0\u00bb][vc_column width=\u00a0\u00bb1\/4&Prime;][vc_single_image image=\u00a0\u00bb4273&Prime; img_size=\u00a0\u00bbfull\u00a0\u00bb onclick=\u00a0\u00bbcustom_link\u00a0\u00bb img_link_target=\u00a0\u00bb_blank\u00a0\u00bb link=\u00a0\u00bbhttps:\/\/www.hiwin.de\/fr\u00a0\u00bb][\/vc_column][vc_column width=\u00a0\u00bb1\/4&Prime;][\/vc_column][vc_column width=\u00a0\u00bb1\/4&Prime;][\/vc_column][vc_column width=\u00a0\u00bb1\/4&Prime;][\/vc_column][\/vc_row][vc_row el_class=\u00a0\u00bblinks\u00a0\u00bb][vc_column][vc_custom_heading text=\u00a0\u00bbLIENS\u00a0\u00bb font_container=\u00a0\u00bbtag:h2|font_size:20px|text_align:left|color:%23e6007e\u00a0\u00bb google_fonts=\u00a0\u00bbfont_family:Source%20Sans%20Pro%3A200%2C200italic%2C300%2C300italic%2Cregular%2Citalic%2C600%2C600italic%2C700%2C700italic%2C900%2C900italic|font_style:900%20bold%20regular%3A900%3Anormal\u00a0\u00bb][vc_column_text css=\u00a0\u00bb\u00a0\u00bb]<a href=\"https:\/\/www.hiwin.de\/hiwin\/fr\/EUR\/\/Produits\/Guidages-sur-rail-profil%C3%A9\/c\/4354\" target=\"_blank\" rel=\"noopener noreferrer\">CATALOGUS GUIDAGES A RECIRCULATION DE BILLES HIWIN<\/a><br \/>\n<a href=\"https:\/\/www.hiwin.de\/fr\/tools\/produktkonfiguratoren\" target=\"_blank\" rel=\"noopener noreferrer\">3D-CAD HIWIN<\/a>[\/vc_column_text][\/vc_column][\/vc_row][vc_row el_class=\u00a0\u00bbdownloads\u00a0\u00bb][vc_column][vc_custom_heading text=\u00a0\u00bbDOWNLOADS\u00a0\u00bb font_container=\u00a0\u00bbtag:h2|font_size:20px|text_align:left|color:%23e6007e\u00a0\u00bb google_fonts=\u00a0\u00bbfont_family:Source%20Sans%20Pro%3A200%2C200italic%2C300%2C300italic%2Cregular%2Citalic%2C600%2C600italic%2C700%2C700italic%2C900%2C900italic|font_style:900%20bold%20regular%3A900%3Anormal\u00a0\u00bb][vc_column_text]<a href=\"https:\/\/vansichen.be\/wp-content\/uploads\/2020\/05\/Hiwin-manuel-de-graisse-pour-vis-a-billes-et-guidages-a-recirculation-de-billes.pdf\" target=\"_blank\" rel=\"noopener noreferrer\">HIWIN manuel de graisse pour vis a billes et guidages a recirculation de billes<\/a><br \/>\n<a href=\"https:\/\/vansichen.be\/wp-content\/uploads\/2021\/04\/Hiwin-catalogus-profielgeleidingen-FR.pdf\" target=\"_blank\" rel=\"noopener noreferrer\">HIWIN catalogue guidages lin\u00e9aires<\/a><br \/>\n<a href=\"https:\/\/vansichen.be\/wp-content\/uploads\/2021\/04\/Hiwin-Montage-onderhoudshandleiding-profielgeleidingen-EN.pdf\" target=\"_blank\" rel=\"noopener noreferrer\">HIWIN instructions de montage<\/a><br \/>\n<a href=\"\/wp-content\/uploads\/2023\/06\/Profielrailgeleidingen-CC-2023.pdf\" target=\"_blank\" rel=\"noopener noreferrer\">Catalogue Compact Vansichen guidages \u00e0 recirculation de billes<\/a>[\/vc_column_text][\/vc_column][\/vc_row][vc_row][vc_column][vc_video link=\u00a0\u00bbhttps:\/\/youtu.be\/9DHIWTxWVAw\u00a0\u00bb el_width=\u00a0\u00bb50&Prime;][vc_video link=\u00a0\u00bbhttps:\/\/www.youtube.com\/watch?v=GSnOBf2lsYA\u00a0\u00bb el_width=\u00a0\u00bb50&Prime;][\/vc_column][\/vc_row]<\/p>\n<\/div>","protected":false},"excerpt":{"rendered":"<p>[vc_row][vc_column][vc_custom_heading text=\u00a0\u00bbGUIDAGES \u00c0 RECIRCULATION DE BILLES\u00a0\u00bb font_container=\u00a0\u00bbtag:h1|font_size:53px|text_align:left|color:%23e6007e\u00a0\u00bb google_fonts=\u00a0\u00bbfont_family:Source%20Sans%20Pro%3A200%2C200italic%2C300%2C300italic%2Cregular%2Citalic%2C600%2C600italic%2C700%2C700italic%2C900%2C900italic|font_style:900%20bold%20regular%3A900%3Anormal\u00a0\u00bb][vc_column_text]Guidages \u00e0 recirculation de billes sont constitu\u00e9s de billes en rotation se d\u00e9pla\u00e7ant<span class=\"excerpt-hellip\"> [\u2026]<\/span><\/p>\n","protected":false},"author":4,"featured_media":0,"parent":14180,"menu_order":0,"comment_status":"closed","ping_status":"closed","template":"","meta":{"inline_featured_image":false,"footnotes":""},"class_list":["post-2348","page","type-page","status-publish","hentry"],"yoast_head":"<!-- This site is optimized with the Yoast SEO plugin v26.8 - https:\/\/yoast.com\/product\/yoast-seo-wordpress\/ -->\n<title>Guidages \u00e0 recirculation de billes - Guidage - Vansichen Linear Technology<\/title>\n<meta name=\"description\" content=\"Guidages \u00e0 recirculation de billes sont constitu\u00e9s de billes en rotation se d\u00e9pla\u00e7ant dans des chemins de roulement ajust\u00e9s entre un rail et un chariot.\" \/>\n<meta name=\"robots\" content=\"index, follow, max-snippet:-1, max-image-preview:large, max-video-preview:-1\" \/>\n<link rel=\"canonical\" href=\"https:\/\/vansichen.be\/fr\/composants-lineaires-standard\/guidages\/guidages-a-billes\/guidages-a-recirculation-de-billes\/\" \/>\n<meta property=\"og:locale\" content=\"fr_FR\" \/>\n<meta property=\"og:type\" content=\"article\" \/>\n<meta property=\"og:title\" content=\"Guidages \u00e0 recirculation de billes - Guidage - Vansichen Linear Technology\" \/>\n<meta property=\"og:description\" content=\"Guidages \u00e0 recirculation de billes sont constitu\u00e9s de billes en rotation se d\u00e9pla\u00e7ant dans des chemins de roulement ajust\u00e9s entre un rail et un chariot.\" \/>\n<meta property=\"og:url\" content=\"https:\/\/vansichen.be\/fr\/composants-lineaires-standard\/guidages\/guidages-a-billes\/guidages-a-recirculation-de-billes\/\" \/>\n<meta property=\"og:site_name\" content=\"Vansichen Linear Technology\" \/>\n<meta property=\"article:modified_time\" content=\"2025-04-25T08:45:12+00:00\" \/>\n<meta name=\"twitter:card\" content=\"summary_large_image\" \/>\n<meta name=\"twitter:label1\" content=\"Dur\u00e9e de lecture estim\u00e9e\" \/>\n\t<meta name=\"twitter:data1\" content=\"2 minutes\" \/>\n<script type=\"application\/ld+json\" class=\"yoast-schema-graph\">{\"@context\":\"https:\/\/schema.org\",\"@graph\":[{\"@type\":\"WebPage\",\"@id\":\"https:\/\/vansichen.be\/fr\/composants-lineaires-standard\/guidages\/guidages-a-billes\/guidages-a-recirculation-de-billes\/\",\"url\":\"https:\/\/vansichen.be\/fr\/composants-lineaires-standard\/guidages\/guidages-a-billes\/guidages-a-recirculation-de-billes\/\",\"name\":\"Guidages \u00e0 recirculation de billes - Guidage - Vansichen Linear Technology\",\"isPartOf\":{\"@id\":\"https:\/\/vansichen.be\/de\/#website\"},\"datePublished\":\"2020-05-03T18:09:51+00:00\",\"dateModified\":\"2025-04-25T08:45:12+00:00\",\"description\":\"Guidages \u00e0 recirculation de billes sont constitu\u00e9s de billes en rotation se d\u00e9pla\u00e7ant dans des chemins de roulement ajust\u00e9s entre un rail et un chariot.\",\"breadcrumb\":{\"@id\":\"https:\/\/vansichen.be\/fr\/composants-lineaires-standard\/guidages\/guidages-a-billes\/guidages-a-recirculation-de-billes\/#breadcrumb\"},\"inLanguage\":\"fr-FR\",\"potentialAction\":[{\"@type\":\"ReadAction\",\"target\":[\"https:\/\/vansichen.be\/fr\/composants-lineaires-standard\/guidages\/guidages-a-billes\/guidages-a-recirculation-de-billes\/\"]}]},{\"@type\":\"BreadcrumbList\",\"@id\":\"https:\/\/vansichen.be\/fr\/composants-lineaires-standard\/guidages\/guidages-a-billes\/guidages-a-recirculation-de-billes\/#breadcrumb\",\"itemListElement\":[{\"@type\":\"ListItem\",\"position\":1,\"name\":\"Home\",\"item\":\"https:\/\/vansichen.be\/fr\/\"},{\"@type\":\"ListItem\",\"position\":2,\"name\":\"Composants lin\u00e9aires standard\",\"item\":\"https:\/\/vansichen.be\/fr\/composants-lineaires-standard\/\"},{\"@type\":\"ListItem\",\"position\":3,\"name\":\"Guidages\",\"item\":\"https:\/\/vansichen.be\/fr\/composants-lineaires-standard\/guidages\/\"},{\"@type\":\"ListItem\",\"position\":4,\"name\":\"Guidages \u00e0 billes\",\"item\":\"https:\/\/vansichen.be\/fr\/composants-lineaires-standard\/guidages\/guidages-a-billes\/\"},{\"@type\":\"ListItem\",\"position\":5,\"name\":\"Guidages \u00e0 recirculation de billes\"}]},{\"@type\":\"WebSite\",\"@id\":\"https:\/\/vansichen.be\/de\/#website\",\"url\":\"https:\/\/vansichen.be\/de\/\",\"name\":\"Vansichen Linear Technology\",\"description\":\"\",\"publisher\":{\"@id\":\"https:\/\/vansichen.be\/de\/#organization\"},\"potentialAction\":[{\"@type\":\"SearchAction\",\"target\":{\"@type\":\"EntryPoint\",\"urlTemplate\":\"https:\/\/vansichen.be\/de\/?s={search_term_string}\"},\"query-input\":{\"@type\":\"PropertyValueSpecification\",\"valueRequired\":true,\"valueName\":\"search_term_string\"}}],\"inLanguage\":\"fr-FR\"},{\"@type\":\"Organization\",\"@id\":\"https:\/\/vansichen.be\/de\/#organization\",\"name\":\"Vansichen Linear Technology\",\"url\":\"https:\/\/vansichen.be\/de\/\",\"logo\":{\"@type\":\"ImageObject\",\"inLanguage\":\"fr-FR\",\"@id\":\"https:\/\/vansichen.be\/de\/#\/schema\/logo\/image\/\",\"url\":\"https:\/\/vansichen.be\/wp-content\/uploads\/2020\/03\/Vansichen_home_2020_4.png\",\"contentUrl\":\"https:\/\/vansichen.be\/wp-content\/uploads\/2020\/03\/Vansichen_home_2020_4.png\",\"width\":260,\"height\":44,\"caption\":\"Vansichen Linear Technology\"},\"image\":{\"@id\":\"https:\/\/vansichen.be\/de\/#\/schema\/logo\/image\/\"}}]}<\/script>\n<!-- \/ Yoast SEO plugin. -->","yoast_head_json":{"title":"Guidages \u00e0 recirculation de billes - Guidage - Vansichen Linear Technology","description":"Guidages \u00e0 recirculation de billes sont constitu\u00e9s de billes en rotation se d\u00e9pla\u00e7ant dans des chemins de roulement ajust\u00e9s entre un rail et un chariot.","robots":{"index":"index","follow":"follow","max-snippet":"max-snippet:-1","max-image-preview":"max-image-preview:large","max-video-preview":"max-video-preview:-1"},"canonical":"https:\/\/vansichen.be\/fr\/composants-lineaires-standard\/guidages\/guidages-a-billes\/guidages-a-recirculation-de-billes\/","og_locale":"fr_FR","og_type":"article","og_title":"Guidages \u00e0 recirculation de billes - Guidage - Vansichen Linear Technology","og_description":"Guidages \u00e0 recirculation de billes sont constitu\u00e9s de billes en rotation se d\u00e9pla\u00e7ant dans des chemins de roulement ajust\u00e9s entre un rail et un chariot.","og_url":"https:\/\/vansichen.be\/fr\/composants-lineaires-standard\/guidages\/guidages-a-billes\/guidages-a-recirculation-de-billes\/","og_site_name":"Vansichen Linear Technology","article_modified_time":"2025-04-25T08:45:12+00:00","twitter_card":"summary_large_image","twitter_misc":{"Dur\u00e9e de lecture estim\u00e9e":"2 minutes"},"schema":{"@context":"https:\/\/schema.org","@graph":[{"@type":"WebPage","@id":"https:\/\/vansichen.be\/fr\/composants-lineaires-standard\/guidages\/guidages-a-billes\/guidages-a-recirculation-de-billes\/","url":"https:\/\/vansichen.be\/fr\/composants-lineaires-standard\/guidages\/guidages-a-billes\/guidages-a-recirculation-de-billes\/","name":"Guidages \u00e0 recirculation de billes - Guidage - Vansichen Linear Technology","isPartOf":{"@id":"https:\/\/vansichen.be\/de\/#website"},"datePublished":"2020-05-03T18:09:51+00:00","dateModified":"2025-04-25T08:45:12+00:00","description":"Guidages \u00e0 recirculation de billes sont constitu\u00e9s de billes en rotation se d\u00e9pla\u00e7ant dans des chemins de roulement ajust\u00e9s entre un rail et un chariot.","breadcrumb":{"@id":"https:\/\/vansichen.be\/fr\/composants-lineaires-standard\/guidages\/guidages-a-billes\/guidages-a-recirculation-de-billes\/#breadcrumb"},"inLanguage":"fr-FR","potentialAction":[{"@type":"ReadAction","target":["https:\/\/vansichen.be\/fr\/composants-lineaires-standard\/guidages\/guidages-a-billes\/guidages-a-recirculation-de-billes\/"]}]},{"@type":"BreadcrumbList","@id":"https:\/\/vansichen.be\/fr\/composants-lineaires-standard\/guidages\/guidages-a-billes\/guidages-a-recirculation-de-billes\/#breadcrumb","itemListElement":[{"@type":"ListItem","position":1,"name":"Home","item":"https:\/\/vansichen.be\/fr\/"},{"@type":"ListItem","position":2,"name":"Composants lin\u00e9aires standard","item":"https:\/\/vansichen.be\/fr\/composants-lineaires-standard\/"},{"@type":"ListItem","position":3,"name":"Guidages","item":"https:\/\/vansichen.be\/fr\/composants-lineaires-standard\/guidages\/"},{"@type":"ListItem","position":4,"name":"Guidages \u00e0 billes","item":"https:\/\/vansichen.be\/fr\/composants-lineaires-standard\/guidages\/guidages-a-billes\/"},{"@type":"ListItem","position":5,"name":"Guidages \u00e0 recirculation de billes"}]},{"@type":"WebSite","@id":"https:\/\/vansichen.be\/de\/#website","url":"https:\/\/vansichen.be\/de\/","name":"Vansichen Linear Technology","description":"","publisher":{"@id":"https:\/\/vansichen.be\/de\/#organization"},"potentialAction":[{"@type":"SearchAction","target":{"@type":"EntryPoint","urlTemplate":"https:\/\/vansichen.be\/de\/?s={search_term_string}"},"query-input":{"@type":"PropertyValueSpecification","valueRequired":true,"valueName":"search_term_string"}}],"inLanguage":"fr-FR"},{"@type":"Organization","@id":"https:\/\/vansichen.be\/de\/#organization","name":"Vansichen Linear Technology","url":"https:\/\/vansichen.be\/de\/","logo":{"@type":"ImageObject","inLanguage":"fr-FR","@id":"https:\/\/vansichen.be\/de\/#\/schema\/logo\/image\/","url":"https:\/\/vansichen.be\/wp-content\/uploads\/2020\/03\/Vansichen_home_2020_4.png","contentUrl":"https:\/\/vansichen.be\/wp-content\/uploads\/2020\/03\/Vansichen_home_2020_4.png","width":260,"height":44,"caption":"Vansichen Linear Technology"},"image":{"@id":"https:\/\/vansichen.be\/de\/#\/schema\/logo\/image\/"}}]}},"_links":{"self":[{"href":"https:\/\/vansichen.be\/fr\/wp-json\/wp\/v2\/pages\/2348","targetHints":{"allow":["GET"]}}],"collection":[{"href":"https:\/\/vansichen.be\/fr\/wp-json\/wp\/v2\/pages"}],"about":[{"href":"https:\/\/vansichen.be\/fr\/wp-json\/wp\/v2\/types\/page"}],"author":[{"embeddable":true,"href":"https:\/\/vansichen.be\/fr\/wp-json\/wp\/v2\/users\/4"}],"replies":[{"embeddable":true,"href":"https:\/\/vansichen.be\/fr\/wp-json\/wp\/v2\/comments?post=2348"}],"version-history":[{"count":5,"href":"https:\/\/vansichen.be\/fr\/wp-json\/wp\/v2\/pages\/2348\/revisions"}],"predecessor-version":[{"id":19031,"href":"https:\/\/vansichen.be\/fr\/wp-json\/wp\/v2\/pages\/2348\/revisions\/19031"}],"up":[{"embeddable":true,"href":"https:\/\/vansichen.be\/fr\/wp-json\/wp\/v2\/pages\/14180"}],"wp:attachment":[{"href":"https:\/\/vansichen.be\/fr\/wp-json\/wp\/v2\/media?parent=2348"}],"curies":[{"name":"wp","href":"https:\/\/api.w.org\/{rel}","templated":true}]}}