{"id":268,"date":"2020-03-18T10:56:33","date_gmt":"2020-03-18T10:56:33","guid":{"rendered":"https:\/\/vansichen.be\/home\/"},"modified":"2024-03-19T12:10:44","modified_gmt":"2024-03-19T12:10:44","slug":"home","status":"publish","type":"page","link":"https:\/\/vansichen.be\/fr\/","title":{"rendered":"Home"},"content":{"rendered":"<div class=\"wpb-content-wrapper\"><p>[vc_section full_width=\u00a0\u00bbstretch_row_content\u00a0\u00bb][vc_row full_width=\u00a0\u00bbstretch_row_content\u00a0\u00bb el_class=\u00a0\u00bbbox-4-rotate-sec\u00a0\u00bb][vc_column width=\u00a0\u00bb1\/4&Prime; css=\u00a0\u00bb.vc_custom_1704799853660{background-color: #e5e5e5 !important;background-position: center !important;background-repeat: no-repeat !important;background-size: cover !important;}\u00a0\u00bb el_class=\u00a0\u00bbbox-4-rotate-sec-inner box-4-rotate-sec-inner-1&Prime;][vc_row_inner content_placement=\u00a0\u00bbmiddle\u00a0\u00bb css=\u00a0\u00bb.vc_custom_1704803341333{background-image: url(https:\/\/vansichen.be\/wp-content\/uploads\/2024\/01\/box1-1.jpg?id=16900) !important;background-position: center !important;background-repeat: no-repeat !important;background-size: cover !important;}\u00a0\u00bb el_class=\u00a0\u00bbt-1s\u00a0\u00bb][vc_column_inner][vc_custom_heading text=\u00a0\u00bbCOMPOSANTS<br \/>\nLIN\u00c9AIRES<br \/>\nSTANDARD\u00a0\u00bb font_container=\u00a0\u00bbtag:h2|text_align:center\u00a0\u00bb use_theme_fonts=\u00a0\u00bbyes\u00a0\u00bb][vc_btn title=\u00a0\u00bb\u00a0\u00bb i_icon_fontawesome=\u00a0\u00bbfar fa-arrow-alt-circle-right\u00a0\u00bb add_icon=\u00a0\u00bbtrue\u00a0\u00bb link=\u00a0\u00bburl:https%3A%2F%2Fvansichen.be%2Ffr%2Fcomposants-lineaires-standard%2F\u00a0\u00bb el_class=\u00a0\u00bbcus-arrow-btn arrow-btn-first\u00a0\u00bb][\/vc_column_inner][\/vc_row_inner][\/vc_column][vc_column width=\u00a0\u00bb1\/4&Prime; css=\u00a0\u00bb.vc_custom_1704799866617{background-color: #e5e5e5 !important;background-position: center !important;background-repeat: no-repeat !important;background-size: cover !important;}\u00a0\u00bb el_class=\u00a0\u00bbbox-4-rotate-sec-inner box-4-rotate-sec-inner-2&Prime;][vc_row_inner content_placement=\u00a0\u00bbmiddle\u00a0\u00bb css=\u00a0\u00bb.vc_custom_1704803374396{background-image: url(https:\/\/vansichen.be\/wp-content\/uploads\/2024\/01\/box2.jpg?id=16904) !important;background-position: center !important;background-repeat: no-repeat !important;background-size: cover !important;}\u00a0\u00bb el_class=\u00a0\u00bbt-1s\u00a0\u00bb][vc_column_inner][vc_custom_heading text=\u00a0\u00bbSYST\u00c8MES<br \/>\nLIN\u00c9AIRES\u00a0\u00bb font_container=\u00a0\u00bbtag:h2|text_align:center\u00a0\u00bb use_theme_fonts=\u00a0\u00bbyes\u00a0\u00bb][vc_btn title=\u00a0\u00bb\u00a0\u00bb i_icon_fontawesome=\u00a0\u00bbfar fa-arrow-alt-circle-right\u00a0\u00bb add_icon=\u00a0\u00bbtrue\u00a0\u00bb link=\u00a0\u00bburl:https%3A%2F%2Fvansichen.be%2Ffr%2Fsystemes-lineaires%2F\u00a0\u00bb el_class=\u00a0\u00bbcus-arrow-btn\u00a0\u00bb][\/vc_column_inner][\/vc_row_inner][\/vc_column][vc_column width=\u00a0\u00bb1\/4&Prime; css=\u00a0\u00bb.vc_custom_1704799874667{background-color: #e5e5e5 !important;background-position: center !important;background-repeat: no-repeat !important;background-size: cover !important;}\u00a0\u00bb el_class=\u00a0\u00bbbox-4-rotate-sec-inner box-4-rotate-sec-inner-3&Prime;][vc_row_inner content_placement=\u00a0\u00bbmiddle\u00a0\u00bb css=\u00a0\u00bb.vc_custom_1704803381444{background-image: url(https:\/\/vansichen.be\/wp-content\/uploads\/2024\/01\/box3.jpg?id=16908) !important;background-position: center !important;background-repeat: no-repeat !important;background-size: cover !important;}\u00a0\u00bb el_class=\u00a0\u00bbt-1s\u00a0\u00bb][vc_column_inner][vc_custom_heading text=\u00a0\u00bbPOSITIONNEURS\u00a0\u00bb font_container=\u00a0\u00bbtag:h2|text_align:center\u00a0\u00bb use_theme_fonts=\u00a0\u00bbyes\u00a0\u00bb][vc_btn title=\u00a0\u00bb\u00a0\u00bb i_icon_fontawesome=\u00a0\u00bbfar fa-arrow-alt-circle-right\u00a0\u00bb add_icon=\u00a0\u00bbtrue\u00a0\u00bb link=\u00a0\u00bburl:https%3A%2F%2Fvansichen.be%2Ffr%2Fpositionneurs%2F\u00a0\u00bb el_class=\u00a0\u00bbcus-arrow-btn\u00a0\u00bb][\/vc_column_inner][\/vc_row_inner][\/vc_column][vc_column width=\u00a0\u00bb1\/4&Prime; css=\u00a0\u00bb.vc_custom_1704799883817{background-color: #e5e5e5 !important;background-position: center !important;background-repeat: no-repeat !important;background-size: cover !important;}\u00a0\u00bb el_class=\u00a0\u00bbbox-4-rotate-sec-inner box-4-rotate-sec-inner-4&Prime;][vc_row_inner content_placement=\u00a0\u00bbmiddle\u00a0\u00bb css=\u00a0\u00bb.vc_custom_1704803390963{background-image: url(https:\/\/vansichen.be\/wp-content\/uploads\/2024\/01\/box4.jpg?id=16912) !important;background-position: center !important;background-repeat: no-repeat !important;background-size: cover !important;}\u00a0\u00bb el_class=\u00a0\u00bbt-1s\u00a0\u00bb][vc_column_inner][vc_custom_heading text=\u00a0\u00bbAXES DE<br \/>\nTRANSFERT<br \/>\nDE ROBOTS\u00a0\u00bb font_container=\u00a0\u00bbtag:h2|text_align:center\u00a0\u00bb use_theme_fonts=\u00a0\u00bbyes\u00a0\u00bb][vc_btn title=\u00a0\u00bb\u00a0\u00bb align=\u00a0\u00bbcenter\u00a0\u00bb i_icon_fontawesome=\u00a0\u00bbfar fa-arrow-alt-circle-right\u00a0\u00bb add_icon=\u00a0\u00bbtrue\u00a0\u00bb link=\u00a0\u00bburl:https%3A%2F%2Fvansichen.be%2Ffr%2Faxes-de-transfert-de-robots%2F\u00a0\u00bb el_class=\u00a0\u00bbcus-arrow-btn arrow-btn-last\u00a0\u00bb][\/vc_column_inner][\/vc_row_inner][\/vc_column][\/vc_row][\/vc_section][vc_row el_class=\u00a0\u00bbpost-cus\u00a0\u00bb][vc_column][vc_empty_space height=\u00a0\u00bb20px\u00a0\u00bb][vc_custom_heading text=\u00a0\u00bbDERNI\u00c8RES NOUVELLES DE VANSICHEN\u00a0\u00bb font_container=\u00a0\u00bbtag:h2|font_size:40px|text_align:center|color:%23e6007e\u00a0\u00bb google_fonts=\u00a0\u00bbfont_family:Source%20Sans%20Pro%3A200%2C200italic%2C300%2C300italic%2Cregular%2Citalic%2C600%2C600italic%2C700%2C700italic%2C900%2C900italic|font_style:700%20bold%20regular%3A700%3Anormal\u00a0\u00bb][vc_empty_space height=\u00a0\u00bb10px\u00a0\u00bb][vc_basic_grid post_type=\u00a0\u00bbpost\u00a0\u00bb max_items=\u00a0\u00bb\u00a0\u00bb style=\u00a0\u00bbpagination\u00a0\u00bb items_per_page=\u00a0\u00bb3&Prime; arrows_design=\u00a0\u00bbvc_arrow-icon-arrow_08_left\u00a0\u00bb arrows_position=\u00a0\u00bboutside\u00a0\u00bb arrows_color=\u00a0\u00bbjuicy_pink\u00a0\u00bb paging_design=\u00a0\u00bbpagination_default\u00a0\u00bb paging_color=\u00a0\u00bbblack\u00a0\u00bb item=\u00a0\u00bbmasonryGrid_Default\u00a0\u00bb grid_id=\u00a0\u00bbvc_gid:1710850212999-e1457665-4550-4&Prime; taxonomies=\u00a0\u00bb30&Prime; paging_animation_in=\u00a0\u00bbfadeInLeft\u00a0\u00bb el_class=\u00a0\u00bbcolor-overlay pagination-none\u00a0\u00bb][\/vc_column][\/vc_row][vc_row el_class=\u00a0\u00bbhome-client-slider\u00a0\u00bb][vc_column][vc_empty_space height=\u00a0\u00bb42px\u00a0\u00bb][vc_custom_heading text=\u00a0\u00bbNOS PARTENAIRES\u00a0\u00bb font_container=\u00a0\u00bbtag:h1|font_size:40px|text_align:center|color:%23e6007e\u00a0\u00bb google_fonts=\u00a0\u00bbfont_family:Source%20Sans%20Pro%3A200%2C200italic%2C300%2C300italic%2Cregular%2Citalic%2C600%2C600italic%2C700%2C700italic%2C900%2C900italic|font_style:700%20bold%20regular%3A700%3Anormal\u00a0\u00bb][vc_empty_space height=\u00a0\u00bb20px\u00a0\u00bb][vc_column_text]\n\t\t<style>\n\t\t\t#wpls-logo-showcase-slider-1 .wpls-fix-box,\n\t\t\t#wpls-logo-showcase-slider-1 .wpls-fix-box img.wp-post-image{max-height:250px; }\n\t\t<\/style>\n\n\t\t<div class=\"wpls-wrap wpls-logo-showcase-slider-wrp wpls-logo-clearfix wpls-design-1 \" data-conf=\"{&quot;slides_column&quot;:&quot;4&quot;,&quot;slides_scroll&quot;:1,&quot;dots&quot;:&quot;true&quot;,&quot;arrows&quot;:&quot;true&quot;,&quot;autoplay&quot;:&quot;true&quot;,&quot;autoplay_interval&quot;:3000,&quot;loop&quot;:&quot;true&quot;,&quot;rtl&quot;:&quot;false&quot;,&quot;speed&quot;:800,&quot;center_mode&quot;:&quot;false&quot;,&quot;lazyload&quot;:&quot;&quot;}\">\n\t\t\t<div class=\"wpls-logo-showcase logo_showcase wpls-logo-slider  sliderimage_hide_border \" id=\"wpls-logo-showcase-slider-1\" >\n\t\t\t\t<div class=\"wpls-logo-cnt\">\n\t<div class=\"wpls-fix-box\">\n\t\t\t\t<a href=\"https:\/\/www.pm.nl\/en\" target=\"_blank\">\n\t\t\t<img decoding=\"async\" class=\"wp-post-image\"  src=\"https:\/\/vansichen.be\/wp-content\/uploads\/2020\/03\/partner-precisiemetaal-precisie-geleidingen.jpg\" alt=\"\" \/>\n\t\t<\/a>\n\t\t\t<\/div>\n\t<\/div><div class=\"wpls-logo-cnt\">\n\t<div class=\"wpls-fix-box\">\n\t\t\t\t<a href=\"https:\/\/www.thyssenkrupp-rotheerde.com\/\" target=\"_blank\">\n\t\t\t<img decoding=\"async\" class=\"wp-post-image\"  src=\"https:\/\/vansichen.be\/wp-content\/uploads\/2020\/05\/partner-thyssenkrupp.png\" alt=\"partner thyssenkrupp\" \/>\n\t\t<\/a>\n\t\t\t<\/div>\n\t<\/div><div class=\"wpls-logo-cnt\">\n\t<div class=\"wpls-fix-box\">\n\t\t\t\t<a href=\"https:\/\/sr-gmbh.de\/\" target=\"_blank\">\n\t\t\t<img decoding=\"async\" class=\"wp-post-image\"  src=\"https:\/\/vansichen.be\/wp-content\/uploads\/2020\/04\/sr.png\" alt=\"s+r\" \/>\n\t\t<\/a>\n\t\t\t<\/div>\n\t<\/div><div class=\"wpls-logo-cnt\">\n\t<div class=\"wpls-fix-box\">\n\t\t\t\t<a href=\"https:\/\/www.inocon.de\/en\/\" target=\"_blank\">\n\t\t\t<img decoding=\"async\" class=\"wp-post-image\"  src=\"https:\/\/vansichen.be\/wp-content\/uploads\/2020\/03\/partner-inocon.png\" alt=\"partner inocon\" \/>\n\t\t<\/a>\n\t\t\t<\/div>\n\t<\/div><div class=\"wpls-logo-cnt\">\n\t<div class=\"wpls-fix-box\">\n\t\t\t\t<a href=\"https:\/\/atlantagmbh.de\/\" target=\"_blank\">\n\t\t\t<img decoding=\"async\" class=\"wp-post-image\"  src=\"https:\/\/vansichen.be\/wp-content\/uploads\/2020\/03\/atlanta-11-11-52.png\" alt=\"\" \/>\n\t\t<\/a>\n\t\t\t<\/div>\n\t<\/div><div class=\"wpls-logo-cnt\">\n\t<div class=\"wpls-fix-box\">\n\t\t\t\t<a href=\"http:\/\/leantechnik.com\/en\/\" target=\"_blank\">\n\t\t\t<img decoding=\"async\" class=\"wp-post-image\"  src=\"https:\/\/vansichen.be\/wp-content\/uploads\/2020\/04\/leantechnik-logo.jpg\" alt=\"leantechnik\" \/>\n\t\t<\/a>\n\t\t\t<\/div>\n\t<\/div><div class=\"wpls-logo-cnt\">\n\t<div class=\"wpls-fix-box\">\n\t\t\t\t<a href=\"https:\/\/www.nozag.ch\/de\/\" target=\"_blank\">\n\t\t\t<img decoding=\"async\" class=\"wp-post-image\"  src=\"https:\/\/vansichen.be\/wp-content\/uploads\/2020\/04\/nozag-logo.png\" alt=\"logo-nozag\" \/>\n\t\t<\/a>\n\t\t\t<\/div>\n\t<\/div><div class=\"wpls-logo-cnt\">\n\t<div class=\"wpls-fix-box\">\n\t\t\t\t<a href=\"http:\/\/www.nb-linear.co.jp\/english\/index.html\" target=\"_blank\">\n\t\t\t<img decoding=\"async\" class=\"wp-post-image\"  src=\"https:\/\/vansichen.be\/wp-content\/uploads\/2020\/04\/Logo-Nippon-Bearing.png\" alt=\"Logo Nippon Bearing\" \/>\n\t\t<\/a>\n\t\t\t<\/div>\n\t<\/div><div class=\"wpls-logo-cnt\">\n\t<div class=\"wpls-fix-box\">\n\t\t\t\t<a href=\"https:\/\/www.zimmer-group.com\/en\" target=\"_blank\">\n\t\t\t<img decoding=\"async\" class=\"wp-post-image\"  src=\"https:\/\/vansichen.be\/wp-content\/uploads\/2020\/04\/zimmer-logo.png\" alt=\"partner zimmer klemmen profielgeleiding\" \/>\n\t\t<\/a>\n\t\t\t<\/div>\n\t<\/div><div class=\"wpls-logo-cnt\">\n\t<div class=\"wpls-fix-box\">\n\t\t\t\t<a href=\"https:\/\/www.hiwin.de\/en\" target=\"_blank\">\n\t\t\t<img decoding=\"async\" class=\"wp-post-image\"  src=\"https:\/\/vansichen.be\/wp-content\/uploads\/2025\/08\/HN_Logo2012_ohneSlogan_RGB.png\" alt=\"\" \/>\n\t\t<\/a>\n\t\t\t<\/div>\n\t<\/div><div class=\"wpls-logo-cnt\">\n\t<div class=\"wpls-fix-box\">\n\t\t\t\t<a href=\"https:\/\/www.winkel.de\/en\/\" target=\"_blank\">\n\t\t\t<img decoding=\"async\" class=\"wp-post-image\"  src=\"https:\/\/vansichen.be\/wp-content\/uploads\/2020\/04\/winkel.png\" alt=\"winkel logo\" \/>\n\t\t<\/a>\n\t\t\t<\/div>\n\t<\/div><div class=\"wpls-logo-cnt\">\n\t<div class=\"wpls-fix-box\">\n\t\t\t\t<a href=\"https:\/\/www.bahr-modultechnik.de\/\" target=\"_blank\">\n\t\t\t<img decoding=\"async\" class=\"wp-post-image\"  src=\"https:\/\/vansichen.be\/wp-content\/uploads\/2020\/05\/IMI-Purple-PrimaryLogo_CMYK.jpg\" alt=\"logo IMI Bahr\" \/>\n\t\t<\/a>\n\t\t\t<\/div>\n\t<\/div><div class=\"wpls-logo-cnt\">\n\t<div class=\"wpls-fix-box\">\n\t\t\t\t<a href=\"http:\/\/www.rollon.com\/\" target=\"_blank\">\n\t\t\t<img decoding=\"async\" class=\"wp-post-image\"  src=\"https:\/\/vansichen.be\/wp-content\/uploads\/2020\/04\/partner-rollon.png\" alt=\"partner rollon loopwiel geleidingen\" \/>\n\t\t<\/a>\n\t\t\t<\/div>\n\t<\/div><div class=\"wpls-logo-cnt\">\n\t<div class=\"wpls-fix-box\">\n\t\t\t\t<a href=\"https:\/\/lhdforks.com\/\" target=\"_blank\">\n\t\t\t<img decoding=\"async\" class=\"wp-post-image\"  src=\"https:\/\/vansichen.be\/wp-content\/uploads\/2024\/03\/LHD.jpg\" alt=\"LHD\" \/>\n\t\t<\/a>\n\t\t\t<\/div>\n\t<\/div><div class=\"wpls-logo-cnt\">\n\t<div class=\"wpls-fix-box\">\n\t\t\t\t<a href=\"https:\/\/www.triboserv.de\/en\/\" target=\"_blank\">\n\t\t\t<img decoding=\"async\" class=\"wp-post-image\"  src=\"https:\/\/vansichen.be\/wp-content\/uploads\/2024\/03\/Triboserv.jpg\" alt=\"Triboserv\" \/>\n\t\t<\/a>\n\t\t\t<\/div>\n\t<\/div><div class=\"wpls-logo-cnt\">\n\t<div class=\"wpls-fix-box\">\n\t\t\t\t<a href=\"https:\/\/www.apexdyna.nl\/nl\" target=\"_blank\">\n\t\t\t<img decoding=\"async\" class=\"wp-post-image\"  src=\"https:\/\/vansichen.be\/wp-content\/uploads\/2024\/03\/apex-dynamics.png\" alt=\"apex dynamics\" \/>\n\t\t<\/a>\n\t\t\t<\/div>\n\t<\/div>\t\t\t<\/div>\n\t\t<\/div>\n\n\t\t[\/vc_column_text][vc_empty_space][\/vc_column][\/vc_row]<\/p>\n<\/div>","protected":false},"excerpt":{"rendered":"<p>[vc_section full_width=\u00a0\u00bbstretch_row_content\u00a0\u00bb][vc_row full_width=\u00a0\u00bbstretch_row_content\u00a0\u00bb el_class=\u00a0\u00bbbox-4-rotate-sec\u00a0\u00bb][vc_column width=\u00a0\u00bb1\/4&Prime; css=\u00a0\u00bb.vc_custom_1704799853660{background-color: #e5e5e5 !important;background-position: center !important;background-repeat: no-repeat !important;background-size: cover !important;}\u00a0\u00bb el_class=\u00a0\u00bbbox-4-rotate-sec-inner box-4-rotate-sec-inner-1&Prime;][vc_row_inner content_placement=\u00a0\u00bbmiddle\u00a0\u00bb css=\u00a0\u00bb.vc_custom_1704803341333{background-image: url(https:\/\/vansichen.be\/wp-content\/uploads\/2024\/01\/box1-1.jpg?id=16900) !important;background-position:<span class=\"excerpt-hellip\"> [\u2026]<\/span><\/p>\n","protected":false},"author":3,"featured_media":0,"parent":0,"menu_order":0,"comment_status":"closed","ping_status":"closed","template":"","meta":{"inline_featured_image":false,"footnotes":""},"class_list":["post-268","page","type-page","status-publish","hentry"],"yoast_head":"<!-- This site is optimized with the Yoast SEO plugin v26.8 - https:\/\/yoast.com\/product\/yoast-seo-wordpress\/ -->\n<title>Composants &amp; syst\u00e8mes lin\u00e9aires - 7th-axis - Vansichen<\/title>\n<meta name=\"description\" content=\"Vansichen Linear Technology vend et con\u00e7oit des composants et syst\u00e8mes lin\u00e9aires sur mesure. Cliquez ici pour plus d&#039;informations!\" \/>\n<meta name=\"robots\" content=\"index, follow, max-snippet:-1, max-image-preview:large, max-video-preview:-1\" \/>\n<link rel=\"canonical\" href=\"https:\/\/vansichen.be\/fr\/\" \/>\n<meta property=\"og:locale\" content=\"fr_FR\" \/>\n<meta property=\"og:type\" content=\"article\" \/>\n<meta property=\"og:title\" content=\"Composants &amp; syst\u00e8mes lin\u00e9aires - 7th-axis - Vansichen\" \/>\n<meta property=\"og:description\" content=\"Vansichen Linear Technology vend et con\u00e7oit des composants et syst\u00e8mes lin\u00e9aires sur mesure. Cliquez ici pour plus d&#039;informations!\" \/>\n<meta property=\"og:url\" content=\"https:\/\/vansichen.be\/fr\/\" \/>\n<meta property=\"og:site_name\" content=\"Vansichen Linear Technology\" \/>\n<meta property=\"article:modified_time\" content=\"2024-03-19T12:10:44+00:00\" \/>\n<meta name=\"twitter:card\" content=\"summary_large_image\" \/>\n<meta name=\"twitter:label1\" content=\"Dur\u00e9e de lecture estim\u00e9e\" \/>\n\t<meta name=\"twitter:data1\" content=\"1 minute\" \/>\n<script type=\"application\/ld+json\" class=\"yoast-schema-graph\">{\"@context\":\"https:\/\/schema.org\",\"@graph\":[{\"@type\":\"WebPage\",\"@id\":\"https:\/\/vansichen.be\/fr\/\",\"url\":\"https:\/\/vansichen.be\/fr\/\",\"name\":\"Composants & syst\u00e8mes lin\u00e9aires - 7th-axis - Vansichen\",\"isPartOf\":{\"@id\":\"https:\/\/vansichen.be\/de\/#website\"},\"datePublished\":\"2020-03-18T10:56:33+00:00\",\"dateModified\":\"2024-03-19T12:10:44+00:00\",\"description\":\"Vansichen Linear Technology vend et con\u00e7oit des composants et syst\u00e8mes lin\u00e9aires sur mesure. Cliquez ici pour plus d'informations!\",\"breadcrumb\":{\"@id\":\"https:\/\/vansichen.be\/fr\/#breadcrumb\"},\"inLanguage\":\"fr-FR\",\"potentialAction\":[{\"@type\":\"ReadAction\",\"target\":[\"https:\/\/vansichen.be\/fr\/\"]}]},{\"@type\":\"BreadcrumbList\",\"@id\":\"https:\/\/vansichen.be\/fr\/#breadcrumb\",\"itemListElement\":[{\"@type\":\"ListItem\",\"position\":1,\"name\":\"Home\",\"item\":\"https:\/\/vansichen.be\/fr\/\"},{\"@type\":\"ListItem\",\"position\":2,\"name\":\"Home\"}]},{\"@type\":\"WebSite\",\"@id\":\"https:\/\/vansichen.be\/de\/#website\",\"url\":\"https:\/\/vansichen.be\/de\/\",\"name\":\"Vansichen Linear Technology\",\"description\":\"\",\"publisher\":{\"@id\":\"https:\/\/vansichen.be\/de\/#organization\"},\"potentialAction\":[{\"@type\":\"SearchAction\",\"target\":{\"@type\":\"EntryPoint\",\"urlTemplate\":\"https:\/\/vansichen.be\/de\/?s={search_term_string}\"},\"query-input\":{\"@type\":\"PropertyValueSpecification\",\"valueRequired\":true,\"valueName\":\"search_term_string\"}}],\"inLanguage\":\"fr-FR\"},{\"@type\":\"Organization\",\"@id\":\"https:\/\/vansichen.be\/de\/#organization\",\"name\":\"Vansichen Linear Technology\",\"url\":\"https:\/\/vansichen.be\/de\/\",\"logo\":{\"@type\":\"ImageObject\",\"inLanguage\":\"fr-FR\",\"@id\":\"https:\/\/vansichen.be\/de\/#\/schema\/logo\/image\/\",\"url\":\"https:\/\/vansichen.be\/wp-content\/uploads\/2020\/03\/Vansichen_home_2020_4.png\",\"contentUrl\":\"https:\/\/vansichen.be\/wp-content\/uploads\/2020\/03\/Vansichen_home_2020_4.png\",\"width\":260,\"height\":44,\"caption\":\"Vansichen Linear Technology\"},\"image\":{\"@id\":\"https:\/\/vansichen.be\/de\/#\/schema\/logo\/image\/\"}}]}<\/script>\n<!-- \/ Yoast SEO plugin. -->","yoast_head_json":{"title":"Composants & syst\u00e8mes lin\u00e9aires - 7th-axis - Vansichen","description":"Vansichen Linear Technology vend et con\u00e7oit des composants et syst\u00e8mes lin\u00e9aires sur mesure. Cliquez ici pour plus d'informations!","robots":{"index":"index","follow":"follow","max-snippet":"max-snippet:-1","max-image-preview":"max-image-preview:large","max-video-preview":"max-video-preview:-1"},"canonical":"https:\/\/vansichen.be\/fr\/","og_locale":"fr_FR","og_type":"article","og_title":"Composants & syst\u00e8mes lin\u00e9aires - 7th-axis - Vansichen","og_description":"Vansichen Linear Technology vend et con\u00e7oit des composants et syst\u00e8mes lin\u00e9aires sur mesure. Cliquez ici pour plus d'informations!","og_url":"https:\/\/vansichen.be\/fr\/","og_site_name":"Vansichen Linear Technology","article_modified_time":"2024-03-19T12:10:44+00:00","twitter_card":"summary_large_image","twitter_misc":{"Dur\u00e9e de lecture estim\u00e9e":"1 minute"},"schema":{"@context":"https:\/\/schema.org","@graph":[{"@type":"WebPage","@id":"https:\/\/vansichen.be\/fr\/","url":"https:\/\/vansichen.be\/fr\/","name":"Composants & syst\u00e8mes lin\u00e9aires - 7th-axis - Vansichen","isPartOf":{"@id":"https:\/\/vansichen.be\/de\/#website"},"datePublished":"2020-03-18T10:56:33+00:00","dateModified":"2024-03-19T12:10:44+00:00","description":"Vansichen Linear Technology vend et con\u00e7oit des composants et syst\u00e8mes lin\u00e9aires sur mesure. Cliquez ici pour plus d'informations!","breadcrumb":{"@id":"https:\/\/vansichen.be\/fr\/#breadcrumb"},"inLanguage":"fr-FR","potentialAction":[{"@type":"ReadAction","target":["https:\/\/vansichen.be\/fr\/"]}]},{"@type":"BreadcrumbList","@id":"https:\/\/vansichen.be\/fr\/#breadcrumb","itemListElement":[{"@type":"ListItem","position":1,"name":"Home","item":"https:\/\/vansichen.be\/fr\/"},{"@type":"ListItem","position":2,"name":"Home"}]},{"@type":"WebSite","@id":"https:\/\/vansichen.be\/de\/#website","url":"https:\/\/vansichen.be\/de\/","name":"Vansichen Linear Technology","description":"","publisher":{"@id":"https:\/\/vansichen.be\/de\/#organization"},"potentialAction":[{"@type":"SearchAction","target":{"@type":"EntryPoint","urlTemplate":"https:\/\/vansichen.be\/de\/?s={search_term_string}"},"query-input":{"@type":"PropertyValueSpecification","valueRequired":true,"valueName":"search_term_string"}}],"inLanguage":"fr-FR"},{"@type":"Organization","@id":"https:\/\/vansichen.be\/de\/#organization","name":"Vansichen Linear Technology","url":"https:\/\/vansichen.be\/de\/","logo":{"@type":"ImageObject","inLanguage":"fr-FR","@id":"https:\/\/vansichen.be\/de\/#\/schema\/logo\/image\/","url":"https:\/\/vansichen.be\/wp-content\/uploads\/2020\/03\/Vansichen_home_2020_4.png","contentUrl":"https:\/\/vansichen.be\/wp-content\/uploads\/2020\/03\/Vansichen_home_2020_4.png","width":260,"height":44,"caption":"Vansichen Linear Technology"},"image":{"@id":"https:\/\/vansichen.be\/de\/#\/schema\/logo\/image\/"}}]}},"_links":{"self":[{"href":"https:\/\/vansichen.be\/fr\/wp-json\/wp\/v2\/pages\/268","targetHints":{"allow":["GET"]}}],"collection":[{"href":"https:\/\/vansichen.be\/fr\/wp-json\/wp\/v2\/pages"}],"about":[{"href":"https:\/\/vansichen.be\/fr\/wp-json\/wp\/v2\/types\/page"}],"author":[{"embeddable":true,"href":"https:\/\/vansichen.be\/fr\/wp-json\/wp\/v2\/users\/3"}],"replies":[{"embeddable":true,"href":"https:\/\/vansichen.be\/fr\/wp-json\/wp\/v2\/comments?post=268"}],"version-history":[{"count":5,"href":"https:\/\/vansichen.be\/fr\/wp-json\/wp\/v2\/pages\/268\/revisions"}],"predecessor-version":[{"id":17262,"href":"https:\/\/vansichen.be\/fr\/wp-json\/wp\/v2\/pages\/268\/revisions\/17262"}],"wp:attachment":[{"href":"https:\/\/vansichen.be\/fr\/wp-json\/wp\/v2\/media?parent=268"}],"curies":[{"name":"wp","href":"https:\/\/api.w.org\/{rel}","templated":true}]}}