{"id":299,"date":"2020-03-18T11:16:00","date_gmt":"2020-03-18T11:16:00","guid":{"rendered":"https:\/\/vansichen.be\/onderneming\/"},"modified":"2026-02-24T14:32:38","modified_gmt":"2026-02-24T14:32:38","slug":"a-propos-de-nous","status":"publish","type":"page","link":"https:\/\/vansichen.be\/fr\/a-propos-de-nous\/","title":{"rendered":"\u00c0 propos de nous"},"content":{"rendered":"<div class=\"wpb-content-wrapper\"><p>[vc_row][vc_column][vc_custom_heading text=\u00a0\u00bb\u00c0 PROPOS DE NOUS\u00a0\u00bb font_container=\u00a0\u00bbtag:h1|font_size:53px|text_align:left|color:%23e6007e\u00a0\u00bb google_fonts=\u00a0\u00bbfont_family:Source%20Sans%20Pro%3A200%2C200italic%2C300%2C300italic%2Cregular%2Citalic%2C600%2C600italic%2C700%2C700italic%2C900%2C900italic|font_style:900%20bold%20regular%3A900%3Anormal\u00a0\u00bb][\/vc_column][\/vc_row][vc_row][vc_column][vc_column_text]<strong>\u00c0 propos de Vansichen Linear Technology<\/strong>[\/vc_column_text][\/vc_column][\/vc_row][vc_row][vc_column width=\u00a0\u00bb2\/3&Prime;][vc_column_text]Vansichen Linear Technology a \u00e9t\u00e9 cr\u00e9\u00e9e en 1993 par l\u2019actuel Managing Director Maxime Vansichen en tant que Vansichen SPRL. \u00c0 l\u2019origine, la soci\u00e9t\u00e9 unipersonelle commen\u00e7ait \u00e0 repr\u00e9senter plusieurs marques allemandes de la technique lin\u00e9aire sur la base d\u2019une commission en Belgique et au Grand-Duch\u00e9 du Luxembourg. Un quart de si\u00e8cle plus tard, l\u2019entreprise Vansichen Linear Technology SPRL dispose de ses produits qu\u2019elle con\u00e7oit elle-m\u00eame afin d\u2019enrichir sa gamme de toute une s\u00e9rie de marques de qualit\u00e9 qu\u2019elle distribue. En 1998, l\u2019entreprise s\u2019est aussi mise \u00e0 concevoir le premier \u00ab sept axes \u00bb. Il s&rsquo;est d\u00e9velopp\u00e9 pour devenir une importante offre par d\u00e9faut et un fin travail sur mesure des bandes robotis\u00e9es.<\/p>\n<p>Vansichen Linear Technology est une v\u00e9ritable entreprise familiale au sein de laquelle deux g\u00e9n\u00e9rations sont actives. Aujourd\u2019hui, l\u2019entreprise sise \u00e0 Hasselt (Limbourg) compte plus de 20 travailleurs. <a href=\"\/fr\/contact\/\">Contactez-nous si vous voudrait collaborer.<\/a>[\/vc_column_text][\/vc_column][vc_column width=\u00a0\u00bb1\/3&Prime;][vc_single_image image=\u00a0\u00bb9177&Prime; img_size=\u00a0\u00bbfull\u00a0\u00bb alignment=\u00a0\u00bbright\u00a0\u00bb onclick=\u00a0\u00bblink_image\u00a0\u00bb][\/vc_column][\/vc_row][vc_row][vc_column width=\u00a0\u00bb2\/3&Prime;][vc_column_text]<strong>Vous voulez en savoir plus ? Ne manquez pas de regarder notre vid\u00e9o d&rsquo;entreprise !<\/strong>[\/vc_column_text][vc_video link=\u00a0\u00bbhttps:\/\/youtu.be\/NAditL-qBwc\u00a0\u00bb css=\u00a0\u00bb\u00a0\u00bb][\/vc_column][vc_column width=\u00a0\u00bb1\/3&Prime;][\/vc_column][\/vc_row]<\/p>\n<\/div>","protected":false},"excerpt":{"rendered":"<p>[vc_row][vc_column][vc_custom_heading text=\u00a0\u00bb\u00c0 PROPOS DE NOUS\u00a0\u00bb font_container=\u00a0\u00bbtag:h1|font_size:53px|text_align:left|color:%23e6007e\u00a0\u00bb google_fonts=\u00a0\u00bbfont_family:Source%20Sans%20Pro%3A200%2C200italic%2C300%2C300italic%2Cregular%2Citalic%2C600%2C600italic%2C700%2C700italic%2C900%2C900italic|font_style:900%20bold%20regular%3A900%3Anormal\u00a0\u00bb][\/vc_column][\/vc_row][vc_row][vc_column][vc_column_text]\u00c0 propos de Vansichen Linear Technology[\/vc_column_text][\/vc_column][\/vc_row][vc_row][vc_column width=\u00a0\u00bb2\/3&Prime;][vc_column_text]Vansichen Linear Technology a \u00e9t\u00e9 cr\u00e9\u00e9e en 1993<span class=\"excerpt-hellip\"> [\u2026]<\/span><\/p>\n","protected":false},"author":3,"featured_media":0,"parent":0,"menu_order":0,"comment_status":"closed","ping_status":"closed","template":"","meta":{"inline_featured_image":false,"footnotes":""},"class_list":["post-299","page","type-page","status-publish","hentry"],"yoast_head":"<!-- This site is optimized with the Yoast SEO plugin v26.8 - https:\/\/yoast.com\/product\/yoast-seo-wordpress\/ -->\n<title>\u00c0 propos de nous - L&#039;entreprise - Vansichen Linear Technology<\/title>\n<meta name=\"description\" content=\"\u00c0 propos de Vansichen Linear Technology. L&#039;entreprise a \u00e9t\u00e9 cr\u00e9\u00e9e en 1993 par Managing Director Maxime Vansichen. Lisez en plus!\" \/>\n<meta name=\"robots\" content=\"index, follow, max-snippet:-1, max-image-preview:large, max-video-preview:-1\" \/>\n<link rel=\"canonical\" href=\"https:\/\/vansichen.be\/fr\/a-propos-de-nous\/\" \/>\n<meta property=\"og:locale\" content=\"fr_FR\" \/>\n<meta property=\"og:type\" content=\"article\" \/>\n<meta property=\"og:title\" content=\"\u00c0 propos de nous - L&#039;entreprise - Vansichen Linear Technology\" \/>\n<meta property=\"og:description\" content=\"\u00c0 propos de Vansichen Linear Technology. L&#039;entreprise a \u00e9t\u00e9 cr\u00e9\u00e9e en 1993 par Managing Director Maxime Vansichen. Lisez en plus!\" \/>\n<meta property=\"og:url\" content=\"https:\/\/vansichen.be\/fr\/a-propos-de-nous\/\" \/>\n<meta property=\"og:site_name\" content=\"Vansichen Linear Technology\" \/>\n<meta property=\"article:modified_time\" content=\"2026-02-24T14:32:38+00:00\" \/>\n<meta name=\"twitter:card\" content=\"summary_large_image\" \/>\n<meta name=\"twitter:label1\" content=\"Dur\u00e9e de lecture estim\u00e9e\" \/>\n\t<meta name=\"twitter:data1\" content=\"2 minutes\" \/>\n<script type=\"application\/ld+json\" class=\"yoast-schema-graph\">{\"@context\":\"https:\/\/schema.org\",\"@graph\":[{\"@type\":\"WebPage\",\"@id\":\"https:\/\/vansichen.be\/fr\/a-propos-de-nous\/\",\"url\":\"https:\/\/vansichen.be\/fr\/a-propos-de-nous\/\",\"name\":\"\u00c0 propos de nous - L'entreprise - Vansichen Linear Technology\",\"isPartOf\":{\"@id\":\"https:\/\/vansichen.be\/de\/#website\"},\"datePublished\":\"2020-03-18T11:16:00+00:00\",\"dateModified\":\"2026-02-24T14:32:38+00:00\",\"description\":\"\u00c0 propos de Vansichen Linear Technology. L'entreprise a \u00e9t\u00e9 cr\u00e9\u00e9e en 1993 par Managing Director Maxime Vansichen. Lisez en plus!\",\"breadcrumb\":{\"@id\":\"https:\/\/vansichen.be\/fr\/a-propos-de-nous\/#breadcrumb\"},\"inLanguage\":\"fr-FR\",\"potentialAction\":[{\"@type\":\"ReadAction\",\"target\":[\"https:\/\/vansichen.be\/fr\/a-propos-de-nous\/\"]}]},{\"@type\":\"BreadcrumbList\",\"@id\":\"https:\/\/vansichen.be\/fr\/a-propos-de-nous\/#breadcrumb\",\"itemListElement\":[{\"@type\":\"ListItem\",\"position\":1,\"name\":\"Home\",\"item\":\"https:\/\/vansichen.be\/fr\/\"},{\"@type\":\"ListItem\",\"position\":2,\"name\":\"\u00c0 propos de nous\"}]},{\"@type\":\"WebSite\",\"@id\":\"https:\/\/vansichen.be\/de\/#website\",\"url\":\"https:\/\/vansichen.be\/de\/\",\"name\":\"Vansichen Linear Technology\",\"description\":\"\",\"publisher\":{\"@id\":\"https:\/\/vansichen.be\/de\/#organization\"},\"potentialAction\":[{\"@type\":\"SearchAction\",\"target\":{\"@type\":\"EntryPoint\",\"urlTemplate\":\"https:\/\/vansichen.be\/de\/?s={search_term_string}\"},\"query-input\":{\"@type\":\"PropertyValueSpecification\",\"valueRequired\":true,\"valueName\":\"search_term_string\"}}],\"inLanguage\":\"fr-FR\"},{\"@type\":\"Organization\",\"@id\":\"https:\/\/vansichen.be\/de\/#organization\",\"name\":\"Vansichen Linear Technology\",\"url\":\"https:\/\/vansichen.be\/de\/\",\"logo\":{\"@type\":\"ImageObject\",\"inLanguage\":\"fr-FR\",\"@id\":\"https:\/\/vansichen.be\/de\/#\/schema\/logo\/image\/\",\"url\":\"https:\/\/vansichen.be\/wp-content\/uploads\/2020\/03\/Vansichen_home_2020_4.png\",\"contentUrl\":\"https:\/\/vansichen.be\/wp-content\/uploads\/2020\/03\/Vansichen_home_2020_4.png\",\"width\":260,\"height\":44,\"caption\":\"Vansichen Linear Technology\"},\"image\":{\"@id\":\"https:\/\/vansichen.be\/de\/#\/schema\/logo\/image\/\"}}]}<\/script>\n<!-- \/ Yoast SEO plugin. -->","yoast_head_json":{"title":"\u00c0 propos de nous - L'entreprise - Vansichen Linear Technology","description":"\u00c0 propos de Vansichen Linear Technology. L'entreprise a \u00e9t\u00e9 cr\u00e9\u00e9e en 1993 par Managing Director Maxime Vansichen. Lisez en plus!","robots":{"index":"index","follow":"follow","max-snippet":"max-snippet:-1","max-image-preview":"max-image-preview:large","max-video-preview":"max-video-preview:-1"},"canonical":"https:\/\/vansichen.be\/fr\/a-propos-de-nous\/","og_locale":"fr_FR","og_type":"article","og_title":"\u00c0 propos de nous - L'entreprise - Vansichen Linear Technology","og_description":"\u00c0 propos de Vansichen Linear Technology. L'entreprise a \u00e9t\u00e9 cr\u00e9\u00e9e en 1993 par Managing Director Maxime Vansichen. Lisez en plus!","og_url":"https:\/\/vansichen.be\/fr\/a-propos-de-nous\/","og_site_name":"Vansichen Linear Technology","article_modified_time":"2026-02-24T14:32:38+00:00","twitter_card":"summary_large_image","twitter_misc":{"Dur\u00e9e de lecture estim\u00e9e":"2 minutes"},"schema":{"@context":"https:\/\/schema.org","@graph":[{"@type":"WebPage","@id":"https:\/\/vansichen.be\/fr\/a-propos-de-nous\/","url":"https:\/\/vansichen.be\/fr\/a-propos-de-nous\/","name":"\u00c0 propos de nous - L'entreprise - Vansichen Linear Technology","isPartOf":{"@id":"https:\/\/vansichen.be\/de\/#website"},"datePublished":"2020-03-18T11:16:00+00:00","dateModified":"2026-02-24T14:32:38+00:00","description":"\u00c0 propos de Vansichen Linear Technology. L'entreprise a \u00e9t\u00e9 cr\u00e9\u00e9e en 1993 par Managing Director Maxime Vansichen. Lisez en plus!","breadcrumb":{"@id":"https:\/\/vansichen.be\/fr\/a-propos-de-nous\/#breadcrumb"},"inLanguage":"fr-FR","potentialAction":[{"@type":"ReadAction","target":["https:\/\/vansichen.be\/fr\/a-propos-de-nous\/"]}]},{"@type":"BreadcrumbList","@id":"https:\/\/vansichen.be\/fr\/a-propos-de-nous\/#breadcrumb","itemListElement":[{"@type":"ListItem","position":1,"name":"Home","item":"https:\/\/vansichen.be\/fr\/"},{"@type":"ListItem","position":2,"name":"\u00c0 propos de nous"}]},{"@type":"WebSite","@id":"https:\/\/vansichen.be\/de\/#website","url":"https:\/\/vansichen.be\/de\/","name":"Vansichen Linear Technology","description":"","publisher":{"@id":"https:\/\/vansichen.be\/de\/#organization"},"potentialAction":[{"@type":"SearchAction","target":{"@type":"EntryPoint","urlTemplate":"https:\/\/vansichen.be\/de\/?s={search_term_string}"},"query-input":{"@type":"PropertyValueSpecification","valueRequired":true,"valueName":"search_term_string"}}],"inLanguage":"fr-FR"},{"@type":"Organization","@id":"https:\/\/vansichen.be\/de\/#organization","name":"Vansichen Linear Technology","url":"https:\/\/vansichen.be\/de\/","logo":{"@type":"ImageObject","inLanguage":"fr-FR","@id":"https:\/\/vansichen.be\/de\/#\/schema\/logo\/image\/","url":"https:\/\/vansichen.be\/wp-content\/uploads\/2020\/03\/Vansichen_home_2020_4.png","contentUrl":"https:\/\/vansichen.be\/wp-content\/uploads\/2020\/03\/Vansichen_home_2020_4.png","width":260,"height":44,"caption":"Vansichen Linear Technology"},"image":{"@id":"https:\/\/vansichen.be\/de\/#\/schema\/logo\/image\/"}}]}},"_links":{"self":[{"href":"https:\/\/vansichen.be\/fr\/wp-json\/wp\/v2\/pages\/299","targetHints":{"allow":["GET"]}}],"collection":[{"href":"https:\/\/vansichen.be\/fr\/wp-json\/wp\/v2\/pages"}],"about":[{"href":"https:\/\/vansichen.be\/fr\/wp-json\/wp\/v2\/types\/page"}],"author":[{"embeddable":true,"href":"https:\/\/vansichen.be\/fr\/wp-json\/wp\/v2\/users\/3"}],"replies":[{"embeddable":true,"href":"https:\/\/vansichen.be\/fr\/wp-json\/wp\/v2\/comments?post=299"}],"version-history":[{"count":6,"href":"https:\/\/vansichen.be\/fr\/wp-json\/wp\/v2\/pages\/299\/revisions"}],"predecessor-version":[{"id":20099,"href":"https:\/\/vansichen.be\/fr\/wp-json\/wp\/v2\/pages\/299\/revisions\/20099"}],"wp:attachment":[{"href":"https:\/\/vansichen.be\/fr\/wp-json\/wp\/v2\/media?parent=299"}],"curies":[{"name":"wp","href":"https:\/\/api.w.org\/{rel}","templated":true}]}}