{"id":4497,"date":"2020-05-12T09:19:19","date_gmt":"2020-05-12T09:19:19","guid":{"rendered":"https:\/\/vansichen.be\/?page_id=4497"},"modified":"2025-12-10T13:51:50","modified_gmt":"2025-12-10T13:51:50","slug":"systemes-lineaires","status":"publish","type":"page","link":"https:\/\/vansichen.be\/fr\/systemes-lineaires\/","title":{"rendered":"Syst\u00e8mes lin\u00e9aires"},"content":{"rendered":"<div class=\"wpb-content-wrapper\"><p>[vc_row][vc_column width=\u00a0\u00bb2\/3&Prime;][vc_custom_heading text=\u00a0\u00bbSYST\u00c8MES LIN\u00c9AIRES\u00a0\u00bb font_container=\u00a0\u00bbtag:h1|font_size:53px|text_align:left|color:%23e6007e\u00a0\u00bb google_fonts=\u00a0\u00bbfont_family:Source%20Sans%20Pro%3A200%2C200italic%2C300%2C300italic%2Cregular%2Citalic%2C600%2C600italic%2C700%2C700italic%2C900%2C900italic|font_style:900%20bold%20regular%3A900%3Anormal\u00a0\u00bb][vc_column_text]<strong>Le d\u00e9partement ing\u00e9nierie de Vansichen Techniques Lin\u00e9aires con\u00e7oit pour vous la partie lin\u00e9aire de votre machine ou de votre installation.<\/strong> Notre gamme de qualit\u00e9 sup\u00e9rieure de guides lin\u00e9aires et d&rsquo;\u00e9l\u00e9ments d&rsquo;entra\u00eenement sert de base. Une approche hors des sentiers battus et une cr\u00e9ation collaborative nous permettent d&rsquo;obtenir ensemble la solution parfaite pour votre situation. Vansichen Linear Technology dispose de capacit\u00e9s de production et d&rsquo;assemblage. Les essais des produits sur mesure font \u00e9galement partie des possibilit\u00e9s.<\/p>\n<p>En tant que client, vos principaux avantages sont\u00a0:<\/p>\n<ul>\n<li>Solution orient\u00e9e vers l&rsquo;application<\/li>\n<li>R\u00e9duction du nombre de pi\u00e8ces achet\u00e9es<\/li>\n<li>Raccourcissement du temps de montage<\/li>\n<li>Accent sur vos comp\u00e9tences fondamentales<\/li>\n<\/ul>\n<p>[\/vc_column_text][\/vc_column][vc_column width=\u00a0\u00bb1\/3&Prime;][vc_single_image image=\u00a0\u00bb19811&Prime; img_size=\u00a0\u00bbfull\u00a0\u00bb onclick=\u00a0\u00bbcustom_link\u00a0\u00bb img_link_target=\u00a0\u00bb_blank\u00a0\u00bb css_animation=\u00a0\u00bbnone\u00a0\u00bb css=\u00a0\u00bb.vc_custom_1765374704747{margin-bottom: 0px !important;}\u00a0\u00bb link=\u00a0\u00bbhttps:\/\/vansichen.be\/wp-content\/uploads\/2025\/10\/20251022-VS-Catalogus-XYZ-EN-Web.pdf\u00a0\u00bb][vc_row_inner css=\u00a0\u00bb.vc_custom_1571396687313{padding-right: 15px !important;padding-left: 15px !important;}\u00a0\u00bb][vc_column_inner css=\u00a0\u00bb.vc_custom_1588933193846{padding-top: 12px !important;padding-right: 10px !important;padding-bottom: 12px !important;padding-left: 10px !important;background-color: #e6007e !important;}\u00a0\u00bb][vc_custom_heading text=\u00a0\u00bbT\u00c9L\u00c9CHARGEZ LE CATALOGUE\u00a0\u00bb font_container=\u00a0\u00bbtag:h3|font_size:20|text_align:center|color:%23ffffff\u00a0\u00bb google_fonts=\u00a0\u00bbfont_family:Source%20Sans%20Pro%3A200%2C200italic%2C300%2C300italic%2Cregular%2Citalic%2C600%2C600italic%2C700%2C700italic%2C900%2C900italic|font_style:900%20bold%20regular%3A900%3Anormal\u00a0\u00bb css_animation=\u00a0\u00bbnone\u00a0\u00bb css=\u00a0\u00bb.vc_custom_1761142128662{margin-top: 0px !important;margin-bottom: 0px !important;}\u00a0\u00bb el_class=\u00a0\u00bbbrand-name\u00a0\u00bb link=\u00a0\u00bburl:https%3A%2F%2Fvansichen.be%2Fwp-content%2Fuploads%2F2025%2F10%2F20251022-VS-Catalogus-XYZ-EN-Web.pdf|target:_blank\u00a0\u00bb][\/vc_column_inner][\/vc_row_inner][\/vc_column][\/vc_row][vc_row el_class=\u00a0\u00bbhover-effect-img\u00a0\u00bb][vc_column][vc_row_inner][vc_column_inner width=\u00a0\u00bb1\/3&Prime;][vc_single_image image=\u00a0\u00bb4612&Prime; img_size=\u00a0\u00bbfull\u00a0\u00bb onclick=\u00a0\u00bbcustom_link\u00a0\u00bb link=\u00a0\u00bb\/fr\/systemes-lineaires\/winkel-systemes-de-levage\/\u00a0\u00bb][vc_custom_heading text=\u00a0\u00bbWINKEL SYST\u00c8MES DE LEVAGE\u00a0\u00bb font_container=\u00a0\u00bbtag:h2|font_size:23px|text_align:left|color:%23e6007e\u00a0\u00bb google_fonts=\u00a0\u00bbfont_family:Source%20Sans%20Pro%3A200%2C200italic%2C300%2C300italic%2Cregular%2Citalic%2C600%2C600italic%2C700%2C700italic%2C900%2C900italic|font_style:900%20bold%20regular%3A900%3Anormal\u00a0\u00bb link=\u00a0\u00bburl:%2Ffr%2Fsystemes-lineaires%2Fwinkel-systemes-de-levage%2F|||\u00a0\u00bb][\/vc_column_inner][vc_column_inner width=\u00a0\u00bb1\/3&Prime;][vc_single_image image=\u00a0\u00bb10554&Prime; img_size=\u00a0\u00bbfull\u00a0\u00bb onclick=\u00a0\u00bbcustom_link\u00a0\u00bb link=\u00a0\u00bbhttps:\/\/vansichen.be\/fr\/systemes-lineaires\/lhd-fourches-telescopiques\/\u00a0\u00bb][vc_custom_heading text=\u00a0\u00bbLHD FOURCHES T\u00c9LESCOPIQUES\u00a0\u00bb font_container=\u00a0\u00bbtag:h2|font_size:23px|text_align:left|color:%23e6007e\u00a0\u00bb google_fonts=\u00a0\u00bbfont_family:Source%20Sans%20Pro%3A200%2C200italic%2C300%2C300italic%2Cregular%2Citalic%2C600%2C600italic%2C700%2C700italic%2C900%2C900italic|font_style:900%20bold%20regular%3A900%3Anormal\u00a0\u00bb link=\u00a0\u00bburl:https%3A%2F%2Fvansichen.be%2Ffr%2Fsystemes-lineaires%2Flhd-fourches-telescopiques%2F|title:LHD%20fourches%20t%C3%A9lescopiques||\u00a0\u00bb][\/vc_column_inner][vc_column_inner width=\u00a0\u00bb1\/3&Prime;][vc_single_image image=\u00a0\u00bb4846&Prime; img_size=\u00a0\u00bbfull\u00a0\u00bb onclick=\u00a0\u00bbcustom_link\u00a0\u00bb link=\u00a0\u00bb\/fr\/systemes-lineaires\/systemes-multiaxes\/\u00a0\u00bb][vc_custom_heading text=\u00a0\u00bbSYST\u00c8MES MULTIAXES\u00a0\u00bb font_container=\u00a0\u00bbtag:h2|font_size:23px|text_align:left|color:%23e6007e\u00a0\u00bb google_fonts=\u00a0\u00bbfont_family:Source%20Sans%20Pro%3A200%2C200italic%2C300%2C300italic%2Cregular%2Citalic%2C600%2C600italic%2C700%2C700italic%2C900%2C900italic|font_style:900%20bold%20regular%3A900%3Anormal\u00a0\u00bb link=\u00a0\u00bburl:%2Ffr%2Fsystemes-lineaires%2Fsystemes-multiaxes%2F|||\u00a0\u00bb][\/vc_column_inner][\/vc_row_inner][vc_row_inner][vc_column_inner width=\u00a0\u00bb1\/3&Prime;][vc_single_image image=\u00a0\u00bb19219&Prime; img_size=\u00a0\u00bbfull\u00a0\u00bb onclick=\u00a0\u00bbcustom_link\u00a0\u00bb css=\u00a0\u00bb\u00a0\u00bb link=\u00a0\u00bb\/fr\/systemes-lineaires\/gantry-systemes-de-precision\u00a0\u00bb][vc_custom_heading text=\u00a0\u00bbGANTRY SYSTEMES DE PRECISION\u00a0\u00bb font_container=\u00a0\u00bbtag:h2|font_size:23px|text_align:left|color:%23e6007e\u00a0\u00bb google_fonts=\u00a0\u00bbfont_family:Source%20Sans%20Pro%3A200%2C200italic%2C300%2C300italic%2Cregular%2Citalic%2C600%2C600italic%2C700%2C700italic%2C900%2C900italic|font_style:900%20bold%20regular%3A900%3Anormal\u00a0\u00bb css=\u00a0\u00bb\u00a0\u00bb link=\u00a0\u00bburl:%2Ffr%2Fsystemes-lineaires%2Fgantry-systemes-de-precision\u00a0\u00bb][\/vc_column_inner][vc_column_inner width=\u00a0\u00bb1\/3&Prime;][\/vc_column_inner][vc_column_inner width=\u00a0\u00bb1\/3&Prime;][\/vc_column_inner][\/vc_row_inner][\/vc_column][\/vc_row][vc_row full_width=\u00a0\u00bbstretch_row\u00a0\u00bb css=\u00a0\u00bb.vc_custom_1591618294992{background-color: #efefef !important;}\u00a0\u00bb][vc_column][vc_custom_heading text=\u00a0\u00bbEXEMPLES\u00a0\u00bb font_container=\u00a0\u00bbtag:h2|font_size:20px|text_align:left|color:%23e6007e\u00a0\u00bb google_fonts=\u00a0\u00bbfont_family:Source%20Sans%20Pro%3A200%2C200italic%2C300%2C300italic%2Cregular%2Citalic%2C600%2C600italic%2C700%2C700italic%2C900%2C900italic|font_style:900%20bold%20regular%3A900%3Anormal\u00a0\u00bb][vc_row_inner][vc_column_inner][vc_column_text]<strong>Syst\u00e8me de positionnement X-Y-Z pour une extrudeuse<\/strong><br \/>\nCette extrudeuse contient des produits de HIWIN, Atlanta, Nozag et Winkel. \u00c0 cet effet, nous avons fabriqu\u00e9 un syst\u00e8me X-Y-Z. L&rsquo;axe X moins\u00a0&#8230; est guid\u00e9 sur des rouleaux Winkel et entra\u00een\u00e9 par une cr\u00e9maill\u00e8re.\u00a0 L&rsquo;axe Y est avanc\u00e9 sur des rails HIWIN et entra\u00een\u00e9 par une vis \u00e0 billes. Le mouvement vertical est con\u00e7u sur la base d&rsquo;un v\u00e9rin \u00e0 vis Nozag, qui est entra\u00een\u00e9 de mani\u00e8re centrale.[\/vc_column_text][vc_single_image image=\u00a0\u00bb9390&Prime; img_size=\u00a0\u00bbmedium\u00a0\u00bb onclick=\u00a0\u00bblink_image\u00a0\u00bb][vc_separator color=\u00a0\u00bbblack\u00a0\u00bb][vc_column_text]<strong>Manipulateur X-Y-Z<\/strong><br \/>\nCe manipulateur \u00e0 double t\u00eate rotative a \u00e9t\u00e9 con\u00e7u et produit pour la manutention de plaques de nickel.[\/vc_column_text][vc_single_image image=\u00a0\u00bb8817&Prime; img_size=\u00a0\u00bbmedium\u00a0\u00bb onclick=\u00a0\u00bblink_image\u00a0\u00bb][vc_separator color=\u00a0\u00bbblack\u00a0\u00bb][vc_column_text]<strong>Syst\u00e8me X-Y<\/strong><br \/>\nCe X-Y contient du mat\u00e9riel HIWIN et Atlanta. L&rsquo;axe Y est t\u00e9lescopique.[\/vc_column_text][vc_single_image image=\u00a0\u00bb8821&Prime; img_size=\u00a0\u00bbmedium\u00a0\u00bb onclick=\u00a0\u00bblink_image\u00a0\u00bb][\/vc_column_inner][\/vc_row_inner][\/vc_column][\/vc_row][vc_row][vc_column][vc_custom_heading text=\u00a0\u00bbR\u00c9ALISATIONS\u00a0\u00bb font_container=\u00a0\u00bbtag:h2|font_size:20px|text_align:left|color:%23e6007e\u00a0\u00bb google_fonts=\u00a0\u00bbfont_family:Source%20Sans%20Pro%3A200%2C200italic%2C300%2C300italic%2Cregular%2Citalic%2C600%2C600italic%2C700%2C700italic%2C900%2C900italic|font_style:900%20bold%20regular%3A900%3Anormal\u00a0\u00bb][vc_gallery type=\u00a0\u00bbimage_grid\u00a0\u00bb images=\u00a0\u00bb8922,8926,8930,8934,8938,8942,8946,8950,8954,8958,8962,8966,8970,8974,8978,8982,8986,8990,8994,8998,9002,9006,9010,9014,9018,9022,9026&Prime; img_size=\u00a0\u00bbfull\u00a0\u00bb el_class=\u00a0\u00bbhover-gallery\u00a0\u00bb][\/vc_column][\/vc_row]<\/p>\n<\/div>","protected":false},"excerpt":{"rendered":"<p>[vc_row][vc_column width=\u00a0\u00bb2\/3&Prime;][vc_custom_heading text=\u00a0\u00bbSYST\u00c8MES LIN\u00c9AIRES\u00a0\u00bb font_container=\u00a0\u00bbtag:h1|font_size:53px|text_align:left|color:%23e6007e\u00a0\u00bb google_fonts=\u00a0\u00bbfont_family:Source%20Sans%20Pro%3A200%2C200italic%2C300%2C300italic%2Cregular%2Citalic%2C600%2C600italic%2C700%2C700italic%2C900%2C900italic|font_style:900%20bold%20regular%3A900%3Anormal\u00a0\u00bb][vc_column_text]Le d\u00e9partement ing\u00e9nierie de Vansichen Techniques Lin\u00e9aires con\u00e7oit pour vous la partie lin\u00e9aire de votre<span class=\"excerpt-hellip\"> [\u2026]<\/span><\/p>\n","protected":false},"author":4,"featured_media":0,"parent":0,"menu_order":0,"comment_status":"closed","ping_status":"closed","template":"","meta":{"inline_featured_image":false,"footnotes":""},"class_list":["post-4497","page","type-page","status-publish","hentry"],"yoast_head":"<!-- This site is optimized with the Yoast SEO plugin v26.8 - https:\/\/yoast.com\/product\/yoast-seo-wordpress\/ -->\n<title>Syst\u00e8mes lin\u00e9aires - Ing\u00e9nierie - Vansichen Linear Technology<\/title>\n<meta name=\"description\" content=\"Les ing\u00e9nieurs de\u00a0Vansichen Techniques Lin\u00e9aires con\u00e7oit et fabrique les syst\u00e8mes lin\u00e9aires de votre machine ou de votre installation.\" \/>\n<meta name=\"robots\" content=\"index, follow, max-snippet:-1, max-image-preview:large, max-video-preview:-1\" \/>\n<link rel=\"canonical\" href=\"https:\/\/vansichen.be\/fr\/systemes-lineaires\/\" \/>\n<meta property=\"og:locale\" content=\"fr_FR\" \/>\n<meta property=\"og:type\" content=\"article\" \/>\n<meta property=\"og:title\" content=\"Syst\u00e8mes lin\u00e9aires - Ing\u00e9nierie - Vansichen Linear Technology\" \/>\n<meta property=\"og:description\" content=\"Les ing\u00e9nieurs de\u00a0Vansichen Techniques Lin\u00e9aires con\u00e7oit et fabrique les syst\u00e8mes lin\u00e9aires de votre machine ou de votre installation.\" \/>\n<meta property=\"og:url\" content=\"https:\/\/vansichen.be\/fr\/systemes-lineaires\/\" \/>\n<meta property=\"og:site_name\" content=\"Vansichen Linear Technology\" \/>\n<meta property=\"article:modified_time\" content=\"2025-12-10T13:51:50+00:00\" \/>\n<meta name=\"twitter:card\" content=\"summary_large_image\" \/>\n<meta name=\"twitter:label1\" content=\"Dur\u00e9e de lecture estim\u00e9e\" \/>\n\t<meta name=\"twitter:data1\" content=\"2 minutes\" \/>\n<script type=\"application\/ld+json\" class=\"yoast-schema-graph\">{\"@context\":\"https:\/\/schema.org\",\"@graph\":[{\"@type\":\"WebPage\",\"@id\":\"https:\/\/vansichen.be\/fr\/systemes-lineaires\/\",\"url\":\"https:\/\/vansichen.be\/fr\/systemes-lineaires\/\",\"name\":\"Syst\u00e8mes lin\u00e9aires - Ing\u00e9nierie - Vansichen Linear Technology\",\"isPartOf\":{\"@id\":\"https:\/\/vansichen.be\/de\/#website\"},\"datePublished\":\"2020-05-12T09:19:19+00:00\",\"dateModified\":\"2025-12-10T13:51:50+00:00\",\"description\":\"Les ing\u00e9nieurs de\u00a0Vansichen Techniques Lin\u00e9aires con\u00e7oit et fabrique les syst\u00e8mes lin\u00e9aires de votre machine ou de votre installation.\",\"breadcrumb\":{\"@id\":\"https:\/\/vansichen.be\/fr\/systemes-lineaires\/#breadcrumb\"},\"inLanguage\":\"fr-FR\",\"potentialAction\":[{\"@type\":\"ReadAction\",\"target\":[\"https:\/\/vansichen.be\/fr\/systemes-lineaires\/\"]}]},{\"@type\":\"BreadcrumbList\",\"@id\":\"https:\/\/vansichen.be\/fr\/systemes-lineaires\/#breadcrumb\",\"itemListElement\":[{\"@type\":\"ListItem\",\"position\":1,\"name\":\"Home\",\"item\":\"https:\/\/vansichen.be\/fr\/\"},{\"@type\":\"ListItem\",\"position\":2,\"name\":\"Syst\u00e8mes lin\u00e9aires\"}]},{\"@type\":\"WebSite\",\"@id\":\"https:\/\/vansichen.be\/de\/#website\",\"url\":\"https:\/\/vansichen.be\/de\/\",\"name\":\"Vansichen Linear Technology\",\"description\":\"\",\"publisher\":{\"@id\":\"https:\/\/vansichen.be\/de\/#organization\"},\"potentialAction\":[{\"@type\":\"SearchAction\",\"target\":{\"@type\":\"EntryPoint\",\"urlTemplate\":\"https:\/\/vansichen.be\/de\/?s={search_term_string}\"},\"query-input\":{\"@type\":\"PropertyValueSpecification\",\"valueRequired\":true,\"valueName\":\"search_term_string\"}}],\"inLanguage\":\"fr-FR\"},{\"@type\":\"Organization\",\"@id\":\"https:\/\/vansichen.be\/de\/#organization\",\"name\":\"Vansichen Linear Technology\",\"url\":\"https:\/\/vansichen.be\/de\/\",\"logo\":{\"@type\":\"ImageObject\",\"inLanguage\":\"fr-FR\",\"@id\":\"https:\/\/vansichen.be\/de\/#\/schema\/logo\/image\/\",\"url\":\"https:\/\/vansichen.be\/wp-content\/uploads\/2020\/03\/Vansichen_home_2020_4.png\",\"contentUrl\":\"https:\/\/vansichen.be\/wp-content\/uploads\/2020\/03\/Vansichen_home_2020_4.png\",\"width\":260,\"height\":44,\"caption\":\"Vansichen Linear Technology\"},\"image\":{\"@id\":\"https:\/\/vansichen.be\/de\/#\/schema\/logo\/image\/\"}}]}<\/script>\n<!-- \/ Yoast SEO plugin. -->","yoast_head_json":{"title":"Syst\u00e8mes lin\u00e9aires - Ing\u00e9nierie - Vansichen Linear Technology","description":"Les ing\u00e9nieurs de\u00a0Vansichen Techniques Lin\u00e9aires con\u00e7oit et fabrique les syst\u00e8mes lin\u00e9aires de votre machine ou de votre installation.","robots":{"index":"index","follow":"follow","max-snippet":"max-snippet:-1","max-image-preview":"max-image-preview:large","max-video-preview":"max-video-preview:-1"},"canonical":"https:\/\/vansichen.be\/fr\/systemes-lineaires\/","og_locale":"fr_FR","og_type":"article","og_title":"Syst\u00e8mes lin\u00e9aires - Ing\u00e9nierie - Vansichen Linear Technology","og_description":"Les ing\u00e9nieurs de\u00a0Vansichen Techniques Lin\u00e9aires con\u00e7oit et fabrique les syst\u00e8mes lin\u00e9aires de votre machine ou de votre installation.","og_url":"https:\/\/vansichen.be\/fr\/systemes-lineaires\/","og_site_name":"Vansichen Linear Technology","article_modified_time":"2025-12-10T13:51:50+00:00","twitter_card":"summary_large_image","twitter_misc":{"Dur\u00e9e de lecture estim\u00e9e":"2 minutes"},"schema":{"@context":"https:\/\/schema.org","@graph":[{"@type":"WebPage","@id":"https:\/\/vansichen.be\/fr\/systemes-lineaires\/","url":"https:\/\/vansichen.be\/fr\/systemes-lineaires\/","name":"Syst\u00e8mes lin\u00e9aires - Ing\u00e9nierie - Vansichen Linear Technology","isPartOf":{"@id":"https:\/\/vansichen.be\/de\/#website"},"datePublished":"2020-05-12T09:19:19+00:00","dateModified":"2025-12-10T13:51:50+00:00","description":"Les ing\u00e9nieurs de\u00a0Vansichen Techniques Lin\u00e9aires con\u00e7oit et fabrique les syst\u00e8mes lin\u00e9aires de votre machine ou de votre installation.","breadcrumb":{"@id":"https:\/\/vansichen.be\/fr\/systemes-lineaires\/#breadcrumb"},"inLanguage":"fr-FR","potentialAction":[{"@type":"ReadAction","target":["https:\/\/vansichen.be\/fr\/systemes-lineaires\/"]}]},{"@type":"BreadcrumbList","@id":"https:\/\/vansichen.be\/fr\/systemes-lineaires\/#breadcrumb","itemListElement":[{"@type":"ListItem","position":1,"name":"Home","item":"https:\/\/vansichen.be\/fr\/"},{"@type":"ListItem","position":2,"name":"Syst\u00e8mes lin\u00e9aires"}]},{"@type":"WebSite","@id":"https:\/\/vansichen.be\/de\/#website","url":"https:\/\/vansichen.be\/de\/","name":"Vansichen Linear Technology","description":"","publisher":{"@id":"https:\/\/vansichen.be\/de\/#organization"},"potentialAction":[{"@type":"SearchAction","target":{"@type":"EntryPoint","urlTemplate":"https:\/\/vansichen.be\/de\/?s={search_term_string}"},"query-input":{"@type":"PropertyValueSpecification","valueRequired":true,"valueName":"search_term_string"}}],"inLanguage":"fr-FR"},{"@type":"Organization","@id":"https:\/\/vansichen.be\/de\/#organization","name":"Vansichen Linear Technology","url":"https:\/\/vansichen.be\/de\/","logo":{"@type":"ImageObject","inLanguage":"fr-FR","@id":"https:\/\/vansichen.be\/de\/#\/schema\/logo\/image\/","url":"https:\/\/vansichen.be\/wp-content\/uploads\/2020\/03\/Vansichen_home_2020_4.png","contentUrl":"https:\/\/vansichen.be\/wp-content\/uploads\/2020\/03\/Vansichen_home_2020_4.png","width":260,"height":44,"caption":"Vansichen Linear Technology"},"image":{"@id":"https:\/\/vansichen.be\/de\/#\/schema\/logo\/image\/"}}]}},"_links":{"self":[{"href":"https:\/\/vansichen.be\/fr\/wp-json\/wp\/v2\/pages\/4497","targetHints":{"allow":["GET"]}}],"collection":[{"href":"https:\/\/vansichen.be\/fr\/wp-json\/wp\/v2\/pages"}],"about":[{"href":"https:\/\/vansichen.be\/fr\/wp-json\/wp\/v2\/types\/page"}],"author":[{"embeddable":true,"href":"https:\/\/vansichen.be\/fr\/wp-json\/wp\/v2\/users\/4"}],"replies":[{"embeddable":true,"href":"https:\/\/vansichen.be\/fr\/wp-json\/wp\/v2\/comments?post=4497"}],"version-history":[{"count":8,"href":"https:\/\/vansichen.be\/fr\/wp-json\/wp\/v2\/pages\/4497\/revisions"}],"predecessor-version":[{"id":19954,"href":"https:\/\/vansichen.be\/fr\/wp-json\/wp\/v2\/pages\/4497\/revisions\/19954"}],"wp:attachment":[{"href":"https:\/\/vansichen.be\/fr\/wp-json\/wp\/v2\/media?parent=4497"}],"curies":[{"name":"wp","href":"https:\/\/api.w.org\/{rel}","templated":true}]}}