{"id":4687,"date":"2020-05-12T10:23:03","date_gmt":"2020-05-12T10:23:03","guid":{"rendered":"https:\/\/vansichen.be\/?page_id=4687"},"modified":"2024-09-12T10:13:01","modified_gmt":"2024-09-12T10:13:01","slug":"vansichen-bahr-systemes-multiaxes","status":"publish","type":"page","link":"https:\/\/vansichen.be\/fr\/systemes-lineaires\/systemes-multiaxes\/vansichen-bahr-systemes-multiaxes\/","title":{"rendered":"Vansichen-IMI Bahr: syst\u00e8mes multiaxes"},"content":{"rendered":"<div class=\"wpb-content-wrapper\"><p>[vc_row][vc_column][vc_custom_heading text=\u00a0\u00bbVANSICHEN-IMI BAHR: SYST\u00c8MES MULTIAXES\u00a0\u00bb font_container=\u00a0\u00bbtag:h1|font_size:53px|text_align:left|color:%23e6007e\u00a0\u00bb google_fonts=\u00a0\u00bbfont_family:Source%20Sans%20Pro%3A200%2C200italic%2C300%2C300italic%2Cregular%2Citalic%2C600%2C600italic%2C700%2C700italic%2C900%2C900italic|font_style:900%20bold%20regular%3A900%3Anormal\u00a0\u00bb][\/vc_column][\/vc_row][vc_row][vc_column width=\u00a0\u00bb2\/3&Prime;][vc_column_text]<strong>Combinaison d&rsquo;aluminium et d&rsquo;arcier<\/strong><\/p>\n<p>Vansichen Linear Technology, en collaboration avec son fournisseur allemand IMI Bahr, d\u00e9veloppe des syst\u00e8mes multiaxes et solutions personnalis\u00e9es pour ses clients, pour toutes les applications o\u00f9 une combinaison d\u2019acier et d\u2019aluminium apporte la robustesse et la durabilit\u00e9 id\u00e9ales.[\/vc_column_text][vc_custom_heading text=\u00a0\u00bbPARTENAIRE\u00a0\u00bb font_container=\u00a0\u00bbtag:h2|font_size:20px|text_align:left|color:%23e6007e\u00a0\u00bb google_fonts=\u00a0\u00bbfont_family:Source%20Sans%20Pro%3A200%2C200italic%2C300%2C300italic%2Cregular%2Citalic%2C600%2C600italic%2C700%2C700italic%2C900%2C900italic|font_style:900%20bold%20regular%3A900%3Anormal\u00a0\u00bb][vc_row_inner el_class=\u00a0\u00bbpartners\u00a0\u00bb][vc_column_inner width=\u00a0\u00bb1\/3&Prime;][vc_single_image image=\u00a0\u00bb17817&Prime; img_size=\u00a0\u00bbfull\u00a0\u00bb onclick=\u00a0\u00bbcustom_link\u00a0\u00bb img_link_target=\u00a0\u00bb_blank\u00a0\u00bb link=\u00a0\u00bbhttps:\/\/www.bahr-modultechnik.de\/en\/\u00a0\u00bb][\/vc_column_inner][vc_column_inner width=\u00a0\u00bb1\/3&Prime;][\/vc_column_inner][vc_column_inner width=\u00a0\u00bb1\/3&Prime;][\/vc_column_inner][\/vc_row_inner][\/vc_column][vc_column width=\u00a0\u00bb1\/3&Prime;][vc_widget_sidebar sidebar_id=\u00a0\u00bbtop-area-1&Prime;][\/vc_column][\/vc_row][vc_row][vc_column][vc_empty_space height=\u00a0\u00bb40px\u00a0\u00bb][vc_gallery type=\u00a0\u00bbimage_grid\u00a0\u00bb images=\u00a0\u00bb5846,5850,5854&Prime; img_size=\u00a0\u00bbfull\u00a0\u00bb el_class=\u00a0\u00bbhover-gallery\u00a0\u00bb][\/vc_column][\/vc_row]<\/p>\n<\/div>","protected":false},"excerpt":{"rendered":"<p>[vc_row][vc_column][vc_custom_heading text=\u00a0\u00bbVANSICHEN-IMI BAHR: SYST\u00c8MES MULTIAXES\u00a0\u00bb font_container=\u00a0\u00bbtag:h1|font_size:53px|text_align:left|color:%23e6007e\u00a0\u00bb google_fonts=\u00a0\u00bbfont_family:Source%20Sans%20Pro%3A200%2C200italic%2C300%2C300italic%2Cregular%2Citalic%2C600%2C600italic%2C700%2C700italic%2C900%2C900italic|font_style:900%20bold%20regular%3A900%3Anormal\u00a0\u00bb][\/vc_column][\/vc_row][vc_row][vc_column width=\u00a0\u00bb2\/3&Prime;][vc_column_text]Combinaison d&rsquo;aluminium et d&rsquo;arcier Vansichen Linear Technology, en collaboration avec son fournisseur allemand<span class=\"excerpt-hellip\"> [\u2026]<\/span><\/p>\n","protected":false},"author":4,"featured_media":0,"parent":4671,"menu_order":0,"comment_status":"closed","ping_status":"closed","template":"","meta":{"inline_featured_image":false,"footnotes":""},"class_list":["post-4687","page","type-page","status-publish","hentry"],"yoast_head":"<!-- This site is optimized with the Yoast SEO plugin v26.8 - https:\/\/yoast.com\/product\/yoast-seo-wordpress\/ -->\n<title>Vansichen-IMI Bahr: syst\u00e8mes multiaxes - Vansichen Linear Technology<\/title>\n<meta name=\"description\" content=\"Vansichen d\u00e9veloppe avec IMI Bahr des syst\u00e8mes multiaxes pour ses clients. Une combinaison d\u2019acier et d\u2019aluminium est id\u00e9ale.\" \/>\n<meta name=\"robots\" content=\"index, follow, max-snippet:-1, max-image-preview:large, max-video-preview:-1\" \/>\n<link rel=\"canonical\" href=\"https:\/\/vansichen.be\/fr\/systemes-lineaires\/systemes-multiaxes\/vansichen-bahr-systemes-multiaxes\/\" \/>\n<meta property=\"og:locale\" content=\"fr_FR\" \/>\n<meta property=\"og:type\" content=\"article\" \/>\n<meta property=\"og:title\" content=\"Vansichen-IMI Bahr: syst\u00e8mes multiaxes - Vansichen Linear Technology\" \/>\n<meta property=\"og:description\" content=\"Vansichen d\u00e9veloppe avec IMI Bahr des syst\u00e8mes multiaxes pour ses clients. Une combinaison d\u2019acier et d\u2019aluminium est id\u00e9ale.\" \/>\n<meta property=\"og:url\" content=\"https:\/\/vansichen.be\/fr\/systemes-lineaires\/systemes-multiaxes\/vansichen-bahr-systemes-multiaxes\/\" \/>\n<meta property=\"og:site_name\" content=\"Vansichen Linear Technology\" \/>\n<meta property=\"article:modified_time\" content=\"2024-09-12T10:13:01+00:00\" \/>\n<meta name=\"twitter:card\" content=\"summary_large_image\" \/>\n<meta name=\"twitter:label1\" content=\"Dur\u00e9e de lecture estim\u00e9e\" \/>\n\t<meta name=\"twitter:data1\" content=\"2 minutes\" \/>\n<script type=\"application\/ld+json\" class=\"yoast-schema-graph\">{\"@context\":\"https:\/\/schema.org\",\"@graph\":[{\"@type\":\"WebPage\",\"@id\":\"https:\/\/vansichen.be\/fr\/systemes-lineaires\/systemes-multiaxes\/vansichen-bahr-systemes-multiaxes\/\",\"url\":\"https:\/\/vansichen.be\/fr\/systemes-lineaires\/systemes-multiaxes\/vansichen-bahr-systemes-multiaxes\/\",\"name\":\"Vansichen-IMI Bahr: syst\u00e8mes multiaxes - Vansichen Linear Technology\",\"isPartOf\":{\"@id\":\"https:\/\/vansichen.be\/de\/#website\"},\"datePublished\":\"2020-05-12T10:23:03+00:00\",\"dateModified\":\"2024-09-12T10:13:01+00:00\",\"description\":\"Vansichen d\u00e9veloppe avec IMI Bahr des syst\u00e8mes multiaxes pour ses clients. Une combinaison d\u2019acier et d\u2019aluminium est id\u00e9ale.\",\"breadcrumb\":{\"@id\":\"https:\/\/vansichen.be\/fr\/systemes-lineaires\/systemes-multiaxes\/vansichen-bahr-systemes-multiaxes\/#breadcrumb\"},\"inLanguage\":\"fr-FR\",\"potentialAction\":[{\"@type\":\"ReadAction\",\"target\":[\"https:\/\/vansichen.be\/fr\/systemes-lineaires\/systemes-multiaxes\/vansichen-bahr-systemes-multiaxes\/\"]}]},{\"@type\":\"BreadcrumbList\",\"@id\":\"https:\/\/vansichen.be\/fr\/systemes-lineaires\/systemes-multiaxes\/vansichen-bahr-systemes-multiaxes\/#breadcrumb\",\"itemListElement\":[{\"@type\":\"ListItem\",\"position\":1,\"name\":\"Home\",\"item\":\"https:\/\/vansichen.be\/fr\/\"},{\"@type\":\"ListItem\",\"position\":2,\"name\":\"Syst\u00e8mes lin\u00e9aires\",\"item\":\"https:\/\/vansichen.be\/fr\/systemes-lineaires\/\"},{\"@type\":\"ListItem\",\"position\":3,\"name\":\"Syst\u00e8mes multiaxes\",\"item\":\"https:\/\/vansichen.be\/fr\/systemes-lineaires\/systemes-multiaxes\/\"},{\"@type\":\"ListItem\",\"position\":4,\"name\":\"Vansichen-IMI Bahr: syst\u00e8mes multiaxes\"}]},{\"@type\":\"WebSite\",\"@id\":\"https:\/\/vansichen.be\/de\/#website\",\"url\":\"https:\/\/vansichen.be\/de\/\",\"name\":\"Vansichen Linear Technology\",\"description\":\"\",\"publisher\":{\"@id\":\"https:\/\/vansichen.be\/de\/#organization\"},\"potentialAction\":[{\"@type\":\"SearchAction\",\"target\":{\"@type\":\"EntryPoint\",\"urlTemplate\":\"https:\/\/vansichen.be\/de\/?s={search_term_string}\"},\"query-input\":{\"@type\":\"PropertyValueSpecification\",\"valueRequired\":true,\"valueName\":\"search_term_string\"}}],\"inLanguage\":\"fr-FR\"},{\"@type\":\"Organization\",\"@id\":\"https:\/\/vansichen.be\/de\/#organization\",\"name\":\"Vansichen Linear Technology\",\"url\":\"https:\/\/vansichen.be\/de\/\",\"logo\":{\"@type\":\"ImageObject\",\"inLanguage\":\"fr-FR\",\"@id\":\"https:\/\/vansichen.be\/de\/#\/schema\/logo\/image\/\",\"url\":\"https:\/\/vansichen.be\/wp-content\/uploads\/2020\/03\/Vansichen_home_2020_4.png\",\"contentUrl\":\"https:\/\/vansichen.be\/wp-content\/uploads\/2020\/03\/Vansichen_home_2020_4.png\",\"width\":260,\"height\":44,\"caption\":\"Vansichen Linear Technology\"},\"image\":{\"@id\":\"https:\/\/vansichen.be\/de\/#\/schema\/logo\/image\/\"}}]}<\/script>\n<!-- \/ Yoast SEO plugin. -->","yoast_head_json":{"title":"Vansichen-IMI Bahr: syst\u00e8mes multiaxes - Vansichen Linear Technology","description":"Vansichen d\u00e9veloppe avec IMI Bahr des syst\u00e8mes multiaxes pour ses clients. Une combinaison d\u2019acier et d\u2019aluminium est id\u00e9ale.","robots":{"index":"index","follow":"follow","max-snippet":"max-snippet:-1","max-image-preview":"max-image-preview:large","max-video-preview":"max-video-preview:-1"},"canonical":"https:\/\/vansichen.be\/fr\/systemes-lineaires\/systemes-multiaxes\/vansichen-bahr-systemes-multiaxes\/","og_locale":"fr_FR","og_type":"article","og_title":"Vansichen-IMI Bahr: syst\u00e8mes multiaxes - Vansichen Linear Technology","og_description":"Vansichen d\u00e9veloppe avec IMI Bahr des syst\u00e8mes multiaxes pour ses clients. Une combinaison d\u2019acier et d\u2019aluminium est id\u00e9ale.","og_url":"https:\/\/vansichen.be\/fr\/systemes-lineaires\/systemes-multiaxes\/vansichen-bahr-systemes-multiaxes\/","og_site_name":"Vansichen Linear Technology","article_modified_time":"2024-09-12T10:13:01+00:00","twitter_card":"summary_large_image","twitter_misc":{"Dur\u00e9e de lecture estim\u00e9e":"2 minutes"},"schema":{"@context":"https:\/\/schema.org","@graph":[{"@type":"WebPage","@id":"https:\/\/vansichen.be\/fr\/systemes-lineaires\/systemes-multiaxes\/vansichen-bahr-systemes-multiaxes\/","url":"https:\/\/vansichen.be\/fr\/systemes-lineaires\/systemes-multiaxes\/vansichen-bahr-systemes-multiaxes\/","name":"Vansichen-IMI Bahr: syst\u00e8mes multiaxes - Vansichen Linear Technology","isPartOf":{"@id":"https:\/\/vansichen.be\/de\/#website"},"datePublished":"2020-05-12T10:23:03+00:00","dateModified":"2024-09-12T10:13:01+00:00","description":"Vansichen d\u00e9veloppe avec IMI Bahr des syst\u00e8mes multiaxes pour ses clients. Une combinaison d\u2019acier et d\u2019aluminium est id\u00e9ale.","breadcrumb":{"@id":"https:\/\/vansichen.be\/fr\/systemes-lineaires\/systemes-multiaxes\/vansichen-bahr-systemes-multiaxes\/#breadcrumb"},"inLanguage":"fr-FR","potentialAction":[{"@type":"ReadAction","target":["https:\/\/vansichen.be\/fr\/systemes-lineaires\/systemes-multiaxes\/vansichen-bahr-systemes-multiaxes\/"]}]},{"@type":"BreadcrumbList","@id":"https:\/\/vansichen.be\/fr\/systemes-lineaires\/systemes-multiaxes\/vansichen-bahr-systemes-multiaxes\/#breadcrumb","itemListElement":[{"@type":"ListItem","position":1,"name":"Home","item":"https:\/\/vansichen.be\/fr\/"},{"@type":"ListItem","position":2,"name":"Syst\u00e8mes lin\u00e9aires","item":"https:\/\/vansichen.be\/fr\/systemes-lineaires\/"},{"@type":"ListItem","position":3,"name":"Syst\u00e8mes multiaxes","item":"https:\/\/vansichen.be\/fr\/systemes-lineaires\/systemes-multiaxes\/"},{"@type":"ListItem","position":4,"name":"Vansichen-IMI Bahr: syst\u00e8mes multiaxes"}]},{"@type":"WebSite","@id":"https:\/\/vansichen.be\/de\/#website","url":"https:\/\/vansichen.be\/de\/","name":"Vansichen Linear Technology","description":"","publisher":{"@id":"https:\/\/vansichen.be\/de\/#organization"},"potentialAction":[{"@type":"SearchAction","target":{"@type":"EntryPoint","urlTemplate":"https:\/\/vansichen.be\/de\/?s={search_term_string}"},"query-input":{"@type":"PropertyValueSpecification","valueRequired":true,"valueName":"search_term_string"}}],"inLanguage":"fr-FR"},{"@type":"Organization","@id":"https:\/\/vansichen.be\/de\/#organization","name":"Vansichen Linear Technology","url":"https:\/\/vansichen.be\/de\/","logo":{"@type":"ImageObject","inLanguage":"fr-FR","@id":"https:\/\/vansichen.be\/de\/#\/schema\/logo\/image\/","url":"https:\/\/vansichen.be\/wp-content\/uploads\/2020\/03\/Vansichen_home_2020_4.png","contentUrl":"https:\/\/vansichen.be\/wp-content\/uploads\/2020\/03\/Vansichen_home_2020_4.png","width":260,"height":44,"caption":"Vansichen Linear Technology"},"image":{"@id":"https:\/\/vansichen.be\/de\/#\/schema\/logo\/image\/"}}]}},"_links":{"self":[{"href":"https:\/\/vansichen.be\/fr\/wp-json\/wp\/v2\/pages\/4687","targetHints":{"allow":["GET"]}}],"collection":[{"href":"https:\/\/vansichen.be\/fr\/wp-json\/wp\/v2\/pages"}],"about":[{"href":"https:\/\/vansichen.be\/fr\/wp-json\/wp\/v2\/types\/page"}],"author":[{"embeddable":true,"href":"https:\/\/vansichen.be\/fr\/wp-json\/wp\/v2\/users\/4"}],"replies":[{"embeddable":true,"href":"https:\/\/vansichen.be\/fr\/wp-json\/wp\/v2\/comments?post=4687"}],"version-history":[{"count":5,"href":"https:\/\/vansichen.be\/fr\/wp-json\/wp\/v2\/pages\/4687\/revisions"}],"predecessor-version":[{"id":17825,"href":"https:\/\/vansichen.be\/fr\/wp-json\/wp\/v2\/pages\/4687\/revisions\/17825"}],"up":[{"embeddable":true,"href":"https:\/\/vansichen.be\/fr\/wp-json\/wp\/v2\/pages\/4671"}],"wp:attachment":[{"href":"https:\/\/vansichen.be\/fr\/wp-json\/wp\/v2\/media?parent=4687"}],"curies":[{"name":"wp","href":"https:\/\/api.w.org\/{rel}","templated":true}]}}