{"id":8725,"date":"2020-06-07T15:52:26","date_gmt":"2020-06-07T15:52:26","guid":{"rendered":"https:\/\/vansichen.be\/?page_id=8725"},"modified":"2024-12-02T13:01:18","modified_gmt":"2024-12-02T13:01:18","slug":"vis-a-billes-planetaires","status":"publish","type":"page","link":"https:\/\/vansichen.be\/fr\/composants-lineaires-standard\/elements-dentrainement\/vis-a-billes-planetaires\/","title":{"rendered":"Vis \u00e0 billes plan\u00e9taires"},"content":{"rendered":"<div class=\"wpb-content-wrapper\"><p>[vc_row][vc_column][vc_custom_heading text=\u00a0\u00bbVIS \u00c0 BILLES PLAN\u00c9TAIRES\u00a0\u00bb font_container=\u00a0\u00bbtag:h1|font_size:53px|text_align:left|color:%23e6007e\u00a0\u00bb google_fonts=\u00a0\u00bbfont_family:Source%20Sans%20Pro%3A200%2C200italic%2C300%2C300italic%2Cregular%2Citalic%2C600%2C600italic%2C700%2C700italic%2C900%2C900italic|font_style:900%20bold%20regular%3A900%3Anormal\u00a0\u00bb][vc_column_text css=\u00a0\u00bb\u00a0\u00bb]Les vis \u00e0 billes plan\u00e9taires ou le syst\u00e8me de vis \u00e0 billes plan\u00e9taires comprennent une vis tourbillonn\u00e9e ou rectifi\u00e9e avec un \u00e9crou dot\u00e9 de galets de support. La g\u00e9om\u00e9trie triangulaire sp\u00e9ciale du filet est une particularit\u00e9 de ce syst\u00e8me. La forme de la surface de contact et le grand nombre de plan\u00e9taires permettent d&rsquo;obtenir de tr\u00e8s grandes capacit\u00e9s de charge. Les applications r\u00e9sident notamment dans le secteur des presses. En remplacement des v\u00e9rins hydrauliques et d&rsquo;autres applications industrielles impliquant de fortes charges. La vis est disponible en diam\u00e8tre de 16 \u00e0 100 mm, avec un pas de 5 \u00e0 15 mm. La vis peut \u00eatre fabriqu\u00e9e jusqu&rsquo;\u00e0 une longueur de 5 500 mm. Et ce, dans diff\u00e9rentes classes de pr\u00e9cision.[\/vc_column_text][vc_gallery type=\u00a0\u00bbimage_grid\u00a0\u00bb images=\u00a0\u00bb8903&Prime; img_size=\u00a0\u00bbfull\u00a0\u00bb el_class=\u00a0\u00bbhover-gallery\u00a0\u00bb][\/vc_column][\/vc_row][vc_row][vc_column width=\u00a0\u00bb2\/3&Prime;][vc_column_text css=\u00a0\u00bb\u00a0\u00bb]<\/p>\n<h4 style=\"font-size: 20px;\"><span style=\"color: #e6007e;\"><strong>SP\u00c9CIFICATIONS<\/strong><\/span><\/h4>\n<ul>\n<li>Dimensions \u00e0 la demande<\/li>\n<li>Diam\u00e8tre de 16-100 mm<\/li>\n<li>Pas de 5-15 mm<\/li>\n<li>Longueur de filet jusqu\u2019\u00e0 5500 mm<\/li>\n<li>Pr\u00e9cisions: G5: 23 \u03bcm\/300 mm | G7: 52 \u03bcm\/300 mm<\/li>\n<\/ul>\n<p>[\/vc_column_text][vc_custom_heading text=\u00a0\u00bbPARTENAIRE\u00a0\u00bb font_container=\u00a0\u00bbtag:h2|font_size:20px|text_align:left|color:%23e6007e\u00a0\u00bb google_fonts=\u00a0\u00bbfont_family:Source%20Sans%20Pro%3A200%2C200italic%2C300%2C300italic%2Cregular%2Citalic%2C600%2C600italic%2C700%2C700italic%2C900%2C900italic|font_style:900%20bold%20regular%3A900%3Anormal\u00a0\u00bb][vc_row_inner el_class=\u00a0\u00bbpartners\u00a0\u00bb][vc_column_inner width=\u00a0\u00bb1\/3&Prime;][vc_single_image image=\u00a0\u00bb8827&Prime; img_size=\u00a0\u00bbfull\u00a0\u00bb onclick=\u00a0\u00bbcustom_link\u00a0\u00bb img_link_target=\u00a0\u00bb_blank\u00a0\u00bb link=\u00a0\u00bbhttps:\/\/ltk.de\/\u00a0\u00bb][\/vc_column_inner][vc_column_inner width=\u00a0\u00bb1\/3&Prime;][\/vc_column_inner][vc_column_inner width=\u00a0\u00bb1\/3&Prime;][\/vc_column_inner][\/vc_row_inner][vc_custom_heading text=\u00a0\u00bbDOWNLOADS\u00a0\u00bb font_container=\u00a0\u00bbtag:h2|font_size:20px|text_align:left|color:%23e6007e\u00a0\u00bb google_fonts=\u00a0\u00bbfont_family:Source%20Sans%20Pro%3A200%2C200italic%2C300%2C300italic%2Cregular%2Citalic%2C600%2C600italic%2C700%2C700italic%2C900%2C900italic|font_style:900%20bold%20regular%3A900%3Anormal\u00a0\u00bb][vc_column_text]<a href=\"\/wp-content\/uploads\/2023\/06\/Planeetrolspindels-CC-2023.pdf\" target=\"_blank\" rel=\"noopener noreferrer\">Catalogue Compact Vansichen &#8211; vis \u00e0 billes plan\u00e9taires<\/a><span style=\"color: #e6007e;\"><br \/>\n<\/span>[\/vc_column_text][\/vc_column][vc_column width=\u00a0\u00bb1\/3&Prime;][vc_widget_sidebar sidebar_id=\u00a0\u00bbtop-area-1&Prime;][\/vc_column][\/vc_row]<\/p>\n<\/div>","protected":false},"excerpt":{"rendered":"<p>[vc_row][vc_column][vc_custom_heading text=\u00a0\u00bbVIS \u00c0 BILLES PLAN\u00c9TAIRES\u00a0\u00bb font_container=\u00a0\u00bbtag:h1|font_size:53px|text_align:left|color:%23e6007e\u00a0\u00bb google_fonts=\u00a0\u00bbfont_family:Source%20Sans%20Pro%3A200%2C200italic%2C300%2C300italic%2Cregular%2Citalic%2C600%2C600italic%2C700%2C700italic%2C900%2C900italic|font_style:900%20bold%20regular%3A900%3Anormal\u00a0\u00bb][vc_column_text css=\u00a0\u00bb\u00a0\u00bb]Les vis \u00e0 billes plan\u00e9taires ou le syst\u00e8me de vis \u00e0 billes plan\u00e9taires<span class=\"excerpt-hellip\"> [\u2026]<\/span><\/p>\n","protected":false},"author":4,"featured_media":0,"parent":2546,"menu_order":0,"comment_status":"closed","ping_status":"closed","template":"","meta":{"inline_featured_image":false,"footnotes":""},"class_list":["post-8725","page","type-page","status-publish","hentry"],"yoast_head":"<!-- This site is optimized with the Yoast SEO plugin v26.8 - https:\/\/yoast.com\/product\/yoast-seo-wordpress\/ -->\n<title>Vis \u00e0 billes plan\u00e9taires - Vansichen Linear Technology<\/title>\n<meta name=\"description\" content=\"Les vis \u00e0 billes plan\u00e9taires comprennent une vis tourbillonn\u00e9e ou rectifi\u00e9e avec un \u00e9crou dot\u00e9 de galets de support. Lisez la suite ici !\" \/>\n<meta name=\"robots\" content=\"index, follow, max-snippet:-1, max-image-preview:large, max-video-preview:-1\" \/>\n<link rel=\"canonical\" href=\"https:\/\/vansichen.be\/fr\/composants-lineaires-standard\/elements-dentrainement\/vis-a-billes-planetaires\/\" \/>\n<meta property=\"og:locale\" content=\"fr_FR\" \/>\n<meta property=\"og:type\" content=\"article\" \/>\n<meta property=\"og:title\" content=\"Vis \u00e0 billes plan\u00e9taires - Vansichen Linear Technology\" \/>\n<meta property=\"og:description\" content=\"Les vis \u00e0 billes plan\u00e9taires comprennent une vis tourbillonn\u00e9e ou rectifi\u00e9e avec un \u00e9crou dot\u00e9 de galets de support. Lisez la suite ici !\" \/>\n<meta property=\"og:url\" content=\"https:\/\/vansichen.be\/fr\/composants-lineaires-standard\/elements-dentrainement\/vis-a-billes-planetaires\/\" \/>\n<meta property=\"og:site_name\" content=\"Vansichen Linear Technology\" \/>\n<meta property=\"article:modified_time\" content=\"2024-12-02T13:01:18+00:00\" \/>\n<meta name=\"twitter:card\" content=\"summary_large_image\" \/>\n<meta name=\"twitter:label1\" content=\"Dur\u00e9e de lecture estim\u00e9e\" \/>\n\t<meta name=\"twitter:data1\" content=\"2 minutes\" \/>\n<script type=\"application\/ld+json\" class=\"yoast-schema-graph\">{\"@context\":\"https:\/\/schema.org\",\"@graph\":[{\"@type\":\"WebPage\",\"@id\":\"https:\/\/vansichen.be\/fr\/composants-lineaires-standard\/elements-dentrainement\/vis-a-billes-planetaires\/\",\"url\":\"https:\/\/vansichen.be\/fr\/composants-lineaires-standard\/elements-dentrainement\/vis-a-billes-planetaires\/\",\"name\":\"Vis \u00e0 billes plan\u00e9taires - Vansichen Linear Technology\",\"isPartOf\":{\"@id\":\"https:\/\/vansichen.be\/de\/#website\"},\"datePublished\":\"2020-06-07T15:52:26+00:00\",\"dateModified\":\"2024-12-02T13:01:18+00:00\",\"description\":\"Les vis \u00e0 billes plan\u00e9taires comprennent une vis tourbillonn\u00e9e ou rectifi\u00e9e avec un \u00e9crou dot\u00e9 de galets de support. Lisez la suite ici !\",\"breadcrumb\":{\"@id\":\"https:\/\/vansichen.be\/fr\/composants-lineaires-standard\/elements-dentrainement\/vis-a-billes-planetaires\/#breadcrumb\"},\"inLanguage\":\"fr-FR\",\"potentialAction\":[{\"@type\":\"ReadAction\",\"target\":[\"https:\/\/vansichen.be\/fr\/composants-lineaires-standard\/elements-dentrainement\/vis-a-billes-planetaires\/\"]}]},{\"@type\":\"BreadcrumbList\",\"@id\":\"https:\/\/vansichen.be\/fr\/composants-lineaires-standard\/elements-dentrainement\/vis-a-billes-planetaires\/#breadcrumb\",\"itemListElement\":[{\"@type\":\"ListItem\",\"position\":1,\"name\":\"Home\",\"item\":\"https:\/\/vansichen.be\/fr\/\"},{\"@type\":\"ListItem\",\"position\":2,\"name\":\"Composants lin\u00e9aires standard\",\"item\":\"https:\/\/vansichen.be\/fr\/composants-lineaires-standard\/\"},{\"@type\":\"ListItem\",\"position\":3,\"name\":\"\u00c9l\u00e9ments d&#8217;entra\u00eenement\",\"item\":\"https:\/\/vansichen.be\/fr\/composants-lineaires-standard\/elements-dentrainement\/\"},{\"@type\":\"ListItem\",\"position\":4,\"name\":\"Vis \u00e0 billes plan\u00e9taires\"}]},{\"@type\":\"WebSite\",\"@id\":\"https:\/\/vansichen.be\/de\/#website\",\"url\":\"https:\/\/vansichen.be\/de\/\",\"name\":\"Vansichen Linear Technology\",\"description\":\"\",\"publisher\":{\"@id\":\"https:\/\/vansichen.be\/de\/#organization\"},\"potentialAction\":[{\"@type\":\"SearchAction\",\"target\":{\"@type\":\"EntryPoint\",\"urlTemplate\":\"https:\/\/vansichen.be\/de\/?s={search_term_string}\"},\"query-input\":{\"@type\":\"PropertyValueSpecification\",\"valueRequired\":true,\"valueName\":\"search_term_string\"}}],\"inLanguage\":\"fr-FR\"},{\"@type\":\"Organization\",\"@id\":\"https:\/\/vansichen.be\/de\/#organization\",\"name\":\"Vansichen Linear Technology\",\"url\":\"https:\/\/vansichen.be\/de\/\",\"logo\":{\"@type\":\"ImageObject\",\"inLanguage\":\"fr-FR\",\"@id\":\"https:\/\/vansichen.be\/de\/#\/schema\/logo\/image\/\",\"url\":\"https:\/\/vansichen.be\/wp-content\/uploads\/2020\/03\/Vansichen_home_2020_4.png\",\"contentUrl\":\"https:\/\/vansichen.be\/wp-content\/uploads\/2020\/03\/Vansichen_home_2020_4.png\",\"width\":260,\"height\":44,\"caption\":\"Vansichen Linear Technology\"},\"image\":{\"@id\":\"https:\/\/vansichen.be\/de\/#\/schema\/logo\/image\/\"}}]}<\/script>\n<!-- \/ Yoast SEO plugin. -->","yoast_head_json":{"title":"Vis \u00e0 billes plan\u00e9taires - Vansichen Linear Technology","description":"Les vis \u00e0 billes plan\u00e9taires comprennent une vis tourbillonn\u00e9e ou rectifi\u00e9e avec un \u00e9crou dot\u00e9 de galets de support. Lisez la suite ici !","robots":{"index":"index","follow":"follow","max-snippet":"max-snippet:-1","max-image-preview":"max-image-preview:large","max-video-preview":"max-video-preview:-1"},"canonical":"https:\/\/vansichen.be\/fr\/composants-lineaires-standard\/elements-dentrainement\/vis-a-billes-planetaires\/","og_locale":"fr_FR","og_type":"article","og_title":"Vis \u00e0 billes plan\u00e9taires - Vansichen Linear Technology","og_description":"Les vis \u00e0 billes plan\u00e9taires comprennent une vis tourbillonn\u00e9e ou rectifi\u00e9e avec un \u00e9crou dot\u00e9 de galets de support. Lisez la suite ici !","og_url":"https:\/\/vansichen.be\/fr\/composants-lineaires-standard\/elements-dentrainement\/vis-a-billes-planetaires\/","og_site_name":"Vansichen Linear Technology","article_modified_time":"2024-12-02T13:01:18+00:00","twitter_card":"summary_large_image","twitter_misc":{"Dur\u00e9e de lecture estim\u00e9e":"2 minutes"},"schema":{"@context":"https:\/\/schema.org","@graph":[{"@type":"WebPage","@id":"https:\/\/vansichen.be\/fr\/composants-lineaires-standard\/elements-dentrainement\/vis-a-billes-planetaires\/","url":"https:\/\/vansichen.be\/fr\/composants-lineaires-standard\/elements-dentrainement\/vis-a-billes-planetaires\/","name":"Vis \u00e0 billes plan\u00e9taires - Vansichen Linear Technology","isPartOf":{"@id":"https:\/\/vansichen.be\/de\/#website"},"datePublished":"2020-06-07T15:52:26+00:00","dateModified":"2024-12-02T13:01:18+00:00","description":"Les vis \u00e0 billes plan\u00e9taires comprennent une vis tourbillonn\u00e9e ou rectifi\u00e9e avec un \u00e9crou dot\u00e9 de galets de support. Lisez la suite ici !","breadcrumb":{"@id":"https:\/\/vansichen.be\/fr\/composants-lineaires-standard\/elements-dentrainement\/vis-a-billes-planetaires\/#breadcrumb"},"inLanguage":"fr-FR","potentialAction":[{"@type":"ReadAction","target":["https:\/\/vansichen.be\/fr\/composants-lineaires-standard\/elements-dentrainement\/vis-a-billes-planetaires\/"]}]},{"@type":"BreadcrumbList","@id":"https:\/\/vansichen.be\/fr\/composants-lineaires-standard\/elements-dentrainement\/vis-a-billes-planetaires\/#breadcrumb","itemListElement":[{"@type":"ListItem","position":1,"name":"Home","item":"https:\/\/vansichen.be\/fr\/"},{"@type":"ListItem","position":2,"name":"Composants lin\u00e9aires standard","item":"https:\/\/vansichen.be\/fr\/composants-lineaires-standard\/"},{"@type":"ListItem","position":3,"name":"\u00c9l\u00e9ments d&#8217;entra\u00eenement","item":"https:\/\/vansichen.be\/fr\/composants-lineaires-standard\/elements-dentrainement\/"},{"@type":"ListItem","position":4,"name":"Vis \u00e0 billes plan\u00e9taires"}]},{"@type":"WebSite","@id":"https:\/\/vansichen.be\/de\/#website","url":"https:\/\/vansichen.be\/de\/","name":"Vansichen Linear Technology","description":"","publisher":{"@id":"https:\/\/vansichen.be\/de\/#organization"},"potentialAction":[{"@type":"SearchAction","target":{"@type":"EntryPoint","urlTemplate":"https:\/\/vansichen.be\/de\/?s={search_term_string}"},"query-input":{"@type":"PropertyValueSpecification","valueRequired":true,"valueName":"search_term_string"}}],"inLanguage":"fr-FR"},{"@type":"Organization","@id":"https:\/\/vansichen.be\/de\/#organization","name":"Vansichen Linear Technology","url":"https:\/\/vansichen.be\/de\/","logo":{"@type":"ImageObject","inLanguage":"fr-FR","@id":"https:\/\/vansichen.be\/de\/#\/schema\/logo\/image\/","url":"https:\/\/vansichen.be\/wp-content\/uploads\/2020\/03\/Vansichen_home_2020_4.png","contentUrl":"https:\/\/vansichen.be\/wp-content\/uploads\/2020\/03\/Vansichen_home_2020_4.png","width":260,"height":44,"caption":"Vansichen Linear Technology"},"image":{"@id":"https:\/\/vansichen.be\/de\/#\/schema\/logo\/image\/"}}]}},"_links":{"self":[{"href":"https:\/\/vansichen.be\/fr\/wp-json\/wp\/v2\/pages\/8725","targetHints":{"allow":["GET"]}}],"collection":[{"href":"https:\/\/vansichen.be\/fr\/wp-json\/wp\/v2\/pages"}],"about":[{"href":"https:\/\/vansichen.be\/fr\/wp-json\/wp\/v2\/types\/page"}],"author":[{"embeddable":true,"href":"https:\/\/vansichen.be\/fr\/wp-json\/wp\/v2\/users\/4"}],"replies":[{"embeddable":true,"href":"https:\/\/vansichen.be\/fr\/wp-json\/wp\/v2\/comments?post=8725"}],"version-history":[{"count":5,"href":"https:\/\/vansichen.be\/fr\/wp-json\/wp\/v2\/pages\/8725\/revisions"}],"predecessor-version":[{"id":18312,"href":"https:\/\/vansichen.be\/fr\/wp-json\/wp\/v2\/pages\/8725\/revisions\/18312"}],"up":[{"embeddable":true,"href":"https:\/\/vansichen.be\/fr\/wp-json\/wp\/v2\/pages\/2546"}],"wp:attachment":[{"href":"https:\/\/vansichen.be\/fr\/wp-json\/wp\/v2\/media?parent=8725"}],"curies":[{"name":"wp","href":"https:\/\/api.w.org\/{rel}","templated":true}]}}